{"id":8164,"date":"2024-10-06T11:40:11","date_gmt":"2024-10-06T11:40:11","guid":{"rendered":"https:\/\/megapets.eu\/nem-kategorizalt\/archachatina-marginata-marginata-1-tipus-p14-hez\/"},"modified":"2024-10-06T11:40:11","modified_gmt":"2024-10-06T11:40:11","slug":"archachatina-marginata-marginata-1-tipus-p14-hez","status":"publish","type":"product","link":"https:\/\/megapets.eu\/hu\/csigak\/archachatina-marginata-marginata-1-tipus-p14-hez\/","title":{"rendered":"Archachatina marginata marginata<br \/> 1. t\u00edpus \/ P14-hez"},"content":{"rendered":"<p style=\"text-align: left;\"><span style=\"color: #424242; font-size: 15px;\"><em><span style=\"color: #000000;\"><strong>Faj:<\/strong><\/span><\/em><span style=\"color: #000000;\"><em> Archachatina marginata marginata (Swainson, 1821)<\/em><\/span><em><strong><span style=\"color: #000000;\"> Speci\u00e1lis vonaljel\u00f6l\u00e9s:<\/span><\/strong><\/em><em><span style=\"color: #000000;\"> &quot;1-es t\u00edpus&quot; <\/span><\/em><em><\/em><\/span><\/p>\n<p style=\"text-align: left;\"><span style=\"font-size: 15px;\"><strong><span style=\"color: #000000;\"><em><span style=\"color: #008000;\"><span style=\"color: #424242;\"><img decoding=\"async\" src=\"https:\/\/static.xx.fbcdn.net\/images\/emoji.php\/v9\/tb4\/1\/16\/2b50.png\" alt=\"\u2b50\ufe0f\" \/><\/span><\/span><\/em><\/span><\/strong><span style=\"color: #000000;\"><em> Nem rokon sz\u00fcl\u0151p\u00e1rt\u00f3l sz\u00e1rmaz\u00f3 fiatal p\u00e9ld\u00e1nyokat k\u00edn\u00e1lnak. A megfelel\u0151 partnerek folyamatos kiv\u00e1laszt\u00e1s\u00e1nak \u00e9s a gener\u00e1ci\u00f3r\u00f3l gener\u00e1ci\u00f3ra t\u00f6rt\u00e9n\u0151 p\u00e1ros\u00edt\u00e1snak k\u00f6sz\u00f6nhet\u0151en sikeresen fenntartj\u00e1k a gy\u00f6ny\u00f6r\u0171 \u00f3ri\u00e1sok nem rokon, t\u00f6rzsk\u00f6nyves teny\u00e9szvonalait.<\/em><\/span><\/span><\/p>\n<p style=\"text-align: left;\"><span style=\"font-size: 15px;\"><span style=\"color: #000000;\"><em><span style=\"color: #008000;\"><span style=\"color: #424242;\"><img decoding=\"async\" src=\"https:\/\/static.xx.fbcdn.net\/images\/emoji.php\/v9\/t0\/1\/16\/1f5a4.png\" alt=\"\ud83d\udda4\" \/> A gy\u00f6ny\u00f6r\u0171 \u00f3ri\u00e1scsig\u00e1k, az Archachatina marginata marginata massz\u00edvan \u00e9s leny\u0171g\u00f6z\u0151en mutatnak, csod\u00e1latot keltve. F\u0151 el\u0151ny\u00fck a s\u00f6t\u00e9t, feket\u00e9s-sz\u00fcrke vagy feket\u00e9sbarna test\u00fck \u00e9s a hatalmas p\u00e1nc\u00e9ljuk. Archachatina marginata marginata<span style=\"color: #424242; font-size: 15px;\"> &quot;1-es t\u00edpus&quot;<\/span> Kiv\u00e9telesen fekete cs\u00e1pjaik \u00e9s szinte koromfekete fej\u00fck jellemzi \u0151ket. A fekete sz\u00ednezet t\u00fals\u00falya szinte g\u00f3tikus st\u00edlust k\u00f6lcs\u00f6n\u00f6z nekik. <\/span><\/span><\/em><\/span><\/span><\/p>\n<p style=\"text-align: left;\"><span style=\"color: #000000; font-size: 15px;\"><em><span class=\"x1xsqp64 xiy17q3 x1o6pynw x19co3pv xdj266r xcwd3tp xat24cr x39eecv x2b8uid\" data-testid=\"emoji\"><span class=\"xexx8yu xn5pp95 x18d9i69 x2fxd7x x3jgonx x1bhl96m\"><img loading=\"lazy\" decoding=\"async\" class=\"\" src=\"https:\/\/static.xx.fbcdn.net\/images\/emoji.php\/v9\/t66\/1\/32\/1f4cc.png\" alt=\"\ud83d\udccc\" width=\"18\" height=\"18\" \/> Ennek a fajnak a h\u00e9jm\u00e9rete jellemz\u0151en meglehet\u0151sen nagy, k\u00f6r\u00fclbel\u00fcl 12-14 cm. <\/span><\/span><\/em><\/span><\/p>\n<p style=\"text-align: left;\"><span style=\"color: #000000; font-size: 15px;\"><em><img loading=\"lazy\" decoding=\"async\" class=\"xz74otr\" src=\"https:\/\/static.xx.fbcdn.net\/images\/emoji.php\/v9\/t1e\/1\/16\/1f33f.png\" alt=\"\ud83c\udf3f\" width=\"18\" height=\"18\" \/><span style=\"color: #008000;\"> Az Archachatina nemzets\u00e9g legt\u00f6bb k\u00e9pvisel\u0151j\u00e9hez hasonl\u00f3an a marginata marginata is m\u00e9rs\u00e9kelten akt\u00edv, ig\u00e9nytelen \u00e9s k\u00f6nnyen tarthat\u00f3 faj.<\/span><\/em><\/span><\/p>\n","protected":false},"excerpt":{"rendered":"<ul>\n<li>C\u00e9lpont h\u00e9j m\u00e9rete:\n<ul>\n<li> kb. 12-14 cm<\/li>\n<\/ul>\n<\/li>\n<li> Egy nem rokon p\u00e1rt\u00f3l:\n<ul>\n<li> 14. oldal<\/li>\n<\/ul>\n<\/li>\n<li> Felaj\u00e1nlott fiatal p\u00e9ld\u00e1ny:\n<ul>\n<li> kb. 4-5 cm<\/li>\n<\/ul>\n<\/li>\n<li> Az \u00e1r a k\u00f6vetkez\u0151kre vonatkozik:\n<ul>\n<li> 1 db<\/li>\n<\/ul>\n<\/li>\n<\/ul>\n","protected":false},"featured_media":8167,"template":"","meta":{"_acf_changed":false,"_links_to":"","_links_to_target":""},"product_cat":[193],"product_tag":[],"class_list":{"0":"post-8164","1":"product","2":"type-product","3":"status-publish","4":"has-post-thumbnail","6":"product_cat-csigak","8":"first","9":"outofstock","10":"shipping-taxable","11":"purchasable","12":"product-type-simple"},"acf":[],"yoast_head":"<!-- This site is optimized with the Yoast SEO plugin v24.9 - https:\/\/yoast.com\/wordpress\/plugins\/seo\/ -->\n<title>Archachatina marginata marginata 1. t\u00edpus \/ P14-hez | MegaPets<\/title>\n<meta name=\"robots\" content=\"index, follow, max-snippet:-1, max-image-preview:large, max-video-preview:-1\" \/>\n<link rel=\"canonical\" href=\"https:\/\/megapets.eu\/hu\/csigak\/archachatina-marginata-marginata-1-tipus-p14-hez\/\" \/>\n<meta property=\"og:locale\" content=\"hu_HU\" \/>\n<meta property=\"og:type\" content=\"article\" \/>\n<meta property=\"og:title\" content=\"Archachatina marginata marginata 1. t\u00edpus \/ P14-hez | MegaPets\" \/>\n<meta property=\"og:description\" content=\"C\u00e9lpont h\u00e9j m\u00e9rete: kb. 12-14 cm Egy nem rokon p\u00e1rt\u00f3l: 14. oldal Felaj\u00e1nlott fiatal p\u00e9ld\u00e1ny: kb. 4-5 cm Az \u00e1r a k\u00f6vetkez\u0151kre vonatkozik: 1 db\" \/>\n<meta property=\"og:url\" content=\"https:\/\/megapets.eu\/hu\/csigak\/archachatina-marginata-marginata-1-tipus-p14-hez\/\" \/>\n<meta property=\"og:site_name\" content=\"MegaPets\" \/>\n<meta property=\"article:publisher\" content=\"https:\/\/www.facebook.com\/MegaPets.eu\/\" \/>\n<meta property=\"og:image\" content=\"https:\/\/megapets.eu\/wp-content\/uploads\/2025\/04\/Black-Pepper-28.08.2020-Ready-1024x683.png\" \/>\n\t<meta property=\"og:image:width\" content=\"1024\" \/>\n\t<meta property=\"og:image:height\" content=\"683\" \/>\n\t<meta property=\"og:image:type\" content=\"image\/png\" \/>\n<meta name=\"twitter:card\" content=\"summary_large_image\" \/>\n<meta name=\"twitter:label1\" content=\"Becs\u00fclt olvas\u00e1si id\u0151\" \/>\n\t<meta name=\"twitter:data1\" content=\"1 perc\" \/>\n<script type=\"application\/ld+json\" class=\"yoast-schema-graph\">{\"@context\":\"https:\/\/schema.org\",\"@graph\":[{\"@type\":\"WebPage\",\"@id\":\"https:\/\/megapets.eu\/hu\/csigak\/archachatina-marginata-marginata-1-tipus-p14-hez\/\",\"url\":\"https:\/\/megapets.eu\/hu\/csigak\/archachatina-marginata-marginata-1-tipus-p14-hez\/\",\"name\":\"Archachatina marginata marginata 1. t\u00edpus \/ P14-hez | MegaPets\",\"isPartOf\":{\"@id\":\"https:\/\/megapets.eu\/hu\/#website\"},\"primaryImageOfPage\":{\"@id\":\"https:\/\/megapets.eu\/hu\/csigak\/archachatina-marginata-marginata-1-tipus-p14-hez\/#primaryimage\"},\"image\":{\"@id\":\"https:\/\/megapets.eu\/hu\/csigak\/archachatina-marginata-marginata-1-tipus-p14-hez\/#primaryimage\"},\"thumbnailUrl\":\"https:\/\/megapets.eu\/wp-content\/uploads\/2025\/04\/Black-Pepper-28.08.2020-Ready.png\",\"datePublished\":\"2024-10-06T11:40:11+00:00\",\"breadcrumb\":{\"@id\":\"https:\/\/megapets.eu\/hu\/csigak\/archachatina-marginata-marginata-1-tipus-p14-hez\/#breadcrumb\"},\"inLanguage\":\"hu\",\"potentialAction\":[{\"@type\":\"ReadAction\",\"target\":[\"https:\/\/megapets.eu\/hu\/csigak\/archachatina-marginata-marginata-1-tipus-p14-hez\/\"]}]},{\"@type\":\"ImageObject\",\"inLanguage\":\"hu\",\"@id\":\"https:\/\/megapets.eu\/hu\/csigak\/archachatina-marginata-marginata-1-tipus-p14-hez\/#primaryimage\",\"url\":\"https:\/\/megapets.eu\/wp-content\/uploads\/2025\/04\/Black-Pepper-28.08.2020-Ready.png\",\"contentUrl\":\"https:\/\/megapets.eu\/wp-content\/uploads\/2025\/04\/Black-Pepper-28.08.2020-Ready.png\",\"width\":7291,\"height\":4861},{\"@type\":\"BreadcrumbList\",\"@id\":\"https:\/\/megapets.eu\/hu\/csigak\/archachatina-marginata-marginata-1-tipus-p14-hez\/#breadcrumb\",\"itemListElement\":[{\"@type\":\"ListItem\",\"position\":1,\"name\":\"Strona g\u0142\u00f3wna\",\"item\":\"https:\/\/megapets.eu\/hu\/\"},{\"@type\":\"ListItem\",\"position\":2,\"name\":\"Bolt\",\"item\":\"https:\/\/megapets.eu\/bolt\/\"},{\"@type\":\"ListItem\",\"position\":3,\"name\":\"Archachatina marginata marginata 1. t\u00edpus \/ P14-hez\"}]},{\"@type\":\"WebSite\",\"@id\":\"https:\/\/megapets.eu\/hu\/#website\",\"url\":\"https:\/\/megapets.eu\/hu\/\",\"name\":\"Mega Pets\",\"description\":\"Jedna z najwi\u0119kszych hodowli \u015blimak\u00f3w w Europie\",\"publisher\":{\"@id\":\"https:\/\/megapets.eu\/hu\/#organization\"},\"alternateName\":\"Mega Pets\",\"potentialAction\":[{\"@type\":\"SearchAction\",\"target\":{\"@type\":\"EntryPoint\",\"urlTemplate\":\"https:\/\/megapets.eu\/hu\/?s={search_term_string}\"},\"query-input\":{\"@type\":\"PropertyValueSpecification\",\"valueRequired\":true,\"valueName\":\"search_term_string\"}}],\"inLanguage\":\"hu\"},{\"@type\":\"Organization\",\"@id\":\"https:\/\/megapets.eu\/hu\/#organization\",\"name\":\"Mega Pets\",\"url\":\"https:\/\/megapets.eu\/hu\/\",\"logo\":{\"@type\":\"ImageObject\",\"inLanguage\":\"hu\",\"@id\":\"https:\/\/megapets.eu\/hu\/#\/schema\/logo\/image\/\",\"url\":\"https:\/\/megapets.eu\/wp-content\/uploads\/2025\/04\/megapets_eu-logo.png\",\"contentUrl\":\"https:\/\/megapets.eu\/wp-content\/uploads\/2025\/04\/megapets_eu-logo.png\",\"width\":2362,\"height\":2362,\"caption\":\"Mega Pets\"},\"image\":{\"@id\":\"https:\/\/megapets.eu\/hu\/#\/schema\/logo\/image\/\"},\"sameAs\":[\"https:\/\/www.facebook.com\/MegaPets.eu\/\"]}]}<\/script>\n<!-- \/ Yoast SEO plugin. -->","yoast_head_json":{"title":"Archachatina marginata marginata 1. t\u00edpus \/ P14-hez | MegaPets","robots":{"index":"index","follow":"follow","max-snippet":"max-snippet:-1","max-image-preview":"max-image-preview:large","max-video-preview":"max-video-preview:-1"},"canonical":"https:\/\/megapets.eu\/hu\/csigak\/archachatina-marginata-marginata-1-tipus-p14-hez\/","og_locale":"hu_HU","og_type":"article","og_title":"Archachatina marginata marginata 1. t\u00edpus \/ P14-hez | MegaPets","og_description":"C\u00e9lpont h\u00e9j m\u00e9rete: kb. 12-14 cm Egy nem rokon p\u00e1rt\u00f3l: 14. oldal Felaj\u00e1nlott fiatal p\u00e9ld\u00e1ny: kb. 4-5 cm Az \u00e1r a k\u00f6vetkez\u0151kre vonatkozik: 1 db","og_url":"https:\/\/megapets.eu\/hu\/csigak\/archachatina-marginata-marginata-1-tipus-p14-hez\/","og_site_name":"MegaPets","article_publisher":"https:\/\/www.facebook.com\/MegaPets.eu\/","og_image":[{"width":1024,"height":683,"url":"https:\/\/megapets.eu\/wp-content\/uploads\/2025\/04\/Black-Pepper-28.08.2020-Ready-1024x683.png","type":"image\/png"}],"twitter_card":"summary_large_image","twitter_misc":{"Becs\u00fclt olvas\u00e1si id\u0151":"1 perc"},"schema":{"@context":"https:\/\/schema.org","@graph":[{"@type":"WebPage","@id":"https:\/\/megapets.eu\/hu\/csigak\/archachatina-marginata-marginata-1-tipus-p14-hez\/","url":"https:\/\/megapets.eu\/hu\/csigak\/archachatina-marginata-marginata-1-tipus-p14-hez\/","name":"Archachatina marginata marginata 1. t\u00edpus \/ P14-hez | MegaPets","isPartOf":{"@id":"https:\/\/megapets.eu\/hu\/#website"},"primaryImageOfPage":{"@id":"https:\/\/megapets.eu\/hu\/csigak\/archachatina-marginata-marginata-1-tipus-p14-hez\/#primaryimage"},"image":{"@id":"https:\/\/megapets.eu\/hu\/csigak\/archachatina-marginata-marginata-1-tipus-p14-hez\/#primaryimage"},"thumbnailUrl":"https:\/\/megapets.eu\/wp-content\/uploads\/2025\/04\/Black-Pepper-28.08.2020-Ready.png","datePublished":"2024-10-06T11:40:11+00:00","breadcrumb":{"@id":"https:\/\/megapets.eu\/hu\/csigak\/archachatina-marginata-marginata-1-tipus-p14-hez\/#breadcrumb"},"inLanguage":"hu","potentialAction":[{"@type":"ReadAction","target":["https:\/\/megapets.eu\/hu\/csigak\/archachatina-marginata-marginata-1-tipus-p14-hez\/"]}]},{"@type":"ImageObject","inLanguage":"hu","@id":"https:\/\/megapets.eu\/hu\/csigak\/archachatina-marginata-marginata-1-tipus-p14-hez\/#primaryimage","url":"https:\/\/megapets.eu\/wp-content\/uploads\/2025\/04\/Black-Pepper-28.08.2020-Ready.png","contentUrl":"https:\/\/megapets.eu\/wp-content\/uploads\/2025\/04\/Black-Pepper-28.08.2020-Ready.png","width":7291,"height":4861},{"@type":"BreadcrumbList","@id":"https:\/\/megapets.eu\/hu\/csigak\/archachatina-marginata-marginata-1-tipus-p14-hez\/#breadcrumb","itemListElement":[{"@type":"ListItem","position":1,"name":"Strona g\u0142\u00f3wna","item":"https:\/\/megapets.eu\/hu\/"},{"@type":"ListItem","position":2,"name":"Bolt","item":"https:\/\/megapets.eu\/bolt\/"},{"@type":"ListItem","position":3,"name":"Archachatina marginata marginata 1. t\u00edpus \/ P14-hez"}]},{"@type":"WebSite","@id":"https:\/\/megapets.eu\/hu\/#website","url":"https:\/\/megapets.eu\/hu\/","name":"Mega Pets","description":"Jedna z najwi\u0119kszych hodowli \u015blimak\u00f3w w Europie","publisher":{"@id":"https:\/\/megapets.eu\/hu\/#organization"},"alternateName":"Mega Pets","potentialAction":[{"@type":"SearchAction","target":{"@type":"EntryPoint","urlTemplate":"https:\/\/megapets.eu\/hu\/?s={search_term_string}"},"query-input":{"@type":"PropertyValueSpecification","valueRequired":true,"valueName":"search_term_string"}}],"inLanguage":"hu"},{"@type":"Organization","@id":"https:\/\/megapets.eu\/hu\/#organization","name":"Mega Pets","url":"https:\/\/megapets.eu\/hu\/","logo":{"@type":"ImageObject","inLanguage":"hu","@id":"https:\/\/megapets.eu\/hu\/#\/schema\/logo\/image\/","url":"https:\/\/megapets.eu\/wp-content\/uploads\/2025\/04\/megapets_eu-logo.png","contentUrl":"https:\/\/megapets.eu\/wp-content\/uploads\/2025\/04\/megapets_eu-logo.png","width":2362,"height":2362,"caption":"Mega Pets"},"image":{"@id":"https:\/\/megapets.eu\/hu\/#\/schema\/logo\/image\/"},"sameAs":["https:\/\/www.facebook.com\/MegaPets.eu\/"]}]}},"_links":{"self":[{"href":"https:\/\/megapets.eu\/hu\/wp-json\/wp\/v2\/product\/8164","targetHints":{"allow":["GET"]}}],"collection":[{"href":"https:\/\/megapets.eu\/hu\/wp-json\/wp\/v2\/product"}],"about":[{"href":"https:\/\/megapets.eu\/hu\/wp-json\/wp\/v2\/types\/product"}],"wp:featuredmedia":[{"embeddable":true,"href":"https:\/\/megapets.eu\/hu\/wp-json\/wp\/v2\/media\/8167"}],"wp:attachment":[{"href":"https:\/\/megapets.eu\/hu\/wp-json\/wp\/v2\/media?parent=8164"}],"wp:term":[{"taxonomy":"product_cat","embeddable":true,"href":"https:\/\/megapets.eu\/hu\/wp-json\/wp\/v2\/product_cat?post=8164"},{"taxonomy":"product_tag","embeddable":true,"href":"https:\/\/megapets.eu\/hu\/wp-json\/wp\/v2\/product_tag?post=8164"}],"curies":[{"name":"wp","href":"https:\/\/api.w.org\/{rel}","templated":true}]}}