{"id":8168,"date":"2024-10-06T11:23:29","date_gmt":"2024-10-06T11:23:29","guid":{"rendered":"https:\/\/megapets.eu\/nem-kategorizalt\/lissachatina-fulica-rodatzi-albino-teste\/"},"modified":"2025-08-07T12:42:12","modified_gmt":"2025-08-07T12:42:12","slug":"lissachatina-fulica-rodatzi-albino-teste","status":"publish","type":"product","link":"https:\/\/megapets.eu\/hu\/csigak\/lissachatina-fulica-rodatzi-albino-teste\/","title":{"rendered":"Lissachatina fulica rodatzi alb\u00edn\u00f3 test"},"content":{"rendered":"<p class=\"v1v1v1v1MsoNormal\"><span style=\"color: #424242;\"><strong><em><span style=\"font-size: 15px;\"><b>Faj: Lissachatina fulica rodatzi (Dunker, 1852).<\/b><br \/>\nSz\u00ednv\u00e1ltozat: alb\u00edn\u00f3 test<\/span><\/em><\/strong><\/span><\/p>\n<p>&nbsp;<\/p>\n<p class=\"v1v1v1v1MsoNormal\"><span style=\"font-size: 15px;\"><strong><em><span style=\"color: #008000;\">\u2b50\u2b50\u2b50<span style=\"color: #424242;\">  A Lissachatina fulica faj az egyik legn\u00e9pszer\u0171bb \u00e9s legismertebb afrikai csiga a kezd\u0151k k\u00f6r\u00e9ben. Ez a faj akt\u00edv \u00e9s ellen\u00e1ll a teny\u00e9szt\u00e9si hib\u00e1knak. Emiatt gyakran aj\u00e1nlj\u00e1k az els\u0151 fajnak, amellyel \u00e9rdemes csig\u00e1kkal kezdeni a kalandot. A Lissachatina fulica rodatzi meglehet\u0151sen gyorsan n\u00f6vekszik, e faj feln\u0151tt p\u00e9ld\u00e1ny\u00e1nak h\u00e9j\u00e1nak m\u00e9rete k\u00f6r\u00fclbel\u00fcl 12-15 cm.      <\/span><\/span><\/em><\/strong><\/span><\/p>\n<p>&nbsp;<\/p>\n<p class=\"v1v1v1v1MsoNormal\"><span style=\"font-size: 15px;\"><strong><em><span style=\"color: #008000;\"><img decoding=\"async\" src=\"https:\/\/static.xx.fbcdn.net\/images\/emoji.php\/v9\/tbe\/1\/16\/1f3c6.png\" alt=\"\ud83c\udfc6\"><span style=\"color: #e36a19;\">  Minden k\u00f6ly\u00f6kkutya j\u00f3l ismert, bejegyzett teny\u00e9szt\u00e9s\u00fcnkb\u0151l sz\u00e1rmazik, \u00edgy ismert forr\u00e1sb\u00f3l v\u00e1s\u00e1rol, ahol megfelel\u0151en gondozzuk a csig\u00e1kat \u00e9s gondosan figyelemmel k\u00eds\u00e9rj\u00fck mindegyik\u00fck fejl\u0151d\u00e9s\u00e9t.<\/span><\/span><\/em><\/strong><\/span><\/p>\n<p>&nbsp;<\/p>\n<p class=\"v1v1v1v1MsoNormal\"><span style=\"font-size: 15px; color: #424242;\"><strong><em>Mint tudj\u00e1k, a m\u0171anyag tart\u00e1lyok a csigateny\u00e9szt\u00e9sben m\u0171k\u00f6dnek a legjobban. Az \u00e1ltalunk k\u00e9sz\u00edtett kont\u00e9nerek t\u00f6k\u00e9letesen alkalmasak a csigah\u00e9j \u00faj, sz\u00e9p n\u00f6veked\u00e9s\u00e9nek kialakul\u00e1s\u00e1ra). Hogy id\u0151t takar\u00edtson meg a megrendel\u00e9s befejez\u00e9se sor\u00e1n, javasoljuk, hogy kezdje a kezd\u0151k\u00e9szlettel, amely tartalmazza az alapvet\u0151 tartoz\u00e9kokat a saj\u00e1t teny\u00e9szt\u00e9s gyors megkezd\u00e9s\u00e9hez \u00e9s utas\u00edt\u00e1sokat.  <\/em><\/strong><\/span><\/p>\n<p>&nbsp;<\/p>\n<p><span style=\"font-size: 15px;\"><strong><em><span style=\"color: #008000;\"><img loading=\"lazy\" decoding=\"async\" class=\"xz74otr\" src=\"https:\/\/static.xx.fbcdn.net\/images\/emoji.php\/v9\/t1e\/1\/16\/1f33f.png\" alt=\"\ud83c\udf3f\" width=\"16\" height=\"16\">  Egy ilyen \u00e1llatnak csak friss, \u00e9rett z\u00f6lds\u00e9gekre \u00e9s gy\u00fcm\u00f6lcs\u00f6kre, teny\u00e9szt\u0151tart\u00e1lyra \u00e9s szubsztr\u00e1tumra van sz\u00fcks\u00e9ge (ne hagyja, hogy az aljzat kisz\u00e1radjon, permetezze be a terr\u00e1riumot 2-3 naponta). A csiga napi \u00e9trendj\u00e9b\u0151l nem hi\u00e1nyozhat a sz\u00e9p \u00e9s eg\u00e9szs\u00e9ges h\u00e9j alapvet\u0151 \u00e9p\u00edt\u0151k\u00f6ve, a t\u00f6k\u00e9letesen em\u00e9szthet\u0151 kalcium term\u00e9szetes forr\u00e1sa a toj\u00e1sh\u00e9jpor \u00e9s a sz\u00e9pia.  Az egzotikus csig\u00e1k \u00e9trendj\u00e9r\u0151l weboldalunkon t\u00e1j\u00e9koz\u00f3dhat.<\/span><\/em><\/strong><\/span><\/p>\n<p>&nbsp;<\/p>\n","protected":false},"excerpt":{"rendered":"<ul>\n<li>Egy nem rokon p\u00e1rt\u00f3l:\n<ul>\n<li>P-<\/li>\n<\/ul>\n<\/li>\n<li>C\u00e9l h\u00e9j m\u00e9rete:\n<ul>\n<li>kb 12-15 cm <\/li>\n<\/ul>\n<\/li>\n<li>Felaj\u00e1nlott fiatalkor\u00faak:\n<ul>\n<li>kb. 4-5 cm <\/li>\n<\/ul>\n<\/li>\n<li>Az \u00e1r a k\u00f6vetkez\u0151kre vonatkozik:\n<ul>\n<li>1 darab<\/li>\n<\/ul>\n<\/li>\n<\/ul>\n","protected":false},"featured_media":8169,"template":"","meta":{"_acf_changed":false,"_links_to":"","_links_to_target":""},"product_cat":[193],"product_tag":[],"class_list":{"0":"post-8168","1":"product","2":"type-product","3":"status-publish","4":"has-post-thumbnail","6":"product_cat-csigak","8":"first","9":"outofstock","10":"shipping-taxable","11":"purchasable","12":"product-type-simple"},"acf":[],"yoast_head":"<!-- This site is optimized with the Yoast SEO plugin v24.9 - https:\/\/yoast.com\/wordpress\/plugins\/seo\/ -->\n<title>Lissachatina fulica rodatzi alb\u00edn\u00f3 test | MegaPets<\/title>\n<meta name=\"robots\" content=\"index, follow, max-snippet:-1, max-image-preview:large, max-video-preview:-1\" \/>\n<link rel=\"canonical\" href=\"https:\/\/megapets.eu\/hu\/csigak\/lissachatina-fulica-rodatzi-albino-teste\/\" \/>\n<meta property=\"og:locale\" content=\"hu_HU\" \/>\n<meta property=\"og:type\" content=\"article\" \/>\n<meta property=\"og:title\" content=\"Lissachatina fulica rodatzi alb\u00edn\u00f3 test | MegaPets\" \/>\n<meta property=\"og:description\" content=\"Egy nem rokon p\u00e1rt\u00f3l:  P-   C\u00e9l h\u00e9j m\u00e9rete:  kb 12-15 cm   Felaj\u00e1nlott fiatalkor\u00faak:  kb. 4-5 cm   Az \u00e1r a k\u00f6vetkez\u0151kre vonatkozik:  1 darab\" \/>\n<meta property=\"og:url\" content=\"https:\/\/megapets.eu\/hu\/csigak\/lissachatina-fulica-rodatzi-albino-teste\/\" \/>\n<meta property=\"og:site_name\" content=\"MegaPets\" \/>\n<meta property=\"article:publisher\" content=\"https:\/\/www.facebook.com\/MegaPets.eu\/\" \/>\n<meta property=\"article:modified_time\" content=\"2025-08-07T12:42:12+00:00\" \/>\n<meta property=\"og:image\" content=\"https:\/\/megapets.eu\/wp-content\/uploads\/2024\/10\/1111.png\" \/>\n\t<meta property=\"og:image:width\" content=\"1047\" \/>\n\t<meta property=\"og:image:height\" content=\"689\" \/>\n\t<meta property=\"og:image:type\" content=\"image\/png\" \/>\n<meta name=\"twitter:card\" content=\"summary_large_image\" \/>\n<meta name=\"twitter:label1\" content=\"Becs\u00fclt olvas\u00e1si id\u0151\" \/>\n\t<meta name=\"twitter:data1\" content=\"2 perc\" \/>\n<script type=\"application\/ld+json\" class=\"yoast-schema-graph\">{\"@context\":\"https:\/\/schema.org\",\"@graph\":[{\"@type\":\"WebPage\",\"@id\":\"https:\/\/megapets.eu\/hu\/csigak\/lissachatina-fulica-rodatzi-albino-teste\/\",\"url\":\"https:\/\/megapets.eu\/hu\/csigak\/lissachatina-fulica-rodatzi-albino-teste\/\",\"name\":\"Lissachatina fulica rodatzi alb\u00edn\u00f3 test | MegaPets\",\"isPartOf\":{\"@id\":\"https:\/\/megapets.eu\/hu\/#website\"},\"primaryImageOfPage\":{\"@id\":\"https:\/\/megapets.eu\/hu\/csigak\/lissachatina-fulica-rodatzi-albino-teste\/#primaryimage\"},\"image\":{\"@id\":\"https:\/\/megapets.eu\/hu\/csigak\/lissachatina-fulica-rodatzi-albino-teste\/#primaryimage\"},\"thumbnailUrl\":\"https:\/\/megapets.eu\/wp-content\/uploads\/2024\/10\/1111.png\",\"datePublished\":\"2024-10-06T11:23:29+00:00\",\"dateModified\":\"2025-08-07T12:42:12+00:00\",\"breadcrumb\":{\"@id\":\"https:\/\/megapets.eu\/hu\/csigak\/lissachatina-fulica-rodatzi-albino-teste\/#breadcrumb\"},\"inLanguage\":\"hu\",\"potentialAction\":[{\"@type\":\"ReadAction\",\"target\":[\"https:\/\/megapets.eu\/hu\/csigak\/lissachatina-fulica-rodatzi-albino-teste\/\"]}]},{\"@type\":\"ImageObject\",\"inLanguage\":\"hu\",\"@id\":\"https:\/\/megapets.eu\/hu\/csigak\/lissachatina-fulica-rodatzi-albino-teste\/#primaryimage\",\"url\":\"https:\/\/megapets.eu\/wp-content\/uploads\/2024\/10\/1111.png\",\"contentUrl\":\"https:\/\/megapets.eu\/wp-content\/uploads\/2024\/10\/1111.png\",\"width\":1047,\"height\":689},{\"@type\":\"BreadcrumbList\",\"@id\":\"https:\/\/megapets.eu\/hu\/csigak\/lissachatina-fulica-rodatzi-albino-teste\/#breadcrumb\",\"itemListElement\":[{\"@type\":\"ListItem\",\"position\":1,\"name\":\"Strona g\u0142\u00f3wna\",\"item\":\"https:\/\/megapets.eu\/hu\/\"},{\"@type\":\"ListItem\",\"position\":2,\"name\":\"Bolt\",\"item\":\"https:\/\/megapets.eu\/bolt\/\"},{\"@type\":\"ListItem\",\"position\":3,\"name\":\"Lissachatina fulica rodatzi alb\u00edn\u00f3 test\"}]},{\"@type\":\"WebSite\",\"@id\":\"https:\/\/megapets.eu\/hu\/#website\",\"url\":\"https:\/\/megapets.eu\/hu\/\",\"name\":\"Mega Pets\",\"description\":\"Jedna z najwi\u0119kszych hodowli \u015blimak\u00f3w w Europie\",\"publisher\":{\"@id\":\"https:\/\/megapets.eu\/hu\/#organization\"},\"alternateName\":\"Mega Pets\",\"potentialAction\":[{\"@type\":\"SearchAction\",\"target\":{\"@type\":\"EntryPoint\",\"urlTemplate\":\"https:\/\/megapets.eu\/hu\/?s={search_term_string}\"},\"query-input\":{\"@type\":\"PropertyValueSpecification\",\"valueRequired\":true,\"valueName\":\"search_term_string\"}}],\"inLanguage\":\"hu\"},{\"@type\":\"Organization\",\"@id\":\"https:\/\/megapets.eu\/hu\/#organization\",\"name\":\"Mega Pets\",\"url\":\"https:\/\/megapets.eu\/hu\/\",\"logo\":{\"@type\":\"ImageObject\",\"inLanguage\":\"hu\",\"@id\":\"https:\/\/megapets.eu\/hu\/#\/schema\/logo\/image\/\",\"url\":\"https:\/\/megapets.eu\/wp-content\/uploads\/2025\/04\/megapets_eu-logo.png\",\"contentUrl\":\"https:\/\/megapets.eu\/wp-content\/uploads\/2025\/04\/megapets_eu-logo.png\",\"width\":2362,\"height\":2362,\"caption\":\"Mega Pets\"},\"image\":{\"@id\":\"https:\/\/megapets.eu\/hu\/#\/schema\/logo\/image\/\"},\"sameAs\":[\"https:\/\/www.facebook.com\/MegaPets.eu\/\"]}]}<\/script>\n<!-- \/ Yoast SEO plugin. -->","yoast_head_json":{"title":"Lissachatina fulica rodatzi alb\u00edn\u00f3 test | MegaPets","robots":{"index":"index","follow":"follow","max-snippet":"max-snippet:-1","max-image-preview":"max-image-preview:large","max-video-preview":"max-video-preview:-1"},"canonical":"https:\/\/megapets.eu\/hu\/csigak\/lissachatina-fulica-rodatzi-albino-teste\/","og_locale":"hu_HU","og_type":"article","og_title":"Lissachatina fulica rodatzi alb\u00edn\u00f3 test | MegaPets","og_description":"Egy nem rokon p\u00e1rt\u00f3l:  P-   C\u00e9l h\u00e9j m\u00e9rete:  kb 12-15 cm   Felaj\u00e1nlott fiatalkor\u00faak:  kb. 4-5 cm   Az \u00e1r a k\u00f6vetkez\u0151kre vonatkozik:  1 darab","og_url":"https:\/\/megapets.eu\/hu\/csigak\/lissachatina-fulica-rodatzi-albino-teste\/","og_site_name":"MegaPets","article_publisher":"https:\/\/www.facebook.com\/MegaPets.eu\/","article_modified_time":"2025-08-07T12:42:12+00:00","og_image":[{"width":1047,"height":689,"url":"https:\/\/megapets.eu\/wp-content\/uploads\/2024\/10\/1111.png","type":"image\/png"}],"twitter_card":"summary_large_image","twitter_misc":{"Becs\u00fclt olvas\u00e1si id\u0151":"2 perc"},"schema":{"@context":"https:\/\/schema.org","@graph":[{"@type":"WebPage","@id":"https:\/\/megapets.eu\/hu\/csigak\/lissachatina-fulica-rodatzi-albino-teste\/","url":"https:\/\/megapets.eu\/hu\/csigak\/lissachatina-fulica-rodatzi-albino-teste\/","name":"Lissachatina fulica rodatzi alb\u00edn\u00f3 test | MegaPets","isPartOf":{"@id":"https:\/\/megapets.eu\/hu\/#website"},"primaryImageOfPage":{"@id":"https:\/\/megapets.eu\/hu\/csigak\/lissachatina-fulica-rodatzi-albino-teste\/#primaryimage"},"image":{"@id":"https:\/\/megapets.eu\/hu\/csigak\/lissachatina-fulica-rodatzi-albino-teste\/#primaryimage"},"thumbnailUrl":"https:\/\/megapets.eu\/wp-content\/uploads\/2024\/10\/1111.png","datePublished":"2024-10-06T11:23:29+00:00","dateModified":"2025-08-07T12:42:12+00:00","breadcrumb":{"@id":"https:\/\/megapets.eu\/hu\/csigak\/lissachatina-fulica-rodatzi-albino-teste\/#breadcrumb"},"inLanguage":"hu","potentialAction":[{"@type":"ReadAction","target":["https:\/\/megapets.eu\/hu\/csigak\/lissachatina-fulica-rodatzi-albino-teste\/"]}]},{"@type":"ImageObject","inLanguage":"hu","@id":"https:\/\/megapets.eu\/hu\/csigak\/lissachatina-fulica-rodatzi-albino-teste\/#primaryimage","url":"https:\/\/megapets.eu\/wp-content\/uploads\/2024\/10\/1111.png","contentUrl":"https:\/\/megapets.eu\/wp-content\/uploads\/2024\/10\/1111.png","width":1047,"height":689},{"@type":"BreadcrumbList","@id":"https:\/\/megapets.eu\/hu\/csigak\/lissachatina-fulica-rodatzi-albino-teste\/#breadcrumb","itemListElement":[{"@type":"ListItem","position":1,"name":"Strona g\u0142\u00f3wna","item":"https:\/\/megapets.eu\/hu\/"},{"@type":"ListItem","position":2,"name":"Bolt","item":"https:\/\/megapets.eu\/bolt\/"},{"@type":"ListItem","position":3,"name":"Lissachatina fulica rodatzi alb\u00edn\u00f3 test"}]},{"@type":"WebSite","@id":"https:\/\/megapets.eu\/hu\/#website","url":"https:\/\/megapets.eu\/hu\/","name":"Mega Pets","description":"Jedna z najwi\u0119kszych hodowli \u015blimak\u00f3w w Europie","publisher":{"@id":"https:\/\/megapets.eu\/hu\/#organization"},"alternateName":"Mega Pets","potentialAction":[{"@type":"SearchAction","target":{"@type":"EntryPoint","urlTemplate":"https:\/\/megapets.eu\/hu\/?s={search_term_string}"},"query-input":{"@type":"PropertyValueSpecification","valueRequired":true,"valueName":"search_term_string"}}],"inLanguage":"hu"},{"@type":"Organization","@id":"https:\/\/megapets.eu\/hu\/#organization","name":"Mega Pets","url":"https:\/\/megapets.eu\/hu\/","logo":{"@type":"ImageObject","inLanguage":"hu","@id":"https:\/\/megapets.eu\/hu\/#\/schema\/logo\/image\/","url":"https:\/\/megapets.eu\/wp-content\/uploads\/2025\/04\/megapets_eu-logo.png","contentUrl":"https:\/\/megapets.eu\/wp-content\/uploads\/2025\/04\/megapets_eu-logo.png","width":2362,"height":2362,"caption":"Mega Pets"},"image":{"@id":"https:\/\/megapets.eu\/hu\/#\/schema\/logo\/image\/"},"sameAs":["https:\/\/www.facebook.com\/MegaPets.eu\/"]}]}},"_links":{"self":[{"href":"https:\/\/megapets.eu\/hu\/wp-json\/wp\/v2\/product\/8168","targetHints":{"allow":["GET"]}}],"collection":[{"href":"https:\/\/megapets.eu\/hu\/wp-json\/wp\/v2\/product"}],"about":[{"href":"https:\/\/megapets.eu\/hu\/wp-json\/wp\/v2\/types\/product"}],"wp:featuredmedia":[{"embeddable":true,"href":"https:\/\/megapets.eu\/hu\/wp-json\/wp\/v2\/media\/8169"}],"wp:attachment":[{"href":"https:\/\/megapets.eu\/hu\/wp-json\/wp\/v2\/media?parent=8168"}],"wp:term":[{"taxonomy":"product_cat","embeddable":true,"href":"https:\/\/megapets.eu\/hu\/wp-json\/wp\/v2\/product_cat?post=8168"},{"taxonomy":"product_tag","embeddable":true,"href":"https:\/\/megapets.eu\/hu\/wp-json\/wp\/v2\/product_tag?post=8168"}],"curies":[{"name":"wp","href":"https:\/\/api.w.org\/{rel}","templated":true}]}}