{"id":8185,"date":"2024-10-04T20:40:09","date_gmt":"2024-10-04T20:40:09","guid":{"rendered":"https:\/\/megapets.eu\/nem-kategorizalt\/erdei-aljzat-15-lkrokodilok-es-viperak-tenyesztesere\/"},"modified":"2024-10-04T20:40:09","modified_gmt":"2024-10-04T20:40:09","slug":"erdei-aljzat-15-lkrokodilok-es-viperak-tenyesztesere","status":"publish","type":"product","link":"https:\/\/megapets.eu\/hu\/tartozekok\/erdei-aljzat-15-lkrokodilok-es-viperak-tenyesztesere\/","title":{"rendered":"Erdei aljzat 1,5 L<br \/>krokodilok \u00e9s viper\u00e1k teny\u00e9szt\u00e9s\u00e9re."},"content":{"rendered":"<p><strong><span style=\"color: #e87020; font-size: 15px;\"><em>Erdei aljzat 1,5 L krokodilok \u00e9s viper\u00e1k teny\u00e9szt\u00e9s\u00e9hez<\/em><\/span><\/strong><\/p>\n<p><strong><span style=\"color: #e87020; font-size: 15px;\"><em>Egy csomag 1,5 L-t tartalmaz.<\/em><\/span><\/strong><\/p>\n<p><strong><span style=\"color: #e87020; font-size: 15px;\"><em>Az \u00e1r 1 csomagra vonatkozik.<\/em><\/span><\/strong><\/p>\n<p><em><span style=\"color: #424242;\"><strong><span style=\"font-size: 15px;\">Kiv\u00e1l\u00f3 szubsztr\u00e1t: viper\u00e1k; krokodilok; cs\u00f3t\u00e1nyok; bog\u00e1rl\u00e1rv\u00e1k; prosimi\u00e1k teny\u00e9szt\u00e9s\u00e9hez. <\/span><\/strong><\/span><\/em><\/p>\n<p><em><span style=\"color: #424242;\"><strong><span style=\"font-size: 15px;\">A k\u00fcld\u00f6tt szubsztr\u00e1t nedves (mindig frissen elk\u00e9sz\u00edtett), ez\u00e9rt javasoljuk, hogy a k\u00e9zhezv\u00e9telt k\u00f6vet\u0151en azonnal haszn\u00e1ljuk. <\/span><\/strong><\/span><\/em><\/p>\n<p><em><span style=\"color: #424242;\"><strong><span style=\"font-size: 15px;\">A szubsztr\u00e1t \u00f6sszet\u00e9tele: A szubsztr\u00e1t \u00f6sszet\u00e9tele: 1: -t\u00f6lgyfalev\u00e9l (h\u0151kezelt); -ny\u00edrfalev\u00e9l (h\u0151kezelt); -korhadt t\u00f6lgyfa (h\u0151kezelt); -korhadt b\u00fckkfa (h\u0151kezelt); -t\u00f6lgyfa kock\u00e1k (h\u0151kezelve); -b\u00fckkfa kock\u00e1k (h\u0151kezelve); -parafat\u00f6lgy k\u00e9reg (h\u0151kezelve); -semleges t\u0151zeg (h\u0151kezelve); -k\u00f3kuszdi\u00f3 szubsztr\u00e1tum (h\u0151kezelve).<\/span><\/strong><\/span><\/em><\/p>\n","protected":false},"excerpt":{"rendered":"<ul class=\"product_attributes\">\n<li><span style=\"color: #555555;\">Kiv\u00e1l\u00f3 szubsztr\u00e1tum a<\/span><\/li>\n<li><span style=\"color: #555555;\">termeszt\u00e9s\u00e9hez A csomag tartalmazza:<\/span> 1,5 L<\/li>\n<li><span style=\"color: #555555;\">Az \u00e1r a k\u00f6vetkez\u0151kre vonatkozik:<\/span> 1 csomag.<\/li>\n<\/ul>\n","protected":false},"featured_media":8116,"template":"","meta":{"_acf_changed":false,"_links_to":"","_links_to_target":""},"product_cat":[195],"product_tag":[199,198,197],"class_list":{"0":"post-8185","1":"product","2":"type-product","3":"status-publish","4":"has-post-thumbnail","6":"product_cat-tartozekok","7":"product_tag-csotanyok-eseteben","8":"product_tag-izopodak-eseteben","9":"product_tag-mert-a-ravaszsagok","11":"first","12":"instock","13":"shipping-taxable","14":"purchasable","15":"product-type-simple"},"acf":[],"yoast_head":"<!-- This site is optimized with the Yoast SEO plugin v24.9 - https:\/\/yoast.com\/wordpress\/plugins\/seo\/ -->\n<title>Erdei aljzat 1,5 Lkrokodilok \u00e9s viper\u00e1k teny\u00e9szt\u00e9s\u00e9re. | MegaPets<\/title>\n<meta name=\"robots\" content=\"index, follow, max-snippet:-1, max-image-preview:large, max-video-preview:-1\" \/>\n<link rel=\"canonical\" href=\"https:\/\/megapets.eu\/hu\/tartozekok\/erdei-aljzat-15-lkrokodilok-es-viperak-tenyesztesere\/\" \/>\n<meta property=\"og:locale\" content=\"hu_HU\" \/>\n<meta property=\"og:type\" content=\"article\" \/>\n<meta property=\"og:title\" content=\"Erdei aljzat 1,5 Lkrokodilok \u00e9s viper\u00e1k teny\u00e9szt\u00e9s\u00e9re. | MegaPets\" \/>\n<meta property=\"og:description\" content=\"Kiv\u00e1l\u00f3 szubsztr\u00e1tum a  termeszt\u00e9s\u00e9hez A csomag tartalmazza: 1,5 L  Az \u00e1r a k\u00f6vetkez\u0151kre vonatkozik: 1 csomag.\" \/>\n<meta property=\"og:url\" content=\"https:\/\/megapets.eu\/hu\/tartozekok\/erdei-aljzat-15-lkrokodilok-es-viperak-tenyesztesere\/\" \/>\n<meta property=\"og:site_name\" content=\"MegaPets\" \/>\n<meta property=\"article:publisher\" content=\"https:\/\/www.facebook.com\/MegaPets.eu\/\" \/>\n<meta property=\"og:image\" content=\"https:\/\/megapets.eu\/wp-content\/uploads\/2024\/10\/Grunt-4-scaled.jpg\" \/>\n\t<meta property=\"og:image:width\" content=\"2560\" \/>\n\t<meta property=\"og:image:height\" content=\"1920\" \/>\n\t<meta property=\"og:image:type\" content=\"image\/jpeg\" \/>\n<meta name=\"twitter:card\" content=\"summary_large_image\" \/>\n<meta name=\"twitter:label1\" content=\"Becs\u00fclt olvas\u00e1si id\u0151\" \/>\n\t<meta name=\"twitter:data1\" content=\"1 perc\" \/>\n<script type=\"application\/ld+json\" class=\"yoast-schema-graph\">{\"@context\":\"https:\/\/schema.org\",\"@graph\":[{\"@type\":\"WebPage\",\"@id\":\"https:\/\/megapets.eu\/hu\/tartozekok\/erdei-aljzat-15-lkrokodilok-es-viperak-tenyesztesere\/\",\"url\":\"https:\/\/megapets.eu\/hu\/tartozekok\/erdei-aljzat-15-lkrokodilok-es-viperak-tenyesztesere\/\",\"name\":\"Erdei aljzat 1,5 L krokodilok \u00e9s viper\u00e1k teny\u00e9szt\u00e9s\u00e9re. | MegaPets\",\"isPartOf\":{\"@id\":\"https:\/\/megapets.eu\/hu\/#website\"},\"primaryImageOfPage\":{\"@id\":\"https:\/\/megapets.eu\/hu\/tartozekok\/erdei-aljzat-15-lkrokodilok-es-viperak-tenyesztesere\/#primaryimage\"},\"image\":{\"@id\":\"https:\/\/megapets.eu\/hu\/tartozekok\/erdei-aljzat-15-lkrokodilok-es-viperak-tenyesztesere\/#primaryimage\"},\"thumbnailUrl\":\"https:\/\/megapets.eu\/wp-content\/uploads\/2024\/10\/Grunt-4-scaled.jpg\",\"datePublished\":\"2024-10-04T20:40:09+00:00\",\"breadcrumb\":{\"@id\":\"https:\/\/megapets.eu\/hu\/tartozekok\/erdei-aljzat-15-lkrokodilok-es-viperak-tenyesztesere\/#breadcrumb\"},\"inLanguage\":\"hu\",\"potentialAction\":[{\"@type\":\"ReadAction\",\"target\":[\"https:\/\/megapets.eu\/hu\/tartozekok\/erdei-aljzat-15-lkrokodilok-es-viperak-tenyesztesere\/\"]}]},{\"@type\":\"ImageObject\",\"inLanguage\":\"hu\",\"@id\":\"https:\/\/megapets.eu\/hu\/tartozekok\/erdei-aljzat-15-lkrokodilok-es-viperak-tenyesztesere\/#primaryimage\",\"url\":\"https:\/\/megapets.eu\/wp-content\/uploads\/2024\/10\/Grunt-4-scaled.jpg\",\"contentUrl\":\"https:\/\/megapets.eu\/wp-content\/uploads\/2024\/10\/Grunt-4-scaled.jpg\",\"width\":2560,\"height\":1920},{\"@type\":\"BreadcrumbList\",\"@id\":\"https:\/\/megapets.eu\/hu\/tartozekok\/erdei-aljzat-15-lkrokodilok-es-viperak-tenyesztesere\/#breadcrumb\",\"itemListElement\":[{\"@type\":\"ListItem\",\"position\":1,\"name\":\"Strona g\u0142\u00f3wna\",\"item\":\"https:\/\/megapets.eu\/hu\/\"},{\"@type\":\"ListItem\",\"position\":2,\"name\":\"Bolt\",\"item\":\"https:\/\/megapets.eu\/bolt\/\"},{\"@type\":\"ListItem\",\"position\":3,\"name\":\"Erdei aljzat 1,5 Lkrokodilok \u00e9s viper\u00e1k teny\u00e9szt\u00e9s\u00e9re.\"}]},{\"@type\":\"WebSite\",\"@id\":\"https:\/\/megapets.eu\/hu\/#website\",\"url\":\"https:\/\/megapets.eu\/hu\/\",\"name\":\"Mega Pets\",\"description\":\"Jedna z najwi\u0119kszych hodowli \u015blimak\u00f3w w Europie\",\"publisher\":{\"@id\":\"https:\/\/megapets.eu\/hu\/#organization\"},\"alternateName\":\"Mega Pets\",\"potentialAction\":[{\"@type\":\"SearchAction\",\"target\":{\"@type\":\"EntryPoint\",\"urlTemplate\":\"https:\/\/megapets.eu\/hu\/?s={search_term_string}\"},\"query-input\":{\"@type\":\"PropertyValueSpecification\",\"valueRequired\":true,\"valueName\":\"search_term_string\"}}],\"inLanguage\":\"hu\"},{\"@type\":\"Organization\",\"@id\":\"https:\/\/megapets.eu\/hu\/#organization\",\"name\":\"Mega Pets\",\"url\":\"https:\/\/megapets.eu\/hu\/\",\"logo\":{\"@type\":\"ImageObject\",\"inLanguage\":\"hu\",\"@id\":\"https:\/\/megapets.eu\/hu\/#\/schema\/logo\/image\/\",\"url\":\"https:\/\/megapets.eu\/wp-content\/uploads\/2025\/04\/megapets_eu-logo.png\",\"contentUrl\":\"https:\/\/megapets.eu\/wp-content\/uploads\/2025\/04\/megapets_eu-logo.png\",\"width\":2362,\"height\":2362,\"caption\":\"Mega Pets\"},\"image\":{\"@id\":\"https:\/\/megapets.eu\/hu\/#\/schema\/logo\/image\/\"},\"sameAs\":[\"https:\/\/www.facebook.com\/MegaPets.eu\/\"]}]}<\/script>\n<!-- \/ Yoast SEO plugin. -->","yoast_head_json":{"title":"Erdei aljzat 1,5 Lkrokodilok \u00e9s viper\u00e1k teny\u00e9szt\u00e9s\u00e9re. | MegaPets","robots":{"index":"index","follow":"follow","max-snippet":"max-snippet:-1","max-image-preview":"max-image-preview:large","max-video-preview":"max-video-preview:-1"},"canonical":"https:\/\/megapets.eu\/hu\/tartozekok\/erdei-aljzat-15-lkrokodilok-es-viperak-tenyesztesere\/","og_locale":"hu_HU","og_type":"article","og_title":"Erdei aljzat 1,5 Lkrokodilok \u00e9s viper\u00e1k teny\u00e9szt\u00e9s\u00e9re. | MegaPets","og_description":"Kiv\u00e1l\u00f3 szubsztr\u00e1tum a  termeszt\u00e9s\u00e9hez A csomag tartalmazza: 1,5 L  Az \u00e1r a k\u00f6vetkez\u0151kre vonatkozik: 1 csomag.","og_url":"https:\/\/megapets.eu\/hu\/tartozekok\/erdei-aljzat-15-lkrokodilok-es-viperak-tenyesztesere\/","og_site_name":"MegaPets","article_publisher":"https:\/\/www.facebook.com\/MegaPets.eu\/","og_image":[{"width":2560,"height":1920,"url":"https:\/\/megapets.eu\/wp-content\/uploads\/2024\/10\/Grunt-4-scaled.jpg","type":"image\/jpeg"}],"twitter_card":"summary_large_image","twitter_misc":{"Becs\u00fclt olvas\u00e1si id\u0151":"1 perc"},"schema":{"@context":"https:\/\/schema.org","@graph":[{"@type":"WebPage","@id":"https:\/\/megapets.eu\/hu\/tartozekok\/erdei-aljzat-15-lkrokodilok-es-viperak-tenyesztesere\/","url":"https:\/\/megapets.eu\/hu\/tartozekok\/erdei-aljzat-15-lkrokodilok-es-viperak-tenyesztesere\/","name":"Erdei aljzat 1,5 L krokodilok \u00e9s viper\u00e1k teny\u00e9szt\u00e9s\u00e9re. | MegaPets","isPartOf":{"@id":"https:\/\/megapets.eu\/hu\/#website"},"primaryImageOfPage":{"@id":"https:\/\/megapets.eu\/hu\/tartozekok\/erdei-aljzat-15-lkrokodilok-es-viperak-tenyesztesere\/#primaryimage"},"image":{"@id":"https:\/\/megapets.eu\/hu\/tartozekok\/erdei-aljzat-15-lkrokodilok-es-viperak-tenyesztesere\/#primaryimage"},"thumbnailUrl":"https:\/\/megapets.eu\/wp-content\/uploads\/2024\/10\/Grunt-4-scaled.jpg","datePublished":"2024-10-04T20:40:09+00:00","breadcrumb":{"@id":"https:\/\/megapets.eu\/hu\/tartozekok\/erdei-aljzat-15-lkrokodilok-es-viperak-tenyesztesere\/#breadcrumb"},"inLanguage":"hu","potentialAction":[{"@type":"ReadAction","target":["https:\/\/megapets.eu\/hu\/tartozekok\/erdei-aljzat-15-lkrokodilok-es-viperak-tenyesztesere\/"]}]},{"@type":"ImageObject","inLanguage":"hu","@id":"https:\/\/megapets.eu\/hu\/tartozekok\/erdei-aljzat-15-lkrokodilok-es-viperak-tenyesztesere\/#primaryimage","url":"https:\/\/megapets.eu\/wp-content\/uploads\/2024\/10\/Grunt-4-scaled.jpg","contentUrl":"https:\/\/megapets.eu\/wp-content\/uploads\/2024\/10\/Grunt-4-scaled.jpg","width":2560,"height":1920},{"@type":"BreadcrumbList","@id":"https:\/\/megapets.eu\/hu\/tartozekok\/erdei-aljzat-15-lkrokodilok-es-viperak-tenyesztesere\/#breadcrumb","itemListElement":[{"@type":"ListItem","position":1,"name":"Strona g\u0142\u00f3wna","item":"https:\/\/megapets.eu\/hu\/"},{"@type":"ListItem","position":2,"name":"Bolt","item":"https:\/\/megapets.eu\/bolt\/"},{"@type":"ListItem","position":3,"name":"Erdei aljzat 1,5 Lkrokodilok \u00e9s viper\u00e1k teny\u00e9szt\u00e9s\u00e9re."}]},{"@type":"WebSite","@id":"https:\/\/megapets.eu\/hu\/#website","url":"https:\/\/megapets.eu\/hu\/","name":"Mega Pets","description":"Jedna z najwi\u0119kszych hodowli \u015blimak\u00f3w w Europie","publisher":{"@id":"https:\/\/megapets.eu\/hu\/#organization"},"alternateName":"Mega Pets","potentialAction":[{"@type":"SearchAction","target":{"@type":"EntryPoint","urlTemplate":"https:\/\/megapets.eu\/hu\/?s={search_term_string}"},"query-input":{"@type":"PropertyValueSpecification","valueRequired":true,"valueName":"search_term_string"}}],"inLanguage":"hu"},{"@type":"Organization","@id":"https:\/\/megapets.eu\/hu\/#organization","name":"Mega Pets","url":"https:\/\/megapets.eu\/hu\/","logo":{"@type":"ImageObject","inLanguage":"hu","@id":"https:\/\/megapets.eu\/hu\/#\/schema\/logo\/image\/","url":"https:\/\/megapets.eu\/wp-content\/uploads\/2025\/04\/megapets_eu-logo.png","contentUrl":"https:\/\/megapets.eu\/wp-content\/uploads\/2025\/04\/megapets_eu-logo.png","width":2362,"height":2362,"caption":"Mega Pets"},"image":{"@id":"https:\/\/megapets.eu\/hu\/#\/schema\/logo\/image\/"},"sameAs":["https:\/\/www.facebook.com\/MegaPets.eu\/"]}]}},"_links":{"self":[{"href":"https:\/\/megapets.eu\/hu\/wp-json\/wp\/v2\/product\/8185","targetHints":{"allow":["GET"]}}],"collection":[{"href":"https:\/\/megapets.eu\/hu\/wp-json\/wp\/v2\/product"}],"about":[{"href":"https:\/\/megapets.eu\/hu\/wp-json\/wp\/v2\/types\/product"}],"wp:featuredmedia":[{"embeddable":true,"href":"https:\/\/megapets.eu\/hu\/wp-json\/wp\/v2\/media\/8116"}],"wp:attachment":[{"href":"https:\/\/megapets.eu\/hu\/wp-json\/wp\/v2\/media?parent=8185"}],"wp:term":[{"taxonomy":"product_cat","embeddable":true,"href":"https:\/\/megapets.eu\/hu\/wp-json\/wp\/v2\/product_cat?post=8185"},{"taxonomy":"product_tag","embeddable":true,"href":"https:\/\/megapets.eu\/hu\/wp-json\/wp\/v2\/product_tag?post=8185"}],"curies":[{"name":"wp","href":"https:\/\/api.w.org\/{rel}","templated":true}]}}