{"id":8187,"date":"2024-10-05T11:03:19","date_gmt":"2024-10-05T11:03:19","guid":{"rendered":"https:\/\/megapets.eu\/nem-kategorizalt\/atopochetus-caudulanuslila-piros-krokodil\/"},"modified":"2025-08-13T14:59:03","modified_gmt":"2025-08-13T14:59:03","slug":"atopochetus-caudulanuslila-piros-krokodil","status":"publish","type":"product","link":"https:\/\/megapets.eu\/hu\/wije-hu\/atopochetus-caudulanuslila-piros-krokodil\/","title":{"rendered":"Atopochetus caudulanus<br>&#8222;Lila \u00e9s piros ezerl\u00e1b\u00fa\u201e"},"content":{"rendered":"<p class=\"v1v1v1v1MsoNormal\"><span style=\"color: #d94890;\"><strong><em><span style=\"font-size: 15px;\"><span style=\"color: #424242;\">Faj:<\/span> <span style=\"color: #800080;\">Sz\u00e1zl\u00e1b\u00fa Atopochetus caudulanus &#8222;<span style=\"color: #d91a1a;\">Lila-piros <\/span>ezerl\u00e1b\u00fa\u201e. <span style=\"color: #424242;\">K\u00f6nnyen karbantarthat\u00f3, \u00edgy kezd\u0151knek is kiv\u00e1l\u00f3ak.<\/span><\/span><\/span><\/em><\/strong><\/span><\/p>\n<p>&nbsp;<\/p>\n<p><span style=\"color: #800000;\"><span style=\"color: #800080;\"><strong><em><span style=\"font-size: 15px;\"><\/span><\/em><\/strong><strong><em><span style=\"font-size: 15px;\"><span style=\"color: #800080;\">Lehet\u0151s\u00e9g van f\u00e9rfi \u00e9s n\u0151st\u00e9ny p\u00e1r \u2764\ufe0f<b> <\/b>kiv\u00e1laszt\u00e1s\u00e1ra.<\/span> <span style=\"color: #424242;\">K\u00e9rj\u00fck, jelezze a megrendel\u00e9shez f\u0171z\u00f6tt megjegyz\u00e9sben.<\/span><\/span><\/em><\/strong><\/span><\/span><\/p>\n<p>&nbsp;<\/p>\n<p><span style=\"color: #424242;\"><strong><em><span style=\"font-size: 15px;\"><strong style=\"color: #424242;\"><span style=\"color: #800000;\"><span style=\"color: #800080;\">\ud83d\udc9c\u2764\ufe0f<b>\ud83d\udc9c<\/b><\/span><\/span> Valami sz\u00f3rakoztat\u00f3 teny\u00e9szt\u00e9st keresel kezd\u00e9sk\u00e9nt?  <\/strong><span style=\"color: #800080;\"><span style=\"color: #d94890;\"><span style=\"color: #800080;\">Az Atopochetus caudulanus &#8222;lila-piros<\/span><span style=\"color: #d91a1a;\"> <\/span><span style=\"color: #800080;\">ezerl\u00e1b\u00fa\u201e<\/span> sz\u00e1zl\u00e1b\u00faak<\/span> gy\u00f6ny\u00f6r\u0171 \u00e9s k\u00f6nnyen gondozhat\u00f3 l\u00e9nyek, teljesen biztons\u00e1gosak az emberek sz\u00e1m\u00e1ra, nem harapnak. Gyenge \u00e1llkapcsuk van, amely alkalmazkodik a n\u00f6v\u00e9nyi anyagok \u00f6sszez\u00faz\u00e1s\u00e1hoz. A sz\u00e1zl\u00e1b\u00faak a nedves helyeket r\u00e9szes\u00edtik el\u0151nyben, a szubsztr\u00e1tum fels\u0151 r\u00e9teg\u00e9ben \u00e9lnek, \u00e9s levelekkel, sz\u00e1zl\u00e1b\u00faak teny\u00e9szt\u00e9s\u00e9re sz\u00e1nt t\u00f6bbkomponens\u0171 szubsztr\u00e1tummal, valamint z\u00f6lds\u00e9gekkel \u00e9s gy\u00fcm\u00f6lcs\u00f6kkel t\u00e1pl\u00e1lkoznak.  <\/span><\/span><\/em><\/strong><\/span><\/p>\n<p>&nbsp;<\/p>\n<p class=\"v1v1v1v1MsoNormal\"><span style=\"color: #424242;\"><strong><em><span style=\"font-size: 15px;\"><span class=\"x1xsqp64 xiy17q3 x1o6pynw x19co3pv xdj266r xcwd3tp xat24cr x39eecv x2b8uid\" data-testid=\"emoji\"><span class=\"xexx8yu xn5pp95 x18d9i69 x2fxd7x x3jgonx x1bhl96m\">\ud83c\udf3f <\/span><\/span><span style=\"color: #424242;\">Egy ilyen \u00e1llatnak csak a terr\u00e1riumban val\u00f3 sikeres fejl\u0151d\u00e9shez \u00e9s \u00e9lethez sz\u00fcks\u00e9ges:<\/span><\/span><\/em><\/strong><\/span><\/p>\n<p class=\"v1v1v1v1MsoNormal\"><span style=\"color: #008000;\"><strong><em><span style=\"font-size: 15px;\">* Szubsztr\u00e1tum \/ eledel: Sz\u00e1zl\u00e1b\u00faak \u00e9s myripedek teny\u00e9szt\u00e9s\u00e9re szolg\u00e1l\u00f3 szubsztr\u00e1tum (el\u00e9rhet\u0151 a m\u00e1sik aukci\u00f3nkon);<\/span><\/em><\/strong><\/span><\/p>\n<p class=\"v1v1v1v1MsoNormal\"><span style=\"color: #008000;\"><strong><em><span style=\"font-size: 15px;\">* Superfood: Friss z\u00f6lds\u00e9gek \u00e9s gy\u00fcm\u00f6lcs\u00f6k;<\/span><\/em><\/strong><\/span><\/p>\n<p class=\"v1v1v1v1MsoNormal\"><span style=\"color: #008000;\"><strong><em><span style=\"font-size: 15px;\">* \u00c9lelmiszer: Az \u0151r\u00f6lt gammarus makro- \u00e9s mikroelemekben gazdag, sz\u00e1r\u00edtott gammarus, term\u00e9szetes \u00e1llati feh\u00e9rje \u00e9s kitin forr\u00e1s (el\u00e9rhet\u0151 a m\u00e1sik aukci\u00f3nkon);<\/span><\/em><\/strong><\/span><\/p>\n<p class=\"v1v1v1v1MsoNormal\"><span style=\"color: #008000;\"><strong><em><span style=\"font-size: 15px;\">* Terr\u00e1rium: A Faunabox ide\u00e1lis sz\u00e1zl\u00e1b\u00faak \u00e9s sz\u00e1zl\u00e1b\u00faak teny\u00e9szt\u00e9s\u00e9re (el\u00e9rhet\u0151 a m\u00e1sik aukci\u00f3nkon);<\/span><\/em><\/strong><\/span><\/p>\n<p class=\"v1v1v1v1MsoNormal\"><span style=\"color: #008000;\"><strong><em><span style=\"font-size: 15px;\">* Aj\u00e1nlott h\u0151m\u00e9rs\u00e9klet 22-26 \u00b0C \u00e9s p\u00e1ratartalom kb. 70% (ne hagyja, hogy az aljzat kisz\u00e1radjon, permetezze a terr\u00e1riumot 2-3 naponta).<\/span><\/em><\/strong><\/span><\/p>\n","protected":false},"excerpt":{"rendered":"<ul class=\"product_attributes\">\n<li><span style=\"color:#555555\">C\u00e9l m\u00e9rete:<\/span> kb. 10 cm<\/li>\n<li><span style=\"color:#555555\">K\u00edn\u00e1lt fiatal egyed:<\/span> kb. 3 cm <\/li>\n<li>Az <span style=\"color:#555555\">\u00e1r a k\u00f6vetkez\u0151kre vonatkozik:<\/span> 1 db<\/li>\n<\/ul>\n","protected":false},"featured_media":8189,"template":"","meta":{"_acf_changed":false,"_links_to":"","_links_to_target":""},"product_cat":[194],"product_tag":[],"class_list":{"0":"post-8187","1":"product","2":"type-product","3":"status-publish","4":"has-post-thumbnail","6":"product_cat-wije-hu","8":"first","9":"instock","10":"shipping-taxable","11":"purchasable","12":"product-type-simple"},"acf":[],"yoast_head":"<!-- This site is optimized with the Yoast SEO plugin v24.9 - https:\/\/yoast.com\/wordpress\/plugins\/seo\/ -->\n<title>Atopochetus caudulanus&quot;Lila \u00e9s piros ezerl\u00e1b\u00fa&quot; | MegaPets<\/title>\n<meta name=\"robots\" content=\"index, follow, max-snippet:-1, max-image-preview:large, max-video-preview:-1\" \/>\n<link rel=\"canonical\" href=\"https:\/\/megapets.eu\/hu\/wije-hu\/atopochetus-caudulanuslila-piros-krokodil\/\" \/>\n<meta property=\"og:locale\" content=\"hu_HU\" \/>\n<meta property=\"og:type\" content=\"article\" \/>\n<meta property=\"og:title\" content=\"Atopochetus caudulanus&quot;Lila \u00e9s piros ezerl\u00e1b\u00fa&quot; | MegaPets\" \/>\n<meta property=\"og:description\" content=\"C\u00e9l m\u00e9rete: kb. 10 cm K\u00edn\u00e1lt fiatal egyed: kb. 3 cm  Az \u00e1r a k\u00f6vetkez\u0151kre vonatkozik: 1 db\" \/>\n<meta property=\"og:url\" content=\"https:\/\/megapets.eu\/hu\/wije-hu\/atopochetus-caudulanuslila-piros-krokodil\/\" \/>\n<meta property=\"og:site_name\" content=\"MegaPets\" \/>\n<meta property=\"article:publisher\" content=\"https:\/\/www.facebook.com\/MegaPets.eu\/\" \/>\n<meta property=\"article:modified_time\" content=\"2025-08-13T14:59:03+00:00\" \/>\n<meta property=\"og:image\" content=\"https:\/\/megapets.eu\/wp-content\/uploads\/2024\/10\/56.jpg\" \/>\n\t<meta property=\"og:image:width\" content=\"1200\" \/>\n\t<meta property=\"og:image:height\" content=\"798\" \/>\n\t<meta property=\"og:image:type\" content=\"image\/jpeg\" \/>\n<meta name=\"twitter:card\" content=\"summary_large_image\" \/>\n<meta name=\"twitter:label1\" content=\"Becs\u00fclt olvas\u00e1si id\u0151\" \/>\n\t<meta name=\"twitter:data1\" content=\"1 perc\" \/>\n<script type=\"application\/ld+json\" class=\"yoast-schema-graph\">{\"@context\":\"https:\/\/schema.org\",\"@graph\":[{\"@type\":\"WebPage\",\"@id\":\"https:\/\/megapets.eu\/hu\/wije-hu\/atopochetus-caudulanuslila-piros-krokodil\/\",\"url\":\"https:\/\/megapets.eu\/hu\/wije-hu\/atopochetus-caudulanuslila-piros-krokodil\/\",\"name\":\"Atopochetus caudulanus \\\"Lila \u00e9s piros ezerl\u00e1b\u00fa\\\" | MegaPets\",\"isPartOf\":{\"@id\":\"https:\/\/megapets.eu\/hu\/#website\"},\"primaryImageOfPage\":{\"@id\":\"https:\/\/megapets.eu\/hu\/wije-hu\/atopochetus-caudulanuslila-piros-krokodil\/#primaryimage\"},\"image\":{\"@id\":\"https:\/\/megapets.eu\/hu\/wije-hu\/atopochetus-caudulanuslila-piros-krokodil\/#primaryimage\"},\"thumbnailUrl\":\"https:\/\/megapets.eu\/wp-content\/uploads\/2024\/10\/56.jpg\",\"datePublished\":\"2024-10-05T11:03:19+00:00\",\"dateModified\":\"2025-08-13T14:59:03+00:00\",\"breadcrumb\":{\"@id\":\"https:\/\/megapets.eu\/hu\/wije-hu\/atopochetus-caudulanuslila-piros-krokodil\/#breadcrumb\"},\"inLanguage\":\"hu\",\"potentialAction\":[{\"@type\":\"ReadAction\",\"target\":[\"https:\/\/megapets.eu\/hu\/wije-hu\/atopochetus-caudulanuslila-piros-krokodil\/\"]}]},{\"@type\":\"ImageObject\",\"inLanguage\":\"hu\",\"@id\":\"https:\/\/megapets.eu\/hu\/wije-hu\/atopochetus-caudulanuslila-piros-krokodil\/#primaryimage\",\"url\":\"https:\/\/megapets.eu\/wp-content\/uploads\/2024\/10\/56.jpg\",\"contentUrl\":\"https:\/\/megapets.eu\/wp-content\/uploads\/2024\/10\/56.jpg\",\"width\":1200,\"height\":798},{\"@type\":\"BreadcrumbList\",\"@id\":\"https:\/\/megapets.eu\/hu\/wije-hu\/atopochetus-caudulanuslila-piros-krokodil\/#breadcrumb\",\"itemListElement\":[{\"@type\":\"ListItem\",\"position\":1,\"name\":\"Strona g\u0142\u00f3wna\",\"item\":\"https:\/\/megapets.eu\/hu\/\"},{\"@type\":\"ListItem\",\"position\":2,\"name\":\"Bolt\",\"item\":\"https:\/\/megapets.eu\/bolt\/\"},{\"@type\":\"ListItem\",\"position\":3,\"name\":\"Atopochetus caudulanus&#8222;Lila \u00e9s piros ezerl\u00e1b\u00fa\\\"\"}]},{\"@type\":\"WebSite\",\"@id\":\"https:\/\/megapets.eu\/hu\/#website\",\"url\":\"https:\/\/megapets.eu\/hu\/\",\"name\":\"Mega Pets\",\"description\":\"Jedna z najwi\u0119kszych hodowli \u015blimak\u00f3w w Europie\",\"publisher\":{\"@id\":\"https:\/\/megapets.eu\/hu\/#organization\"},\"alternateName\":\"Mega Pets\",\"potentialAction\":[{\"@type\":\"SearchAction\",\"target\":{\"@type\":\"EntryPoint\",\"urlTemplate\":\"https:\/\/megapets.eu\/hu\/?s={search_term_string}\"},\"query-input\":{\"@type\":\"PropertyValueSpecification\",\"valueRequired\":true,\"valueName\":\"search_term_string\"}}],\"inLanguage\":\"hu\"},{\"@type\":\"Organization\",\"@id\":\"https:\/\/megapets.eu\/hu\/#organization\",\"name\":\"Mega Pets\",\"url\":\"https:\/\/megapets.eu\/hu\/\",\"logo\":{\"@type\":\"ImageObject\",\"inLanguage\":\"hu\",\"@id\":\"https:\/\/megapets.eu\/hu\/#\/schema\/logo\/image\/\",\"url\":\"https:\/\/megapets.eu\/wp-content\/uploads\/2025\/04\/megapets_eu-logo.png\",\"contentUrl\":\"https:\/\/megapets.eu\/wp-content\/uploads\/2025\/04\/megapets_eu-logo.png\",\"width\":2362,\"height\":2362,\"caption\":\"Mega Pets\"},\"image\":{\"@id\":\"https:\/\/megapets.eu\/hu\/#\/schema\/logo\/image\/\"},\"sameAs\":[\"https:\/\/www.facebook.com\/MegaPets.eu\/\"]}]}<\/script>\n<!-- \/ Yoast SEO plugin. -->","yoast_head_json":{"title":"Atopochetus caudulanus\"Lila \u00e9s piros ezerl\u00e1b\u00fa\" | MegaPets","robots":{"index":"index","follow":"follow","max-snippet":"max-snippet:-1","max-image-preview":"max-image-preview:large","max-video-preview":"max-video-preview:-1"},"canonical":"https:\/\/megapets.eu\/hu\/wije-hu\/atopochetus-caudulanuslila-piros-krokodil\/","og_locale":"hu_HU","og_type":"article","og_title":"Atopochetus caudulanus\"Lila \u00e9s piros ezerl\u00e1b\u00fa\" | MegaPets","og_description":"C\u00e9l m\u00e9rete: kb. 10 cm K\u00edn\u00e1lt fiatal egyed: kb. 3 cm  Az \u00e1r a k\u00f6vetkez\u0151kre vonatkozik: 1 db","og_url":"https:\/\/megapets.eu\/hu\/wije-hu\/atopochetus-caudulanuslila-piros-krokodil\/","og_site_name":"MegaPets","article_publisher":"https:\/\/www.facebook.com\/MegaPets.eu\/","article_modified_time":"2025-08-13T14:59:03+00:00","og_image":[{"width":1200,"height":798,"url":"https:\/\/megapets.eu\/wp-content\/uploads\/2024\/10\/56.jpg","type":"image\/jpeg"}],"twitter_card":"summary_large_image","twitter_misc":{"Becs\u00fclt olvas\u00e1si id\u0151":"1 perc"},"schema":{"@context":"https:\/\/schema.org","@graph":[{"@type":"WebPage","@id":"https:\/\/megapets.eu\/hu\/wije-hu\/atopochetus-caudulanuslila-piros-krokodil\/","url":"https:\/\/megapets.eu\/hu\/wije-hu\/atopochetus-caudulanuslila-piros-krokodil\/","name":"Atopochetus caudulanus \"Lila \u00e9s piros ezerl\u00e1b\u00fa\" | MegaPets","isPartOf":{"@id":"https:\/\/megapets.eu\/hu\/#website"},"primaryImageOfPage":{"@id":"https:\/\/megapets.eu\/hu\/wije-hu\/atopochetus-caudulanuslila-piros-krokodil\/#primaryimage"},"image":{"@id":"https:\/\/megapets.eu\/hu\/wije-hu\/atopochetus-caudulanuslila-piros-krokodil\/#primaryimage"},"thumbnailUrl":"https:\/\/megapets.eu\/wp-content\/uploads\/2024\/10\/56.jpg","datePublished":"2024-10-05T11:03:19+00:00","dateModified":"2025-08-13T14:59:03+00:00","breadcrumb":{"@id":"https:\/\/megapets.eu\/hu\/wije-hu\/atopochetus-caudulanuslila-piros-krokodil\/#breadcrumb"},"inLanguage":"hu","potentialAction":[{"@type":"ReadAction","target":["https:\/\/megapets.eu\/hu\/wije-hu\/atopochetus-caudulanuslila-piros-krokodil\/"]}]},{"@type":"ImageObject","inLanguage":"hu","@id":"https:\/\/megapets.eu\/hu\/wije-hu\/atopochetus-caudulanuslila-piros-krokodil\/#primaryimage","url":"https:\/\/megapets.eu\/wp-content\/uploads\/2024\/10\/56.jpg","contentUrl":"https:\/\/megapets.eu\/wp-content\/uploads\/2024\/10\/56.jpg","width":1200,"height":798},{"@type":"BreadcrumbList","@id":"https:\/\/megapets.eu\/hu\/wije-hu\/atopochetus-caudulanuslila-piros-krokodil\/#breadcrumb","itemListElement":[{"@type":"ListItem","position":1,"name":"Strona g\u0142\u00f3wna","item":"https:\/\/megapets.eu\/hu\/"},{"@type":"ListItem","position":2,"name":"Bolt","item":"https:\/\/megapets.eu\/bolt\/"},{"@type":"ListItem","position":3,"name":"Atopochetus caudulanus&#8222;Lila \u00e9s piros ezerl\u00e1b\u00fa\""}]},{"@type":"WebSite","@id":"https:\/\/megapets.eu\/hu\/#website","url":"https:\/\/megapets.eu\/hu\/","name":"Mega Pets","description":"Jedna z najwi\u0119kszych hodowli \u015blimak\u00f3w w Europie","publisher":{"@id":"https:\/\/megapets.eu\/hu\/#organization"},"alternateName":"Mega Pets","potentialAction":[{"@type":"SearchAction","target":{"@type":"EntryPoint","urlTemplate":"https:\/\/megapets.eu\/hu\/?s={search_term_string}"},"query-input":{"@type":"PropertyValueSpecification","valueRequired":true,"valueName":"search_term_string"}}],"inLanguage":"hu"},{"@type":"Organization","@id":"https:\/\/megapets.eu\/hu\/#organization","name":"Mega Pets","url":"https:\/\/megapets.eu\/hu\/","logo":{"@type":"ImageObject","inLanguage":"hu","@id":"https:\/\/megapets.eu\/hu\/#\/schema\/logo\/image\/","url":"https:\/\/megapets.eu\/wp-content\/uploads\/2025\/04\/megapets_eu-logo.png","contentUrl":"https:\/\/megapets.eu\/wp-content\/uploads\/2025\/04\/megapets_eu-logo.png","width":2362,"height":2362,"caption":"Mega Pets"},"image":{"@id":"https:\/\/megapets.eu\/hu\/#\/schema\/logo\/image\/"},"sameAs":["https:\/\/www.facebook.com\/MegaPets.eu\/"]}]}},"_links":{"self":[{"href":"https:\/\/megapets.eu\/hu\/wp-json\/wp\/v2\/product\/8187","targetHints":{"allow":["GET"]}}],"collection":[{"href":"https:\/\/megapets.eu\/hu\/wp-json\/wp\/v2\/product"}],"about":[{"href":"https:\/\/megapets.eu\/hu\/wp-json\/wp\/v2\/types\/product"}],"wp:featuredmedia":[{"embeddable":true,"href":"https:\/\/megapets.eu\/hu\/wp-json\/wp\/v2\/media\/8189"}],"wp:attachment":[{"href":"https:\/\/megapets.eu\/hu\/wp-json\/wp\/v2\/media?parent=8187"}],"wp:term":[{"taxonomy":"product_cat","embeddable":true,"href":"https:\/\/megapets.eu\/hu\/wp-json\/wp\/v2\/product_cat?post=8187"},{"taxonomy":"product_tag","embeddable":true,"href":"https:\/\/megapets.eu\/hu\/wp-json\/wp\/v2\/product_tag?post=8187"}],"curies":[{"name":"wp","href":"https:\/\/api.w.org\/{rel}","templated":true}]}}