{"id":8193,"date":"2025-03-08T16:30:59","date_gmt":"2025-03-08T16:30:59","guid":{"rendered":"https:\/\/megapets.eu\/nem-kategorizalt\/archachatina-marginata-suturalis-szabvany-p1-re\/"},"modified":"2025-03-08T16:30:59","modified_gmt":"2025-03-08T16:30:59","slug":"archachatina-marginata-suturalis-szabvany-p1-re","status":"publish","type":"product","link":"https:\/\/megapets.eu\/hu\/csigak\/archachatina-marginata-suturalis-szabvany-p1-re\/","title":{"rendered":"Archachatina marginata suturalis<br \/> szabv\u00e1ny \/ P1-re"},"content":{"rendered":"<p style=\"text-align: left;\"><span style=\"font-size: 15px;\"><strong><span style=\"color: #000000;\"><em>Faj:<\/em><\/span><\/strong><span style=\"color: #000000;\"><em> Archachatina marginata suturalis<\/em><\/span><strong><span style=\"color: #000000;\"><em> Sz\u00ednv\u00e1laszt\u00e9k:<\/em><\/span><\/strong><span style=\"color: #000000;\"><em> standard <\/em><\/span><\/span><\/p>\n<p style=\"text-align: left;\"><span style=\"font-size: 15px;\"><strong><span style=\"color: #000000;\"><em><img loading=\"lazy\" decoding=\"async\" class=\"\" src=\"https:\/\/static.xx.fbcdn.net\/images\/emoji.php\/v9\/ta\/1\/32\/1f525.png\" alt=\"\ud83d\udd25\" width=\"18\" height=\"18\" \/><\/em><\/span><\/strong><span style=\"color: #000000;\"><em> A legjobb gener\u00e1ci\u00f3 &#8211; CB1.F1 &#8211; felaj\u00e1nlott fiatal p\u00e9ld\u00e1nyai, egy nem rokon WC\/LTC sz\u00fcl\u0151p\u00e1rt\u00f3l,<span style=\"color: #b50000;\"> a h\u00e9j nagyon tel\u00edtett v\u00f6r\u00f6s els\u0151 fordulatai jellemzik<span style=\"color: #000000;\"> .<\/span><\/span> A csig\u00e1knak felmen\u0151 lesz\u00e1rmaz\u00e1si vonaluk van.<\/em><\/span><\/span><\/p>\n<p style=\"text-align: left;\"><span style=\"font-size: 15px;\"><span style=\"color: #000000;\"><em><span style=\"color: #008000;\"><span style=\"color: #424242;\"><img loading=\"lazy\" decoding=\"async\" class=\"\" src=\"https:\/\/static.xx.fbcdn.net\/images\/emoji.php\/v9\/t28\/1\/16\/1f352.png\" alt=\"\ud83c\udf52\" width=\"17\" height=\"17\" \/><\/span><\/span><span style=\"color: #008000;\"><span style=\"color: #424242;\"><\/span><\/span><span style=\"color: #b50000;\"> Az Archachatina marginata suturalis egy gy\u00f6ny\u00f6r\u0171, eleg\u00e1ns \u00e9s rendk\u00edv\u00fcl leny\u0171g\u00f6z\u0151 alfaj, amely sz\u00e9ps\u00e9g\u00e9vel k\u00e1pr\u00e1ztat el. Legink\u00e1bb a kagyl\u00f3k intenz\u00edv v\u00f6r\u00f6s teteje miatt ismerhet\u0151 fel.<span class=\"x1xsqp64 xiy17q3 x1o6pynw x19co3pv xdj266r xcwd3tp xat24cr x39eecv x2b8uid\" data-testid=\"emoji\"><span class=\"xexx8yu xn5pp95 x18d9i69 x2fxd7x x3jgonx x1bhl96m\"> \u2764<\/span><\/span> M\u00e9g a fiatal p\u00e9ld\u00e1nyokn\u00e1l is a cs\u00facs \u00e9l\u00e9nk sz\u00edn\u00e9vel t\u0171nik ki, \u00e9s a v\u00f6r\u00f6s \u00e1rnyalatai fokozatosan \u00e1tterjednek a k\u00f6vetkez\u0151 spir\u00e1lokra, hat\u00e9kony \u00e9s dinamikus sz\u00edns\u00e9m\u00e1t hozva l\u00e9tre. <\/span><\/em><\/span><\/span><\/p>\n<p style=\"text-align: left;\"><span style=\"color: #000000; font-size: 15px;\"><em><span class=\"x1xsqp64 xiy17q3 x1o6pynw x19co3pv xdj266r xcwd3tp xat24cr x39eecv x2b8uid\" data-testid=\"emoji\"><span class=\"xexx8yu xn5pp95 x18d9i69 x2fxd7x x3jgonx x1bhl96m\"><img loading=\"lazy\" decoding=\"async\" class=\"\" src=\"https:\/\/static.xx.fbcdn.net\/images\/emoji.php\/v9\/t66\/1\/32\/1f4cc.png\" alt=\"\ud83d\udccc\" width=\"18\" height=\"18\" \/> Az Archachatina marginata suturalis csig\u00e1k n\u00f6veked\u00e9s\u00fck sor\u00e1n leny\u0171g\u00f6z\u0151 m\u00e9reteket \u00e9rnek el \u2013 a kifejlett egyedek eleg\u00e1ns, k\u00f6r\u00fclbel\u00fcl 12\u201314 cm hossz\u00fa p\u00e1nc\u00e9lokat \u00e9p\u00edtenek. <\/span><\/span><\/em><\/span><\/p>\n<p style=\"text-align: left;\"><span style=\"color: #000000; font-size: 15px;\"><em><img loading=\"lazy\" decoding=\"async\" class=\"xz74otr\" src=\"https:\/\/static.xx.fbcdn.net\/images\/emoji.php\/v9\/t1e\/1\/16\/1f33f.png\" alt=\"\ud83c\udf3f\" width=\"18\" height=\"18\" \/><span style=\"color: #008000;\"> Az Archachatina marginata suturalis egy k\u00f6nnyen gondozhat\u00f3 \u00e9s m\u00e9rs\u00e9kelten akt\u00edv faj, mint az Archachatina nemzets\u00e9g legt\u00f6bb faja. Azonban minden egyednek lehetnek egy\u00e9ni preferenci\u00e1i, amelyek a fejl\u0151d\u00e9s k\u00fcl\u00f6nb\u00f6z\u0151 szakaszaiban v\u00e1ltoznak.<\/span><\/em><\/span><\/p>\n","protected":false},"excerpt":{"rendered":"<ul>\n<li>C\u00e9lpont h\u00e9j m\u00e9rete:\n<ul>\n<li> kb. 12-14 cm<\/li>\n<\/ul>\n<\/li>\n<li> Egy nem rokon p\u00e1rt\u00f3l:\n<ul>\n<li> P1<\/li>\n<\/ul>\n<\/li>\n<li> Felaj\u00e1nlott fiatal p\u00e9ld\u00e1ny:\n<ul>\n<li> kb. 5 cm<\/li>\n<\/ul>\n<\/li>\n<li> Az \u00e1r a k\u00f6vetkez\u0151kre vonatkozik:\n<ul>\n<li> 1 db<\/li>\n<\/ul>\n<\/li>\n<\/ul>\n","protected":false},"featured_media":8198,"template":"","meta":{"_acf_changed":false,"_links_to":"","_links_to_target":""},"product_cat":[193],"product_tag":[],"class_list":{"0":"post-8193","1":"product","2":"type-product","3":"status-publish","4":"has-post-thumbnail","6":"product_cat-csigak","8":"first","9":"outofstock","10":"shipping-taxable","11":"purchasable","12":"product-type-simple"},"acf":[],"yoast_head":"<!-- This site is optimized with the Yoast SEO plugin v24.9 - https:\/\/yoast.com\/wordpress\/plugins\/seo\/ -->\n<title>Archachatina marginata suturalis szabv\u00e1ny \/ P1-re | MegaPets<\/title>\n<meta name=\"robots\" content=\"index, follow, max-snippet:-1, max-image-preview:large, max-video-preview:-1\" \/>\n<link rel=\"canonical\" href=\"https:\/\/megapets.eu\/hu\/csigak\/archachatina-marginata-suturalis-szabvany-p1-re\/\" \/>\n<meta property=\"og:locale\" content=\"hu_HU\" \/>\n<meta property=\"og:type\" content=\"article\" \/>\n<meta property=\"og:title\" content=\"Archachatina marginata suturalis szabv\u00e1ny \/ P1-re | MegaPets\" \/>\n<meta property=\"og:description\" content=\"C\u00e9lpont h\u00e9j m\u00e9rete: kb. 12-14 cm Egy nem rokon p\u00e1rt\u00f3l: P1 Felaj\u00e1nlott fiatal p\u00e9ld\u00e1ny: kb. 5 cm Az \u00e1r a k\u00f6vetkez\u0151kre vonatkozik: 1 db\" \/>\n<meta property=\"og:url\" content=\"https:\/\/megapets.eu\/hu\/csigak\/archachatina-marginata-suturalis-szabvany-p1-re\/\" \/>\n<meta property=\"og:site_name\" content=\"MegaPets\" \/>\n<meta property=\"article:publisher\" content=\"https:\/\/www.facebook.com\/MegaPets.eu\/\" \/>\n<meta property=\"og:image\" content=\"https:\/\/megapets.eu\/wp-content\/uploads\/2025\/03\/Sutu-P1-Ex.png\" \/>\n\t<meta property=\"og:image:width\" content=\"1046\" \/>\n\t<meta property=\"og:image:height\" content=\"704\" \/>\n\t<meta property=\"og:image:type\" content=\"image\/png\" \/>\n<meta name=\"twitter:card\" content=\"summary_large_image\" \/>\n<meta name=\"twitter:label1\" content=\"Becs\u00fclt olvas\u00e1si id\u0151\" \/>\n\t<meta name=\"twitter:data1\" content=\"1 perc\" \/>\n<script type=\"application\/ld+json\" class=\"yoast-schema-graph\">{\"@context\":\"https:\/\/schema.org\",\"@graph\":[{\"@type\":\"WebPage\",\"@id\":\"https:\/\/megapets.eu\/hu\/csigak\/archachatina-marginata-suturalis-szabvany-p1-re\/\",\"url\":\"https:\/\/megapets.eu\/hu\/csigak\/archachatina-marginata-suturalis-szabvany-p1-re\/\",\"name\":\"Archachatina marginata suturalis szabv\u00e1ny \/ P1-re | MegaPets\",\"isPartOf\":{\"@id\":\"https:\/\/megapets.eu\/hu\/#website\"},\"primaryImageOfPage\":{\"@id\":\"https:\/\/megapets.eu\/hu\/csigak\/archachatina-marginata-suturalis-szabvany-p1-re\/#primaryimage\"},\"image\":{\"@id\":\"https:\/\/megapets.eu\/hu\/csigak\/archachatina-marginata-suturalis-szabvany-p1-re\/#primaryimage\"},\"thumbnailUrl\":\"https:\/\/megapets.eu\/wp-content\/uploads\/2025\/03\/Sutu-P1-Ex.png\",\"datePublished\":\"2025-03-08T16:30:59+00:00\",\"breadcrumb\":{\"@id\":\"https:\/\/megapets.eu\/hu\/csigak\/archachatina-marginata-suturalis-szabvany-p1-re\/#breadcrumb\"},\"inLanguage\":\"hu\",\"potentialAction\":[{\"@type\":\"ReadAction\",\"target\":[\"https:\/\/megapets.eu\/hu\/csigak\/archachatina-marginata-suturalis-szabvany-p1-re\/\"]}]},{\"@type\":\"ImageObject\",\"inLanguage\":\"hu\",\"@id\":\"https:\/\/megapets.eu\/hu\/csigak\/archachatina-marginata-suturalis-szabvany-p1-re\/#primaryimage\",\"url\":\"https:\/\/megapets.eu\/wp-content\/uploads\/2025\/03\/Sutu-P1-Ex.png\",\"contentUrl\":\"https:\/\/megapets.eu\/wp-content\/uploads\/2025\/03\/Sutu-P1-Ex.png\",\"width\":1046,\"height\":704},{\"@type\":\"BreadcrumbList\",\"@id\":\"https:\/\/megapets.eu\/hu\/csigak\/archachatina-marginata-suturalis-szabvany-p1-re\/#breadcrumb\",\"itemListElement\":[{\"@type\":\"ListItem\",\"position\":1,\"name\":\"Strona g\u0142\u00f3wna\",\"item\":\"https:\/\/megapets.eu\/hu\/\"},{\"@type\":\"ListItem\",\"position\":2,\"name\":\"Bolt\",\"item\":\"https:\/\/megapets.eu\/bolt\/\"},{\"@type\":\"ListItem\",\"position\":3,\"name\":\"Archachatina marginata suturalis szabv\u00e1ny \/ P1-re\"}]},{\"@type\":\"WebSite\",\"@id\":\"https:\/\/megapets.eu\/hu\/#website\",\"url\":\"https:\/\/megapets.eu\/hu\/\",\"name\":\"Mega Pets\",\"description\":\"Jedna z najwi\u0119kszych hodowli \u015blimak\u00f3w w Europie\",\"publisher\":{\"@id\":\"https:\/\/megapets.eu\/hu\/#organization\"},\"alternateName\":\"Mega Pets\",\"potentialAction\":[{\"@type\":\"SearchAction\",\"target\":{\"@type\":\"EntryPoint\",\"urlTemplate\":\"https:\/\/megapets.eu\/hu\/?s={search_term_string}\"},\"query-input\":{\"@type\":\"PropertyValueSpecification\",\"valueRequired\":true,\"valueName\":\"search_term_string\"}}],\"inLanguage\":\"hu\"},{\"@type\":\"Organization\",\"@id\":\"https:\/\/megapets.eu\/hu\/#organization\",\"name\":\"Mega Pets\",\"url\":\"https:\/\/megapets.eu\/hu\/\",\"logo\":{\"@type\":\"ImageObject\",\"inLanguage\":\"hu\",\"@id\":\"https:\/\/megapets.eu\/hu\/#\/schema\/logo\/image\/\",\"url\":\"https:\/\/megapets.eu\/wp-content\/uploads\/2025\/04\/megapets_eu-logo.png\",\"contentUrl\":\"https:\/\/megapets.eu\/wp-content\/uploads\/2025\/04\/megapets_eu-logo.png\",\"width\":2362,\"height\":2362,\"caption\":\"Mega Pets\"},\"image\":{\"@id\":\"https:\/\/megapets.eu\/hu\/#\/schema\/logo\/image\/\"},\"sameAs\":[\"https:\/\/www.facebook.com\/MegaPets.eu\/\"]}]}<\/script>\n<!-- \/ Yoast SEO plugin. -->","yoast_head_json":{"title":"Archachatina marginata suturalis szabv\u00e1ny \/ P1-re | MegaPets","robots":{"index":"index","follow":"follow","max-snippet":"max-snippet:-1","max-image-preview":"max-image-preview:large","max-video-preview":"max-video-preview:-1"},"canonical":"https:\/\/megapets.eu\/hu\/csigak\/archachatina-marginata-suturalis-szabvany-p1-re\/","og_locale":"hu_HU","og_type":"article","og_title":"Archachatina marginata suturalis szabv\u00e1ny \/ P1-re | MegaPets","og_description":"C\u00e9lpont h\u00e9j m\u00e9rete: kb. 12-14 cm Egy nem rokon p\u00e1rt\u00f3l: P1 Felaj\u00e1nlott fiatal p\u00e9ld\u00e1ny: kb. 5 cm Az \u00e1r a k\u00f6vetkez\u0151kre vonatkozik: 1 db","og_url":"https:\/\/megapets.eu\/hu\/csigak\/archachatina-marginata-suturalis-szabvany-p1-re\/","og_site_name":"MegaPets","article_publisher":"https:\/\/www.facebook.com\/MegaPets.eu\/","og_image":[{"width":1046,"height":704,"url":"https:\/\/megapets.eu\/wp-content\/uploads\/2025\/03\/Sutu-P1-Ex.png","type":"image\/png"}],"twitter_card":"summary_large_image","twitter_misc":{"Becs\u00fclt olvas\u00e1si id\u0151":"1 perc"},"schema":{"@context":"https:\/\/schema.org","@graph":[{"@type":"WebPage","@id":"https:\/\/megapets.eu\/hu\/csigak\/archachatina-marginata-suturalis-szabvany-p1-re\/","url":"https:\/\/megapets.eu\/hu\/csigak\/archachatina-marginata-suturalis-szabvany-p1-re\/","name":"Archachatina marginata suturalis szabv\u00e1ny \/ P1-re | MegaPets","isPartOf":{"@id":"https:\/\/megapets.eu\/hu\/#website"},"primaryImageOfPage":{"@id":"https:\/\/megapets.eu\/hu\/csigak\/archachatina-marginata-suturalis-szabvany-p1-re\/#primaryimage"},"image":{"@id":"https:\/\/megapets.eu\/hu\/csigak\/archachatina-marginata-suturalis-szabvany-p1-re\/#primaryimage"},"thumbnailUrl":"https:\/\/megapets.eu\/wp-content\/uploads\/2025\/03\/Sutu-P1-Ex.png","datePublished":"2025-03-08T16:30:59+00:00","breadcrumb":{"@id":"https:\/\/megapets.eu\/hu\/csigak\/archachatina-marginata-suturalis-szabvany-p1-re\/#breadcrumb"},"inLanguage":"hu","potentialAction":[{"@type":"ReadAction","target":["https:\/\/megapets.eu\/hu\/csigak\/archachatina-marginata-suturalis-szabvany-p1-re\/"]}]},{"@type":"ImageObject","inLanguage":"hu","@id":"https:\/\/megapets.eu\/hu\/csigak\/archachatina-marginata-suturalis-szabvany-p1-re\/#primaryimage","url":"https:\/\/megapets.eu\/wp-content\/uploads\/2025\/03\/Sutu-P1-Ex.png","contentUrl":"https:\/\/megapets.eu\/wp-content\/uploads\/2025\/03\/Sutu-P1-Ex.png","width":1046,"height":704},{"@type":"BreadcrumbList","@id":"https:\/\/megapets.eu\/hu\/csigak\/archachatina-marginata-suturalis-szabvany-p1-re\/#breadcrumb","itemListElement":[{"@type":"ListItem","position":1,"name":"Strona g\u0142\u00f3wna","item":"https:\/\/megapets.eu\/hu\/"},{"@type":"ListItem","position":2,"name":"Bolt","item":"https:\/\/megapets.eu\/bolt\/"},{"@type":"ListItem","position":3,"name":"Archachatina marginata suturalis szabv\u00e1ny \/ P1-re"}]},{"@type":"WebSite","@id":"https:\/\/megapets.eu\/hu\/#website","url":"https:\/\/megapets.eu\/hu\/","name":"Mega Pets","description":"Jedna z najwi\u0119kszych hodowli \u015blimak\u00f3w w Europie","publisher":{"@id":"https:\/\/megapets.eu\/hu\/#organization"},"alternateName":"Mega Pets","potentialAction":[{"@type":"SearchAction","target":{"@type":"EntryPoint","urlTemplate":"https:\/\/megapets.eu\/hu\/?s={search_term_string}"},"query-input":{"@type":"PropertyValueSpecification","valueRequired":true,"valueName":"search_term_string"}}],"inLanguage":"hu"},{"@type":"Organization","@id":"https:\/\/megapets.eu\/hu\/#organization","name":"Mega Pets","url":"https:\/\/megapets.eu\/hu\/","logo":{"@type":"ImageObject","inLanguage":"hu","@id":"https:\/\/megapets.eu\/hu\/#\/schema\/logo\/image\/","url":"https:\/\/megapets.eu\/wp-content\/uploads\/2025\/04\/megapets_eu-logo.png","contentUrl":"https:\/\/megapets.eu\/wp-content\/uploads\/2025\/04\/megapets_eu-logo.png","width":2362,"height":2362,"caption":"Mega Pets"},"image":{"@id":"https:\/\/megapets.eu\/hu\/#\/schema\/logo\/image\/"},"sameAs":["https:\/\/www.facebook.com\/MegaPets.eu\/"]}]}},"_links":{"self":[{"href":"https:\/\/megapets.eu\/hu\/wp-json\/wp\/v2\/product\/8193","targetHints":{"allow":["GET"]}}],"collection":[{"href":"https:\/\/megapets.eu\/hu\/wp-json\/wp\/v2\/product"}],"about":[{"href":"https:\/\/megapets.eu\/hu\/wp-json\/wp\/v2\/types\/product"}],"wp:featuredmedia":[{"embeddable":true,"href":"https:\/\/megapets.eu\/hu\/wp-json\/wp\/v2\/media\/8198"}],"wp:attachment":[{"href":"https:\/\/megapets.eu\/hu\/wp-json\/wp\/v2\/media?parent=8193"}],"wp:term":[{"taxonomy":"product_cat","embeddable":true,"href":"https:\/\/megapets.eu\/hu\/wp-json\/wp\/v2\/product_cat?post=8193"},{"taxonomy":"product_tag","embeddable":true,"href":"https:\/\/megapets.eu\/hu\/wp-json\/wp\/v2\/product_tag?post=8193"}],"curies":[{"name":"wp","href":"https:\/\/api.w.org\/{rel}","templated":true}]}}