{"id":8218,"date":"2024-10-06T08:36:06","date_gmt":"2024-10-06T08:36:06","guid":{"rendered":"https:\/\/megapets.eu\/nem-kategorizalt\/euphrynichus-bacilliferterrariumi-pokhalos-allat\/"},"modified":"2024-10-06T08:36:06","modified_gmt":"2024-10-06T08:36:06","slug":"euphrynichus-bacilliferterrariumi-pokhalos-allat","status":"publish","type":"product","link":"https:\/\/megapets.eu\/hu\/egyeb\/euphrynichus-bacilliferterrariumi-pokhalos-allat\/","title":{"rendered":"Euphrynichus bacillifer<br \/>Terr\u00e1riumi p\u00f3kh\u00e1l\u00f3s \u00e1llat"},"content":{"rendered":"<p class=\"v1v1v1v1MsoNormal\"><span style=\"color: #424242;\"><strong><em><span style=\"font-size: 15px;\">Amblypygi: Euphrynichus bacillifer fajok.<\/span><\/em><\/strong><\/span><\/p>\n<p><strong style=\"color: #424242;\"><em><span style=\"font-size: 15px;\"><strong><span class=\"x1xsqp64 xiy17q3 x1o6pynw x19co3pv xdj266r xcwd3tp xat24cr x39eecv x2b8uid\" data-testid=\"emoji\"><span class=\"xexx8yu xn5pp95 x18d9i69 x2fxd7x x3jgonx x1bhl96m\"><br \/>\n<img decoding=\"async\" src=\"https:\/\/static.xx.fbcdn.net\/images\/emoji.php\/v9\/tba\/1\/16\/1f54a.png\" alt=\"\ud83d\udd4a\" \/><img decoding=\"async\" src=\"https:\/\/static.xx.fbcdn.net\/images\/emoji.php\/v9\/t1e\/1\/16\/1f33f.png\" alt=\"\ud83c\udf3f\" \/><img decoding=\"async\" src=\"https:\/\/static.xx.fbcdn.net\/images\/emoji.php\/v9\/tba\/1\/16\/1f54a.png\" alt=\"\ud83d\udd4a\" \/><img decoding=\"async\" src=\"https:\/\/static.xx.fbcdn.net\/images\/emoji.php\/v9\/t1e\/1\/16\/1f33f.png\" alt=\"\ud83c\udf3f\" \/><img decoding=\"async\" src=\"https:\/\/static.xx.fbcdn.net\/images\/emoji.php\/v9\/tba\/1\/16\/1f54a.png\" alt=\"\ud83d\udd4a\" \/>Amblypygi Euphrynichus bacillifer nem m\u00e9rgez\u0151 \u00e1llatok, szel\u00eddek \u00e9s k\u00f6nnyen tarthat\u00f3k, kezd\u0151knek aj\u00e1nlott. Az Euphrynichus bacillifer fajba tartoz\u00f3 p\u00f3kok \ud83d\udd77\ud83d\udd78 ak\u00e1r egy teny\u00e9rnyi nagys\u00e1g\u00fara is megn\u0151nek\ud83d\udda4. <\/span><\/span><\/strong><\/span><\/em><\/strong><\/p>\n<p><strong style=\"color: #424242;\"><em><span style=\"font-size: 15px;\"><strong><span class=\"x1xsqp64 xiy17q3 x1o6pynw x19co3pv xdj266r xcwd3tp xat24cr x39eecv x2b8uid\" data-testid=\"emoji\"><span class=\"xexx8yu xn5pp95 x18d9i69 x2fxd7x x3jgonx x1bhl96m\"><span style=\"font-size: 15px; color: #424242;\"><span style=\"color: #424242;\">\ud83d\udd77\ud83d\udd78\u2764\ufe0f<\/span><\/span><span style=\"font-size: 15px; color: #424242;\"><span style=\"color: #424242;\"> <\/span><\/span>Keresel valami men\u0151 teny\u00e9sz\u00e1llatot, amivel elkezdheted a teny\u00e9szt\u00e9st? Az Amblypygi (Phrynus) csod\u00e1latos \u00e1llatok, amelyek hatalmas m\u00e9ret\u0171re n\u0151nek, ak\u00e1r teny\u00e9rnyi m\u00e9ret\u0171re is. Az Euphrynichus bacillifer abban k\u00fcl\u00f6nb\u00f6zik a t\u00f6bbi amblypygi fajt\u00f3l, hogy nagyon k\u00f6nnyen tarthat\u00f3, \u00e9s kezd\u0151knek aj\u00e1nlott. Ezt a fajta amblypygot nagyon nyugodt \u00e9s harmonikus viselked\u00e9se k\u00fcl\u00f6nb\u00f6zteti meg. Ritk\u00e1n tan\u00fas\u00edt v\u00e9dekez\u0151 magatart\u00e1st, \u00e9s nem zs\u00e1km\u00e1nyolja saj\u00e1t faj\u00e1t, ink\u00e1bb a t\u00fccsk\u00f6ket \u00e9s a cs\u00f3t\u00e1nyokat r\u00e9szes\u00edti el\u0151nyben. Ez a faj gond n\u00e9lk\u00fcl \u00e1tesik a vedl\u00e9sen, \u00e9s fogs\u00e1gban szaporodik. Gyorsan n\u00f6vekszik \u00e9s kedveskedik gazd\u00e1inak.<\/span><\/span><\/strong><\/span><\/em><\/strong><\/p>\n<p><strong style=\"color: #424242;\"><em><span style=\"font-size: 15px;\"><strong><span class=\"x1xsqp64 xiy17q3 x1o6pynw x19co3pv xdj266r xcwd3tp xat24cr x39eecv x2b8uid\" data-testid=\"emoji\"><span class=\"xexx8yu xn5pp95 x18d9i69 x2fxd7x x3jgonx x1bhl96m\"><img decoding=\"async\" src=\"https:\/\/static.xx.fbcdn.net\/images\/emoji.php\/v9\/t50\/1\/16\/1f525.png\" alt=\"\ud83d\udd25\" \/><img decoding=\"async\" src=\"https:\/\/static.xx.fbcdn.net\/images\/emoji.php\/v9\/t50\/1\/16\/1f525.png\" alt=\"\ud83d\udd25\" \/><img decoding=\"async\" src=\"https:\/\/static.xx.fbcdn.net\/images\/emoji.php\/v9\/t50\/1\/16\/1f525.png\" alt=\"\ud83d\udd25\" \/> Nagyon n\u00e9pszer\u0171 h\u00e1zi\u00e1llat, amelyet a Harry Potter negyedik r\u00e9sz\u00e9b\u0151l ismerhetsz <img decoding=\"async\" src=\"https:\/\/static.xx.fbcdn.net\/images\/emoji.php\/v9\/t50\/1\/16\/1f525.png\" alt=\"\ud83d\udd25\" \/><img decoding=\"async\" src=\"https:\/\/static.xx.fbcdn.net\/images\/emoji.php\/v9\/t50\/1\/16\/1f525.png\" alt=\"\ud83d\udd25\" \/><img decoding=\"async\" src=\"https:\/\/static.xx.fbcdn.net\/images\/emoji.php\/v9\/t50\/1\/16\/1f525.png\" alt=\"\ud83d\udd25\" \/>.<\/span><\/span><\/strong><\/span><\/em><\/strong><\/p>\n<p><strong style=\"color: #424242;\"><strong><em><span style=\"font-size: 15px; color: #424242;\"><span style=\"font-size: 15px;\"><span class=\"x1xsqp64 xiy17q3 x1o6pynw x19co3pv xdj266r xcwd3tp xat24cr x39eecv x2b8uid\" data-testid=\"emoji\"><span class=\"xexx8yu xn5pp95 x18d9i69 x2fxd7x x3jgonx x1bhl96m\"><span style=\"color: #424242;\">\u2764\ufe0f\ud83e\udde1\u2764\ufe0f <\/span><\/span><\/span><\/span>Keresel valami sz\u00f3rakoztat\u00f3 teny\u00e9sz\u00e1llatot, amivel elkezdheted? Az ugr\u00f3fark\u00faak gy\u00f6ny\u00f6r\u0171 \u00e9s k\u00f6nnyen tarthat\u00f3 l\u00e9nyek, az ember sz\u00e1m\u00e1ra teljesen biztons\u00e1gosak \u00e9s nem harapnak. Gyenge \u00e1llkapcsuk van, amely a n\u00f6v\u00e9nyi anyagok apr\u00edt\u00e1s\u00e1hoz alkalmazkodott. Az ugr\u00f3bogarak a nedves helyeket kedvelik, az aljzat fels\u0151 r\u00e9teg\u00e9ben \u00e9lnek, \u00e9s levelekkel, a krokodilok teny\u00e9szt\u00e9s\u00e9re kialak\u00edtott t\u00f6bbkomponens\u0171 aljzattal, valamint z\u00f6lds\u00e9gekkel \u00e9s gy\u00fcm\u00f6lcs\u00f6kkel t\u00e1pl\u00e1lkoznak.<\/span><\/em><\/strong><\/strong><\/p>\n<p class=\"v1v1v1v1MsoNormal\"><span style=\"color: #424242;\"><strong><em><span style=\"font-size: 15px;\"><span class=\"x1xsqp64 xiy17q3 x1o6pynw x19co3pv xdj266r xcwd3tp xat24cr x39eecv x2b8uid\" data-testid=\"emoji\"><span class=\"xexx8yu xn5pp95 x18d9i69 x2fxd7x x3jgonx x1bhl96m\"><img decoding=\"async\" src=\"https:\/\/static.xx.fbcdn.net\/images\/emoji.php\/v9\/t1e\/1\/16\/1f33f.png\" alt=\"\ud83c\udf3f\" \/> <\/span><\/span>Minden, amire egy ilyen \u00e1llatnak sz\u00fcks\u00e9ge van a sikeres fejl\u0151d\u00e9shez \u00e9s a terr\u00e1riumban val\u00f3 \u00e9lethez:<\/span><\/em><\/strong><\/span><\/p>\n<p class=\"v1v1v1v1MsoNormal\"><span style=\"color: #008000;\"><strong><em><span style=\"font-size: 15px;\">* parafa t\u00f6lgyfak\u00e9reg. Az \u00e1llat \u00e9lete nagy r\u00e9sz\u00e9t a k\u00e9regben t\u00f6lti, vedlik, t\u00e1pl\u00e1lkozik \u00e9s egy \u00e1rny\u00e9kos helyet haszn\u00e1l b\u00fav\u00f3helyk\u00e9nt.<\/span><\/em><\/strong><\/span><\/p>\n<p class=\"v1v1v1v1MsoNormal\"><span style=\"color: #008000;\"><strong><em><span style=\"font-size: 15px;\">* Aj\u00e1nlott szobah\u0151m\u00e9rs\u00e9klet 22-26 \u00b0C, p\u00e1ratartalom 70%. <\/span><\/em><\/strong><\/span><\/p>\n<p class=\"v1v1v1v1MsoNormal\"><span style=\"color: #008000;\"><strong><em><span style=\"font-size: 15px;\">* A p\u00f3kn\u00e1l 2-3-szor kisebb t\u00fccsk\u00f6k \u00e9s cs\u00f3t\u00e1nyok jelentik egy ilyen h\u00e1zi\u00e1llat alapt\u00e1pl\u00e1l\u00e9k\u00e1t.<\/span><\/em><\/strong><\/span><\/p>\n<p class=\"v1v1v1v1MsoNormal\"><span style=\"color: #008000;\"><strong><em><span style=\"font-size: 15px;\">* Az amblypid\u00e1knak j\u00f3 szell\u0151z\u00e9sre van sz\u00fcks\u00e9g\u00fck, nem t\u0171rik a pen\u00e9szt \u00e9s a pang\u00f3 leveg\u0151t. A h\u00e1l\u00f3 csak a terr\u00e1rium szell\u0151ztet\u00e9s\u00e9re szolg\u00e1l;<\/span><\/em><\/strong><\/span><\/p>\n<p class=\"v1v1v1v1MsoNormal\"><span style=\"color: #008000;\"><strong><em><span style=\"font-size: 15px;\">* A vermikulit az ide\u00e1lis aljzat az ilyen t\u00edpus\u00fa \u00e1llatok tart\u00e1s\u00e1hoz. Nem enged a pen\u00e9sznek, a nemk\u00edv\u00e1natos vend\u00e9gek nem gy\u00f6kereznek meg rajta, \u00e9s k\u00f6nny\u0171 fenntartani a megfelel\u0151 p\u00e1ratartalmat.<\/span><\/em><\/strong><\/span><\/p>\n","protected":false},"excerpt":{"rendered":"<ul class=\"product_attributes\">\n<li><strong>Az egyedek c\u00e9lm\u00e9rete:<\/strong> <span style=\"color: #000000;\">kb. 8 cm<\/span><\/li>\n<li>Felaj\u00e1nlott fiatal egyedek: 1-2<span style=\"color: #000000;\"> cm<\/span><\/li>\n<li>Az \u00e1r a k\u00f6vetkez\u0151kre vonatkozik: 1<span style=\"color: #000000;\"> db<\/span><\/li>\n<\/ul>\n","protected":false},"featured_media":8219,"template":"","meta":{"_acf_changed":false,"_links_to":"","_links_to_target":""},"product_cat":[203],"product_tag":[],"class_list":{"0":"post-8218","1":"product","2":"type-product","3":"status-publish","4":"has-post-thumbnail","6":"product_cat-egyeb","8":"first","9":"instock","10":"shipping-taxable","11":"purchasable","12":"product-type-simple"},"acf":[],"yoast_head":"<!-- This site is optimized with the Yoast SEO plugin v24.9 - https:\/\/yoast.com\/wordpress\/plugins\/seo\/ -->\n<title>Euphrynichus bacilliferTerr\u00e1riumi p\u00f3kh\u00e1l\u00f3s \u00e1llat | MegaPets<\/title>\n<meta name=\"robots\" content=\"index, follow, max-snippet:-1, max-image-preview:large, max-video-preview:-1\" \/>\n<link rel=\"canonical\" href=\"https:\/\/megapets.eu\/hu\/egyeb\/euphrynichus-bacilliferterrariumi-pokhalos-allat\/\" \/>\n<meta property=\"og:locale\" content=\"hu_HU\" \/>\n<meta property=\"og:type\" content=\"article\" \/>\n<meta property=\"og:title\" content=\"Euphrynichus bacilliferTerr\u00e1riumi p\u00f3kh\u00e1l\u00f3s \u00e1llat | MegaPets\" \/>\n<meta property=\"og:description\" content=\"Az egyedek c\u00e9lm\u00e9rete: kb. 8 cm  Felaj\u00e1nlott fiatal egyedek: 1-2 cm  Az \u00e1r a k\u00f6vetkez\u0151kre vonatkozik: 1 db\" \/>\n<meta property=\"og:url\" content=\"https:\/\/megapets.eu\/hu\/egyeb\/euphrynichus-bacilliferterrariumi-pokhalos-allat\/\" \/>\n<meta property=\"og:site_name\" content=\"MegaPets\" \/>\n<meta property=\"article:publisher\" content=\"https:\/\/www.facebook.com\/MegaPets.eu\/\" \/>\n<meta property=\"og:image\" content=\"https:\/\/megapets.eu\/wp-content\/uploads\/2024\/10\/5-3-1024x683.png\" \/>\n\t<meta property=\"og:image:width\" content=\"1024\" \/>\n\t<meta property=\"og:image:height\" content=\"683\" \/>\n\t<meta property=\"og:image:type\" content=\"image\/png\" \/>\n<meta name=\"twitter:card\" content=\"summary_large_image\" \/>\n<meta name=\"twitter:label1\" content=\"Becs\u00fclt olvas\u00e1si id\u0151\" \/>\n\t<meta name=\"twitter:data1\" content=\"2 perc\" \/>\n<script type=\"application\/ld+json\" class=\"yoast-schema-graph\">{\"@context\":\"https:\/\/schema.org\",\"@graph\":[{\"@type\":\"WebPage\",\"@id\":\"https:\/\/megapets.eu\/hu\/egyeb\/euphrynichus-bacilliferterrariumi-pokhalos-allat\/\",\"url\":\"https:\/\/megapets.eu\/hu\/egyeb\/euphrynichus-bacilliferterrariumi-pokhalos-allat\/\",\"name\":\"Euphrynichus bacillifer Terr\u00e1riumi p\u00f3kh\u00e1l\u00f3s \u00e1llat | MegaPets\",\"isPartOf\":{\"@id\":\"https:\/\/megapets.eu\/hu\/#website\"},\"primaryImageOfPage\":{\"@id\":\"https:\/\/megapets.eu\/hu\/egyeb\/euphrynichus-bacilliferterrariumi-pokhalos-allat\/#primaryimage\"},\"image\":{\"@id\":\"https:\/\/megapets.eu\/hu\/egyeb\/euphrynichus-bacilliferterrariumi-pokhalos-allat\/#primaryimage\"},\"thumbnailUrl\":\"https:\/\/megapets.eu\/wp-content\/uploads\/2024\/10\/5-3.png\",\"datePublished\":\"2024-10-06T08:36:06+00:00\",\"breadcrumb\":{\"@id\":\"https:\/\/megapets.eu\/hu\/egyeb\/euphrynichus-bacilliferterrariumi-pokhalos-allat\/#breadcrumb\"},\"inLanguage\":\"hu\",\"potentialAction\":[{\"@type\":\"ReadAction\",\"target\":[\"https:\/\/megapets.eu\/hu\/egyeb\/euphrynichus-bacilliferterrariumi-pokhalos-allat\/\"]}]},{\"@type\":\"ImageObject\",\"inLanguage\":\"hu\",\"@id\":\"https:\/\/megapets.eu\/hu\/egyeb\/euphrynichus-bacilliferterrariumi-pokhalos-allat\/#primaryimage\",\"url\":\"https:\/\/megapets.eu\/wp-content\/uploads\/2024\/10\/5-3.png\",\"contentUrl\":\"https:\/\/megapets.eu\/wp-content\/uploads\/2024\/10\/5-3.png\",\"width\":3390,\"height\":2260},{\"@type\":\"BreadcrumbList\",\"@id\":\"https:\/\/megapets.eu\/hu\/egyeb\/euphrynichus-bacilliferterrariumi-pokhalos-allat\/#breadcrumb\",\"itemListElement\":[{\"@type\":\"ListItem\",\"position\":1,\"name\":\"Strona g\u0142\u00f3wna\",\"item\":\"https:\/\/megapets.eu\/hu\/\"},{\"@type\":\"ListItem\",\"position\":2,\"name\":\"Bolt\",\"item\":\"https:\/\/megapets.eu\/bolt\/\"},{\"@type\":\"ListItem\",\"position\":3,\"name\":\"Euphrynichus bacilliferTerr\u00e1riumi p\u00f3kh\u00e1l\u00f3s \u00e1llat\"}]},{\"@type\":\"WebSite\",\"@id\":\"https:\/\/megapets.eu\/hu\/#website\",\"url\":\"https:\/\/megapets.eu\/hu\/\",\"name\":\"Mega Pets\",\"description\":\"Jedna z najwi\u0119kszych hodowli \u015blimak\u00f3w w Europie\",\"publisher\":{\"@id\":\"https:\/\/megapets.eu\/hu\/#organization\"},\"alternateName\":\"Mega Pets\",\"potentialAction\":[{\"@type\":\"SearchAction\",\"target\":{\"@type\":\"EntryPoint\",\"urlTemplate\":\"https:\/\/megapets.eu\/hu\/?s={search_term_string}\"},\"query-input\":{\"@type\":\"PropertyValueSpecification\",\"valueRequired\":true,\"valueName\":\"search_term_string\"}}],\"inLanguage\":\"hu\"},{\"@type\":\"Organization\",\"@id\":\"https:\/\/megapets.eu\/hu\/#organization\",\"name\":\"Mega Pets\",\"url\":\"https:\/\/megapets.eu\/hu\/\",\"logo\":{\"@type\":\"ImageObject\",\"inLanguage\":\"hu\",\"@id\":\"https:\/\/megapets.eu\/hu\/#\/schema\/logo\/image\/\",\"url\":\"https:\/\/megapets.eu\/wp-content\/uploads\/2025\/04\/megapets_eu-logo.png\",\"contentUrl\":\"https:\/\/megapets.eu\/wp-content\/uploads\/2025\/04\/megapets_eu-logo.png\",\"width\":2362,\"height\":2362,\"caption\":\"Mega Pets\"},\"image\":{\"@id\":\"https:\/\/megapets.eu\/hu\/#\/schema\/logo\/image\/\"},\"sameAs\":[\"https:\/\/www.facebook.com\/MegaPets.eu\/\"]}]}<\/script>\n<!-- \/ Yoast SEO plugin. -->","yoast_head_json":{"title":"Euphrynichus bacilliferTerr\u00e1riumi p\u00f3kh\u00e1l\u00f3s \u00e1llat | MegaPets","robots":{"index":"index","follow":"follow","max-snippet":"max-snippet:-1","max-image-preview":"max-image-preview:large","max-video-preview":"max-video-preview:-1"},"canonical":"https:\/\/megapets.eu\/hu\/egyeb\/euphrynichus-bacilliferterrariumi-pokhalos-allat\/","og_locale":"hu_HU","og_type":"article","og_title":"Euphrynichus bacilliferTerr\u00e1riumi p\u00f3kh\u00e1l\u00f3s \u00e1llat | MegaPets","og_description":"Az egyedek c\u00e9lm\u00e9rete: kb. 8 cm  Felaj\u00e1nlott fiatal egyedek: 1-2 cm  Az \u00e1r a k\u00f6vetkez\u0151kre vonatkozik: 1 db","og_url":"https:\/\/megapets.eu\/hu\/egyeb\/euphrynichus-bacilliferterrariumi-pokhalos-allat\/","og_site_name":"MegaPets","article_publisher":"https:\/\/www.facebook.com\/MegaPets.eu\/","og_image":[{"width":1024,"height":683,"url":"https:\/\/megapets.eu\/wp-content\/uploads\/2024\/10\/5-3-1024x683.png","type":"image\/png"}],"twitter_card":"summary_large_image","twitter_misc":{"Becs\u00fclt olvas\u00e1si id\u0151":"2 perc"},"schema":{"@context":"https:\/\/schema.org","@graph":[{"@type":"WebPage","@id":"https:\/\/megapets.eu\/hu\/egyeb\/euphrynichus-bacilliferterrariumi-pokhalos-allat\/","url":"https:\/\/megapets.eu\/hu\/egyeb\/euphrynichus-bacilliferterrariumi-pokhalos-allat\/","name":"Euphrynichus bacillifer Terr\u00e1riumi p\u00f3kh\u00e1l\u00f3s \u00e1llat | MegaPets","isPartOf":{"@id":"https:\/\/megapets.eu\/hu\/#website"},"primaryImageOfPage":{"@id":"https:\/\/megapets.eu\/hu\/egyeb\/euphrynichus-bacilliferterrariumi-pokhalos-allat\/#primaryimage"},"image":{"@id":"https:\/\/megapets.eu\/hu\/egyeb\/euphrynichus-bacilliferterrariumi-pokhalos-allat\/#primaryimage"},"thumbnailUrl":"https:\/\/megapets.eu\/wp-content\/uploads\/2024\/10\/5-3.png","datePublished":"2024-10-06T08:36:06+00:00","breadcrumb":{"@id":"https:\/\/megapets.eu\/hu\/egyeb\/euphrynichus-bacilliferterrariumi-pokhalos-allat\/#breadcrumb"},"inLanguage":"hu","potentialAction":[{"@type":"ReadAction","target":["https:\/\/megapets.eu\/hu\/egyeb\/euphrynichus-bacilliferterrariumi-pokhalos-allat\/"]}]},{"@type":"ImageObject","inLanguage":"hu","@id":"https:\/\/megapets.eu\/hu\/egyeb\/euphrynichus-bacilliferterrariumi-pokhalos-allat\/#primaryimage","url":"https:\/\/megapets.eu\/wp-content\/uploads\/2024\/10\/5-3.png","contentUrl":"https:\/\/megapets.eu\/wp-content\/uploads\/2024\/10\/5-3.png","width":3390,"height":2260},{"@type":"BreadcrumbList","@id":"https:\/\/megapets.eu\/hu\/egyeb\/euphrynichus-bacilliferterrariumi-pokhalos-allat\/#breadcrumb","itemListElement":[{"@type":"ListItem","position":1,"name":"Strona g\u0142\u00f3wna","item":"https:\/\/megapets.eu\/hu\/"},{"@type":"ListItem","position":2,"name":"Bolt","item":"https:\/\/megapets.eu\/bolt\/"},{"@type":"ListItem","position":3,"name":"Euphrynichus bacilliferTerr\u00e1riumi p\u00f3kh\u00e1l\u00f3s \u00e1llat"}]},{"@type":"WebSite","@id":"https:\/\/megapets.eu\/hu\/#website","url":"https:\/\/megapets.eu\/hu\/","name":"Mega Pets","description":"Jedna z najwi\u0119kszych hodowli \u015blimak\u00f3w w Europie","publisher":{"@id":"https:\/\/megapets.eu\/hu\/#organization"},"alternateName":"Mega Pets","potentialAction":[{"@type":"SearchAction","target":{"@type":"EntryPoint","urlTemplate":"https:\/\/megapets.eu\/hu\/?s={search_term_string}"},"query-input":{"@type":"PropertyValueSpecification","valueRequired":true,"valueName":"search_term_string"}}],"inLanguage":"hu"},{"@type":"Organization","@id":"https:\/\/megapets.eu\/hu\/#organization","name":"Mega Pets","url":"https:\/\/megapets.eu\/hu\/","logo":{"@type":"ImageObject","inLanguage":"hu","@id":"https:\/\/megapets.eu\/hu\/#\/schema\/logo\/image\/","url":"https:\/\/megapets.eu\/wp-content\/uploads\/2025\/04\/megapets_eu-logo.png","contentUrl":"https:\/\/megapets.eu\/wp-content\/uploads\/2025\/04\/megapets_eu-logo.png","width":2362,"height":2362,"caption":"Mega Pets"},"image":{"@id":"https:\/\/megapets.eu\/hu\/#\/schema\/logo\/image\/"},"sameAs":["https:\/\/www.facebook.com\/MegaPets.eu\/"]}]}},"_links":{"self":[{"href":"https:\/\/megapets.eu\/hu\/wp-json\/wp\/v2\/product\/8218","targetHints":{"allow":["GET"]}}],"collection":[{"href":"https:\/\/megapets.eu\/hu\/wp-json\/wp\/v2\/product"}],"about":[{"href":"https:\/\/megapets.eu\/hu\/wp-json\/wp\/v2\/types\/product"}],"wp:featuredmedia":[{"embeddable":true,"href":"https:\/\/megapets.eu\/hu\/wp-json\/wp\/v2\/media\/8219"}],"wp:attachment":[{"href":"https:\/\/megapets.eu\/hu\/wp-json\/wp\/v2\/media?parent=8218"}],"wp:term":[{"taxonomy":"product_cat","embeddable":true,"href":"https:\/\/megapets.eu\/hu\/wp-json\/wp\/v2\/product_cat?post=8218"},{"taxonomy":"product_tag","embeddable":true,"href":"https:\/\/megapets.eu\/hu\/wp-json\/wp\/v2\/product_tag?post=8218"}],"curies":[{"name":"wp","href":"https:\/\/api.w.org\/{rel}","templated":true}]}}