{"id":8223,"date":"2024-10-05T20:01:59","date_gmt":"2024-10-05T20:01:59","guid":{"rendered":"https:\/\/megapets.eu\/nem-kategorizalt\/armadillidium-gestroi-intensive-yellowtakarito-szemelyzet\/"},"modified":"2024-10-05T20:01:59","modified_gmt":"2024-10-05T20:01:59","slug":"armadillidium-gestroi-intensive-yellowtakarito-szemelyzet","status":"publish","type":"product","link":"https:\/\/megapets.eu\/hu\/isopodak\/armadillidium-gestroi-intensive-yellowtakarito-szemelyzet\/","title":{"rendered":"Armadillidium gestroi &#8222;Intensive Yellow\u201e<br \/>&#8222;Takar\u00edt\u00f3 szem\u00e9lyzet\u201e"},"content":{"rendered":"<p class=\"v1v1v1v1MsoNormal\"><span style=\"color: #424242;\"><strong><em><span style=\"font-size: 15px;\">Prosions \/ Culottes: g<\/span><\/em><\/strong><strong><em><span style=\"font-size: 15px;\">atunek Armadillidium gestroi.<\/span><\/em><\/strong><\/span><\/p>\n<p><strong style=\"color: #424242;\"><em><span style=\"font-size: 15px;\"><strong><span class=\"x1xsqp64 xiy17q3 x1o6pynw x19co3pv xdj266r xcwd3tp xat24cr x39eecv x2b8uid\" data-testid=\"emoji\"><span class=\"xexx8yu xn5pp95 x18d9i69 x2fxd7x x3jgonx x1bhl96m\">Armadillidium gestroi <span style=\"font-size: 15px; color: #424242;\"><span style=\"color: #424242;\">\ud83d\udc9b<\/span><\/span><span style=\"font-size: 15px; color: #424242;\"><span style=\"color: #424242;\">\ud83d\udda4<\/span><\/span><span style=\"font-size: 15px; color: #424242;\"><span style=\"color: #424242;\">\ud83d\udc9b, \u0142<\/span><\/span><\/span><\/span><\/strong><\/span><\/em><\/strong><strong style=\"color: #424242;\"><em><span style=\"font-size: 15px;\"><strong><span class=\"x1xsqp64 xiy17q3 x1o6pynw x19co3pv xdj266r xcwd3tp xat24cr x39eecv x2b8uid\" data-testid=\"emoji\"><span class=\"xexx8yu xn5pp95 x18d9i69 x2fxd7x x3jgonx x1bhl96m\">atisok k\u00f6nnyen karbantarthat\u00f3k, ez\u00e9rt ide\u00e1lisak kezd\u0151k sz\u00e1m\u00e1ra.<\/span><\/span><\/strong><\/span><\/em><\/strong><\/p>\n<p><strong style=\"color: #424242;\"><strong><em><span style=\"font-size: 15px; color: #424242;\"><strong><span style=\"font-size: 15px;\"><span class=\"x1xsqp64 xiy17q3 x1o6pynw x19co3pv xdj266r xcwd3tp xat24cr x39eecv x2b8uid\" data-testid=\"emoji\"><span class=\"xexx8yu xn5pp95 x18d9i69 x2fxd7x x3jgonx x1bhl96m\"><span style=\"color: #424242;\">\ud83d\udda4<\/span><span style=\"color: #424242;\">\ud83d\udc9b\ud83d\udda4 <\/span><\/span><\/span><\/span>Keresel valami sz\u00f3rakoztat\u00f3 teny\u00e9sz\u00e1llatot, amivel elkezdheted? <\/strong> A pr\u00e9rifarkasok \u00e9s pum\u00e1k<strong> <\/strong>gy\u00f6ny\u00f6r\u0171 \u00e9s k\u00f6nnyen tarthat\u00f3 l\u00e9nyek, teljesen biztons\u00e1gosak az ember sz\u00e1m\u00e1ra, \u00e9s nem harapnak. Gyenge \u00e1llkapcsuk van, amely a n\u00f6v\u00e9nyi anyagok apr\u00edt\u00e1s\u00e1ra van be\u00e1ll\u00edtva. Az izopod\u00e1k a nedves helyeket kedvelik, az aljzat fels\u0151 r\u00e9teg\u00e9ben \u00e9lnek, \u00e9s levelekkel, a krokodilok sz\u00e1m\u00e1ra kifejlesztett t\u00f6bbkomponens\u0171 aljzattal, valamint z\u00f6lds\u00e9gekkel \u00e9s gy\u00fcm\u00f6lcs\u00f6kkel t\u00e1pl\u00e1lkoznak.<\/span><\/em><\/strong><\/strong><\/p>\n<p class=\"v1v1v1v1MsoNormal\"><span style=\"color: #424242;\"><strong><em><span style=\"font-size: 15px;\"><span class=\"x1xsqp64 xiy17q3 x1o6pynw x19co3pv xdj266r xcwd3tp xat24cr x39eecv x2b8uid\" data-testid=\"emoji\"><span class=\"xexx8yu xn5pp95 x18d9i69 x2fxd7x x3jgonx x1bhl96m\">\ud83c\udf3f <\/span><\/span>Minden, amire egy ilyen \u00e1llatnak sz\u00fcks\u00e9ge van a sikeres fejl\u0151d\u00e9shez \u00e9s a terr\u00e1riumban val\u00f3 \u00e9lethez:<\/span><\/em><\/strong><\/span><\/p>\n<p class=\"v1v1v1v1MsoNormal\"><span style=\"color: #008000;\"><strong><em><span style=\"font-size: 15px;\">* Aljzat \/ t\u00e1pl\u00e1l\u00e9k: Krokodil \u00e9s f\u00e9reg aljzat vagy k\u00f3kusz aljzat;<\/span><\/em><\/strong><\/span><\/p>\n<p class=\"v1v1v1v1MsoNormal\"><span style=\"color: #008000;\"><strong><em><span style=\"font-size: 15px;\">* T\u00e1p: Friss z\u00f6lds\u00e9gek \u00e9s gy\u00fcm\u00f6lcs\u00f6k;<\/span><\/em><\/strong><\/span><\/p>\n<p class=\"v1v1v1v1MsoNormal\"><span style=\"color: #008000;\"><strong><em><span style=\"font-size: 15px;\">* T\u00e1p: Sepia &#8211; a tintahalcsont term\u00e9szetes kalciumforr\u00e1s a terr\u00e1riumi \u00e1llatok sz\u00e1m\u00e1ra; <\/span><\/em><\/strong><\/span><\/p>\n<p class=\"v1v1v1v1MsoNormal\"><span style=\"color: #008000;\"><strong><em><span style=\"font-size: 15px;\">* T\u00e1p: F\u00f6ldi gammarus &#8211; sz\u00e1r\u00edtott cs\u00edra, makro- \u00e9s mikrot\u00e1panyagokban gazdag, term\u00e9szetes \u00e1llati feh\u00e9rje- \u00e9s kitinforr\u00e1s (el\u00e9rhet\u0151 m\u00e1s aukci\u00f3nkon);<\/span><\/em><\/strong><\/span><\/p>\n<p class=\"v1v1v1v1MsoNormal\"><span style=\"color: #008000;\"><strong><em><span style=\"font-size: 15px;\">* Terr\u00e1rium: Faunabox vagy teny\u00e9szt\u0151ed\u00e9ny ide\u00e1lis az izopoda tart\u00e1s\u00e1ra;<\/span><\/em><\/strong><\/span><\/p>\n<p class=\"v1v1v1v1MsoNormal\"><span style=\"color: #008000;\"><strong><em><span style=\"font-size: 15px;\">* Ne hagyja, hogy az aljzat teljesen kisz\u00e1radjon, id\u0151nk\u00e9nt locsolja meg a terr\u00e1riumot.<\/span><\/em><\/strong><\/span><\/p>\n","protected":false},"excerpt":{"rendered":"<ul class=\"product_attributes\">\n<li><strong>A p\u00e9ld\u00e1nyok c\u00e9lm\u00e9rete:<\/strong> <span style=\"color: #000000;\">kb. 2 cm<\/span><\/li>\n<li>K\u00edn\u00e1lt p\u00e9ld\u00e1nyok: <span style=\"color: #000000;\">v\u00e9letlenszer\u0171en csomagolva<\/span><\/li>\n<li>Az \u00e1r egy k\u00e9szletre vonatkozik: <span style=\"color: #000000;\">6 darab<\/span><\/li>\n<\/ul>\n","protected":false},"featured_media":8224,"template":"","meta":{"_acf_changed":false,"_links_to":"","_links_to_target":""},"product_cat":[201],"product_tag":[],"class_list":{"0":"post-8223","1":"product","2":"type-product","3":"status-publish","4":"has-post-thumbnail","6":"product_cat-isopodak","8":"first","9":"outofstock","10":"shipping-taxable","11":"purchasable","12":"product-type-simple"},"acf":[],"yoast_head":"<!-- This site is optimized with the Yoast SEO plugin v24.9 - https:\/\/yoast.com\/wordpress\/plugins\/seo\/ -->\n<title>Armadillidium gestroi &quot;Intensive Yellow&quot;&quot;Takar\u00edt\u00f3 szem\u00e9lyzet&quot; | MegaPets<\/title>\n<meta name=\"robots\" content=\"index, follow, max-snippet:-1, max-image-preview:large, max-video-preview:-1\" \/>\n<link rel=\"canonical\" href=\"https:\/\/megapets.eu\/hu\/isopodak\/armadillidium-gestroi-intensive-yellowtakarito-szemelyzet\/\" \/>\n<meta property=\"og:locale\" content=\"hu_HU\" \/>\n<meta property=\"og:type\" content=\"article\" \/>\n<meta property=\"og:title\" content=\"Armadillidium gestroi &quot;Intensive Yellow&quot;&quot;Takar\u00edt\u00f3 szem\u00e9lyzet&quot; | MegaPets\" \/>\n<meta property=\"og:description\" content=\"A p\u00e9ld\u00e1nyok c\u00e9lm\u00e9rete: kb. 2 cm  K\u00edn\u00e1lt p\u00e9ld\u00e1nyok: v\u00e9letlenszer\u0171en csomagolva  Az \u00e1r egy k\u00e9szletre vonatkozik: 6 darab\" \/>\n<meta property=\"og:url\" content=\"https:\/\/megapets.eu\/hu\/isopodak\/armadillidium-gestroi-intensive-yellowtakarito-szemelyzet\/\" \/>\n<meta property=\"og:site_name\" content=\"MegaPets\" \/>\n<meta property=\"article:publisher\" content=\"https:\/\/www.facebook.com\/MegaPets.eu\/\" \/>\n<meta property=\"og:image\" content=\"https:\/\/megapets.eu\/wp-content\/uploads\/2024\/10\/2-logo1.png\" \/>\n\t<meta property=\"og:image:width\" content=\"1048\" \/>\n\t<meta property=\"og:image:height\" content=\"692\" \/>\n\t<meta property=\"og:image:type\" content=\"image\/png\" \/>\n<meta name=\"twitter:card\" content=\"summary_large_image\" \/>\n<meta name=\"twitter:label1\" content=\"Becs\u00fclt olvas\u00e1si id\u0151\" \/>\n\t<meta name=\"twitter:data1\" content=\"1 perc\" \/>\n<script type=\"application\/ld+json\" class=\"yoast-schema-graph\">{\"@context\":\"https:\/\/schema.org\",\"@graph\":[{\"@type\":\"WebPage\",\"@id\":\"https:\/\/megapets.eu\/hu\/isopodak\/armadillidium-gestroi-intensive-yellowtakarito-szemelyzet\/\",\"url\":\"https:\/\/megapets.eu\/hu\/isopodak\/armadillidium-gestroi-intensive-yellowtakarito-szemelyzet\/\",\"name\":\"Armadillidium gestroi \\\"Intensive Yellow\\\" \\\"Takar\u00edt\u00f3 szem\u00e9lyzet\\\" | MegaPets\",\"isPartOf\":{\"@id\":\"https:\/\/megapets.eu\/hu\/#website\"},\"primaryImageOfPage\":{\"@id\":\"https:\/\/megapets.eu\/hu\/isopodak\/armadillidium-gestroi-intensive-yellowtakarito-szemelyzet\/#primaryimage\"},\"image\":{\"@id\":\"https:\/\/megapets.eu\/hu\/isopodak\/armadillidium-gestroi-intensive-yellowtakarito-szemelyzet\/#primaryimage\"},\"thumbnailUrl\":\"https:\/\/megapets.eu\/wp-content\/uploads\/2024\/10\/2-logo1.png\",\"datePublished\":\"2024-10-05T20:01:59+00:00\",\"breadcrumb\":{\"@id\":\"https:\/\/megapets.eu\/hu\/isopodak\/armadillidium-gestroi-intensive-yellowtakarito-szemelyzet\/#breadcrumb\"},\"inLanguage\":\"hu\",\"potentialAction\":[{\"@type\":\"ReadAction\",\"target\":[\"https:\/\/megapets.eu\/hu\/isopodak\/armadillidium-gestroi-intensive-yellowtakarito-szemelyzet\/\"]}]},{\"@type\":\"ImageObject\",\"inLanguage\":\"hu\",\"@id\":\"https:\/\/megapets.eu\/hu\/isopodak\/armadillidium-gestroi-intensive-yellowtakarito-szemelyzet\/#primaryimage\",\"url\":\"https:\/\/megapets.eu\/wp-content\/uploads\/2024\/10\/2-logo1.png\",\"contentUrl\":\"https:\/\/megapets.eu\/wp-content\/uploads\/2024\/10\/2-logo1.png\",\"width\":1048,\"height\":692},{\"@type\":\"BreadcrumbList\",\"@id\":\"https:\/\/megapets.eu\/hu\/isopodak\/armadillidium-gestroi-intensive-yellowtakarito-szemelyzet\/#breadcrumb\",\"itemListElement\":[{\"@type\":\"ListItem\",\"position\":1,\"name\":\"Strona g\u0142\u00f3wna\",\"item\":\"https:\/\/megapets.eu\/hu\/\"},{\"@type\":\"ListItem\",\"position\":2,\"name\":\"Bolt\",\"item\":\"https:\/\/megapets.eu\/bolt\/\"},{\"@type\":\"ListItem\",\"position\":3,\"name\":\"Armadillidium gestroi &#8222;Intensive Yellow\\\"&#8222;Takar\u00edt\u00f3 szem\u00e9lyzet\\\"\"}]},{\"@type\":\"WebSite\",\"@id\":\"https:\/\/megapets.eu\/hu\/#website\",\"url\":\"https:\/\/megapets.eu\/hu\/\",\"name\":\"Mega Pets\",\"description\":\"Jedna z najwi\u0119kszych hodowli \u015blimak\u00f3w w Europie\",\"publisher\":{\"@id\":\"https:\/\/megapets.eu\/hu\/#organization\"},\"alternateName\":\"Mega Pets\",\"potentialAction\":[{\"@type\":\"SearchAction\",\"target\":{\"@type\":\"EntryPoint\",\"urlTemplate\":\"https:\/\/megapets.eu\/hu\/?s={search_term_string}\"},\"query-input\":{\"@type\":\"PropertyValueSpecification\",\"valueRequired\":true,\"valueName\":\"search_term_string\"}}],\"inLanguage\":\"hu\"},{\"@type\":\"Organization\",\"@id\":\"https:\/\/megapets.eu\/hu\/#organization\",\"name\":\"Mega Pets\",\"url\":\"https:\/\/megapets.eu\/hu\/\",\"logo\":{\"@type\":\"ImageObject\",\"inLanguage\":\"hu\",\"@id\":\"https:\/\/megapets.eu\/hu\/#\/schema\/logo\/image\/\",\"url\":\"https:\/\/megapets.eu\/wp-content\/uploads\/2025\/04\/megapets_eu-logo.png\",\"contentUrl\":\"https:\/\/megapets.eu\/wp-content\/uploads\/2025\/04\/megapets_eu-logo.png\",\"width\":2362,\"height\":2362,\"caption\":\"Mega Pets\"},\"image\":{\"@id\":\"https:\/\/megapets.eu\/hu\/#\/schema\/logo\/image\/\"},\"sameAs\":[\"https:\/\/www.facebook.com\/MegaPets.eu\/\"]}]}<\/script>\n<!-- \/ Yoast SEO plugin. -->","yoast_head_json":{"title":"Armadillidium gestroi \"Intensive Yellow\"\"Takar\u00edt\u00f3 szem\u00e9lyzet\" | MegaPets","robots":{"index":"index","follow":"follow","max-snippet":"max-snippet:-1","max-image-preview":"max-image-preview:large","max-video-preview":"max-video-preview:-1"},"canonical":"https:\/\/megapets.eu\/hu\/isopodak\/armadillidium-gestroi-intensive-yellowtakarito-szemelyzet\/","og_locale":"hu_HU","og_type":"article","og_title":"Armadillidium gestroi \"Intensive Yellow\"\"Takar\u00edt\u00f3 szem\u00e9lyzet\" | MegaPets","og_description":"A p\u00e9ld\u00e1nyok c\u00e9lm\u00e9rete: kb. 2 cm  K\u00edn\u00e1lt p\u00e9ld\u00e1nyok: v\u00e9letlenszer\u0171en csomagolva  Az \u00e1r egy k\u00e9szletre vonatkozik: 6 darab","og_url":"https:\/\/megapets.eu\/hu\/isopodak\/armadillidium-gestroi-intensive-yellowtakarito-szemelyzet\/","og_site_name":"MegaPets","article_publisher":"https:\/\/www.facebook.com\/MegaPets.eu\/","og_image":[{"width":1048,"height":692,"url":"https:\/\/megapets.eu\/wp-content\/uploads\/2024\/10\/2-logo1.png","type":"image\/png"}],"twitter_card":"summary_large_image","twitter_misc":{"Becs\u00fclt olvas\u00e1si id\u0151":"1 perc"},"schema":{"@context":"https:\/\/schema.org","@graph":[{"@type":"WebPage","@id":"https:\/\/megapets.eu\/hu\/isopodak\/armadillidium-gestroi-intensive-yellowtakarito-szemelyzet\/","url":"https:\/\/megapets.eu\/hu\/isopodak\/armadillidium-gestroi-intensive-yellowtakarito-szemelyzet\/","name":"Armadillidium gestroi \"Intensive Yellow\" \"Takar\u00edt\u00f3 szem\u00e9lyzet\" | MegaPets","isPartOf":{"@id":"https:\/\/megapets.eu\/hu\/#website"},"primaryImageOfPage":{"@id":"https:\/\/megapets.eu\/hu\/isopodak\/armadillidium-gestroi-intensive-yellowtakarito-szemelyzet\/#primaryimage"},"image":{"@id":"https:\/\/megapets.eu\/hu\/isopodak\/armadillidium-gestroi-intensive-yellowtakarito-szemelyzet\/#primaryimage"},"thumbnailUrl":"https:\/\/megapets.eu\/wp-content\/uploads\/2024\/10\/2-logo1.png","datePublished":"2024-10-05T20:01:59+00:00","breadcrumb":{"@id":"https:\/\/megapets.eu\/hu\/isopodak\/armadillidium-gestroi-intensive-yellowtakarito-szemelyzet\/#breadcrumb"},"inLanguage":"hu","potentialAction":[{"@type":"ReadAction","target":["https:\/\/megapets.eu\/hu\/isopodak\/armadillidium-gestroi-intensive-yellowtakarito-szemelyzet\/"]}]},{"@type":"ImageObject","inLanguage":"hu","@id":"https:\/\/megapets.eu\/hu\/isopodak\/armadillidium-gestroi-intensive-yellowtakarito-szemelyzet\/#primaryimage","url":"https:\/\/megapets.eu\/wp-content\/uploads\/2024\/10\/2-logo1.png","contentUrl":"https:\/\/megapets.eu\/wp-content\/uploads\/2024\/10\/2-logo1.png","width":1048,"height":692},{"@type":"BreadcrumbList","@id":"https:\/\/megapets.eu\/hu\/isopodak\/armadillidium-gestroi-intensive-yellowtakarito-szemelyzet\/#breadcrumb","itemListElement":[{"@type":"ListItem","position":1,"name":"Strona g\u0142\u00f3wna","item":"https:\/\/megapets.eu\/hu\/"},{"@type":"ListItem","position":2,"name":"Bolt","item":"https:\/\/megapets.eu\/bolt\/"},{"@type":"ListItem","position":3,"name":"Armadillidium gestroi &#8222;Intensive Yellow\"&#8222;Takar\u00edt\u00f3 szem\u00e9lyzet\""}]},{"@type":"WebSite","@id":"https:\/\/megapets.eu\/hu\/#website","url":"https:\/\/megapets.eu\/hu\/","name":"Mega Pets","description":"Jedna z najwi\u0119kszych hodowli \u015blimak\u00f3w w Europie","publisher":{"@id":"https:\/\/megapets.eu\/hu\/#organization"},"alternateName":"Mega Pets","potentialAction":[{"@type":"SearchAction","target":{"@type":"EntryPoint","urlTemplate":"https:\/\/megapets.eu\/hu\/?s={search_term_string}"},"query-input":{"@type":"PropertyValueSpecification","valueRequired":true,"valueName":"search_term_string"}}],"inLanguage":"hu"},{"@type":"Organization","@id":"https:\/\/megapets.eu\/hu\/#organization","name":"Mega Pets","url":"https:\/\/megapets.eu\/hu\/","logo":{"@type":"ImageObject","inLanguage":"hu","@id":"https:\/\/megapets.eu\/hu\/#\/schema\/logo\/image\/","url":"https:\/\/megapets.eu\/wp-content\/uploads\/2025\/04\/megapets_eu-logo.png","contentUrl":"https:\/\/megapets.eu\/wp-content\/uploads\/2025\/04\/megapets_eu-logo.png","width":2362,"height":2362,"caption":"Mega Pets"},"image":{"@id":"https:\/\/megapets.eu\/hu\/#\/schema\/logo\/image\/"},"sameAs":["https:\/\/www.facebook.com\/MegaPets.eu\/"]}]}},"_links":{"self":[{"href":"https:\/\/megapets.eu\/hu\/wp-json\/wp\/v2\/product\/8223","targetHints":{"allow":["GET"]}}],"collection":[{"href":"https:\/\/megapets.eu\/hu\/wp-json\/wp\/v2\/product"}],"about":[{"href":"https:\/\/megapets.eu\/hu\/wp-json\/wp\/v2\/types\/product"}],"wp:featuredmedia":[{"embeddable":true,"href":"https:\/\/megapets.eu\/hu\/wp-json\/wp\/v2\/media\/8224"}],"wp:attachment":[{"href":"https:\/\/megapets.eu\/hu\/wp-json\/wp\/v2\/media?parent=8223"}],"wp:term":[{"taxonomy":"product_cat","embeddable":true,"href":"https:\/\/megapets.eu\/hu\/wp-json\/wp\/v2\/product_cat?post=8223"},{"taxonomy":"product_tag","embeddable":true,"href":"https:\/\/megapets.eu\/hu\/wp-json\/wp\/v2\/product_tag?post=8223"}],"curies":[{"name":"wp","href":"https:\/\/api.w.org\/{rel}","templated":true}]}}