{"id":8225,"date":"2024-10-03T19:32:52","date_gmt":"2024-10-03T19:32:52","guid":{"rendered":"https:\/\/megapets.eu\/nem-kategorizalt\/faunabox-es-indulo-keszlet-aviperak-krokodilok-izopodak-tenyesztesehez\/"},"modified":"2024-10-03T19:32:52","modified_gmt":"2024-10-03T19:32:52","slug":"faunabox-es-indulo-keszlet-aviperak-krokodilok-izopodak-tenyesztesehez","status":"publish","type":"product","link":"https:\/\/megapets.eu\/hu\/tartozekok\/faunabox-es-indulo-keszlet-aviperak-krokodilok-izopodak-tenyesztesehez\/","title":{"rendered":"Faunabox \u00e9s indul\u00f3 k\u00e9szlet a<br \/>viper\u00e1k, krokodilok, izopod\u00e1k teny\u00e9szt\u00e9s\u00e9hez."},"content":{"rendered":"<p><em><span style=\"color: #424242;\"><strong>A &#8222;Faunabox \u00e9s indul\u00f3 k\u00e9szlet viper\u00e1k, krokodilok, izopod\u00e1k nevel\u00e9s\u00e9hez\u201e k\u00e9szlet a k\u00f6vetkez\u0151ket tartalmazza:<\/strong><\/span><\/em><\/p>\n<ul>\n<li><span style=\"font-size: 17px; color: #e87020;\"><em><strong>1 db x Faunabox j\u00f3 szell\u0151z\u00e9ssel krokodilok, viper\u00e1k, izopod\u00e1k tart\u00e1s\u00e1hoz.<\/strong><\/em><\/span><\/li>\n<\/ul>\n<p><em><span style=\"color: #424242; font-size: 15px;\"><strong>A fedelek k\u00fcl\u00f6nb\u00f6z\u0151 sz\u00ednekben kaphat\u00f3k. A fed\u00e9l sz\u00edn\u00e9t v\u00e9letlenszer\u0171en k\u00fcldj\u00fck.<\/strong><\/span><\/em><\/p>\n<p><em><span style=\"color: #424242; font-size: 15px;\"><strong>M\u00e9retek: 20 x 30 x 21 cm. Kapacit\u00e1s: 7 liter. <\/strong><\/span><\/em><\/p>\n<ul>\n<li><span style=\"color: #e87020; font-size: 17px;\"><em><strong>1 db x Forest Substrate 1,5 L.<\/strong><\/em><\/span><\/li>\n<\/ul>\n<p><em><span style=\"color: #424242; font-size: 15px;\"><strong>Forest Substrate ide\u00e1lis krokodilok, viper\u00e1k, izopod\u00e1k, prosimi\u00e1k, culanid\u00e1k, egzotikus cs\u00f3t\u00e1nyok tart\u00e1s\u00e1hoz.<\/strong><\/span><\/em><\/p>\n<p><em><span style=\"color: #424242; font-size: 15px;\"><strong>A szubsztr\u00e1t nedves, mindig frissen elk\u00e9sz\u00edtett, ez\u00e9rt azonnali haszn\u00e1latra aj\u00e1nlott. <\/strong><\/span><\/em><\/p>\n<p><em><span style=\"color: #424242; font-size: 15px;\"><strong>A szubsztr\u00e1t \u00f6sszet\u00e9tele (h\u0151kezelt \u00f6sszetev\u0151k): sz\u00e1r\u00edtott t\u00f6lgyfalevelek; ny\u00edrfalevelek; korhadt t\u00f6lgy- \u00e9s b\u00fckkfa; t\u00f6lgy- \u00e9s b\u00fckkfa-kocka; semleges t\u0151zeg; k\u00f3kuszszubsztr\u00e1tum; Sphagnum t\u0151zegmoha.<\/strong><\/span><\/em><\/p>\n<ul>\n<li><span style=\"color: #e87020; font-size: 17px;\"><em><strong>1 db x Sz\u00e1r\u00edtott ny\u00edrfa- \u00e9s t\u00f6lgyfalev\u00e9l 500 ml.<\/strong><\/em><\/span><\/li>\n<\/ul>\n<p><em><span style=\"color: #424242; font-size: 15px;\"><strong>H\u0151kezelt.<\/strong><\/span><\/em><\/p>\n<ul>\n<li><span style=\"color: #e87020; font-size: 17px;\"><em><strong>1 db x Gammarus \u0151rlem\u00e9ny 25 g.<\/strong><\/em><\/span><\/li>\n<\/ul>\n<p><em><span style=\"color: #424242; font-size: 15px;\"><strong>A Gammarus \u0151rlem\u00e9ny egy makro- \u00e9s mikroelemekben gazdag, sz\u00e1r\u00edtott cs\u00edra, \u00e1llati feh\u00e9rje \u00e9s kitin term\u00e9szetes forr\u00e1sa. A Gammarus ide\u00e1lis egzotikus csig\u00e1k, f\u00e9rgek, krokodilok, egzotikus cs\u00f3t\u00e1nyok \u00e9s m\u00e1s terr\u00e1riumi \u00e1llatok teny\u00e9szt\u00e9s\u00e9hez.<\/strong><\/span><\/em><\/p>\n<ul>\n<li><span style=\"color: #e87020; font-size: 17px;\"><em><strong>1 db x Sepia darab 250 ml.<\/strong><\/em><\/span><\/li>\n<\/ul>\n<p><em><span style=\"color: #424242; font-size: 15px;\"><strong>100%-ban term\u00e9szetes tintahalcsont, kalciumforr\u00e1s a terr\u00e1riumi \u00e1llatok sz\u00e1m\u00e1ra.<\/strong><\/span><\/em><\/p>\n<ul>\n<li><span style=\"font-size: 17px; color: #e87020;\"><em><strong>1 db x Sz\u00e1r\u00edtott Sphagnum t\u0151zegmoha 500 ml.<\/strong><\/em><\/span><\/li>\n<\/ul>\n<p><em><span style=\"color: #424242; font-size: 15px;\"><strong>h\u0151kezelt<\/strong><\/span><\/em><\/p>\n<ul>\n<li><span style=\"font-size: 17px; color: #e87020;\"><em><strong>1-2 db x D\u00edsz\u00edt\u0151 d\u00edszek.<\/strong><\/em><\/span><\/li>\n<\/ul>\n<p><em><span style=\"color: #424242; font-size: 15px;\"><strong>A d\u00edsz megjelen\u00e9se v\u00e9letlenszer\u0171en ker\u00fcl kiv\u00e1laszt\u00e1sra.<\/strong><\/span><\/em><\/p>\n<ul>\n<li><em><strong><span style=\"font-size: 17px;\"><span style=\"color: #e87020;\">1 db x teny\u00e9szt\u00e9si \u00fatmutat\u00f3.<\/span><\/span><\/strong><\/em><\/li>\n<\/ul>\n","protected":false},"excerpt":{"rendered":"<ul class=\"product_attributes\">\n<li><span style=\"color: #555555;\"><strong>J\u00f3l megv\u00e1lasztott alaptartoz\u00e9kok<\/strong><\/span><\/li>\n<li><span style=\"color: #555555;\"><strong>M\u00e9retek: 20 x 30 x 21 cm<\/strong><\/span><\/li>\n<li><span style=\"color: #555555;\"><strong>Kapacit\u00e1s: 7 L<\/strong><\/span><\/li>\n<\/ul>\n","protected":false},"featured_media":8230,"template":"","meta":{"_acf_changed":false,"_links_to":"","_links_to_target":""},"product_cat":[195],"product_tag":[198,197],"class_list":{"0":"post-8225","1":"product","2":"type-product","3":"status-publish","4":"has-post-thumbnail","6":"product_cat-tartozekok","7":"product_tag-izopodak-eseteben","8":"product_tag-mert-a-ravaszsagok","10":"first","11":"instock","12":"shipping-taxable","13":"purchasable","14":"product-type-simple"},"acf":[],"yoast_head":"<!-- This site is optimized with the Yoast SEO plugin v24.9 - https:\/\/yoast.com\/wordpress\/plugins\/seo\/ -->\n<title>Faunabox \u00e9s indul\u00f3 k\u00e9szlet aviper\u00e1k, krokodilok, izopod\u00e1k teny\u00e9szt\u00e9s\u00e9hez. | MegaPets<\/title>\n<meta name=\"robots\" content=\"index, follow, max-snippet:-1, max-image-preview:large, max-video-preview:-1\" \/>\n<link rel=\"canonical\" href=\"https:\/\/megapets.eu\/hu\/tartozekok\/faunabox-es-indulo-keszlet-aviperak-krokodilok-izopodak-tenyesztesehez\/\" \/>\n<meta property=\"og:locale\" content=\"hu_HU\" \/>\n<meta property=\"og:type\" content=\"article\" \/>\n<meta property=\"og:title\" content=\"Faunabox \u00e9s indul\u00f3 k\u00e9szlet aviper\u00e1k, krokodilok, izopod\u00e1k teny\u00e9szt\u00e9s\u00e9hez. | MegaPets\" \/>\n<meta property=\"og:description\" content=\"J\u00f3l megv\u00e1lasztott alaptartoz\u00e9kok  M\u00e9retek: 20 x 30 x 21 cm  Kapacit\u00e1s: 7 L\" \/>\n<meta property=\"og:url\" content=\"https:\/\/megapets.eu\/hu\/tartozekok\/faunabox-es-indulo-keszlet-aviperak-krokodilok-izopodak-tenyesztesehez\/\" \/>\n<meta property=\"og:site_name\" content=\"MegaPets\" \/>\n<meta property=\"article:publisher\" content=\"https:\/\/www.facebook.com\/MegaPets.eu\/\" \/>\n<meta property=\"og:image\" content=\"https:\/\/megapets.eu\/wp-content\/uploads\/2024\/10\/IMG_2723-e1728316392316.jpg\" \/>\n\t<meta property=\"og:image:width\" content=\"1928\" \/>\n\t<meta property=\"og:image:height\" content=\"1327\" \/>\n\t<meta property=\"og:image:type\" content=\"image\/jpeg\" \/>\n<meta name=\"twitter:card\" content=\"summary_large_image\" \/>\n<meta name=\"twitter:label1\" content=\"Becs\u00fclt olvas\u00e1si id\u0151\" \/>\n\t<meta name=\"twitter:data1\" content=\"1 perc\" \/>\n<script type=\"application\/ld+json\" class=\"yoast-schema-graph\">{\"@context\":\"https:\/\/schema.org\",\"@graph\":[{\"@type\":\"WebPage\",\"@id\":\"https:\/\/megapets.eu\/hu\/tartozekok\/faunabox-es-indulo-keszlet-aviperak-krokodilok-izopodak-tenyesztesehez\/\",\"url\":\"https:\/\/megapets.eu\/hu\/tartozekok\/faunabox-es-indulo-keszlet-aviperak-krokodilok-izopodak-tenyesztesehez\/\",\"name\":\"Faunabox \u00e9s indul\u00f3 k\u00e9szlet a viper\u00e1k, krokodilok, izopod\u00e1k teny\u00e9szt\u00e9s\u00e9hez. | MegaPets\",\"isPartOf\":{\"@id\":\"https:\/\/megapets.eu\/hu\/#website\"},\"primaryImageOfPage\":{\"@id\":\"https:\/\/megapets.eu\/hu\/tartozekok\/faunabox-es-indulo-keszlet-aviperak-krokodilok-izopodak-tenyesztesehez\/#primaryimage\"},\"image\":{\"@id\":\"https:\/\/megapets.eu\/hu\/tartozekok\/faunabox-es-indulo-keszlet-aviperak-krokodilok-izopodak-tenyesztesehez\/#primaryimage\"},\"thumbnailUrl\":\"https:\/\/megapets.eu\/wp-content\/uploads\/2024\/10\/IMG_2723-e1728316392316.jpg\",\"datePublished\":\"2024-10-03T19:32:52+00:00\",\"breadcrumb\":{\"@id\":\"https:\/\/megapets.eu\/hu\/tartozekok\/faunabox-es-indulo-keszlet-aviperak-krokodilok-izopodak-tenyesztesehez\/#breadcrumb\"},\"inLanguage\":\"hu\",\"potentialAction\":[{\"@type\":\"ReadAction\",\"target\":[\"https:\/\/megapets.eu\/hu\/tartozekok\/faunabox-es-indulo-keszlet-aviperak-krokodilok-izopodak-tenyesztesehez\/\"]}]},{\"@type\":\"ImageObject\",\"inLanguage\":\"hu\",\"@id\":\"https:\/\/megapets.eu\/hu\/tartozekok\/faunabox-es-indulo-keszlet-aviperak-krokodilok-izopodak-tenyesztesehez\/#primaryimage\",\"url\":\"https:\/\/megapets.eu\/wp-content\/uploads\/2024\/10\/IMG_2723-e1728316392316.jpg\",\"contentUrl\":\"https:\/\/megapets.eu\/wp-content\/uploads\/2024\/10\/IMG_2723-e1728316392316.jpg\",\"width\":1928,\"height\":1327},{\"@type\":\"BreadcrumbList\",\"@id\":\"https:\/\/megapets.eu\/hu\/tartozekok\/faunabox-es-indulo-keszlet-aviperak-krokodilok-izopodak-tenyesztesehez\/#breadcrumb\",\"itemListElement\":[{\"@type\":\"ListItem\",\"position\":1,\"name\":\"Strona g\u0142\u00f3wna\",\"item\":\"https:\/\/megapets.eu\/hu\/\"},{\"@type\":\"ListItem\",\"position\":2,\"name\":\"Bolt\",\"item\":\"https:\/\/megapets.eu\/bolt\/\"},{\"@type\":\"ListItem\",\"position\":3,\"name\":\"Faunabox \u00e9s indul\u00f3 k\u00e9szlet aviper\u00e1k, krokodilok, izopod\u00e1k teny\u00e9szt\u00e9s\u00e9hez.\"}]},{\"@type\":\"WebSite\",\"@id\":\"https:\/\/megapets.eu\/hu\/#website\",\"url\":\"https:\/\/megapets.eu\/hu\/\",\"name\":\"Mega Pets\",\"description\":\"Jedna z najwi\u0119kszych hodowli \u015blimak\u00f3w w Europie\",\"publisher\":{\"@id\":\"https:\/\/megapets.eu\/hu\/#organization\"},\"alternateName\":\"Mega Pets\",\"potentialAction\":[{\"@type\":\"SearchAction\",\"target\":{\"@type\":\"EntryPoint\",\"urlTemplate\":\"https:\/\/megapets.eu\/hu\/?s={search_term_string}\"},\"query-input\":{\"@type\":\"PropertyValueSpecification\",\"valueRequired\":true,\"valueName\":\"search_term_string\"}}],\"inLanguage\":\"hu\"},{\"@type\":\"Organization\",\"@id\":\"https:\/\/megapets.eu\/hu\/#organization\",\"name\":\"Mega Pets\",\"url\":\"https:\/\/megapets.eu\/hu\/\",\"logo\":{\"@type\":\"ImageObject\",\"inLanguage\":\"hu\",\"@id\":\"https:\/\/megapets.eu\/hu\/#\/schema\/logo\/image\/\",\"url\":\"https:\/\/megapets.eu\/wp-content\/uploads\/2025\/04\/megapets_eu-logo.png\",\"contentUrl\":\"https:\/\/megapets.eu\/wp-content\/uploads\/2025\/04\/megapets_eu-logo.png\",\"width\":2362,\"height\":2362,\"caption\":\"Mega Pets\"},\"image\":{\"@id\":\"https:\/\/megapets.eu\/hu\/#\/schema\/logo\/image\/\"},\"sameAs\":[\"https:\/\/www.facebook.com\/MegaPets.eu\/\"]}]}<\/script>\n<!-- \/ Yoast SEO plugin. -->","yoast_head_json":{"title":"Faunabox \u00e9s indul\u00f3 k\u00e9szlet aviper\u00e1k, krokodilok, izopod\u00e1k teny\u00e9szt\u00e9s\u00e9hez. | MegaPets","robots":{"index":"index","follow":"follow","max-snippet":"max-snippet:-1","max-image-preview":"max-image-preview:large","max-video-preview":"max-video-preview:-1"},"canonical":"https:\/\/megapets.eu\/hu\/tartozekok\/faunabox-es-indulo-keszlet-aviperak-krokodilok-izopodak-tenyesztesehez\/","og_locale":"hu_HU","og_type":"article","og_title":"Faunabox \u00e9s indul\u00f3 k\u00e9szlet aviper\u00e1k, krokodilok, izopod\u00e1k teny\u00e9szt\u00e9s\u00e9hez. | MegaPets","og_description":"J\u00f3l megv\u00e1lasztott alaptartoz\u00e9kok  M\u00e9retek: 20 x 30 x 21 cm  Kapacit\u00e1s: 7 L","og_url":"https:\/\/megapets.eu\/hu\/tartozekok\/faunabox-es-indulo-keszlet-aviperak-krokodilok-izopodak-tenyesztesehez\/","og_site_name":"MegaPets","article_publisher":"https:\/\/www.facebook.com\/MegaPets.eu\/","og_image":[{"width":1928,"height":1327,"url":"https:\/\/megapets.eu\/wp-content\/uploads\/2024\/10\/IMG_2723-e1728316392316.jpg","type":"image\/jpeg"}],"twitter_card":"summary_large_image","twitter_misc":{"Becs\u00fclt olvas\u00e1si id\u0151":"1 perc"},"schema":{"@context":"https:\/\/schema.org","@graph":[{"@type":"WebPage","@id":"https:\/\/megapets.eu\/hu\/tartozekok\/faunabox-es-indulo-keszlet-aviperak-krokodilok-izopodak-tenyesztesehez\/","url":"https:\/\/megapets.eu\/hu\/tartozekok\/faunabox-es-indulo-keszlet-aviperak-krokodilok-izopodak-tenyesztesehez\/","name":"Faunabox \u00e9s indul\u00f3 k\u00e9szlet a viper\u00e1k, krokodilok, izopod\u00e1k teny\u00e9szt\u00e9s\u00e9hez. | MegaPets","isPartOf":{"@id":"https:\/\/megapets.eu\/hu\/#website"},"primaryImageOfPage":{"@id":"https:\/\/megapets.eu\/hu\/tartozekok\/faunabox-es-indulo-keszlet-aviperak-krokodilok-izopodak-tenyesztesehez\/#primaryimage"},"image":{"@id":"https:\/\/megapets.eu\/hu\/tartozekok\/faunabox-es-indulo-keszlet-aviperak-krokodilok-izopodak-tenyesztesehez\/#primaryimage"},"thumbnailUrl":"https:\/\/megapets.eu\/wp-content\/uploads\/2024\/10\/IMG_2723-e1728316392316.jpg","datePublished":"2024-10-03T19:32:52+00:00","breadcrumb":{"@id":"https:\/\/megapets.eu\/hu\/tartozekok\/faunabox-es-indulo-keszlet-aviperak-krokodilok-izopodak-tenyesztesehez\/#breadcrumb"},"inLanguage":"hu","potentialAction":[{"@type":"ReadAction","target":["https:\/\/megapets.eu\/hu\/tartozekok\/faunabox-es-indulo-keszlet-aviperak-krokodilok-izopodak-tenyesztesehez\/"]}]},{"@type":"ImageObject","inLanguage":"hu","@id":"https:\/\/megapets.eu\/hu\/tartozekok\/faunabox-es-indulo-keszlet-aviperak-krokodilok-izopodak-tenyesztesehez\/#primaryimage","url":"https:\/\/megapets.eu\/wp-content\/uploads\/2024\/10\/IMG_2723-e1728316392316.jpg","contentUrl":"https:\/\/megapets.eu\/wp-content\/uploads\/2024\/10\/IMG_2723-e1728316392316.jpg","width":1928,"height":1327},{"@type":"BreadcrumbList","@id":"https:\/\/megapets.eu\/hu\/tartozekok\/faunabox-es-indulo-keszlet-aviperak-krokodilok-izopodak-tenyesztesehez\/#breadcrumb","itemListElement":[{"@type":"ListItem","position":1,"name":"Strona g\u0142\u00f3wna","item":"https:\/\/megapets.eu\/hu\/"},{"@type":"ListItem","position":2,"name":"Bolt","item":"https:\/\/megapets.eu\/bolt\/"},{"@type":"ListItem","position":3,"name":"Faunabox \u00e9s indul\u00f3 k\u00e9szlet aviper\u00e1k, krokodilok, izopod\u00e1k teny\u00e9szt\u00e9s\u00e9hez."}]},{"@type":"WebSite","@id":"https:\/\/megapets.eu\/hu\/#website","url":"https:\/\/megapets.eu\/hu\/","name":"Mega Pets","description":"Jedna z najwi\u0119kszych hodowli \u015blimak\u00f3w w Europie","publisher":{"@id":"https:\/\/megapets.eu\/hu\/#organization"},"alternateName":"Mega Pets","potentialAction":[{"@type":"SearchAction","target":{"@type":"EntryPoint","urlTemplate":"https:\/\/megapets.eu\/hu\/?s={search_term_string}"},"query-input":{"@type":"PropertyValueSpecification","valueRequired":true,"valueName":"search_term_string"}}],"inLanguage":"hu"},{"@type":"Organization","@id":"https:\/\/megapets.eu\/hu\/#organization","name":"Mega Pets","url":"https:\/\/megapets.eu\/hu\/","logo":{"@type":"ImageObject","inLanguage":"hu","@id":"https:\/\/megapets.eu\/hu\/#\/schema\/logo\/image\/","url":"https:\/\/megapets.eu\/wp-content\/uploads\/2025\/04\/megapets_eu-logo.png","contentUrl":"https:\/\/megapets.eu\/wp-content\/uploads\/2025\/04\/megapets_eu-logo.png","width":2362,"height":2362,"caption":"Mega Pets"},"image":{"@id":"https:\/\/megapets.eu\/hu\/#\/schema\/logo\/image\/"},"sameAs":["https:\/\/www.facebook.com\/MegaPets.eu\/"]}]}},"_links":{"self":[{"href":"https:\/\/megapets.eu\/hu\/wp-json\/wp\/v2\/product\/8225","targetHints":{"allow":["GET"]}}],"collection":[{"href":"https:\/\/megapets.eu\/hu\/wp-json\/wp\/v2\/product"}],"about":[{"href":"https:\/\/megapets.eu\/hu\/wp-json\/wp\/v2\/types\/product"}],"wp:featuredmedia":[{"embeddable":true,"href":"https:\/\/megapets.eu\/hu\/wp-json\/wp\/v2\/media\/8230"}],"wp:attachment":[{"href":"https:\/\/megapets.eu\/hu\/wp-json\/wp\/v2\/media?parent=8225"}],"wp:term":[{"taxonomy":"product_cat","embeddable":true,"href":"https:\/\/megapets.eu\/hu\/wp-json\/wp\/v2\/product_cat?post=8225"},{"taxonomy":"product_tag","embeddable":true,"href":"https:\/\/megapets.eu\/hu\/wp-json\/wp\/v2\/product_tag?post=8225"}],"curies":[{"name":"wp","href":"https:\/\/api.w.org\/{rel}","templated":true}]}}