{"id":8238,"date":"2024-10-04T19:58:06","date_gmt":"2024-10-04T19:58:06","guid":{"rendered":"https:\/\/megapets.eu\/nem-kategorizalt\/kalcium-csomag-80-g\/"},"modified":"2024-10-04T19:58:06","modified_gmt":"2024-10-04T19:58:06","slug":"kalcium-csomag-80-g","status":"publish","type":"product","link":"https:\/\/megapets.eu\/hu\/tartozekok\/kalcium-csomag-80-g\/","title":{"rendered":"Kalcium\u201e csomag 80 g"},"content":{"rendered":"<p><strong><span style=\"color: #e87020; font-size: 15px;\"><em>Csomag &#8222;Kalcium\u201e 80 g<\/em><\/span><\/strong><\/p>\n<p><strong><span style=\"color: #e87020; font-size: 15px;\"><em>Egy csomag 80 g-ot tartalmaz.<\/em><\/span><\/strong><\/p>\n<p><strong><span style=\"color: #e87020; font-size: 15px;\"><em>\u00d6sszetev\u0151k: 100% toj\u00e1sh\u00e9jpor.<\/em><\/span><\/strong><\/p>\n<p><strong><span style=\"color: #e87020; font-size: 15px;\"><em>Az \u00e1r 1 csomagra vonatkozik.<\/em><\/span><\/strong><\/p>\n<p><em><span style=\"color: #424242;\"><strong><span style=\"font-size: 15px;\">A &#8222;Calcium\u201e csomag 100% toj\u00e1sh\u00e9jport tartalmaz. A toj\u00e1sh\u00e9jat megmoss\u00e1k, h\u0151kezelik, sz\u00e1r\u00edtj\u00e1k \u00e9s finom porr\u00e1 \u0151rlik. <\/span><\/strong><\/span><\/em><em><span style=\"color: #424242;\"><strong><span style=\"font-size: 15px;\">Egy csiga napi \u00e9trendj\u00e9b\u0151l nem hi\u00e1nyozhat a sz\u00e9p \u00e9s eg\u00e9szs\u00e9ges h\u00e9j alapvet\u0151 \u00e9p\u00edt\u0151k\u00f6ve. A t\u00f6k\u00e9letesen em\u00e9szthet\u0151 kalcium term\u00e9szetes forr\u00e1sa a toj\u00e1sh\u00e9jpor. A kalcium 98%-ban kalcium-karbon\u00e1t (CaCO3) form\u00e1j\u00e1ban a toj\u00e1sh\u00e9j alapvet\u0151 \u00f6sszetev\u0151je. <\/span><\/strong><\/span><\/em><\/p>\n<p><em><span style=\"color: #424242;\"><strong><span style=\"font-size: 15px;\">A toj\u00e1sh\u00e9jport minden etet\u00e9skor meg kell etetni kedvenc\u00e9vel, egyszer\u0171en csak enyh\u00e9n sz\u00f3rja a t\u00e1pl\u00e1l\u00e9k egy r\u00e9sz\u00e9re. Megjegyz\u00e9s: a toj\u00e1sh\u00e9j csak finomra \u0151r\u00f6lt por form\u00e1j\u00e1ban etethet\u0151 a csig\u00e1kkal. <\/span><\/strong><\/span><\/em><\/p>\n<p><em><span style=\"color: #424242;\"><strong><span style=\"font-size: 15px;\">Mindig v\u00e1ltozatoss\u00e1 teheti az adott kalcium form\u00e1j\u00e1t, \u00e9s emellett k\u00edn\u00e1lhat kedvenc\u00e9nek szepi\u00e1t &#8211; tintahalcsontot. <\/span><\/strong><\/span><\/em><\/p>\n<p><em><span style=\"color: #424242;\"><strong><span style=\"font-size: 15px;\">Olyan t\u00e1pl\u00e1l\u00e9kkieg\u00e9sz\u00edt\u0151ket aj\u00e1nlunk, amelyek m\u00e9g a legig\u00e9nyesebb fajok \u00e9rt\u00e9kes t\u00e1panyagokban val\u00f3 ig\u00e9nyeit is k\u00e9pesek kiel\u00e9g\u00edteni: &#8222;Feh\u00e9rje \u00e9s vitamin\u201e, egzotikus gy\u00f3gyn\u00f6v\u00e9nykever\u00e9k, \u0151r\u00f6lt gammarus. A kieg\u00e9sz\u00edt\u0151ket aj\u00e1nlott felv\u00e1ltva haszn\u00e1lni, hogy kedvence \u00e9trendje v\u00e1ltozatos \u00e9s teljes \u00e9rt\u00e9k\u0171 maradjon.<\/span><\/strong><\/span><\/em><\/p>\n","protected":false},"excerpt":{"rendered":"<ul class=\"product_attributes\">\n<li><span style=\"color: #555555;\">\u00d6sszetev\u0151k:<\/span><\/li>\n<li><span style=\"color: #555555;\"> A csomag tartalmazza: 100% toj\u00e1sh\u00e9jpor:<\/span> 80 g<\/li>\n<li><span style=\"color: #555555;\">Az \u00e1r a k\u00f6vetkez\u0151kre vonatkozik:<\/span> 1 csomag.<\/li>\n<\/ul>\n","protected":false},"featured_media":8239,"template":"","meta":{"_acf_changed":false,"_links_to":"","_links_to_target":""},"product_cat":[195],"product_tag":[196,198],"class_list":{"0":"post-8238","1":"product","2":"type-product","3":"status-publish","4":"has-post-thumbnail","6":"product_cat-tartozekok","7":"product_tag-csigak-szamara","8":"product_tag-izopodak-eseteben","10":"first","11":"instock","12":"shipping-taxable","13":"purchasable","14":"product-type-simple"},"acf":[],"yoast_head":"<!-- This site is optimized with the Yoast SEO plugin v24.9 - https:\/\/yoast.com\/wordpress\/plugins\/seo\/ -->\n<title>Kalcium&quot; csomag 80 g | MegaPets<\/title>\n<meta name=\"robots\" content=\"index, follow, max-snippet:-1, max-image-preview:large, max-video-preview:-1\" \/>\n<link rel=\"canonical\" href=\"https:\/\/megapets.eu\/hu\/tartozekok\/kalcium-csomag-80-g\/\" \/>\n<meta property=\"og:locale\" content=\"hu_HU\" \/>\n<meta property=\"og:type\" content=\"article\" \/>\n<meta property=\"og:title\" content=\"Kalcium&quot; csomag 80 g | MegaPets\" \/>\n<meta property=\"og:description\" content=\"\u00d6sszetev\u0151k:  A csomag tartalmazza: 100% toj\u00e1sh\u00e9jpor: 80 g  Az \u00e1r a k\u00f6vetkez\u0151kre vonatkozik: 1 csomag.\" \/>\n<meta property=\"og:url\" content=\"https:\/\/megapets.eu\/hu\/tartozekok\/kalcium-csomag-80-g\/\" \/>\n<meta property=\"og:site_name\" content=\"MegaPets\" \/>\n<meta property=\"article:publisher\" content=\"https:\/\/www.facebook.com\/MegaPets.eu\/\" \/>\n<meta property=\"og:image\" content=\"https:\/\/megapets.eu\/wp-content\/uploads\/2024\/10\/IMG_20200728_173922-1-1024x734.png\" \/>\n\t<meta property=\"og:image:width\" content=\"1024\" \/>\n\t<meta property=\"og:image:height\" content=\"734\" \/>\n\t<meta property=\"og:image:type\" content=\"image\/png\" \/>\n<meta name=\"twitter:card\" content=\"summary_large_image\" \/>\n<meta name=\"twitter:label1\" content=\"Becs\u00fclt olvas\u00e1si id\u0151\" \/>\n\t<meta name=\"twitter:data1\" content=\"1 perc\" \/>\n<script type=\"application\/ld+json\" class=\"yoast-schema-graph\">{\"@context\":\"https:\/\/schema.org\",\"@graph\":[{\"@type\":\"WebPage\",\"@id\":\"https:\/\/megapets.eu\/hu\/tartozekok\/kalcium-csomag-80-g\/\",\"url\":\"https:\/\/megapets.eu\/hu\/tartozekok\/kalcium-csomag-80-g\/\",\"name\":\"Kalcium\\\" csomag 80 g | MegaPets\",\"isPartOf\":{\"@id\":\"https:\/\/megapets.eu\/hu\/#website\"},\"primaryImageOfPage\":{\"@id\":\"https:\/\/megapets.eu\/hu\/tartozekok\/kalcium-csomag-80-g\/#primaryimage\"},\"image\":{\"@id\":\"https:\/\/megapets.eu\/hu\/tartozekok\/kalcium-csomag-80-g\/#primaryimage\"},\"thumbnailUrl\":\"https:\/\/megapets.eu\/wp-content\/uploads\/2024\/10\/IMG_20200728_173922-1.png\",\"datePublished\":\"2024-10-04T19:58:06+00:00\",\"breadcrumb\":{\"@id\":\"https:\/\/megapets.eu\/hu\/tartozekok\/kalcium-csomag-80-g\/#breadcrumb\"},\"inLanguage\":\"hu\",\"potentialAction\":[{\"@type\":\"ReadAction\",\"target\":[\"https:\/\/megapets.eu\/hu\/tartozekok\/kalcium-csomag-80-g\/\"]}]},{\"@type\":\"ImageObject\",\"inLanguage\":\"hu\",\"@id\":\"https:\/\/megapets.eu\/hu\/tartozekok\/kalcium-csomag-80-g\/#primaryimage\",\"url\":\"https:\/\/megapets.eu\/wp-content\/uploads\/2024\/10\/IMG_20200728_173922-1.png\",\"contentUrl\":\"https:\/\/megapets.eu\/wp-content\/uploads\/2024\/10\/IMG_20200728_173922-1.png\",\"width\":3006,\"height\":2156},{\"@type\":\"BreadcrumbList\",\"@id\":\"https:\/\/megapets.eu\/hu\/tartozekok\/kalcium-csomag-80-g\/#breadcrumb\",\"itemListElement\":[{\"@type\":\"ListItem\",\"position\":1,\"name\":\"Strona g\u0142\u00f3wna\",\"item\":\"https:\/\/megapets.eu\/hu\/\"},{\"@type\":\"ListItem\",\"position\":2,\"name\":\"Bolt\",\"item\":\"https:\/\/megapets.eu\/bolt\/\"},{\"@type\":\"ListItem\",\"position\":3,\"name\":\"Kalcium\\\" csomag 80 g\"}]},{\"@type\":\"WebSite\",\"@id\":\"https:\/\/megapets.eu\/hu\/#website\",\"url\":\"https:\/\/megapets.eu\/hu\/\",\"name\":\"Mega Pets\",\"description\":\"Jedna z najwi\u0119kszych hodowli \u015blimak\u00f3w w Europie\",\"publisher\":{\"@id\":\"https:\/\/megapets.eu\/hu\/#organization\"},\"alternateName\":\"Mega Pets\",\"potentialAction\":[{\"@type\":\"SearchAction\",\"target\":{\"@type\":\"EntryPoint\",\"urlTemplate\":\"https:\/\/megapets.eu\/hu\/?s={search_term_string}\"},\"query-input\":{\"@type\":\"PropertyValueSpecification\",\"valueRequired\":true,\"valueName\":\"search_term_string\"}}],\"inLanguage\":\"hu\"},{\"@type\":\"Organization\",\"@id\":\"https:\/\/megapets.eu\/hu\/#organization\",\"name\":\"Mega Pets\",\"url\":\"https:\/\/megapets.eu\/hu\/\",\"logo\":{\"@type\":\"ImageObject\",\"inLanguage\":\"hu\",\"@id\":\"https:\/\/megapets.eu\/hu\/#\/schema\/logo\/image\/\",\"url\":\"https:\/\/megapets.eu\/wp-content\/uploads\/2025\/04\/megapets_eu-logo.png\",\"contentUrl\":\"https:\/\/megapets.eu\/wp-content\/uploads\/2025\/04\/megapets_eu-logo.png\",\"width\":2362,\"height\":2362,\"caption\":\"Mega Pets\"},\"image\":{\"@id\":\"https:\/\/megapets.eu\/hu\/#\/schema\/logo\/image\/\"},\"sameAs\":[\"https:\/\/www.facebook.com\/MegaPets.eu\/\"]}]}<\/script>\n<!-- \/ Yoast SEO plugin. -->","yoast_head_json":{"title":"Kalcium\" csomag 80 g | MegaPets","robots":{"index":"index","follow":"follow","max-snippet":"max-snippet:-1","max-image-preview":"max-image-preview:large","max-video-preview":"max-video-preview:-1"},"canonical":"https:\/\/megapets.eu\/hu\/tartozekok\/kalcium-csomag-80-g\/","og_locale":"hu_HU","og_type":"article","og_title":"Kalcium\" csomag 80 g | MegaPets","og_description":"\u00d6sszetev\u0151k:  A csomag tartalmazza: 100% toj\u00e1sh\u00e9jpor: 80 g  Az \u00e1r a k\u00f6vetkez\u0151kre vonatkozik: 1 csomag.","og_url":"https:\/\/megapets.eu\/hu\/tartozekok\/kalcium-csomag-80-g\/","og_site_name":"MegaPets","article_publisher":"https:\/\/www.facebook.com\/MegaPets.eu\/","og_image":[{"width":1024,"height":734,"url":"https:\/\/megapets.eu\/wp-content\/uploads\/2024\/10\/IMG_20200728_173922-1-1024x734.png","type":"image\/png"}],"twitter_card":"summary_large_image","twitter_misc":{"Becs\u00fclt olvas\u00e1si id\u0151":"1 perc"},"schema":{"@context":"https:\/\/schema.org","@graph":[{"@type":"WebPage","@id":"https:\/\/megapets.eu\/hu\/tartozekok\/kalcium-csomag-80-g\/","url":"https:\/\/megapets.eu\/hu\/tartozekok\/kalcium-csomag-80-g\/","name":"Kalcium\" csomag 80 g | MegaPets","isPartOf":{"@id":"https:\/\/megapets.eu\/hu\/#website"},"primaryImageOfPage":{"@id":"https:\/\/megapets.eu\/hu\/tartozekok\/kalcium-csomag-80-g\/#primaryimage"},"image":{"@id":"https:\/\/megapets.eu\/hu\/tartozekok\/kalcium-csomag-80-g\/#primaryimage"},"thumbnailUrl":"https:\/\/megapets.eu\/wp-content\/uploads\/2024\/10\/IMG_20200728_173922-1.png","datePublished":"2024-10-04T19:58:06+00:00","breadcrumb":{"@id":"https:\/\/megapets.eu\/hu\/tartozekok\/kalcium-csomag-80-g\/#breadcrumb"},"inLanguage":"hu","potentialAction":[{"@type":"ReadAction","target":["https:\/\/megapets.eu\/hu\/tartozekok\/kalcium-csomag-80-g\/"]}]},{"@type":"ImageObject","inLanguage":"hu","@id":"https:\/\/megapets.eu\/hu\/tartozekok\/kalcium-csomag-80-g\/#primaryimage","url":"https:\/\/megapets.eu\/wp-content\/uploads\/2024\/10\/IMG_20200728_173922-1.png","contentUrl":"https:\/\/megapets.eu\/wp-content\/uploads\/2024\/10\/IMG_20200728_173922-1.png","width":3006,"height":2156},{"@type":"BreadcrumbList","@id":"https:\/\/megapets.eu\/hu\/tartozekok\/kalcium-csomag-80-g\/#breadcrumb","itemListElement":[{"@type":"ListItem","position":1,"name":"Strona g\u0142\u00f3wna","item":"https:\/\/megapets.eu\/hu\/"},{"@type":"ListItem","position":2,"name":"Bolt","item":"https:\/\/megapets.eu\/bolt\/"},{"@type":"ListItem","position":3,"name":"Kalcium\" csomag 80 g"}]},{"@type":"WebSite","@id":"https:\/\/megapets.eu\/hu\/#website","url":"https:\/\/megapets.eu\/hu\/","name":"Mega Pets","description":"Jedna z najwi\u0119kszych hodowli \u015blimak\u00f3w w Europie","publisher":{"@id":"https:\/\/megapets.eu\/hu\/#organization"},"alternateName":"Mega Pets","potentialAction":[{"@type":"SearchAction","target":{"@type":"EntryPoint","urlTemplate":"https:\/\/megapets.eu\/hu\/?s={search_term_string}"},"query-input":{"@type":"PropertyValueSpecification","valueRequired":true,"valueName":"search_term_string"}}],"inLanguage":"hu"},{"@type":"Organization","@id":"https:\/\/megapets.eu\/hu\/#organization","name":"Mega Pets","url":"https:\/\/megapets.eu\/hu\/","logo":{"@type":"ImageObject","inLanguage":"hu","@id":"https:\/\/megapets.eu\/hu\/#\/schema\/logo\/image\/","url":"https:\/\/megapets.eu\/wp-content\/uploads\/2025\/04\/megapets_eu-logo.png","contentUrl":"https:\/\/megapets.eu\/wp-content\/uploads\/2025\/04\/megapets_eu-logo.png","width":2362,"height":2362,"caption":"Mega Pets"},"image":{"@id":"https:\/\/megapets.eu\/hu\/#\/schema\/logo\/image\/"},"sameAs":["https:\/\/www.facebook.com\/MegaPets.eu\/"]}]}},"_links":{"self":[{"href":"https:\/\/megapets.eu\/hu\/wp-json\/wp\/v2\/product\/8238","targetHints":{"allow":["GET"]}}],"collection":[{"href":"https:\/\/megapets.eu\/hu\/wp-json\/wp\/v2\/product"}],"about":[{"href":"https:\/\/megapets.eu\/hu\/wp-json\/wp\/v2\/types\/product"}],"wp:featuredmedia":[{"embeddable":true,"href":"https:\/\/megapets.eu\/hu\/wp-json\/wp\/v2\/media\/8239"}],"wp:attachment":[{"href":"https:\/\/megapets.eu\/hu\/wp-json\/wp\/v2\/media?parent=8238"}],"wp:term":[{"taxonomy":"product_cat","embeddable":true,"href":"https:\/\/megapets.eu\/hu\/wp-json\/wp\/v2\/product_cat?post=8238"},{"taxonomy":"product_tag","embeddable":true,"href":"https:\/\/megapets.eu\/hu\/wp-json\/wp\/v2\/product_tag?post=8238"}],"curies":[{"name":"wp","href":"https:\/\/api.w.org\/{rel}","templated":true}]}}