{"id":8268,"date":"2024-10-27T07:03:56","date_gmt":"2024-10-27T07:03:56","guid":{"rendered":"https:\/\/megapets.eu\/nem-kategorizalt\/archachatina-marginata-ovumpseudoleucistic-para-p15\/"},"modified":"2024-10-27T07:03:56","modified_gmt":"2024-10-27T07:03:56","slug":"archachatina-marginata-ovumpseudoleucistic-para-p15","status":"publish","type":"product","link":"https:\/\/megapets.eu\/hu\/csigak\/archachatina-marginata-ovumpseudoleucistic-para-p15\/","title":{"rendered":"Archachatina marginata ovum<br \/>pseudoleucistic \/ para P15"},"content":{"rendered":"<p style=\"text-align: left;\"><span style=\"font-size: 15px;\"><strong><span style=\"color: #000000;\"><em>Faj: <\/em><\/span><\/strong><span style=\"color: #000000;\"><em>Archachatina marginata ovum (L. Pfeiffer, 1858).<\/em><\/span><strong><span style=\"color: #000000;\"><em><br \/>\nSz\u00ednv\u00e1ltozat:<\/em><\/span><\/strong><span style=\"color: #000000;\"><em> pszeudoleukisztikus<\/em><\/span><\/span><\/p>\n<p style=\"text-align: left;\"><span style=\"font-size: 15px;\"><strong><span style=\"color: #000000;\"><em><span style=\"color: #008000;\"><span style=\"color: #424242;\"><img decoding=\"async\" src=\"https:\/\/static.xx.fbcdn.net\/images\/emoji.php\/v9\/tb4\/1\/16\/2b50.png\" alt=\"\u2b50\ufe0f\" \/> <\/span><\/span><\/em><\/span><\/strong><span style=\"color: #000000;\"><em>Nem rokon P15 sz\u00fcl\u0151p\u00e1rb\u00f3l sz\u00e1rmaz\u00f3 fiatal egyedek. A megfelel\u0151 t\u00e1rsak folyamatos kiv\u00e1laszt\u00e1s\u00e1nak \u00e9s a p\u00e1rok gener\u00e1ci\u00f3r\u00f3l gener\u00e1ci\u00f3ra t\u00f6rt\u00e9n\u0151 l\u00e9trehoz\u00e1s\u00e1nak k\u00f6sz\u00f6nhet\u0151en sikeresen fenntartj\u00e1k a gy\u00f6ny\u00f6r\u0171 \u00f3ri\u00e1sok nem rokon, t\u00f6rzsk\u00f6nyvezett teny\u00e9szvonalait.<\/em><\/span><\/span><\/p>\n<p style=\"text-align: left;\"><span style=\"font-size: 15px;\"><span style=\"color: #000000;\"><em><span style=\"color: #008000;\"><span style=\"color: #424242;\"><img decoding=\"async\" src=\"https:\/\/static.xx.fbcdn.net\/images\/emoji.php\/v9\/t18\/1\/16\/1fa76.png\" alt=\"\ud83e\ude76\" \/> <span style=\"color: #333333;\">A pszeudoleukisztikus sz\u00ednv\u00e1ltozat csig\u00e1it kiv\u00e9teles elegancia jellemzi, amelyet a vil\u00e1gos testsz\u00ednnel szemben a s\u00f6t\u00e9t\u00edtett tapogat\u00f3k hangs\u00falyoznak. Az uralkod\u00f3 testsz\u00edn a feh\u00e9r, a kr\u00e9msz\u00edn\u0171 vagy az elef\u00e1ntcsont \u00e1rnyalatai. Az \u00e9rz\u00e9kszervek sz\u00fcrk\u00e9sbarna elsz\u00ednez\u0151d\u00e9se sim\u00e1n \u00e1tmegy a vil\u00e1gos sz\u00ednbe &#8211; a k\u00e9t szomsz\u00e9dos \u00e1rnyalat k\u00f6z\u00f6tti ombre-hat\u00e1s \ud83d\udda4\ud83e\ude76\ud83e\udd0d felt\u0171n\u0151 kontrasztot teremt a test t\u00f6bbi r\u00e9sz\u00e9vel, ami egyedi megjelen\u00e9st k\u00f6lcs\u00f6n\u00f6z e fajta csig\u00e1inak. A s\u00f6t\u00e9t ter\u00fcletek eloszl\u00e1sa nem csak a v\u00f6r\u00f6ses szenzill\u00e1kra, hanem a fejre is vonatkozhat. A csak kikelt b\u00e9bi csig\u00e1k sensill\u00e1i meglehet\u0151sen s\u00f6t\u00e9tek, de feln\u0151ve vil\u00e1gosabb\u00e1 v\u00e1lhatnak.<\/span><\/span><\/span><\/em><\/span><\/span><\/p>\n<p style=\"text-align: left;\"><span style=\"color: #000000; font-size: 15px;\"><em><span class=\"x1xsqp64 xiy17q3 x1o6pynw x19co3pv xdj266r xcwd3tp xat24cr x39eecv x2b8uid\" data-testid=\"emoji\"><span class=\"xexx8yu xn5pp95 x18d9i69 x2fxd7x x3jgonx x1bhl96m\"><img loading=\"lazy\" decoding=\"async\" class=\"\" src=\"https:\/\/static.xx.fbcdn.net\/images\/emoji.php\/v9\/t66\/1\/32\/1f4cc.png\" alt=\"\ud83d\udccc\" width=\"18\" height=\"18\" \/> A faj h\u00e9jm\u00e9rete \u00e1ltal\u00e1ban jelent\u0151s, 12-15 cm k\u00f6r\u00fcli m\u00e9retet \u00e9r el.<\/span><\/span><\/em><\/span><\/p>\n<p style=\"text-align: left;\"><span style=\"color: #000000; font-size: 15px;\"><em><img loading=\"lazy\" decoding=\"async\" class=\"xz74otr\" src=\"https:\/\/static.xx.fbcdn.net\/images\/emoji.php\/v9\/t1e\/1\/16\/1f33f.png\" alt=\"\ud83c\udf3f\" width=\"18\" height=\"18\" \/> <span style=\"color: #008000;\">Az Archachatina nemzets\u00e9g legt\u00f6bb faj\u00e1hoz hasonl\u00f3an ezek a csig\u00e1k is ig\u00e9nytelenek, \u00e9s az alapvet\u0151 tart\u00e1si felt\u00e9telek biztos\u00edt\u00e1sa eset\u00e9n j\u00f3l \u00e9rzik magukat.<\/span><\/em><\/span><\/p>\n","protected":false},"excerpt":{"rendered":"<ul>\n<li>C\u00e9lh\u00fcvely m\u00e9rete:\n<ul>\n<li>kb. 12-15 cm<\/li>\n<\/ul>\n<\/li>\n<li>Egy nem rokon p\u00e1rb\u00f3l:\n<ul>\n<li>P15<\/li>\n<\/ul>\n<\/li>\n<li>Felaj\u00e1nlott fiatal egyed:\n<ul>\n<li>kb. 4-5 cm<\/li>\n<\/ul>\n<\/li>\n<li>Az \u00e1r a k\u00f6vetkez\u0151kre vonatkozik: &#8211; 4,5 cm:\n<ul>\n<li>1 db<\/li>\n<\/ul>\n<\/li>\n<\/ul>\n","protected":false},"featured_media":8269,"template":"","meta":{"_acf_changed":false,"_links_to":"","_links_to_target":""},"product_cat":[193],"product_tag":[],"class_list":{"0":"post-8268","1":"product","2":"type-product","3":"status-publish","4":"has-post-thumbnail","6":"product_cat-csigak","8":"first","9":"instock","10":"shipping-taxable","11":"purchasable","12":"product-type-simple"},"acf":[],"yoast_head":"<!-- This site is optimized with the Yoast SEO plugin v24.9 - https:\/\/yoast.com\/wordpress\/plugins\/seo\/ -->\n<title>Archachatina marginata ovumpseudoleucistic \/ para P15 | MegaPets<\/title>\n<meta name=\"robots\" content=\"index, follow, max-snippet:-1, max-image-preview:large, max-video-preview:-1\" \/>\n<link rel=\"canonical\" href=\"https:\/\/megapets.eu\/hu\/csigak\/archachatina-marginata-ovumpseudoleucistic-para-p15\/\" \/>\n<meta property=\"og:locale\" content=\"hu_HU\" \/>\n<meta property=\"og:type\" content=\"article\" \/>\n<meta property=\"og:title\" content=\"Archachatina marginata ovumpseudoleucistic \/ para P15 | MegaPets\" \/>\n<meta property=\"og:description\" content=\"C\u00e9lh\u00fcvely m\u00e9rete:  kb. 12-15 cm   Egy nem rokon p\u00e1rb\u00f3l:  P15   Felaj\u00e1nlott fiatal egyed:  kb. 4-5 cm   Az \u00e1r a k\u00f6vetkez\u0151kre vonatkozik: - 4,5 cm:  1 db\" \/>\n<meta property=\"og:url\" content=\"https:\/\/megapets.eu\/hu\/csigak\/archachatina-marginata-ovumpseudoleucistic-para-p15\/\" \/>\n<meta property=\"og:site_name\" content=\"MegaPets\" \/>\n<meta property=\"article:publisher\" content=\"https:\/\/www.facebook.com\/MegaPets.eu\/\" \/>\n<meta property=\"og:image\" content=\"https:\/\/megapets.eu\/wp-content\/uploads\/2024\/10\/Excel-new.png\" \/>\n\t<meta property=\"og:image:width\" content=\"1048\" \/>\n\t<meta property=\"og:image:height\" content=\"694\" \/>\n\t<meta property=\"og:image:type\" content=\"image\/png\" \/>\n<meta name=\"twitter:card\" content=\"summary_large_image\" \/>\n<meta name=\"twitter:label1\" content=\"Becs\u00fclt olvas\u00e1si id\u0151\" \/>\n\t<meta name=\"twitter:data1\" content=\"1 perc\" \/>\n<script type=\"application\/ld+json\" class=\"yoast-schema-graph\">{\"@context\":\"https:\/\/schema.org\",\"@graph\":[{\"@type\":\"WebPage\",\"@id\":\"https:\/\/megapets.eu\/hu\/csigak\/archachatina-marginata-ovumpseudoleucistic-para-p15\/\",\"url\":\"https:\/\/megapets.eu\/hu\/csigak\/archachatina-marginata-ovumpseudoleucistic-para-p15\/\",\"name\":\"Archachatina marginata ovum pseudoleucistic \/ para P15 | MegaPets\",\"isPartOf\":{\"@id\":\"https:\/\/megapets.eu\/hu\/#website\"},\"primaryImageOfPage\":{\"@id\":\"https:\/\/megapets.eu\/hu\/csigak\/archachatina-marginata-ovumpseudoleucistic-para-p15\/#primaryimage\"},\"image\":{\"@id\":\"https:\/\/megapets.eu\/hu\/csigak\/archachatina-marginata-ovumpseudoleucistic-para-p15\/#primaryimage\"},\"thumbnailUrl\":\"https:\/\/megapets.eu\/wp-content\/uploads\/2024\/10\/Excel-new.png\",\"datePublished\":\"2024-10-27T07:03:56+00:00\",\"breadcrumb\":{\"@id\":\"https:\/\/megapets.eu\/hu\/csigak\/archachatina-marginata-ovumpseudoleucistic-para-p15\/#breadcrumb\"},\"inLanguage\":\"hu\",\"potentialAction\":[{\"@type\":\"ReadAction\",\"target\":[\"https:\/\/megapets.eu\/hu\/csigak\/archachatina-marginata-ovumpseudoleucistic-para-p15\/\"]}]},{\"@type\":\"ImageObject\",\"inLanguage\":\"hu\",\"@id\":\"https:\/\/megapets.eu\/hu\/csigak\/archachatina-marginata-ovumpseudoleucistic-para-p15\/#primaryimage\",\"url\":\"https:\/\/megapets.eu\/wp-content\/uploads\/2024\/10\/Excel-new.png\",\"contentUrl\":\"https:\/\/megapets.eu\/wp-content\/uploads\/2024\/10\/Excel-new.png\",\"width\":1048,\"height\":694},{\"@type\":\"BreadcrumbList\",\"@id\":\"https:\/\/megapets.eu\/hu\/csigak\/archachatina-marginata-ovumpseudoleucistic-para-p15\/#breadcrumb\",\"itemListElement\":[{\"@type\":\"ListItem\",\"position\":1,\"name\":\"Strona g\u0142\u00f3wna\",\"item\":\"https:\/\/megapets.eu\/hu\/\"},{\"@type\":\"ListItem\",\"position\":2,\"name\":\"Bolt\",\"item\":\"https:\/\/megapets.eu\/bolt\/\"},{\"@type\":\"ListItem\",\"position\":3,\"name\":\"Archachatina marginata ovumpseudoleucistic \/ para P15\"}]},{\"@type\":\"WebSite\",\"@id\":\"https:\/\/megapets.eu\/hu\/#website\",\"url\":\"https:\/\/megapets.eu\/hu\/\",\"name\":\"Mega Pets\",\"description\":\"Jedna z najwi\u0119kszych hodowli \u015blimak\u00f3w w Europie\",\"publisher\":{\"@id\":\"https:\/\/megapets.eu\/hu\/#organization\"},\"alternateName\":\"Mega Pets\",\"potentialAction\":[{\"@type\":\"SearchAction\",\"target\":{\"@type\":\"EntryPoint\",\"urlTemplate\":\"https:\/\/megapets.eu\/hu\/?s={search_term_string}\"},\"query-input\":{\"@type\":\"PropertyValueSpecification\",\"valueRequired\":true,\"valueName\":\"search_term_string\"}}],\"inLanguage\":\"hu\"},{\"@type\":\"Organization\",\"@id\":\"https:\/\/megapets.eu\/hu\/#organization\",\"name\":\"Mega Pets\",\"url\":\"https:\/\/megapets.eu\/hu\/\",\"logo\":{\"@type\":\"ImageObject\",\"inLanguage\":\"hu\",\"@id\":\"https:\/\/megapets.eu\/hu\/#\/schema\/logo\/image\/\",\"url\":\"https:\/\/megapets.eu\/wp-content\/uploads\/2025\/04\/megapets_eu-logo.png\",\"contentUrl\":\"https:\/\/megapets.eu\/wp-content\/uploads\/2025\/04\/megapets_eu-logo.png\",\"width\":2362,\"height\":2362,\"caption\":\"Mega Pets\"},\"image\":{\"@id\":\"https:\/\/megapets.eu\/hu\/#\/schema\/logo\/image\/\"},\"sameAs\":[\"https:\/\/www.facebook.com\/MegaPets.eu\/\"]}]}<\/script>\n<!-- \/ Yoast SEO plugin. -->","yoast_head_json":{"title":"Archachatina marginata ovumpseudoleucistic \/ para P15 | MegaPets","robots":{"index":"index","follow":"follow","max-snippet":"max-snippet:-1","max-image-preview":"max-image-preview:large","max-video-preview":"max-video-preview:-1"},"canonical":"https:\/\/megapets.eu\/hu\/csigak\/archachatina-marginata-ovumpseudoleucistic-para-p15\/","og_locale":"hu_HU","og_type":"article","og_title":"Archachatina marginata ovumpseudoleucistic \/ para P15 | MegaPets","og_description":"C\u00e9lh\u00fcvely m\u00e9rete:  kb. 12-15 cm   Egy nem rokon p\u00e1rb\u00f3l:  P15   Felaj\u00e1nlott fiatal egyed:  kb. 4-5 cm   Az \u00e1r a k\u00f6vetkez\u0151kre vonatkozik: - 4,5 cm:  1 db","og_url":"https:\/\/megapets.eu\/hu\/csigak\/archachatina-marginata-ovumpseudoleucistic-para-p15\/","og_site_name":"MegaPets","article_publisher":"https:\/\/www.facebook.com\/MegaPets.eu\/","og_image":[{"width":1048,"height":694,"url":"https:\/\/megapets.eu\/wp-content\/uploads\/2024\/10\/Excel-new.png","type":"image\/png"}],"twitter_card":"summary_large_image","twitter_misc":{"Becs\u00fclt olvas\u00e1si id\u0151":"1 perc"},"schema":{"@context":"https:\/\/schema.org","@graph":[{"@type":"WebPage","@id":"https:\/\/megapets.eu\/hu\/csigak\/archachatina-marginata-ovumpseudoleucistic-para-p15\/","url":"https:\/\/megapets.eu\/hu\/csigak\/archachatina-marginata-ovumpseudoleucistic-para-p15\/","name":"Archachatina marginata ovum pseudoleucistic \/ para P15 | MegaPets","isPartOf":{"@id":"https:\/\/megapets.eu\/hu\/#website"},"primaryImageOfPage":{"@id":"https:\/\/megapets.eu\/hu\/csigak\/archachatina-marginata-ovumpseudoleucistic-para-p15\/#primaryimage"},"image":{"@id":"https:\/\/megapets.eu\/hu\/csigak\/archachatina-marginata-ovumpseudoleucistic-para-p15\/#primaryimage"},"thumbnailUrl":"https:\/\/megapets.eu\/wp-content\/uploads\/2024\/10\/Excel-new.png","datePublished":"2024-10-27T07:03:56+00:00","breadcrumb":{"@id":"https:\/\/megapets.eu\/hu\/csigak\/archachatina-marginata-ovumpseudoleucistic-para-p15\/#breadcrumb"},"inLanguage":"hu","potentialAction":[{"@type":"ReadAction","target":["https:\/\/megapets.eu\/hu\/csigak\/archachatina-marginata-ovumpseudoleucistic-para-p15\/"]}]},{"@type":"ImageObject","inLanguage":"hu","@id":"https:\/\/megapets.eu\/hu\/csigak\/archachatina-marginata-ovumpseudoleucistic-para-p15\/#primaryimage","url":"https:\/\/megapets.eu\/wp-content\/uploads\/2024\/10\/Excel-new.png","contentUrl":"https:\/\/megapets.eu\/wp-content\/uploads\/2024\/10\/Excel-new.png","width":1048,"height":694},{"@type":"BreadcrumbList","@id":"https:\/\/megapets.eu\/hu\/csigak\/archachatina-marginata-ovumpseudoleucistic-para-p15\/#breadcrumb","itemListElement":[{"@type":"ListItem","position":1,"name":"Strona g\u0142\u00f3wna","item":"https:\/\/megapets.eu\/hu\/"},{"@type":"ListItem","position":2,"name":"Bolt","item":"https:\/\/megapets.eu\/bolt\/"},{"@type":"ListItem","position":3,"name":"Archachatina marginata ovumpseudoleucistic \/ para P15"}]},{"@type":"WebSite","@id":"https:\/\/megapets.eu\/hu\/#website","url":"https:\/\/megapets.eu\/hu\/","name":"Mega Pets","description":"Jedna z najwi\u0119kszych hodowli \u015blimak\u00f3w w Europie","publisher":{"@id":"https:\/\/megapets.eu\/hu\/#organization"},"alternateName":"Mega Pets","potentialAction":[{"@type":"SearchAction","target":{"@type":"EntryPoint","urlTemplate":"https:\/\/megapets.eu\/hu\/?s={search_term_string}"},"query-input":{"@type":"PropertyValueSpecification","valueRequired":true,"valueName":"search_term_string"}}],"inLanguage":"hu"},{"@type":"Organization","@id":"https:\/\/megapets.eu\/hu\/#organization","name":"Mega Pets","url":"https:\/\/megapets.eu\/hu\/","logo":{"@type":"ImageObject","inLanguage":"hu","@id":"https:\/\/megapets.eu\/hu\/#\/schema\/logo\/image\/","url":"https:\/\/megapets.eu\/wp-content\/uploads\/2025\/04\/megapets_eu-logo.png","contentUrl":"https:\/\/megapets.eu\/wp-content\/uploads\/2025\/04\/megapets_eu-logo.png","width":2362,"height":2362,"caption":"Mega Pets"},"image":{"@id":"https:\/\/megapets.eu\/hu\/#\/schema\/logo\/image\/"},"sameAs":["https:\/\/www.facebook.com\/MegaPets.eu\/"]}]}},"_links":{"self":[{"href":"https:\/\/megapets.eu\/hu\/wp-json\/wp\/v2\/product\/8268","targetHints":{"allow":["GET"]}}],"collection":[{"href":"https:\/\/megapets.eu\/hu\/wp-json\/wp\/v2\/product"}],"about":[{"href":"https:\/\/megapets.eu\/hu\/wp-json\/wp\/v2\/types\/product"}],"wp:featuredmedia":[{"embeddable":true,"href":"https:\/\/megapets.eu\/hu\/wp-json\/wp\/v2\/media\/8269"}],"wp:attachment":[{"href":"https:\/\/megapets.eu\/hu\/wp-json\/wp\/v2\/media?parent=8268"}],"wp:term":[{"taxonomy":"product_cat","embeddable":true,"href":"https:\/\/megapets.eu\/hu\/wp-json\/wp\/v2\/product_cat?post=8268"},{"taxonomy":"product_tag","embeddable":true,"href":"https:\/\/megapets.eu\/hu\/wp-json\/wp\/v2\/product_tag?post=8268"}],"curies":[{"name":"wp","href":"https:\/\/api.w.org\/{rel}","templated":true}]}}