{"id":8272,"date":"2024-10-06T09:28:14","date_gmt":"2024-10-06T09:28:14","guid":{"rendered":"https:\/\/megapets.eu\/nem-kategorizalt\/gyna-centurio-gambiaegzotikus-csotanyok\/"},"modified":"2024-10-06T09:28:14","modified_gmt":"2024-10-06T09:28:14","slug":"gyna-centurio-gambiaegzotikus-csotanyok","status":"publish","type":"product","link":"https:\/\/megapets.eu\/hu\/egyeb\/gyna-centurio-gambiaegzotikus-csotanyok\/","title":{"rendered":"Gyna centurio &#8216;Gambia&#8217;<br \/>Egzotikus cs\u00f3t\u00e1nyok"},"content":{"rendered":"<p class=\"v1v1v1v1MsoNormal\"><span style=\"color: #424242;\"><strong><em><span style=\"font-size: 15px;\"><strong style=\"color: #424242;\"><span class=\"x1xsqp64 xiy17q3 x1o6pynw x19co3pv xdj266r xcwd3tp xat24cr x39eecv x2b8uid\" data-testid=\"emoji\"><span class=\"xexx8yu xn5pp95 x18d9i69 x2fxd7x x3jgonx x1bhl96m\">Egzotikus cs\u00f3t\u00e1nyok: faj: Gyna centurio Gambia.<\/span><\/span><\/strong><\/span><\/em><\/strong><\/span><\/p>\n<p class=\"v1v1v1v1MsoNormal\"><span style=\"color: #424242;\"><strong><em><span style=\"font-size: 15px;\"><strong style=\"color: #424242;\"><span class=\"x1xsqp64 xiy17q3 x1o6pynw x19co3pv xdj266r xcwd3tp xat24cr x39eecv x2b8uid\" data-testid=\"emoji\"><span class=\"xexx8yu xn5pp95 x18d9i69 x2fxd7x x3jgonx x1bhl96m\"><b>\u2764\ufe0f Keresel valami sz\u00f3rakoztat\u00f3 szapor\u00edt\u00f3t, amivel elkezdheted a teny\u00e9szt\u00e9st?<\/b> Egzotikus cs\u00f3t\u00e1nyok hobbiteny\u00e9szt\u00e9sre. Ezek k\u00f6nnyen tarthat\u00f3, \u00e9rdekes megfigyel\u00e9sre alkalmas \u00e9l\u0151l\u00e9nyek. Az ember sz\u00e1m\u00e1ra teljesen biztons\u00e1gosak, nem harapnak. Gyenge \u00e1llkapcsuk van, amely a n\u00f6v\u00e9nyi anyagok apr\u00edt\u00e1s\u00e1ra van be\u00e1ll\u00edtva. A cs\u00f3t\u00e1nyok az \u00e1rny\u00e9kos ter\u00fcleteket kedvelik, \u00e9s levelekkel, z\u00f6lds\u00e9gekkel, gy\u00fcm\u00f6lcs\u00f6kkel, szepi\u00e1val (tintahalcsont) \u00e9s sz\u00e1r\u00edtott Gammarus cs\u00edr\u00e1val t\u00e1pl\u00e1lkoznak.<\/span><\/span><\/strong><\/span><\/em><\/strong><\/span><\/p>\n<p class=\"v1v1v1v1MsoNormal\"><span style=\"color: #424242;\"><strong><em><span style=\"font-size: 15px;\"><span class=\"x1xsqp64 xiy17q3 x1o6pynw x19co3pv xdj266r xcwd3tp xat24cr x39eecv x2b8uid\" data-testid=\"emoji\"><span class=\"xexx8yu xn5pp95 x18d9i69 x2fxd7x x3jgonx x1bhl96m\"><img decoding=\"async\" src=\"https:\/\/static.xx.fbcdn.net\/images\/emoji.php\/v9\/t1e\/1\/16\/1f33f.png\" alt=\"\ud83c\udf3f\" \/> <\/span><\/span>Minden, amire egy ilyen \u00e1llatnak sz\u00fcks\u00e9ge van a sikeres n\u00f6veked\u00e9shez \u00e9s \u00e9lethez a terr\u00e1riumban:<\/span><\/em><\/strong><\/span><\/p>\n<p class=\"v1v1v1v1MsoNormal\"><span style=\"font-size: 15px;\"><strong><em><span style=\"color: #008000;\">*Minden, amire egy ilyen \u00e1llatnak sz\u00fcks\u00e9ge van a sikeres n\u00f6veked\u00e9shez \u00e9s \u00e9lethez a terr\u00e1riumban:<\/span><\/em><\/strong><\/span><\/p>\n<p><span style=\"font-size: 15px;\"><strong><em><span style=\"color: #008000;\">* Aljzat \/ t\u00e1pl\u00e1l\u00e9k: Egzotikus cs\u00f3t\u00e1nyok teny\u00e9szt\u00e9s\u00e9hez sz\u00fcks\u00e9ges szubsztr\u00e1t;<\/span><\/em><\/strong><\/span><\/p>\n<p><span style=\"font-size: 15px;\"><strong><em><span style=\"color: #008000;\">* T\u00e1pl\u00e1l\u00e9k: Friss z\u00f6lds\u00e9gek \u00e9s gy\u00fcm\u00f6lcs\u00f6k;<\/span><\/em><\/strong><\/span><\/p>\n<p><span style=\"font-size: 15px;\"><strong><em><span style=\"color: #008000;\">* T\u00e1pl\u00e1l\u00e9k: F\u00f6ldi gammarus sz\u00e1r\u00edtott cs\u00edra, makro- \u00e9s mikrot\u00e1panyagokban gazdag, \u00e1llati feh\u00e9rje \u00e9s kitin term\u00e9szetes forr\u00e1sa;<\/span><\/em><\/strong><\/span><\/p>\n<p><span style=\"font-size: 15px;\"><strong><em><span style=\"color: #008000;\">* T\u00e1pl\u00e1l\u00e9k: Sepia &#8211; tintahalcsont term\u00e9szetes kalciumforr\u00e1s a terr\u00e1riumi \u00e1llatok sz\u00e1m\u00e1ra;<\/span><\/em><\/strong><\/span><\/p>\n<p><span style=\"font-size: 15px;\"><strong><em><span style=\"color: #008000;\">* Terr\u00e1rium: Teny\u00e9szt\u0151ed\u00e9ny.<\/span><\/em><\/strong><\/span><\/p>\n","protected":false},"excerpt":{"rendered":"<ul class=\"product_attributes\">\n<li><strong>A p\u00e9ld\u00e1nyok c\u00e9lm\u00e9rete:<\/strong> <span style=\"color: #000000;\">kb. 2,5-4 cm<\/span><\/li>\n<li>Fiatal p\u00e9ld\u00e1nyok: <span style=\"color: #000000;\">mix 0,5 -1 cm<\/span><\/li>\n<li>Az \u00e1r egy k\u00e9szletre vonatkozik: <span style=\"color: #000000;\">12 p\u00e9ld\u00e1ny<\/span><\/li>\n<\/ul>\n","protected":false},"featured_media":8274,"template":"","meta":{"_acf_changed":false,"_links_to":"","_links_to_target":""},"product_cat":[203],"product_tag":[],"class_list":{"0":"post-8272","1":"product","2":"type-product","3":"status-publish","4":"has-post-thumbnail","6":"product_cat-egyeb","8":"first","9":"outofstock","10":"shipping-taxable","11":"purchasable","12":"product-type-simple"},"acf":[],"yoast_head":"<!-- This site is optimized with the Yoast SEO plugin v24.9 - https:\/\/yoast.com\/wordpress\/plugins\/seo\/ -->\n<title>Gyna centurio &#039;Gambia&#039;Egzotikus cs\u00f3t\u00e1nyok | MegaPets<\/title>\n<meta name=\"robots\" content=\"index, follow, max-snippet:-1, max-image-preview:large, max-video-preview:-1\" \/>\n<link rel=\"canonical\" href=\"https:\/\/megapets.eu\/hu\/egyeb\/gyna-centurio-gambiaegzotikus-csotanyok\/\" \/>\n<meta property=\"og:locale\" content=\"hu_HU\" \/>\n<meta property=\"og:type\" content=\"article\" \/>\n<meta property=\"og:title\" content=\"Gyna centurio &#039;Gambia&#039;Egzotikus cs\u00f3t\u00e1nyok | MegaPets\" \/>\n<meta property=\"og:description\" content=\"A p\u00e9ld\u00e1nyok c\u00e9lm\u00e9rete: kb. 2,5-4 cm  Fiatal p\u00e9ld\u00e1nyok: mix 0,5 -1 cm  Az \u00e1r egy k\u00e9szletre vonatkozik: 12 p\u00e9ld\u00e1ny\" \/>\n<meta property=\"og:url\" content=\"https:\/\/megapets.eu\/hu\/egyeb\/gyna-centurio-gambiaegzotikus-csotanyok\/\" \/>\n<meta property=\"og:site_name\" content=\"MegaPets\" \/>\n<meta property=\"article:publisher\" content=\"https:\/\/www.facebook.com\/MegaPets.eu\/\" \/>\n<meta property=\"og:image\" content=\"https:\/\/megapets.eu\/wp-content\/uploads\/2024\/10\/IMG_20200830_161127-scaled.jpg\" \/>\n\t<meta property=\"og:image:width\" content=\"2560\" \/>\n\t<meta property=\"og:image:height\" content=\"1707\" \/>\n\t<meta property=\"og:image:type\" content=\"image\/jpeg\" \/>\n<meta name=\"twitter:card\" content=\"summary_large_image\" \/>\n<meta name=\"twitter:label1\" content=\"Becs\u00fclt olvas\u00e1si id\u0151\" \/>\n\t<meta name=\"twitter:data1\" content=\"1 perc\" \/>\n<script type=\"application\/ld+json\" class=\"yoast-schema-graph\">{\"@context\":\"https:\/\/schema.org\",\"@graph\":[{\"@type\":\"WebPage\",\"@id\":\"https:\/\/megapets.eu\/hu\/egyeb\/gyna-centurio-gambiaegzotikus-csotanyok\/\",\"url\":\"https:\/\/megapets.eu\/hu\/egyeb\/gyna-centurio-gambiaegzotikus-csotanyok\/\",\"name\":\"Gyna centurio 'Gambia' Egzotikus cs\u00f3t\u00e1nyok | MegaPets\",\"isPartOf\":{\"@id\":\"https:\/\/megapets.eu\/hu\/#website\"},\"primaryImageOfPage\":{\"@id\":\"https:\/\/megapets.eu\/hu\/egyeb\/gyna-centurio-gambiaegzotikus-csotanyok\/#primaryimage\"},\"image\":{\"@id\":\"https:\/\/megapets.eu\/hu\/egyeb\/gyna-centurio-gambiaegzotikus-csotanyok\/#primaryimage\"},\"thumbnailUrl\":\"https:\/\/megapets.eu\/wp-content\/uploads\/2024\/10\/IMG_20200830_161127-scaled.jpg\",\"datePublished\":\"2024-10-06T09:28:14+00:00\",\"breadcrumb\":{\"@id\":\"https:\/\/megapets.eu\/hu\/egyeb\/gyna-centurio-gambiaegzotikus-csotanyok\/#breadcrumb\"},\"inLanguage\":\"hu\",\"potentialAction\":[{\"@type\":\"ReadAction\",\"target\":[\"https:\/\/megapets.eu\/hu\/egyeb\/gyna-centurio-gambiaegzotikus-csotanyok\/\"]}]},{\"@type\":\"ImageObject\",\"inLanguage\":\"hu\",\"@id\":\"https:\/\/megapets.eu\/hu\/egyeb\/gyna-centurio-gambiaegzotikus-csotanyok\/#primaryimage\",\"url\":\"https:\/\/megapets.eu\/wp-content\/uploads\/2024\/10\/IMG_20200830_161127-scaled.jpg\",\"contentUrl\":\"https:\/\/megapets.eu\/wp-content\/uploads\/2024\/10\/IMG_20200830_161127-scaled.jpg\",\"width\":2560,\"height\":1707},{\"@type\":\"BreadcrumbList\",\"@id\":\"https:\/\/megapets.eu\/hu\/egyeb\/gyna-centurio-gambiaegzotikus-csotanyok\/#breadcrumb\",\"itemListElement\":[{\"@type\":\"ListItem\",\"position\":1,\"name\":\"Strona g\u0142\u00f3wna\",\"item\":\"https:\/\/megapets.eu\/hu\/\"},{\"@type\":\"ListItem\",\"position\":2,\"name\":\"Bolt\",\"item\":\"https:\/\/megapets.eu\/bolt\/\"},{\"@type\":\"ListItem\",\"position\":3,\"name\":\"Gyna centurio 'Gambia&#8217;Egzotikus cs\u00f3t\u00e1nyok\"}]},{\"@type\":\"WebSite\",\"@id\":\"https:\/\/megapets.eu\/hu\/#website\",\"url\":\"https:\/\/megapets.eu\/hu\/\",\"name\":\"Mega Pets\",\"description\":\"Jedna z najwi\u0119kszych hodowli \u015blimak\u00f3w w Europie\",\"publisher\":{\"@id\":\"https:\/\/megapets.eu\/hu\/#organization\"},\"alternateName\":\"Mega Pets\",\"potentialAction\":[{\"@type\":\"SearchAction\",\"target\":{\"@type\":\"EntryPoint\",\"urlTemplate\":\"https:\/\/megapets.eu\/hu\/?s={search_term_string}\"},\"query-input\":{\"@type\":\"PropertyValueSpecification\",\"valueRequired\":true,\"valueName\":\"search_term_string\"}}],\"inLanguage\":\"hu\"},{\"@type\":\"Organization\",\"@id\":\"https:\/\/megapets.eu\/hu\/#organization\",\"name\":\"Mega Pets\",\"url\":\"https:\/\/megapets.eu\/hu\/\",\"logo\":{\"@type\":\"ImageObject\",\"inLanguage\":\"hu\",\"@id\":\"https:\/\/megapets.eu\/hu\/#\/schema\/logo\/image\/\",\"url\":\"https:\/\/megapets.eu\/wp-content\/uploads\/2025\/04\/megapets_eu-logo.png\",\"contentUrl\":\"https:\/\/megapets.eu\/wp-content\/uploads\/2025\/04\/megapets_eu-logo.png\",\"width\":2362,\"height\":2362,\"caption\":\"Mega Pets\"},\"image\":{\"@id\":\"https:\/\/megapets.eu\/hu\/#\/schema\/logo\/image\/\"},\"sameAs\":[\"https:\/\/www.facebook.com\/MegaPets.eu\/\"]}]}<\/script>\n<!-- \/ Yoast SEO plugin. -->","yoast_head_json":{"title":"Gyna centurio 'Gambia'Egzotikus cs\u00f3t\u00e1nyok | MegaPets","robots":{"index":"index","follow":"follow","max-snippet":"max-snippet:-1","max-image-preview":"max-image-preview:large","max-video-preview":"max-video-preview:-1"},"canonical":"https:\/\/megapets.eu\/hu\/egyeb\/gyna-centurio-gambiaegzotikus-csotanyok\/","og_locale":"hu_HU","og_type":"article","og_title":"Gyna centurio 'Gambia'Egzotikus cs\u00f3t\u00e1nyok | MegaPets","og_description":"A p\u00e9ld\u00e1nyok c\u00e9lm\u00e9rete: kb. 2,5-4 cm  Fiatal p\u00e9ld\u00e1nyok: mix 0,5 -1 cm  Az \u00e1r egy k\u00e9szletre vonatkozik: 12 p\u00e9ld\u00e1ny","og_url":"https:\/\/megapets.eu\/hu\/egyeb\/gyna-centurio-gambiaegzotikus-csotanyok\/","og_site_name":"MegaPets","article_publisher":"https:\/\/www.facebook.com\/MegaPets.eu\/","og_image":[{"width":2560,"height":1707,"url":"https:\/\/megapets.eu\/wp-content\/uploads\/2024\/10\/IMG_20200830_161127-scaled.jpg","type":"image\/jpeg"}],"twitter_card":"summary_large_image","twitter_misc":{"Becs\u00fclt olvas\u00e1si id\u0151":"1 perc"},"schema":{"@context":"https:\/\/schema.org","@graph":[{"@type":"WebPage","@id":"https:\/\/megapets.eu\/hu\/egyeb\/gyna-centurio-gambiaegzotikus-csotanyok\/","url":"https:\/\/megapets.eu\/hu\/egyeb\/gyna-centurio-gambiaegzotikus-csotanyok\/","name":"Gyna centurio 'Gambia' Egzotikus cs\u00f3t\u00e1nyok | MegaPets","isPartOf":{"@id":"https:\/\/megapets.eu\/hu\/#website"},"primaryImageOfPage":{"@id":"https:\/\/megapets.eu\/hu\/egyeb\/gyna-centurio-gambiaegzotikus-csotanyok\/#primaryimage"},"image":{"@id":"https:\/\/megapets.eu\/hu\/egyeb\/gyna-centurio-gambiaegzotikus-csotanyok\/#primaryimage"},"thumbnailUrl":"https:\/\/megapets.eu\/wp-content\/uploads\/2024\/10\/IMG_20200830_161127-scaled.jpg","datePublished":"2024-10-06T09:28:14+00:00","breadcrumb":{"@id":"https:\/\/megapets.eu\/hu\/egyeb\/gyna-centurio-gambiaegzotikus-csotanyok\/#breadcrumb"},"inLanguage":"hu","potentialAction":[{"@type":"ReadAction","target":["https:\/\/megapets.eu\/hu\/egyeb\/gyna-centurio-gambiaegzotikus-csotanyok\/"]}]},{"@type":"ImageObject","inLanguage":"hu","@id":"https:\/\/megapets.eu\/hu\/egyeb\/gyna-centurio-gambiaegzotikus-csotanyok\/#primaryimage","url":"https:\/\/megapets.eu\/wp-content\/uploads\/2024\/10\/IMG_20200830_161127-scaled.jpg","contentUrl":"https:\/\/megapets.eu\/wp-content\/uploads\/2024\/10\/IMG_20200830_161127-scaled.jpg","width":2560,"height":1707},{"@type":"BreadcrumbList","@id":"https:\/\/megapets.eu\/hu\/egyeb\/gyna-centurio-gambiaegzotikus-csotanyok\/#breadcrumb","itemListElement":[{"@type":"ListItem","position":1,"name":"Strona g\u0142\u00f3wna","item":"https:\/\/megapets.eu\/hu\/"},{"@type":"ListItem","position":2,"name":"Bolt","item":"https:\/\/megapets.eu\/bolt\/"},{"@type":"ListItem","position":3,"name":"Gyna centurio 'Gambia&#8217;Egzotikus cs\u00f3t\u00e1nyok"}]},{"@type":"WebSite","@id":"https:\/\/megapets.eu\/hu\/#website","url":"https:\/\/megapets.eu\/hu\/","name":"Mega Pets","description":"Jedna z najwi\u0119kszych hodowli \u015blimak\u00f3w w Europie","publisher":{"@id":"https:\/\/megapets.eu\/hu\/#organization"},"alternateName":"Mega Pets","potentialAction":[{"@type":"SearchAction","target":{"@type":"EntryPoint","urlTemplate":"https:\/\/megapets.eu\/hu\/?s={search_term_string}"},"query-input":{"@type":"PropertyValueSpecification","valueRequired":true,"valueName":"search_term_string"}}],"inLanguage":"hu"},{"@type":"Organization","@id":"https:\/\/megapets.eu\/hu\/#organization","name":"Mega Pets","url":"https:\/\/megapets.eu\/hu\/","logo":{"@type":"ImageObject","inLanguage":"hu","@id":"https:\/\/megapets.eu\/hu\/#\/schema\/logo\/image\/","url":"https:\/\/megapets.eu\/wp-content\/uploads\/2025\/04\/megapets_eu-logo.png","contentUrl":"https:\/\/megapets.eu\/wp-content\/uploads\/2025\/04\/megapets_eu-logo.png","width":2362,"height":2362,"caption":"Mega Pets"},"image":{"@id":"https:\/\/megapets.eu\/hu\/#\/schema\/logo\/image\/"},"sameAs":["https:\/\/www.facebook.com\/MegaPets.eu\/"]}]}},"_links":{"self":[{"href":"https:\/\/megapets.eu\/hu\/wp-json\/wp\/v2\/product\/8272","targetHints":{"allow":["GET"]}}],"collection":[{"href":"https:\/\/megapets.eu\/hu\/wp-json\/wp\/v2\/product"}],"about":[{"href":"https:\/\/megapets.eu\/hu\/wp-json\/wp\/v2\/types\/product"}],"wp:featuredmedia":[{"embeddable":true,"href":"https:\/\/megapets.eu\/hu\/wp-json\/wp\/v2\/media\/8274"}],"wp:attachment":[{"href":"https:\/\/megapets.eu\/hu\/wp-json\/wp\/v2\/media?parent=8272"}],"wp:term":[{"taxonomy":"product_cat","embeddable":true,"href":"https:\/\/megapets.eu\/hu\/wp-json\/wp\/v2\/product_cat?post=8272"},{"taxonomy":"product_tag","embeddable":true,"href":"https:\/\/megapets.eu\/hu\/wp-json\/wp\/v2\/product_tag?post=8272"}],"curies":[{"name":"wp","href":"https:\/\/api.w.org\/{rel}","templated":true}]}}