{"id":8296,"date":"2024-10-04T19:54:08","date_gmt":"2024-10-04T19:54:08","guid":{"rendered":"https:\/\/megapets.eu\/nem-kategorizalt\/feherje-es-vitamin-csomag-50-g\/"},"modified":"2024-10-04T19:54:08","modified_gmt":"2024-10-04T19:54:08","slug":"feherje-es-vitamin-csomag-50-g","status":"publish","type":"product","link":"https:\/\/megapets.eu\/hu\/tartozekok\/feherje-es-vitamin-csomag-50-g\/","title":{"rendered":"Feh\u00e9rje \u00e9s vitamin csomag 50 g"},"content":{"rendered":"<p><strong><span style=\"color: #e87020; font-size: 15px;\"><em>Protein &amp; Vitamin\u201e 50 g-os csomag<\/em><\/span><\/strong><\/p>\n<p><strong><span style=\"color: #e87020; font-size: 15px;\"><em>Egy csomag 50 g-ot tartalmaz.<\/em><\/span><\/strong><\/p>\n<p><strong><span style=\"color: #e87020; font-size: 15px;\"><em>Az \u00e1r 1 csomagra vonatkozik.<\/em><\/span><\/strong><\/p>\n<p><em><span style=\"color: #424242;\"><strong><span style=\"font-size: 15px;\">A &#8222;Protein &amp; Vitamin\u201e csomag \u00e9rt\u00e9kes t\u00e1panyagokkal teli szemcs\u00e9k kever\u00e9k\u00e9t tartalmazza a h\u00e1zi\u00e1llatok megfelel\u0151 fejl\u0151d\u00e9s\u00e9hez, \u00e9s hasznos kieg\u00e9sz\u00edt\u0151je a csig\u00e1k alapt\u00e1pl\u00e1l\u00e9k\u00e1nak. Az \u0151r\u00f6lt \u00e9s szit\u00e1lt szemcs\u00e9kb\u0151l finom por keletkezik, amely bar\u00e1ts\u00e1gosabb \u00e9s k\u00f6nnyebben felvehet\u0151 a csiga sz\u00e1m\u00e1ra.<\/span><\/strong><\/span><\/em><\/p>\n<p><em><span style=\"color: #424242;\"><strong><span style=\"font-size: 15px;\">Adagol\u00e1s: sz\u00f3rjon kis mennyis\u00e9g\u0171 &#8222;Protein &amp; Vitamin\u201e port a t\u00e1pl\u00e1l\u00e9k egy r\u00e9sz\u00e9re. A v\u00e1ltozatoss\u00e1g kedv\u00e9\u00e9rt a k\u00f6vetkez\u0151 etet\u00e9sn\u00e9l \u00e9rdemes r\u00f6vid sz\u00fcnetet tartani a gabonakever\u00e9k etet\u00e9s\u00e9ben, \u00e9s m\u00e1s t\u00edpus\u00fa kieg\u00e9sz\u00edt\u0151ket k\u00edn\u00e1lni kedvenc\u00e9nek, p\u00e9ld\u00e1ul egzotikus gy\u00f3gyn\u00f6v\u00e9nykever\u00e9ket vagy \u0151r\u00f6lt gammarust.<\/span><\/strong><\/span><\/em><\/p>\n<p><em><span style=\"color: #424242;\"><strong><span style=\"font-size: 15px;\">Az \u00e1ltalunk aj\u00e1nlott kieg\u00e9sz\u00edt\u0151k m\u00e9g a legig\u00e9nyesebb fajok \u00e9rt\u00e9kes t\u00e1panyagokban val\u00f3 ig\u00e9nyeit is k\u00e9pesek kiel\u00e9g\u00edteni: &#8222;Feh\u00e9rje \u00e9s vitamin\u201e, egzotikus gy\u00f3gyn\u00f6v\u00e9nykever\u00e9k, \u0151r\u00f6lt gammarus. A kieg\u00e9sz\u00edt\u0151ket aj\u00e1nlott felv\u00e1ltva haszn\u00e1lni, hogy kedvence \u00e9trendje v\u00e1ltozatos \u00e9s teljes \u00e9rt\u00e9k\u0171 maradjon.<\/span><\/strong><\/span><\/em><\/p>\n","protected":false},"excerpt":{"rendered":"<ul class=\"product_attributes\">\n<li><span style=\"color: #555555;\">Tartalmaz:<\/span> gabonakever\u00e9k<\/li>\n<li><span style=\"color: #555555;\">A csomag tartalmazza:<\/span> 50 g<\/li>\n<li><span style=\"color: #555555;\">Az \u00e1r a k\u00f6vetkez\u0151kre vonatkozik:<\/span> 1 csomag.<\/li>\n<\/ul>\n","protected":false},"featured_media":12629,"template":"","meta":{"_acf_changed":false,"_links_to":"","_links_to_target":""},"product_cat":[195],"product_tag":[196,199,198,197],"class_list":{"0":"post-8296","1":"product","2":"type-product","3":"status-publish","4":"has-post-thumbnail","6":"product_cat-tartozekok","7":"product_tag-csigak-szamara","8":"product_tag-csotanyok-eseteben","9":"product_tag-izopodak-eseteben","10":"product_tag-mert-a-ravaszsagok","12":"first","13":"instock","14":"shipping-taxable","15":"purchasable","16":"product-type-simple"},"acf":[],"yoast_head":"<!-- This site is optimized with the Yoast SEO plugin v24.9 - https:\/\/yoast.com\/wordpress\/plugins\/seo\/ -->\n<title>Feh\u00e9rje \u00e9s vitamin csomag 50 g | MegaPets<\/title>\n<meta name=\"robots\" content=\"index, follow, max-snippet:-1, max-image-preview:large, max-video-preview:-1\" \/>\n<link rel=\"canonical\" href=\"https:\/\/megapets.eu\/hu\/tartozekok\/feherje-es-vitamin-csomag-50-g\/\" \/>\n<meta property=\"og:locale\" content=\"hu_HU\" \/>\n<meta property=\"og:type\" content=\"article\" \/>\n<meta property=\"og:title\" content=\"Feh\u00e9rje \u00e9s vitamin csomag 50 g | MegaPets\" \/>\n<meta property=\"og:description\" content=\"Tartalmaz: gabonakever\u00e9k  A csomag tartalmazza: 50 g  Az \u00e1r a k\u00f6vetkez\u0151kre vonatkozik: 1 csomag.\" \/>\n<meta property=\"og:url\" content=\"https:\/\/megapets.eu\/hu\/tartozekok\/feherje-es-vitamin-csomag-50-g\/\" \/>\n<meta property=\"og:site_name\" content=\"MegaPets\" \/>\n<meta property=\"article:publisher\" content=\"https:\/\/www.facebook.com\/MegaPets.eu\/\" \/>\n<meta property=\"og:image\" content=\"https:\/\/megapets.eu\/wp-content\/uploads\/2024\/10\/IMG_20200808_204327-1024x771.png\" \/>\n\t<meta property=\"og:image:width\" content=\"1024\" \/>\n\t<meta property=\"og:image:height\" content=\"771\" \/>\n\t<meta property=\"og:image:type\" content=\"image\/png\" \/>\n<meta name=\"twitter:card\" content=\"summary_large_image\" \/>\n<meta name=\"twitter:label1\" content=\"Becs\u00fclt olvas\u00e1si id\u0151\" \/>\n\t<meta name=\"twitter:data1\" content=\"1 perc\" \/>\n<script type=\"application\/ld+json\" class=\"yoast-schema-graph\">{\"@context\":\"https:\/\/schema.org\",\"@graph\":[{\"@type\":\"WebPage\",\"@id\":\"https:\/\/megapets.eu\/hu\/tartozekok\/feherje-es-vitamin-csomag-50-g\/\",\"url\":\"https:\/\/megapets.eu\/hu\/tartozekok\/feherje-es-vitamin-csomag-50-g\/\",\"name\":\"Feh\u00e9rje \u00e9s vitamin csomag 50 g | MegaPets\",\"isPartOf\":{\"@id\":\"https:\/\/megapets.eu\/hu\/#website\"},\"primaryImageOfPage\":{\"@id\":\"https:\/\/megapets.eu\/hu\/tartozekok\/feherje-es-vitamin-csomag-50-g\/#primaryimage\"},\"image\":{\"@id\":\"https:\/\/megapets.eu\/hu\/tartozekok\/feherje-es-vitamin-csomag-50-g\/#primaryimage\"},\"thumbnailUrl\":\"https:\/\/megapets.eu\/wp-content\/uploads\/2024\/10\/optimized_ziarna.webp\",\"datePublished\":\"2024-10-04T19:54:08+00:00\",\"breadcrumb\":{\"@id\":\"https:\/\/megapets.eu\/hu\/tartozekok\/feherje-es-vitamin-csomag-50-g\/#breadcrumb\"},\"inLanguage\":\"hu\",\"potentialAction\":[{\"@type\":\"ReadAction\",\"target\":[\"https:\/\/megapets.eu\/hu\/tartozekok\/feherje-es-vitamin-csomag-50-g\/\"]}]},{\"@type\":\"ImageObject\",\"inLanguage\":\"hu\",\"@id\":\"https:\/\/megapets.eu\/hu\/tartozekok\/feherje-es-vitamin-csomag-50-g\/#primaryimage\",\"url\":\"https:\/\/megapets.eu\/wp-content\/uploads\/2024\/10\/optimized_ziarna.webp\",\"contentUrl\":\"https:\/\/megapets.eu\/wp-content\/uploads\/2024\/10\/optimized_ziarna.webp\",\"width\":1536,\"height\":1024},{\"@type\":\"BreadcrumbList\",\"@id\":\"https:\/\/megapets.eu\/hu\/tartozekok\/feherje-es-vitamin-csomag-50-g\/#breadcrumb\",\"itemListElement\":[{\"@type\":\"ListItem\",\"position\":1,\"name\":\"Strona g\u0142\u00f3wna\",\"item\":\"https:\/\/megapets.eu\/hu\/\"},{\"@type\":\"ListItem\",\"position\":2,\"name\":\"Bolt\",\"item\":\"https:\/\/megapets.eu\/bolt\/\"},{\"@type\":\"ListItem\",\"position\":3,\"name\":\"Feh\u00e9rje \u00e9s vitamin csomag 50 g\"}]},{\"@type\":\"WebSite\",\"@id\":\"https:\/\/megapets.eu\/hu\/#website\",\"url\":\"https:\/\/megapets.eu\/hu\/\",\"name\":\"Mega Pets\",\"description\":\"Jedna z najwi\u0119kszych hodowli \u015blimak\u00f3w w Europie\",\"publisher\":{\"@id\":\"https:\/\/megapets.eu\/hu\/#organization\"},\"alternateName\":\"Mega Pets\",\"potentialAction\":[{\"@type\":\"SearchAction\",\"target\":{\"@type\":\"EntryPoint\",\"urlTemplate\":\"https:\/\/megapets.eu\/hu\/?s={search_term_string}\"},\"query-input\":{\"@type\":\"PropertyValueSpecification\",\"valueRequired\":true,\"valueName\":\"search_term_string\"}}],\"inLanguage\":\"hu\"},{\"@type\":\"Organization\",\"@id\":\"https:\/\/megapets.eu\/hu\/#organization\",\"name\":\"Mega Pets\",\"url\":\"https:\/\/megapets.eu\/hu\/\",\"logo\":{\"@type\":\"ImageObject\",\"inLanguage\":\"hu\",\"@id\":\"https:\/\/megapets.eu\/hu\/#\/schema\/logo\/image\/\",\"url\":\"https:\/\/megapets.eu\/wp-content\/uploads\/2025\/04\/megapets_eu-logo.png\",\"contentUrl\":\"https:\/\/megapets.eu\/wp-content\/uploads\/2025\/04\/megapets_eu-logo.png\",\"width\":2362,\"height\":2362,\"caption\":\"Mega Pets\"},\"image\":{\"@id\":\"https:\/\/megapets.eu\/hu\/#\/schema\/logo\/image\/\"},\"sameAs\":[\"https:\/\/www.facebook.com\/MegaPets.eu\/\"]}]}<\/script>\n<!-- \/ Yoast SEO plugin. -->","yoast_head_json":{"title":"Feh\u00e9rje \u00e9s vitamin csomag 50 g | MegaPets","robots":{"index":"index","follow":"follow","max-snippet":"max-snippet:-1","max-image-preview":"max-image-preview:large","max-video-preview":"max-video-preview:-1"},"canonical":"https:\/\/megapets.eu\/hu\/tartozekok\/feherje-es-vitamin-csomag-50-g\/","og_locale":"hu_HU","og_type":"article","og_title":"Feh\u00e9rje \u00e9s vitamin csomag 50 g | MegaPets","og_description":"Tartalmaz: gabonakever\u00e9k  A csomag tartalmazza: 50 g  Az \u00e1r a k\u00f6vetkez\u0151kre vonatkozik: 1 csomag.","og_url":"https:\/\/megapets.eu\/hu\/tartozekok\/feherje-es-vitamin-csomag-50-g\/","og_site_name":"MegaPets","article_publisher":"https:\/\/www.facebook.com\/MegaPets.eu\/","og_image":[{"width":1024,"height":771,"url":"https:\/\/megapets.eu\/wp-content\/uploads\/2024\/10\/IMG_20200808_204327-1024x771.png","type":"image\/png"}],"twitter_card":"summary_large_image","twitter_misc":{"Becs\u00fclt olvas\u00e1si id\u0151":"1 perc"},"schema":{"@context":"https:\/\/schema.org","@graph":[{"@type":"WebPage","@id":"https:\/\/megapets.eu\/hu\/tartozekok\/feherje-es-vitamin-csomag-50-g\/","url":"https:\/\/megapets.eu\/hu\/tartozekok\/feherje-es-vitamin-csomag-50-g\/","name":"Feh\u00e9rje \u00e9s vitamin csomag 50 g | MegaPets","isPartOf":{"@id":"https:\/\/megapets.eu\/hu\/#website"},"primaryImageOfPage":{"@id":"https:\/\/megapets.eu\/hu\/tartozekok\/feherje-es-vitamin-csomag-50-g\/#primaryimage"},"image":{"@id":"https:\/\/megapets.eu\/hu\/tartozekok\/feherje-es-vitamin-csomag-50-g\/#primaryimage"},"thumbnailUrl":"https:\/\/megapets.eu\/wp-content\/uploads\/2024\/10\/optimized_ziarna.webp","datePublished":"2024-10-04T19:54:08+00:00","breadcrumb":{"@id":"https:\/\/megapets.eu\/hu\/tartozekok\/feherje-es-vitamin-csomag-50-g\/#breadcrumb"},"inLanguage":"hu","potentialAction":[{"@type":"ReadAction","target":["https:\/\/megapets.eu\/hu\/tartozekok\/feherje-es-vitamin-csomag-50-g\/"]}]},{"@type":"ImageObject","inLanguage":"hu","@id":"https:\/\/megapets.eu\/hu\/tartozekok\/feherje-es-vitamin-csomag-50-g\/#primaryimage","url":"https:\/\/megapets.eu\/wp-content\/uploads\/2024\/10\/optimized_ziarna.webp","contentUrl":"https:\/\/megapets.eu\/wp-content\/uploads\/2024\/10\/optimized_ziarna.webp","width":1536,"height":1024},{"@type":"BreadcrumbList","@id":"https:\/\/megapets.eu\/hu\/tartozekok\/feherje-es-vitamin-csomag-50-g\/#breadcrumb","itemListElement":[{"@type":"ListItem","position":1,"name":"Strona g\u0142\u00f3wna","item":"https:\/\/megapets.eu\/hu\/"},{"@type":"ListItem","position":2,"name":"Bolt","item":"https:\/\/megapets.eu\/bolt\/"},{"@type":"ListItem","position":3,"name":"Feh\u00e9rje \u00e9s vitamin csomag 50 g"}]},{"@type":"WebSite","@id":"https:\/\/megapets.eu\/hu\/#website","url":"https:\/\/megapets.eu\/hu\/","name":"Mega Pets","description":"Jedna z najwi\u0119kszych hodowli \u015blimak\u00f3w w Europie","publisher":{"@id":"https:\/\/megapets.eu\/hu\/#organization"},"alternateName":"Mega Pets","potentialAction":[{"@type":"SearchAction","target":{"@type":"EntryPoint","urlTemplate":"https:\/\/megapets.eu\/hu\/?s={search_term_string}"},"query-input":{"@type":"PropertyValueSpecification","valueRequired":true,"valueName":"search_term_string"}}],"inLanguage":"hu"},{"@type":"Organization","@id":"https:\/\/megapets.eu\/hu\/#organization","name":"Mega Pets","url":"https:\/\/megapets.eu\/hu\/","logo":{"@type":"ImageObject","inLanguage":"hu","@id":"https:\/\/megapets.eu\/hu\/#\/schema\/logo\/image\/","url":"https:\/\/megapets.eu\/wp-content\/uploads\/2025\/04\/megapets_eu-logo.png","contentUrl":"https:\/\/megapets.eu\/wp-content\/uploads\/2025\/04\/megapets_eu-logo.png","width":2362,"height":2362,"caption":"Mega Pets"},"image":{"@id":"https:\/\/megapets.eu\/hu\/#\/schema\/logo\/image\/"},"sameAs":["https:\/\/www.facebook.com\/MegaPets.eu\/"]}]}},"_links":{"self":[{"href":"https:\/\/megapets.eu\/hu\/wp-json\/wp\/v2\/product\/8296","targetHints":{"allow":["GET"]}}],"collection":[{"href":"https:\/\/megapets.eu\/hu\/wp-json\/wp\/v2\/product"}],"about":[{"href":"https:\/\/megapets.eu\/hu\/wp-json\/wp\/v2\/types\/product"}],"wp:featuredmedia":[{"embeddable":true,"href":"https:\/\/megapets.eu\/hu\/wp-json\/wp\/v2\/media\/12629"}],"wp:attachment":[{"href":"https:\/\/megapets.eu\/hu\/wp-json\/wp\/v2\/media?parent=8296"}],"wp:term":[{"taxonomy":"product_cat","embeddable":true,"href":"https:\/\/megapets.eu\/hu\/wp-json\/wp\/v2\/product_cat?post=8296"},{"taxonomy":"product_tag","embeddable":true,"href":"https:\/\/megapets.eu\/hu\/wp-json\/wp\/v2\/product_tag?post=8296"}],"curies":[{"name":"wp","href":"https:\/\/api.w.org\/{rel}","templated":true}]}}