{"id":8297,"date":"2024-10-08T08:29:19","date_gmt":"2024-10-08T08:29:19","guid":{"rendered":"https:\/\/megapets.eu\/nem-kategorizalt\/sphagnum-moha-250-mlviperak-izopodak-csotanyok-ellen\/"},"modified":"2024-10-08T08:29:19","modified_gmt":"2024-10-08T08:29:19","slug":"sphagnum-moha-250-mlviperak-izopodak-csotanyok-ellen","status":"publish","type":"product","link":"https:\/\/megapets.eu\/hu\/tartozekok\/sphagnum-moha-250-mlviperak-izopodak-csotanyok-ellen\/","title":{"rendered":"Sphagnum moha 250 ml<br \/>viper\u00e1k, izopod\u00e1k, cs\u00f3t\u00e1nyok ellen."},"content":{"rendered":"<p><strong><span style=\"color: #e87020; font-size: 15px;\"><em><span style=\"color: #e87020;\"><span style=\"font-size: 15px;\">Sphagnum moha 250 ml<\/span><\/span><span style=\"color: #e87020;\"> viper\u00e1k,<\/span> isopod\u00e1k, cs\u00f3t\u00e1nyok<\/em><\/span><\/strong><\/p>\n<p><strong><span style=\"color: #e87020; font-size: 15px;\"><em>Egy csomag 250 ml, h\u0151kezelt moh\u00e1t tartalmaz. <\/em><\/span><\/strong><\/p>\n<p><strong><span style=\"color: #e87020; font-size: 15px;\"><em>Az \u00e1r 1 csomagra vonatkozik.<\/em><\/span><\/strong><\/p>\n<p><em><span style=\"color: #424242;\"><strong><span style=\"font-size: 15px;\">A Sphagnum moha, m\u00e1s n\u00e9ven t\u0151zegmoha, term\u00e9szetes, kiv\u00e1l\u00f3 szubsztr\u00e1t adal\u00e9kanyag viper\u00e1k, krokodilok, cs\u00f3t\u00e1nyok \u00e9s izop\u00f3d\u00e1k (ersz\u00e9nyesek, ersz\u00e9nyesek), h\u00fcll\u0151k, k\u00e9t\u00e9lt\u0171ek sz\u00e1m\u00e1ra, \u00e9s sz\u00e9les k\u00f6rben haszn\u00e1lj\u00e1k a kert\u00e9szetben, n\u00f6v\u00e9nytermeszt\u00e9sben \u00e9s a terrarisztik\u00e1ban. Egyed\u00fcl\u00e1ll\u00f3 tulajdons\u00e1gai n\u00e9lk\u00fcl\u00f6zhetetlenn\u00e9 teszik mind a n\u00f6v\u00e9nykedvel\u0151k, mind az egzotikus \u00e1llatok teny\u00e9szt\u0151i sz\u00e1m\u00e1ra.<\/span><\/strong><\/span><\/em><\/p>\n<p><em><span style=\"color: #424242;\"><strong><span style=\"font-size: 15px;\">A Sphagnum antibakteri\u00e1lis \u00e9s gomba\u00f6l\u0151 tulajdons\u00e1gokkal rendelkezik, k\u00e9pes megtartani a vizet, \u00edgy ide\u00e1lis szubsztr\u00e1tkomponens az \u00e1lland\u00f3 nedvess\u00e9get ig\u00e9nyl\u0151 n\u00f6v\u00e9nyek sz\u00e1m\u00e1ra, \u00e9s megakad\u00e1lyozza a terr\u00e1riumban a p\u00e1ratartalom cs\u00f6kken\u00e9s\u00e9t. Term\u00e9szetes nedvess\u00e9gmegtart\u00f3 k\u00e9pess\u00e9ge seg\u00edt fenntartani a megfelel\u0151 mikrokl\u00edm\u00e1t a tr\u00f3pusi terr\u00e1riumokban, \u00e9s dekorat\u00edv szerepet is bet\u00f6lt, term\u00e9szetes megjelen\u00e9st k\u00f6lcs\u00f6n\u00f6zve a terr\u00e1rium belsej\u00e9nek.<\/span><\/strong><\/span><\/em><\/p>\n","protected":false},"excerpt":{"rendered":"<ul class=\"product_attributes\">\n<li><span style=\"color: #555555;\">H\u0151kezelt<\/span><\/li>\n<li><span style=\"color: #555555;\">A csomag tartalmazza:<\/span> 250 ml<\/li>\n<li><span style=\"color: #555555;\">Az \u00e1r a k\u00f6vetkez\u0151kre vonatkozik:<\/span> 1 csomag.<\/li>\n<\/ul>\n","protected":false},"featured_media":8298,"template":"","meta":{"_acf_changed":false,"_links_to":"","_links_to_target":""},"product_cat":[195],"product_tag":[204,199,198,197,205],"class_list":{"0":"post-8297","1":"product","2":"type-product","3":"status-publish","4":"has-post-thumbnail","6":"product_cat-tartozekok","7":"product_tag-az-imadkozo-saskak-eseteben","8":"product_tag-csotanyok-eseteben","9":"product_tag-izopodak-eseteben","10":"product_tag-mert-a-ravaszsagok","11":"product_tag-pokok-eseteben","13":"first","14":"instock","15":"shipping-taxable","16":"purchasable","17":"product-type-simple"},"acf":[],"yoast_head":"<!-- This site is optimized with the Yoast SEO plugin v24.9 - https:\/\/yoast.com\/wordpress\/plugins\/seo\/ -->\n<title>Sphagnum moha 250 mlviper\u00e1k, izopod\u00e1k, cs\u00f3t\u00e1nyok ellen. | MegaPets<\/title>\n<meta name=\"robots\" content=\"index, follow, max-snippet:-1, max-image-preview:large, max-video-preview:-1\" \/>\n<link rel=\"canonical\" href=\"https:\/\/megapets.eu\/hu\/tartozekok\/sphagnum-moha-250-mlviperak-izopodak-csotanyok-ellen\/\" \/>\n<meta property=\"og:locale\" content=\"hu_HU\" \/>\n<meta property=\"og:type\" content=\"article\" \/>\n<meta property=\"og:title\" content=\"Sphagnum moha 250 mlviper\u00e1k, izopod\u00e1k, cs\u00f3t\u00e1nyok ellen. | MegaPets\" \/>\n<meta property=\"og:description\" content=\"H\u0151kezelt  A csomag tartalmazza: 250 ml  Az \u00e1r a k\u00f6vetkez\u0151kre vonatkozik: 1 csomag.\" \/>\n<meta property=\"og:url\" content=\"https:\/\/megapets.eu\/hu\/tartozekok\/sphagnum-moha-250-mlviperak-izopodak-csotanyok-ellen\/\" \/>\n<meta property=\"og:site_name\" content=\"MegaPets\" \/>\n<meta property=\"article:publisher\" content=\"https:\/\/www.facebook.com\/MegaPets.eu\/\" \/>\n<meta property=\"og:image\" content=\"https:\/\/megapets.eu\/wp-content\/uploads\/2024\/10\/IMG_2710-e1728376213603.jpg\" \/>\n\t<meta property=\"og:image:width\" content=\"1474\" \/>\n\t<meta property=\"og:image:height\" content=\"1000\" \/>\n\t<meta property=\"og:image:type\" content=\"image\/jpeg\" \/>\n<meta name=\"twitter:card\" content=\"summary_large_image\" \/>\n<meta name=\"twitter:label1\" content=\"Becs\u00fclt olvas\u00e1si id\u0151\" \/>\n\t<meta name=\"twitter:data1\" content=\"1 perc\" \/>\n<script type=\"application\/ld+json\" class=\"yoast-schema-graph\">{\"@context\":\"https:\/\/schema.org\",\"@graph\":[{\"@type\":\"WebPage\",\"@id\":\"https:\/\/megapets.eu\/hu\/tartozekok\/sphagnum-moha-250-mlviperak-izopodak-csotanyok-ellen\/\",\"url\":\"https:\/\/megapets.eu\/hu\/tartozekok\/sphagnum-moha-250-mlviperak-izopodak-csotanyok-ellen\/\",\"name\":\"Sphagnum moha 250 ml viper\u00e1k, izopod\u00e1k, cs\u00f3t\u00e1nyok ellen. | MegaPets\",\"isPartOf\":{\"@id\":\"https:\/\/megapets.eu\/hu\/#website\"},\"primaryImageOfPage\":{\"@id\":\"https:\/\/megapets.eu\/hu\/tartozekok\/sphagnum-moha-250-mlviperak-izopodak-csotanyok-ellen\/#primaryimage\"},\"image\":{\"@id\":\"https:\/\/megapets.eu\/hu\/tartozekok\/sphagnum-moha-250-mlviperak-izopodak-csotanyok-ellen\/#primaryimage\"},\"thumbnailUrl\":\"https:\/\/megapets.eu\/wp-content\/uploads\/2024\/10\/IMG_2710-e1728376213603.jpg\",\"datePublished\":\"2024-10-08T08:29:19+00:00\",\"breadcrumb\":{\"@id\":\"https:\/\/megapets.eu\/hu\/tartozekok\/sphagnum-moha-250-mlviperak-izopodak-csotanyok-ellen\/#breadcrumb\"},\"inLanguage\":\"hu\",\"potentialAction\":[{\"@type\":\"ReadAction\",\"target\":[\"https:\/\/megapets.eu\/hu\/tartozekok\/sphagnum-moha-250-mlviperak-izopodak-csotanyok-ellen\/\"]}]},{\"@type\":\"ImageObject\",\"inLanguage\":\"hu\",\"@id\":\"https:\/\/megapets.eu\/hu\/tartozekok\/sphagnum-moha-250-mlviperak-izopodak-csotanyok-ellen\/#primaryimage\",\"url\":\"https:\/\/megapets.eu\/wp-content\/uploads\/2024\/10\/IMG_2710-e1728376213603.jpg\",\"contentUrl\":\"https:\/\/megapets.eu\/wp-content\/uploads\/2024\/10\/IMG_2710-e1728376213603.jpg\",\"width\":1474,\"height\":1000},{\"@type\":\"BreadcrumbList\",\"@id\":\"https:\/\/megapets.eu\/hu\/tartozekok\/sphagnum-moha-250-mlviperak-izopodak-csotanyok-ellen\/#breadcrumb\",\"itemListElement\":[{\"@type\":\"ListItem\",\"position\":1,\"name\":\"Strona g\u0142\u00f3wna\",\"item\":\"https:\/\/megapets.eu\/hu\/\"},{\"@type\":\"ListItem\",\"position\":2,\"name\":\"Bolt\",\"item\":\"https:\/\/megapets.eu\/bolt\/\"},{\"@type\":\"ListItem\",\"position\":3,\"name\":\"Sphagnum moha 250 mlviper\u00e1k, izopod\u00e1k, cs\u00f3t\u00e1nyok ellen.\"}]},{\"@type\":\"WebSite\",\"@id\":\"https:\/\/megapets.eu\/hu\/#website\",\"url\":\"https:\/\/megapets.eu\/hu\/\",\"name\":\"Mega Pets\",\"description\":\"Jedna z najwi\u0119kszych hodowli \u015blimak\u00f3w w Europie\",\"publisher\":{\"@id\":\"https:\/\/megapets.eu\/hu\/#organization\"},\"alternateName\":\"Mega Pets\",\"potentialAction\":[{\"@type\":\"SearchAction\",\"target\":{\"@type\":\"EntryPoint\",\"urlTemplate\":\"https:\/\/megapets.eu\/hu\/?s={search_term_string}\"},\"query-input\":{\"@type\":\"PropertyValueSpecification\",\"valueRequired\":true,\"valueName\":\"search_term_string\"}}],\"inLanguage\":\"hu\"},{\"@type\":\"Organization\",\"@id\":\"https:\/\/megapets.eu\/hu\/#organization\",\"name\":\"Mega Pets\",\"url\":\"https:\/\/megapets.eu\/hu\/\",\"logo\":{\"@type\":\"ImageObject\",\"inLanguage\":\"hu\",\"@id\":\"https:\/\/megapets.eu\/hu\/#\/schema\/logo\/image\/\",\"url\":\"https:\/\/megapets.eu\/wp-content\/uploads\/2025\/04\/megapets_eu-logo.png\",\"contentUrl\":\"https:\/\/megapets.eu\/wp-content\/uploads\/2025\/04\/megapets_eu-logo.png\",\"width\":2362,\"height\":2362,\"caption\":\"Mega Pets\"},\"image\":{\"@id\":\"https:\/\/megapets.eu\/hu\/#\/schema\/logo\/image\/\"},\"sameAs\":[\"https:\/\/www.facebook.com\/MegaPets.eu\/\"]}]}<\/script>\n<!-- \/ Yoast SEO plugin. -->","yoast_head_json":{"title":"Sphagnum moha 250 mlviper\u00e1k, izopod\u00e1k, cs\u00f3t\u00e1nyok ellen. | MegaPets","robots":{"index":"index","follow":"follow","max-snippet":"max-snippet:-1","max-image-preview":"max-image-preview:large","max-video-preview":"max-video-preview:-1"},"canonical":"https:\/\/megapets.eu\/hu\/tartozekok\/sphagnum-moha-250-mlviperak-izopodak-csotanyok-ellen\/","og_locale":"hu_HU","og_type":"article","og_title":"Sphagnum moha 250 mlviper\u00e1k, izopod\u00e1k, cs\u00f3t\u00e1nyok ellen. | MegaPets","og_description":"H\u0151kezelt  A csomag tartalmazza: 250 ml  Az \u00e1r a k\u00f6vetkez\u0151kre vonatkozik: 1 csomag.","og_url":"https:\/\/megapets.eu\/hu\/tartozekok\/sphagnum-moha-250-mlviperak-izopodak-csotanyok-ellen\/","og_site_name":"MegaPets","article_publisher":"https:\/\/www.facebook.com\/MegaPets.eu\/","og_image":[{"width":1474,"height":1000,"url":"https:\/\/megapets.eu\/wp-content\/uploads\/2024\/10\/IMG_2710-e1728376213603.jpg","type":"image\/jpeg"}],"twitter_card":"summary_large_image","twitter_misc":{"Becs\u00fclt olvas\u00e1si id\u0151":"1 perc"},"schema":{"@context":"https:\/\/schema.org","@graph":[{"@type":"WebPage","@id":"https:\/\/megapets.eu\/hu\/tartozekok\/sphagnum-moha-250-mlviperak-izopodak-csotanyok-ellen\/","url":"https:\/\/megapets.eu\/hu\/tartozekok\/sphagnum-moha-250-mlviperak-izopodak-csotanyok-ellen\/","name":"Sphagnum moha 250 ml viper\u00e1k, izopod\u00e1k, cs\u00f3t\u00e1nyok ellen. | MegaPets","isPartOf":{"@id":"https:\/\/megapets.eu\/hu\/#website"},"primaryImageOfPage":{"@id":"https:\/\/megapets.eu\/hu\/tartozekok\/sphagnum-moha-250-mlviperak-izopodak-csotanyok-ellen\/#primaryimage"},"image":{"@id":"https:\/\/megapets.eu\/hu\/tartozekok\/sphagnum-moha-250-mlviperak-izopodak-csotanyok-ellen\/#primaryimage"},"thumbnailUrl":"https:\/\/megapets.eu\/wp-content\/uploads\/2024\/10\/IMG_2710-e1728376213603.jpg","datePublished":"2024-10-08T08:29:19+00:00","breadcrumb":{"@id":"https:\/\/megapets.eu\/hu\/tartozekok\/sphagnum-moha-250-mlviperak-izopodak-csotanyok-ellen\/#breadcrumb"},"inLanguage":"hu","potentialAction":[{"@type":"ReadAction","target":["https:\/\/megapets.eu\/hu\/tartozekok\/sphagnum-moha-250-mlviperak-izopodak-csotanyok-ellen\/"]}]},{"@type":"ImageObject","inLanguage":"hu","@id":"https:\/\/megapets.eu\/hu\/tartozekok\/sphagnum-moha-250-mlviperak-izopodak-csotanyok-ellen\/#primaryimage","url":"https:\/\/megapets.eu\/wp-content\/uploads\/2024\/10\/IMG_2710-e1728376213603.jpg","contentUrl":"https:\/\/megapets.eu\/wp-content\/uploads\/2024\/10\/IMG_2710-e1728376213603.jpg","width":1474,"height":1000},{"@type":"BreadcrumbList","@id":"https:\/\/megapets.eu\/hu\/tartozekok\/sphagnum-moha-250-mlviperak-izopodak-csotanyok-ellen\/#breadcrumb","itemListElement":[{"@type":"ListItem","position":1,"name":"Strona g\u0142\u00f3wna","item":"https:\/\/megapets.eu\/hu\/"},{"@type":"ListItem","position":2,"name":"Bolt","item":"https:\/\/megapets.eu\/bolt\/"},{"@type":"ListItem","position":3,"name":"Sphagnum moha 250 mlviper\u00e1k, izopod\u00e1k, cs\u00f3t\u00e1nyok ellen."}]},{"@type":"WebSite","@id":"https:\/\/megapets.eu\/hu\/#website","url":"https:\/\/megapets.eu\/hu\/","name":"Mega Pets","description":"Jedna z najwi\u0119kszych hodowli \u015blimak\u00f3w w Europie","publisher":{"@id":"https:\/\/megapets.eu\/hu\/#organization"},"alternateName":"Mega Pets","potentialAction":[{"@type":"SearchAction","target":{"@type":"EntryPoint","urlTemplate":"https:\/\/megapets.eu\/hu\/?s={search_term_string}"},"query-input":{"@type":"PropertyValueSpecification","valueRequired":true,"valueName":"search_term_string"}}],"inLanguage":"hu"},{"@type":"Organization","@id":"https:\/\/megapets.eu\/hu\/#organization","name":"Mega Pets","url":"https:\/\/megapets.eu\/hu\/","logo":{"@type":"ImageObject","inLanguage":"hu","@id":"https:\/\/megapets.eu\/hu\/#\/schema\/logo\/image\/","url":"https:\/\/megapets.eu\/wp-content\/uploads\/2025\/04\/megapets_eu-logo.png","contentUrl":"https:\/\/megapets.eu\/wp-content\/uploads\/2025\/04\/megapets_eu-logo.png","width":2362,"height":2362,"caption":"Mega Pets"},"image":{"@id":"https:\/\/megapets.eu\/hu\/#\/schema\/logo\/image\/"},"sameAs":["https:\/\/www.facebook.com\/MegaPets.eu\/"]}]}},"_links":{"self":[{"href":"https:\/\/megapets.eu\/hu\/wp-json\/wp\/v2\/product\/8297","targetHints":{"allow":["GET"]}}],"collection":[{"href":"https:\/\/megapets.eu\/hu\/wp-json\/wp\/v2\/product"}],"about":[{"href":"https:\/\/megapets.eu\/hu\/wp-json\/wp\/v2\/types\/product"}],"wp:featuredmedia":[{"embeddable":true,"href":"https:\/\/megapets.eu\/hu\/wp-json\/wp\/v2\/media\/8298"}],"wp:attachment":[{"href":"https:\/\/megapets.eu\/hu\/wp-json\/wp\/v2\/media?parent=8297"}],"wp:term":[{"taxonomy":"product_cat","embeddable":true,"href":"https:\/\/megapets.eu\/hu\/wp-json\/wp\/v2\/product_cat?post=8297"},{"taxonomy":"product_tag","embeddable":true,"href":"https:\/\/megapets.eu\/hu\/wp-json\/wp\/v2\/product_tag?post=8297"}],"curies":[{"name":"wp","href":"https:\/\/api.w.org\/{rel}","templated":true}]}}