{"id":8299,"date":"2024-10-04T20:30:18","date_gmt":"2024-10-04T20:30:18","guid":{"rendered":"https:\/\/megapets.eu\/nem-kategorizalt\/semleges-tozeg-15-lszubsztrat-viperaknak-es-izopodaknak\/"},"modified":"2024-10-04T20:30:18","modified_gmt":"2024-10-04T20:30:18","slug":"semleges-tozeg-15-lszubsztrat-viperaknak-es-izopodaknak","status":"publish","type":"product","link":"https:\/\/megapets.eu\/hu\/tartozekok\/semleges-tozeg-15-lszubsztrat-viperaknak-es-izopodaknak\/","title":{"rendered":"Semleges t\u0151zeg 1,5 L<br \/>Szubsztr\u00e1t viper\u00e1knak \u00e9s izopod\u00e1knak"},"content":{"rendered":"<p><strong><span style=\"color: #e87020; font-size: 15px;\"><em>Semleges t\u0151zeg 1,5 L \/ Szubsztr\u00e1t viper\u00e1k \u00e9s izopod\u00e1k sz\u00e1m\u00e1ra<\/em><\/span><\/strong><\/p>\n<p><strong><span style=\"color: #e87020; font-size: 15px;\"><em>Egy csomag 1,5 L-t tartalmaz.<\/em><\/span><\/strong><\/p>\n<p><strong><span style=\"color: #e87020; font-size: 15px;\"><em>\u00d6sszet\u00e9tel: 100% term\u00e9szetes semleges t\u0151zeg.<\/em><\/span><\/strong><\/p>\n<p><strong><span style=\"color: #e87020; font-size: 15px;\"><em>Az \u00e1r 1 csomagra vonatkozik.<\/em><\/span><\/strong><\/p>\n<p><em><span style=\"color: #424242;\"><strong><span style=\"font-size: 15px;\">Semleges t\u0151zeg h\u0151kezelve, azonnal felhaszn\u00e1lhat\u00f3.<\/span><\/strong><\/span><\/em><\/p>\n<p><em><span style=\"color: #424242;\"><strong><span style=\"font-size: 15px;\">Aljzat: <\/span><\/strong><\/span><\/em><em><span style=\"color: #424242;\"><strong><span style=\"font-size: 15px;\">viper\u00e1k; <\/span><\/strong><\/span><\/em><em><span style=\"color: #424242;\"><strong><span style=\"font-size: 15px;\">krokodilok; <\/span><\/strong><\/span><\/em><em><span style=\"color: #424242;\"><strong><span style=\"font-size: 15px;\">cs\u00f3t\u00e1nyok; <\/span><\/strong><\/span><\/em><em><span style=\"color: #424242;\"><strong><span style=\"font-size: 15px;\">bog\u00e1rl\u00e1rv\u00e1k; <\/span><\/strong><\/span><\/em><em><span style=\"color: #424242;\"><strong><span style=\"font-size: 15px;\">pockok; stb. nevel\u00e9s\u00e9hez.<\/span><\/strong><\/span><\/em><\/p>\n","protected":false},"excerpt":{"rendered":"<ul class=\"product_attributes\">\n<li><span style=\"color: #555555;\">\u00d6sszet\u00e9tel:<\/span><\/li>\n<li><span style=\"color: #555555;\"> A csomagol\u00e1s tartalmazza:<\/span> 1,5 L<\/li>\n<li><span style=\"color: #555555;\">Az \u00e1r a k\u00f6vetkez\u0151kre vonatkozik:<\/span> 1 csomag.<\/li>\n<\/ul>\n","protected":false},"featured_media":8300,"template":"","meta":{"_acf_changed":false,"_links_to":"","_links_to_target":""},"product_cat":[195],"product_tag":[199,198,197],"class_list":{"0":"post-8299","1":"product","2":"type-product","3":"status-publish","4":"has-post-thumbnail","6":"product_cat-tartozekok","7":"product_tag-csotanyok-eseteben","8":"product_tag-izopodak-eseteben","9":"product_tag-mert-a-ravaszsagok","11":"first","12":"instock","13":"shipping-taxable","14":"purchasable","15":"product-type-simple"},"acf":[],"yoast_head":"<!-- This site is optimized with the Yoast SEO plugin v24.9 - https:\/\/yoast.com\/wordpress\/plugins\/seo\/ -->\n<title>Semleges t\u0151zeg 1,5 LSzubsztr\u00e1t viper\u00e1knak \u00e9s izopod\u00e1knak | MegaPets<\/title>\n<meta name=\"robots\" content=\"index, follow, max-snippet:-1, max-image-preview:large, max-video-preview:-1\" \/>\n<link rel=\"canonical\" href=\"https:\/\/megapets.eu\/hu\/tartozekok\/semleges-tozeg-15-lszubsztrat-viperaknak-es-izopodaknak\/\" \/>\n<meta property=\"og:locale\" content=\"hu_HU\" \/>\n<meta property=\"og:type\" content=\"article\" \/>\n<meta property=\"og:title\" content=\"Semleges t\u0151zeg 1,5 LSzubsztr\u00e1t viper\u00e1knak \u00e9s izopod\u00e1knak | MegaPets\" \/>\n<meta property=\"og:description\" content=\"\u00d6sszet\u00e9tel:  A csomagol\u00e1s tartalmazza: 1,5 L  Az \u00e1r a k\u00f6vetkez\u0151kre vonatkozik: 1 csomag.\" \/>\n<meta property=\"og:url\" content=\"https:\/\/megapets.eu\/hu\/tartozekok\/semleges-tozeg-15-lszubsztrat-viperaknak-es-izopodaknak\/\" \/>\n<meta property=\"og:site_name\" content=\"MegaPets\" \/>\n<meta property=\"article:publisher\" content=\"https:\/\/www.facebook.com\/MegaPets.eu\/\" \/>\n<meta property=\"og:image\" content=\"https:\/\/megapets.eu\/wp-content\/uploads\/2024\/10\/IMG_2709-e1728372454631.jpg\" \/>\n\t<meta property=\"og:image:width\" content=\"1621\" \/>\n\t<meta property=\"og:image:height\" content=\"1126\" \/>\n\t<meta property=\"og:image:type\" content=\"image\/jpeg\" \/>\n<meta name=\"twitter:card\" content=\"summary_large_image\" \/>\n<script type=\"application\/ld+json\" class=\"yoast-schema-graph\">{\"@context\":\"https:\/\/schema.org\",\"@graph\":[{\"@type\":\"WebPage\",\"@id\":\"https:\/\/megapets.eu\/hu\/tartozekok\/semleges-tozeg-15-lszubsztrat-viperaknak-es-izopodaknak\/\",\"url\":\"https:\/\/megapets.eu\/hu\/tartozekok\/semleges-tozeg-15-lszubsztrat-viperaknak-es-izopodaknak\/\",\"name\":\"Semleges t\u0151zeg 1,5 L Szubsztr\u00e1t viper\u00e1knak \u00e9s izopod\u00e1knak | MegaPets\",\"isPartOf\":{\"@id\":\"https:\/\/megapets.eu\/hu\/#website\"},\"primaryImageOfPage\":{\"@id\":\"https:\/\/megapets.eu\/hu\/tartozekok\/semleges-tozeg-15-lszubsztrat-viperaknak-es-izopodaknak\/#primaryimage\"},\"image\":{\"@id\":\"https:\/\/megapets.eu\/hu\/tartozekok\/semleges-tozeg-15-lszubsztrat-viperaknak-es-izopodaknak\/#primaryimage\"},\"thumbnailUrl\":\"https:\/\/megapets.eu\/wp-content\/uploads\/2024\/10\/IMG_2709-e1728372454631.jpg\",\"datePublished\":\"2024-10-04T20:30:18+00:00\",\"breadcrumb\":{\"@id\":\"https:\/\/megapets.eu\/hu\/tartozekok\/semleges-tozeg-15-lszubsztrat-viperaknak-es-izopodaknak\/#breadcrumb\"},\"inLanguage\":\"hu\",\"potentialAction\":[{\"@type\":\"ReadAction\",\"target\":[\"https:\/\/megapets.eu\/hu\/tartozekok\/semleges-tozeg-15-lszubsztrat-viperaknak-es-izopodaknak\/\"]}]},{\"@type\":\"ImageObject\",\"inLanguage\":\"hu\",\"@id\":\"https:\/\/megapets.eu\/hu\/tartozekok\/semleges-tozeg-15-lszubsztrat-viperaknak-es-izopodaknak\/#primaryimage\",\"url\":\"https:\/\/megapets.eu\/wp-content\/uploads\/2024\/10\/IMG_2709-e1728372454631.jpg\",\"contentUrl\":\"https:\/\/megapets.eu\/wp-content\/uploads\/2024\/10\/IMG_2709-e1728372454631.jpg\",\"width\":1621,\"height\":1126},{\"@type\":\"BreadcrumbList\",\"@id\":\"https:\/\/megapets.eu\/hu\/tartozekok\/semleges-tozeg-15-lszubsztrat-viperaknak-es-izopodaknak\/#breadcrumb\",\"itemListElement\":[{\"@type\":\"ListItem\",\"position\":1,\"name\":\"Strona g\u0142\u00f3wna\",\"item\":\"https:\/\/megapets.eu\/hu\/\"},{\"@type\":\"ListItem\",\"position\":2,\"name\":\"Bolt\",\"item\":\"https:\/\/megapets.eu\/bolt\/\"},{\"@type\":\"ListItem\",\"position\":3,\"name\":\"Semleges t\u0151zeg 1,5 LSzubsztr\u00e1t viper\u00e1knak \u00e9s izopod\u00e1knak\"}]},{\"@type\":\"WebSite\",\"@id\":\"https:\/\/megapets.eu\/hu\/#website\",\"url\":\"https:\/\/megapets.eu\/hu\/\",\"name\":\"Mega Pets\",\"description\":\"Jedna z najwi\u0119kszych hodowli \u015blimak\u00f3w w Europie\",\"publisher\":{\"@id\":\"https:\/\/megapets.eu\/hu\/#organization\"},\"alternateName\":\"Mega Pets\",\"potentialAction\":[{\"@type\":\"SearchAction\",\"target\":{\"@type\":\"EntryPoint\",\"urlTemplate\":\"https:\/\/megapets.eu\/hu\/?s={search_term_string}\"},\"query-input\":{\"@type\":\"PropertyValueSpecification\",\"valueRequired\":true,\"valueName\":\"search_term_string\"}}],\"inLanguage\":\"hu\"},{\"@type\":\"Organization\",\"@id\":\"https:\/\/megapets.eu\/hu\/#organization\",\"name\":\"Mega Pets\",\"url\":\"https:\/\/megapets.eu\/hu\/\",\"logo\":{\"@type\":\"ImageObject\",\"inLanguage\":\"hu\",\"@id\":\"https:\/\/megapets.eu\/hu\/#\/schema\/logo\/image\/\",\"url\":\"https:\/\/megapets.eu\/wp-content\/uploads\/2025\/04\/megapets_eu-logo.png\",\"contentUrl\":\"https:\/\/megapets.eu\/wp-content\/uploads\/2025\/04\/megapets_eu-logo.png\",\"width\":2362,\"height\":2362,\"caption\":\"Mega Pets\"},\"image\":{\"@id\":\"https:\/\/megapets.eu\/hu\/#\/schema\/logo\/image\/\"},\"sameAs\":[\"https:\/\/www.facebook.com\/MegaPets.eu\/\"]}]}<\/script>\n<!-- \/ Yoast SEO plugin. -->","yoast_head_json":{"title":"Semleges t\u0151zeg 1,5 LSzubsztr\u00e1t viper\u00e1knak \u00e9s izopod\u00e1knak | MegaPets","robots":{"index":"index","follow":"follow","max-snippet":"max-snippet:-1","max-image-preview":"max-image-preview:large","max-video-preview":"max-video-preview:-1"},"canonical":"https:\/\/megapets.eu\/hu\/tartozekok\/semleges-tozeg-15-lszubsztrat-viperaknak-es-izopodaknak\/","og_locale":"hu_HU","og_type":"article","og_title":"Semleges t\u0151zeg 1,5 LSzubsztr\u00e1t viper\u00e1knak \u00e9s izopod\u00e1knak | MegaPets","og_description":"\u00d6sszet\u00e9tel:  A csomagol\u00e1s tartalmazza: 1,5 L  Az \u00e1r a k\u00f6vetkez\u0151kre vonatkozik: 1 csomag.","og_url":"https:\/\/megapets.eu\/hu\/tartozekok\/semleges-tozeg-15-lszubsztrat-viperaknak-es-izopodaknak\/","og_site_name":"MegaPets","article_publisher":"https:\/\/www.facebook.com\/MegaPets.eu\/","og_image":[{"width":1621,"height":1126,"url":"https:\/\/megapets.eu\/wp-content\/uploads\/2024\/10\/IMG_2709-e1728372454631.jpg","type":"image\/jpeg"}],"twitter_card":"summary_large_image","schema":{"@context":"https:\/\/schema.org","@graph":[{"@type":"WebPage","@id":"https:\/\/megapets.eu\/hu\/tartozekok\/semleges-tozeg-15-lszubsztrat-viperaknak-es-izopodaknak\/","url":"https:\/\/megapets.eu\/hu\/tartozekok\/semleges-tozeg-15-lszubsztrat-viperaknak-es-izopodaknak\/","name":"Semleges t\u0151zeg 1,5 L Szubsztr\u00e1t viper\u00e1knak \u00e9s izopod\u00e1knak | MegaPets","isPartOf":{"@id":"https:\/\/megapets.eu\/hu\/#website"},"primaryImageOfPage":{"@id":"https:\/\/megapets.eu\/hu\/tartozekok\/semleges-tozeg-15-lszubsztrat-viperaknak-es-izopodaknak\/#primaryimage"},"image":{"@id":"https:\/\/megapets.eu\/hu\/tartozekok\/semleges-tozeg-15-lszubsztrat-viperaknak-es-izopodaknak\/#primaryimage"},"thumbnailUrl":"https:\/\/megapets.eu\/wp-content\/uploads\/2024\/10\/IMG_2709-e1728372454631.jpg","datePublished":"2024-10-04T20:30:18+00:00","breadcrumb":{"@id":"https:\/\/megapets.eu\/hu\/tartozekok\/semleges-tozeg-15-lszubsztrat-viperaknak-es-izopodaknak\/#breadcrumb"},"inLanguage":"hu","potentialAction":[{"@type":"ReadAction","target":["https:\/\/megapets.eu\/hu\/tartozekok\/semleges-tozeg-15-lszubsztrat-viperaknak-es-izopodaknak\/"]}]},{"@type":"ImageObject","inLanguage":"hu","@id":"https:\/\/megapets.eu\/hu\/tartozekok\/semleges-tozeg-15-lszubsztrat-viperaknak-es-izopodaknak\/#primaryimage","url":"https:\/\/megapets.eu\/wp-content\/uploads\/2024\/10\/IMG_2709-e1728372454631.jpg","contentUrl":"https:\/\/megapets.eu\/wp-content\/uploads\/2024\/10\/IMG_2709-e1728372454631.jpg","width":1621,"height":1126},{"@type":"BreadcrumbList","@id":"https:\/\/megapets.eu\/hu\/tartozekok\/semleges-tozeg-15-lszubsztrat-viperaknak-es-izopodaknak\/#breadcrumb","itemListElement":[{"@type":"ListItem","position":1,"name":"Strona g\u0142\u00f3wna","item":"https:\/\/megapets.eu\/hu\/"},{"@type":"ListItem","position":2,"name":"Bolt","item":"https:\/\/megapets.eu\/bolt\/"},{"@type":"ListItem","position":3,"name":"Semleges t\u0151zeg 1,5 LSzubsztr\u00e1t viper\u00e1knak \u00e9s izopod\u00e1knak"}]},{"@type":"WebSite","@id":"https:\/\/megapets.eu\/hu\/#website","url":"https:\/\/megapets.eu\/hu\/","name":"Mega Pets","description":"Jedna z najwi\u0119kszych hodowli \u015blimak\u00f3w w Europie","publisher":{"@id":"https:\/\/megapets.eu\/hu\/#organization"},"alternateName":"Mega Pets","potentialAction":[{"@type":"SearchAction","target":{"@type":"EntryPoint","urlTemplate":"https:\/\/megapets.eu\/hu\/?s={search_term_string}"},"query-input":{"@type":"PropertyValueSpecification","valueRequired":true,"valueName":"search_term_string"}}],"inLanguage":"hu"},{"@type":"Organization","@id":"https:\/\/megapets.eu\/hu\/#organization","name":"Mega Pets","url":"https:\/\/megapets.eu\/hu\/","logo":{"@type":"ImageObject","inLanguage":"hu","@id":"https:\/\/megapets.eu\/hu\/#\/schema\/logo\/image\/","url":"https:\/\/megapets.eu\/wp-content\/uploads\/2025\/04\/megapets_eu-logo.png","contentUrl":"https:\/\/megapets.eu\/wp-content\/uploads\/2025\/04\/megapets_eu-logo.png","width":2362,"height":2362,"caption":"Mega Pets"},"image":{"@id":"https:\/\/megapets.eu\/hu\/#\/schema\/logo\/image\/"},"sameAs":["https:\/\/www.facebook.com\/MegaPets.eu\/"]}]}},"_links":{"self":[{"href":"https:\/\/megapets.eu\/hu\/wp-json\/wp\/v2\/product\/8299","targetHints":{"allow":["GET"]}}],"collection":[{"href":"https:\/\/megapets.eu\/hu\/wp-json\/wp\/v2\/product"}],"about":[{"href":"https:\/\/megapets.eu\/hu\/wp-json\/wp\/v2\/types\/product"}],"wp:featuredmedia":[{"embeddable":true,"href":"https:\/\/megapets.eu\/hu\/wp-json\/wp\/v2\/media\/8300"}],"wp:attachment":[{"href":"https:\/\/megapets.eu\/hu\/wp-json\/wp\/v2\/media?parent=8299"}],"wp:term":[{"taxonomy":"product_cat","embeddable":true,"href":"https:\/\/megapets.eu\/hu\/wp-json\/wp\/v2\/product_cat?post=8299"},{"taxonomy":"product_tag","embeddable":true,"href":"https:\/\/megapets.eu\/hu\/wp-json\/wp\/v2\/product_tag?post=8299"}],"curies":[{"name":"wp","href":"https:\/\/api.w.org\/{rel}","templated":true}]}}