{"id":8301,"date":"2024-10-04T20:06:20","date_gmt":"2024-10-04T20:06:20","guid":{"rendered":"https:\/\/megapets.eu\/nem-kategorizalt\/kokuszdio-szubsztratum-15-lkokuszdio-tozeg-csigaknak\/"},"modified":"2024-10-04T20:06:20","modified_gmt":"2024-10-04T20:06:20","slug":"kokuszdio-szubsztratum-15-lkokuszdio-tozeg-csigaknak","status":"publish","type":"product","link":"https:\/\/megapets.eu\/hu\/tartozekok\/kokuszdio-szubsztratum-15-lkokuszdio-tozeg-csigaknak\/","title":{"rendered":"K\u00f3kuszdi\u00f3 szubsztr\u00e1tum 1,5 L<br \/>K\u00f3kuszdi\u00f3 t\u0151zeg csig\u00e1knak"},"content":{"rendered":"<p><strong><span style=\"color: #e87020; font-size: 15px;\"><em>K\u00f3kuszos szubsztr\u00e1t 1,5 L \/ K\u00f3kuszos t\u0151zeg csig\u00e1knak<\/em><\/span><\/strong><\/p>\n<p><strong><span style=\"color: #e87020; font-size: 15px;\"><em>Egy csomag 1,5 L-t tartalmaz.<\/em><\/span><\/strong><\/p>\n<p><strong><span style=\"color: #e87020; font-size: 15px;\"><em>\u00d6sszet\u00e9tel: <\/em><\/span><\/strong><\/p>\n<p><strong><span style=\"color: #e87020; font-size: 15px;\"><em> Az \u00e1r 1 csomagra vonatkozik.<\/em><\/span><\/strong><\/p>\n<p><em><span style=\"color: #424242;\"><strong><span style=\"font-size: 15px;\">A k\u00f3kuszos szubsztr\u00e1t egy term\u00e9szetes szubsztr\u00e1t, amely apr\u00edtott k\u00f3kuszrostb\u00f3l k\u00e9sz\u00fcl. A legink\u00e1bb aj\u00e1nlott szubsztr\u00e1t egzotikus csig\u00e1k teny\u00e9szt\u00e9s\u00e9hez. P\u00f3kok, egzotikus cs\u00f3t\u00e1nyok, k\u00e9t\u00e9lt\u0171ek, h\u00fcll\u0151k stb. terr\u00e1riumaiban is haszn\u00e1lhat\u00f3. <\/span><\/strong><\/span><\/em><\/p>\n<p><em><span style=\"color: #424242;\"><strong><span style=\"font-size: 15px;\">A k\u00f3kuszszubsztr\u00e1t csigateny\u00e9szt\u00e9sre val\u00f3 haszn\u00e1lat\u00e1nak m\u00f3djai: <\/span><\/strong><\/span><\/em><\/p>\n<p><em><span style=\"color: #424242;\"><strong><span style=\"font-size: 15px;\">1) Ter\u00edtse az aljzatot kb. 2 cm vastagon a terr\u00e1riumban, majd permetezze be forr\u00e1sv\u00edzzel. <\/span><\/strong><\/span><\/em><\/p>\n<p><em><span style=\"color: #424242;\"><strong><span style=\"font-size: 15px;\">2) Haszn\u00e1ljunk 100% cellul\u00f3z pap\u00edr t\u00f6r\u00fclk\u00f6z\u0151t (szagtalan, nem festett) az akv\u00e1riumban alapr\u00e9tegk\u00e9nt, majd a t\u00f6r\u00fclk\u00f6z\u0151t az akv\u00e1riumban r\u00e9szben fedj\u00fck be egy kis mennyis\u00e9g\u0171 k\u00f3kuszos szubsztr\u00e1tot. Az eg\u00e9szet enyh\u00e9n permetezz\u00fck be forr\u00e1sv\u00edzzel. A k\u00f3kuszszubsztr\u00e1tum \u00e9s a pap\u00edrt\u00f6rl\u0151 kombin\u00e1ci\u00f3j\u00e1nak egyik el\u0151nye, hogy k\u00f6nnyebben szab\u00e1lyozhatja a megfelel\u0151 p\u00e1ratartalmat \u00e9s tiszt\u00e1n tarthatja az \u00e1llatot. A csig\u00e1k j\u00f3l t\u0171rik az aljzatnak ezt a m\u00f3dj\u00e1t, \u00e9s jobb eredm\u00e9nyeket mutatnak a n\u00f6veked\u00e9s, a h\u00e9j eg\u00e9szs\u00e9ge \u00e9s sz\u00e9ps\u00e9ge tekintet\u00e9ben. Az almot 3-4 naponta friss alomra kell cser\u00e9lni.<\/span><\/strong><\/span><\/em><\/p>\n","protected":false},"excerpt":{"rendered":"<ul class=\"product_attributes\">\n<li><span style=\"color: #555555;\">\u00d6sszetev\u0151k:<\/span><\/li>\n<li><span style=\"color: #555555;\"> A csomag tartalmazza:<\/span> 1,5 L<\/li>\n<li><span style=\"color: #555555;\">Az \u00e1r a k\u00f6vetkez\u0151kre vonatkozik:<\/span> 1 csomag.<\/li>\n<\/ul>\n","protected":false},"featured_media":8122,"template":"","meta":{"_acf_changed":false,"_links_to":"","_links_to_target":""},"product_cat":[195],"product_tag":[196,199,198],"class_list":{"0":"post-8301","1":"product","2":"type-product","3":"status-publish","4":"has-post-thumbnail","6":"product_cat-tartozekok","7":"product_tag-csigak-szamara","8":"product_tag-csotanyok-eseteben","9":"product_tag-izopodak-eseteben","11":"first","12":"instock","13":"shipping-taxable","14":"purchasable","15":"product-type-simple"},"acf":[],"yoast_head":"<!-- This site is optimized with the Yoast SEO plugin v24.9 - https:\/\/yoast.com\/wordpress\/plugins\/seo\/ -->\n<title>K\u00f3kuszdi\u00f3 szubsztr\u00e1tum 1,5 LK\u00f3kuszdi\u00f3 t\u0151zeg csig\u00e1knak | MegaPets<\/title>\n<meta name=\"robots\" content=\"index, follow, max-snippet:-1, max-image-preview:large, max-video-preview:-1\" \/>\n<link rel=\"canonical\" href=\"https:\/\/megapets.eu\/hu\/tartozekok\/kokuszdio-szubsztratum-15-lkokuszdio-tozeg-csigaknak\/\" \/>\n<meta property=\"og:locale\" content=\"hu_HU\" \/>\n<meta property=\"og:type\" content=\"article\" \/>\n<meta property=\"og:title\" content=\"K\u00f3kuszdi\u00f3 szubsztr\u00e1tum 1,5 LK\u00f3kuszdi\u00f3 t\u0151zeg csig\u00e1knak | MegaPets\" \/>\n<meta property=\"og:description\" content=\"\u00d6sszetev\u0151k:  A csomag tartalmazza: 1,5 L  Az \u00e1r a k\u00f6vetkez\u0151kre vonatkozik: 1 csomag.\" \/>\n<meta property=\"og:url\" content=\"https:\/\/megapets.eu\/hu\/tartozekok\/kokuszdio-szubsztratum-15-lkokuszdio-tozeg-csigaknak\/\" \/>\n<meta property=\"og:site_name\" content=\"MegaPets\" \/>\n<meta property=\"article:publisher\" content=\"https:\/\/www.facebook.com\/MegaPets.eu\/\" \/>\n<meta property=\"og:image\" content=\"https:\/\/megapets.eu\/wp-content\/uploads\/2024\/10\/IMG_20220521_131428.jpg\" \/>\n\t<meta property=\"og:image:width\" content=\"982\" \/>\n\t<meta property=\"og:image:height\" content=\"818\" \/>\n\t<meta property=\"og:image:type\" content=\"image\/jpeg\" \/>\n<meta name=\"twitter:card\" content=\"summary_large_image\" \/>\n<meta name=\"twitter:label1\" content=\"Becs\u00fclt olvas\u00e1si id\u0151\" \/>\n\t<meta name=\"twitter:data1\" content=\"1 perc\" \/>\n<script type=\"application\/ld+json\" class=\"yoast-schema-graph\">{\"@context\":\"https:\/\/schema.org\",\"@graph\":[{\"@type\":\"WebPage\",\"@id\":\"https:\/\/megapets.eu\/hu\/tartozekok\/kokuszdio-szubsztratum-15-lkokuszdio-tozeg-csigaknak\/\",\"url\":\"https:\/\/megapets.eu\/hu\/tartozekok\/kokuszdio-szubsztratum-15-lkokuszdio-tozeg-csigaknak\/\",\"name\":\"K\u00f3kuszdi\u00f3 szubsztr\u00e1tum 1,5 L K\u00f3kuszdi\u00f3 t\u0151zeg csig\u00e1knak | MegaPets\",\"isPartOf\":{\"@id\":\"https:\/\/megapets.eu\/hu\/#website\"},\"primaryImageOfPage\":{\"@id\":\"https:\/\/megapets.eu\/hu\/tartozekok\/kokuszdio-szubsztratum-15-lkokuszdio-tozeg-csigaknak\/#primaryimage\"},\"image\":{\"@id\":\"https:\/\/megapets.eu\/hu\/tartozekok\/kokuszdio-szubsztratum-15-lkokuszdio-tozeg-csigaknak\/#primaryimage\"},\"thumbnailUrl\":\"https:\/\/megapets.eu\/wp-content\/uploads\/2024\/10\/IMG_20220521_131428.jpg\",\"datePublished\":\"2024-10-04T20:06:20+00:00\",\"breadcrumb\":{\"@id\":\"https:\/\/megapets.eu\/hu\/tartozekok\/kokuszdio-szubsztratum-15-lkokuszdio-tozeg-csigaknak\/#breadcrumb\"},\"inLanguage\":\"hu\",\"potentialAction\":[{\"@type\":\"ReadAction\",\"target\":[\"https:\/\/megapets.eu\/hu\/tartozekok\/kokuszdio-szubsztratum-15-lkokuszdio-tozeg-csigaknak\/\"]}]},{\"@type\":\"ImageObject\",\"inLanguage\":\"hu\",\"@id\":\"https:\/\/megapets.eu\/hu\/tartozekok\/kokuszdio-szubsztratum-15-lkokuszdio-tozeg-csigaknak\/#primaryimage\",\"url\":\"https:\/\/megapets.eu\/wp-content\/uploads\/2024\/10\/IMG_20220521_131428.jpg\",\"contentUrl\":\"https:\/\/megapets.eu\/wp-content\/uploads\/2024\/10\/IMG_20220521_131428.jpg\",\"width\":982,\"height\":818},{\"@type\":\"BreadcrumbList\",\"@id\":\"https:\/\/megapets.eu\/hu\/tartozekok\/kokuszdio-szubsztratum-15-lkokuszdio-tozeg-csigaknak\/#breadcrumb\",\"itemListElement\":[{\"@type\":\"ListItem\",\"position\":1,\"name\":\"Strona g\u0142\u00f3wna\",\"item\":\"https:\/\/megapets.eu\/hu\/\"},{\"@type\":\"ListItem\",\"position\":2,\"name\":\"Bolt\",\"item\":\"https:\/\/megapets.eu\/bolt\/\"},{\"@type\":\"ListItem\",\"position\":3,\"name\":\"K\u00f3kuszdi\u00f3 szubsztr\u00e1tum 1,5 LK\u00f3kuszdi\u00f3 t\u0151zeg csig\u00e1knak\"}]},{\"@type\":\"WebSite\",\"@id\":\"https:\/\/megapets.eu\/hu\/#website\",\"url\":\"https:\/\/megapets.eu\/hu\/\",\"name\":\"Mega Pets\",\"description\":\"Jedna z najwi\u0119kszych hodowli \u015blimak\u00f3w w Europie\",\"publisher\":{\"@id\":\"https:\/\/megapets.eu\/hu\/#organization\"},\"alternateName\":\"Mega Pets\",\"potentialAction\":[{\"@type\":\"SearchAction\",\"target\":{\"@type\":\"EntryPoint\",\"urlTemplate\":\"https:\/\/megapets.eu\/hu\/?s={search_term_string}\"},\"query-input\":{\"@type\":\"PropertyValueSpecification\",\"valueRequired\":true,\"valueName\":\"search_term_string\"}}],\"inLanguage\":\"hu\"},{\"@type\":\"Organization\",\"@id\":\"https:\/\/megapets.eu\/hu\/#organization\",\"name\":\"Mega Pets\",\"url\":\"https:\/\/megapets.eu\/hu\/\",\"logo\":{\"@type\":\"ImageObject\",\"inLanguage\":\"hu\",\"@id\":\"https:\/\/megapets.eu\/hu\/#\/schema\/logo\/image\/\",\"url\":\"https:\/\/megapets.eu\/wp-content\/uploads\/2025\/04\/megapets_eu-logo.png\",\"contentUrl\":\"https:\/\/megapets.eu\/wp-content\/uploads\/2025\/04\/megapets_eu-logo.png\",\"width\":2362,\"height\":2362,\"caption\":\"Mega Pets\"},\"image\":{\"@id\":\"https:\/\/megapets.eu\/hu\/#\/schema\/logo\/image\/\"},\"sameAs\":[\"https:\/\/www.facebook.com\/MegaPets.eu\/\"]}]}<\/script>\n<!-- \/ Yoast SEO plugin. -->","yoast_head_json":{"title":"K\u00f3kuszdi\u00f3 szubsztr\u00e1tum 1,5 LK\u00f3kuszdi\u00f3 t\u0151zeg csig\u00e1knak | MegaPets","robots":{"index":"index","follow":"follow","max-snippet":"max-snippet:-1","max-image-preview":"max-image-preview:large","max-video-preview":"max-video-preview:-1"},"canonical":"https:\/\/megapets.eu\/hu\/tartozekok\/kokuszdio-szubsztratum-15-lkokuszdio-tozeg-csigaknak\/","og_locale":"hu_HU","og_type":"article","og_title":"K\u00f3kuszdi\u00f3 szubsztr\u00e1tum 1,5 LK\u00f3kuszdi\u00f3 t\u0151zeg csig\u00e1knak | MegaPets","og_description":"\u00d6sszetev\u0151k:  A csomag tartalmazza: 1,5 L  Az \u00e1r a k\u00f6vetkez\u0151kre vonatkozik: 1 csomag.","og_url":"https:\/\/megapets.eu\/hu\/tartozekok\/kokuszdio-szubsztratum-15-lkokuszdio-tozeg-csigaknak\/","og_site_name":"MegaPets","article_publisher":"https:\/\/www.facebook.com\/MegaPets.eu\/","og_image":[{"width":982,"height":818,"url":"https:\/\/megapets.eu\/wp-content\/uploads\/2024\/10\/IMG_20220521_131428.jpg","type":"image\/jpeg"}],"twitter_card":"summary_large_image","twitter_misc":{"Becs\u00fclt olvas\u00e1si id\u0151":"1 perc"},"schema":{"@context":"https:\/\/schema.org","@graph":[{"@type":"WebPage","@id":"https:\/\/megapets.eu\/hu\/tartozekok\/kokuszdio-szubsztratum-15-lkokuszdio-tozeg-csigaknak\/","url":"https:\/\/megapets.eu\/hu\/tartozekok\/kokuszdio-szubsztratum-15-lkokuszdio-tozeg-csigaknak\/","name":"K\u00f3kuszdi\u00f3 szubsztr\u00e1tum 1,5 L K\u00f3kuszdi\u00f3 t\u0151zeg csig\u00e1knak | MegaPets","isPartOf":{"@id":"https:\/\/megapets.eu\/hu\/#website"},"primaryImageOfPage":{"@id":"https:\/\/megapets.eu\/hu\/tartozekok\/kokuszdio-szubsztratum-15-lkokuszdio-tozeg-csigaknak\/#primaryimage"},"image":{"@id":"https:\/\/megapets.eu\/hu\/tartozekok\/kokuszdio-szubsztratum-15-lkokuszdio-tozeg-csigaknak\/#primaryimage"},"thumbnailUrl":"https:\/\/megapets.eu\/wp-content\/uploads\/2024\/10\/IMG_20220521_131428.jpg","datePublished":"2024-10-04T20:06:20+00:00","breadcrumb":{"@id":"https:\/\/megapets.eu\/hu\/tartozekok\/kokuszdio-szubsztratum-15-lkokuszdio-tozeg-csigaknak\/#breadcrumb"},"inLanguage":"hu","potentialAction":[{"@type":"ReadAction","target":["https:\/\/megapets.eu\/hu\/tartozekok\/kokuszdio-szubsztratum-15-lkokuszdio-tozeg-csigaknak\/"]}]},{"@type":"ImageObject","inLanguage":"hu","@id":"https:\/\/megapets.eu\/hu\/tartozekok\/kokuszdio-szubsztratum-15-lkokuszdio-tozeg-csigaknak\/#primaryimage","url":"https:\/\/megapets.eu\/wp-content\/uploads\/2024\/10\/IMG_20220521_131428.jpg","contentUrl":"https:\/\/megapets.eu\/wp-content\/uploads\/2024\/10\/IMG_20220521_131428.jpg","width":982,"height":818},{"@type":"BreadcrumbList","@id":"https:\/\/megapets.eu\/hu\/tartozekok\/kokuszdio-szubsztratum-15-lkokuszdio-tozeg-csigaknak\/#breadcrumb","itemListElement":[{"@type":"ListItem","position":1,"name":"Strona g\u0142\u00f3wna","item":"https:\/\/megapets.eu\/hu\/"},{"@type":"ListItem","position":2,"name":"Bolt","item":"https:\/\/megapets.eu\/bolt\/"},{"@type":"ListItem","position":3,"name":"K\u00f3kuszdi\u00f3 szubsztr\u00e1tum 1,5 LK\u00f3kuszdi\u00f3 t\u0151zeg csig\u00e1knak"}]},{"@type":"WebSite","@id":"https:\/\/megapets.eu\/hu\/#website","url":"https:\/\/megapets.eu\/hu\/","name":"Mega Pets","description":"Jedna z najwi\u0119kszych hodowli \u015blimak\u00f3w w Europie","publisher":{"@id":"https:\/\/megapets.eu\/hu\/#organization"},"alternateName":"Mega Pets","potentialAction":[{"@type":"SearchAction","target":{"@type":"EntryPoint","urlTemplate":"https:\/\/megapets.eu\/hu\/?s={search_term_string}"},"query-input":{"@type":"PropertyValueSpecification","valueRequired":true,"valueName":"search_term_string"}}],"inLanguage":"hu"},{"@type":"Organization","@id":"https:\/\/megapets.eu\/hu\/#organization","name":"Mega Pets","url":"https:\/\/megapets.eu\/hu\/","logo":{"@type":"ImageObject","inLanguage":"hu","@id":"https:\/\/megapets.eu\/hu\/#\/schema\/logo\/image\/","url":"https:\/\/megapets.eu\/wp-content\/uploads\/2025\/04\/megapets_eu-logo.png","contentUrl":"https:\/\/megapets.eu\/wp-content\/uploads\/2025\/04\/megapets_eu-logo.png","width":2362,"height":2362,"caption":"Mega Pets"},"image":{"@id":"https:\/\/megapets.eu\/hu\/#\/schema\/logo\/image\/"},"sameAs":["https:\/\/www.facebook.com\/MegaPets.eu\/"]}]}},"_links":{"self":[{"href":"https:\/\/megapets.eu\/hu\/wp-json\/wp\/v2\/product\/8301","targetHints":{"allow":["GET"]}}],"collection":[{"href":"https:\/\/megapets.eu\/hu\/wp-json\/wp\/v2\/product"}],"about":[{"href":"https:\/\/megapets.eu\/hu\/wp-json\/wp\/v2\/types\/product"}],"wp:featuredmedia":[{"embeddable":true,"href":"https:\/\/megapets.eu\/hu\/wp-json\/wp\/v2\/media\/8122"}],"wp:attachment":[{"href":"https:\/\/megapets.eu\/hu\/wp-json\/wp\/v2\/media?parent=8301"}],"wp:term":[{"taxonomy":"product_cat","embeddable":true,"href":"https:\/\/megapets.eu\/hu\/wp-json\/wp\/v2\/product_cat?post=8301"},{"taxonomy":"product_tag","embeddable":true,"href":"https:\/\/megapets.eu\/hu\/wp-json\/wp\/v2\/product_tag?post=8301"}],"curies":[{"name":"wp","href":"https:\/\/api.w.org\/{rel}","templated":true}]}}