{"id":8307,"date":"2025-03-12T07:58:53","date_gmt":"2025-03-12T07:58:53","guid":{"rendered":"https:\/\/megapets.eu\/nem-kategorizalt\/coromus-diaphorusaranyszegelyu-ezerlabu\/"},"modified":"2025-08-13T14:59:31","modified_gmt":"2025-08-13T14:59:31","slug":"coromus-diaphorusaranyszegelyu-ezerlabu","status":"publish","type":"product","link":"https:\/\/megapets.eu\/hu\/wije-hu\/coromus-diaphorusaranyszegelyu-ezerlabu\/","title":{"rendered":"Coromus diaphorus<br>&#8222;Aranymarg\u00f3s ezerl\u00e1b\u00fa\u201e"},"content":{"rendered":"<p class=\"v1v1v1v1MsoNormal\"><span style=\"color: #d94890;\"><strong><em><span style=\"font-size: 15px;\"><span style=\"color: #424242;\">Faj:<\/span> <span style=\"color: #ff6600;\"><span style=\"color: #333333;\">Coromus diaphorus &#8216;<\/span><span style=\"color: #ff9900;\">Aranysz\u00e9l\u0171<\/span> <span style=\"color: #333333;\">sz\u00e1zl\u00e1b\u00fa&#8217; Ezerl\u00e1b\u00fa.<\/span><\/span><\/span><\/em><\/strong><\/span><\/p>\n<p class=\"v1v1v1v1MsoNormal\"><span style=\"color: #424242;\"><strong><em><span style=\"font-size: 15px;\">K\u00f6nnyen karbantarthat\u00f3, \u00edgy kezd\u0151knek is kiv\u00e1l\u00f3ak.<\/span><\/em><\/strong><\/span><\/p>\n<p>A <span style=\"color: #d94890;\"><strong><em><span style=\"font-size: 15px;\"><span style=\"color: #333333;\">Coromus diaphorus <\/span><span style=\"color: #ff6600;\"><span style=\"color: #333333;\">&#8216;<\/span><span style=\"color: #ff9900;\">Aranysz\u00e9l\u0171<\/span><\/span> <span style=\"color: #333333;\">ezerl\u00e1b\u00fa&#8217; <\/span><\/span><\/em><\/strong><\/span><span style=\"color: #333333;\"><strong><em><span style=\"font-size: 15px;\">egy nagy, var\u00e1zslatos miri\u00e1d, arany-fekete sz\u00edn\u0171.<\/span><\/em><\/strong><\/span><\/p>\n<p class=\"v1v1v1v1MsoNormal\"><span style=\"color: #424242;\"><em>\ud83d\udc9b\ud83d\udc9b\ud83d\udc9b<\/em> <strong><em><span style=\"font-size: 15px;\">Valami sz\u00f3rakoztat\u00f3 teny\u00e9szt\u00e9st keresel kezd\u00e9sk\u00e9nt? <span style=\"color: #d94890;\"><span style=\"color: #333333;\">Coromus diaphorus <\/span><span style=\"color: #ff6600;\"><span style=\"color: #333333;\">&#8222;<\/span><span style=\"color: #ff9900;\">Aranyszeg\u00e9ly\u0171<\/span><\/span> <span style=\"color: #333333;\">ezerl\u00e1b\u00fa\u201e<\/span><\/span><\/span><\/em><\/strong><\/span><span style=\"color: #333333;\"><strong><em><span style=\"font-size: 15px;\"> <span style=\"color: #333333;\">  egy nagy sz\u00e1m, arany-fekete sz\u00edn\u0171, egy feln\u0151tt egyed m\u00e9rete k\u00f6r\u00fclbel\u00fcl 8 cm. A Coromus diaphorus miri\u00e1d gy\u00f6ny\u00f6r\u0171 \u00e9s k\u00f6nnyen gondozhat\u00f3 l\u00e9ny, teljesen biztons\u00e1gos az ember sz\u00e1m\u00e1ra, nem harap. Gyenge \u00e1llkapcsuk van, amely alkalmazkodik a n\u00f6v\u00e9nyi anyagok \u00f6sszez\u00faz\u00e1s\u00e1hoz. Az ezerl\u00e1b\u00faak a nedves helyeket r\u00e9szes\u00edtik el\u0151nyben, a szubsztr\u00e1tum fels\u0151 r\u00e9teg\u00e9ben \u00e9lnek, \u00e9s levelekkel, t\u00f6bbkomponens\u0171 szubsztr\u00e1tummal t\u00e1pl\u00e1lkoznak ezerl\u00e1b\u00faak \u00e9s sz\u00e1mtalan teny\u00e9szt\u00e9shez, valamint z\u00f6lds\u00e9gekkel \u00e9s gy\u00fcm\u00f6lcs\u00f6kkel.     <\/span><\/span><\/em><\/strong><\/span><\/p>\n","protected":false},"excerpt":{"rendered":"<ul>\n<li>C\u00e9l m\u00e9rete:\n<ul>\n<li>kb. 8 cm<\/li>\n<\/ul>\n<\/li>\n<li>Felaj\u00e1nlott fiatalkor\u00faak:\n<ul>\n<li>kb. 2-3 cm <\/li>\n<\/ul>\n<\/li>\n<li>Az \u00e1r a k\u00f6vetkez\u0151kre vonatkozik:\n<ul>\n<li>1 darab<\/li>\n<\/ul>\n<\/li>\n<\/ul>\n","protected":false},"featured_media":8311,"template":"","meta":{"_acf_changed":false,"_links_to":"","_links_to_target":""},"product_cat":[194],"product_tag":[],"class_list":{"0":"post-8307","1":"product","2":"type-product","3":"status-publish","4":"has-post-thumbnail","6":"product_cat-wije-hu","8":"first","9":"outofstock","10":"shipping-taxable","11":"purchasable","12":"product-type-simple"},"acf":[],"yoast_head":"<!-- This site is optimized with the Yoast SEO plugin v24.9 - https:\/\/yoast.com\/wordpress\/plugins\/seo\/ -->\n<title>Coromus diaphorus&quot;Aranymarg\u00f3s ezerl\u00e1b\u00fa&quot; | MegaPets<\/title>\n<meta name=\"robots\" content=\"index, follow, max-snippet:-1, max-image-preview:large, max-video-preview:-1\" \/>\n<link rel=\"canonical\" href=\"https:\/\/megapets.eu\/hu\/wije-hu\/coromus-diaphorusaranyszegelyu-ezerlabu\/\" \/>\n<meta property=\"og:locale\" content=\"hu_HU\" \/>\n<meta property=\"og:type\" content=\"article\" \/>\n<meta property=\"og:title\" content=\"Coromus diaphorus&quot;Aranymarg\u00f3s ezerl\u00e1b\u00fa&quot; | MegaPets\" \/>\n<meta property=\"og:description\" content=\"C\u00e9l m\u00e9rete:  kb. 8 cm   Felaj\u00e1nlott fiatalkor\u00faak:  kb. 2-3 cm   Az \u00e1r a k\u00f6vetkez\u0151kre vonatkozik:  1 darab\" \/>\n<meta property=\"og:url\" content=\"https:\/\/megapets.eu\/hu\/wije-hu\/coromus-diaphorusaranyszegelyu-ezerlabu\/\" \/>\n<meta property=\"og:site_name\" content=\"MegaPets\" \/>\n<meta property=\"article:publisher\" content=\"https:\/\/www.facebook.com\/MegaPets.eu\/\" \/>\n<meta property=\"article:modified_time\" content=\"2025-08-13T14:59:31+00:00\" \/>\n<meta property=\"og:image\" content=\"https:\/\/megapets.eu\/wp-content\/uploads\/2025\/03\/IMG_20200830_183019-scaled.jpg\" \/>\n\t<meta property=\"og:image:width\" content=\"2560\" \/>\n\t<meta property=\"og:image:height\" content=\"1707\" \/>\n\t<meta property=\"og:image:type\" content=\"image\/jpeg\" \/>\n<meta name=\"twitter:card\" content=\"summary_large_image\" \/>\n<meta name=\"twitter:label1\" content=\"Becs\u00fclt olvas\u00e1si id\u0151\" \/>\n\t<meta name=\"twitter:data1\" content=\"1 perc\" \/>\n<script type=\"application\/ld+json\" class=\"yoast-schema-graph\">{\"@context\":\"https:\/\/schema.org\",\"@graph\":[{\"@type\":\"WebPage\",\"@id\":\"https:\/\/megapets.eu\/hu\/wije-hu\/coromus-diaphorusaranyszegelyu-ezerlabu\/\",\"url\":\"https:\/\/megapets.eu\/hu\/wije-hu\/coromus-diaphorusaranyszegelyu-ezerlabu\/\",\"name\":\"Coromus diaphorus \\\"Aranymarg\u00f3s ezerl\u00e1b\u00fa\\\" | MegaPets\",\"isPartOf\":{\"@id\":\"https:\/\/megapets.eu\/hu\/#website\"},\"primaryImageOfPage\":{\"@id\":\"https:\/\/megapets.eu\/hu\/wije-hu\/coromus-diaphorusaranyszegelyu-ezerlabu\/#primaryimage\"},\"image\":{\"@id\":\"https:\/\/megapets.eu\/hu\/wije-hu\/coromus-diaphorusaranyszegelyu-ezerlabu\/#primaryimage\"},\"thumbnailUrl\":\"https:\/\/megapets.eu\/wp-content\/uploads\/2025\/03\/IMG_20200830_183019-scaled.jpg\",\"datePublished\":\"2025-03-12T07:58:53+00:00\",\"dateModified\":\"2025-08-13T14:59:31+00:00\",\"breadcrumb\":{\"@id\":\"https:\/\/megapets.eu\/hu\/wije-hu\/coromus-diaphorusaranyszegelyu-ezerlabu\/#breadcrumb\"},\"inLanguage\":\"hu\",\"potentialAction\":[{\"@type\":\"ReadAction\",\"target\":[\"https:\/\/megapets.eu\/hu\/wije-hu\/coromus-diaphorusaranyszegelyu-ezerlabu\/\"]}]},{\"@type\":\"ImageObject\",\"inLanguage\":\"hu\",\"@id\":\"https:\/\/megapets.eu\/hu\/wije-hu\/coromus-diaphorusaranyszegelyu-ezerlabu\/#primaryimage\",\"url\":\"https:\/\/megapets.eu\/wp-content\/uploads\/2025\/03\/IMG_20200830_183019-scaled.jpg\",\"contentUrl\":\"https:\/\/megapets.eu\/wp-content\/uploads\/2025\/03\/IMG_20200830_183019-scaled.jpg\",\"width\":2560,\"height\":1707},{\"@type\":\"BreadcrumbList\",\"@id\":\"https:\/\/megapets.eu\/hu\/wije-hu\/coromus-diaphorusaranyszegelyu-ezerlabu\/#breadcrumb\",\"itemListElement\":[{\"@type\":\"ListItem\",\"position\":1,\"name\":\"Strona g\u0142\u00f3wna\",\"item\":\"https:\/\/megapets.eu\/hu\/\"},{\"@type\":\"ListItem\",\"position\":2,\"name\":\"Bolt\",\"item\":\"https:\/\/megapets.eu\/bolt\/\"},{\"@type\":\"ListItem\",\"position\":3,\"name\":\"Coromus diaphorus&#8222;Aranymarg\u00f3s ezerl\u00e1b\u00fa\\\"\"}]},{\"@type\":\"WebSite\",\"@id\":\"https:\/\/megapets.eu\/hu\/#website\",\"url\":\"https:\/\/megapets.eu\/hu\/\",\"name\":\"Mega Pets\",\"description\":\"Jedna z najwi\u0119kszych hodowli \u015blimak\u00f3w w Europie\",\"publisher\":{\"@id\":\"https:\/\/megapets.eu\/hu\/#organization\"},\"alternateName\":\"Mega Pets\",\"potentialAction\":[{\"@type\":\"SearchAction\",\"target\":{\"@type\":\"EntryPoint\",\"urlTemplate\":\"https:\/\/megapets.eu\/hu\/?s={search_term_string}\"},\"query-input\":{\"@type\":\"PropertyValueSpecification\",\"valueRequired\":true,\"valueName\":\"search_term_string\"}}],\"inLanguage\":\"hu\"},{\"@type\":\"Organization\",\"@id\":\"https:\/\/megapets.eu\/hu\/#organization\",\"name\":\"Mega Pets\",\"url\":\"https:\/\/megapets.eu\/hu\/\",\"logo\":{\"@type\":\"ImageObject\",\"inLanguage\":\"hu\",\"@id\":\"https:\/\/megapets.eu\/hu\/#\/schema\/logo\/image\/\",\"url\":\"https:\/\/megapets.eu\/wp-content\/uploads\/2025\/04\/megapets_eu-logo.png\",\"contentUrl\":\"https:\/\/megapets.eu\/wp-content\/uploads\/2025\/04\/megapets_eu-logo.png\",\"width\":2362,\"height\":2362,\"caption\":\"Mega Pets\"},\"image\":{\"@id\":\"https:\/\/megapets.eu\/hu\/#\/schema\/logo\/image\/\"},\"sameAs\":[\"https:\/\/www.facebook.com\/MegaPets.eu\/\"]}]}<\/script>\n<!-- \/ Yoast SEO plugin. -->","yoast_head_json":{"title":"Coromus diaphorus\"Aranymarg\u00f3s ezerl\u00e1b\u00fa\" | MegaPets","robots":{"index":"index","follow":"follow","max-snippet":"max-snippet:-1","max-image-preview":"max-image-preview:large","max-video-preview":"max-video-preview:-1"},"canonical":"https:\/\/megapets.eu\/hu\/wije-hu\/coromus-diaphorusaranyszegelyu-ezerlabu\/","og_locale":"hu_HU","og_type":"article","og_title":"Coromus diaphorus\"Aranymarg\u00f3s ezerl\u00e1b\u00fa\" | MegaPets","og_description":"C\u00e9l m\u00e9rete:  kb. 8 cm   Felaj\u00e1nlott fiatalkor\u00faak:  kb. 2-3 cm   Az \u00e1r a k\u00f6vetkez\u0151kre vonatkozik:  1 darab","og_url":"https:\/\/megapets.eu\/hu\/wije-hu\/coromus-diaphorusaranyszegelyu-ezerlabu\/","og_site_name":"MegaPets","article_publisher":"https:\/\/www.facebook.com\/MegaPets.eu\/","article_modified_time":"2025-08-13T14:59:31+00:00","og_image":[{"width":2560,"height":1707,"url":"https:\/\/megapets.eu\/wp-content\/uploads\/2025\/03\/IMG_20200830_183019-scaled.jpg","type":"image\/jpeg"}],"twitter_card":"summary_large_image","twitter_misc":{"Becs\u00fclt olvas\u00e1si id\u0151":"1 perc"},"schema":{"@context":"https:\/\/schema.org","@graph":[{"@type":"WebPage","@id":"https:\/\/megapets.eu\/hu\/wije-hu\/coromus-diaphorusaranyszegelyu-ezerlabu\/","url":"https:\/\/megapets.eu\/hu\/wije-hu\/coromus-diaphorusaranyszegelyu-ezerlabu\/","name":"Coromus diaphorus \"Aranymarg\u00f3s ezerl\u00e1b\u00fa\" | MegaPets","isPartOf":{"@id":"https:\/\/megapets.eu\/hu\/#website"},"primaryImageOfPage":{"@id":"https:\/\/megapets.eu\/hu\/wije-hu\/coromus-diaphorusaranyszegelyu-ezerlabu\/#primaryimage"},"image":{"@id":"https:\/\/megapets.eu\/hu\/wije-hu\/coromus-diaphorusaranyszegelyu-ezerlabu\/#primaryimage"},"thumbnailUrl":"https:\/\/megapets.eu\/wp-content\/uploads\/2025\/03\/IMG_20200830_183019-scaled.jpg","datePublished":"2025-03-12T07:58:53+00:00","dateModified":"2025-08-13T14:59:31+00:00","breadcrumb":{"@id":"https:\/\/megapets.eu\/hu\/wije-hu\/coromus-diaphorusaranyszegelyu-ezerlabu\/#breadcrumb"},"inLanguage":"hu","potentialAction":[{"@type":"ReadAction","target":["https:\/\/megapets.eu\/hu\/wije-hu\/coromus-diaphorusaranyszegelyu-ezerlabu\/"]}]},{"@type":"ImageObject","inLanguage":"hu","@id":"https:\/\/megapets.eu\/hu\/wije-hu\/coromus-diaphorusaranyszegelyu-ezerlabu\/#primaryimage","url":"https:\/\/megapets.eu\/wp-content\/uploads\/2025\/03\/IMG_20200830_183019-scaled.jpg","contentUrl":"https:\/\/megapets.eu\/wp-content\/uploads\/2025\/03\/IMG_20200830_183019-scaled.jpg","width":2560,"height":1707},{"@type":"BreadcrumbList","@id":"https:\/\/megapets.eu\/hu\/wije-hu\/coromus-diaphorusaranyszegelyu-ezerlabu\/#breadcrumb","itemListElement":[{"@type":"ListItem","position":1,"name":"Strona g\u0142\u00f3wna","item":"https:\/\/megapets.eu\/hu\/"},{"@type":"ListItem","position":2,"name":"Bolt","item":"https:\/\/megapets.eu\/bolt\/"},{"@type":"ListItem","position":3,"name":"Coromus diaphorus&#8222;Aranymarg\u00f3s ezerl\u00e1b\u00fa\""}]},{"@type":"WebSite","@id":"https:\/\/megapets.eu\/hu\/#website","url":"https:\/\/megapets.eu\/hu\/","name":"Mega Pets","description":"Jedna z najwi\u0119kszych hodowli \u015blimak\u00f3w w Europie","publisher":{"@id":"https:\/\/megapets.eu\/hu\/#organization"},"alternateName":"Mega Pets","potentialAction":[{"@type":"SearchAction","target":{"@type":"EntryPoint","urlTemplate":"https:\/\/megapets.eu\/hu\/?s={search_term_string}"},"query-input":{"@type":"PropertyValueSpecification","valueRequired":true,"valueName":"search_term_string"}}],"inLanguage":"hu"},{"@type":"Organization","@id":"https:\/\/megapets.eu\/hu\/#organization","name":"Mega Pets","url":"https:\/\/megapets.eu\/hu\/","logo":{"@type":"ImageObject","inLanguage":"hu","@id":"https:\/\/megapets.eu\/hu\/#\/schema\/logo\/image\/","url":"https:\/\/megapets.eu\/wp-content\/uploads\/2025\/04\/megapets_eu-logo.png","contentUrl":"https:\/\/megapets.eu\/wp-content\/uploads\/2025\/04\/megapets_eu-logo.png","width":2362,"height":2362,"caption":"Mega Pets"},"image":{"@id":"https:\/\/megapets.eu\/hu\/#\/schema\/logo\/image\/"},"sameAs":["https:\/\/www.facebook.com\/MegaPets.eu\/"]}]}},"_links":{"self":[{"href":"https:\/\/megapets.eu\/hu\/wp-json\/wp\/v2\/product\/8307","targetHints":{"allow":["GET"]}}],"collection":[{"href":"https:\/\/megapets.eu\/hu\/wp-json\/wp\/v2\/product"}],"about":[{"href":"https:\/\/megapets.eu\/hu\/wp-json\/wp\/v2\/types\/product"}],"wp:featuredmedia":[{"embeddable":true,"href":"https:\/\/megapets.eu\/hu\/wp-json\/wp\/v2\/media\/8311"}],"wp:attachment":[{"href":"https:\/\/megapets.eu\/hu\/wp-json\/wp\/v2\/media?parent=8307"}],"wp:term":[{"taxonomy":"product_cat","embeddable":true,"href":"https:\/\/megapets.eu\/hu\/wp-json\/wp\/v2\/product_cat?post=8307"},{"taxonomy":"product_tag","embeddable":true,"href":"https:\/\/megapets.eu\/hu\/wp-json\/wp\/v2\/product_tag?post=8307"}],"curies":[{"name":"wp","href":"https:\/\/api.w.org\/{rel}","templated":true}]}}