{"id":8325,"date":"2024-10-03T21:19:08","date_gmt":"2024-10-03T21:19:08","guid":{"rendered":"https:\/\/megapets.eu\/nem-kategorizalt\/sepia-tintahal-csontpremium-gross-xxl\/"},"modified":"2024-10-03T21:19:08","modified_gmt":"2024-10-03T21:19:08","slug":"sepia-tintahal-csontpremium-gross-xxl","status":"publish","type":"product","link":"https:\/\/megapets.eu\/hu\/tartozekok\/sepia-tintahal-csontpremium-gross-xxl\/","title":{"rendered":"Sepia &#8211; tintahal csont<br \/>PREMIUM GROSS &#8222;XXL\u201e"},"content":{"rendered":"<p><strong><span style=\"color: #e87020; font-size: 15px;\"><em>Sepia &#8211; tintahal csont <span style=\"color: #e87020;\">PREMIUM<\/span> THICK &#8222;XXL\u201e<\/em><\/span><\/strong><\/p>\n<p><strong><span style=\"color: #e87020; font-size: 15px;\"><em>A csont hossza: kb. 20-25 cm. Sz\u00e9less\u00e9g: kb. 8-10 cm.<\/em><\/span><\/strong><\/p>\n<p><strong><span style=\"color: #e87020; font-size: 15px;\"><em>\u00d6sszet\u00e9tel: 100% term\u00e9szetes tintahalcsont.<\/em><\/span><\/strong><\/p>\n<p><strong><span style=\"color: #e87020; font-size: 15px;\"><em>Az \u00e1r 1 darabra vonatkozik.<\/em><\/span><\/strong><\/p>\n<p><em><span style=\"color: #424242;\"><strong><span style=\"font-size: 15px;\">A Sepia &#8211; tintahalcsont term\u00e9szetes kalciumforr\u00e1s egzotikus csig\u00e1k, tekn\u0151s\u00f6k \u00e9s m\u00e1s terr\u00e1riumi \u00e1llatok sz\u00e1m\u00e1ra.<\/span><\/strong><\/span><\/em><\/p>\n<p><em><span style=\"color: #424242;\"><strong><span style=\"font-size: 15px;\">A Sepia-t az \u00e1llatok puha oldalr\u00f3l kapj\u00e1k. A tintahalcsontot frissre kell cser\u00e9lni, miut\u00e1n az \u00e1llat lekaparta a szepia puha r\u00e9sz\u00e9t, vagy a roml\u00e1s els\u0151 jelein\u00e9l (foltok megjelen\u00e9se, ami a nedves terr\u00e1riumi k\u00f6r\u00fclm\u00e9nyeknek k\u00f6sz\u00f6nhet\u0151).<\/span><\/strong><\/span><\/em><\/p>\n<p><em><span style=\"color: #424242;\"><strong><span style=\"font-size: 15px;\">A beadott kalcium form\u00e1it mindig vari\u00e1lhatja, \u00e9s emellett &#8222;kalciumot\u201e is k\u00edn\u00e1lhat kedvenc\u00e9nek. &#8211; kalciumot csig\u00e1k sz\u00e1m\u00e1ra.<\/span><\/strong><\/span><\/em><\/p>\n<p><em><span style=\"color: #424242;\"><strong><span style=\"font-size: 15px;\">Az \u00e1ltalunk aj\u00e1nlott kieg\u00e9sz\u00edt\u0151k m\u00e9g a legig\u00e9nyesebb fajok \u00e9rt\u00e9kes t\u00e1panyagokban val\u00f3 ig\u00e9nyeit is k\u00e9pesek kiel\u00e9g\u00edteni: &#8222;Protein &amp; Vitamin\u201e, egzotikus gy\u00f3gyn\u00f6v\u00e9nykever\u00e9k, \u0151r\u00f6lt gammarus. A kieg\u00e9sz\u00edt\u0151ket aj\u00e1nlott felv\u00e1ltva haszn\u00e1lni, hogy kedvence \u00e9trendje v\u00e1ltozatos \u00e9s teljes \u00e9rt\u00e9k\u0171 maradjon.<\/span><\/strong><\/span><\/em><\/p>\n","protected":false},"excerpt":{"rendered":"<ul class=\"product_attributes\">\n<li><span style=\"color: #555555;\">\u00d6sszet\u00e9tel:<\/span><\/li>\n<li><span style=\"color: #555555;\"> A csont hossza:<\/span> kb. 20-25 cm<\/li>\n<li><span style=\"color: #555555;\">Az \u00e1r a k\u00f6vetkez\u0151re vonatkozik:<\/span> 1 darab<\/li>\n<\/ul>\n","protected":false},"featured_media":11963,"template":"","meta":{"_acf_changed":false,"_links_to":"","_links_to_target":""},"product_cat":[195],"product_tag":[196,199,198,197],"class_list":{"0":"post-8325","1":"product","2":"type-product","3":"status-publish","4":"has-post-thumbnail","6":"product_cat-tartozekok","7":"product_tag-csigak-szamara","8":"product_tag-csotanyok-eseteben","9":"product_tag-izopodak-eseteben","10":"product_tag-mert-a-ravaszsagok","12":"first","13":"instock","14":"shipping-taxable","15":"purchasable","16":"product-type-simple"},"acf":[],"yoast_head":"<!-- This site is optimized with the Yoast SEO plugin v24.9 - https:\/\/yoast.com\/wordpress\/plugins\/seo\/ -->\n<title>Sepia - tintahal csontPREMIUM GROSS &quot;XXL&quot; | MegaPets<\/title>\n<meta name=\"robots\" content=\"index, follow, max-snippet:-1, max-image-preview:large, max-video-preview:-1\" \/>\n<link rel=\"canonical\" href=\"https:\/\/megapets.eu\/hu\/tartozekok\/sepia-tintahal-csontpremium-gross-xxl\/\" \/>\n<meta property=\"og:locale\" content=\"hu_HU\" \/>\n<meta property=\"og:type\" content=\"article\" \/>\n<meta property=\"og:title\" content=\"Sepia - tintahal csontPREMIUM GROSS &quot;XXL&quot; | MegaPets\" \/>\n<meta property=\"og:description\" content=\"\u00d6sszet\u00e9tel:  A csont hossza: kb. 20-25 cm  Az \u00e1r a k\u00f6vetkez\u0151re vonatkozik: 1 darab\" \/>\n<meta property=\"og:url\" content=\"https:\/\/megapets.eu\/hu\/tartozekok\/sepia-tintahal-csontpremium-gross-xxl\/\" \/>\n<meta property=\"og:site_name\" content=\"MegaPets\" \/>\n<meta property=\"article:publisher\" content=\"https:\/\/www.facebook.com\/MegaPets.eu\/\" \/>\n<meta property=\"og:image\" content=\"https:\/\/megapets.eu\/wp-content\/uploads\/2024\/10\/4.png\" \/>\n\t<meta property=\"og:image:width\" content=\"984\" \/>\n\t<meta property=\"og:image:height\" content=\"655\" \/>\n\t<meta property=\"og:image:type\" content=\"image\/png\" \/>\n<meta name=\"twitter:card\" content=\"summary_large_image\" \/>\n<meta name=\"twitter:label1\" content=\"Becs\u00fclt olvas\u00e1si id\u0151\" \/>\n\t<meta name=\"twitter:data1\" content=\"1 perc\" \/>\n<script type=\"application\/ld+json\" class=\"yoast-schema-graph\">{\"@context\":\"https:\/\/schema.org\",\"@graph\":[{\"@type\":\"WebPage\",\"@id\":\"https:\/\/megapets.eu\/hu\/tartozekok\/sepia-tintahal-csontpremium-gross-xxl\/\",\"url\":\"https:\/\/megapets.eu\/hu\/tartozekok\/sepia-tintahal-csontpremium-gross-xxl\/\",\"name\":\"Sepia - tintahal csont PREMIUM GROSS \\\"XXL\\\" | MegaPets\",\"isPartOf\":{\"@id\":\"https:\/\/megapets.eu\/hu\/#website\"},\"primaryImageOfPage\":{\"@id\":\"https:\/\/megapets.eu\/hu\/tartozekok\/sepia-tintahal-csontpremium-gross-xxl\/#primaryimage\"},\"image\":{\"@id\":\"https:\/\/megapets.eu\/hu\/tartozekok\/sepia-tintahal-csontpremium-gross-xxl\/#primaryimage\"},\"thumbnailUrl\":\"https:\/\/megapets.eu\/wp-content\/uploads\/2024\/10\/kosc-matwy-premium-xxl-naturalna-WEBP.webp\",\"datePublished\":\"2024-10-03T21:19:08+00:00\",\"breadcrumb\":{\"@id\":\"https:\/\/megapets.eu\/hu\/tartozekok\/sepia-tintahal-csontpremium-gross-xxl\/#breadcrumb\"},\"inLanguage\":\"hu\",\"potentialAction\":[{\"@type\":\"ReadAction\",\"target\":[\"https:\/\/megapets.eu\/hu\/tartozekok\/sepia-tintahal-csontpremium-gross-xxl\/\"]}]},{\"@type\":\"ImageObject\",\"inLanguage\":\"hu\",\"@id\":\"https:\/\/megapets.eu\/hu\/tartozekok\/sepia-tintahal-csontpremium-gross-xxl\/#primaryimage\",\"url\":\"https:\/\/megapets.eu\/wp-content\/uploads\/2024\/10\/kosc-matwy-premium-xxl-naturalna-WEBP.webp\",\"contentUrl\":\"https:\/\/megapets.eu\/wp-content\/uploads\/2024\/10\/kosc-matwy-premium-xxl-naturalna-WEBP.webp\",\"width\":1200,\"height\":793},{\"@type\":\"BreadcrumbList\",\"@id\":\"https:\/\/megapets.eu\/hu\/tartozekok\/sepia-tintahal-csontpremium-gross-xxl\/#breadcrumb\",\"itemListElement\":[{\"@type\":\"ListItem\",\"position\":1,\"name\":\"Strona g\u0142\u00f3wna\",\"item\":\"https:\/\/megapets.eu\/hu\/\"},{\"@type\":\"ListItem\",\"position\":2,\"name\":\"Bolt\",\"item\":\"https:\/\/megapets.eu\/bolt\/\"},{\"@type\":\"ListItem\",\"position\":3,\"name\":\"Sepia &#8211; tintahal csontPREMIUM GROSS &#8222;XXL\\\"\"}]},{\"@type\":\"WebSite\",\"@id\":\"https:\/\/megapets.eu\/hu\/#website\",\"url\":\"https:\/\/megapets.eu\/hu\/\",\"name\":\"Mega Pets\",\"description\":\"Jedna z najwi\u0119kszych hodowli \u015blimak\u00f3w w Europie\",\"publisher\":{\"@id\":\"https:\/\/megapets.eu\/hu\/#organization\"},\"alternateName\":\"Mega Pets\",\"potentialAction\":[{\"@type\":\"SearchAction\",\"target\":{\"@type\":\"EntryPoint\",\"urlTemplate\":\"https:\/\/megapets.eu\/hu\/?s={search_term_string}\"},\"query-input\":{\"@type\":\"PropertyValueSpecification\",\"valueRequired\":true,\"valueName\":\"search_term_string\"}}],\"inLanguage\":\"hu\"},{\"@type\":\"Organization\",\"@id\":\"https:\/\/megapets.eu\/hu\/#organization\",\"name\":\"Mega Pets\",\"url\":\"https:\/\/megapets.eu\/hu\/\",\"logo\":{\"@type\":\"ImageObject\",\"inLanguage\":\"hu\",\"@id\":\"https:\/\/megapets.eu\/hu\/#\/schema\/logo\/image\/\",\"url\":\"https:\/\/megapets.eu\/wp-content\/uploads\/2025\/04\/megapets_eu-logo.png\",\"contentUrl\":\"https:\/\/megapets.eu\/wp-content\/uploads\/2025\/04\/megapets_eu-logo.png\",\"width\":2362,\"height\":2362,\"caption\":\"Mega Pets\"},\"image\":{\"@id\":\"https:\/\/megapets.eu\/hu\/#\/schema\/logo\/image\/\"},\"sameAs\":[\"https:\/\/www.facebook.com\/MegaPets.eu\/\"]}]}<\/script>\n<!-- \/ Yoast SEO plugin. -->","yoast_head_json":{"title":"Sepia - tintahal csontPREMIUM GROSS \"XXL\" | MegaPets","robots":{"index":"index","follow":"follow","max-snippet":"max-snippet:-1","max-image-preview":"max-image-preview:large","max-video-preview":"max-video-preview:-1"},"canonical":"https:\/\/megapets.eu\/hu\/tartozekok\/sepia-tintahal-csontpremium-gross-xxl\/","og_locale":"hu_HU","og_type":"article","og_title":"Sepia - tintahal csontPREMIUM GROSS \"XXL\" | MegaPets","og_description":"\u00d6sszet\u00e9tel:  A csont hossza: kb. 20-25 cm  Az \u00e1r a k\u00f6vetkez\u0151re vonatkozik: 1 darab","og_url":"https:\/\/megapets.eu\/hu\/tartozekok\/sepia-tintahal-csontpremium-gross-xxl\/","og_site_name":"MegaPets","article_publisher":"https:\/\/www.facebook.com\/MegaPets.eu\/","og_image":[{"width":984,"height":655,"url":"https:\/\/megapets.eu\/wp-content\/uploads\/2024\/10\/4.png","type":"image\/png"}],"twitter_card":"summary_large_image","twitter_misc":{"Becs\u00fclt olvas\u00e1si id\u0151":"1 perc"},"schema":{"@context":"https:\/\/schema.org","@graph":[{"@type":"WebPage","@id":"https:\/\/megapets.eu\/hu\/tartozekok\/sepia-tintahal-csontpremium-gross-xxl\/","url":"https:\/\/megapets.eu\/hu\/tartozekok\/sepia-tintahal-csontpremium-gross-xxl\/","name":"Sepia - tintahal csont PREMIUM GROSS \"XXL\" | MegaPets","isPartOf":{"@id":"https:\/\/megapets.eu\/hu\/#website"},"primaryImageOfPage":{"@id":"https:\/\/megapets.eu\/hu\/tartozekok\/sepia-tintahal-csontpremium-gross-xxl\/#primaryimage"},"image":{"@id":"https:\/\/megapets.eu\/hu\/tartozekok\/sepia-tintahal-csontpremium-gross-xxl\/#primaryimage"},"thumbnailUrl":"https:\/\/megapets.eu\/wp-content\/uploads\/2024\/10\/kosc-matwy-premium-xxl-naturalna-WEBP.webp","datePublished":"2024-10-03T21:19:08+00:00","breadcrumb":{"@id":"https:\/\/megapets.eu\/hu\/tartozekok\/sepia-tintahal-csontpremium-gross-xxl\/#breadcrumb"},"inLanguage":"hu","potentialAction":[{"@type":"ReadAction","target":["https:\/\/megapets.eu\/hu\/tartozekok\/sepia-tintahal-csontpremium-gross-xxl\/"]}]},{"@type":"ImageObject","inLanguage":"hu","@id":"https:\/\/megapets.eu\/hu\/tartozekok\/sepia-tintahal-csontpremium-gross-xxl\/#primaryimage","url":"https:\/\/megapets.eu\/wp-content\/uploads\/2024\/10\/kosc-matwy-premium-xxl-naturalna-WEBP.webp","contentUrl":"https:\/\/megapets.eu\/wp-content\/uploads\/2024\/10\/kosc-matwy-premium-xxl-naturalna-WEBP.webp","width":1200,"height":793},{"@type":"BreadcrumbList","@id":"https:\/\/megapets.eu\/hu\/tartozekok\/sepia-tintahal-csontpremium-gross-xxl\/#breadcrumb","itemListElement":[{"@type":"ListItem","position":1,"name":"Strona g\u0142\u00f3wna","item":"https:\/\/megapets.eu\/hu\/"},{"@type":"ListItem","position":2,"name":"Bolt","item":"https:\/\/megapets.eu\/bolt\/"},{"@type":"ListItem","position":3,"name":"Sepia &#8211; tintahal csontPREMIUM GROSS &#8222;XXL\""}]},{"@type":"WebSite","@id":"https:\/\/megapets.eu\/hu\/#website","url":"https:\/\/megapets.eu\/hu\/","name":"Mega Pets","description":"Jedna z najwi\u0119kszych hodowli \u015blimak\u00f3w w Europie","publisher":{"@id":"https:\/\/megapets.eu\/hu\/#organization"},"alternateName":"Mega Pets","potentialAction":[{"@type":"SearchAction","target":{"@type":"EntryPoint","urlTemplate":"https:\/\/megapets.eu\/hu\/?s={search_term_string}"},"query-input":{"@type":"PropertyValueSpecification","valueRequired":true,"valueName":"search_term_string"}}],"inLanguage":"hu"},{"@type":"Organization","@id":"https:\/\/megapets.eu\/hu\/#organization","name":"Mega Pets","url":"https:\/\/megapets.eu\/hu\/","logo":{"@type":"ImageObject","inLanguage":"hu","@id":"https:\/\/megapets.eu\/hu\/#\/schema\/logo\/image\/","url":"https:\/\/megapets.eu\/wp-content\/uploads\/2025\/04\/megapets_eu-logo.png","contentUrl":"https:\/\/megapets.eu\/wp-content\/uploads\/2025\/04\/megapets_eu-logo.png","width":2362,"height":2362,"caption":"Mega Pets"},"image":{"@id":"https:\/\/megapets.eu\/hu\/#\/schema\/logo\/image\/"},"sameAs":["https:\/\/www.facebook.com\/MegaPets.eu\/"]}]}},"_links":{"self":[{"href":"https:\/\/megapets.eu\/hu\/wp-json\/wp\/v2\/product\/8325","targetHints":{"allow":["GET"]}}],"collection":[{"href":"https:\/\/megapets.eu\/hu\/wp-json\/wp\/v2\/product"}],"about":[{"href":"https:\/\/megapets.eu\/hu\/wp-json\/wp\/v2\/types\/product"}],"wp:featuredmedia":[{"embeddable":true,"href":"https:\/\/megapets.eu\/hu\/wp-json\/wp\/v2\/media\/11963"}],"wp:attachment":[{"href":"https:\/\/megapets.eu\/hu\/wp-json\/wp\/v2\/media?parent=8325"}],"wp:term":[{"taxonomy":"product_cat","embeddable":true,"href":"https:\/\/megapets.eu\/hu\/wp-json\/wp\/v2\/product_cat?post=8325"},{"taxonomy":"product_tag","embeddable":true,"href":"https:\/\/megapets.eu\/hu\/wp-json\/wp\/v2\/product_tag?post=8325"}],"curies":[{"name":"wp","href":"https:\/\/api.w.org\/{rel}","templated":true}]}}