{"id":8343,"date":"2024-10-05T12:01:38","date_gmt":"2024-10-05T12:01:38","guid":{"rendered":"https:\/\/megapets.eu\/nem-kategorizalt\/spirobolellus-sp-mauifluoreszcencia-uv-fenyben\/"},"modified":"2025-08-13T14:58:53","modified_gmt":"2025-08-13T14:58:53","slug":"spirobolellus-sp-mauifluoreszcencia-uv-fenyben","status":"publish","type":"product","link":"https:\/\/megapets.eu\/hu\/wije-hu\/spirobolellus-sp-mauifluoreszcencia-uv-fenyben\/","title":{"rendered":"Spirobolellus sp. Maui<br>&#8222;Fluoreszcencia UV-f\u00e9nyben\u201e"},"content":{"rendered":"<p class=\"v1v1v1v1MsoNormal\" style=\"text-align: left;\"><span style=\"color: #d94890;\"><strong><em><span style=\"font-size: 15px;\"><span style=\"color: #424242;\">M\u0171faj:<\/span> <span style=\"color: #3366ff;\">sz\u00e1zl\u00e1b\u00fa Spirobolellus sp. Maui &#8222;Fluoreszcencia UV sugarak alatt\u201e. <\/span><\/span><\/em><\/strong><\/span><\/p>\n<p class=\"v1v1v1v1MsoNormal\" style=\"text-align: left;\"><span style=\"color: #424242;\"><strong><em><span style=\"font-size: 15px;\">K\u00f6nnyen karbantarthat\u00f3, \u00edgy kezd\u0151knek is kiv\u00e1l\u00f3ak.<\/span><\/em><\/strong><\/span><\/p>\n<p style=\"text-align: left;\"><span style=\"color: #800000;\"><span style=\"color: #424242;\"><strong><em><span style=\"font-size: 15px;\">Nem lehet<\/span><\/em><\/strong><\/span><strong><em><span style=\"font-size: 15px;\"><span style=\"color: #424242;\">p\u00e1rt v\u00e1lasztani:<b> <\/b>f\u00e9rfi \u00e9s n\u0151. <span style=\"color: #3366ff;\">Ennek a fajnak a szapor\u00edt\u00e1s\u00e1hoz javasoljuk, hogy v\u00e1s\u00e1roljon legal\u00e1bb 5 darabot, de ez nem sz\u00fcks\u00e9ges, az egy\u00e9n egyed\u00fcl \u00e9lhet.<\/span><\/span><\/span><\/em><\/strong><\/span><\/p>\n<p style=\"text-align: left;\"><span style=\"color: #800000;\"><strong><em><span style=\"font-size: 15px;\"><span style=\"color: #424242;\"><span style=\"color: #3366ff;\"><strong style=\"color: #424242;\">\ud83d\udc99\u2b50\ufe0f\ud83e\ude75 <\/strong>Fluoreszcencia. Egyes terr\u00e1riumi \u00e1llatfajok, amelyeket UV-f\u00e9nnyel sug\u00e1roznak, k\u00e9k-z\u00f6ld sz\u00ednben \ud83e\ude75\u2b50\ufe0f\ud83d\udc99 kezdenek vil\u00e1g\u00edtani . <\/span><\/span><\/span><\/em><\/strong><\/span><\/p>\n<p style=\"text-align: left;\"><span style=\"color: #424242;\"><strong><em><span style=\"font-size: 15px;\"><strong style=\"color: #424242;\"><span style=\"color: #800000;\"><span style=\"color: #3366ff;\">\ud83e\ude75<\/span><\/span> Valami sz\u00f3rakoztat\u00f3 teny\u00e9szt\u00e9st keresel kezd\u00e9sk\u00e9nt?  <\/strong><span style=\"color: #3366ff;\">Sz\u00e1zl\u00e1b\u00faak Spirobolellus sp. Maui gy\u00f6ny\u00f6r\u0171 \u00e9s k\u00f6nnyen gondozhat\u00f3 l\u00e9nyek, teljesen biztons\u00e1gosak az emberek sz\u00e1m\u00e1ra, nem harapnak. Gyenge \u00e1llkapcsuk van, amely alkalmazkodik a n\u00f6v\u00e9nyi anyagok \u00f6sszez\u00faz\u00e1s\u00e1hoz. A sz\u00e1zl\u00e1b\u00faak a nedves helyeket r\u00e9szes\u00edtik el\u0151nyben, a szubsztr\u00e1tum fels\u0151 r\u00e9teg\u00e9ben \u00e9lnek, \u00e9s levelekkel, sz\u00e1zl\u00e1b\u00faak teny\u00e9szt\u00e9s\u00e9re sz\u00e1nt t\u00f6bbkomponens\u0171 szubsztr\u00e1tummal, valamint z\u00f6lds\u00e9gekkel \u00e9s gy\u00fcm\u00f6lcs\u00f6kkel t\u00e1pl\u00e1lkoznak.   <\/span><\/span><\/em><\/strong><\/span><\/p>\n","protected":false},"excerpt":{"rendered":"<ul>\n<li>C\u00e9l m\u00e9rete:\n<ul>\n<li>kb. 4-5 cm<\/li>\n<\/ul>\n<\/li>\n<li>Felaj\u00e1nlott fiatalkor\u00faak:\n<ul>\n<li>kb. 2-3 cm <\/li>\n<\/ul>\n<\/li>\n<li>Az \u00e1r a k\u00f6vetkez\u0151kre vonatkozik:\n<ul>\n<li>1 darab<\/li>\n<\/ul>\n<\/li>\n<\/ul>\n","protected":false},"featured_media":8346,"template":"","meta":{"_acf_changed":false,"_links_to":"","_links_to_target":""},"product_cat":[194],"product_tag":[],"class_list":{"0":"post-8343","1":"product","2":"type-product","3":"status-publish","4":"has-post-thumbnail","6":"product_cat-wije-hu","8":"first","9":"outofstock","10":"shipping-taxable","11":"purchasable","12":"product-type-simple"},"acf":[],"yoast_head":"<!-- This site is optimized with the Yoast SEO plugin v24.9 - https:\/\/yoast.com\/wordpress\/plugins\/seo\/ -->\n<title>Spirobolellus sp. Maui&quot;Fluoreszcencia UV-f\u00e9nyben&quot; | MegaPets<\/title>\n<meta name=\"robots\" content=\"index, follow, max-snippet:-1, max-image-preview:large, max-video-preview:-1\" \/>\n<link rel=\"canonical\" href=\"https:\/\/megapets.eu\/hu\/wije-hu\/spirobolellus-sp-mauifluoreszcencia-uv-fenyben\/\" \/>\n<meta property=\"og:locale\" content=\"hu_HU\" \/>\n<meta property=\"og:type\" content=\"article\" \/>\n<meta property=\"og:title\" content=\"Spirobolellus sp. Maui&quot;Fluoreszcencia UV-f\u00e9nyben&quot; | MegaPets\" \/>\n<meta property=\"og:description\" content=\"C\u00e9l m\u00e9rete:  kb. 4-5 cm   Felaj\u00e1nlott fiatalkor\u00faak:  kb. 2-3 cm   Az \u00e1r a k\u00f6vetkez\u0151kre vonatkozik:  1 darab\" \/>\n<meta property=\"og:url\" content=\"https:\/\/megapets.eu\/hu\/wije-hu\/spirobolellus-sp-mauifluoreszcencia-uv-fenyben\/\" \/>\n<meta property=\"og:site_name\" content=\"MegaPets\" \/>\n<meta property=\"article:publisher\" content=\"https:\/\/www.facebook.com\/MegaPets.eu\/\" \/>\n<meta property=\"article:modified_time\" content=\"2025-08-13T14:58:53+00:00\" \/>\n<meta property=\"og:image\" content=\"https:\/\/megapets.eu\/wp-content\/uploads\/2024\/10\/1-9765-1024x691.png\" \/>\n\t<meta property=\"og:image:width\" content=\"1024\" \/>\n\t<meta property=\"og:image:height\" content=\"691\" \/>\n\t<meta property=\"og:image:type\" content=\"image\/png\" \/>\n<meta name=\"twitter:card\" content=\"summary_large_image\" \/>\n<meta name=\"twitter:label1\" content=\"Becs\u00fclt olvas\u00e1si id\u0151\" \/>\n\t<meta name=\"twitter:data1\" content=\"1 perc\" \/>\n<script type=\"application\/ld+json\" class=\"yoast-schema-graph\">{\"@context\":\"https:\/\/schema.org\",\"@graph\":[{\"@type\":\"WebPage\",\"@id\":\"https:\/\/megapets.eu\/hu\/wije-hu\/spirobolellus-sp-mauifluoreszcencia-uv-fenyben\/\",\"url\":\"https:\/\/megapets.eu\/hu\/wije-hu\/spirobolellus-sp-mauifluoreszcencia-uv-fenyben\/\",\"name\":\"Spirobolellus sp. Maui \\\"Fluoreszcencia UV-f\u00e9nyben\\\" | MegaPets\",\"isPartOf\":{\"@id\":\"https:\/\/megapets.eu\/hu\/#website\"},\"primaryImageOfPage\":{\"@id\":\"https:\/\/megapets.eu\/hu\/wije-hu\/spirobolellus-sp-mauifluoreszcencia-uv-fenyben\/#primaryimage\"},\"image\":{\"@id\":\"https:\/\/megapets.eu\/hu\/wije-hu\/spirobolellus-sp-mauifluoreszcencia-uv-fenyben\/#primaryimage\"},\"thumbnailUrl\":\"https:\/\/megapets.eu\/wp-content\/uploads\/2024\/10\/1-9765.png\",\"datePublished\":\"2024-10-05T12:01:38+00:00\",\"dateModified\":\"2025-08-13T14:58:53+00:00\",\"breadcrumb\":{\"@id\":\"https:\/\/megapets.eu\/hu\/wije-hu\/spirobolellus-sp-mauifluoreszcencia-uv-fenyben\/#breadcrumb\"},\"inLanguage\":\"hu\",\"potentialAction\":[{\"@type\":\"ReadAction\",\"target\":[\"https:\/\/megapets.eu\/hu\/wije-hu\/spirobolellus-sp-mauifluoreszcencia-uv-fenyben\/\"]}]},{\"@type\":\"ImageObject\",\"inLanguage\":\"hu\",\"@id\":\"https:\/\/megapets.eu\/hu\/wije-hu\/spirobolellus-sp-mauifluoreszcencia-uv-fenyben\/#primaryimage\",\"url\":\"https:\/\/megapets.eu\/wp-content\/uploads\/2024\/10\/1-9765.png\",\"contentUrl\":\"https:\/\/megapets.eu\/wp-content\/uploads\/2024\/10\/1-9765.png\",\"width\":3092,\"height\":2088},{\"@type\":\"BreadcrumbList\",\"@id\":\"https:\/\/megapets.eu\/hu\/wije-hu\/spirobolellus-sp-mauifluoreszcencia-uv-fenyben\/#breadcrumb\",\"itemListElement\":[{\"@type\":\"ListItem\",\"position\":1,\"name\":\"Strona g\u0142\u00f3wna\",\"item\":\"https:\/\/megapets.eu\/hu\/\"},{\"@type\":\"ListItem\",\"position\":2,\"name\":\"Bolt\",\"item\":\"https:\/\/megapets.eu\/bolt\/\"},{\"@type\":\"ListItem\",\"position\":3,\"name\":\"Spirobolellus sp. Maui&#8222;Fluoreszcencia UV-f\u00e9nyben\\\"\"}]},{\"@type\":\"WebSite\",\"@id\":\"https:\/\/megapets.eu\/hu\/#website\",\"url\":\"https:\/\/megapets.eu\/hu\/\",\"name\":\"Mega Pets\",\"description\":\"Jedna z najwi\u0119kszych hodowli \u015blimak\u00f3w w Europie\",\"publisher\":{\"@id\":\"https:\/\/megapets.eu\/hu\/#organization\"},\"alternateName\":\"Mega Pets\",\"potentialAction\":[{\"@type\":\"SearchAction\",\"target\":{\"@type\":\"EntryPoint\",\"urlTemplate\":\"https:\/\/megapets.eu\/hu\/?s={search_term_string}\"},\"query-input\":{\"@type\":\"PropertyValueSpecification\",\"valueRequired\":true,\"valueName\":\"search_term_string\"}}],\"inLanguage\":\"hu\"},{\"@type\":\"Organization\",\"@id\":\"https:\/\/megapets.eu\/hu\/#organization\",\"name\":\"Mega Pets\",\"url\":\"https:\/\/megapets.eu\/hu\/\",\"logo\":{\"@type\":\"ImageObject\",\"inLanguage\":\"hu\",\"@id\":\"https:\/\/megapets.eu\/hu\/#\/schema\/logo\/image\/\",\"url\":\"https:\/\/megapets.eu\/wp-content\/uploads\/2025\/04\/megapets_eu-logo.png\",\"contentUrl\":\"https:\/\/megapets.eu\/wp-content\/uploads\/2025\/04\/megapets_eu-logo.png\",\"width\":2362,\"height\":2362,\"caption\":\"Mega Pets\"},\"image\":{\"@id\":\"https:\/\/megapets.eu\/hu\/#\/schema\/logo\/image\/\"},\"sameAs\":[\"https:\/\/www.facebook.com\/MegaPets.eu\/\"]}]}<\/script>\n<!-- \/ Yoast SEO plugin. -->","yoast_head_json":{"title":"Spirobolellus sp. Maui\"Fluoreszcencia UV-f\u00e9nyben\" | MegaPets","robots":{"index":"index","follow":"follow","max-snippet":"max-snippet:-1","max-image-preview":"max-image-preview:large","max-video-preview":"max-video-preview:-1"},"canonical":"https:\/\/megapets.eu\/hu\/wije-hu\/spirobolellus-sp-mauifluoreszcencia-uv-fenyben\/","og_locale":"hu_HU","og_type":"article","og_title":"Spirobolellus sp. Maui\"Fluoreszcencia UV-f\u00e9nyben\" | MegaPets","og_description":"C\u00e9l m\u00e9rete:  kb. 4-5 cm   Felaj\u00e1nlott fiatalkor\u00faak:  kb. 2-3 cm   Az \u00e1r a k\u00f6vetkez\u0151kre vonatkozik:  1 darab","og_url":"https:\/\/megapets.eu\/hu\/wije-hu\/spirobolellus-sp-mauifluoreszcencia-uv-fenyben\/","og_site_name":"MegaPets","article_publisher":"https:\/\/www.facebook.com\/MegaPets.eu\/","article_modified_time":"2025-08-13T14:58:53+00:00","og_image":[{"width":1024,"height":691,"url":"https:\/\/megapets.eu\/wp-content\/uploads\/2024\/10\/1-9765-1024x691.png","type":"image\/png"}],"twitter_card":"summary_large_image","twitter_misc":{"Becs\u00fclt olvas\u00e1si id\u0151":"1 perc"},"schema":{"@context":"https:\/\/schema.org","@graph":[{"@type":"WebPage","@id":"https:\/\/megapets.eu\/hu\/wije-hu\/spirobolellus-sp-mauifluoreszcencia-uv-fenyben\/","url":"https:\/\/megapets.eu\/hu\/wije-hu\/spirobolellus-sp-mauifluoreszcencia-uv-fenyben\/","name":"Spirobolellus sp. Maui \"Fluoreszcencia UV-f\u00e9nyben\" | MegaPets","isPartOf":{"@id":"https:\/\/megapets.eu\/hu\/#website"},"primaryImageOfPage":{"@id":"https:\/\/megapets.eu\/hu\/wije-hu\/spirobolellus-sp-mauifluoreszcencia-uv-fenyben\/#primaryimage"},"image":{"@id":"https:\/\/megapets.eu\/hu\/wije-hu\/spirobolellus-sp-mauifluoreszcencia-uv-fenyben\/#primaryimage"},"thumbnailUrl":"https:\/\/megapets.eu\/wp-content\/uploads\/2024\/10\/1-9765.png","datePublished":"2024-10-05T12:01:38+00:00","dateModified":"2025-08-13T14:58:53+00:00","breadcrumb":{"@id":"https:\/\/megapets.eu\/hu\/wije-hu\/spirobolellus-sp-mauifluoreszcencia-uv-fenyben\/#breadcrumb"},"inLanguage":"hu","potentialAction":[{"@type":"ReadAction","target":["https:\/\/megapets.eu\/hu\/wije-hu\/spirobolellus-sp-mauifluoreszcencia-uv-fenyben\/"]}]},{"@type":"ImageObject","inLanguage":"hu","@id":"https:\/\/megapets.eu\/hu\/wije-hu\/spirobolellus-sp-mauifluoreszcencia-uv-fenyben\/#primaryimage","url":"https:\/\/megapets.eu\/wp-content\/uploads\/2024\/10\/1-9765.png","contentUrl":"https:\/\/megapets.eu\/wp-content\/uploads\/2024\/10\/1-9765.png","width":3092,"height":2088},{"@type":"BreadcrumbList","@id":"https:\/\/megapets.eu\/hu\/wije-hu\/spirobolellus-sp-mauifluoreszcencia-uv-fenyben\/#breadcrumb","itemListElement":[{"@type":"ListItem","position":1,"name":"Strona g\u0142\u00f3wna","item":"https:\/\/megapets.eu\/hu\/"},{"@type":"ListItem","position":2,"name":"Bolt","item":"https:\/\/megapets.eu\/bolt\/"},{"@type":"ListItem","position":3,"name":"Spirobolellus sp. Maui&#8222;Fluoreszcencia UV-f\u00e9nyben\""}]},{"@type":"WebSite","@id":"https:\/\/megapets.eu\/hu\/#website","url":"https:\/\/megapets.eu\/hu\/","name":"Mega Pets","description":"Jedna z najwi\u0119kszych hodowli \u015blimak\u00f3w w Europie","publisher":{"@id":"https:\/\/megapets.eu\/hu\/#organization"},"alternateName":"Mega Pets","potentialAction":[{"@type":"SearchAction","target":{"@type":"EntryPoint","urlTemplate":"https:\/\/megapets.eu\/hu\/?s={search_term_string}"},"query-input":{"@type":"PropertyValueSpecification","valueRequired":true,"valueName":"search_term_string"}}],"inLanguage":"hu"},{"@type":"Organization","@id":"https:\/\/megapets.eu\/hu\/#organization","name":"Mega Pets","url":"https:\/\/megapets.eu\/hu\/","logo":{"@type":"ImageObject","inLanguage":"hu","@id":"https:\/\/megapets.eu\/hu\/#\/schema\/logo\/image\/","url":"https:\/\/megapets.eu\/wp-content\/uploads\/2025\/04\/megapets_eu-logo.png","contentUrl":"https:\/\/megapets.eu\/wp-content\/uploads\/2025\/04\/megapets_eu-logo.png","width":2362,"height":2362,"caption":"Mega Pets"},"image":{"@id":"https:\/\/megapets.eu\/hu\/#\/schema\/logo\/image\/"},"sameAs":["https:\/\/www.facebook.com\/MegaPets.eu\/"]}]}},"_links":{"self":[{"href":"https:\/\/megapets.eu\/hu\/wp-json\/wp\/v2\/product\/8343","targetHints":{"allow":["GET"]}}],"collection":[{"href":"https:\/\/megapets.eu\/hu\/wp-json\/wp\/v2\/product"}],"about":[{"href":"https:\/\/megapets.eu\/hu\/wp-json\/wp\/v2\/types\/product"}],"wp:featuredmedia":[{"embeddable":true,"href":"https:\/\/megapets.eu\/hu\/wp-json\/wp\/v2\/media\/8346"}],"wp:attachment":[{"href":"https:\/\/megapets.eu\/hu\/wp-json\/wp\/v2\/media?parent=8343"}],"wp:term":[{"taxonomy":"product_cat","embeddable":true,"href":"https:\/\/megapets.eu\/hu\/wp-json\/wp\/v2\/product_cat?post=8343"},{"taxonomy":"product_tag","embeddable":true,"href":"https:\/\/megapets.eu\/hu\/wp-json\/wp\/v2\/product_tag?post=8343"}],"curies":[{"name":"wp","href":"https:\/\/api.w.org\/{rel}","templated":true}]}}