{"id":8365,"date":"2024-10-08T09:05:58","date_gmt":"2024-10-08T09:05:58","guid":{"rendered":"https:\/\/megapets.eu\/nem-kategorizalt\/szaritott-tolgy-es-nyirfalevelek-250-mlizopoda-vipera-csotanyok-ellen\/"},"modified":"2024-10-08T09:05:58","modified_gmt":"2024-10-08T09:05:58","slug":"szaritott-tolgy-es-nyirfalevelek-250-mlizopoda-vipera-csotanyok-ellen","status":"publish","type":"product","link":"https:\/\/megapets.eu\/hu\/tartozekok\/szaritott-tolgy-es-nyirfalevelek-250-mlizopoda-vipera-csotanyok-ellen\/","title":{"rendered":"Sz\u00e1r\u00edtott t\u00f6lgy- \u00e9s ny\u00edrfalevelek 250 ml<br \/>izopoda, vipera, cs\u00f3t\u00e1nyok ellen."},"content":{"rendered":"<p><strong><span style=\"color: #e87020; font-size: 15px;\"><em><span style=\"color: #e87020;\"><span style=\"font-size: 15px;\">Sz\u00e1r\u00edtott t\u00f6lgy- \u00e9s ny\u00edrfalevelek 250 ml izopod\u00e1k, f\u00e9rgek, cs\u00f3t\u00e1nyok ellen<\/span><\/span><\/em><\/span><\/strong><\/p>\n<p><strong><span style=\"color: #e87020; font-size: 15px;\"><em>Egy csomag 250 ml-t tartalmaz, l<span style=\"color: #e87020;\"><span style=\"font-size: 15px;\">i\u015bcie <\/span><\/span>h\u0151kezelt.<\/em><\/span><\/strong><\/p>\n<p><strong><span style=\"color: #e87020; font-size: 15px;\"><em>Az \u00e1r 1 csomagra vonatkozik.<\/em><\/span><\/strong><\/p>\n<p><em><span style=\"color: #424242;\"><strong><span style=\"font-size: 15px;\">Sz\u00e1r\u00edtott t\u00f6lgy- \u00e9s ny\u00edrfalev\u00e9l, term\u00e9szetes \u00e9s kiv\u00e1l\u00f3 szubsztr\u00e1tadal\u00e9k viper\u00e1k, krokodilok, egzotikus cs\u00f3t\u00e1nyok, izop\u00f3d\u00e1k (prosionok, kul\u00e1kok) sz\u00e1m\u00e1ra, h\u0151kezelt, ritka \u00e9s ig\u00e9nyes fajok teny\u00e9szt\u00e9s\u00e9hez aj\u00e1nlott. A sz\u00e1r\u00edtott t\u00f6lgy- \u00e9s ny\u00edrfalevelek <\/span><\/strong><\/span><\/em><em><span style=\"color: #424242;\"><strong><span style=\"font-size: 15px;\">seg\u00edtenek a megfelel\u0151 mikrokl\u00edma fenntart\u00e1s\u00e1ban a terr\u00e1riumokban, \u00e9s dekorat\u00edv szerepet is bet\u00f6ltenek, term\u00e9szetes megjelen\u00e9st k\u00f6lcs\u00f6n\u00f6zve a terr\u00e1rium belsej\u00e9nek.<\/span><\/strong><\/span><\/em><\/p>\n","protected":false},"excerpt":{"rendered":"<ul class=\"product_attributes\">\n<li><span style=\"color: #555555;\">H\u0151kezelt<\/span><\/li>\n<li><span style=\"color: #555555;\">A csomag tartalmazza:<\/span> 250 ml<\/li>\n<li><span style=\"color: #555555;\">Az \u00e1r a k\u00f6vetkez\u0151kre vonatkozik:<\/span> 1 csomag.<\/li>\n<\/ul>\n","protected":false},"featured_media":12677,"template":"","meta":{"_acf_changed":false,"_links_to":"","_links_to_target":""},"product_cat":[195],"product_tag":[199,198,197],"class_list":{"0":"post-8365","1":"product","2":"type-product","3":"status-publish","4":"has-post-thumbnail","6":"product_cat-tartozekok","7":"product_tag-csotanyok-eseteben","8":"product_tag-izopodak-eseteben","9":"product_tag-mert-a-ravaszsagok","11":"first","12":"instock","13":"shipping-taxable","14":"purchasable","15":"product-type-simple"},"acf":[],"yoast_head":"<!-- This site is optimized with the Yoast SEO plugin v24.9 - https:\/\/yoast.com\/wordpress\/plugins\/seo\/ -->\n<title>Sz\u00e1r\u00edtott t\u00f6lgy- \u00e9s ny\u00edrfalevelek 250 mlizopoda, vipera, cs\u00f3t\u00e1nyok ellen. | MegaPets<\/title>\n<meta name=\"robots\" content=\"index, follow, max-snippet:-1, max-image-preview:large, max-video-preview:-1\" \/>\n<link rel=\"canonical\" href=\"https:\/\/megapets.eu\/hu\/tartozekok\/szaritott-tolgy-es-nyirfalevelek-250-mlizopoda-vipera-csotanyok-ellen\/\" \/>\n<meta property=\"og:locale\" content=\"hu_HU\" \/>\n<meta property=\"og:type\" content=\"article\" \/>\n<meta property=\"og:title\" content=\"Sz\u00e1r\u00edtott t\u00f6lgy- \u00e9s ny\u00edrfalevelek 250 mlizopoda, vipera, cs\u00f3t\u00e1nyok ellen. | MegaPets\" \/>\n<meta property=\"og:description\" content=\"H\u0151kezelt  A csomag tartalmazza: 250 ml  Az \u00e1r a k\u00f6vetkez\u0151kre vonatkozik: 1 csomag.\" \/>\n<meta property=\"og:url\" content=\"https:\/\/megapets.eu\/hu\/tartozekok\/szaritott-tolgy-es-nyirfalevelek-250-mlizopoda-vipera-csotanyok-ellen\/\" \/>\n<meta property=\"og:site_name\" content=\"MegaPets\" \/>\n<meta property=\"article:publisher\" content=\"https:\/\/www.facebook.com\/MegaPets.eu\/\" \/>\n<meta property=\"og:image\" content=\"https:\/\/megapets.eu\/wp-content\/uploads\/2024\/10\/IMG_2712-e1728378410557.jpg\" \/>\n\t<meta property=\"og:image:width\" content=\"1416\" \/>\n\t<meta property=\"og:image:height\" content=\"952\" \/>\n\t<meta property=\"og:image:type\" content=\"image\/jpeg\" \/>\n<meta name=\"twitter:card\" content=\"summary_large_image\" \/>\n<meta name=\"twitter:label1\" content=\"Becs\u00fclt olvas\u00e1si id\u0151\" \/>\n\t<meta name=\"twitter:data1\" content=\"1 perc\" \/>\n<script type=\"application\/ld+json\" class=\"yoast-schema-graph\">{\"@context\":\"https:\/\/schema.org\",\"@graph\":[{\"@type\":\"WebPage\",\"@id\":\"https:\/\/megapets.eu\/hu\/tartozekok\/szaritott-tolgy-es-nyirfalevelek-250-mlizopoda-vipera-csotanyok-ellen\/\",\"url\":\"https:\/\/megapets.eu\/hu\/tartozekok\/szaritott-tolgy-es-nyirfalevelek-250-mlizopoda-vipera-csotanyok-ellen\/\",\"name\":\"Sz\u00e1r\u00edtott t\u00f6lgy- \u00e9s ny\u00edrfalevelek 250 ml izopoda, vipera, cs\u00f3t\u00e1nyok ellen. | MegaPets\",\"isPartOf\":{\"@id\":\"https:\/\/megapets.eu\/hu\/#website\"},\"primaryImageOfPage\":{\"@id\":\"https:\/\/megapets.eu\/hu\/tartozekok\/szaritott-tolgy-es-nyirfalevelek-250-mlizopoda-vipera-csotanyok-ellen\/#primaryimage\"},\"image\":{\"@id\":\"https:\/\/megapets.eu\/hu\/tartozekok\/szaritott-tolgy-es-nyirfalevelek-250-mlizopoda-vipera-csotanyok-ellen\/#primaryimage\"},\"thumbnailUrl\":\"https:\/\/megapets.eu\/wp-content\/uploads\/2024\/10\/WEBP1.webp\",\"datePublished\":\"2024-10-08T09:05:58+00:00\",\"breadcrumb\":{\"@id\":\"https:\/\/megapets.eu\/hu\/tartozekok\/szaritott-tolgy-es-nyirfalevelek-250-mlizopoda-vipera-csotanyok-ellen\/#breadcrumb\"},\"inLanguage\":\"hu\",\"potentialAction\":[{\"@type\":\"ReadAction\",\"target\":[\"https:\/\/megapets.eu\/hu\/tartozekok\/szaritott-tolgy-es-nyirfalevelek-250-mlizopoda-vipera-csotanyok-ellen\/\"]}]},{\"@type\":\"ImageObject\",\"inLanguage\":\"hu\",\"@id\":\"https:\/\/megapets.eu\/hu\/tartozekok\/szaritott-tolgy-es-nyirfalevelek-250-mlizopoda-vipera-csotanyok-ellen\/#primaryimage\",\"url\":\"https:\/\/megapets.eu\/wp-content\/uploads\/2024\/10\/WEBP1.webp\",\"contentUrl\":\"https:\/\/megapets.eu\/wp-content\/uploads\/2024\/10\/WEBP1.webp\",\"width\":1536,\"height\":1024},{\"@type\":\"BreadcrumbList\",\"@id\":\"https:\/\/megapets.eu\/hu\/tartozekok\/szaritott-tolgy-es-nyirfalevelek-250-mlizopoda-vipera-csotanyok-ellen\/#breadcrumb\",\"itemListElement\":[{\"@type\":\"ListItem\",\"position\":1,\"name\":\"Strona g\u0142\u00f3wna\",\"item\":\"https:\/\/megapets.eu\/hu\/\"},{\"@type\":\"ListItem\",\"position\":2,\"name\":\"Bolt\",\"item\":\"https:\/\/megapets.eu\/bolt\/\"},{\"@type\":\"ListItem\",\"position\":3,\"name\":\"Sz\u00e1r\u00edtott t\u00f6lgy- \u00e9s ny\u00edrfalevelek 250 mlizopoda, vipera, cs\u00f3t\u00e1nyok ellen.\"}]},{\"@type\":\"WebSite\",\"@id\":\"https:\/\/megapets.eu\/hu\/#website\",\"url\":\"https:\/\/megapets.eu\/hu\/\",\"name\":\"Mega Pets\",\"description\":\"Jedna z najwi\u0119kszych hodowli \u015blimak\u00f3w w Europie\",\"publisher\":{\"@id\":\"https:\/\/megapets.eu\/hu\/#organization\"},\"alternateName\":\"Mega Pets\",\"potentialAction\":[{\"@type\":\"SearchAction\",\"target\":{\"@type\":\"EntryPoint\",\"urlTemplate\":\"https:\/\/megapets.eu\/hu\/?s={search_term_string}\"},\"query-input\":{\"@type\":\"PropertyValueSpecification\",\"valueRequired\":true,\"valueName\":\"search_term_string\"}}],\"inLanguage\":\"hu\"},{\"@type\":\"Organization\",\"@id\":\"https:\/\/megapets.eu\/hu\/#organization\",\"name\":\"Mega Pets\",\"url\":\"https:\/\/megapets.eu\/hu\/\",\"logo\":{\"@type\":\"ImageObject\",\"inLanguage\":\"hu\",\"@id\":\"https:\/\/megapets.eu\/hu\/#\/schema\/logo\/image\/\",\"url\":\"https:\/\/megapets.eu\/wp-content\/uploads\/2025\/04\/megapets_eu-logo.png\",\"contentUrl\":\"https:\/\/megapets.eu\/wp-content\/uploads\/2025\/04\/megapets_eu-logo.png\",\"width\":2362,\"height\":2362,\"caption\":\"Mega Pets\"},\"image\":{\"@id\":\"https:\/\/megapets.eu\/hu\/#\/schema\/logo\/image\/\"},\"sameAs\":[\"https:\/\/www.facebook.com\/MegaPets.eu\/\"]}]}<\/script>\n<!-- \/ Yoast SEO plugin. -->","yoast_head_json":{"title":"Sz\u00e1r\u00edtott t\u00f6lgy- \u00e9s ny\u00edrfalevelek 250 mlizopoda, vipera, cs\u00f3t\u00e1nyok ellen. | MegaPets","robots":{"index":"index","follow":"follow","max-snippet":"max-snippet:-1","max-image-preview":"max-image-preview:large","max-video-preview":"max-video-preview:-1"},"canonical":"https:\/\/megapets.eu\/hu\/tartozekok\/szaritott-tolgy-es-nyirfalevelek-250-mlizopoda-vipera-csotanyok-ellen\/","og_locale":"hu_HU","og_type":"article","og_title":"Sz\u00e1r\u00edtott t\u00f6lgy- \u00e9s ny\u00edrfalevelek 250 mlizopoda, vipera, cs\u00f3t\u00e1nyok ellen. | MegaPets","og_description":"H\u0151kezelt  A csomag tartalmazza: 250 ml  Az \u00e1r a k\u00f6vetkez\u0151kre vonatkozik: 1 csomag.","og_url":"https:\/\/megapets.eu\/hu\/tartozekok\/szaritott-tolgy-es-nyirfalevelek-250-mlizopoda-vipera-csotanyok-ellen\/","og_site_name":"MegaPets","article_publisher":"https:\/\/www.facebook.com\/MegaPets.eu\/","og_image":[{"width":1416,"height":952,"url":"https:\/\/megapets.eu\/wp-content\/uploads\/2024\/10\/IMG_2712-e1728378410557.jpg","type":"image\/jpeg"}],"twitter_card":"summary_large_image","twitter_misc":{"Becs\u00fclt olvas\u00e1si id\u0151":"1 perc"},"schema":{"@context":"https:\/\/schema.org","@graph":[{"@type":"WebPage","@id":"https:\/\/megapets.eu\/hu\/tartozekok\/szaritott-tolgy-es-nyirfalevelek-250-mlizopoda-vipera-csotanyok-ellen\/","url":"https:\/\/megapets.eu\/hu\/tartozekok\/szaritott-tolgy-es-nyirfalevelek-250-mlizopoda-vipera-csotanyok-ellen\/","name":"Sz\u00e1r\u00edtott t\u00f6lgy- \u00e9s ny\u00edrfalevelek 250 ml izopoda, vipera, cs\u00f3t\u00e1nyok ellen. | MegaPets","isPartOf":{"@id":"https:\/\/megapets.eu\/hu\/#website"},"primaryImageOfPage":{"@id":"https:\/\/megapets.eu\/hu\/tartozekok\/szaritott-tolgy-es-nyirfalevelek-250-mlizopoda-vipera-csotanyok-ellen\/#primaryimage"},"image":{"@id":"https:\/\/megapets.eu\/hu\/tartozekok\/szaritott-tolgy-es-nyirfalevelek-250-mlizopoda-vipera-csotanyok-ellen\/#primaryimage"},"thumbnailUrl":"https:\/\/megapets.eu\/wp-content\/uploads\/2024\/10\/WEBP1.webp","datePublished":"2024-10-08T09:05:58+00:00","breadcrumb":{"@id":"https:\/\/megapets.eu\/hu\/tartozekok\/szaritott-tolgy-es-nyirfalevelek-250-mlizopoda-vipera-csotanyok-ellen\/#breadcrumb"},"inLanguage":"hu","potentialAction":[{"@type":"ReadAction","target":["https:\/\/megapets.eu\/hu\/tartozekok\/szaritott-tolgy-es-nyirfalevelek-250-mlizopoda-vipera-csotanyok-ellen\/"]}]},{"@type":"ImageObject","inLanguage":"hu","@id":"https:\/\/megapets.eu\/hu\/tartozekok\/szaritott-tolgy-es-nyirfalevelek-250-mlizopoda-vipera-csotanyok-ellen\/#primaryimage","url":"https:\/\/megapets.eu\/wp-content\/uploads\/2024\/10\/WEBP1.webp","contentUrl":"https:\/\/megapets.eu\/wp-content\/uploads\/2024\/10\/WEBP1.webp","width":1536,"height":1024},{"@type":"BreadcrumbList","@id":"https:\/\/megapets.eu\/hu\/tartozekok\/szaritott-tolgy-es-nyirfalevelek-250-mlizopoda-vipera-csotanyok-ellen\/#breadcrumb","itemListElement":[{"@type":"ListItem","position":1,"name":"Strona g\u0142\u00f3wna","item":"https:\/\/megapets.eu\/hu\/"},{"@type":"ListItem","position":2,"name":"Bolt","item":"https:\/\/megapets.eu\/bolt\/"},{"@type":"ListItem","position":3,"name":"Sz\u00e1r\u00edtott t\u00f6lgy- \u00e9s ny\u00edrfalevelek 250 mlizopoda, vipera, cs\u00f3t\u00e1nyok ellen."}]},{"@type":"WebSite","@id":"https:\/\/megapets.eu\/hu\/#website","url":"https:\/\/megapets.eu\/hu\/","name":"Mega Pets","description":"Jedna z najwi\u0119kszych hodowli \u015blimak\u00f3w w Europie","publisher":{"@id":"https:\/\/megapets.eu\/hu\/#organization"},"alternateName":"Mega Pets","potentialAction":[{"@type":"SearchAction","target":{"@type":"EntryPoint","urlTemplate":"https:\/\/megapets.eu\/hu\/?s={search_term_string}"},"query-input":{"@type":"PropertyValueSpecification","valueRequired":true,"valueName":"search_term_string"}}],"inLanguage":"hu"},{"@type":"Organization","@id":"https:\/\/megapets.eu\/hu\/#organization","name":"Mega Pets","url":"https:\/\/megapets.eu\/hu\/","logo":{"@type":"ImageObject","inLanguage":"hu","@id":"https:\/\/megapets.eu\/hu\/#\/schema\/logo\/image\/","url":"https:\/\/megapets.eu\/wp-content\/uploads\/2025\/04\/megapets_eu-logo.png","contentUrl":"https:\/\/megapets.eu\/wp-content\/uploads\/2025\/04\/megapets_eu-logo.png","width":2362,"height":2362,"caption":"Mega Pets"},"image":{"@id":"https:\/\/megapets.eu\/hu\/#\/schema\/logo\/image\/"},"sameAs":["https:\/\/www.facebook.com\/MegaPets.eu\/"]}]}},"_links":{"self":[{"href":"https:\/\/megapets.eu\/hu\/wp-json\/wp\/v2\/product\/8365","targetHints":{"allow":["GET"]}}],"collection":[{"href":"https:\/\/megapets.eu\/hu\/wp-json\/wp\/v2\/product"}],"about":[{"href":"https:\/\/megapets.eu\/hu\/wp-json\/wp\/v2\/types\/product"}],"wp:featuredmedia":[{"embeddable":true,"href":"https:\/\/megapets.eu\/hu\/wp-json\/wp\/v2\/media\/12677"}],"wp:attachment":[{"href":"https:\/\/megapets.eu\/hu\/wp-json\/wp\/v2\/media?parent=8365"}],"wp:term":[{"taxonomy":"product_cat","embeddable":true,"href":"https:\/\/megapets.eu\/hu\/wp-json\/wp\/v2\/product_cat?post=8365"},{"taxonomy":"product_tag","embeddable":true,"href":"https:\/\/megapets.eu\/hu\/wp-json\/wp\/v2\/product_tag?post=8365"}],"curies":[{"name":"wp","href":"https:\/\/api.w.org\/{rel}","templated":true}]}}