{"id":8370,"date":"2024-10-04T07:54:58","date_gmt":"2024-10-04T07:54:58","guid":{"rendered":"https:\/\/megapets.eu\/nem-kategorizalt\/gammarus-csomagolas-szaritott-orolt-gammarus-25-g\/"},"modified":"2024-10-04T07:54:58","modified_gmt":"2024-10-04T07:54:58","slug":"gammarus-csomagolas-szaritott-orolt-gammarus-25-g","status":"publish","type":"product","link":"https:\/\/megapets.eu\/hu\/tartozekok\/gammarus-csomagolas-szaritott-orolt-gammarus-25-g\/","title":{"rendered":"&quot;Gammarus&quot; csomagol\u00e1s<br \/> sz\u00e1r\u00edtott, \u0151r\u00f6lt gammarus 25 g"},"content":{"rendered":"<p><strong><span style=\"color: #e87020; font-size: 15px;\"><em>&quot;Gammarus&quot; csomag sz\u00e1r\u00edtott, \u0151r\u00f6lt gammarus 25 g<\/em><\/span><\/strong><strong><span style=\"color: #e87020; font-size: 15px;\"><em> Egy csomag 25 g \u0151r\u00f6lt gammarust tartalmaz.<\/em><\/span><\/strong><strong><span style=\"color: #e87020; font-size: 15px;\"><em> \u00d6sszetev\u0151k: 100% term\u00e9szetes, sz\u00e1r\u00edtott gammarus.<\/em><\/span><\/strong><strong><span style=\"color: #e87020; font-size: 15px;\"><em> Az \u00e1r 1 csomagra vonatkozik.<\/em><\/span><\/strong><em><span style=\"color: #424242;\"><strong><span style=\"font-size: 15px;\"> A Gammarus talaj sz\u00e1r\u00edtott gammarus, gazdag makro- \u00e9s mikroelemekben, term\u00e9szetes \u00e1llati feh\u00e9rje- \u00e9s kitinforr\u00e1s. A Gammarus ide\u00e1lis nemcsak egzotikus csig\u00e1k, hanem m\u00e1s terr\u00e1riumi \u00e1llatok, p\u00e9ld\u00e1ul sz\u00e1zl\u00e1b\u00faak, ezerl\u00e1b\u00faak, egzotikus cs\u00f3t\u00e1nyok stb. teny\u00e9szt\u00e9s\u00e9re is. <\/span><\/strong><\/span><\/em><em><span style=\"color: #424242;\"><strong><span style=\"font-size: 15px;\"> Az \u0151r\u00f6lt gammarust kedvence k\u00f6nnyen beveheti \u00e9s adagolhatja. <\/span><\/strong><\/span><\/em><em><span style=\"color: #424242;\"><strong><span style=\"font-size: 15px;\"> Adagol\u00e1s: sz\u00f3rjon az eledel egy r\u00e9sz\u00e9t \u0151r\u00f6lt csigaf\u00e9l\u00e9kkel. Ha kedvence egzotikus csiga, akkor nem aj\u00e1nlott hetente egyn\u00e9l gyakrabban \u00e1llati feh\u00e9rj\u00e9t adni neki. A k\u00f6vetkez\u0151 etet\u00e9s sor\u00e1n jobb, ha sz\u00fcnetet tart a csigaf\u00e9l\u00e9k etet\u00e9s\u00e9ben, \u00e9s m\u00e1s t\u00edpus\u00fa t\u00e1pl\u00e1l\u00e9kkieg\u00e9sz\u00edt\u0151ket k\u00edn\u00e1l kedvenc\u00e9nek, pl. &quot;Feh\u00e9rje \u00e9s vitamin&quot; gabonakever\u00e9ket vagy &quot;Egzotikus gy\u00f3gyn\u00f6v\u00e9nykever\u00e9ket&quot;. <\/span><\/strong><\/span><\/em><em><span style=\"color: #424242;\"><strong><span style=\"font-size: 15px;\"> Aj\u00e1nlott t\u00e1pl\u00e1l\u00e9kkieg\u00e9sz\u00edt\u0151ink, amelyek m\u00e9g a legig\u00e9nyesebb fajok \u00e9rt\u00e9kes t\u00e1panyagig\u00e9ny\u00e9t is k\u00e9pesek kiel\u00e9g\u00edteni: &quot;Feh\u00e9rje \u00e9s vitamin&quot;, Egzotikus gy\u00f3gyn\u00f6v\u00e9nykever\u00e9k, \u0151r\u00f6lt gammarus. Javasoljuk a t\u00e1pl\u00e1l\u00e9kkieg\u00e9sz\u00edt\u0151k felv\u00e1ltva t\u00f6rt\u00e9n\u0151 haszn\u00e1lat\u00e1t, aminek k\u00f6sz\u00f6nhet\u0151en a kedvenc \u00e9trendje v\u00e1ltozatos \u00e9s teljes \u00e9rt\u00e9k\u0171 marad.<\/span><\/strong><\/span><\/em><\/p>\n","protected":false},"excerpt":{"rendered":"<ul class=\"product_attributes\">\n<li><span style=\"color: #555555;\">\u00d6sszet\u00e9tel:<\/span> 100%-ban term\u00e9szetes gammarus<\/li>\n<li><span style=\"color: #555555;\"> A csomag tartalma:<\/span> 25 g<\/li>\n<li><span style=\"color: #555555;\"> Az \u00e1r a k\u00f6vetkez\u0151kre vonatkozik:<\/span> 1 csomag<\/li>\n<\/ul>\n","protected":false},"featured_media":8372,"template":"","meta":{"_acf_changed":false,"_links_to":"","_links_to_target":""},"product_cat":[195],"product_tag":[196,199,198,197],"class_list":{"0":"post-8370","1":"product","2":"type-product","3":"status-publish","4":"has-post-thumbnail","6":"product_cat-tartozekok","7":"product_tag-csigak-szamara","8":"product_tag-csotanyok-eseteben","9":"product_tag-izopodak-eseteben","10":"product_tag-mert-a-ravaszsagok","12":"first","13":"instock","14":"shipping-taxable","15":"purchasable","16":"product-type-simple"},"acf":[],"yoast_head":"<!-- This site is optimized with the Yoast SEO plugin v24.9 - https:\/\/yoast.com\/wordpress\/plugins\/seo\/ -->\n<title>&quot;Gammarus&quot; csomagol\u00e1s sz\u00e1r\u00edtott, \u0151r\u00f6lt gammarus 25 g | MegaPets<\/title>\n<meta name=\"robots\" content=\"index, follow, max-snippet:-1, max-image-preview:large, max-video-preview:-1\" \/>\n<link rel=\"canonical\" href=\"https:\/\/megapets.eu\/hu\/tartozekok\/gammarus-csomagolas-szaritott-orolt-gammarus-25-g\/\" \/>\n<meta property=\"og:locale\" content=\"hu_HU\" \/>\n<meta property=\"og:type\" content=\"article\" \/>\n<meta property=\"og:title\" content=\"&quot;Gammarus&quot; csomagol\u00e1s sz\u00e1r\u00edtott, \u0151r\u00f6lt gammarus 25 g | MegaPets\" \/>\n<meta property=\"og:description\" content=\"\u00d6sszet\u00e9tel: 100%-ban term\u00e9szetes gammarus A csomag tartalma: 25 g Az \u00e1r a k\u00f6vetkez\u0151kre vonatkozik: 1 csomag\" \/>\n<meta property=\"og:url\" content=\"https:\/\/megapets.eu\/hu\/tartozekok\/gammarus-csomagolas-szaritott-orolt-gammarus-25-g\/\" \/>\n<meta property=\"og:site_name\" content=\"MegaPets\" \/>\n<meta property=\"article:publisher\" content=\"https:\/\/www.facebook.com\/MegaPets.eu\/\" \/>\n<meta property=\"og:image\" content=\"https:\/\/megapets.eu\/wp-content\/uploads\/2024\/10\/IMG_20200808_194545-1024x812.png\" \/>\n\t<meta property=\"og:image:width\" content=\"1024\" \/>\n\t<meta property=\"og:image:height\" content=\"812\" \/>\n\t<meta property=\"og:image:type\" content=\"image\/png\" \/>\n<meta name=\"twitter:card\" content=\"summary_large_image\" \/>\n<meta name=\"twitter:label1\" content=\"Becs\u00fclt olvas\u00e1si id\u0151\" \/>\n\t<meta name=\"twitter:data1\" content=\"1 perc\" \/>\n<script type=\"application\/ld+json\" class=\"yoast-schema-graph\">{\"@context\":\"https:\/\/schema.org\",\"@graph\":[{\"@type\":\"WebPage\",\"@id\":\"https:\/\/megapets.eu\/hu\/tartozekok\/gammarus-csomagolas-szaritott-orolt-gammarus-25-g\/\",\"url\":\"https:\/\/megapets.eu\/hu\/tartozekok\/gammarus-csomagolas-szaritott-orolt-gammarus-25-g\/\",\"name\":\"&quot;Gammarus&quot; csomagol\u00e1s sz\u00e1r\u00edtott, \u0151r\u00f6lt gammarus 25 g | MegaPets\",\"isPartOf\":{\"@id\":\"https:\/\/megapets.eu\/hu\/#website\"},\"primaryImageOfPage\":{\"@id\":\"https:\/\/megapets.eu\/hu\/tartozekok\/gammarus-csomagolas-szaritott-orolt-gammarus-25-g\/#primaryimage\"},\"image\":{\"@id\":\"https:\/\/megapets.eu\/hu\/tartozekok\/gammarus-csomagolas-szaritott-orolt-gammarus-25-g\/#primaryimage\"},\"thumbnailUrl\":\"https:\/\/megapets.eu\/wp-content\/uploads\/2024\/10\/IMG_20200808_194545.png\",\"datePublished\":\"2024-10-04T07:54:58+00:00\",\"breadcrumb\":{\"@id\":\"https:\/\/megapets.eu\/hu\/tartozekok\/gammarus-csomagolas-szaritott-orolt-gammarus-25-g\/#breadcrumb\"},\"inLanguage\":\"hu\",\"potentialAction\":[{\"@type\":\"ReadAction\",\"target\":[\"https:\/\/megapets.eu\/hu\/tartozekok\/gammarus-csomagolas-szaritott-orolt-gammarus-25-g\/\"]}]},{\"@type\":\"ImageObject\",\"inLanguage\":\"hu\",\"@id\":\"https:\/\/megapets.eu\/hu\/tartozekok\/gammarus-csomagolas-szaritott-orolt-gammarus-25-g\/#primaryimage\",\"url\":\"https:\/\/megapets.eu\/wp-content\/uploads\/2024\/10\/IMG_20200808_194545.png\",\"contentUrl\":\"https:\/\/megapets.eu\/wp-content\/uploads\/2024\/10\/IMG_20200808_194545.png\",\"width\":3068,\"height\":2434},{\"@type\":\"BreadcrumbList\",\"@id\":\"https:\/\/megapets.eu\/hu\/tartozekok\/gammarus-csomagolas-szaritott-orolt-gammarus-25-g\/#breadcrumb\",\"itemListElement\":[{\"@type\":\"ListItem\",\"position\":1,\"name\":\"Strona g\u0142\u00f3wna\",\"item\":\"https:\/\/megapets.eu\/hu\/\"},{\"@type\":\"ListItem\",\"position\":2,\"name\":\"Bolt\",\"item\":\"https:\/\/megapets.eu\/bolt\/\"},{\"@type\":\"ListItem\",\"position\":3,\"name\":\"&quot;Gammarus&quot; csomagol\u00e1s sz\u00e1r\u00edtott, \u0151r\u00f6lt gammarus 25 g\"}]},{\"@type\":\"WebSite\",\"@id\":\"https:\/\/megapets.eu\/hu\/#website\",\"url\":\"https:\/\/megapets.eu\/hu\/\",\"name\":\"Mega Pets\",\"description\":\"Jedna z najwi\u0119kszych hodowli \u015blimak\u00f3w w Europie\",\"publisher\":{\"@id\":\"https:\/\/megapets.eu\/hu\/#organization\"},\"alternateName\":\"Mega Pets\",\"potentialAction\":[{\"@type\":\"SearchAction\",\"target\":{\"@type\":\"EntryPoint\",\"urlTemplate\":\"https:\/\/megapets.eu\/hu\/?s={search_term_string}\"},\"query-input\":{\"@type\":\"PropertyValueSpecification\",\"valueRequired\":true,\"valueName\":\"search_term_string\"}}],\"inLanguage\":\"hu\"},{\"@type\":\"Organization\",\"@id\":\"https:\/\/megapets.eu\/hu\/#organization\",\"name\":\"Mega Pets\",\"url\":\"https:\/\/megapets.eu\/hu\/\",\"logo\":{\"@type\":\"ImageObject\",\"inLanguage\":\"hu\",\"@id\":\"https:\/\/megapets.eu\/hu\/#\/schema\/logo\/image\/\",\"url\":\"https:\/\/megapets.eu\/wp-content\/uploads\/2025\/04\/megapets_eu-logo.png\",\"contentUrl\":\"https:\/\/megapets.eu\/wp-content\/uploads\/2025\/04\/megapets_eu-logo.png\",\"width\":2362,\"height\":2362,\"caption\":\"Mega Pets\"},\"image\":{\"@id\":\"https:\/\/megapets.eu\/hu\/#\/schema\/logo\/image\/\"},\"sameAs\":[\"https:\/\/www.facebook.com\/MegaPets.eu\/\"]}]}<\/script>\n<!-- \/ Yoast SEO plugin. -->","yoast_head_json":{"title":"&quot;Gammarus&quot; csomagol\u00e1s sz\u00e1r\u00edtott, \u0151r\u00f6lt gammarus 25 g | MegaPets","robots":{"index":"index","follow":"follow","max-snippet":"max-snippet:-1","max-image-preview":"max-image-preview:large","max-video-preview":"max-video-preview:-1"},"canonical":"https:\/\/megapets.eu\/hu\/tartozekok\/gammarus-csomagolas-szaritott-orolt-gammarus-25-g\/","og_locale":"hu_HU","og_type":"article","og_title":"&quot;Gammarus&quot; csomagol\u00e1s sz\u00e1r\u00edtott, \u0151r\u00f6lt gammarus 25 g | MegaPets","og_description":"\u00d6sszet\u00e9tel: 100%-ban term\u00e9szetes gammarus A csomag tartalma: 25 g Az \u00e1r a k\u00f6vetkez\u0151kre vonatkozik: 1 csomag","og_url":"https:\/\/megapets.eu\/hu\/tartozekok\/gammarus-csomagolas-szaritott-orolt-gammarus-25-g\/","og_site_name":"MegaPets","article_publisher":"https:\/\/www.facebook.com\/MegaPets.eu\/","og_image":[{"width":1024,"height":812,"url":"https:\/\/megapets.eu\/wp-content\/uploads\/2024\/10\/IMG_20200808_194545-1024x812.png","type":"image\/png"}],"twitter_card":"summary_large_image","twitter_misc":{"Becs\u00fclt olvas\u00e1si id\u0151":"1 perc"},"schema":{"@context":"https:\/\/schema.org","@graph":[{"@type":"WebPage","@id":"https:\/\/megapets.eu\/hu\/tartozekok\/gammarus-csomagolas-szaritott-orolt-gammarus-25-g\/","url":"https:\/\/megapets.eu\/hu\/tartozekok\/gammarus-csomagolas-szaritott-orolt-gammarus-25-g\/","name":"&quot;Gammarus&quot; csomagol\u00e1s sz\u00e1r\u00edtott, \u0151r\u00f6lt gammarus 25 g | MegaPets","isPartOf":{"@id":"https:\/\/megapets.eu\/hu\/#website"},"primaryImageOfPage":{"@id":"https:\/\/megapets.eu\/hu\/tartozekok\/gammarus-csomagolas-szaritott-orolt-gammarus-25-g\/#primaryimage"},"image":{"@id":"https:\/\/megapets.eu\/hu\/tartozekok\/gammarus-csomagolas-szaritott-orolt-gammarus-25-g\/#primaryimage"},"thumbnailUrl":"https:\/\/megapets.eu\/wp-content\/uploads\/2024\/10\/IMG_20200808_194545.png","datePublished":"2024-10-04T07:54:58+00:00","breadcrumb":{"@id":"https:\/\/megapets.eu\/hu\/tartozekok\/gammarus-csomagolas-szaritott-orolt-gammarus-25-g\/#breadcrumb"},"inLanguage":"hu","potentialAction":[{"@type":"ReadAction","target":["https:\/\/megapets.eu\/hu\/tartozekok\/gammarus-csomagolas-szaritott-orolt-gammarus-25-g\/"]}]},{"@type":"ImageObject","inLanguage":"hu","@id":"https:\/\/megapets.eu\/hu\/tartozekok\/gammarus-csomagolas-szaritott-orolt-gammarus-25-g\/#primaryimage","url":"https:\/\/megapets.eu\/wp-content\/uploads\/2024\/10\/IMG_20200808_194545.png","contentUrl":"https:\/\/megapets.eu\/wp-content\/uploads\/2024\/10\/IMG_20200808_194545.png","width":3068,"height":2434},{"@type":"BreadcrumbList","@id":"https:\/\/megapets.eu\/hu\/tartozekok\/gammarus-csomagolas-szaritott-orolt-gammarus-25-g\/#breadcrumb","itemListElement":[{"@type":"ListItem","position":1,"name":"Strona g\u0142\u00f3wna","item":"https:\/\/megapets.eu\/hu\/"},{"@type":"ListItem","position":2,"name":"Bolt","item":"https:\/\/megapets.eu\/bolt\/"},{"@type":"ListItem","position":3,"name":"&quot;Gammarus&quot; csomagol\u00e1s sz\u00e1r\u00edtott, \u0151r\u00f6lt gammarus 25 g"}]},{"@type":"WebSite","@id":"https:\/\/megapets.eu\/hu\/#website","url":"https:\/\/megapets.eu\/hu\/","name":"Mega Pets","description":"Jedna z najwi\u0119kszych hodowli \u015blimak\u00f3w w Europie","publisher":{"@id":"https:\/\/megapets.eu\/hu\/#organization"},"alternateName":"Mega Pets","potentialAction":[{"@type":"SearchAction","target":{"@type":"EntryPoint","urlTemplate":"https:\/\/megapets.eu\/hu\/?s={search_term_string}"},"query-input":{"@type":"PropertyValueSpecification","valueRequired":true,"valueName":"search_term_string"}}],"inLanguage":"hu"},{"@type":"Organization","@id":"https:\/\/megapets.eu\/hu\/#organization","name":"Mega Pets","url":"https:\/\/megapets.eu\/hu\/","logo":{"@type":"ImageObject","inLanguage":"hu","@id":"https:\/\/megapets.eu\/hu\/#\/schema\/logo\/image\/","url":"https:\/\/megapets.eu\/wp-content\/uploads\/2025\/04\/megapets_eu-logo.png","contentUrl":"https:\/\/megapets.eu\/wp-content\/uploads\/2025\/04\/megapets_eu-logo.png","width":2362,"height":2362,"caption":"Mega Pets"},"image":{"@id":"https:\/\/megapets.eu\/hu\/#\/schema\/logo\/image\/"},"sameAs":["https:\/\/www.facebook.com\/MegaPets.eu\/"]}]}},"_links":{"self":[{"href":"https:\/\/megapets.eu\/hu\/wp-json\/wp\/v2\/product\/8370","targetHints":{"allow":["GET"]}}],"collection":[{"href":"https:\/\/megapets.eu\/hu\/wp-json\/wp\/v2\/product"}],"about":[{"href":"https:\/\/megapets.eu\/hu\/wp-json\/wp\/v2\/types\/product"}],"wp:featuredmedia":[{"embeddable":true,"href":"https:\/\/megapets.eu\/hu\/wp-json\/wp\/v2\/media\/8372"}],"wp:attachment":[{"href":"https:\/\/megapets.eu\/hu\/wp-json\/wp\/v2\/media?parent=8370"}],"wp:term":[{"taxonomy":"product_cat","embeddable":true,"href":"https:\/\/megapets.eu\/hu\/wp-json\/wp\/v2\/product_cat?post=8370"},{"taxonomy":"product_tag","embeddable":true,"href":"https:\/\/megapets.eu\/hu\/wp-json\/wp\/v2\/product_tag?post=8370"}],"curies":[{"name":"wp","href":"https:\/\/api.w.org\/{rel}","templated":true}]}}