{"id":9548,"date":"2025-07-08T11:44:18","date_gmt":"2025-07-08T11:44:18","guid":{"rendered":"https:\/\/megapets.eu\/?post_type=product&#038;p=9548"},"modified":"2025-07-15T06:51:22","modified_gmt":"2025-07-15T06:51:22","slug":"spiropoeus-fischeriorias-fekete-krokodil-kopia","status":"publish","type":"product","link":"https:\/\/megapets.eu\/hu\/wije-hu\/spiropoeus-fischeriorias-fekete-krokodil-kopia\/","title":{"rendered":"Spiropoeus fischeri<br>&#8222;\u00d3ri\u00e1s fekete ezerl\u00e1b\u00fa\u201e"},"content":{"rendered":"<p class=\"v1v1v1v1MsoNormal\"><span style=\"color: #333333;\"><strong><em><span style=\"font-size: 15px;\">Faj: <\/span><\/em><\/strong><\/span><span style=\"color: #000000;\"><strong><em><span style=\"font-size: 15px;\">Sz\u00e1zl\u00e1b\u00fa Spiropoeus fischeri &#8222;\u00d3ri\u00e1s fekete ezerl\u00e1b\u00fa\u201e. <\/span><\/em><\/strong><\/span> <\/p>\n<p class=\"v1v1v1v1MsoNormal\"><span style=\"color: #333333;\"><strong><em><span style=\"font-size: 15px;\">K\u00f6nnyen karbantarthat\u00f3, \u00edgy kezd\u0151knek is kiv\u00e1l\u00f3ak.<\/span><\/em><\/strong><\/span><\/p>\n<p><span style=\"font-size: 15px;\"><em><strong><span style=\"color: #000000;\"><span style=\"color: #333333;\">\u00d3ri\u00e1s Spiropoeus fischeri<\/span> C\ud83d\udda4Z\ud83d\udda4A\ud83d\udda4R\ud83d\udda4N\ud83d\udda4Y <\/span><span style=\"color: #333333;\">ezerl\u00e1b\u00fa, c\u00e9lm\u00e9rete kb. 20 cm.<\/span><\/strong><\/em><\/span><\/p>\n<p><strong style=\"color: #424242;\"><em><span style=\"font-size: 15px;\"><span style=\"color: #424242;\"><span class=\"x1xsqp64 xiy17q3 x1o6pynw x19co3pv xdj266r xcwd3tp xat24cr x39eecv x2b8uid\" data-testid=\"emoji\"><span class=\"xexx8yu xn5pp95 x18d9i69 x2fxd7x x3jgonx x1bhl96m\">\ud83d\udda4\ud83d\udda4\ud83d\udda4  <\/span><\/span><\/span><\/span><span style=\"font-size: 15px;\"><span style=\"color: #424242;\"><strong><span style=\"color: #333333;\">Valami sz\u00f3rakoztat\u00f3 teny\u00e9szt\u00e9st keresel kezd\u00e9sk\u00e9nt?<\/span> <\/strong><\/span> <span style=\"color: #000000;\"><strong>Sz\u00e1zl\u00e1b\u00faak (Spiropoeus fischeri)<\/strong><strong> <\/strong>Gy\u00f6ny\u00f6r\u0171 \u00e9s k\u00f6nnyen gondozhat\u00f3 l\u00e9nyek, teljesen biztons\u00e1gosak az emberek sz\u00e1m\u00e1ra, nem harapnak. Gyenge \u00e1llkapcsuk van, amely alkalmazkodik a n\u00f6v\u00e9nyi anyagok \u00f6sszez\u00faz\u00e1s\u00e1hoz. A sz\u00e1zl\u00e1b\u00faak a nedves helyeket r\u00e9szes\u00edtik el\u0151nyben, a szubsztr\u00e1tum fels\u0151 r\u00e9teg\u00e9ben \u00e9lnek, \u00e9s levelekkel, sz\u00e1zl\u00e1b\u00faak teny\u00e9szt\u00e9s\u00e9re sz\u00e1nt t\u00f6bbkomponens\u0171 szubsztr\u00e1tummal, valamint z\u00f6lds\u00e9gekkel \u00e9s gy\u00fcm\u00f6lcs\u00f6kkel t\u00e1pl\u00e1lkoznak.    <\/span><\/span><\/em><\/strong><\/p>\n","protected":false},"excerpt":{"rendered":"<ul>\n<li>C\u00e9l m\u00e9rete:\n<ul>\n<li>kb. 20 cm <\/li>\n<\/ul>\n<\/li>\n<li>Felaj\u00e1nlott egy\u00e9nileg:\n<ul>\n<li>kb. 10-15 cm <\/li>\n<\/ul>\n<\/li>\n<li>Az \u00e1r a k\u00f6vetkez\u0151kre vonatkozik:\n<ul>\n<li>1 darab<\/li>\n<\/ul>\n<\/li>\n<\/ul>\n","protected":false},"featured_media":8037,"template":"","meta":{"_acf_changed":false,"_links_to":"","_links_to_target":""},"product_cat":[194],"product_tag":[],"class_list":{"0":"post-9548","1":"product","2":"type-product","3":"status-publish","4":"has-post-thumbnail","6":"product_cat-wije-hu","8":"first","9":"outofstock","10":"shipping-taxable","11":"purchasable","12":"product-type-simple"},"acf":[],"yoast_head":"<!-- This site is optimized with the Yoast SEO plugin v24.9 - https:\/\/yoast.com\/wordpress\/plugins\/seo\/ -->\n<title>Spiropoeus fischeri&quot;\u00d3ri\u00e1s fekete ezerl\u00e1b\u00fa&quot; | MegaPets<\/title>\n<meta name=\"robots\" content=\"index, follow, max-snippet:-1, max-image-preview:large, max-video-preview:-1\" \/>\n<link rel=\"canonical\" href=\"https:\/\/megapets.eu\/hu\/wije-hu\/spiropoeus-fischeriorias-fekete-krokodil-kopia\/\" \/>\n<meta property=\"og:locale\" content=\"hu_HU\" \/>\n<meta property=\"og:type\" content=\"article\" \/>\n<meta property=\"og:title\" content=\"Spiropoeus fischeri&quot;\u00d3ri\u00e1s fekete ezerl\u00e1b\u00fa&quot; | MegaPets\" \/>\n<meta property=\"og:description\" content=\"C\u00e9l m\u00e9rete:  kb. 20 cm   Felaj\u00e1nlott egy\u00e9nileg:  kb. 10-15 cm   Az \u00e1r a k\u00f6vetkez\u0151kre vonatkozik:  1 darab\" \/>\n<meta property=\"og:url\" content=\"https:\/\/megapets.eu\/hu\/wije-hu\/spiropoeus-fischeriorias-fekete-krokodil-kopia\/\" \/>\n<meta property=\"og:site_name\" content=\"MegaPets\" \/>\n<meta property=\"article:publisher\" content=\"https:\/\/www.facebook.com\/MegaPets.eu\/\" \/>\n<meta property=\"article:modified_time\" content=\"2025-07-15T06:51:22+00:00\" \/>\n<meta property=\"og:image\" content=\"https:\/\/megapets.eu\/wp-content\/uploads\/2024\/10\/IMG_20220926_125351-scaled.jpg\" \/>\n\t<meta property=\"og:image:width\" content=\"2560\" \/>\n\t<meta property=\"og:image:height\" content=\"1706\" \/>\n\t<meta property=\"og:image:type\" content=\"image\/jpeg\" \/>\n<meta name=\"twitter:card\" content=\"summary_large_image\" \/>\n<meta name=\"twitter:label1\" content=\"Becs\u00fclt olvas\u00e1si id\u0151\" \/>\n\t<meta name=\"twitter:data1\" content=\"1 perc\" \/>\n<script type=\"application\/ld+json\" class=\"yoast-schema-graph\">{\"@context\":\"https:\/\/schema.org\",\"@graph\":[{\"@type\":\"WebPage\",\"@id\":\"https:\/\/megapets.eu\/hu\/wije-hu\/spiropoeus-fischeriorias-fekete-krokodil-kopia\/\",\"url\":\"https:\/\/megapets.eu\/hu\/wije-hu\/spiropoeus-fischeriorias-fekete-krokodil-kopia\/\",\"name\":\"Spiropoeus fischeri \\\"\u00d3ri\u00e1s fekete ezerl\u00e1b\u00fa\\\" | MegaPets\",\"isPartOf\":{\"@id\":\"https:\/\/megapets.eu\/hu\/#website\"},\"primaryImageOfPage\":{\"@id\":\"https:\/\/megapets.eu\/hu\/wije-hu\/spiropoeus-fischeriorias-fekete-krokodil-kopia\/#primaryimage\"},\"image\":{\"@id\":\"https:\/\/megapets.eu\/hu\/wije-hu\/spiropoeus-fischeriorias-fekete-krokodil-kopia\/#primaryimage\"},\"thumbnailUrl\":\"https:\/\/megapets.eu\/wp-content\/uploads\/2024\/10\/IMG_20220926_125351-scaled.jpg\",\"datePublished\":\"2025-07-08T11:44:18+00:00\",\"dateModified\":\"2025-07-15T06:51:22+00:00\",\"breadcrumb\":{\"@id\":\"https:\/\/megapets.eu\/hu\/wije-hu\/spiropoeus-fischeriorias-fekete-krokodil-kopia\/#breadcrumb\"},\"inLanguage\":\"hu\",\"potentialAction\":[{\"@type\":\"ReadAction\",\"target\":[\"https:\/\/megapets.eu\/hu\/wije-hu\/spiropoeus-fischeriorias-fekete-krokodil-kopia\/\"]}]},{\"@type\":\"ImageObject\",\"inLanguage\":\"hu\",\"@id\":\"https:\/\/megapets.eu\/hu\/wije-hu\/spiropoeus-fischeriorias-fekete-krokodil-kopia\/#primaryimage\",\"url\":\"https:\/\/megapets.eu\/wp-content\/uploads\/2024\/10\/IMG_20220926_125351-scaled.jpg\",\"contentUrl\":\"https:\/\/megapets.eu\/wp-content\/uploads\/2024\/10\/IMG_20220926_125351-scaled.jpg\",\"width\":2560,\"height\":1706},{\"@type\":\"BreadcrumbList\",\"@id\":\"https:\/\/megapets.eu\/hu\/wije-hu\/spiropoeus-fischeriorias-fekete-krokodil-kopia\/#breadcrumb\",\"itemListElement\":[{\"@type\":\"ListItem\",\"position\":1,\"name\":\"Strona g\u0142\u00f3wna\",\"item\":\"https:\/\/megapets.eu\/hu\/\"},{\"@type\":\"ListItem\",\"position\":2,\"name\":\"Bolt\",\"item\":\"https:\/\/megapets.eu\/bolt\/\"},{\"@type\":\"ListItem\",\"position\":3,\"name\":\"Spiropoeus fischeri&#8222;\u00d3ri\u00e1s fekete ezerl\u00e1b\u00fa\\\"\"}]},{\"@type\":\"WebSite\",\"@id\":\"https:\/\/megapets.eu\/hu\/#website\",\"url\":\"https:\/\/megapets.eu\/hu\/\",\"name\":\"Mega Pets\",\"description\":\"Jedna z najwi\u0119kszych hodowli \u015blimak\u00f3w w Europie\",\"publisher\":{\"@id\":\"https:\/\/megapets.eu\/hu\/#organization\"},\"alternateName\":\"Mega Pets\",\"potentialAction\":[{\"@type\":\"SearchAction\",\"target\":{\"@type\":\"EntryPoint\",\"urlTemplate\":\"https:\/\/megapets.eu\/hu\/?s={search_term_string}\"},\"query-input\":{\"@type\":\"PropertyValueSpecification\",\"valueRequired\":true,\"valueName\":\"search_term_string\"}}],\"inLanguage\":\"hu\"},{\"@type\":\"Organization\",\"@id\":\"https:\/\/megapets.eu\/hu\/#organization\",\"name\":\"Mega Pets\",\"url\":\"https:\/\/megapets.eu\/hu\/\",\"logo\":{\"@type\":\"ImageObject\",\"inLanguage\":\"hu\",\"@id\":\"https:\/\/megapets.eu\/hu\/#\/schema\/logo\/image\/\",\"url\":\"https:\/\/megapets.eu\/wp-content\/uploads\/2025\/04\/megapets_eu-logo.png\",\"contentUrl\":\"https:\/\/megapets.eu\/wp-content\/uploads\/2025\/04\/megapets_eu-logo.png\",\"width\":2362,\"height\":2362,\"caption\":\"Mega Pets\"},\"image\":{\"@id\":\"https:\/\/megapets.eu\/hu\/#\/schema\/logo\/image\/\"},\"sameAs\":[\"https:\/\/www.facebook.com\/MegaPets.eu\/\"]}]}<\/script>\n<!-- \/ Yoast SEO plugin. -->","yoast_head_json":{"title":"Spiropoeus fischeri\"\u00d3ri\u00e1s fekete ezerl\u00e1b\u00fa\" | MegaPets","robots":{"index":"index","follow":"follow","max-snippet":"max-snippet:-1","max-image-preview":"max-image-preview:large","max-video-preview":"max-video-preview:-1"},"canonical":"https:\/\/megapets.eu\/hu\/wije-hu\/spiropoeus-fischeriorias-fekete-krokodil-kopia\/","og_locale":"hu_HU","og_type":"article","og_title":"Spiropoeus fischeri\"\u00d3ri\u00e1s fekete ezerl\u00e1b\u00fa\" | MegaPets","og_description":"C\u00e9l m\u00e9rete:  kb. 20 cm   Felaj\u00e1nlott egy\u00e9nileg:  kb. 10-15 cm   Az \u00e1r a k\u00f6vetkez\u0151kre vonatkozik:  1 darab","og_url":"https:\/\/megapets.eu\/hu\/wije-hu\/spiropoeus-fischeriorias-fekete-krokodil-kopia\/","og_site_name":"MegaPets","article_publisher":"https:\/\/www.facebook.com\/MegaPets.eu\/","article_modified_time":"2025-07-15T06:51:22+00:00","og_image":[{"width":2560,"height":1706,"url":"https:\/\/megapets.eu\/wp-content\/uploads\/2024\/10\/IMG_20220926_125351-scaled.jpg","type":"image\/jpeg"}],"twitter_card":"summary_large_image","twitter_misc":{"Becs\u00fclt olvas\u00e1si id\u0151":"1 perc"},"schema":{"@context":"https:\/\/schema.org","@graph":[{"@type":"WebPage","@id":"https:\/\/megapets.eu\/hu\/wije-hu\/spiropoeus-fischeriorias-fekete-krokodil-kopia\/","url":"https:\/\/megapets.eu\/hu\/wije-hu\/spiropoeus-fischeriorias-fekete-krokodil-kopia\/","name":"Spiropoeus fischeri \"\u00d3ri\u00e1s fekete ezerl\u00e1b\u00fa\" | MegaPets","isPartOf":{"@id":"https:\/\/megapets.eu\/hu\/#website"},"primaryImageOfPage":{"@id":"https:\/\/megapets.eu\/hu\/wije-hu\/spiropoeus-fischeriorias-fekete-krokodil-kopia\/#primaryimage"},"image":{"@id":"https:\/\/megapets.eu\/hu\/wije-hu\/spiropoeus-fischeriorias-fekete-krokodil-kopia\/#primaryimage"},"thumbnailUrl":"https:\/\/megapets.eu\/wp-content\/uploads\/2024\/10\/IMG_20220926_125351-scaled.jpg","datePublished":"2025-07-08T11:44:18+00:00","dateModified":"2025-07-15T06:51:22+00:00","breadcrumb":{"@id":"https:\/\/megapets.eu\/hu\/wije-hu\/spiropoeus-fischeriorias-fekete-krokodil-kopia\/#breadcrumb"},"inLanguage":"hu","potentialAction":[{"@type":"ReadAction","target":["https:\/\/megapets.eu\/hu\/wije-hu\/spiropoeus-fischeriorias-fekete-krokodil-kopia\/"]}]},{"@type":"ImageObject","inLanguage":"hu","@id":"https:\/\/megapets.eu\/hu\/wije-hu\/spiropoeus-fischeriorias-fekete-krokodil-kopia\/#primaryimage","url":"https:\/\/megapets.eu\/wp-content\/uploads\/2024\/10\/IMG_20220926_125351-scaled.jpg","contentUrl":"https:\/\/megapets.eu\/wp-content\/uploads\/2024\/10\/IMG_20220926_125351-scaled.jpg","width":2560,"height":1706},{"@type":"BreadcrumbList","@id":"https:\/\/megapets.eu\/hu\/wije-hu\/spiropoeus-fischeriorias-fekete-krokodil-kopia\/#breadcrumb","itemListElement":[{"@type":"ListItem","position":1,"name":"Strona g\u0142\u00f3wna","item":"https:\/\/megapets.eu\/hu\/"},{"@type":"ListItem","position":2,"name":"Bolt","item":"https:\/\/megapets.eu\/bolt\/"},{"@type":"ListItem","position":3,"name":"Spiropoeus fischeri&#8222;\u00d3ri\u00e1s fekete ezerl\u00e1b\u00fa\""}]},{"@type":"WebSite","@id":"https:\/\/megapets.eu\/hu\/#website","url":"https:\/\/megapets.eu\/hu\/","name":"Mega Pets","description":"Jedna z najwi\u0119kszych hodowli \u015blimak\u00f3w w Europie","publisher":{"@id":"https:\/\/megapets.eu\/hu\/#organization"},"alternateName":"Mega Pets","potentialAction":[{"@type":"SearchAction","target":{"@type":"EntryPoint","urlTemplate":"https:\/\/megapets.eu\/hu\/?s={search_term_string}"},"query-input":{"@type":"PropertyValueSpecification","valueRequired":true,"valueName":"search_term_string"}}],"inLanguage":"hu"},{"@type":"Organization","@id":"https:\/\/megapets.eu\/hu\/#organization","name":"Mega Pets","url":"https:\/\/megapets.eu\/hu\/","logo":{"@type":"ImageObject","inLanguage":"hu","@id":"https:\/\/megapets.eu\/hu\/#\/schema\/logo\/image\/","url":"https:\/\/megapets.eu\/wp-content\/uploads\/2025\/04\/megapets_eu-logo.png","contentUrl":"https:\/\/megapets.eu\/wp-content\/uploads\/2025\/04\/megapets_eu-logo.png","width":2362,"height":2362,"caption":"Mega Pets"},"image":{"@id":"https:\/\/megapets.eu\/hu\/#\/schema\/logo\/image\/"},"sameAs":["https:\/\/www.facebook.com\/MegaPets.eu\/"]}]}},"_links":{"self":[{"href":"https:\/\/megapets.eu\/hu\/wp-json\/wp\/v2\/product\/9548","targetHints":{"allow":["GET"]}}],"collection":[{"href":"https:\/\/megapets.eu\/hu\/wp-json\/wp\/v2\/product"}],"about":[{"href":"https:\/\/megapets.eu\/hu\/wp-json\/wp\/v2\/types\/product"}],"wp:featuredmedia":[{"embeddable":true,"href":"https:\/\/megapets.eu\/hu\/wp-json\/wp\/v2\/media\/8037"}],"wp:attachment":[{"href":"https:\/\/megapets.eu\/hu\/wp-json\/wp\/v2\/media?parent=9548"}],"wp:term":[{"taxonomy":"product_cat","embeddable":true,"href":"https:\/\/megapets.eu\/hu\/wp-json\/wp\/v2\/product_cat?post=9548"},{"taxonomy":"product_tag","embeddable":true,"href":"https:\/\/megapets.eu\/hu\/wp-json\/wp\/v2\/product_tag?post=9548"}],"curies":[{"name":"wp","href":"https:\/\/api.w.org\/{rel}","templated":true}]}}