{"id":9574,"date":"2025-07-09T06:39:32","date_gmt":"2025-07-09T06:39:32","guid":{"rendered":"https:\/\/megapets.eu\/?post_type=product&#038;p=9574"},"modified":"2025-07-09T06:49:11","modified_gmt":"2025-07-09T06:49:11","slug":"coromus-diaphorusaranyszegelyu-ezerlabu-kopia","status":"publish","type":"product","link":"https:\/\/megapets.eu\/hu\/wije-hu\/coromus-diaphorusaranyszegelyu-ezerlabu-kopia\/","title":{"rendered":"Coromus diaphorus<br \/>&#8222;Aranyszeg\u00e9ly\u0171 ezerl\u00e1b\u00fa\u201e (Kopia)"},"content":{"rendered":"<p class=\"v1v1v1v1MsoNormal\"><span style=\"color: #d94890;\"><strong><em><span style=\"font-size: 15px;\"><span style=\"color: #424242;\">Fajok:<\/span> <span style=\"color: #ff6600;\"><span style=\"color: #333333;\">Coromus diaphorus \u00f6rv\u00e9nyes &#8222;<\/span><span style=\"color: #ff9900;\">Aranyszeg\u00e9ly\u0171<\/span> <span style=\"color: #333333;\">Millipede\u201e<\/span><\/span><\/span><\/em><\/strong><\/span><\/p>\n<p class=\"v1v1v1v1MsoNormal\"><span style=\"color: #424242;\"><strong><em><span style=\"font-size: 15px;\">K\u00f6nnyen tarthat\u00f3, \u00edgy kezd\u0151knek is kiv\u00e1l\u00f3an alkalmasak.<\/span><\/em><\/strong><\/span><\/p>\n<p><span style=\"color: #d94890;\"><strong><em><span style=\"font-size: 15px;\"><span style=\"color: #333333;\">Coromus diaphorus <\/span><span style=\"color: #ff6600;\"><span style=\"color: #333333;\">&#8222;<\/span><span style=\"color: #ff9900;\">Aranyszeg\u00e9ly\u0171<\/span><\/span> <span style=\"color: #333333;\">Millipede\u201e <\/span><\/span><\/em><\/strong><\/span><span style=\"color: #333333;\"><strong><em><span style=\"font-size: 15px;\">nagy, b\u00e1jos \u00f6rv\u00e9nyesek arany-fekete sz\u00ednez\u00e9ssel.<\/span><\/em><\/strong><\/span><\/p>\n<p class=\"v1v1v1v1MsoNormal\"><span style=\"color: #424242;\"><em>\ud83d\udc9b\ud83d\udc9b\ud83d\udc9b\ud83d\udc9b<\/em> <strong><em><span style=\"font-size: 15px;\">Keresel valami sz\u00f3rakoztat\u00f3 teny\u00e9szetet, amivel elkezdheted? <span style=\"color: #d94890;\"><span style=\"color: #333333;\">A Coromus diaphorus <\/span><span style=\"color: #ff6600;\"><span style=\"color: #333333;\">&#8222;<\/span><span style=\"color: #ff9900;\">Aranyszeg\u00e9ly\u0171<\/span><\/span> <span style=\"color: #333333;\">Millipede\u201e<\/span><\/span><\/span><\/em><\/strong><\/span><span style=\"color: #333333;\"><strong><em><span style=\"font-size: 15px;\"> <span style=\"color: #333333;\"> nagym\u00e9ret\u0171 \u00f6rv\u00e9nyl\u0151 arany-fekete sz\u00ednez\u00e9s\u0171, feln\u0151ttkori m\u00e9rete kb. 8 cm. A Coromus diaphorus forg\u00f3sz\u00e1rnyasok gy\u00f6ny\u00f6r\u0171 \u00e9s k\u00f6nnyen tarthat\u00f3 l\u00e9nyek, az ember sz\u00e1m\u00e1ra teljesen biztons\u00e1gosak, nem harapnak. Gyenge \u00e1llkapcsuk van, amely a n\u00f6v\u00e9nyi anyagok apr\u00edt\u00e1s\u00e1ra van berendezkedve. A forg\u00f3szelek a nedves helyeket kedvelik, az aljzat fels\u0151 r\u00e9teg\u00e9ben \u00e9lnek, \u00e9s levelekkel, a krokodilok \u00e9s viper\u00e1k sz\u00e1m\u00e1ra kialak\u00edtott t\u00f6bbkomponens\u0171 aljzattal, valamint z\u00f6lds\u00e9gekkel \u00e9s gy\u00fcm\u00f6lcs\u00f6kkel t\u00e1pl\u00e1lkoznak. <\/span><\/span><\/em><\/strong><\/span><\/p>\n","protected":false},"excerpt":{"rendered":"<ul>\n<li>C\u00e9lm\u00e9ret:\n<ul>\n<li><\/li>\n<\/ul>\n<\/li>\n<li>:\n<ul>\n<li>kb. 2-3 cm<\/li>\n<\/ul>\n<\/li>\n<li>Az \u00e1r a k\u00f6vetkez\u0151kre vonatkozik:\n<ul>\n<li>1 db<\/li>\n<\/ul>\n<\/li>\n<\/ul>\n","protected":false},"featured_media":9592,"template":"","meta":{"_acf_changed":false,"_links_to":"","_links_to_target":""},"product_cat":[194],"product_tag":[],"class_list":{"0":"post-9574","1":"product","2":"type-product","3":"status-publish","4":"has-post-thumbnail","6":"product_cat-wije-hu","8":"first","9":"outofstock","10":"shipping-taxable","11":"purchasable","12":"product-type-simple"},"acf":[],"yoast_head":"<!-- This site is optimized with the Yoast SEO plugin v24.9 - https:\/\/yoast.com\/wordpress\/plugins\/seo\/ -->\n<title>Coromus diaphorus&quot;Aranyszeg\u00e9ly\u0171 ezerl\u00e1b\u00fa&quot; (Kopia) | MegaPets<\/title>\n<meta name=\"robots\" content=\"index, follow, max-snippet:-1, max-image-preview:large, max-video-preview:-1\" \/>\n<link rel=\"canonical\" href=\"https:\/\/megapets.eu\/hu\/wije-hu\/coromus-diaphorusaranyszegelyu-ezerlabu-kopia\/\" \/>\n<meta property=\"og:locale\" content=\"hu_HU\" \/>\n<meta property=\"og:type\" content=\"article\" \/>\n<meta property=\"og:title\" content=\"Coromus diaphorus&quot;Aranyszeg\u00e9ly\u0171 ezerl\u00e1b\u00fa&quot; (Kopia) | MegaPets\" \/>\n<meta property=\"og:description\" content=\"C\u00e9lm\u00e9ret:     :  kb. 2-3 cm   Az \u00e1r a k\u00f6vetkez\u0151kre vonatkozik:  1 db\" \/>\n<meta property=\"og:url\" content=\"https:\/\/megapets.eu\/hu\/wije-hu\/coromus-diaphorusaranyszegelyu-ezerlabu-kopia\/\" \/>\n<meta property=\"og:site_name\" content=\"MegaPets\" \/>\n<meta property=\"article:publisher\" content=\"https:\/\/www.facebook.com\/MegaPets.eu\/\" \/>\n<meta property=\"article:modified_time\" content=\"2025-07-09T06:49:11+00:00\" \/>\n<meta property=\"og:image\" content=\"https:\/\/megapets.eu\/wp-content\/uploads\/2025\/07\/876543.png\" \/>\n\t<meta property=\"og:image:width\" content=\"1048\" \/>\n\t<meta property=\"og:image:height\" content=\"691\" \/>\n\t<meta property=\"og:image:type\" content=\"image\/png\" \/>\n<meta name=\"twitter:card\" content=\"summary_large_image\" \/>\n<meta name=\"twitter:label1\" content=\"Becs\u00fclt olvas\u00e1si id\u0151\" \/>\n\t<meta name=\"twitter:data1\" content=\"1 perc\" \/>\n<script type=\"application\/ld+json\" class=\"yoast-schema-graph\">{\"@context\":\"https:\/\/schema.org\",\"@graph\":[{\"@type\":\"WebPage\",\"@id\":\"https:\/\/megapets.eu\/hu\/wije-hu\/coromus-diaphorusaranyszegelyu-ezerlabu-kopia\/\",\"url\":\"https:\/\/megapets.eu\/hu\/wije-hu\/coromus-diaphorusaranyszegelyu-ezerlabu-kopia\/\",\"name\":\"Coromus diaphorus \\\"Aranyszeg\u00e9ly\u0171 ezerl\u00e1b\u00fa\\\" (Kopia) | MegaPets\",\"isPartOf\":{\"@id\":\"https:\/\/megapets.eu\/hu\/#website\"},\"primaryImageOfPage\":{\"@id\":\"https:\/\/megapets.eu\/hu\/wije-hu\/coromus-diaphorusaranyszegelyu-ezerlabu-kopia\/#primaryimage\"},\"image\":{\"@id\":\"https:\/\/megapets.eu\/hu\/wije-hu\/coromus-diaphorusaranyszegelyu-ezerlabu-kopia\/#primaryimage\"},\"thumbnailUrl\":\"https:\/\/megapets.eu\/wp-content\/uploads\/2025\/07\/7654.png\",\"datePublished\":\"2025-07-09T06:39:32+00:00\",\"dateModified\":\"2025-07-09T06:49:11+00:00\",\"breadcrumb\":{\"@id\":\"https:\/\/megapets.eu\/hu\/wije-hu\/coromus-diaphorusaranyszegelyu-ezerlabu-kopia\/#breadcrumb\"},\"inLanguage\":\"hu\",\"potentialAction\":[{\"@type\":\"ReadAction\",\"target\":[\"https:\/\/megapets.eu\/hu\/wije-hu\/coromus-diaphorusaranyszegelyu-ezerlabu-kopia\/\"]}]},{\"@type\":\"ImageObject\",\"inLanguage\":\"hu\",\"@id\":\"https:\/\/megapets.eu\/hu\/wije-hu\/coromus-diaphorusaranyszegelyu-ezerlabu-kopia\/#primaryimage\",\"url\":\"https:\/\/megapets.eu\/wp-content\/uploads\/2025\/07\/7654.png\",\"contentUrl\":\"https:\/\/megapets.eu\/wp-content\/uploads\/2025\/07\/7654.png\",\"width\":1049,\"height\":689},{\"@type\":\"BreadcrumbList\",\"@id\":\"https:\/\/megapets.eu\/hu\/wije-hu\/coromus-diaphorusaranyszegelyu-ezerlabu-kopia\/#breadcrumb\",\"itemListElement\":[{\"@type\":\"ListItem\",\"position\":1,\"name\":\"Strona g\u0142\u00f3wna\",\"item\":\"https:\/\/megapets.eu\/hu\/\"},{\"@type\":\"ListItem\",\"position\":2,\"name\":\"Bolt\",\"item\":\"https:\/\/megapets.eu\/bolt\/\"},{\"@type\":\"ListItem\",\"position\":3,\"name\":\"Coromus diaphorus&#8222;Aranyszeg\u00e9ly\u0171 ezerl\u00e1b\u00fa\\\" (Kopia)\"}]},{\"@type\":\"WebSite\",\"@id\":\"https:\/\/megapets.eu\/hu\/#website\",\"url\":\"https:\/\/megapets.eu\/hu\/\",\"name\":\"Mega Pets\",\"description\":\"Jedna z najwi\u0119kszych hodowli \u015blimak\u00f3w w Europie\",\"publisher\":{\"@id\":\"https:\/\/megapets.eu\/hu\/#organization\"},\"alternateName\":\"Mega Pets\",\"potentialAction\":[{\"@type\":\"SearchAction\",\"target\":{\"@type\":\"EntryPoint\",\"urlTemplate\":\"https:\/\/megapets.eu\/hu\/?s={search_term_string}\"},\"query-input\":{\"@type\":\"PropertyValueSpecification\",\"valueRequired\":true,\"valueName\":\"search_term_string\"}}],\"inLanguage\":\"hu\"},{\"@type\":\"Organization\",\"@id\":\"https:\/\/megapets.eu\/hu\/#organization\",\"name\":\"Mega Pets\",\"url\":\"https:\/\/megapets.eu\/hu\/\",\"logo\":{\"@type\":\"ImageObject\",\"inLanguage\":\"hu\",\"@id\":\"https:\/\/megapets.eu\/hu\/#\/schema\/logo\/image\/\",\"url\":\"https:\/\/megapets.eu\/wp-content\/uploads\/2025\/04\/megapets_eu-logo.png\",\"contentUrl\":\"https:\/\/megapets.eu\/wp-content\/uploads\/2025\/04\/megapets_eu-logo.png\",\"width\":2362,\"height\":2362,\"caption\":\"Mega Pets\"},\"image\":{\"@id\":\"https:\/\/megapets.eu\/hu\/#\/schema\/logo\/image\/\"},\"sameAs\":[\"https:\/\/www.facebook.com\/MegaPets.eu\/\"]}]}<\/script>\n<!-- \/ Yoast SEO plugin. -->","yoast_head_json":{"title":"Coromus diaphorus\"Aranyszeg\u00e9ly\u0171 ezerl\u00e1b\u00fa\" (Kopia) | MegaPets","robots":{"index":"index","follow":"follow","max-snippet":"max-snippet:-1","max-image-preview":"max-image-preview:large","max-video-preview":"max-video-preview:-1"},"canonical":"https:\/\/megapets.eu\/hu\/wije-hu\/coromus-diaphorusaranyszegelyu-ezerlabu-kopia\/","og_locale":"hu_HU","og_type":"article","og_title":"Coromus diaphorus\"Aranyszeg\u00e9ly\u0171 ezerl\u00e1b\u00fa\" (Kopia) | MegaPets","og_description":"C\u00e9lm\u00e9ret:     :  kb. 2-3 cm   Az \u00e1r a k\u00f6vetkez\u0151kre vonatkozik:  1 db","og_url":"https:\/\/megapets.eu\/hu\/wije-hu\/coromus-diaphorusaranyszegelyu-ezerlabu-kopia\/","og_site_name":"MegaPets","article_publisher":"https:\/\/www.facebook.com\/MegaPets.eu\/","article_modified_time":"2025-07-09T06:49:11+00:00","og_image":[{"width":1048,"height":691,"url":"https:\/\/megapets.eu\/wp-content\/uploads\/2025\/07\/876543.png","type":"image\/png"}],"twitter_card":"summary_large_image","twitter_misc":{"Becs\u00fclt olvas\u00e1si id\u0151":"1 perc"},"schema":{"@context":"https:\/\/schema.org","@graph":[{"@type":"WebPage","@id":"https:\/\/megapets.eu\/hu\/wije-hu\/coromus-diaphorusaranyszegelyu-ezerlabu-kopia\/","url":"https:\/\/megapets.eu\/hu\/wije-hu\/coromus-diaphorusaranyszegelyu-ezerlabu-kopia\/","name":"Coromus diaphorus \"Aranyszeg\u00e9ly\u0171 ezerl\u00e1b\u00fa\" (Kopia) | MegaPets","isPartOf":{"@id":"https:\/\/megapets.eu\/hu\/#website"},"primaryImageOfPage":{"@id":"https:\/\/megapets.eu\/hu\/wije-hu\/coromus-diaphorusaranyszegelyu-ezerlabu-kopia\/#primaryimage"},"image":{"@id":"https:\/\/megapets.eu\/hu\/wije-hu\/coromus-diaphorusaranyszegelyu-ezerlabu-kopia\/#primaryimage"},"thumbnailUrl":"https:\/\/megapets.eu\/wp-content\/uploads\/2025\/07\/7654.png","datePublished":"2025-07-09T06:39:32+00:00","dateModified":"2025-07-09T06:49:11+00:00","breadcrumb":{"@id":"https:\/\/megapets.eu\/hu\/wije-hu\/coromus-diaphorusaranyszegelyu-ezerlabu-kopia\/#breadcrumb"},"inLanguage":"hu","potentialAction":[{"@type":"ReadAction","target":["https:\/\/megapets.eu\/hu\/wije-hu\/coromus-diaphorusaranyszegelyu-ezerlabu-kopia\/"]}]},{"@type":"ImageObject","inLanguage":"hu","@id":"https:\/\/megapets.eu\/hu\/wije-hu\/coromus-diaphorusaranyszegelyu-ezerlabu-kopia\/#primaryimage","url":"https:\/\/megapets.eu\/wp-content\/uploads\/2025\/07\/7654.png","contentUrl":"https:\/\/megapets.eu\/wp-content\/uploads\/2025\/07\/7654.png","width":1049,"height":689},{"@type":"BreadcrumbList","@id":"https:\/\/megapets.eu\/hu\/wije-hu\/coromus-diaphorusaranyszegelyu-ezerlabu-kopia\/#breadcrumb","itemListElement":[{"@type":"ListItem","position":1,"name":"Strona g\u0142\u00f3wna","item":"https:\/\/megapets.eu\/hu\/"},{"@type":"ListItem","position":2,"name":"Bolt","item":"https:\/\/megapets.eu\/bolt\/"},{"@type":"ListItem","position":3,"name":"Coromus diaphorus&#8222;Aranyszeg\u00e9ly\u0171 ezerl\u00e1b\u00fa\" (Kopia)"}]},{"@type":"WebSite","@id":"https:\/\/megapets.eu\/hu\/#website","url":"https:\/\/megapets.eu\/hu\/","name":"Mega Pets","description":"Jedna z najwi\u0119kszych hodowli \u015blimak\u00f3w w Europie","publisher":{"@id":"https:\/\/megapets.eu\/hu\/#organization"},"alternateName":"Mega Pets","potentialAction":[{"@type":"SearchAction","target":{"@type":"EntryPoint","urlTemplate":"https:\/\/megapets.eu\/hu\/?s={search_term_string}"},"query-input":{"@type":"PropertyValueSpecification","valueRequired":true,"valueName":"search_term_string"}}],"inLanguage":"hu"},{"@type":"Organization","@id":"https:\/\/megapets.eu\/hu\/#organization","name":"Mega Pets","url":"https:\/\/megapets.eu\/hu\/","logo":{"@type":"ImageObject","inLanguage":"hu","@id":"https:\/\/megapets.eu\/hu\/#\/schema\/logo\/image\/","url":"https:\/\/megapets.eu\/wp-content\/uploads\/2025\/04\/megapets_eu-logo.png","contentUrl":"https:\/\/megapets.eu\/wp-content\/uploads\/2025\/04\/megapets_eu-logo.png","width":2362,"height":2362,"caption":"Mega Pets"},"image":{"@id":"https:\/\/megapets.eu\/hu\/#\/schema\/logo\/image\/"},"sameAs":["https:\/\/www.facebook.com\/MegaPets.eu\/"]}]}},"_links":{"self":[{"href":"https:\/\/megapets.eu\/hu\/wp-json\/wp\/v2\/product\/9574","targetHints":{"allow":["GET"]}}],"collection":[{"href":"https:\/\/megapets.eu\/hu\/wp-json\/wp\/v2\/product"}],"about":[{"href":"https:\/\/megapets.eu\/hu\/wp-json\/wp\/v2\/types\/product"}],"wp:featuredmedia":[{"embeddable":true,"href":"https:\/\/megapets.eu\/hu\/wp-json\/wp\/v2\/media\/9592"}],"wp:attachment":[{"href":"https:\/\/megapets.eu\/hu\/wp-json\/wp\/v2\/media?parent=9574"}],"wp:term":[{"taxonomy":"product_cat","embeddable":true,"href":"https:\/\/megapets.eu\/hu\/wp-json\/wp\/v2\/product_cat?post=9574"},{"taxonomy":"product_tag","embeddable":true,"href":"https:\/\/megapets.eu\/hu\/wp-json\/wp\/v2\/product_tag?post=9574"}],"curies":[{"name":"wp","href":"https:\/\/api.w.org\/{rel}","templated":true}]}}