{"id":9746,"date":"2025-07-13T14:04:04","date_gmt":"2025-07-13T14:04:04","guid":{"rendered":"https:\/\/megapets.eu\/?post_type=product&#038;p=9746"},"modified":"2025-07-14T09:09:03","modified_gmt":"2025-07-14T09:09:03","slug":"ugrok-pirostakarito-szemelyzet-kopia","status":"publish","type":"product","link":"https:\/\/megapets.eu\/hu\/isopodak\/ugrok-pirostakarito-szemelyzet-kopia\/","title":{"rendered":"Rug\u00f3fark\u00fa &#8222;s\u00e1rga\u201e <br> Ceratophysella sp. &#8222;Lila s\u00e1rga alb\u00edn\u00f3\u201e <br> &#8222;Takar\u00edt\u00f3 csapat\u201e"},"content":{"rendered":"<p class=\"v1v1v1v1MsoNormal\"><span style=\"color: #424242;\"><strong><em><span style=\"font-size: 15px;\">Rug\u00f3fark\u00faak: Rug\u00f3fark\u00faak &#8222;s\u00e1rga\u201e. Ceratophysella spec. &#8222;Lila s\u00e1rga alb\u00edn\u00f3\u201e  <\/span><\/em><\/strong><\/span><\/p>\n<p class=\"v1v1v1v1MsoNormal\"><span style=\"color: #424242;\"><strong><em><span style=\"font-size: 15px;\">&#8222;Takar\u00edt\u00f3 szem\u00e9lyzet\u201e <strong style=\"color: #424242;\"><span class=\"x1xsqp64 xiy17q3 x1o6pynw x19co3pv xdj266r xcwd3tp xat24cr x39eecv x2b8uid\" data-testid=\"emoji\"><span class=\"xexx8yu xn5pp95 x18d9i69 x2fxd7x x3jgonx x1bhl96m\"><span style=\"font-size: 15px; color: #424242;\"><span class=\"html-span xexx8yu x4uap5 x18d9i69 xkhd6sd x1hl2dhg x16tdsg8 x1vvkbs x3nfvp2 x1j61x8r x1fcty0u xdj266r xat24cr xgzva0m xhhsvwb xxymvpz xlup9mm x1kky2od\"><img loading=\"lazy\" decoding=\"async\" class=\"xz74otr\" src=\"https:\/\/static.xx.fbcdn.net\/images\/emoji.php\/v9\/ta4\/1\/16\/1f9f9.png\" alt=\"\ud83e\uddf9\" width=\"16\" height=\"16\"><img loading=\"lazy\" decoding=\"async\" class=\"xz74otr\" src=\"https:\/\/static.xx.fbcdn.net\/images\/emoji.php\/v9\/tbc\/1\/16\/1f30a.png\" alt=\"\ud83c\udf0a\" width=\"16\" height=\"16\"><\/span><span class=\"html-span xexx8yu x4uap5 x18d9i69 xkhd6sd x1hl2dhg x16tdsg8 x1vvkbs x3nfvp2 x1j61x8r x1fcty0u xdj266r xat24cr xgzva0m xhhsvwb xxymvpz xlup9mm x1kky2od\"><img loading=\"lazy\" decoding=\"async\" class=\"xz74otr\" src=\"https:\/\/static.xx.fbcdn.net\/images\/emoji.php\/v9\/t4f\/1\/16\/1f9fd.png\" alt=\"\ud83e\uddfd\" width=\"16\" height=\"16\"><\/span><\/span><\/span><\/span><\/strong>a terr\u00e1riumhoz.<\/span><\/em><\/strong><\/span><\/p>\n<p><strong style=\"color: #424242;\"><em><span style=\"font-size: 15px;\"><strong><span class=\"x1xsqp64 xiy17q3 x1o6pynw x19co3pv xdj266r xcwd3tp xat24cr x39eecv x2b8uid\" data-testid=\"emoji\"><span class=\"xexx8yu xn5pp95 x18d9i69 x2fxd7x x3jgonx x1bhl96m\">K\u00f6nnyen karbantarthat\u00f3, \u00edgy kezd\u0151knek is kiv\u00e1l\u00f3ak.<\/span><\/span><\/strong><\/span><\/em><\/strong><\/p>\n<p>&nbsp;<\/p>\n<p><strong style=\"color: #424242;\"><strong><em><span style=\"font-size: 15px; color: #424242;\"><strong><span style=\"font-size: 15px;\"><span class=\"x1xsqp64 xiy17q3 x1o6pynw x19co3pv xdj266r xcwd3tp xat24cr x39eecv x2b8uid\" data-testid=\"emoji\"><span class=\"xexx8yu xn5pp95 x18d9i69 x2fxd7x x3jgonx x1bhl96m\"><span style=\"color: #424242;\">\u2764\ufe0f\ud83e\udde1\u2764\ufe0f <\/span><\/span><\/span><\/span>Valami sz\u00f3rakoztat\u00f3 teny\u00e9szt\u00e9st keresel kezd\u00e9sk\u00e9nt? <\/strong> Rug\u00f3s fark\u00fa<strong> <\/strong>Gy\u00f6ny\u00f6r\u0171 \u00e9s k\u00f6nnyen gondozhat\u00f3 l\u00e9nyek, teljesen biztons\u00e1gosak az emberek sz\u00e1m\u00e1ra, nem harapnak. Gyenge \u00e1llkapcsuk van, amely alkalmazkodik a n\u00f6v\u00e9nyi anyagok \u00f6sszez\u00faz\u00e1s\u00e1hoz. A rug\u00f3fark\u00faak a nedves helyeket r\u00e9szes\u00edtik el\u0151nyben, az aljzat fels\u0151 r\u00e9teg\u00e9ben \u00e9lnek, \u00e9s levelekkel, ezerl\u00e1b\u00faak teny\u00e9szt\u00e9s\u00e9re sz\u00e1nt t\u00f6bbkomponens\u0171 szubsztr\u00e1tummal, valamint z\u00f6lds\u00e9gekkel \u00e9s gy\u00fcm\u00f6lcs\u00f6kkel t\u00e1pl\u00e1lkoznak.  <\/span><\/em><\/strong><\/strong><\/p>\n<p>&nbsp;<\/p>\n<p class=\"v1v1v1v1MsoNormal\"><span style=\"color: #424242;\"><strong><em><span style=\"font-size: 15px;\"><span class=\"x1xsqp64 xiy17q3 x1o6pynw x19co3pv xdj266r xcwd3tp xat24cr x39eecv x2b8uid\" data-testid=\"emoji\"><span class=\"xexx8yu xn5pp95 x18d9i69 x2fxd7x x3jgonx x1bhl96m\">\ud83c\udf3f <\/span><\/span>Egy ilyen \u00e1llatnak csak a terr\u00e1riumban val\u00f3 sikeres fejl\u0151d\u00e9shez \u00e9s \u00e9lethez sz\u00fcks\u00e9ges:<\/span><\/em><\/strong><\/span><\/p>\n<p class=\"v1v1v1v1MsoNormal\"><span style=\"color: #008000;\"><strong><em><span style=\"font-size: 15px;\">* Szubsztr\u00e1tum \/ \u00e9lelmiszer: Teny\u00e9szt\u0151 t\u00e1ptalaj ezerl\u00e1b\u00faak \u00e9s sz\u00e1mtalan vagy k\u00f3kuszdi\u00f3 szubsztr\u00e1tum sz\u00e1m\u00e1ra;<\/span><\/em><\/strong><\/span><\/p>\n<p class=\"v1v1v1v1MsoNormal\"><span style=\"color: #008000;\"><strong><em><span style=\"font-size: 15px;\">* Superfood: Friss z\u00f6lds\u00e9gek \u00e9s gy\u00fcm\u00f6lcs\u00f6k;<\/span><\/em><\/strong><\/span><\/p>\n<p class=\"v1v1v1v1MsoNormal\"><span style=\"color: #008000;\"><strong><em><span style=\"font-size: 15px;\">* T\u00e1pl\u00e1l\u00e9k: Sz\u00e9pia &#8211; a tintahal csontja term\u00e9szetes kalciumforr\u00e1s a terr\u00e1riumi \u00e1llatok sz\u00e1m\u00e1ra;  <\/span><\/em><\/strong><\/span><\/p>\n<p class=\"v1v1v1v1MsoNormal\"><span style=\"color: #008000;\"><strong><em><span style=\"font-size: 15px;\">* \u00c9lelmiszer: Az \u0151r\u00f6lt gammarus makro- \u00e9s mikroelemekben gazdag, sz\u00e1r\u00edtott gammarus, term\u00e9szetes \u00e1llati feh\u00e9rje \u00e9s kitin forr\u00e1s (el\u00e9rhet\u0151 a m\u00e1sik aukci\u00f3nkon);<\/span><\/em><\/strong><\/span><\/p>\n<p class=\"v1v1v1v1MsoNormal\"><span style=\"color: #008000;\"><strong><em><span style=\"font-size: 15px;\">* Terr\u00e1rium: A faunabox vagy a teny\u00e9szt\u0151 kont\u00e9ner ide\u00e1lis izopod\u00e1k teny\u00e9szt\u00e9s\u00e9re;<\/span><\/em><\/strong><\/span><\/p>\n<p class=\"v1v1v1v1MsoNormal\"><span style=\"color: #008000;\"><strong><em><span style=\"font-size: 15px;\">* Ne hagyja, hogy az aljzat teljesen kisz\u00e1radjon, id\u0151nk\u00e9nt sz\u00f3rja meg a terr\u00e1riumot.<\/span><\/em><\/strong><\/span><\/p>\n","protected":false},"excerpt":{"rendered":"<ul class=\"product_attributes\">\n<li><strong>Az egyedek c\u00e9lm\u00e9rete:<\/strong> <span style=\"color: #000000;\">kb. 0,2 cm<\/span><\/li>\n<li>Felaj\u00e1nlott egyedek: <span style=\"color: #000000;\">v\u00e9letlenszer\u0171en csomagolva<\/span><\/li>\n<li>Az \u00e1r k\u00e9szletre vonatkozik: <span style=\"color: #000000;\">10-15 darab<\/span><\/li>\n<\/ul>\n","protected":false},"featured_media":9780,"template":"","meta":{"_acf_changed":false,"_links_to":"","_links_to_target":""},"product_cat":[201],"product_tag":[],"class_list":{"0":"post-9746","1":"product","2":"type-product","3":"status-publish","4":"has-post-thumbnail","6":"product_cat-isopodak","8":"first","9":"outofstock","10":"shipping-taxable","11":"purchasable","12":"product-type-simple"},"acf":[],"yoast_head":"<!-- This site is optimized with the Yoast SEO plugin v24.9 - https:\/\/yoast.com\/wordpress\/plugins\/seo\/ -->\n<title>Rug\u00f3fark\u00fa &quot;s\u00e1rga&quot;  Ceratophysella sp. &quot;Lila s\u00e1rga alb\u00edn\u00f3&quot;  &quot;Takar\u00edt\u00f3 csapat&quot; | MegaPets<\/title>\n<meta name=\"robots\" content=\"index, follow, max-snippet:-1, max-image-preview:large, max-video-preview:-1\" \/>\n<link rel=\"canonical\" href=\"https:\/\/megapets.eu\/hu\/isopodak\/ugrok-pirostakarito-szemelyzet-kopia\/\" \/>\n<meta property=\"og:locale\" content=\"hu_HU\" \/>\n<meta property=\"og:type\" content=\"article\" \/>\n<meta property=\"og:title\" content=\"Rug\u00f3fark\u00fa &quot;s\u00e1rga&quot;  Ceratophysella sp. &quot;Lila s\u00e1rga alb\u00edn\u00f3&quot;  &quot;Takar\u00edt\u00f3 csapat&quot; | MegaPets\" \/>\n<meta property=\"og:description\" content=\"Az egyedek c\u00e9lm\u00e9rete: kb. 0,2 cm  Felaj\u00e1nlott egyedek: v\u00e9letlenszer\u0171en csomagolva  Az \u00e1r k\u00e9szletre vonatkozik: 10-15 darab\" \/>\n<meta property=\"og:url\" content=\"https:\/\/megapets.eu\/hu\/isopodak\/ugrok-pirostakarito-szemelyzet-kopia\/\" \/>\n<meta property=\"og:site_name\" content=\"MegaPets\" \/>\n<meta property=\"article:publisher\" content=\"https:\/\/www.facebook.com\/MegaPets.eu\/\" \/>\n<meta property=\"article:modified_time\" content=\"2025-07-14T09:09:03+00:00\" \/>\n<meta property=\"og:image\" content=\"https:\/\/megapets.eu\/wp-content\/uploads\/2025\/07\/skocz-1.png\" \/>\n\t<meta property=\"og:image:width\" content=\"1051\" \/>\n\t<meta property=\"og:image:height\" content=\"693\" \/>\n\t<meta property=\"og:image:type\" content=\"image\/png\" \/>\n<meta name=\"twitter:card\" content=\"summary_large_image\" \/>\n<meta name=\"twitter:label1\" content=\"Becs\u00fclt olvas\u00e1si id\u0151\" \/>\n\t<meta name=\"twitter:data1\" content=\"1 perc\" \/>\n<script type=\"application\/ld+json\" class=\"yoast-schema-graph\">{\"@context\":\"https:\/\/schema.org\",\"@graph\":[{\"@type\":\"WebPage\",\"@id\":\"https:\/\/megapets.eu\/hu\/isopodak\/ugrok-pirostakarito-szemelyzet-kopia\/\",\"url\":\"https:\/\/megapets.eu\/hu\/isopodak\/ugrok-pirostakarito-szemelyzet-kopia\/\",\"name\":\"Rug\u00f3fark\u00fa \\\"s\u00e1rga\\\" Ceratophysella sp. \\\"Lila s\u00e1rga alb\u00edn\u00f3\\\" \\\"Takar\u00edt\u00f3 csapat\\\" | MegaPets\",\"isPartOf\":{\"@id\":\"https:\/\/megapets.eu\/hu\/#website\"},\"primaryImageOfPage\":{\"@id\":\"https:\/\/megapets.eu\/hu\/isopodak\/ugrok-pirostakarito-szemelyzet-kopia\/#primaryimage\"},\"image\":{\"@id\":\"https:\/\/megapets.eu\/hu\/isopodak\/ugrok-pirostakarito-szemelyzet-kopia\/#primaryimage\"},\"thumbnailUrl\":\"https:\/\/megapets.eu\/wp-content\/uploads\/2025\/07\/skocz-1-1.png\",\"datePublished\":\"2025-07-13T14:04:04+00:00\",\"dateModified\":\"2025-07-14T09:09:03+00:00\",\"breadcrumb\":{\"@id\":\"https:\/\/megapets.eu\/hu\/isopodak\/ugrok-pirostakarito-szemelyzet-kopia\/#breadcrumb\"},\"inLanguage\":\"hu\",\"potentialAction\":[{\"@type\":\"ReadAction\",\"target\":[\"https:\/\/megapets.eu\/hu\/isopodak\/ugrok-pirostakarito-szemelyzet-kopia\/\"]}]},{\"@type\":\"ImageObject\",\"inLanguage\":\"hu\",\"@id\":\"https:\/\/megapets.eu\/hu\/isopodak\/ugrok-pirostakarito-szemelyzet-kopia\/#primaryimage\",\"url\":\"https:\/\/megapets.eu\/wp-content\/uploads\/2025\/07\/skocz-1-1.png\",\"contentUrl\":\"https:\/\/megapets.eu\/wp-content\/uploads\/2025\/07\/skocz-1-1.png\",\"width\":1053,\"height\":695},{\"@type\":\"BreadcrumbList\",\"@id\":\"https:\/\/megapets.eu\/hu\/isopodak\/ugrok-pirostakarito-szemelyzet-kopia\/#breadcrumb\",\"itemListElement\":[{\"@type\":\"ListItem\",\"position\":1,\"name\":\"Strona g\u0142\u00f3wna\",\"item\":\"https:\/\/megapets.eu\/hu\/\"},{\"@type\":\"ListItem\",\"position\":2,\"name\":\"Bolt\",\"item\":\"https:\/\/megapets.eu\/bolt\/\"},{\"@type\":\"ListItem\",\"position\":3,\"name\":\"Rug\u00f3fark\u00fa &#8222;s\u00e1rga\\\" Ceratophysella sp. &#8222;Lila s\u00e1rga alb\u00edn\u00f3\\\" &#8222;Takar\u00edt\u00f3 csapat\\\"\"}]},{\"@type\":\"WebSite\",\"@id\":\"https:\/\/megapets.eu\/hu\/#website\",\"url\":\"https:\/\/megapets.eu\/hu\/\",\"name\":\"Mega Pets\",\"description\":\"Jedna z najwi\u0119kszych hodowli \u015blimak\u00f3w w Europie\",\"publisher\":{\"@id\":\"https:\/\/megapets.eu\/hu\/#organization\"},\"alternateName\":\"Mega Pets\",\"potentialAction\":[{\"@type\":\"SearchAction\",\"target\":{\"@type\":\"EntryPoint\",\"urlTemplate\":\"https:\/\/megapets.eu\/hu\/?s={search_term_string}\"},\"query-input\":{\"@type\":\"PropertyValueSpecification\",\"valueRequired\":true,\"valueName\":\"search_term_string\"}}],\"inLanguage\":\"hu\"},{\"@type\":\"Organization\",\"@id\":\"https:\/\/megapets.eu\/hu\/#organization\",\"name\":\"Mega Pets\",\"url\":\"https:\/\/megapets.eu\/hu\/\",\"logo\":{\"@type\":\"ImageObject\",\"inLanguage\":\"hu\",\"@id\":\"https:\/\/megapets.eu\/hu\/#\/schema\/logo\/image\/\",\"url\":\"https:\/\/megapets.eu\/wp-content\/uploads\/2025\/04\/megapets_eu-logo.png\",\"contentUrl\":\"https:\/\/megapets.eu\/wp-content\/uploads\/2025\/04\/megapets_eu-logo.png\",\"width\":2362,\"height\":2362,\"caption\":\"Mega Pets\"},\"image\":{\"@id\":\"https:\/\/megapets.eu\/hu\/#\/schema\/logo\/image\/\"},\"sameAs\":[\"https:\/\/www.facebook.com\/MegaPets.eu\/\"]}]}<\/script>\n<!-- \/ Yoast SEO plugin. -->","yoast_head_json":{"title":"Rug\u00f3fark\u00fa \"s\u00e1rga\"  Ceratophysella sp. \"Lila s\u00e1rga alb\u00edn\u00f3\"  \"Takar\u00edt\u00f3 csapat\" | MegaPets","robots":{"index":"index","follow":"follow","max-snippet":"max-snippet:-1","max-image-preview":"max-image-preview:large","max-video-preview":"max-video-preview:-1"},"canonical":"https:\/\/megapets.eu\/hu\/isopodak\/ugrok-pirostakarito-szemelyzet-kopia\/","og_locale":"hu_HU","og_type":"article","og_title":"Rug\u00f3fark\u00fa \"s\u00e1rga\"  Ceratophysella sp. \"Lila s\u00e1rga alb\u00edn\u00f3\"  \"Takar\u00edt\u00f3 csapat\" | MegaPets","og_description":"Az egyedek c\u00e9lm\u00e9rete: kb. 0,2 cm  Felaj\u00e1nlott egyedek: v\u00e9letlenszer\u0171en csomagolva  Az \u00e1r k\u00e9szletre vonatkozik: 10-15 darab","og_url":"https:\/\/megapets.eu\/hu\/isopodak\/ugrok-pirostakarito-szemelyzet-kopia\/","og_site_name":"MegaPets","article_publisher":"https:\/\/www.facebook.com\/MegaPets.eu\/","article_modified_time":"2025-07-14T09:09:03+00:00","og_image":[{"width":1051,"height":693,"url":"https:\/\/megapets.eu\/wp-content\/uploads\/2025\/07\/skocz-1.png","type":"image\/png"}],"twitter_card":"summary_large_image","twitter_misc":{"Becs\u00fclt olvas\u00e1si id\u0151":"1 perc"},"schema":{"@context":"https:\/\/schema.org","@graph":[{"@type":"WebPage","@id":"https:\/\/megapets.eu\/hu\/isopodak\/ugrok-pirostakarito-szemelyzet-kopia\/","url":"https:\/\/megapets.eu\/hu\/isopodak\/ugrok-pirostakarito-szemelyzet-kopia\/","name":"Rug\u00f3fark\u00fa \"s\u00e1rga\" Ceratophysella sp. \"Lila s\u00e1rga alb\u00edn\u00f3\" \"Takar\u00edt\u00f3 csapat\" | MegaPets","isPartOf":{"@id":"https:\/\/megapets.eu\/hu\/#website"},"primaryImageOfPage":{"@id":"https:\/\/megapets.eu\/hu\/isopodak\/ugrok-pirostakarito-szemelyzet-kopia\/#primaryimage"},"image":{"@id":"https:\/\/megapets.eu\/hu\/isopodak\/ugrok-pirostakarito-szemelyzet-kopia\/#primaryimage"},"thumbnailUrl":"https:\/\/megapets.eu\/wp-content\/uploads\/2025\/07\/skocz-1-1.png","datePublished":"2025-07-13T14:04:04+00:00","dateModified":"2025-07-14T09:09:03+00:00","breadcrumb":{"@id":"https:\/\/megapets.eu\/hu\/isopodak\/ugrok-pirostakarito-szemelyzet-kopia\/#breadcrumb"},"inLanguage":"hu","potentialAction":[{"@type":"ReadAction","target":["https:\/\/megapets.eu\/hu\/isopodak\/ugrok-pirostakarito-szemelyzet-kopia\/"]}]},{"@type":"ImageObject","inLanguage":"hu","@id":"https:\/\/megapets.eu\/hu\/isopodak\/ugrok-pirostakarito-szemelyzet-kopia\/#primaryimage","url":"https:\/\/megapets.eu\/wp-content\/uploads\/2025\/07\/skocz-1-1.png","contentUrl":"https:\/\/megapets.eu\/wp-content\/uploads\/2025\/07\/skocz-1-1.png","width":1053,"height":695},{"@type":"BreadcrumbList","@id":"https:\/\/megapets.eu\/hu\/isopodak\/ugrok-pirostakarito-szemelyzet-kopia\/#breadcrumb","itemListElement":[{"@type":"ListItem","position":1,"name":"Strona g\u0142\u00f3wna","item":"https:\/\/megapets.eu\/hu\/"},{"@type":"ListItem","position":2,"name":"Bolt","item":"https:\/\/megapets.eu\/bolt\/"},{"@type":"ListItem","position":3,"name":"Rug\u00f3fark\u00fa &#8222;s\u00e1rga\" Ceratophysella sp. &#8222;Lila s\u00e1rga alb\u00edn\u00f3\" &#8222;Takar\u00edt\u00f3 csapat\""}]},{"@type":"WebSite","@id":"https:\/\/megapets.eu\/hu\/#website","url":"https:\/\/megapets.eu\/hu\/","name":"Mega Pets","description":"Jedna z najwi\u0119kszych hodowli \u015blimak\u00f3w w Europie","publisher":{"@id":"https:\/\/megapets.eu\/hu\/#organization"},"alternateName":"Mega Pets","potentialAction":[{"@type":"SearchAction","target":{"@type":"EntryPoint","urlTemplate":"https:\/\/megapets.eu\/hu\/?s={search_term_string}"},"query-input":{"@type":"PropertyValueSpecification","valueRequired":true,"valueName":"search_term_string"}}],"inLanguage":"hu"},{"@type":"Organization","@id":"https:\/\/megapets.eu\/hu\/#organization","name":"Mega Pets","url":"https:\/\/megapets.eu\/hu\/","logo":{"@type":"ImageObject","inLanguage":"hu","@id":"https:\/\/megapets.eu\/hu\/#\/schema\/logo\/image\/","url":"https:\/\/megapets.eu\/wp-content\/uploads\/2025\/04\/megapets_eu-logo.png","contentUrl":"https:\/\/megapets.eu\/wp-content\/uploads\/2025\/04\/megapets_eu-logo.png","width":2362,"height":2362,"caption":"Mega Pets"},"image":{"@id":"https:\/\/megapets.eu\/hu\/#\/schema\/logo\/image\/"},"sameAs":["https:\/\/www.facebook.com\/MegaPets.eu\/"]}]}},"_links":{"self":[{"href":"https:\/\/megapets.eu\/hu\/wp-json\/wp\/v2\/product\/9746","targetHints":{"allow":["GET"]}}],"collection":[{"href":"https:\/\/megapets.eu\/hu\/wp-json\/wp\/v2\/product"}],"about":[{"href":"https:\/\/megapets.eu\/hu\/wp-json\/wp\/v2\/types\/product"}],"wp:featuredmedia":[{"embeddable":true,"href":"https:\/\/megapets.eu\/hu\/wp-json\/wp\/v2\/media\/9780"}],"wp:attachment":[{"href":"https:\/\/megapets.eu\/hu\/wp-json\/wp\/v2\/media?parent=9746"}],"wp:term":[{"taxonomy":"product_cat","embeddable":true,"href":"https:\/\/megapets.eu\/hu\/wp-json\/wp\/v2\/product_cat?post=9746"},{"taxonomy":"product_tag","embeddable":true,"href":"https:\/\/megapets.eu\/hu\/wp-json\/wp\/v2\/product_tag?post=9746"}],"curies":[{"name":"wp","href":"https:\/\/api.w.org\/{rel}","templated":true}]}}