{"id":7600,"date":"2024-10-06T20:40:07","date_gmt":"2024-10-06T20:40:07","guid":{"rendered":"https:\/\/megapets.eu\/consegna\/"},"modified":"2025-06-24T13:51:52","modified_gmt":"2025-06-24T13:51:52","slug":"consegna","status":"publish","type":"page","link":"https:\/\/megapets.eu\/it\/consegna\/","title":{"rendered":"Consegna"},"content":{"rendered":"<div class=\"wpb-content-wrapper\"><div class=\"porto-block\" data-id=\"6964\"><style>.wpb_custom_9bdc3fad9b77c07f8c32fe2d2273838e .porto-sicon-title{color: var(--porto-secondary-color);}.wpb_custom_9bdc3fad9b77c07f8c32fe2d2273838e.porto-sicon-mobile{--porto-infobox-mpos-align: center;}.wpb_custom_6e59a409a0311227dd42fdc628b1e726 .porto-sicon-title{color: #00a000;}.wpb_custom_6e59a409a0311227dd42fdc628b1e726.porto-sicon-mobile{--porto-infobox-mpos-align: center;}<\/style>.\r\n\r\n[vc_row][vc_column]<div class=\"porto-sicon-box  wpb_custom_9bdc3fad9b77c07f8c32fe2d2273838e style_1 default-icon flex-wrap\"><div class=\"porto-sicon-default\"><div class=\"porto-just-icon-wrapper porto-icon none\" style=\"color:var(--porto-secondary-color);font-size:24px;\"><i class=\"fas fa-th\"><\/i><\/div><\/div><div class=\"porto-sicon-header\"><h4 class=\"porto-sicon-title\" style=\"\">Paczkomaty<\/h4><\/div> <!-- header --><div class=\"porto-sicon-description\" style=\"\"><strong>Consegna al distributore di pacchi InPost:<\/strong> 15 z\u0142\r\nConsegna gratuita a partire da 75 z\u0142<\/div> <!-- description --><\/div><!-- porto-sicon-box --><div class=\"porto-sicon-box  wpb_custom_9bdc3fad9b77c07f8c32fe2d2273838e style_1 default-icon flex-wrap\"><div class=\"porto-sicon-default\"><div class=\"porto-just-icon-wrapper porto-icon none\" style=\"color:var(--porto-secondary-color);font-size:24px;\"><i class=\"fas fa-shipping-fast\"><\/i><\/div><\/div><div class=\"porto-sicon-header\"><h4 class=\"porto-sicon-title\" style=\"\">Consegne tramite corriere<\/h4><\/div> <!-- header --><div class=\"porto-sicon-description\" style=\"\"><strong>Corriere DPD:<\/strong> 12 z\u0142\r\nConsegna gratuita a partire da 65 z\u0142\r\n\r\n<strong>Corriere InPost:<\/strong> 15 z\u0142\r\nConsegna gratuita a partire da 75 z\u0142<\/div> <!-- description --><\/div><!-- porto-sicon-box -->[vc_empty_space]<div class=\"porto-sicon-box  wpb_custom_6e59a409a0311227dd42fdc628b1e726 style_1 default-icon flex-wrap\"><div class=\"porto-sicon-default\"><div class=\"porto-just-icon-wrapper porto-icon none\" style=\"color:#009100;font-size:24px;\"><i class=\"fas fa-globe-americas\"><\/i><\/div><\/div><div class=\"porto-sicon-header\"><h3 class=\"porto-sicon-title\" style=\"\">Spedizioni internazionali standard<\/h3><\/div> <!-- header --><div class=\"porto-sicon-description\" style=\"\"><strong>Spedizione all'estero:<\/strong> \u00a369\r\nInclude: Austria, Belgio, Repubblica Ceca, Danimarca, Estonia, Paesi Bassi, Lituania, Lussemburgo, Lettonia, Germania, Slovacchia, Ungheria\r\n\r\nConsegna gratuita da 650 z\u0142<\/div> <!-- description --><\/div><!-- porto-sicon-box --><div class=\"porto-sicon-box  wpb_custom_6e59a409a0311227dd42fdc628b1e726 style_1 default-icon flex-wrap\"><div class=\"porto-sicon-default\"><div class=\"porto-just-icon-wrapper porto-icon none\" style=\"color:#009100;font-size:24px;\"><i class=\"fas fa-globe\"><\/i><\/div><\/div><div class=\"porto-sicon-header\"><h3 class=\"porto-sicon-title\" style=\"\">Spedizioni internazionali standard<\/h3><\/div> <!-- header --><div class=\"porto-sicon-description\" style=\"\"><strong>Spedizione all'estero:<\/strong> \u00a399\r\nInclude: Bulgaria, Croazia, Finlandia, Francia, Grecia, Spagna, Irlanda, Portogallo, Romania, Slovenia, Svezia, Italia, Regno Unito, Svizzera.\r\n\r\nConsegna gratuita da 650 z\u0142<\/div> <!-- description --><\/div><!-- porto-sicon-box -->[vc_column_text css=\"\"]\ud83d\udce6 Spedizione in tutti i paesi dell'UE e in Inghilterra.[\/vc_column_text][\/vc_column][\/vc_row]<\/div>\n<\/div>","protected":false},"excerpt":{"rendered":". [vc_row][vc_column]Paczkomaty Consegna al distributore di pacchi InPost: 15 z\u0142 Consegna gratuita a partire da 75 z\u0142 Consegne tramite corriere Corriere DPD: 12 z\u0142 Consegna gratuita a partire da 65 z\u0142 Corriere InPost: 15 z\u0142 Consegna gratuita a partire da 75 z\u0142 [vc_empty_space]Spedizioni internazionali standard Spedizione all'estero: \u00a369 Include: Austria, Belgio, Repubblica Ceca, Danimarca, Estonia, [...]","protected":false},"author":4,"featured_media":0,"parent":0,"menu_order":0,"comment_status":"closed","ping_status":"closed","template":"","meta":{"_acf_changed":false,"footnotes":"","_links_to":"","_links_to_target":""},"class_list":["post-7600","page","type-page","status-publish","hentry"],"acf":[],"yoast_head":"<!-- This site is optimized with the Yoast SEO plugin v24.9 - https:\/\/yoast.com\/wordpress\/plugins\/seo\/ -->\n<title>Consegna | MegaPets<\/title>\n<meta name=\"robots\" content=\"index, follow, max-snippet:-1, max-image-preview:large, max-video-preview:-1\" \/>\n<link rel=\"canonical\" href=\"https:\/\/megapets.eu\/it\/consegna\/\" \/>\n<meta property=\"og:locale\" content=\"it_IT\" \/>\n<meta property=\"og:type\" content=\"article\" \/>\n<meta property=\"og:title\" content=\"Consegna | MegaPets\" \/>\n<meta property=\"og:url\" content=\"https:\/\/megapets.eu\/it\/consegna\/\" \/>\n<meta property=\"og:site_name\" content=\"MegaPets\" \/>\n<meta property=\"article:publisher\" content=\"https:\/\/www.facebook.com\/MegaPets.eu\/\" \/>\n<meta property=\"article:modified_time\" content=\"2025-06-24T13:51:52+00:00\" \/>\n<meta property=\"og:image\" content=\"https:\/\/megapets.eu\/wp-content\/uploads\/2025\/04\/megapets_eu-info-scaled.png\" \/>\n\t<meta property=\"og:image:width\" content=\"2560\" \/>\n\t<meta property=\"og:image:height\" content=\"1735\" \/>\n\t<meta property=\"og:image:type\" content=\"image\/png\" \/>\n<meta name=\"twitter:card\" content=\"summary_large_image\" \/>\n<script type=\"application\/ld+json\" class=\"yoast-schema-graph\">{\"@context\":\"https:\/\/schema.org\",\"@graph\":[{\"@type\":\"WebPage\",\"@id\":\"https:\/\/megapets.eu\/it\/consegna\/\",\"url\":\"https:\/\/megapets.eu\/it\/consegna\/\",\"name\":\"Consegna | MegaPets\",\"isPartOf\":{\"@id\":\"https:\/\/megapets.eu\/it\/#website\"},\"datePublished\":\"2024-10-06T20:40:07+00:00\",\"dateModified\":\"2025-06-24T13:51:52+00:00\",\"breadcrumb\":{\"@id\":\"https:\/\/megapets.eu\/it\/consegna\/#breadcrumb\"},\"inLanguage\":\"it-IT\",\"potentialAction\":[{\"@type\":\"ReadAction\",\"target\":[\"https:\/\/megapets.eu\/it\/consegna\/\"]}]},{\"@type\":\"BreadcrumbList\",\"@id\":\"https:\/\/megapets.eu\/it\/consegna\/#breadcrumb\",\"itemListElement\":[{\"@type\":\"ListItem\",\"position\":1,\"name\":\"Strona g\u0142\u00f3wna\",\"item\":\"https:\/\/megapets.eu\/it\/\"},{\"@type\":\"ListItem\",\"position\":2,\"name\":\"Consegna\"}]},{\"@type\":\"WebSite\",\"@id\":\"https:\/\/megapets.eu\/it\/#website\",\"url\":\"https:\/\/megapets.eu\/it\/\",\"name\":\"Mega Pets\",\"description\":\"Jedna z najwi\u0119kszych hodowli \u015blimak\u00f3w w Europie\",\"publisher\":{\"@id\":\"https:\/\/megapets.eu\/it\/#organization\"},\"alternateName\":\"Mega Pets\",\"potentialAction\":[{\"@type\":\"SearchAction\",\"target\":{\"@type\":\"EntryPoint\",\"urlTemplate\":\"https:\/\/megapets.eu\/it\/?s={search_term_string}\"},\"query-input\":{\"@type\":\"PropertyValueSpecification\",\"valueRequired\":true,\"valueName\":\"search_term_string\"}}],\"inLanguage\":\"it-IT\"},{\"@type\":\"Organization\",\"@id\":\"https:\/\/megapets.eu\/it\/#organization\",\"name\":\"Mega Pets\",\"url\":\"https:\/\/megapets.eu\/it\/\",\"logo\":{\"@type\":\"ImageObject\",\"inLanguage\":\"it-IT\",\"@id\":\"https:\/\/megapets.eu\/it\/#\/schema\/logo\/image\/\",\"url\":\"https:\/\/megapets.eu\/wp-content\/uploads\/2025\/04\/megapets_eu-logo.png\",\"contentUrl\":\"https:\/\/megapets.eu\/wp-content\/uploads\/2025\/04\/megapets_eu-logo.png\",\"width\":2362,\"height\":2362,\"caption\":\"Mega Pets\"},\"image\":{\"@id\":\"https:\/\/megapets.eu\/it\/#\/schema\/logo\/image\/\"},\"sameAs\":[\"https:\/\/www.facebook.com\/MegaPets.eu\/\"]}]}<\/script>\n<!-- \/ Yoast SEO plugin. -->","yoast_head_json":{"title":"Consegna | MegaPets","robots":{"index":"index","follow":"follow","max-snippet":"max-snippet:-1","max-image-preview":"max-image-preview:large","max-video-preview":"max-video-preview:-1"},"canonical":"https:\/\/megapets.eu\/it\/consegna\/","og_locale":"it_IT","og_type":"article","og_title":"Consegna | MegaPets","og_url":"https:\/\/megapets.eu\/it\/consegna\/","og_site_name":"MegaPets","article_publisher":"https:\/\/www.facebook.com\/MegaPets.eu\/","article_modified_time":"2025-06-24T13:51:52+00:00","og_image":[{"width":2560,"height":1735,"url":"https:\/\/megapets.eu\/wp-content\/uploads\/2025\/04\/megapets_eu-info-scaled.png","type":"image\/png"}],"twitter_card":"summary_large_image","schema":{"@context":"https:\/\/schema.org","@graph":[{"@type":"WebPage","@id":"https:\/\/megapets.eu\/it\/consegna\/","url":"https:\/\/megapets.eu\/it\/consegna\/","name":"Consegna | MegaPets","isPartOf":{"@id":"https:\/\/megapets.eu\/it\/#website"},"datePublished":"2024-10-06T20:40:07+00:00","dateModified":"2025-06-24T13:51:52+00:00","breadcrumb":{"@id":"https:\/\/megapets.eu\/it\/consegna\/#breadcrumb"},"inLanguage":"it-IT","potentialAction":[{"@type":"ReadAction","target":["https:\/\/megapets.eu\/it\/consegna\/"]}]},{"@type":"BreadcrumbList","@id":"https:\/\/megapets.eu\/it\/consegna\/#breadcrumb","itemListElement":[{"@type":"ListItem","position":1,"name":"Strona g\u0142\u00f3wna","item":"https:\/\/megapets.eu\/it\/"},{"@type":"ListItem","position":2,"name":"Consegna"}]},{"@type":"WebSite","@id":"https:\/\/megapets.eu\/it\/#website","url":"https:\/\/megapets.eu\/it\/","name":"Mega Pets","description":"Jedna z najwi\u0119kszych hodowli \u015blimak\u00f3w w Europie","publisher":{"@id":"https:\/\/megapets.eu\/it\/#organization"},"alternateName":"Mega Pets","potentialAction":[{"@type":"SearchAction","target":{"@type":"EntryPoint","urlTemplate":"https:\/\/megapets.eu\/it\/?s={search_term_string}"},"query-input":{"@type":"PropertyValueSpecification","valueRequired":true,"valueName":"search_term_string"}}],"inLanguage":"it-IT"},{"@type":"Organization","@id":"https:\/\/megapets.eu\/it\/#organization","name":"Mega Pets","url":"https:\/\/megapets.eu\/it\/","logo":{"@type":"ImageObject","inLanguage":"it-IT","@id":"https:\/\/megapets.eu\/it\/#\/schema\/logo\/image\/","url":"https:\/\/megapets.eu\/wp-content\/uploads\/2025\/04\/megapets_eu-logo.png","contentUrl":"https:\/\/megapets.eu\/wp-content\/uploads\/2025\/04\/megapets_eu-logo.png","width":2362,"height":2362,"caption":"Mega Pets"},"image":{"@id":"https:\/\/megapets.eu\/it\/#\/schema\/logo\/image\/"},"sameAs":["https:\/\/www.facebook.com\/MegaPets.eu\/"]}]}},"_links":{"self":[{"href":"https:\/\/megapets.eu\/it\/wp-json\/wp\/v2\/pages\/7600","targetHints":{"allow":["GET"]}}],"collection":[{"href":"https:\/\/megapets.eu\/it\/wp-json\/wp\/v2\/pages"}],"about":[{"href":"https:\/\/megapets.eu\/it\/wp-json\/wp\/v2\/types\/page"}],"author":[{"embeddable":true,"href":"https:\/\/megapets.eu\/it\/wp-json\/wp\/v2\/users\/4"}],"replies":[{"embeddable":true,"href":"https:\/\/megapets.eu\/it\/wp-json\/wp\/v2\/comments?post=7600"}],"version-history":[{"count":1,"href":"https:\/\/megapets.eu\/it\/wp-json\/wp\/v2\/pages\/7600\/revisions"}],"predecessor-version":[{"id":7654,"href":"https:\/\/megapets.eu\/it\/wp-json\/wp\/v2\/pages\/7600\/revisions\/7654"}],"wp:attachment":[{"href":"https:\/\/megapets.eu\/it\/wp-json\/wp\/v2\/media?parent=7600"}],"curies":[{"name":"wp","href":"https:\/\/api.w.org\/{rel}","templated":true}]}}