{"id":7603,"date":"2023-02-10T14:50:00","date_gmt":"2023-02-10T14:50:00","guid":{"rendered":"https:\/\/megapets.eu\/informativa-sulla-privacy\/"},"modified":"2025-06-24T13:51:52","modified_gmt":"2025-06-24T13:51:52","slug":"informativa-sulla-privacy","status":"publish","type":"page","link":"https:\/\/megapets.eu\/it\/informativa-sulla-privacy\/","title":{"rendered":"Informativa sulla privacy"},"content":{"rendered":"<p><b>\u00a71 PRINCIPI DI TRATTAMENTO DEI DATI PERSONALI<\/b><\/p>\n<ol>\n<li>L&#8217;amministratore dei tuoi dati personali forniti su questo sito web \u00e8 <b>MegaPets Serhii Bondariuk<\/b><span class=\"Apple-converted-space\"> <\/span><b> <\/b>con sede legale al seguente indirizzo: MA\u0141OPOLSKIE voivodship, Krakowski poviat, Skawina commune, loc. Skawina, ul. Lipowa, nr 5a, lok. 2, 32-050, NIP 9442289433, tel. 796965220.<\/li>\n<li>Ai sensi dell&#8217;articolo 13, paragrafi 1 e 2, del Regolamento generale sulla protezione dei dati del 27 aprile 2016, di seguito troverai le informazioni necessarie per il trattamento dei dati personali da parte dell&#8217;Amministratore.<span class=\"Apple-converted-space\"> <\/span><\/li>\n<li>I dati personali trattati sul sito web sottostante potranno essere utilizzati per:<\/li>\n<li>concludere ed eseguire il contratto per la fornitura di Servizi stipulato da te con l&#8217;Amministratore dei Dati Personali (sulla base dell&#8217;Articolo 6(1)(b) RODO),<\/li>\n<li>concludere ed eseguire il Contratto di Vendita stipulato da te con l&#8217;Amministratore dei Dati Personali (sulla base dell&#8217;Articolo 6(1)(b) RODO),<\/li>\n<li>eventuale instaurazione, indagine o difesa da reclami, che \u00e8 il nostro legittimo interesse (sulla base dell&#8217;Articolo 6(1)(f) RODO), eventuale instaurazione, indagine o difesa da reclami, che \u00e8 il nostro legittimo interesse (sulla base dell&#8217;Articolo 6(1)(f) RODO). f RODO),<\/li>\n<li>per offrirti prodotti e servizi direttamente da noi, che \u00e8 il nostro legittimo interesse (base dell&#8217;Art. 6(1)(f) RODO),<\/li>\n<li>per offrirti prodotti e aziende che collaborano con noi direttamente da noi, che \u00e8 il legittimo interesse nostro e dei nostri partner (base dell&#8217;Art. 6(1)(f) RODO)<\/li>\n<li>per inviarti informazioni commerciali sui Prodotti e Servizi dell&#8217;Amministratore dei Dati Personali sulla base del tuo consenso (base dell&#8217;Art. 6(1)(a) RODO). 6(1)(a) RODO);<\/li>\n<li>per adempiere ai nostri obblighi legali, ad esempio relativi alla contabilit\u00e0 (base dell&#8217;art. 6(1)(c) RODO)<span class=\"Apple-converted-space\"> <\/span><\/li>\n<li>Tratteremo categorie di tuoi dati personali quali dati identificativi di base, dati relativi alla tua residenza, dati relativi alla tua attivit\u00e0 commerciale e dati relativi alla possibilit\u00e0 di contattarti.<span class=\"Apple-converted-space\"> <\/span><\/li>\n<li>Potremmo condividere i tuoi dati personali con le seguenti categorie di soggetti:<span class=\"Apple-converted-space\"> <\/span><\/li>\n<\/ol>\n<ul>\n<li>subappaltatori, ossia soggetti di cui ci avvaliamo per l&#8217;elaborazione;<\/li>\n<li>partner commerciali le cui offerte completano le nostre offerte;<span class=\"Apple-converted-space\"> <\/span><\/li>\n<\/ul>\n<ol start=\"13\">\n<li>Non trasferiamo i tuoi dati al di fuori dell&#8217;UE\/SEE.<span class=\"Apple-converted-space\"> <\/span><\/li>\n<li>I tuoi Dati Personali saranno trattati e conservati dal momento in cui sono stati ottenuti dall&#8217;Amministratore dei Dati Personali fino alla cessazione della fornitura dei Servizi all&#8217;utente, nonch\u00e9 dopo tale periodo per le seguenti finalit\u00e0:<span class=\"Apple-converted-space\"> <\/span><\/li>\n<\/ol>\n<ul>\n<li>per far valere diritti in relazione all&#8217;esecuzione del contratto;<span class=\"Apple-converted-space\"> <\/span><\/li>\n<li>per adempiere agli obblighi derivanti dalla legge, tra cui in particolare quelli fiscali e contabili;<span class=\"Apple-converted-space\"> <\/span><\/li>\n<li>marketing fino a quando non ti opporrai al loro trattamento per questo scopo, ritirerai il tuo consenso o noi stessi stabiliremo che sono diventati obsoleti.<span class=\"Apple-converted-space\"> <\/span><\/li>\n<\/ul>\n<ol start=\"15\">\n<li>Il conferimento dei dati \u00e8 facoltativo, ma il mancato conferimento comporter\u00e0 l&#8217;impossibilit\u00e0 di fornirti i Servizi, di rispondere alle tue richieste, di contattarti, di concludere un contratto di vendita e di ricevere informazioni di marketing.<\/li>\n<li>L&#8217;Amministratore garantir\u00e0 che i dati siano raccolti, elaborati e utilizzati in conformit\u00e0 alle disposizioni della legge sulla protezione dei dati applicabile al paese in cui i dati sono raccolti.<span class=\"Apple-converted-space\"> <\/span><\/li>\n<li>L&#8217;Amministratore pu\u00f2 utilizzare la profilazione sul Sito web per scopi di marketing diretto, ma le decisioni prese sulla sua base dall&#8217;Amministratore non riguardano la conclusione o il rifiuto di un Contratto di servizio o la possibilit\u00e0 di utilizzare i Servizi elettronici sul Sito web. L&#8217;effetto dell&#8217;utilizzo della profilazione sul Sito web pu\u00f2 essere, ad esempio, quello di concedere a una persona uno sconto, di inviarle un codice sconto, di ricordarle acquisti non completati, di inviarle una proposta per un Servizio che possa corrispondere agli interessi o alle preferenze della persona o di offrirle condizioni migliori rispetto all&#8217;offerta standard del Sito web. Nonostante la profilazione, \u00e8 l&#8217;individuo a decidere liberamente se vuole approfittare dello sconto ricevuto in questo modo o delle condizioni migliori e fare un acquisto sul Sito.<\/li>\n<li>La profilazione sul Sito comporta l&#8217;analisi o la previsione automatica del comportamento dell&#8217;individuo sul Sito, ad esempio aggiungendo un determinato Servizio al carrello, navigando nella pagina di un determinato Servizio sul Sito o analizzando la storia precedente degli acquisti effettuati sul Sito. La condizione per tale profilazione \u00e8 che l&#8217;Amministratore disponga dei dati personali della persona in questione per poterle successivamente inviare, ad esempio, un codice sconto.<\/li>\n<\/ol>\n<p><b>\u00a72 DIRITTI RELATIVI AL TRATTAMENTO DEI DATI PERSONALI<\/b><\/p>\n<p><b>DA PARTE DELL&#8217;AMMINISTRATORE<span class=\"Apple-converted-space\"> <\/span><\/b><\/p>\n<p><b>IMPORTANTE! <\/b>Vale la pena ricordare che hai il diritto di presentare un reclamo alla DOP qualora ritenga che il trattamento dei dati personali violi le disposizioni del Regolamento generale sulla protezione dei dati del 27 aprile 2016.<\/p>\n<p>In relazione al trattamento dei tuoi dati personali da parte del Titolare, hai il diritto di:<\/p>\n<ol>\n<li>accedere ai tuoi dati personali e riceverne una copia;<span class=\"Apple-converted-space\"> <\/span><\/li>\n<li>rettificare (modificare i tuoi dati);<\/li>\n<li>cancellare i tuoi dati<span class=\"Apple-converted-space\"> <\/span><\/li>\n<\/ol>\n<p><b>IMPORTANTE! <\/b>Se a tuo parere non ci sono motivi per trattare i tuoi dati, puoi richiedere la cancellazione dei tuoi dati.<span class=\"Apple-converted-space\"> <\/span><\/p>\n<ol start=\"4\">\n<li>limitare il trattamento dei tuoi dati personali;<\/li>\n<\/ol>\n<p><b>IMPORTANTE! <\/b>Puoi chiederci di limitare il trattamento dei tuoi dati personali alla sola conservazione o all&#8217;esecuzione di attivit\u00e0 concordate con te, se a tuo parere abbiamo dati errati su di te o li stiamo trattando in modo infondato; oppure se non vuoi che li cancelliamo perch\u00e9 ne hai bisogno per stabilire, far valere o difendere un diritto; oppure per la durata della tua opposizione al trattamento.<span class=\"Apple-converted-space\"> <\/span><\/p>\n<ol start=\"5\">\n<li>per opporti al trattamento dei tuoi dati personali;<span class=\"Apple-converted-space\"> <\/span><\/li>\n<li>alla portabilit\u00e0 dei dati;<span class=\"Apple-converted-space\"> <\/span><\/li>\n<\/ol>\n<p><b>IMPORTANTE! <\/b>Hai il diritto di ricevere da noi i tuoi dati personali in un formato strutturato, comunemente utilizzato e leggibile da una macchina. Puoi anche chiederci di inviare tali dati direttamente a un&#8217;altra parte.<span class=\"Apple-converted-space\"> <\/span><\/p>\n<ol start=\"7\">\n<li>il diritto di presentare un reclamo a un&#8217;autorit\u00e0 di controllo;<span class=\"Apple-converted-space\"> <\/span><\/li>\n<li>il diritto di revocare il consenso al trattamento dei tuoi dati personali<\/li>\n<\/ol>\n<p><b>IMPORTANTE! Per esercitare uno dei diritti sopra menzionati, sei pregato di inviare un&#8217;e-mail al Titolare del trattamento dei dati personali. La tua richiesta sar\u00e0 evasa immediatamente.<\/b><\/p>\n<p><b>\u00a73 AMBITO DEL TRATTAMENTO DEI DATI<\/b><\/p>\n<ol>\n<li>Quando utilizzi il sito web<b> <\/b>, alcuni dati vengono memorizzati automaticamente sui server del Titolare del sito web per finalit\u00e0 di amministrazione del sistema o per finalit\u00e0 statistiche o di backup. I suddetti dati includono:<span class=\"Apple-converted-space\"> <\/span><\/li>\n<\/ol>\n<ul>\n<li>il nome del tuo provider di accesso a Internet;<span class=\"Apple-converted-space\"> <\/span><\/li>\n<li>l&#8217;indirizzo IP;<span class=\"Apple-converted-space\"> <\/span><\/li>\n<li>la versione del software del browser;<span class=\"Apple-converted-space\"> <\/span><\/li>\n<li>il sistema operativo del computer; <span class=\"Apple-converted-space\"> <\/span><\/li>\n<li>i log di sistema;<span class=\"Apple-converted-space\"> <\/span><\/li>\n<\/ul>\n<ol start=\"2\">\n<li>l&#8217;Amministratore dei Dati Personali tratta i dati personali dell&#8217;Utente quali:<span class=\"Apple-converted-space\"> <\/span><\/li>\n<\/ol>\n<ul>\n<li>nome e cognome o il nome della societ\u00e0;<span class=\"Apple-converted-space\"> <\/span><\/li>\n<li>l&#8217;indirizzo;<\/li>\n<li>l&#8217;indirizzo e-mail;<\/li>\n<li>il numero di telefono di contatto<\/li>\n<li>il numero NIP;<span class=\"Apple-converted-space\"> <\/span><\/li>\n<\/ul>\n<p><b>\u00a74 COOKIES PLICKS<span class=\"Apple-converted-space\"> <\/span><\/b><\/p>\n<ol>\n<li>Il Sito Web utilizza i cookies.<\/li>\n<li>I cookies (i cosiddetti &#8220;cookies\") sono dati informatici, in particolare file di testo, che vengono memorizzati nel dispositivo finale dell&#8217;Utente del sito web<b> <\/b>e sono destinati all&#8217;utilizzo dei siti web del Sito. I cookie contengono solitamente il nome del sito web da cui provengono, l&#8217;ora di memorizzazione sul dispositivo finale e un numero univoco.<\/li>\n<li>Il soggetto che inserisce sul dispositivo finale dell&#8217;Utente del sito web<b> <\/b>i cookie e ne ottiene l&#8217;accesso \u00e8 il Proprietario del sito web<\/li>\n<li>. I cookie vengono utilizzati per le seguenti finalit\u00e0:\n<ol>\n<li>creare statistiche che aiutino a capire come gli utenti del sito web<b> <\/b>utilizzano i siti web, il che consente di migliorarne la struttura e i contenuti,<\/li>\n<li>mantenere la sessione dell&#8217;Utente del sito web<b> <\/b>(dopo aver effettuato il login), grazie alla quale l&#8217;Utente non deve reinserire il proprio login e la propria password in ogni sottopagina del sito web<b> <\/b>,<\/li>\n<li>determinare il profilo dell&#8217;utente al fine di mostrargli materiale personalizzato nelle reti pubblicitarie, in particolare la rete Google.<\/li>\n<\/ol>\n<\/li>\n<li>Il sito web<b> <\/b>utilizza due tipi principali di cookie: Cookie &#8220;di sessione\" e Cookie &#8220;permanenti\" (cookie persistenti). I cookie &#8220;di sessione\" sono file temporanei che vengono memorizzati sul terminale dell&#8217;Utente fino al momento in cui l&#8217;Utente si disconnette, abbandona il sito web o spegne il software (browser Internet). I cookie &#8220;permanenti\" vengono memorizzati sul dispositivo finale dell&#8217;Utente per il tempo specificato nei parametri dei cookie o fino a quando non vengono cancellati dall&#8217;Utente.<\/li>\n<li>Il software di navigazione web (browser Internet) di solito consente la memorizzazione dei cookie sul dispositivo finale dell&#8217;Utente per impostazione predefinita. Gli utenti del sito web<b> <\/b>possono modificare le proprie impostazioni in merito. Il browser web consente di eliminare i cookie. \u00c8 inoltre possibile bloccare automaticamente i cookie. Informazioni dettagliate su questo argomento sono disponibili nella guida o nella documentazione del browser Internet.<\/li>\n<li>Le limitazioni all&#8217;uso dei cookie possono influire su alcune funzionalit\u00e0 disponibili sui siti web del Servizio Internet<\/li>\n<li>. I cookie vengono installati sul dispositivo finale dell&#8217;Utente del Servizio Internet<b> <\/b>e possono essere utilizzati anche da inserzionisti e partner che collaborano con il proprietario del Servizio Internet<b> <\/b>.<\/li>\n<li>Si consiglia di leggere l&#8217;informativa sulla privacy di queste aziende per conoscere i principi di utilizzo dei cookie utilizzati nelle statistiche: Informativa sulla privacy di Google Analytics.<\/li>\n<li>I cookie possono essere utilizzati dalle reti pubblicitarie, in particolare dalla rete Google, per visualizzare annunci pubblicitari personalizzati in base al modo in cui l&#8217;utente utilizza il Sito web. A tal fine, possono conservare informazioni sul percorso di navigazione dell&#8217;utente o sul tempo trascorso su una determinata pagina.<\/li>\n<li>Per quanto riguarda le informazioni sulle preferenze dell&#8217;utente raccolte dalla rete pubblicitaria di Google, l&#8217;utente pu\u00f2 visualizzare e modificare le informazioni risultanti dai cookie utilizzando il seguente strumento: https:\/\/www.google.com\/ads\/preferences\/<\/li>\n<li>Gestione dei cookie &#8211; come dare e ritirare il consenso nella pratica?\n<ol>\n<li>Se l&#8217;utente non desidera ricevere i cookie, pu\u00f2 modificare le impostazioni del proprio browser. Precisiamo che la disabilitazione dei cookie necessari per i processi di autenticazione, sicurezza e mantenimento delle preferenze dell&#8217;utente pu\u00f2 ostacolare e, in casi estremi, rendere impossibile l&#8217;utilizzo dei siti web<\/li>\n<li>Per gestire le impostazioni dei cookie, seleziona il tuo browser\/sistema Internet dall&#8217;elenco seguente e segui le istruzioni:<\/li>\n<\/ol>\n<\/li>\n<\/ol>\n<ul>\n<li>Internet Explorer &#8211; https:\/\/support.microsoft.com\/en-en\/kb\/196955<\/li>\n<li>Chrome &#8211; https:\/\/support.google.com\/chrome\/answer\/95647?hl=pl<\/li>\n<li>Safari &#8211; https:\/\/support.apple.com\/kb\/PH5042?locale=pl_PL<\/li>\n<li>Firefox- https:\/\/support.mozilla.org\/pl\/kb\/W%C5%82%C4%85czanie%20i%20wy%C5%82%C4%85czanie%20obs%C5%82ugi%20ciaeczek<\/li>\n<li>Opera &#8211; http:\/\/help.opera.com\/Windows\/12.10\/pl\/cookies.html<\/li>\n<\/ul>\n<ol start=\"13\">\n<li>Ogni Utente ha il diritto di rivolgere opinioni, commenti e domande riguardanti la riservatezza delle informazioni e la politica sulla privacy all&#8217;Amministratore dei Dati Personali. A tal fine, dovr\u00e0 indirizzarle al seguente indirizzo e-mail: contact@megapets.eu.<\/li>\n<\/ol>\n","protected":false},"excerpt":{"rendered":"<p>\u00a71 PRINCIPI DI TRATTAMENTO DEI DATI PERSONALI L&#8217;amministratore dei tuoi dati personali forniti su questo sito web \u00e8 MegaPets Serhii Bondariuk con sede legale al seguente indirizzo: MA\u0141OPOLSKIE voivodship, Krakowski poviat, Skawina commune, loc. Skawina, ul. Lipowa, nr 5a, lok. 2, 32-050, NIP 9442289433, tel. 796965220. Ai sensi dell&#8217;articolo 13, paragrafi 1 e 2, del [&hellip;]<\/p>\n","protected":false},"author":4,"featured_media":0,"parent":0,"menu_order":0,"comment_status":"closed","ping_status":"closed","template":"","meta":{"_acf_changed":false,"footnotes":"","_links_to":"","_links_to_target":""},"class_list":["post-7603","page","type-page","status-publish","hentry"],"acf":[],"yoast_head":"<!-- This site is optimized with the Yoast SEO plugin v24.9 - https:\/\/yoast.com\/wordpress\/plugins\/seo\/ -->\n<title>Informativa sulla privacy | MegaPets<\/title>\n<meta name=\"robots\" content=\"index, follow, max-snippet:-1, max-image-preview:large, max-video-preview:-1\" \/>\n<link rel=\"canonical\" href=\"https:\/\/megapets.eu\/it\/informativa-sulla-privacy\/\" \/>\n<meta property=\"og:locale\" content=\"it_IT\" \/>\n<meta property=\"og:type\" content=\"article\" \/>\n<meta property=\"og:title\" content=\"Informativa sulla privacy | MegaPets\" \/>\n<meta property=\"og:description\" content=\"\u00a71 PRINCIPI DI TRATTAMENTO DEI DATI PERSONALI L&#8217;amministratore dei tuoi dati personali forniti su questo sito web \u00e8 MegaPets Serhii Bondariuk con sede legale al seguente indirizzo: MA\u0141OPOLSKIE voivodship, Krakowski poviat, Skawina commune, loc. Skawina, ul. Lipowa, nr 5a, lok. 2, 32-050, NIP 9442289433, tel. 796965220. Ai sensi dell&#8217;articolo 13, paragrafi 1 e 2, del [&hellip;]\" \/>\n<meta property=\"og:url\" content=\"https:\/\/megapets.eu\/it\/informativa-sulla-privacy\/\" \/>\n<meta property=\"og:site_name\" content=\"MegaPets\" \/>\n<meta property=\"article:publisher\" content=\"https:\/\/www.facebook.com\/MegaPets.eu\/\" \/>\n<meta property=\"article:modified_time\" content=\"2025-06-24T13:51:52+00:00\" \/>\n<meta property=\"og:image\" content=\"https:\/\/megapets.eu\/wp-content\/uploads\/2025\/04\/megapets_eu-info-scaled.png\" \/>\n\t<meta property=\"og:image:width\" content=\"2560\" \/>\n\t<meta property=\"og:image:height\" content=\"1735\" \/>\n\t<meta property=\"og:image:type\" content=\"image\/png\" \/>\n<meta name=\"twitter:card\" content=\"summary_large_image\" \/>\n<meta name=\"twitter:label1\" content=\"Tempo di lettura stimato\" \/>\n\t<meta name=\"twitter:data1\" content=\"8 minuto\" \/>\n<script type=\"application\/ld+json\" class=\"yoast-schema-graph\">{\"@context\":\"https:\/\/schema.org\",\"@graph\":[{\"@type\":\"WebPage\",\"@id\":\"https:\/\/megapets.eu\/it\/informativa-sulla-privacy\/\",\"url\":\"https:\/\/megapets.eu\/it\/informativa-sulla-privacy\/\",\"name\":\"Informativa sulla privacy | MegaPets\",\"isPartOf\":{\"@id\":\"https:\/\/megapets.eu\/it\/#website\"},\"datePublished\":\"2023-02-10T14:50:00+00:00\",\"dateModified\":\"2025-06-24T13:51:52+00:00\",\"breadcrumb\":{\"@id\":\"https:\/\/megapets.eu\/it\/informativa-sulla-privacy\/#breadcrumb\"},\"inLanguage\":\"it-IT\",\"potentialAction\":[{\"@type\":\"ReadAction\",\"target\":[\"https:\/\/megapets.eu\/it\/informativa-sulla-privacy\/\"]}]},{\"@type\":\"BreadcrumbList\",\"@id\":\"https:\/\/megapets.eu\/it\/informativa-sulla-privacy\/#breadcrumb\",\"itemListElement\":[{\"@type\":\"ListItem\",\"position\":1,\"name\":\"Strona g\u0142\u00f3wna\",\"item\":\"https:\/\/megapets.eu\/it\/\"},{\"@type\":\"ListItem\",\"position\":2,\"name\":\"Informativa sulla privacy\"}]},{\"@type\":\"WebSite\",\"@id\":\"https:\/\/megapets.eu\/it\/#website\",\"url\":\"https:\/\/megapets.eu\/it\/\",\"name\":\"Mega Pets\",\"description\":\"Jedna z najwi\u0119kszych hodowli \u015blimak\u00f3w w Europie\",\"publisher\":{\"@id\":\"https:\/\/megapets.eu\/it\/#organization\"},\"alternateName\":\"Mega Pets\",\"potentialAction\":[{\"@type\":\"SearchAction\",\"target\":{\"@type\":\"EntryPoint\",\"urlTemplate\":\"https:\/\/megapets.eu\/it\/?s={search_term_string}\"},\"query-input\":{\"@type\":\"PropertyValueSpecification\",\"valueRequired\":true,\"valueName\":\"search_term_string\"}}],\"inLanguage\":\"it-IT\"},{\"@type\":\"Organization\",\"@id\":\"https:\/\/megapets.eu\/it\/#organization\",\"name\":\"Mega Pets\",\"url\":\"https:\/\/megapets.eu\/it\/\",\"logo\":{\"@type\":\"ImageObject\",\"inLanguage\":\"it-IT\",\"@id\":\"https:\/\/megapets.eu\/it\/#\/schema\/logo\/image\/\",\"url\":\"https:\/\/megapets.eu\/wp-content\/uploads\/2025\/04\/megapets_eu-logo.png\",\"contentUrl\":\"https:\/\/megapets.eu\/wp-content\/uploads\/2025\/04\/megapets_eu-logo.png\",\"width\":2362,\"height\":2362,\"caption\":\"Mega Pets\"},\"image\":{\"@id\":\"https:\/\/megapets.eu\/it\/#\/schema\/logo\/image\/\"},\"sameAs\":[\"https:\/\/www.facebook.com\/MegaPets.eu\/\"]}]}<\/script>\n<!-- \/ Yoast SEO plugin. -->","yoast_head_json":{"title":"Informativa sulla privacy | MegaPets","robots":{"index":"index","follow":"follow","max-snippet":"max-snippet:-1","max-image-preview":"max-image-preview:large","max-video-preview":"max-video-preview:-1"},"canonical":"https:\/\/megapets.eu\/it\/informativa-sulla-privacy\/","og_locale":"it_IT","og_type":"article","og_title":"Informativa sulla privacy | MegaPets","og_description":"\u00a71 PRINCIPI DI TRATTAMENTO DEI DATI PERSONALI L&#8217;amministratore dei tuoi dati personali forniti su questo sito web \u00e8 MegaPets Serhii Bondariuk con sede legale al seguente indirizzo: MA\u0141OPOLSKIE voivodship, Krakowski poviat, Skawina commune, loc. Skawina, ul. Lipowa, nr 5a, lok. 2, 32-050, NIP 9442289433, tel. 796965220. Ai sensi dell&#8217;articolo 13, paragrafi 1 e 2, del [&hellip;]","og_url":"https:\/\/megapets.eu\/it\/informativa-sulla-privacy\/","og_site_name":"MegaPets","article_publisher":"https:\/\/www.facebook.com\/MegaPets.eu\/","article_modified_time":"2025-06-24T13:51:52+00:00","og_image":[{"width":2560,"height":1735,"url":"https:\/\/megapets.eu\/wp-content\/uploads\/2025\/04\/megapets_eu-info-scaled.png","type":"image\/png"}],"twitter_card":"summary_large_image","twitter_misc":{"Tempo di lettura stimato":"8 minuto"},"schema":{"@context":"https:\/\/schema.org","@graph":[{"@type":"WebPage","@id":"https:\/\/megapets.eu\/it\/informativa-sulla-privacy\/","url":"https:\/\/megapets.eu\/it\/informativa-sulla-privacy\/","name":"Informativa sulla privacy | MegaPets","isPartOf":{"@id":"https:\/\/megapets.eu\/it\/#website"},"datePublished":"2023-02-10T14:50:00+00:00","dateModified":"2025-06-24T13:51:52+00:00","breadcrumb":{"@id":"https:\/\/megapets.eu\/it\/informativa-sulla-privacy\/#breadcrumb"},"inLanguage":"it-IT","potentialAction":[{"@type":"ReadAction","target":["https:\/\/megapets.eu\/it\/informativa-sulla-privacy\/"]}]},{"@type":"BreadcrumbList","@id":"https:\/\/megapets.eu\/it\/informativa-sulla-privacy\/#breadcrumb","itemListElement":[{"@type":"ListItem","position":1,"name":"Strona g\u0142\u00f3wna","item":"https:\/\/megapets.eu\/it\/"},{"@type":"ListItem","position":2,"name":"Informativa sulla privacy"}]},{"@type":"WebSite","@id":"https:\/\/megapets.eu\/it\/#website","url":"https:\/\/megapets.eu\/it\/","name":"Mega Pets","description":"Jedna z najwi\u0119kszych hodowli \u015blimak\u00f3w w Europie","publisher":{"@id":"https:\/\/megapets.eu\/it\/#organization"},"alternateName":"Mega Pets","potentialAction":[{"@type":"SearchAction","target":{"@type":"EntryPoint","urlTemplate":"https:\/\/megapets.eu\/it\/?s={search_term_string}"},"query-input":{"@type":"PropertyValueSpecification","valueRequired":true,"valueName":"search_term_string"}}],"inLanguage":"it-IT"},{"@type":"Organization","@id":"https:\/\/megapets.eu\/it\/#organization","name":"Mega Pets","url":"https:\/\/megapets.eu\/it\/","logo":{"@type":"ImageObject","inLanguage":"it-IT","@id":"https:\/\/megapets.eu\/it\/#\/schema\/logo\/image\/","url":"https:\/\/megapets.eu\/wp-content\/uploads\/2025\/04\/megapets_eu-logo.png","contentUrl":"https:\/\/megapets.eu\/wp-content\/uploads\/2025\/04\/megapets_eu-logo.png","width":2362,"height":2362,"caption":"Mega Pets"},"image":{"@id":"https:\/\/megapets.eu\/it\/#\/schema\/logo\/image\/"},"sameAs":["https:\/\/www.facebook.com\/MegaPets.eu\/"]}]}},"_links":{"self":[{"href":"https:\/\/megapets.eu\/it\/wp-json\/wp\/v2\/pages\/7603","targetHints":{"allow":["GET"]}}],"collection":[{"href":"https:\/\/megapets.eu\/it\/wp-json\/wp\/v2\/pages"}],"about":[{"href":"https:\/\/megapets.eu\/it\/wp-json\/wp\/v2\/types\/page"}],"author":[{"embeddable":true,"href":"https:\/\/megapets.eu\/it\/wp-json\/wp\/v2\/users\/4"}],"replies":[{"embeddable":true,"href":"https:\/\/megapets.eu\/it\/wp-json\/wp\/v2\/comments?post=7603"}],"version-history":[{"count":1,"href":"https:\/\/megapets.eu\/it\/wp-json\/wp\/v2\/pages\/7603\/revisions"}],"predecessor-version":[{"id":7656,"href":"https:\/\/megapets.eu\/it\/wp-json\/wp\/v2\/pages\/7603\/revisions\/7656"}],"wp:attachment":[{"href":"https:\/\/megapets.eu\/it\/wp-json\/wp\/v2\/media?parent=7603"}],"curies":[{"name":"wp","href":"https:\/\/api.w.org\/{rel}","templated":true}]}}