{"id":7808,"date":"2025-03-10T19:55:03","date_gmt":"2025-03-10T19:55:03","guid":{"rendered":"https:\/\/megapets.eu\/il-nas\/"},"modified":"2025-06-24T13:59:02","modified_gmt":"2025-06-24T13:59:02","slug":"il-nas","status":"publish","type":"page","link":"https:\/\/megapets.eu\/it\/il-nas\/","title":{"rendered":"Il nas"},"content":{"rendered":"<div class=\"wpb-content-wrapper\"><p>[vc_row wrap_container=\"yes\" content_placement=\"middle\" disable_element=\"yes\" css=\".vc_custom_1728567193846{margin-bottom: 0px !important;background-color: var(&#8211;porto-light-color) !important;}\" el_class=\"p-t-xxl p-b-xxl\" conditional_render=\"%5B%7B%22value_role%22%3A%22administrator%22%7D%5D\"][vc_column el_class=\"m-t-md mb-1 p-b-xs\" offset=\"vc_col-md-6&#8243;]<div class=\"porto-carousel owl-carousel has-ccols ccols-md-2 ccols-1 mb-0 custom-image-gallery wpb_custom_9c482bfa696627324799fc9434842f1d\" data-plugin-options=\"{&quot;themeConfig&quot;:true,&quot;stagePadding&quot;:0,&quot;margin&quot;:0,&quot;autoplay&quot;:&quot;yes&quot;,&quot;mouseDrag&quot;:true,&quot;touchDrag&quot;:true,&quot;autoplayTimeout&quot;:5000,&quot;autoplayHoverPause&quot;:false,&quot;items&quot;:1,&quot;xl&quot;:1,&quot;lg&quot;:1,&quot;md&quot;:2,&quot;sm&quot;:1,&quot;xs&quot;:1,&quot;nav&quot;:false,&quot;dots&quot;:false,&quot;animateIn&quot;:&quot;fadeInUp&quot;,&quot;animateOut&quot;:&quot;&quot;,&quot;loop&quot;:&quot;yes&quot;,&quot;center&quot;:false,&quot;video&quot;:false,&quot;lazyLoad&quot;:false,&quot;fullscreen&quot;:false}\">[vc_single_image image=\"7566&#8243; img_size=\"full\" alignment=\"center\" css=\"\"][vc_single_image image=\"7568&#8243; img_size=\"full\" alignment=\"center\" css=\"\"]<\/div>[\/vc_column][vc_column el_class=\"m-t-md pl-lg-5 mb-lg-1 mb-4 p-b-xs\" css=\".vc_custom_1651545089419{padding-top: 2px !important;}\" offset=\"vc_col-md-6&#8243;]<div class=\"porto-u-heading  wpb_custom_2d96707358ad3b10ec1417db1dc46af3 porto-u-2179 \" data-appear-animation=\"fadeIn\" data-appear-animation-delay=\"250\"><div class=\"porto-u-main-heading\"><h2   style=\"color:#3e3e3e;margin-bottom: 24px;\">Benvenuti a MegaPets, uno degli allevamenti pi\u00f9 grandi d&#039;Europa<\/h2><\/div><div class=\"porto-u-sub-heading\" style=\"margin-bottom:23px;\">Domani una seduta d&#39;\u00e9lite amet leo accumsan volutpat. Suspendisse hendreriast ehicula leo, vel efficitur felis ultrices non. Domani un&#39;\u00e9lite sieder\u00e0 amet leo acun volutpat. Suspendisse hendrerit ehicula leo, vel efficitur felis ultrices non.<\/div><style>.porto-u-2179.porto-u-heading{text-align:left}<\/style><\/div><div class=\"porto-animation d-inline-block align-middle\"  data-appear-animation=\"fadeIn\" data-appear-animation-delay=\"500\"><div class=\"stats-block stats-top   wpb_custom_c3dc6e5514b5b032bdce9ed0a542811e  vc_custom_1728500528037\"><div class=\"stats-desc\"><div id=\"counter_150525098769e63310d8597\" data-id=\"counter_150525098769e63310d8597\" class=\"stats-number\" style=\" color:#3e3e3e;\" data-speed=\"3\" data-counter-value=\"10000\" data-separator=\"none\" data-decimal=\".\">0<\/div><div class=\"counter_suffix mycust\" style=\" color:#3e3e3e\">+<\/div><div class=\"stats-text\" style=\"color:#3e3e3e;\">Animali allevati<\/div><\/div><\/div><\/div>[vc_custom_heading text=\"MegaPets \u00e8 un allevamento registrato con passione e molti anni di esperienza!\" font_container=\"tag:p|font_size:14px|text_align:left\" use_theme_fonts=\"yes\" css=\"\" font_weight=\"400&#8243; animation_delay=\"500&#8243; el_class=\"d-inline-block w-max-287 align-middle m-b-lg custom-font\" animation_type=\"fadeIn\"][vc_btn title=\"Vedi l&#39;offerta\" css=\"\" skin=\"secondary\" btn_fs=\"14px\" btn_fw=\"600&#8243; animation_delay=\"750&#8243; link=\"url:https%3A%2F%2Fmegapets.eu%2Fit%2Flumache%2F|title:Vedi%20l%26%2339%3Bofferta|\" btn_px=\"2.35rem\" btn_py=\"1.25rem\" el_class=\"d-block custom-font\" animation_type=\"fadeIn\"][\/vc_column][\/vc_row][vc_row][vc_column][\/vc_column][\/vc_row][vc_row no_padding=\"yes\" content_placement=\"middle\" conditional_render=\"%5B%7B%22value_role%22%3A%22administrator%22%7D%5D\"][vc_column width=\"1\/2&#8243; animation_delay=\"400&#8243; css=\".vc_custom_1728503613031{background-position: center !important;background-repeat: no-repeat !important;background-size: cover !important;}\" animation_type=\"fadeInLeft\" conditional_render=\"%5B%7B%22value_role%22%3A%22administrator%22%7D%5D\"][vc_single_image source=\"external_link\" external_img_size=\"960&#215;640&#8243; css=\"\" el_class=\"mb-0&#8243; custom_src=\"\/wp-content\/uploads\/2024\/10\/Strona-2.png\"][\/vc_column][vc_column width=\"1\/2&#8243;][vc_column_text css_animation=\"bounceIn\" css=\"\"]<\/p>\n<p style=\"text-align: center;\"><span style=\"font-size: 20px;\"><strong><span style=\"color: #008000;\"><img decoding=\"async\" src=\"https:\/\/static.xx.fbcdn.net\/images\/emoji.php\/v9\/t6c\/1\/16\/2764.png\" alt=\"\u2764\" \/>Vi presentiamo la nuova versione del nostro negozio online! <\/span><\/strong><\/span><\/p>\n<p style=\"text-align: center;\"><span style=\"font-size: 20px;\"><strong><span style=\"color: #008000;\"><img decoding=\"async\" src=\"https:\/\/static.xx.fbcdn.net\/images\/emoji.php\/v9\/t51\/1\/16\/1f449.png\" alt=\"\ud83d\udc49\" \/> Scopri la nostra offerta!<\/span><\/strong><\/span><\/p>\n<p>[\/vc_column_text]<div class=\"porto-preview-image \"><span class=\"thumb-info thumb-info-preview thumb-info-preview-long\"><span class=\"thumb-info-wrapper\">\r\n\t\t<span data-src=\"\/\/megapets.eu\/wp-content\/uploads\/2024\/10\/Nie-jest-koniecznie-potrzebna.png\" data-image=\"\/\/megapets.eu\/wp-content\/uploads\/2024\/10\/Nie-jest-koniecznie-potrzebna.png\" class=\"lazy thumb-info-image\" data-plugin-lazyload data-plugin-options=\"{'appearEffect': 'animated fadeIn'}\"><\/span><i class=\"fas fa-spinner fa-spin fa-fw\"><\/i><\/span><\/span><\/div>[\/vc_column][\/vc_row][vc_row][vc_column width=\"1\/3&#8243;]\r\n<div class=\"porto-image-comparison  wpb_custom_eccd3db1f250375efd1e79ce502df99b\" data-orientation=\"horizontal\" data-offset=\"0\" data-handle-action=\"click\">\r\n\t<div class=\"porto-image-comparison-overlay\">\r\n\t\t<div class=\"before-label\"><\/div>\r\n\t\t<div class=\"after-label\"><\/div>\r\n\t<\/div>\r\n\t<div class=\"porto-image-comparison-handle\"><i class=\"porto-compare-icon\"><\/i><\/div>\r\n<\/div>\r\n[\/vc_column][vc_column width=\"1\/3&#8243;]\r\n<div class=\"porto-image-comparison  wpb_custom_eccd3db1f250375efd1e79ce502df99b\" data-orientation=\"horizontal\" data-offset=\"0\" data-handle-action=\"click\">\r\n\t<div class=\"porto-image-comparison-overlay\">\r\n\t\t<div class=\"before-label\"><\/div>\r\n\t\t<div class=\"after-label\"><\/div>\r\n\t<\/div>\r\n\t<div class=\"porto-image-comparison-handle\"><i class=\"porto-compare-icon\"><\/i><\/div>\r\n<\/div>\r\n[\/vc_column][vc_column width=\"1\/3&#8243;][\/vc_column][\/vc_row][vc_row][vc_column][vc_separator color=\"white\" border_width=\"6&#8243; css=\"\"][vc_text_separator title=\"Operiamo in tutta Europa\" color=\"custom\" css=\"\" accent_color=\"var(&#8211;porto-secondary-color)\"][vc_column_text css=\"\"]<\/p>\n<p><center>Repubblica Ceca<img loading=\"lazy\" decoding=\"async\" src=\"https:\/\/static.xx.fbcdn.net\/images\/emoji.php\/v9\/t79\/1\/16\/1f1e8_1f1ff.png\" alt=\"\ud83c\udde8\ud83c\uddff\" width=\"16\" height=\"16\" \/> Germania<img loading=\"lazy\" decoding=\"async\" src=\"https:\/\/static.xx.fbcdn.net\/images\/emoji.php\/v9\/t16\/1\/16\/1f1e9_1f1ea.png\" alt=\"\ud83c\udde9\ud83c\uddea\" width=\"16\" height=\"16\" \/> Lussemburgo<img loading=\"lazy\" decoding=\"async\" src=\"https:\/\/static.xx.fbcdn.net\/images\/emoji.php\/v9\/tc\/1\/16\/1f1f1_1f1fa.png\" alt=\"\ud83c\uddf1\ud83c\uddfa\" width=\"16\" height=\"16\" \/> Belgio<img loading=\"lazy\" decoding=\"async\" src=\"https:\/\/static.xx.fbcdn.net\/images\/emoji.php\/v9\/t94\/1\/16\/1f1e7_1f1ea.png\" alt=\"\ud83c\udde7\ud83c\uddea\" width=\"16\" height=\"16\" \/> Olanda<img loading=\"lazy\" decoding=\"async\" src=\"https:\/\/static.xx.fbcdn.net\/images\/emoji.php\/v9\/t88\/1\/16\/1f1e7_1f1f6.png\" alt=\"\ud83c\udde7\ud83c\uddf6\" width=\"16\" height=\"16\" \/><\/center>[\/vc_column_text][\/vc_column][vc_column][\/vc_column][\/vc_row][vc_row wrap_container=\"yes\" content_placement=\"middle\" el_class=\"mt-5&#8243; css=\".vc_custom_1728503088901{margin-top: -20px !important;}\" conditional_render=\"%5B%7B%22value_role%22%3A%22administrator%22%7D%5D\"][vc_column width=\"1\/6&#8243; animation_delay=\"\"][\/vc_column][vc_column width=\"2\/3&#8243; el_class=\"pl-lg-4 pt-lg-3&#8243; css=\".vc_custom_1651294189111{margin-top: 28px !important;margin-bottom: 28px !important;}\"]<div class=\"porto-carousel owl-carousel has-ccols ccols-md-2 ccols-1 mb-0 custom-image-gallery wpb_custom_9c482bfa696627324799fc9434842f1d\" data-plugin-options=\"{&quot;themeConfig&quot;:true,&quot;stagePadding&quot;:0,&quot;margin&quot;:0,&quot;autoplay&quot;:&quot;yes&quot;,&quot;mouseDrag&quot;:true,&quot;touchDrag&quot;:true,&quot;autoplayTimeout&quot;:5000,&quot;autoplayHoverPause&quot;:false,&quot;items&quot;:1,&quot;xl&quot;:1,&quot;lg&quot;:1,&quot;md&quot;:2,&quot;sm&quot;:1,&quot;xs&quot;:1,&quot;nav&quot;:false,&quot;dots&quot;:false,&quot;animateIn&quot;:&quot;fadeInUp&quot;,&quot;animateOut&quot;:&quot;&quot;,&quot;loop&quot;:&quot;yes&quot;,&quot;center&quot;:false,&quot;video&quot;:false,&quot;lazyLoad&quot;:false,&quot;fullscreen&quot;:false}\">[vc_single_image image=\"7571&#8243; img_size=\"full\" alignment=\"center\" css=\"\"][vc_single_image image=\"7572&#8243; img_size=\"full\" alignment=\"center\" css=\"\"][vc_single_image image=\"7573&#8243; img_size=\"full\" css=\"\"]<\/div>[\/vc_column][vc_column width=\"1\/6&#8243;][\/vc_column][\/vc_row][vc_row][vc_column width=\"1\/2&#8243;][\/vc_column][vc_column width=\"1\/2&#8243;][\/vc_column][vc_column][\/vc_column][\/vc_row]<\/p>\n<\/div>","protected":false},"excerpt":{"rendered":"<p>[vc_row wrap_container=\"yes\" content_placement=\"middle\" disable_element=\"yes\" css=\".vc_custom_1728567193846{margin-bottom: 0px !important;background-color: var(&#8211;porto-light-color) !important;}\" el_class=\"p-t-xxl p-b-xxl\" conditional_render=\"%5B%7B%22value_role%22%3A%22administrator%22%7D%5D\"][vc_column el_class=\"m-t-md mb-1 p-b-xs\" offset=\"vc_col-md-6&#8243;][\/vc_column][vc_column el_class=\"m-t-md pl-lg-5 mb-lg-1 mb-4 p-b-xs\" css=\".vc_custom_1651545089419{padding-top: 2px !important;}\" offset=\"vc_col-md-6&#8243;][vc_custom_heading text=\"MegaPets \u00e8 un allevamento registrato con passione e molti anni di esperienza!\" font_container=\"tag:p|font_size:14px|text_align:left\" use_theme_fonts=\"yes\" css=\"\" font_weight=\"400&#8243; animation_delay=\"500&#8243; el_class=\"d-inline-block w-max-287 align-middle m-b-lg custom-font\" animation_type=\"fadeIn\"][vc_btn title=\"Vedi l&#39;offerta\" css=\"\" skin=\"secondary\" btn_fs=\"14px\" btn_fw=\"600&#8243; animation_delay=\"750&#8243; [&hellip;]<\/p>\n","protected":false},"author":4,"featured_media":0,"parent":0,"menu_order":0,"comment_status":"closed","ping_status":"closed","template":"","meta":{"_acf_changed":false,"footnotes":"","_links_to":"","_links_to_target":""},"class_list":["post-7808","page","type-page","status-publish","hentry"],"acf":[],"yoast_head":"<!-- This site is optimized with the Yoast SEO plugin v24.9 - https:\/\/yoast.com\/wordpress\/plugins\/seo\/ -->\n<title>Mega Pets - Uno degli allevamenti pi\u00f9 grandi d&#039;Europa<\/title>\n<meta name=\"robots\" content=\"index, follow, max-snippet:-1, max-image-preview:large, max-video-preview:-1\" \/>\n<link rel=\"canonical\" href=\"https:\/\/megapets.eu\/it\/il-nas\/\" \/>\n<meta property=\"og:locale\" content=\"it_IT\" \/>\n<meta property=\"og:type\" content=\"article\" \/>\n<meta property=\"og:title\" content=\"Mega Pets - Uno degli allevamenti pi\u00f9 grandi d&#039;Europa\" \/>\n<meta property=\"og:description\" content=\"[vc_row wrap_container=&quot;yes&quot; content_placement=&quot;middle&quot; disable_element=&quot;yes&quot; css=&quot;.vc_custom_1728567193846{margin-bottom: 0px !important;background-color: var(&#8211;porto-light-color) !important;}&quot; el_class=&quot;p-t-xxl p-b-xxl&quot; conditional_render=&quot;%5B%7B%22value_role%22%3A%22administrator%22%7D%5D&quot;][vc_column el_class=&quot;m-t-md mb-1 p-b-xs&quot; offset=&quot;vc_col-md-6&#8243;][\/vc_column][vc_column el_class=&quot;m-t-md pl-lg-5 mb-lg-1 mb-4 p-b-xs&quot; css=&quot;.vc_custom_1651545089419{padding-top: 2px !important;}&quot; offset=&quot;vc_col-md-6&#8243;][vc_custom_heading text=&quot;MegaPets \u00e8 un allevamento registrato con passione e molti anni di esperienza!&quot; font_container=&quot;tag:p|font_size:14px|text_align:left&quot; use_theme_fonts=&quot;yes&quot; css=&quot;&quot; font_weight=&quot;400&#8243; animation_delay=&quot;500&#8243; el_class=&quot;d-inline-block w-max-287 align-middle m-b-lg custom-font&quot; animation_type=&quot;fadeIn&quot;][vc_btn title=&quot;Vedi l&#039;offerta&quot; css=&quot;&quot; skin=&quot;secondary&quot; btn_fs=&quot;14px&quot; btn_fw=&quot;600&#8243; animation_delay=&quot;750&#8243; [&hellip;]\" \/>\n<meta property=\"og:url\" content=\"https:\/\/megapets.eu\/it\/il-nas\/\" \/>\n<meta property=\"og:site_name\" content=\"MegaPets\" \/>\n<meta property=\"article:publisher\" content=\"https:\/\/www.facebook.com\/MegaPets.eu\/\" \/>\n<meta property=\"article:modified_time\" content=\"2025-06-24T13:59:02+00:00\" \/>\n<meta property=\"og:image\" content=\"https:\/\/static.xx.fbcdn.net\/images\/emoji.php\/v9\/t6c\/1\/16\/2764.png\" \/>\n<meta name=\"twitter:card\" content=\"summary_large_image\" \/>\n<meta name=\"twitter:label1\" content=\"Tempo di lettura stimato\" \/>\n\t<meta name=\"twitter:data1\" content=\"4 minuto\" \/>\n<script type=\"application\/ld+json\" class=\"yoast-schema-graph\">{\"@context\":\"https:\/\/schema.org\",\"@graph\":[{\"@type\":\"WebPage\",\"@id\":\"https:\/\/megapets.eu\/it\/il-nas\/\",\"url\":\"https:\/\/megapets.eu\/it\/il-nas\/\",\"name\":\"Mega Pets - Uno degli allevamenti pi\u00f9 grandi d'Europa\",\"isPartOf\":{\"@id\":\"https:\/\/megapets.eu\/it\/#website\"},\"primaryImageOfPage\":{\"@id\":\"https:\/\/megapets.eu\/it\/il-nas\/#primaryimage\"},\"image\":{\"@id\":\"https:\/\/megapets.eu\/it\/il-nas\/#primaryimage\"},\"thumbnailUrl\":\"https:\/\/static.xx.fbcdn.net\/images\/emoji.php\/v9\/t6c\/1\/16\/2764.png\",\"datePublished\":\"2025-03-10T19:55:03+00:00\",\"dateModified\":\"2025-06-24T13:59:02+00:00\",\"breadcrumb\":{\"@id\":\"https:\/\/megapets.eu\/it\/il-nas\/#breadcrumb\"},\"inLanguage\":\"it-IT\",\"potentialAction\":[{\"@type\":\"ReadAction\",\"target\":[\"https:\/\/megapets.eu\/it\/il-nas\/\"]}]},{\"@type\":\"ImageObject\",\"inLanguage\":\"it-IT\",\"@id\":\"https:\/\/megapets.eu\/it\/il-nas\/#primaryimage\",\"url\":\"https:\/\/static.xx.fbcdn.net\/images\/emoji.php\/v9\/t6c\/1\/16\/2764.png\",\"contentUrl\":\"https:\/\/static.xx.fbcdn.net\/images\/emoji.php\/v9\/t6c\/1\/16\/2764.png\"},{\"@type\":\"BreadcrumbList\",\"@id\":\"https:\/\/megapets.eu\/it\/il-nas\/#breadcrumb\",\"itemListElement\":[{\"@type\":\"ListItem\",\"position\":1,\"name\":\"Strona g\u0142\u00f3wna\",\"item\":\"https:\/\/megapets.eu\/it\/\"},{\"@type\":\"ListItem\",\"position\":2,\"name\":\"Il nas\"}]},{\"@type\":\"WebSite\",\"@id\":\"https:\/\/megapets.eu\/it\/#website\",\"url\":\"https:\/\/megapets.eu\/it\/\",\"name\":\"Mega Pets\",\"description\":\"Jedna z najwi\u0119kszych hodowli \u015blimak\u00f3w w Europie\",\"publisher\":{\"@id\":\"https:\/\/megapets.eu\/it\/#organization\"},\"alternateName\":\"Mega Pets\",\"potentialAction\":[{\"@type\":\"SearchAction\",\"target\":{\"@type\":\"EntryPoint\",\"urlTemplate\":\"https:\/\/megapets.eu\/it\/?s={search_term_string}\"},\"query-input\":{\"@type\":\"PropertyValueSpecification\",\"valueRequired\":true,\"valueName\":\"search_term_string\"}}],\"inLanguage\":\"it-IT\"},{\"@type\":\"Organization\",\"@id\":\"https:\/\/megapets.eu\/it\/#organization\",\"name\":\"Mega Pets\",\"url\":\"https:\/\/megapets.eu\/it\/\",\"logo\":{\"@type\":\"ImageObject\",\"inLanguage\":\"it-IT\",\"@id\":\"https:\/\/megapets.eu\/it\/#\/schema\/logo\/image\/\",\"url\":\"https:\/\/megapets.eu\/wp-content\/uploads\/2025\/04\/megapets_eu-logo.png\",\"contentUrl\":\"https:\/\/megapets.eu\/wp-content\/uploads\/2025\/04\/megapets_eu-logo.png\",\"width\":2362,\"height\":2362,\"caption\":\"Mega Pets\"},\"image\":{\"@id\":\"https:\/\/megapets.eu\/it\/#\/schema\/logo\/image\/\"},\"sameAs\":[\"https:\/\/www.facebook.com\/MegaPets.eu\/\"]}]}<\/script>\n<!-- \/ Yoast SEO plugin. -->","yoast_head_json":{"title":"Mega Pets - Uno degli allevamenti pi\u00f9 grandi d'Europa","robots":{"index":"index","follow":"follow","max-snippet":"max-snippet:-1","max-image-preview":"max-image-preview:large","max-video-preview":"max-video-preview:-1"},"canonical":"https:\/\/megapets.eu\/it\/il-nas\/","og_locale":"it_IT","og_type":"article","og_title":"Mega Pets - Uno degli allevamenti pi\u00f9 grandi d'Europa","og_description":"[vc_row wrap_container=\"yes\" content_placement=\"middle\" disable_element=\"yes\" css=\".vc_custom_1728567193846{margin-bottom: 0px !important;background-color: var(&#8211;porto-light-color) !important;}\" el_class=\"p-t-xxl p-b-xxl\" conditional_render=\"%5B%7B%22value_role%22%3A%22administrator%22%7D%5D\"][vc_column el_class=\"m-t-md mb-1 p-b-xs\" offset=\"vc_col-md-6&#8243;][\/vc_column][vc_column el_class=\"m-t-md pl-lg-5 mb-lg-1 mb-4 p-b-xs\" css=\".vc_custom_1651545089419{padding-top: 2px !important;}\" offset=\"vc_col-md-6&#8243;][vc_custom_heading text=\"MegaPets \u00e8 un allevamento registrato con passione e molti anni di esperienza!\" font_container=\"tag:p|font_size:14px|text_align:left\" use_theme_fonts=\"yes\" css=\"\" font_weight=\"400&#8243; animation_delay=\"500&#8243; el_class=\"d-inline-block w-max-287 align-middle m-b-lg custom-font\" animation_type=\"fadeIn\"][vc_btn title=\"Vedi l&#39;offerta\" css=\"\" skin=\"secondary\" btn_fs=\"14px\" btn_fw=\"600&#8243; animation_delay=\"750&#8243; [&hellip;]","og_url":"https:\/\/megapets.eu\/it\/il-nas\/","og_site_name":"MegaPets","article_publisher":"https:\/\/www.facebook.com\/MegaPets.eu\/","article_modified_time":"2025-06-24T13:59:02+00:00","og_image":[{"url":"https:\/\/static.xx.fbcdn.net\/images\/emoji.php\/v9\/t6c\/1\/16\/2764.png","type":"","width":"","height":""}],"twitter_card":"summary_large_image","twitter_misc":{"Tempo di lettura stimato":"4 minuto"},"schema":{"@context":"https:\/\/schema.org","@graph":[{"@type":"WebPage","@id":"https:\/\/megapets.eu\/it\/il-nas\/","url":"https:\/\/megapets.eu\/it\/il-nas\/","name":"Mega Pets - Uno degli allevamenti pi\u00f9 grandi d'Europa","isPartOf":{"@id":"https:\/\/megapets.eu\/it\/#website"},"primaryImageOfPage":{"@id":"https:\/\/megapets.eu\/it\/il-nas\/#primaryimage"},"image":{"@id":"https:\/\/megapets.eu\/it\/il-nas\/#primaryimage"},"thumbnailUrl":"https:\/\/static.xx.fbcdn.net\/images\/emoji.php\/v9\/t6c\/1\/16\/2764.png","datePublished":"2025-03-10T19:55:03+00:00","dateModified":"2025-06-24T13:59:02+00:00","breadcrumb":{"@id":"https:\/\/megapets.eu\/it\/il-nas\/#breadcrumb"},"inLanguage":"it-IT","potentialAction":[{"@type":"ReadAction","target":["https:\/\/megapets.eu\/it\/il-nas\/"]}]},{"@type":"ImageObject","inLanguage":"it-IT","@id":"https:\/\/megapets.eu\/it\/il-nas\/#primaryimage","url":"https:\/\/static.xx.fbcdn.net\/images\/emoji.php\/v9\/t6c\/1\/16\/2764.png","contentUrl":"https:\/\/static.xx.fbcdn.net\/images\/emoji.php\/v9\/t6c\/1\/16\/2764.png"},{"@type":"BreadcrumbList","@id":"https:\/\/megapets.eu\/it\/il-nas\/#breadcrumb","itemListElement":[{"@type":"ListItem","position":1,"name":"Strona g\u0142\u00f3wna","item":"https:\/\/megapets.eu\/it\/"},{"@type":"ListItem","position":2,"name":"Il nas"}]},{"@type":"WebSite","@id":"https:\/\/megapets.eu\/it\/#website","url":"https:\/\/megapets.eu\/it\/","name":"Mega Pets","description":"Jedna z najwi\u0119kszych hodowli \u015blimak\u00f3w w Europie","publisher":{"@id":"https:\/\/megapets.eu\/it\/#organization"},"alternateName":"Mega Pets","potentialAction":[{"@type":"SearchAction","target":{"@type":"EntryPoint","urlTemplate":"https:\/\/megapets.eu\/it\/?s={search_term_string}"},"query-input":{"@type":"PropertyValueSpecification","valueRequired":true,"valueName":"search_term_string"}}],"inLanguage":"it-IT"},{"@type":"Organization","@id":"https:\/\/megapets.eu\/it\/#organization","name":"Mega Pets","url":"https:\/\/megapets.eu\/it\/","logo":{"@type":"ImageObject","inLanguage":"it-IT","@id":"https:\/\/megapets.eu\/it\/#\/schema\/logo\/image\/","url":"https:\/\/megapets.eu\/wp-content\/uploads\/2025\/04\/megapets_eu-logo.png","contentUrl":"https:\/\/megapets.eu\/wp-content\/uploads\/2025\/04\/megapets_eu-logo.png","width":2362,"height":2362,"caption":"Mega Pets"},"image":{"@id":"https:\/\/megapets.eu\/it\/#\/schema\/logo\/image\/"},"sameAs":["https:\/\/www.facebook.com\/MegaPets.eu\/"]}]}},"_links":{"self":[{"href":"https:\/\/megapets.eu\/it\/wp-json\/wp\/v2\/pages\/7808","targetHints":{"allow":["GET"]}}],"collection":[{"href":"https:\/\/megapets.eu\/it\/wp-json\/wp\/v2\/pages"}],"about":[{"href":"https:\/\/megapets.eu\/it\/wp-json\/wp\/v2\/types\/page"}],"author":[{"embeddable":true,"href":"https:\/\/megapets.eu\/it\/wp-json\/wp\/v2\/users\/4"}],"replies":[{"embeddable":true,"href":"https:\/\/megapets.eu\/it\/wp-json\/wp\/v2\/comments?post=7808"}],"version-history":[{"count":2,"href":"https:\/\/megapets.eu\/it\/wp-json\/wp\/v2\/pages\/7808\/revisions"}],"predecessor-version":[{"id":7813,"href":"https:\/\/megapets.eu\/it\/wp-json\/wp\/v2\/pages\/7808\/revisions\/7813"}],"wp:attachment":[{"href":"https:\/\/megapets.eu\/it\/wp-json\/wp\/v2\/media?parent=7808"}],"curies":[{"name":"wp","href":"https:\/\/api.w.org\/{rel}","templated":true}]}}