{"id":10368,"date":"2025-08-26T09:01:26","date_gmt":"2025-08-26T09:01:26","guid":{"rendered":"https:\/\/megapets.eu\/?post_type=product&#038;p=10368"},"modified":"2025-08-26T09:07:50","modified_gmt":"2025-08-26T09:07:50","slug":"achatina-achatina-standard-nigeriastandard-p14-kopia","status":"publish","type":"product","link":"https:\/\/megapets.eu\/it\/lumache\/achatina-achatina-standard-nigeriastandard-p14-kopia\/","title":{"rendered":"Achatina achatina standard Nigeria<br>standard \/ P14 (Kopia)"},"content":{"rendered":"<p><span style=\"color: #424242; font-size: 15px;\"><em><span style=\"color: #000000;\"><strong>Specie:<\/strong> <span style=\"font-size: 15px;\">Achatina achatina achatina (Linnaeus, 1758)<\/span><\/span><\/em><em><br \/>\n<\/em><em><span style=\"color: #000000;\"><strong>Variet\u00e0 di colore<\/strong>: standard <\/span><\/em><em><br \/>\n<\/em><em><span style=\"color: #000000;\"><strong>Denominazione speciale della linea: <\/strong>&#8220;Nigeria\"<\/span><\/em><\/span><\/p>\n<p><span style=\"font-size: 15px;\"><strong><span style=\"color: #000000;\"><em><img loading=\"lazy\" decoding=\"async\" class=\"\" src=\"https:\/\/static.xx.fbcdn.net\/images\/emoji.php\/v9\/ta\/1\/32\/1f525.png\" alt=\"\ud83d\udd25\" width=\"18\" height=\"18\"> <\/em><\/span><\/strong><span style=\"color: #000000;\"><em>Giovani offerti da una coppia di genitori non imparentati. Grazie alla costante selezione di partner adatti e alla creazione di coppie di generazione in generazione, vengono mantenute con successo linee di allevamento di bellissimi giganti non imparentate. <\/em><\/span><\/span><\/p>\n<p style=\"text-align: left;\"><span style=\"font-size: 15px;\"><span style=\"color: #000000;\"><em><span style=\"color: #008000;\"><span style=\"color: #424242;\"><strong><img decoding=\"async\" src=\"https:\/\/static.xx.fbcdn.net\/images\/emoji.php\/v9\/tb4\/1\/16\/2b50.png\" alt=\"\u2b50\ufe0f\"><\/strong> <span style=\"color: #333333;\">Achatina Achatina achatina \u00e8 uno dei rappresentanti pi\u00f9 impressionanti delle lumache giganti terrestri, che attira l&#8217;attenzione degli amanti dell&#8217;esotismo con le sue dimensioni e la sua conchiglia estremamente impressionante. La sua maestosa conchiglia arancio-marrone, ornata da audaci strisce scure come motivi di tigre, \u00e8 la prova vivente della maestria della natura nelle forme e nei colori. Queste lumache conducono uno stile di vita equilibrato, per lo pi\u00f9 notturno. I giovani trascorrono molte ore in angoli appartati e accoglienti, dove sviluppano la loro delicata crescita del guscio. Tra le varie specie di lumache giganti si possono trovare grossi ghiottoni, ma non tutte le specie mangiano molto. I giovani Achatina achatina a volte hanno appetito, e a volte dopo aver preso qualche boccone tornano a riposare di nuovo. La lumaca mangia tutto il cibo di cui ha bisogno e non pu\u00f2 essere sovralimentata. A seconda della specie, dell&#8217;et\u00e0 della lumaca e del grado di alimentazione pre-alimentazione, la pausa tra i pasti pu\u00f2 richiedere fino a diversi giorni. Man mano che crescono, le lumache di questa specie diventano sempre pi\u00f9 interessate alle dimensioni delle porzioni e all&#8217;ambiente circostante. Tuttavia, trascorrono ancora la maggior parte del loro tempo sulla lettiera del terrario, amano fare un pisolino e rimangono prudenti nelle loro scelte alimentari.         <\/span><\/span><\/span><\/em><\/span><\/span><\/p>\n<p style=\"text-align: left;\"><span style=\"color: #000000; font-size: 15px;\"><em><span class=\"x1xsqp64 xiy17q3 x1o6pynw x19co3pv xdj266r xcwd3tp xat24cr x39eecv x2b8uid\" data-testid=\"emoji\"><span class=\"xexx8yu xn5pp95 x18d9i69 x2fxd7x x3jgonx x1bhl96m\"><img loading=\"lazy\" decoding=\"async\" class=\"\" src=\"https:\/\/static.xx.fbcdn.net\/images\/emoji.php\/v9\/t66\/1\/32\/1f4cc.png\" alt=\"\ud83d\udccc\" width=\"18\" height=\"18\">  Gli adulti di solito raggiungono circa 15-16 cm di conchiglie.<\/span><\/span><\/em><\/span><\/p>\n<p style=\"text-align: left;\"><span style=\"color: #000000; font-size: 15px;\"><em><img loading=\"lazy\" decoding=\"async\" class=\"xz74otr\" src=\"https:\/\/static.xx.fbcdn.net\/images\/emoji.php\/v9\/t1e\/1\/16\/1f33f.png\" alt=\"\ud83c\udf3f\" width=\"18\" height=\"18\"> <span style=\"color: #008000;\">Le lumache della specie Achatina achatina conducono uno stile di vita equilibrato, per lo pi\u00f9 notturno, crescendo lentamente. Prosperano con condizioni di vita di base stabili. Un modo conveniente per valutare l&#8217;efficacia della cura \u00e8 osservare il suo sviluppo attivo, visibile, tra l&#8217;altro, attraverso la costruzione di una nuova crescita estetica del guscio.  <\/span><\/em><\/span><\/p>\n","protected":false},"excerpt":{"rendered":"<ul>\n<li>Dimensione del guscio target:\n<ul>\n<li>Ok. 15-16<\/li>\n<\/ul>\n<\/li>\n<li>Da una coppia non imparentata:\n<ul>\n<li>P14<\/li>\n<\/ul>\n<\/li>\n<li>Offerto giovanile:\n<ul>\n<li>circa 6 cm <\/li>\n<\/ul>\n<\/li>\n<li>Il prezzo si applica a:\n<ul>\n<li>1 pz<\/li>\n<\/ul>\n<\/li>\n<\/ul>\n","protected":false},"featured_media":7234,"template":"","meta":{"_acf_changed":false,"_links_to":"","_links_to_target":""},"product_cat":[183],"product_tag":[],"class_list":{"0":"post-10368","1":"product","2":"type-product","3":"status-publish","4":"has-post-thumbnail","6":"product_cat-lumache","8":"first","9":"outofstock","10":"shipping-taxable","11":"purchasable","12":"product-type-simple"},"acf":[],"yoast_head":"<!-- This site is optimized with the Yoast SEO plugin v24.9 - https:\/\/yoast.com\/wordpress\/plugins\/seo\/ -->\n<title>Achatina achatina standard Nigeriastandard \/ P14 (Kopia) | MegaPets<\/title>\n<meta name=\"robots\" content=\"index, follow, max-snippet:-1, max-image-preview:large, max-video-preview:-1\" \/>\n<link rel=\"canonical\" href=\"https:\/\/megapets.eu\/it\/lumache\/achatina-achatina-standard-nigeriastandard-p14-kopia\/\" \/>\n<meta property=\"og:locale\" content=\"it_IT\" \/>\n<meta property=\"og:type\" content=\"article\" \/>\n<meta property=\"og:title\" content=\"Achatina achatina standard Nigeriastandard \/ P14 (Kopia) | MegaPets\" \/>\n<meta property=\"og:description\" content=\"Dimensione del guscio target:  Ok. 15-16   Da una coppia non imparentata:  P14   Offerto giovanile:  circa 6 cm   Il prezzo si applica a:  1 pz\" \/>\n<meta property=\"og:url\" content=\"https:\/\/megapets.eu\/it\/lumache\/achatina-achatina-standard-nigeriastandard-p14-kopia\/\" \/>\n<meta property=\"og:site_name\" content=\"MegaPets\" \/>\n<meta property=\"article:publisher\" content=\"https:\/\/www.facebook.com\/MegaPets.eu\/\" \/>\n<meta property=\"article:modified_time\" content=\"2025-08-26T09:07:50+00:00\" \/>\n<meta property=\"og:image\" content=\"https:\/\/megapets.eu\/wp-content\/uploads\/2025\/08\/54-1-scaled.png\" \/>\n\t<meta property=\"og:image:width\" content=\"2560\" \/>\n\t<meta property=\"og:image:height\" content=\"1920\" \/>\n\t<meta property=\"og:image:type\" content=\"image\/png\" \/>\n<meta name=\"twitter:card\" content=\"summary_large_image\" \/>\n<meta name=\"twitter:label1\" content=\"Tempo di lettura stimato\" \/>\n\t<meta name=\"twitter:data1\" content=\"2 minuto\" \/>\n<script type=\"application\/ld+json\" class=\"yoast-schema-graph\">{\"@context\":\"https:\/\/schema.org\",\"@graph\":[{\"@type\":\"WebPage\",\"@id\":\"https:\/\/megapets.eu\/it\/lumache\/achatina-achatina-standard-nigeriastandard-p14-kopia\/\",\"url\":\"https:\/\/megapets.eu\/it\/lumache\/achatina-achatina-standard-nigeriastandard-p14-kopia\/\",\"name\":\"Achatina achatina standard Nigeria standard \/ P14 (Kopia) | MegaPets\",\"isPartOf\":{\"@id\":\"https:\/\/megapets.eu\/it\/#website\"},\"primaryImageOfPage\":{\"@id\":\"https:\/\/megapets.eu\/it\/lumache\/achatina-achatina-standard-nigeriastandard-p14-kopia\/#primaryimage\"},\"image\":{\"@id\":\"https:\/\/megapets.eu\/it\/lumache\/achatina-achatina-standard-nigeriastandard-p14-kopia\/#primaryimage\"},\"thumbnailUrl\":\"https:\/\/megapets.eu\/wp-content\/uploads\/2024\/10\/logo4.jpg\",\"datePublished\":\"2025-08-26T09:01:26+00:00\",\"dateModified\":\"2025-08-26T09:07:50+00:00\",\"breadcrumb\":{\"@id\":\"https:\/\/megapets.eu\/it\/lumache\/achatina-achatina-standard-nigeriastandard-p14-kopia\/#breadcrumb\"},\"inLanguage\":\"it-IT\",\"potentialAction\":[{\"@type\":\"ReadAction\",\"target\":[\"https:\/\/megapets.eu\/it\/lumache\/achatina-achatina-standard-nigeriastandard-p14-kopia\/\"]}]},{\"@type\":\"ImageObject\",\"inLanguage\":\"it-IT\",\"@id\":\"https:\/\/megapets.eu\/it\/lumache\/achatina-achatina-standard-nigeriastandard-p14-kopia\/#primaryimage\",\"url\":\"https:\/\/megapets.eu\/wp-content\/uploads\/2024\/10\/logo4.jpg\",\"contentUrl\":\"https:\/\/megapets.eu\/wp-content\/uploads\/2024\/10\/logo4.jpg\",\"width\":1212,\"height\":804},{\"@type\":\"BreadcrumbList\",\"@id\":\"https:\/\/megapets.eu\/it\/lumache\/achatina-achatina-standard-nigeriastandard-p14-kopia\/#breadcrumb\",\"itemListElement\":[{\"@type\":\"ListItem\",\"position\":1,\"name\":\"Strona g\u0142\u00f3wna\",\"item\":\"https:\/\/megapets.eu\/it\/\"},{\"@type\":\"ListItem\",\"position\":2,\"name\":\"Negozio\",\"item\":\"https:\/\/megapets.eu\/it\/negozio\/\"},{\"@type\":\"ListItem\",\"position\":3,\"name\":\"Achatina achatina standard Nigeriastandard \/ P14 (Kopia)\"}]},{\"@type\":\"WebSite\",\"@id\":\"https:\/\/megapets.eu\/it\/#website\",\"url\":\"https:\/\/megapets.eu\/it\/\",\"name\":\"Mega Pets\",\"description\":\"Jedna z najwi\u0119kszych hodowli \u015blimak\u00f3w w Europie\",\"publisher\":{\"@id\":\"https:\/\/megapets.eu\/it\/#organization\"},\"alternateName\":\"Mega Pets\",\"potentialAction\":[{\"@type\":\"SearchAction\",\"target\":{\"@type\":\"EntryPoint\",\"urlTemplate\":\"https:\/\/megapets.eu\/it\/?s={search_term_string}\"},\"query-input\":{\"@type\":\"PropertyValueSpecification\",\"valueRequired\":true,\"valueName\":\"search_term_string\"}}],\"inLanguage\":\"it-IT\"},{\"@type\":\"Organization\",\"@id\":\"https:\/\/megapets.eu\/it\/#organization\",\"name\":\"Mega Pets\",\"url\":\"https:\/\/megapets.eu\/it\/\",\"logo\":{\"@type\":\"ImageObject\",\"inLanguage\":\"it-IT\",\"@id\":\"https:\/\/megapets.eu\/it\/#\/schema\/logo\/image\/\",\"url\":\"https:\/\/megapets.eu\/wp-content\/uploads\/2025\/04\/megapets_eu-logo.png\",\"contentUrl\":\"https:\/\/megapets.eu\/wp-content\/uploads\/2025\/04\/megapets_eu-logo.png\",\"width\":2362,\"height\":2362,\"caption\":\"Mega Pets\"},\"image\":{\"@id\":\"https:\/\/megapets.eu\/it\/#\/schema\/logo\/image\/\"},\"sameAs\":[\"https:\/\/www.facebook.com\/MegaPets.eu\/\"]}]}<\/script>\n<!-- \/ Yoast SEO plugin. -->","yoast_head_json":{"title":"Achatina achatina standard Nigeriastandard \/ P14 (Kopia) | MegaPets","robots":{"index":"index","follow":"follow","max-snippet":"max-snippet:-1","max-image-preview":"max-image-preview:large","max-video-preview":"max-video-preview:-1"},"canonical":"https:\/\/megapets.eu\/it\/lumache\/achatina-achatina-standard-nigeriastandard-p14-kopia\/","og_locale":"it_IT","og_type":"article","og_title":"Achatina achatina standard Nigeriastandard \/ P14 (Kopia) | MegaPets","og_description":"Dimensione del guscio target:  Ok. 15-16   Da una coppia non imparentata:  P14   Offerto giovanile:  circa 6 cm   Il prezzo si applica a:  1 pz","og_url":"https:\/\/megapets.eu\/it\/lumache\/achatina-achatina-standard-nigeriastandard-p14-kopia\/","og_site_name":"MegaPets","article_publisher":"https:\/\/www.facebook.com\/MegaPets.eu\/","article_modified_time":"2025-08-26T09:07:50+00:00","og_image":[{"width":2560,"height":1920,"url":"https:\/\/megapets.eu\/wp-content\/uploads\/2025\/08\/54-1-scaled.png","type":"image\/png"}],"twitter_card":"summary_large_image","twitter_misc":{"Tempo di lettura stimato":"2 minuto"},"schema":{"@context":"https:\/\/schema.org","@graph":[{"@type":"WebPage","@id":"https:\/\/megapets.eu\/it\/lumache\/achatina-achatina-standard-nigeriastandard-p14-kopia\/","url":"https:\/\/megapets.eu\/it\/lumache\/achatina-achatina-standard-nigeriastandard-p14-kopia\/","name":"Achatina achatina standard Nigeria standard \/ P14 (Kopia) | MegaPets","isPartOf":{"@id":"https:\/\/megapets.eu\/it\/#website"},"primaryImageOfPage":{"@id":"https:\/\/megapets.eu\/it\/lumache\/achatina-achatina-standard-nigeriastandard-p14-kopia\/#primaryimage"},"image":{"@id":"https:\/\/megapets.eu\/it\/lumache\/achatina-achatina-standard-nigeriastandard-p14-kopia\/#primaryimage"},"thumbnailUrl":"https:\/\/megapets.eu\/wp-content\/uploads\/2024\/10\/logo4.jpg","datePublished":"2025-08-26T09:01:26+00:00","dateModified":"2025-08-26T09:07:50+00:00","breadcrumb":{"@id":"https:\/\/megapets.eu\/it\/lumache\/achatina-achatina-standard-nigeriastandard-p14-kopia\/#breadcrumb"},"inLanguage":"it-IT","potentialAction":[{"@type":"ReadAction","target":["https:\/\/megapets.eu\/it\/lumache\/achatina-achatina-standard-nigeriastandard-p14-kopia\/"]}]},{"@type":"ImageObject","inLanguage":"it-IT","@id":"https:\/\/megapets.eu\/it\/lumache\/achatina-achatina-standard-nigeriastandard-p14-kopia\/#primaryimage","url":"https:\/\/megapets.eu\/wp-content\/uploads\/2024\/10\/logo4.jpg","contentUrl":"https:\/\/megapets.eu\/wp-content\/uploads\/2024\/10\/logo4.jpg","width":1212,"height":804},{"@type":"BreadcrumbList","@id":"https:\/\/megapets.eu\/it\/lumache\/achatina-achatina-standard-nigeriastandard-p14-kopia\/#breadcrumb","itemListElement":[{"@type":"ListItem","position":1,"name":"Strona g\u0142\u00f3wna","item":"https:\/\/megapets.eu\/it\/"},{"@type":"ListItem","position":2,"name":"Negozio","item":"https:\/\/megapets.eu\/it\/negozio\/"},{"@type":"ListItem","position":3,"name":"Achatina achatina standard Nigeriastandard \/ P14 (Kopia)"}]},{"@type":"WebSite","@id":"https:\/\/megapets.eu\/it\/#website","url":"https:\/\/megapets.eu\/it\/","name":"Mega Pets","description":"Jedna z najwi\u0119kszych hodowli \u015blimak\u00f3w w Europie","publisher":{"@id":"https:\/\/megapets.eu\/it\/#organization"},"alternateName":"Mega Pets","potentialAction":[{"@type":"SearchAction","target":{"@type":"EntryPoint","urlTemplate":"https:\/\/megapets.eu\/it\/?s={search_term_string}"},"query-input":{"@type":"PropertyValueSpecification","valueRequired":true,"valueName":"search_term_string"}}],"inLanguage":"it-IT"},{"@type":"Organization","@id":"https:\/\/megapets.eu\/it\/#organization","name":"Mega Pets","url":"https:\/\/megapets.eu\/it\/","logo":{"@type":"ImageObject","inLanguage":"it-IT","@id":"https:\/\/megapets.eu\/it\/#\/schema\/logo\/image\/","url":"https:\/\/megapets.eu\/wp-content\/uploads\/2025\/04\/megapets_eu-logo.png","contentUrl":"https:\/\/megapets.eu\/wp-content\/uploads\/2025\/04\/megapets_eu-logo.png","width":2362,"height":2362,"caption":"Mega Pets"},"image":{"@id":"https:\/\/megapets.eu\/it\/#\/schema\/logo\/image\/"},"sameAs":["https:\/\/www.facebook.com\/MegaPets.eu\/"]}]}},"_links":{"self":[{"href":"https:\/\/megapets.eu\/it\/wp-json\/wp\/v2\/product\/10368","targetHints":{"allow":["GET"]}}],"collection":[{"href":"https:\/\/megapets.eu\/it\/wp-json\/wp\/v2\/product"}],"about":[{"href":"https:\/\/megapets.eu\/it\/wp-json\/wp\/v2\/types\/product"}],"wp:featuredmedia":[{"embeddable":true,"href":"https:\/\/megapets.eu\/it\/wp-json\/wp\/v2\/media\/7234"}],"wp:attachment":[{"href":"https:\/\/megapets.eu\/it\/wp-json\/wp\/v2\/media?parent=10368"}],"wp:term":[{"taxonomy":"product_cat","embeddable":true,"href":"https:\/\/megapets.eu\/it\/wp-json\/wp\/v2\/product_cat?post=10368"},{"taxonomy":"product_tag","embeddable":true,"href":"https:\/\/megapets.eu\/it\/wp-json\/wp\/v2\/product_tag?post=10368"}],"curies":[{"name":"wp","href":"https:\/\/api.w.org\/{rel}","templated":true}]}}