{"id":6982,"date":"2025-06-10T12:06:18","date_gmt":"2025-06-10T12:06:18","guid":{"rendered":"https:\/\/megapets.eu\/senza-categoria\/set-di-5-pezzi-1-gratis-per-lumache-esotiche\/"},"modified":"2025-06-10T12:06:18","modified_gmt":"2025-06-10T12:06:18","slug":"set-di-5-pezzi-1-gratis-per-lumache-esotiche","status":"publish","type":"product","link":"https:\/\/megapets.eu\/it\/accessori\/set-di-5-pezzi-1-gratis-per-lumache-esotiche\/","title":{"rendered":"Set di 5 pezzi + 1 GRATIS! <br \/> per lumache esotiche"},"content":{"rendered":"<p><em><b>&#8220;Set di 5 pezzi + 1 GRATIS!\" <\/b>per lumache esotiche:<\/em><\/p>\n<p><em><b>Il prezzo riguarda: <\/b>&#8220;Set di 5 pezzi + 1 GRATIS!\" per l&#8217;allevamento di lumache esotiche\/africane\".<\/em><\/p>\n<p><em>Il set iniziale comprende:<\/em><\/p>\n<p><em><b>1 pezzo x Calcio 200g. <\/b>In<b> <\/b>la dieta quotidiana di una lumaca non deve mancare dell&#8217;elemento di base per un guscio bello e sano. La confezione &#8220;Calcium\" contiene il 100% di polvere di guscio d&#8217;uovo.<\/em><\/p>\n<p><em><b>1 pz. x Protein &amp; Vitamin 120g. <\/b>La confezione &#8220;Protein &amp; Vitamin\" contiene una miscela di cereali, ricca di nutrienti preziosi per il corretto sviluppo degli animali domestici; \u00e8 un&#8217;aggiunta benefica alla dieta di base delle lumache.<\/em><\/p>\n<p><em><b>1 x Exotic mix herbs 100g. <\/b>La confezione di &#8220;Exotic mix herbal\" contiene erbe accuratamente selezionate, un integratore prezioso e naturale che aiuta ad arricchire la dieta delle lumache esotiche in base al loro fabbisogno di vitamine e minerali, ingredienti essenziali per la salute degli animali.<\/em><\/p>\n<p><em><b>1pc x Calcium mix 180g.<\/b> La confezione di &#8220;Calcium mix\" contiene polvere di gusci d&#8217;uovo e seppia.<\/em><\/p>\n<p><em><b>1pc x Gammarus 60g. <\/b>Il Gammarus macinato \u00e8 un germe essiccato, ricco di macro e microelementi, una fonte naturale di proteine animali e di chitina.<\/em><\/p>\n<p><em><b>1 pz x Miscela di fiori 25g. (GRATIS!) <\/b>La confezione di Flower mix contiene petali e foglie di fiori naturali essiccati.<\/em><\/p>\n<p><em>Si consiglia di utilizzare gli integratori alternativamente, in modo che la dieta della lumaca rimanga varia e completa. I nostri integratori sono stati sviluppati con amore per le lumache e si basano su molti anni di esperienza nell&#8217;allevamento, quindi possiamo garantirne la qualit\u00e0 e l&#8217;efficacia!<\/em><\/p>\n<p><em>\u2b50 Consigliamo integratori in grado di soddisfare il fabbisogno di preziosi nutrienti anche delle specie pi\u00f9 esigenti: &#8220;Proteine e vitamine\", &#8220;Miscela di erbe esotiche\", &#8220;Gammarus\" macinato, &#8220;Miscela di fiori\". Si consiglia di utilizzare gli integratori alternativamente, in modo che la dieta del tuo animale rimanga varia e completa.<\/em><\/p>\n<p><em>\u2b50 I mattoni fondamentali per un guscio bello e sano non devono mancare nella dieta quotidiana di una lumaca: &#8220;Calcio\", &#8220;Mix di calcio\".<\/em><\/p>\n","protected":false},"excerpt":{"rendered":"<ul class=\"product_attributes\">\n<li><span style=\"color: #555555;\">Include:<\/span><\/li>\n<li><span style=\"color: #555555;\">Set:<\/span> 5 pezzi + 1 GRATIS!<\/li>\n<li><span style=\"color: #555555;\">Il prezzo riguarda:<\/span> 1 compl.<\/li>\n<\/ul>\n","protected":false},"featured_media":6983,"template":"","meta":{"_acf_changed":false,"_links_to":"","_links_to_target":""},"product_cat":[177],"product_tag":[180,181,179,178],"class_list":{"0":"post-6982","1":"product","2":"type-product","3":"status-publish","4":"has-post-thumbnail","6":"product_cat-accessori","7":"product_tag-per-gli-isopodi","8":"product_tag-per-gli-scarafaggi","9":"product_tag-per-le-astuzie","10":"product_tag-per-le-lumache","12":"first","13":"instock","14":"shipping-taxable","15":"purchasable","16":"product-type-simple"},"acf":[],"yoast_head":"<!-- This site is optimized with the Yoast SEO plugin v24.9 - https:\/\/yoast.com\/wordpress\/plugins\/seo\/ -->\n<title>Set di 5 pezzi + 1 GRATIS!  per lumache esotiche | MegaPets<\/title>\n<meta name=\"robots\" content=\"index, follow, max-snippet:-1, max-image-preview:large, max-video-preview:-1\" \/>\n<link rel=\"canonical\" href=\"https:\/\/megapets.eu\/it\/accessori\/set-di-5-pezzi-1-gratis-per-lumache-esotiche\/\" \/>\n<meta property=\"og:locale\" content=\"it_IT\" \/>\n<meta property=\"og:type\" content=\"article\" \/>\n<meta property=\"og:title\" content=\"Set di 5 pezzi + 1 GRATIS!  per lumache esotiche | MegaPets\" \/>\n<meta property=\"og:description\" content=\"Include:  Set: 5 pezzi + 1 GRATIS!  Il prezzo riguarda: 1 compl.\" \/>\n<meta property=\"og:url\" content=\"https:\/\/megapets.eu\/it\/accessori\/set-di-5-pezzi-1-gratis-per-lumache-esotiche\/\" \/>\n<meta property=\"og:site_name\" content=\"MegaPets\" \/>\n<meta property=\"article:publisher\" content=\"https:\/\/www.facebook.com\/MegaPets.eu\/\" \/>\n<meta property=\"og:image\" content=\"https:\/\/megapets.eu\/wp-content\/uploads\/2025\/06\/Zestaw-5-szt-1-gratis.png\" \/>\n\t<meta property=\"og:image:width\" content=\"1052\" \/>\n\t<meta property=\"og:image:height\" content=\"692\" \/>\n\t<meta property=\"og:image:type\" content=\"image\/png\" \/>\n<meta name=\"twitter:card\" content=\"summary_large_image\" \/>\n<meta name=\"twitter:label1\" content=\"Tempo di lettura stimato\" \/>\n\t<meta name=\"twitter:data1\" content=\"2 minuto\" \/>\n<script type=\"application\/ld+json\" class=\"yoast-schema-graph\">{\"@context\":\"https:\/\/schema.org\",\"@graph\":[{\"@type\":\"WebPage\",\"@id\":\"https:\/\/megapets.eu\/it\/accessori\/set-di-5-pezzi-1-gratis-per-lumache-esotiche\/\",\"url\":\"https:\/\/megapets.eu\/it\/accessori\/set-di-5-pezzi-1-gratis-per-lumache-esotiche\/\",\"name\":\"Set di 5 pezzi + 1 GRATIS! per lumache esotiche | MegaPets\",\"isPartOf\":{\"@id\":\"https:\/\/megapets.eu\/it\/#website\"},\"primaryImageOfPage\":{\"@id\":\"https:\/\/megapets.eu\/it\/accessori\/set-di-5-pezzi-1-gratis-per-lumache-esotiche\/#primaryimage\"},\"image\":{\"@id\":\"https:\/\/megapets.eu\/it\/accessori\/set-di-5-pezzi-1-gratis-per-lumache-esotiche\/#primaryimage\"},\"thumbnailUrl\":\"https:\/\/megapets.eu\/wp-content\/uploads\/2025\/06\/Zestaw-5-szt-1-gratis.png\",\"datePublished\":\"2025-06-10T12:06:18+00:00\",\"breadcrumb\":{\"@id\":\"https:\/\/megapets.eu\/it\/accessori\/set-di-5-pezzi-1-gratis-per-lumache-esotiche\/#breadcrumb\"},\"inLanguage\":\"it-IT\",\"potentialAction\":[{\"@type\":\"ReadAction\",\"target\":[\"https:\/\/megapets.eu\/it\/accessori\/set-di-5-pezzi-1-gratis-per-lumache-esotiche\/\"]}]},{\"@type\":\"ImageObject\",\"inLanguage\":\"it-IT\",\"@id\":\"https:\/\/megapets.eu\/it\/accessori\/set-di-5-pezzi-1-gratis-per-lumache-esotiche\/#primaryimage\",\"url\":\"https:\/\/megapets.eu\/wp-content\/uploads\/2025\/06\/Zestaw-5-szt-1-gratis.png\",\"contentUrl\":\"https:\/\/megapets.eu\/wp-content\/uploads\/2025\/06\/Zestaw-5-szt-1-gratis.png\",\"width\":1052,\"height\":692},{\"@type\":\"BreadcrumbList\",\"@id\":\"https:\/\/megapets.eu\/it\/accessori\/set-di-5-pezzi-1-gratis-per-lumache-esotiche\/#breadcrumb\",\"itemListElement\":[{\"@type\":\"ListItem\",\"position\":1,\"name\":\"Strona g\u0142\u00f3wna\",\"item\":\"https:\/\/megapets.eu\/it\/\"},{\"@type\":\"ListItem\",\"position\":2,\"name\":\"Negozio\",\"item\":\"https:\/\/megapets.eu\/it\/negozio\/\"},{\"@type\":\"ListItem\",\"position\":3,\"name\":\"Set di 5 pezzi + 1 GRATIS! per lumache esotiche\"}]},{\"@type\":\"WebSite\",\"@id\":\"https:\/\/megapets.eu\/it\/#website\",\"url\":\"https:\/\/megapets.eu\/it\/\",\"name\":\"Mega Pets\",\"description\":\"Jedna z najwi\u0119kszych hodowli \u015blimak\u00f3w w Europie\",\"publisher\":{\"@id\":\"https:\/\/megapets.eu\/it\/#organization\"},\"alternateName\":\"Mega Pets\",\"potentialAction\":[{\"@type\":\"SearchAction\",\"target\":{\"@type\":\"EntryPoint\",\"urlTemplate\":\"https:\/\/megapets.eu\/it\/?s={search_term_string}\"},\"query-input\":{\"@type\":\"PropertyValueSpecification\",\"valueRequired\":true,\"valueName\":\"search_term_string\"}}],\"inLanguage\":\"it-IT\"},{\"@type\":\"Organization\",\"@id\":\"https:\/\/megapets.eu\/it\/#organization\",\"name\":\"Mega Pets\",\"url\":\"https:\/\/megapets.eu\/it\/\",\"logo\":{\"@type\":\"ImageObject\",\"inLanguage\":\"it-IT\",\"@id\":\"https:\/\/megapets.eu\/it\/#\/schema\/logo\/image\/\",\"url\":\"https:\/\/megapets.eu\/wp-content\/uploads\/2025\/04\/megapets_eu-logo.png\",\"contentUrl\":\"https:\/\/megapets.eu\/wp-content\/uploads\/2025\/04\/megapets_eu-logo.png\",\"width\":2362,\"height\":2362,\"caption\":\"Mega Pets\"},\"image\":{\"@id\":\"https:\/\/megapets.eu\/it\/#\/schema\/logo\/image\/\"},\"sameAs\":[\"https:\/\/www.facebook.com\/MegaPets.eu\/\"]}]}<\/script>\n<!-- \/ Yoast SEO plugin. -->","yoast_head_json":{"title":"Set di 5 pezzi + 1 GRATIS!  per lumache esotiche | MegaPets","robots":{"index":"index","follow":"follow","max-snippet":"max-snippet:-1","max-image-preview":"max-image-preview:large","max-video-preview":"max-video-preview:-1"},"canonical":"https:\/\/megapets.eu\/it\/accessori\/set-di-5-pezzi-1-gratis-per-lumache-esotiche\/","og_locale":"it_IT","og_type":"article","og_title":"Set di 5 pezzi + 1 GRATIS!  per lumache esotiche | MegaPets","og_description":"Include:  Set: 5 pezzi + 1 GRATIS!  Il prezzo riguarda: 1 compl.","og_url":"https:\/\/megapets.eu\/it\/accessori\/set-di-5-pezzi-1-gratis-per-lumache-esotiche\/","og_site_name":"MegaPets","article_publisher":"https:\/\/www.facebook.com\/MegaPets.eu\/","og_image":[{"width":1052,"height":692,"url":"https:\/\/megapets.eu\/wp-content\/uploads\/2025\/06\/Zestaw-5-szt-1-gratis.png","type":"image\/png"}],"twitter_card":"summary_large_image","twitter_misc":{"Tempo di lettura stimato":"2 minuto"},"schema":{"@context":"https:\/\/schema.org","@graph":[{"@type":"WebPage","@id":"https:\/\/megapets.eu\/it\/accessori\/set-di-5-pezzi-1-gratis-per-lumache-esotiche\/","url":"https:\/\/megapets.eu\/it\/accessori\/set-di-5-pezzi-1-gratis-per-lumache-esotiche\/","name":"Set di 5 pezzi + 1 GRATIS! per lumache esotiche | MegaPets","isPartOf":{"@id":"https:\/\/megapets.eu\/it\/#website"},"primaryImageOfPage":{"@id":"https:\/\/megapets.eu\/it\/accessori\/set-di-5-pezzi-1-gratis-per-lumache-esotiche\/#primaryimage"},"image":{"@id":"https:\/\/megapets.eu\/it\/accessori\/set-di-5-pezzi-1-gratis-per-lumache-esotiche\/#primaryimage"},"thumbnailUrl":"https:\/\/megapets.eu\/wp-content\/uploads\/2025\/06\/Zestaw-5-szt-1-gratis.png","datePublished":"2025-06-10T12:06:18+00:00","breadcrumb":{"@id":"https:\/\/megapets.eu\/it\/accessori\/set-di-5-pezzi-1-gratis-per-lumache-esotiche\/#breadcrumb"},"inLanguage":"it-IT","potentialAction":[{"@type":"ReadAction","target":["https:\/\/megapets.eu\/it\/accessori\/set-di-5-pezzi-1-gratis-per-lumache-esotiche\/"]}]},{"@type":"ImageObject","inLanguage":"it-IT","@id":"https:\/\/megapets.eu\/it\/accessori\/set-di-5-pezzi-1-gratis-per-lumache-esotiche\/#primaryimage","url":"https:\/\/megapets.eu\/wp-content\/uploads\/2025\/06\/Zestaw-5-szt-1-gratis.png","contentUrl":"https:\/\/megapets.eu\/wp-content\/uploads\/2025\/06\/Zestaw-5-szt-1-gratis.png","width":1052,"height":692},{"@type":"BreadcrumbList","@id":"https:\/\/megapets.eu\/it\/accessori\/set-di-5-pezzi-1-gratis-per-lumache-esotiche\/#breadcrumb","itemListElement":[{"@type":"ListItem","position":1,"name":"Strona g\u0142\u00f3wna","item":"https:\/\/megapets.eu\/it\/"},{"@type":"ListItem","position":2,"name":"Negozio","item":"https:\/\/megapets.eu\/it\/negozio\/"},{"@type":"ListItem","position":3,"name":"Set di 5 pezzi + 1 GRATIS! per lumache esotiche"}]},{"@type":"WebSite","@id":"https:\/\/megapets.eu\/it\/#website","url":"https:\/\/megapets.eu\/it\/","name":"Mega Pets","description":"Jedna z najwi\u0119kszych hodowli \u015blimak\u00f3w w Europie","publisher":{"@id":"https:\/\/megapets.eu\/it\/#organization"},"alternateName":"Mega Pets","potentialAction":[{"@type":"SearchAction","target":{"@type":"EntryPoint","urlTemplate":"https:\/\/megapets.eu\/it\/?s={search_term_string}"},"query-input":{"@type":"PropertyValueSpecification","valueRequired":true,"valueName":"search_term_string"}}],"inLanguage":"it-IT"},{"@type":"Organization","@id":"https:\/\/megapets.eu\/it\/#organization","name":"Mega Pets","url":"https:\/\/megapets.eu\/it\/","logo":{"@type":"ImageObject","inLanguage":"it-IT","@id":"https:\/\/megapets.eu\/it\/#\/schema\/logo\/image\/","url":"https:\/\/megapets.eu\/wp-content\/uploads\/2025\/04\/megapets_eu-logo.png","contentUrl":"https:\/\/megapets.eu\/wp-content\/uploads\/2025\/04\/megapets_eu-logo.png","width":2362,"height":2362,"caption":"Mega Pets"},"image":{"@id":"https:\/\/megapets.eu\/it\/#\/schema\/logo\/image\/"},"sameAs":["https:\/\/www.facebook.com\/MegaPets.eu\/"]}]}},"_links":{"self":[{"href":"https:\/\/megapets.eu\/it\/wp-json\/wp\/v2\/product\/6982","targetHints":{"allow":["GET"]}}],"collection":[{"href":"https:\/\/megapets.eu\/it\/wp-json\/wp\/v2\/product"}],"about":[{"href":"https:\/\/megapets.eu\/it\/wp-json\/wp\/v2\/types\/product"}],"wp:featuredmedia":[{"embeddable":true,"href":"https:\/\/megapets.eu\/it\/wp-json\/wp\/v2\/media\/6983"}],"wp:attachment":[{"href":"https:\/\/megapets.eu\/it\/wp-json\/wp\/v2\/media?parent=6982"}],"wp:term":[{"taxonomy":"product_cat","embeddable":true,"href":"https:\/\/megapets.eu\/it\/wp-json\/wp\/v2\/product_cat?post=6982"},{"taxonomy":"product_tag","embeddable":true,"href":"https:\/\/megapets.eu\/it\/wp-json\/wp\/v2\/product_tag?post=6982"}],"curies":[{"name":"wp","href":"https:\/\/api.w.org\/{rel}","templated":true}]}}