{"id":6989,"date":"2025-05-13T18:51:12","date_gmt":"2025-05-13T18:51:12","guid":{"rendered":"https:\/\/megapets.eu\/senza-categoria\/collemboli-bianchi-squadra-di-pulizia\/"},"modified":"2025-05-13T18:51:12","modified_gmt":"2025-05-13T18:51:12","slug":"collemboli-bianchi-squadra-di-pulizia","status":"publish","type":"product","link":"https:\/\/megapets.eu\/it\/isopodia\/collemboli-bianchi-squadra-di-pulizia\/","title":{"rendered":"Collemboli bianchi<br \/> \u201cSquadra di pulizia\u201d"},"content":{"rendered":"<p class=\"v1v1v1v1MsoNormal\"><span style=\"color: #424242;\"><strong><em><span style=\"font-size: 15px;\">Collemboli: collemboli bianchi.<\/span><\/em><\/strong><\/span><\/p>\n<p class=\"v1v1v1v1MsoNormal\"><span style=\"color: #424242;\"><strong><em><span style=\"font-size: 15px;\"> Collemboli<\/span><\/em><em><span style=\"font-size: 15px;\"> \u201cSquadra di pulizia\u201d <strong style=\"color: #424242;\"><span class=\"x1xsqp64 xiy17q3 x1o6pynw x19co3pv xdj266r xcwd3tp xat24cr x39eecv x2b8uid\" data-testid=\"emoji\"><span class=\"xexx8yu xn5pp95 x18d9i69 x2fxd7x x3jgonx x1bhl96m\"><span style=\"font-size: 15px; color: #424242;\"><span class=\"html-span xexx8yu x4uap5 x18d9i69 xkhd6sd x1hl2dhg x16tdsg8 x1vvkbs x3nfvp2 x1j61x8r x1fcty0u xdj266r xat24cr xgzva0m xhhsvwb xxymvpz xlup9mm x1kky2od\"><img loading=\"lazy\" decoding=\"async\" class=\"xz74otr\" src=\"https:\/\/static.xx.fbcdn.net\/images\/emoji.php\/v9\/ta4\/1\/16\/1f9f9.png\" alt=\"\ud83e\uddf9\" width=\"16\" height=\"16\" \/><img loading=\"lazy\" decoding=\"async\" class=\"xz74otr\" src=\"https:\/\/static.xx.fbcdn.net\/images\/emoji.php\/v9\/tbc\/1\/16\/1f30a.png\" alt=\"\ud83c\udf0a\" width=\"16\" height=\"16\" \/><\/span><span class=\"html-span xexx8yu x4uap5 x18d9i69 xkhd6sd x1hl2dhg x16tdsg8 x1vvkbs x3nfvp2 x1j61x8r x1fcty0u xdj266r xat24cr xgzva0m xhhsvwb xxymvpz xlup9mm x1kky2od\"><img loading=\"lazy\" decoding=\"async\" class=\"xz74otr\" src=\"https:\/\/static.xx.fbcdn.net\/images\/emoji.php\/v9\/t4f\/1\/16\/1f9fd.png\" alt=\"\ud83e\uddfd\" width=\"16\" height=\"16\" \/><\/span><\/span><\/span><\/span><\/strong> al terrario.<\/span><\/em><\/strong><\/span><\/p>\n<p class=\"v1v1v1v1MsoNormal\"><span style=\"color: #424242;\"><strong><em><span style=\"font-size: 15px;\"><span class=\"x1xsqp64 xiy17q3 x1o6pynw x19co3pv xdj266r xcwd3tp xat24cr x39eecv x2b8uid\" data-testid=\"emoji\"><span class=\"xexx8yu xn5pp95 x18d9i69 x2fxd7x x3jgonx x1bhl96m\"> \ud83c\udf3f<\/span><\/span> Tutto ci\u00f2 di cui un animale del genere ha bisogno per svilupparsi e vivere con successo in un terrario \u00e8: <\/span><\/em><\/strong><\/span><\/p>\n<p class=\"v1v1v1v1MsoNormal\"><span style=\"color: #008000;\"><strong><em><span style=\"font-size: 15px;\">* Substrato\/cibo: substrato per l&#39;allevamento di millepiedi e centopiedi o substrato di cocco; <\/span><\/em><\/strong><\/span><\/p>\n<p class=\"v1v1v1v1MsoNormal\"><span style=\"color: #008000;\"><strong><em><span style=\"font-size: 15px;\">* Cibo: verdura e frutta fresca; <\/span><\/em><\/strong><\/span><\/p>\n<p class=\"v1v1v1v1MsoNormal\"><span style=\"color: #008000;\"><strong><em><span style=\"font-size: 15px;\">* Cibo: Sepia &#8211; l&#39;osso di seppia \u00e8 una fonte naturale di calcio per gli animali da terrario; <\/span><\/em><\/strong><\/span><\/p>\n<p class=\"v1v1v1v1MsoNormal\"><span style=\"color: #008000;\"><strong><em><span style=\"font-size: 15px;\">* Cibo: il Gammarus macinato \u00e8 gammarus essiccato, ricco di macro e microelementi, una fonte naturale di proteine animali e chitina (disponibile nella nostra altra asta); <\/span><\/em><\/strong><\/span><\/p>\n<p class=\"v1v1v1v1MsoNormal\"><span style=\"color: #008000;\"><strong><em><span style=\"font-size: 15px;\">* Terrario: un Faunabox o un contenitore per la riproduzione \u00e8 l&#39;ideale per l&#39;allevamento degli isopodi; <\/span><\/em><\/strong><\/span><\/p>\n<p class=\"v1v1v1v1MsoNormal\"><span style=\"color: #008000;\"><strong><em><span style=\"font-size: 15px;\">* Non lasciare che il substrato si asciughi completamente; il terrario deve essere nebulizzato di tanto in tanto.<\/span><\/em><\/strong><\/span><\/p>\n","protected":false},"excerpt":{"rendered":"<ul class=\"product_attributes\">\n<li><strong>Dimensione target degli individui:<\/strong><span style=\"color: #000000;\"> circa 0,1 cm<\/span><\/li>\n<li> Offerto agli individui:<span style=\"color: #000000;\"> confezionato in modo casuale<\/span><\/li>\n<li> Prezzo del set: mix<span style=\"color: #000000;\"> pezzi<\/span><\/li>\n<\/ul>\n","protected":false},"featured_media":6990,"template":"","meta":{"_acf_changed":false,"_links_to":"","_links_to_target":""},"product_cat":[182],"product_tag":[],"class_list":{"0":"post-6989","1":"product","2":"type-product","3":"status-publish","4":"has-post-thumbnail","6":"product_cat-isopodia","8":"first","9":"instock","10":"shipping-taxable","11":"purchasable","12":"product-type-simple"},"acf":[],"yoast_head":"<!-- This site is optimized with the Yoast SEO plugin v24.9 - https:\/\/yoast.com\/wordpress\/plugins\/seo\/ -->\n<title>Collemboli bianchi \u201cSquadra di pulizia\u201d | MegaPets<\/title>\n<meta name=\"robots\" content=\"index, follow, max-snippet:-1, max-image-preview:large, max-video-preview:-1\" \/>\n<link rel=\"canonical\" href=\"https:\/\/megapets.eu\/it\/isopodia\/collemboli-bianchi-squadra-di-pulizia\/\" \/>\n<meta property=\"og:locale\" content=\"it_IT\" \/>\n<meta property=\"og:type\" content=\"article\" \/>\n<meta property=\"og:title\" content=\"Collemboli bianchi \u201cSquadra di pulizia\u201d | MegaPets\" \/>\n<meta property=\"og:description\" content=\"Dimensione target degli individui: circa 0,1 cm Offerto agli individui: confezionato in modo casuale Prezzo del set: mix pezzi\" \/>\n<meta property=\"og:url\" content=\"https:\/\/megapets.eu\/it\/isopodia\/collemboli-bianchi-squadra-di-pulizia\/\" \/>\n<meta property=\"og:site_name\" content=\"MegaPets\" \/>\n<meta property=\"article:publisher\" content=\"https:\/\/www.facebook.com\/MegaPets.eu\/\" \/>\n<meta property=\"og:image\" content=\"https:\/\/megapets.eu\/wp-content\/uploads\/2025\/05\/Skoczogonkiex22.png\" \/>\n\t<meta property=\"og:image:width\" content=\"1045\" \/>\n\t<meta property=\"og:image:height\" content=\"687\" \/>\n\t<meta property=\"og:image:type\" content=\"image\/png\" \/>\n<meta name=\"twitter:card\" content=\"summary_large_image\" \/>\n<meta name=\"twitter:label1\" content=\"Tempo di lettura stimato\" \/>\n\t<meta name=\"twitter:data1\" content=\"1 minuto\" \/>\n<script type=\"application\/ld+json\" class=\"yoast-schema-graph\">{\"@context\":\"https:\/\/schema.org\",\"@graph\":[{\"@type\":\"WebPage\",\"@id\":\"https:\/\/megapets.eu\/it\/isopodia\/collemboli-bianchi-squadra-di-pulizia\/\",\"url\":\"https:\/\/megapets.eu\/it\/isopodia\/collemboli-bianchi-squadra-di-pulizia\/\",\"name\":\"Collemboli bianchi \u201cSquadra di pulizia\u201d | MegaPets\",\"isPartOf\":{\"@id\":\"https:\/\/megapets.eu\/it\/#website\"},\"primaryImageOfPage\":{\"@id\":\"https:\/\/megapets.eu\/it\/isopodia\/collemboli-bianchi-squadra-di-pulizia\/#primaryimage\"},\"image\":{\"@id\":\"https:\/\/megapets.eu\/it\/isopodia\/collemboli-bianchi-squadra-di-pulizia\/#primaryimage\"},\"thumbnailUrl\":\"https:\/\/megapets.eu\/wp-content\/uploads\/2025\/05\/Skoczogonkiex22.png\",\"datePublished\":\"2025-05-13T18:51:12+00:00\",\"breadcrumb\":{\"@id\":\"https:\/\/megapets.eu\/it\/isopodia\/collemboli-bianchi-squadra-di-pulizia\/#breadcrumb\"},\"inLanguage\":\"it-IT\",\"potentialAction\":[{\"@type\":\"ReadAction\",\"target\":[\"https:\/\/megapets.eu\/it\/isopodia\/collemboli-bianchi-squadra-di-pulizia\/\"]}]},{\"@type\":\"ImageObject\",\"inLanguage\":\"it-IT\",\"@id\":\"https:\/\/megapets.eu\/it\/isopodia\/collemboli-bianchi-squadra-di-pulizia\/#primaryimage\",\"url\":\"https:\/\/megapets.eu\/wp-content\/uploads\/2025\/05\/Skoczogonkiex22.png\",\"contentUrl\":\"https:\/\/megapets.eu\/wp-content\/uploads\/2025\/05\/Skoczogonkiex22.png\",\"width\":1045,\"height\":687},{\"@type\":\"BreadcrumbList\",\"@id\":\"https:\/\/megapets.eu\/it\/isopodia\/collemboli-bianchi-squadra-di-pulizia\/#breadcrumb\",\"itemListElement\":[{\"@type\":\"ListItem\",\"position\":1,\"name\":\"Strona g\u0142\u00f3wna\",\"item\":\"https:\/\/megapets.eu\/it\/\"},{\"@type\":\"ListItem\",\"position\":2,\"name\":\"Negozio\",\"item\":\"https:\/\/megapets.eu\/it\/negozio\/\"},{\"@type\":\"ListItem\",\"position\":3,\"name\":\"Collemboli bianchi \u201cSquadra di pulizia\u201d\"}]},{\"@type\":\"WebSite\",\"@id\":\"https:\/\/megapets.eu\/it\/#website\",\"url\":\"https:\/\/megapets.eu\/it\/\",\"name\":\"Mega Pets\",\"description\":\"Jedna z najwi\u0119kszych hodowli \u015blimak\u00f3w w Europie\",\"publisher\":{\"@id\":\"https:\/\/megapets.eu\/it\/#organization\"},\"alternateName\":\"Mega Pets\",\"potentialAction\":[{\"@type\":\"SearchAction\",\"target\":{\"@type\":\"EntryPoint\",\"urlTemplate\":\"https:\/\/megapets.eu\/it\/?s={search_term_string}\"},\"query-input\":{\"@type\":\"PropertyValueSpecification\",\"valueRequired\":true,\"valueName\":\"search_term_string\"}}],\"inLanguage\":\"it-IT\"},{\"@type\":\"Organization\",\"@id\":\"https:\/\/megapets.eu\/it\/#organization\",\"name\":\"Mega Pets\",\"url\":\"https:\/\/megapets.eu\/it\/\",\"logo\":{\"@type\":\"ImageObject\",\"inLanguage\":\"it-IT\",\"@id\":\"https:\/\/megapets.eu\/it\/#\/schema\/logo\/image\/\",\"url\":\"https:\/\/megapets.eu\/wp-content\/uploads\/2025\/04\/megapets_eu-logo.png\",\"contentUrl\":\"https:\/\/megapets.eu\/wp-content\/uploads\/2025\/04\/megapets_eu-logo.png\",\"width\":2362,\"height\":2362,\"caption\":\"Mega Pets\"},\"image\":{\"@id\":\"https:\/\/megapets.eu\/it\/#\/schema\/logo\/image\/\"},\"sameAs\":[\"https:\/\/www.facebook.com\/MegaPets.eu\/\"]}]}<\/script>\n<!-- \/ Yoast SEO plugin. -->","yoast_head_json":{"title":"Collemboli bianchi \u201cSquadra di pulizia\u201d | MegaPets","robots":{"index":"index","follow":"follow","max-snippet":"max-snippet:-1","max-image-preview":"max-image-preview:large","max-video-preview":"max-video-preview:-1"},"canonical":"https:\/\/megapets.eu\/it\/isopodia\/collemboli-bianchi-squadra-di-pulizia\/","og_locale":"it_IT","og_type":"article","og_title":"Collemboli bianchi \u201cSquadra di pulizia\u201d | MegaPets","og_description":"Dimensione target degli individui: circa 0,1 cm Offerto agli individui: confezionato in modo casuale Prezzo del set: mix pezzi","og_url":"https:\/\/megapets.eu\/it\/isopodia\/collemboli-bianchi-squadra-di-pulizia\/","og_site_name":"MegaPets","article_publisher":"https:\/\/www.facebook.com\/MegaPets.eu\/","og_image":[{"width":1045,"height":687,"url":"https:\/\/megapets.eu\/wp-content\/uploads\/2025\/05\/Skoczogonkiex22.png","type":"image\/png"}],"twitter_card":"summary_large_image","twitter_misc":{"Tempo di lettura stimato":"1 minuto"},"schema":{"@context":"https:\/\/schema.org","@graph":[{"@type":"WebPage","@id":"https:\/\/megapets.eu\/it\/isopodia\/collemboli-bianchi-squadra-di-pulizia\/","url":"https:\/\/megapets.eu\/it\/isopodia\/collemboli-bianchi-squadra-di-pulizia\/","name":"Collemboli bianchi \u201cSquadra di pulizia\u201d | MegaPets","isPartOf":{"@id":"https:\/\/megapets.eu\/it\/#website"},"primaryImageOfPage":{"@id":"https:\/\/megapets.eu\/it\/isopodia\/collemboli-bianchi-squadra-di-pulizia\/#primaryimage"},"image":{"@id":"https:\/\/megapets.eu\/it\/isopodia\/collemboli-bianchi-squadra-di-pulizia\/#primaryimage"},"thumbnailUrl":"https:\/\/megapets.eu\/wp-content\/uploads\/2025\/05\/Skoczogonkiex22.png","datePublished":"2025-05-13T18:51:12+00:00","breadcrumb":{"@id":"https:\/\/megapets.eu\/it\/isopodia\/collemboli-bianchi-squadra-di-pulizia\/#breadcrumb"},"inLanguage":"it-IT","potentialAction":[{"@type":"ReadAction","target":["https:\/\/megapets.eu\/it\/isopodia\/collemboli-bianchi-squadra-di-pulizia\/"]}]},{"@type":"ImageObject","inLanguage":"it-IT","@id":"https:\/\/megapets.eu\/it\/isopodia\/collemboli-bianchi-squadra-di-pulizia\/#primaryimage","url":"https:\/\/megapets.eu\/wp-content\/uploads\/2025\/05\/Skoczogonkiex22.png","contentUrl":"https:\/\/megapets.eu\/wp-content\/uploads\/2025\/05\/Skoczogonkiex22.png","width":1045,"height":687},{"@type":"BreadcrumbList","@id":"https:\/\/megapets.eu\/it\/isopodia\/collemboli-bianchi-squadra-di-pulizia\/#breadcrumb","itemListElement":[{"@type":"ListItem","position":1,"name":"Strona g\u0142\u00f3wna","item":"https:\/\/megapets.eu\/it\/"},{"@type":"ListItem","position":2,"name":"Negozio","item":"https:\/\/megapets.eu\/it\/negozio\/"},{"@type":"ListItem","position":3,"name":"Collemboli bianchi \u201cSquadra di pulizia\u201d"}]},{"@type":"WebSite","@id":"https:\/\/megapets.eu\/it\/#website","url":"https:\/\/megapets.eu\/it\/","name":"Mega Pets","description":"Jedna z najwi\u0119kszych hodowli \u015blimak\u00f3w w Europie","publisher":{"@id":"https:\/\/megapets.eu\/it\/#organization"},"alternateName":"Mega Pets","potentialAction":[{"@type":"SearchAction","target":{"@type":"EntryPoint","urlTemplate":"https:\/\/megapets.eu\/it\/?s={search_term_string}"},"query-input":{"@type":"PropertyValueSpecification","valueRequired":true,"valueName":"search_term_string"}}],"inLanguage":"it-IT"},{"@type":"Organization","@id":"https:\/\/megapets.eu\/it\/#organization","name":"Mega Pets","url":"https:\/\/megapets.eu\/it\/","logo":{"@type":"ImageObject","inLanguage":"it-IT","@id":"https:\/\/megapets.eu\/it\/#\/schema\/logo\/image\/","url":"https:\/\/megapets.eu\/wp-content\/uploads\/2025\/04\/megapets_eu-logo.png","contentUrl":"https:\/\/megapets.eu\/wp-content\/uploads\/2025\/04\/megapets_eu-logo.png","width":2362,"height":2362,"caption":"Mega Pets"},"image":{"@id":"https:\/\/megapets.eu\/it\/#\/schema\/logo\/image\/"},"sameAs":["https:\/\/www.facebook.com\/MegaPets.eu\/"]}]}},"_links":{"self":[{"href":"https:\/\/megapets.eu\/it\/wp-json\/wp\/v2\/product\/6989","targetHints":{"allow":["GET"]}}],"collection":[{"href":"https:\/\/megapets.eu\/it\/wp-json\/wp\/v2\/product"}],"about":[{"href":"https:\/\/megapets.eu\/it\/wp-json\/wp\/v2\/types\/product"}],"wp:featuredmedia":[{"embeddable":true,"href":"https:\/\/megapets.eu\/it\/wp-json\/wp\/v2\/media\/6990"}],"wp:attachment":[{"href":"https:\/\/megapets.eu\/it\/wp-json\/wp\/v2\/media?parent=6989"}],"wp:term":[{"taxonomy":"product_cat","embeddable":true,"href":"https:\/\/megapets.eu\/it\/wp-json\/wp\/v2\/product_cat?post=6989"},{"taxonomy":"product_tag","embeddable":true,"href":"https:\/\/megapets.eu\/it\/wp-json\/wp\/v2\/product_tag?post=6989"}],"curies":[{"name":"wp","href":"https:\/\/api.w.org\/{rel}","templated":true}]}}