{"id":7003,"date":"2025-06-12T16:15:42","date_gmt":"2025-06-12T16:15:42","guid":{"rendered":"https:\/\/megapets.eu\/senza-categoria\/confezione-flower-mix-25-g\/"},"modified":"2025-06-12T16:15:42","modified_gmt":"2025-06-12T16:15:42","slug":"confezione-flower-mix-25-g","status":"publish","type":"product","link":"https:\/\/megapets.eu\/it\/accessori\/confezione-flower-mix-25-g\/","title":{"rendered":"Confezione &#8216;Flower Mix&#8217; 25 g"},"content":{"rendered":"<p><b>&#8220;Miscela di fiori\" <\/b>per lumache esotiche:<\/p>\n<p>La confezione &#8220;Flower mix\" contiene petali e foglie di fiori naturali essiccati.<\/p>\n<p><b>Il prezzo si intende per: <\/b>una confezione di<b> <\/b>&#8220;Miscela floreale\"<b> <\/b>pronta all&#8217;uso. Una confezione contiene 25 g.<\/p>\n<p>Dosaggio: come supplemento alla dieta delle lumache esotiche, una volta ogni 1-2 settimane aggiungi una piccola quantit\u00e0 di petali di &#8220;Flower mix\" (1-2 pizzichi, a seconda delle dimensioni della lumaca) alla dieta di base, cospargendola sopra le verdure e la frutta servite quel giorno.<\/p>\n<p>Si consiglia di alternare gli integratori, offrendo alla lumaca altri tipi di integratori disponibili nella nostra offerta su megapets.eu, in modo che la dieta della lumaca rimanga varia e completa. Alla prossima alimentazione, \u00e8 meglio fare una breve pausa con il &#8220;mix di fiori\" e offrire al tuo animale altri tipi di integratori, come il mix di cereali &#8220;Proteine e Vitamine\", il mix di erbe esotiche o il macinato di &#8220;Gammarus\". I nostri integratori sono stati creati con amore per le lumache e si basano su anni di esperienza di allevamento, quindi possiamo garantirne la qualit\u00e0 e l&#8217;efficacia!<\/p>\n<p><em>Gli integratori che consigliamo sono in grado di soddisfare le esigenze di nutrienti preziosi anche delle specie pi\u00f9 esigenti: &#8220;Proteine e vitamine\", &#8220;Miscela di erbe esotiche\", terreno &#8220;Gammarus\", &#8220;Miscela di fiori\". Si consiglia di utilizzare gli integratori alternativamente, in modo che la dieta del tuo animale rimanga varia e completa.<\/em><\/p>\n","protected":false},"excerpt":{"rendered":"<ul class=\"product_attributes\">\n<li><span style=\"color: #555555;\">Contiene:<\/span> petali e foglie di fiori secchi<\/li>\n<li><span style=\"color: #555555;\">La confezione include:<\/span> 25 g<\/li>\n<li><span style=\"color: #555555;\">Il prezzo si applica a:<\/span> 1 confezione.<\/li>\n<\/ul>\n","protected":false},"featured_media":6985,"template":"","meta":{"_acf_changed":false,"_links_to":"","_links_to_target":""},"product_cat":[177],"product_tag":[180,181,179,178],"class_list":{"0":"post-7003","1":"product","2":"type-product","3":"status-publish","4":"has-post-thumbnail","6":"product_cat-accessori","7":"product_tag-per-gli-isopodi","8":"product_tag-per-gli-scarafaggi","9":"product_tag-per-le-astuzie","10":"product_tag-per-le-lumache","12":"first","13":"instock","14":"shipping-taxable","15":"purchasable","16":"product-type-simple"},"acf":[],"yoast_head":"<!-- This site is optimized with the Yoast SEO plugin v24.9 - https:\/\/yoast.com\/wordpress\/plugins\/seo\/ -->\n<title>Confezione &#039;Flower Mix&#039; 25 g | MegaPets<\/title>\n<meta name=\"robots\" content=\"index, follow, max-snippet:-1, max-image-preview:large, max-video-preview:-1\" \/>\n<link rel=\"canonical\" href=\"https:\/\/megapets.eu\/it\/accessori\/confezione-flower-mix-25-g\/\" \/>\n<meta property=\"og:locale\" content=\"it_IT\" \/>\n<meta property=\"og:type\" content=\"article\" \/>\n<meta property=\"og:title\" content=\"Confezione &#039;Flower Mix&#039; 25 g | MegaPets\" \/>\n<meta property=\"og:description\" content=\"Contiene: petali e foglie di fiori secchi  La confezione include: 25 g  Il prezzo si applica a: 1 confezione.\" \/>\n<meta property=\"og:url\" content=\"https:\/\/megapets.eu\/it\/accessori\/confezione-flower-mix-25-g\/\" \/>\n<meta property=\"og:site_name\" content=\"MegaPets\" \/>\n<meta property=\"article:publisher\" content=\"https:\/\/www.facebook.com\/MegaPets.eu\/\" \/>\n<meta property=\"og:image\" content=\"https:\/\/megapets.eu\/wp-content\/uploads\/2025\/06\/Kwiatowy-mix.png\" \/>\n\t<meta property=\"og:image:width\" content=\"1054\" \/>\n\t<meta property=\"og:image:height\" content=\"694\" \/>\n\t<meta property=\"og:image:type\" content=\"image\/png\" \/>\n<meta name=\"twitter:card\" content=\"summary_large_image\" \/>\n<meta name=\"twitter:label1\" content=\"Tempo di lettura stimato\" \/>\n\t<meta name=\"twitter:data1\" content=\"1 minuto\" \/>\n<script type=\"application\/ld+json\" class=\"yoast-schema-graph\">{\"@context\":\"https:\/\/schema.org\",\"@graph\":[{\"@type\":\"WebPage\",\"@id\":\"https:\/\/megapets.eu\/it\/accessori\/confezione-flower-mix-25-g\/\",\"url\":\"https:\/\/megapets.eu\/it\/accessori\/confezione-flower-mix-25-g\/\",\"name\":\"Confezione 'Flower Mix' 25 g | MegaPets\",\"isPartOf\":{\"@id\":\"https:\/\/megapets.eu\/it\/#website\"},\"primaryImageOfPage\":{\"@id\":\"https:\/\/megapets.eu\/it\/accessori\/confezione-flower-mix-25-g\/#primaryimage\"},\"image\":{\"@id\":\"https:\/\/megapets.eu\/it\/accessori\/confezione-flower-mix-25-g\/#primaryimage\"},\"thumbnailUrl\":\"https:\/\/megapets.eu\/wp-content\/uploads\/2025\/06\/Kwiatowy-mix.png\",\"datePublished\":\"2025-06-12T16:15:42+00:00\",\"breadcrumb\":{\"@id\":\"https:\/\/megapets.eu\/it\/accessori\/confezione-flower-mix-25-g\/#breadcrumb\"},\"inLanguage\":\"it-IT\",\"potentialAction\":[{\"@type\":\"ReadAction\",\"target\":[\"https:\/\/megapets.eu\/it\/accessori\/confezione-flower-mix-25-g\/\"]}]},{\"@type\":\"ImageObject\",\"inLanguage\":\"it-IT\",\"@id\":\"https:\/\/megapets.eu\/it\/accessori\/confezione-flower-mix-25-g\/#primaryimage\",\"url\":\"https:\/\/megapets.eu\/wp-content\/uploads\/2025\/06\/Kwiatowy-mix.png\",\"contentUrl\":\"https:\/\/megapets.eu\/wp-content\/uploads\/2025\/06\/Kwiatowy-mix.png\",\"width\":1054,\"height\":694},{\"@type\":\"BreadcrumbList\",\"@id\":\"https:\/\/megapets.eu\/it\/accessori\/confezione-flower-mix-25-g\/#breadcrumb\",\"itemListElement\":[{\"@type\":\"ListItem\",\"position\":1,\"name\":\"Strona g\u0142\u00f3wna\",\"item\":\"https:\/\/megapets.eu\/it\/\"},{\"@type\":\"ListItem\",\"position\":2,\"name\":\"Negozio\",\"item\":\"https:\/\/megapets.eu\/it\/negozio\/\"},{\"@type\":\"ListItem\",\"position\":3,\"name\":\"Confezione 'Flower Mix&#8217; 25 g\"}]},{\"@type\":\"WebSite\",\"@id\":\"https:\/\/megapets.eu\/it\/#website\",\"url\":\"https:\/\/megapets.eu\/it\/\",\"name\":\"Mega Pets\",\"description\":\"Jedna z najwi\u0119kszych hodowli \u015blimak\u00f3w w Europie\",\"publisher\":{\"@id\":\"https:\/\/megapets.eu\/it\/#organization\"},\"alternateName\":\"Mega Pets\",\"potentialAction\":[{\"@type\":\"SearchAction\",\"target\":{\"@type\":\"EntryPoint\",\"urlTemplate\":\"https:\/\/megapets.eu\/it\/?s={search_term_string}\"},\"query-input\":{\"@type\":\"PropertyValueSpecification\",\"valueRequired\":true,\"valueName\":\"search_term_string\"}}],\"inLanguage\":\"it-IT\"},{\"@type\":\"Organization\",\"@id\":\"https:\/\/megapets.eu\/it\/#organization\",\"name\":\"Mega Pets\",\"url\":\"https:\/\/megapets.eu\/it\/\",\"logo\":{\"@type\":\"ImageObject\",\"inLanguage\":\"it-IT\",\"@id\":\"https:\/\/megapets.eu\/it\/#\/schema\/logo\/image\/\",\"url\":\"https:\/\/megapets.eu\/wp-content\/uploads\/2025\/04\/megapets_eu-logo.png\",\"contentUrl\":\"https:\/\/megapets.eu\/wp-content\/uploads\/2025\/04\/megapets_eu-logo.png\",\"width\":2362,\"height\":2362,\"caption\":\"Mega Pets\"},\"image\":{\"@id\":\"https:\/\/megapets.eu\/it\/#\/schema\/logo\/image\/\"},\"sameAs\":[\"https:\/\/www.facebook.com\/MegaPets.eu\/\"]}]}<\/script>\n<!-- \/ Yoast SEO plugin. -->","yoast_head_json":{"title":"Confezione 'Flower Mix' 25 g | MegaPets","robots":{"index":"index","follow":"follow","max-snippet":"max-snippet:-1","max-image-preview":"max-image-preview:large","max-video-preview":"max-video-preview:-1"},"canonical":"https:\/\/megapets.eu\/it\/accessori\/confezione-flower-mix-25-g\/","og_locale":"it_IT","og_type":"article","og_title":"Confezione 'Flower Mix' 25 g | MegaPets","og_description":"Contiene: petali e foglie di fiori secchi  La confezione include: 25 g  Il prezzo si applica a: 1 confezione.","og_url":"https:\/\/megapets.eu\/it\/accessori\/confezione-flower-mix-25-g\/","og_site_name":"MegaPets","article_publisher":"https:\/\/www.facebook.com\/MegaPets.eu\/","og_image":[{"width":1054,"height":694,"url":"https:\/\/megapets.eu\/wp-content\/uploads\/2025\/06\/Kwiatowy-mix.png","type":"image\/png"}],"twitter_card":"summary_large_image","twitter_misc":{"Tempo di lettura stimato":"1 minuto"},"schema":{"@context":"https:\/\/schema.org","@graph":[{"@type":"WebPage","@id":"https:\/\/megapets.eu\/it\/accessori\/confezione-flower-mix-25-g\/","url":"https:\/\/megapets.eu\/it\/accessori\/confezione-flower-mix-25-g\/","name":"Confezione 'Flower Mix' 25 g | MegaPets","isPartOf":{"@id":"https:\/\/megapets.eu\/it\/#website"},"primaryImageOfPage":{"@id":"https:\/\/megapets.eu\/it\/accessori\/confezione-flower-mix-25-g\/#primaryimage"},"image":{"@id":"https:\/\/megapets.eu\/it\/accessori\/confezione-flower-mix-25-g\/#primaryimage"},"thumbnailUrl":"https:\/\/megapets.eu\/wp-content\/uploads\/2025\/06\/Kwiatowy-mix.png","datePublished":"2025-06-12T16:15:42+00:00","breadcrumb":{"@id":"https:\/\/megapets.eu\/it\/accessori\/confezione-flower-mix-25-g\/#breadcrumb"},"inLanguage":"it-IT","potentialAction":[{"@type":"ReadAction","target":["https:\/\/megapets.eu\/it\/accessori\/confezione-flower-mix-25-g\/"]}]},{"@type":"ImageObject","inLanguage":"it-IT","@id":"https:\/\/megapets.eu\/it\/accessori\/confezione-flower-mix-25-g\/#primaryimage","url":"https:\/\/megapets.eu\/wp-content\/uploads\/2025\/06\/Kwiatowy-mix.png","contentUrl":"https:\/\/megapets.eu\/wp-content\/uploads\/2025\/06\/Kwiatowy-mix.png","width":1054,"height":694},{"@type":"BreadcrumbList","@id":"https:\/\/megapets.eu\/it\/accessori\/confezione-flower-mix-25-g\/#breadcrumb","itemListElement":[{"@type":"ListItem","position":1,"name":"Strona g\u0142\u00f3wna","item":"https:\/\/megapets.eu\/it\/"},{"@type":"ListItem","position":2,"name":"Negozio","item":"https:\/\/megapets.eu\/it\/negozio\/"},{"@type":"ListItem","position":3,"name":"Confezione 'Flower Mix&#8217; 25 g"}]},{"@type":"WebSite","@id":"https:\/\/megapets.eu\/it\/#website","url":"https:\/\/megapets.eu\/it\/","name":"Mega Pets","description":"Jedna z najwi\u0119kszych hodowli \u015blimak\u00f3w w Europie","publisher":{"@id":"https:\/\/megapets.eu\/it\/#organization"},"alternateName":"Mega Pets","potentialAction":[{"@type":"SearchAction","target":{"@type":"EntryPoint","urlTemplate":"https:\/\/megapets.eu\/it\/?s={search_term_string}"},"query-input":{"@type":"PropertyValueSpecification","valueRequired":true,"valueName":"search_term_string"}}],"inLanguage":"it-IT"},{"@type":"Organization","@id":"https:\/\/megapets.eu\/it\/#organization","name":"Mega Pets","url":"https:\/\/megapets.eu\/it\/","logo":{"@type":"ImageObject","inLanguage":"it-IT","@id":"https:\/\/megapets.eu\/it\/#\/schema\/logo\/image\/","url":"https:\/\/megapets.eu\/wp-content\/uploads\/2025\/04\/megapets_eu-logo.png","contentUrl":"https:\/\/megapets.eu\/wp-content\/uploads\/2025\/04\/megapets_eu-logo.png","width":2362,"height":2362,"caption":"Mega Pets"},"image":{"@id":"https:\/\/megapets.eu\/it\/#\/schema\/logo\/image\/"},"sameAs":["https:\/\/www.facebook.com\/MegaPets.eu\/"]}]}},"_links":{"self":[{"href":"https:\/\/megapets.eu\/it\/wp-json\/wp\/v2\/product\/7003","targetHints":{"allow":["GET"]}}],"collection":[{"href":"https:\/\/megapets.eu\/it\/wp-json\/wp\/v2\/product"}],"about":[{"href":"https:\/\/megapets.eu\/it\/wp-json\/wp\/v2\/types\/product"}],"wp:featuredmedia":[{"embeddable":true,"href":"https:\/\/megapets.eu\/it\/wp-json\/wp\/v2\/media\/6985"}],"wp:attachment":[{"href":"https:\/\/megapets.eu\/it\/wp-json\/wp\/v2\/media?parent=7003"}],"wp:term":[{"taxonomy":"product_cat","embeddable":true,"href":"https:\/\/megapets.eu\/it\/wp-json\/wp\/v2\/product_cat?post=7003"},{"taxonomy":"product_tag","embeddable":true,"href":"https:\/\/megapets.eu\/it\/wp-json\/wp\/v2\/product_tag?post=7003"}],"curies":[{"name":"wp","href":"https:\/\/api.w.org\/{rel}","templated":true}]}}