{"id":7020,"date":"2025-06-16T09:42:27","date_gmt":"2025-06-16T09:42:27","guid":{"rendered":"https:\/\/megapets.eu\/senza-categoria\/archachatina-marginata-ovum-xxl-selezione-di-una-coppia-non-imparentata\/"},"modified":"2025-06-16T09:42:27","modified_gmt":"2025-06-16T09:42:27","slug":"archachatina-marginata-ovum-xxl-selezione-di-una-coppia-non-imparentata","status":"publish","type":"product","link":"https:\/\/megapets.eu\/it\/lumache\/archachatina-marginata-ovum-xxl-selezione-di-una-coppia-non-imparentata\/","title":{"rendered":"Archachatina marginata ovum XXL <br \/> Selezione di una coppia non imparentata"},"content":{"rendered":"<p class=\"v1v1v1v1MsoNormal\"><span style=\"color: #424242; font-size: 15px;\"><em><span style=\"color: #000000;\"><strong>Specie:<\/strong> <\/span><\/em><span style=\"color: #000000;\"><em>Archachatina marginata ovum (L. Pfeiffer, 1858)<\/em><\/span><em><br \/>\n<strong><span style=\"color: #000000;\">Marcatura speciale della linea: <\/span><\/strong><\/em><em><span style=\"color: #000000;\">&#8220;XXL\"<\/span><\/em><em><br \/>\n<span style=\"color: #000000;\"><strong>Variet\u00e0 di colore<\/strong>:<\/span><\/em><em><span style=\"color: #000000;\"> standard<\/span><\/em><\/span><\/p>\n<p><span style=\"font-size: 15px;\"><strong><span style=\"color: #000000;\"><em><span style=\"color: #008000;\"><span style=\"color: #424242;\"><img decoding=\"async\" src=\"https:\/\/static.xx.fbcdn.net\/images\/emoji.php\/v9\/tb4\/1\/16\/2b50.png\" alt=\"\u2b50\ufe0f\" \/><\/span><\/span> <\/em><\/span><span style=\"color: #000000;\"><em>L&#8217;offerta riguarda: <\/em><\/span><\/strong><span style=\"color: #000000;\"><em>2 giovani lumache di linee genetiche separate (da coppie di genitori non imparentati P6-P22).<\/em><\/span><\/span><\/p>\n<p style=\"text-align: left;\"><span style=\"font-size: 15px;\"><span style=\"color: #000000;\"><em><img loading=\"lazy\" decoding=\"async\" class=\"\" src=\"https:\/\/static.xx.fbcdn.net\/images\/emoji.php\/v9\/ta\/1\/32\/1f525.png\" alt=\"\ud83d\udd25\" width=\"18\" height=\"18\" \/> <\/em><\/span><em style=\"color: #000000;\"><span style=\"color: #008000;\"><span style=\"color: #424242;\"><span style=\"color: #993300;\">Una delle pi\u00f9 grandi lumache terrestri, gli indiscussi giganti Archachatina marginata ovum XXL, nella variet\u00e0 di colore standard, affascinano a prima vista con le loro dimensioni colossali. Questi giganti marroni, molto conosciuti dagli amanti delle lumache, raggiungono dimensioni impressionanti di oltre 16 cm di guscio. Tuttavia, questo non \u00e8 il limite: esistono anche esemplari di dimensioni eccezionali, che vanno dai 18 ai 20 cm. I gusci dei veri giganti sono molto larghi e massicci: una lumaca di questa specie pesa oltre mezzo chilo.<\/span><\/span><\/span><\/em><\/span><\/p>\n<p style=\"text-align: left;\"><span style=\"color: #000000; font-size: 15px;\"><em><span class=\"x1xsqp64 xiy17q3 x1o6pynw x19co3pv xdj266r xcwd3tp xat24cr x39eecv x2b8uid\" data-testid=\"emoji\"><span class=\"xexx8yu xn5pp95 x18d9i69 x2fxd7x x3jgonx x1bhl96m\"><img loading=\"lazy\" decoding=\"async\" class=\"\" src=\"https:\/\/static.xx.fbcdn.net\/images\/emoji.php\/v9\/t66\/1\/32\/1f4cc.png\" alt=\"\ud83d\udccc\" width=\"18\" height=\"18\" \/> Il guscio opaco non ha una colorazione uniforme: presenta una scala di colori che va dal giallo, all&#8217;arancione, al marrone, al nero e alle loro sfumature di varia intensit\u00e0 e saturazione.  Lo sfondo della conchiglia \u00e8 densamente punteggiato da strisce, zigzag e macchie distinte. Le strisce, gli zigzag e le macchie sono a volte cos\u00ec densamente distribuite che possono coprire quasi completamente la spirale corporea della conchiglia e conferirle un colore arancione-marrone intenso o scurire significativamente la conchiglia fino a raggiungere intense sfumature marrone-nere.<\/span><\/span><\/em><\/span><\/p>\n<p style=\"text-align: left;\"><span style=\"color: #000000; font-size: 15px;\"><em><img loading=\"lazy\" decoding=\"async\" class=\"xz74otr\" src=\"https:\/\/static.xx.fbcdn.net\/images\/emoji.php\/v9\/t1e\/1\/16\/1f33f.png\" alt=\"\ud83c\udf3f\" width=\"18\" height=\"18\" \/> <span style=\"color: #008000;\">Come la maggior parte delle specie del genere Archachatina, queste lumache sono poco esigenti e prosperano se vengono fornite le condizioni di base per la loro manutenzione.<\/span><\/em><\/span><\/p>\n","protected":false},"excerpt":{"rendered":"<ul>\n<li>Dimensioni del guscio di destinazione:\n<ul>\n<li>ca. 16 cm e oltre<\/li>\n<\/ul>\n<\/li>\n<li>Da coppie non imparentate:\n<ul>\n<li>P6-P22<\/li>\n<\/ul>\n<\/li>\n<li>Giovani offerti:\n<ul>\n<li>ca. 5-6 cm<\/li>\n<\/ul>\n<\/li>\n<li>Il prezzo si applica a:\n<ul>\n<li>2 pezzi (coppia abbinata)<\/li>\n<\/ul>\n<\/li>\n<\/ul>\n","protected":false},"featured_media":7021,"template":"","meta":{"_acf_changed":false,"_links_to":"","_links_to_target":""},"product_cat":[183],"product_tag":[],"class_list":{"0":"post-7020","1":"product","2":"type-product","3":"status-publish","4":"has-post-thumbnail","6":"product_cat-lumache","8":"first","9":"instock","10":"shipping-taxable","11":"purchasable","12":"product-type-simple"},"acf":[],"yoast_head":"<!-- This site is optimized with the Yoast SEO plugin v24.9 - https:\/\/yoast.com\/wordpress\/plugins\/seo\/ -->\n<title>Archachatina marginata ovum XXL  Selezione di una coppia non imparentata | MegaPets<\/title>\n<meta name=\"robots\" content=\"index, follow, max-snippet:-1, max-image-preview:large, max-video-preview:-1\" \/>\n<link rel=\"canonical\" href=\"https:\/\/megapets.eu\/it\/lumache\/archachatina-marginata-ovum-xxl-selezione-di-una-coppia-non-imparentata\/\" \/>\n<meta property=\"og:locale\" content=\"it_IT\" \/>\n<meta property=\"og:type\" content=\"article\" \/>\n<meta property=\"og:title\" content=\"Archachatina marginata ovum XXL  Selezione di una coppia non imparentata | MegaPets\" \/>\n<meta property=\"og:description\" content=\"Dimensioni del guscio di destinazione:  ca. 16 cm e oltre   Da coppie non imparentate:  P6-P22   Giovani offerti:  ca. 5-6 cm   Il prezzo si applica a:  2 pezzi (coppia abbinata)\" \/>\n<meta property=\"og:url\" content=\"https:\/\/megapets.eu\/it\/lumache\/archachatina-marginata-ovum-xxl-selezione-di-una-coppia-non-imparentata\/\" \/>\n<meta property=\"og:site_name\" content=\"MegaPets\" \/>\n<meta property=\"article:publisher\" content=\"https:\/\/www.facebook.com\/MegaPets.eu\/\" \/>\n<meta property=\"og:image\" content=\"https:\/\/megapets.eu\/wp-content\/uploads\/2025\/06\/1107212.jpg\" \/>\n\t<meta property=\"og:image:width\" content=\"1206\" \/>\n\t<meta property=\"og:image:height\" content=\"800\" \/>\n\t<meta property=\"og:image:type\" content=\"image\/jpeg\" \/>\n<meta name=\"twitter:card\" content=\"summary_large_image\" \/>\n<meta name=\"twitter:label1\" content=\"Tempo di lettura stimato\" \/>\n\t<meta name=\"twitter:data1\" content=\"1 minuto\" \/>\n<script type=\"application\/ld+json\" class=\"yoast-schema-graph\">{\"@context\":\"https:\/\/schema.org\",\"@graph\":[{\"@type\":\"WebPage\",\"@id\":\"https:\/\/megapets.eu\/it\/lumache\/archachatina-marginata-ovum-xxl-selezione-di-una-coppia-non-imparentata\/\",\"url\":\"https:\/\/megapets.eu\/it\/lumache\/archachatina-marginata-ovum-xxl-selezione-di-una-coppia-non-imparentata\/\",\"name\":\"Archachatina marginata ovum XXL Selezione di una coppia non imparentata | MegaPets\",\"isPartOf\":{\"@id\":\"https:\/\/megapets.eu\/it\/#website\"},\"primaryImageOfPage\":{\"@id\":\"https:\/\/megapets.eu\/it\/lumache\/archachatina-marginata-ovum-xxl-selezione-di-una-coppia-non-imparentata\/#primaryimage\"},\"image\":{\"@id\":\"https:\/\/megapets.eu\/it\/lumache\/archachatina-marginata-ovum-xxl-selezione-di-una-coppia-non-imparentata\/#primaryimage\"},\"thumbnailUrl\":\"https:\/\/megapets.eu\/wp-content\/uploads\/2025\/06\/1107212.jpg\",\"datePublished\":\"2025-06-16T09:42:27+00:00\",\"breadcrumb\":{\"@id\":\"https:\/\/megapets.eu\/it\/lumache\/archachatina-marginata-ovum-xxl-selezione-di-una-coppia-non-imparentata\/#breadcrumb\"},\"inLanguage\":\"it-IT\",\"potentialAction\":[{\"@type\":\"ReadAction\",\"target\":[\"https:\/\/megapets.eu\/it\/lumache\/archachatina-marginata-ovum-xxl-selezione-di-una-coppia-non-imparentata\/\"]}]},{\"@type\":\"ImageObject\",\"inLanguage\":\"it-IT\",\"@id\":\"https:\/\/megapets.eu\/it\/lumache\/archachatina-marginata-ovum-xxl-selezione-di-una-coppia-non-imparentata\/#primaryimage\",\"url\":\"https:\/\/megapets.eu\/wp-content\/uploads\/2025\/06\/1107212.jpg\",\"contentUrl\":\"https:\/\/megapets.eu\/wp-content\/uploads\/2025\/06\/1107212.jpg\",\"width\":1206,\"height\":800,\"caption\":\"rrem\"},{\"@type\":\"BreadcrumbList\",\"@id\":\"https:\/\/megapets.eu\/it\/lumache\/archachatina-marginata-ovum-xxl-selezione-di-una-coppia-non-imparentata\/#breadcrumb\",\"itemListElement\":[{\"@type\":\"ListItem\",\"position\":1,\"name\":\"Strona g\u0142\u00f3wna\",\"item\":\"https:\/\/megapets.eu\/it\/\"},{\"@type\":\"ListItem\",\"position\":2,\"name\":\"Negozio\",\"item\":\"https:\/\/megapets.eu\/it\/negozio\/\"},{\"@type\":\"ListItem\",\"position\":3,\"name\":\"Archachatina marginata ovum XXL Selezione di una coppia non imparentata\"}]},{\"@type\":\"WebSite\",\"@id\":\"https:\/\/megapets.eu\/it\/#website\",\"url\":\"https:\/\/megapets.eu\/it\/\",\"name\":\"Mega Pets\",\"description\":\"Jedna z najwi\u0119kszych hodowli \u015blimak\u00f3w w Europie\",\"publisher\":{\"@id\":\"https:\/\/megapets.eu\/it\/#organization\"},\"alternateName\":\"Mega Pets\",\"potentialAction\":[{\"@type\":\"SearchAction\",\"target\":{\"@type\":\"EntryPoint\",\"urlTemplate\":\"https:\/\/megapets.eu\/it\/?s={search_term_string}\"},\"query-input\":{\"@type\":\"PropertyValueSpecification\",\"valueRequired\":true,\"valueName\":\"search_term_string\"}}],\"inLanguage\":\"it-IT\"},{\"@type\":\"Organization\",\"@id\":\"https:\/\/megapets.eu\/it\/#organization\",\"name\":\"Mega Pets\",\"url\":\"https:\/\/megapets.eu\/it\/\",\"logo\":{\"@type\":\"ImageObject\",\"inLanguage\":\"it-IT\",\"@id\":\"https:\/\/megapets.eu\/it\/#\/schema\/logo\/image\/\",\"url\":\"https:\/\/megapets.eu\/wp-content\/uploads\/2025\/04\/megapets_eu-logo.png\",\"contentUrl\":\"https:\/\/megapets.eu\/wp-content\/uploads\/2025\/04\/megapets_eu-logo.png\",\"width\":2362,\"height\":2362,\"caption\":\"Mega Pets\"},\"image\":{\"@id\":\"https:\/\/megapets.eu\/it\/#\/schema\/logo\/image\/\"},\"sameAs\":[\"https:\/\/www.facebook.com\/MegaPets.eu\/\"]}]}<\/script>\n<!-- \/ Yoast SEO plugin. -->","yoast_head_json":{"title":"Archachatina marginata ovum XXL  Selezione di una coppia non imparentata | MegaPets","robots":{"index":"index","follow":"follow","max-snippet":"max-snippet:-1","max-image-preview":"max-image-preview:large","max-video-preview":"max-video-preview:-1"},"canonical":"https:\/\/megapets.eu\/it\/lumache\/archachatina-marginata-ovum-xxl-selezione-di-una-coppia-non-imparentata\/","og_locale":"it_IT","og_type":"article","og_title":"Archachatina marginata ovum XXL  Selezione di una coppia non imparentata | MegaPets","og_description":"Dimensioni del guscio di destinazione:  ca. 16 cm e oltre   Da coppie non imparentate:  P6-P22   Giovani offerti:  ca. 5-6 cm   Il prezzo si applica a:  2 pezzi (coppia abbinata)","og_url":"https:\/\/megapets.eu\/it\/lumache\/archachatina-marginata-ovum-xxl-selezione-di-una-coppia-non-imparentata\/","og_site_name":"MegaPets","article_publisher":"https:\/\/www.facebook.com\/MegaPets.eu\/","og_image":[{"width":1206,"height":800,"url":"https:\/\/megapets.eu\/wp-content\/uploads\/2025\/06\/1107212.jpg","type":"image\/jpeg"}],"twitter_card":"summary_large_image","twitter_misc":{"Tempo di lettura stimato":"1 minuto"},"schema":{"@context":"https:\/\/schema.org","@graph":[{"@type":"WebPage","@id":"https:\/\/megapets.eu\/it\/lumache\/archachatina-marginata-ovum-xxl-selezione-di-una-coppia-non-imparentata\/","url":"https:\/\/megapets.eu\/it\/lumache\/archachatina-marginata-ovum-xxl-selezione-di-una-coppia-non-imparentata\/","name":"Archachatina marginata ovum XXL Selezione di una coppia non imparentata | MegaPets","isPartOf":{"@id":"https:\/\/megapets.eu\/it\/#website"},"primaryImageOfPage":{"@id":"https:\/\/megapets.eu\/it\/lumache\/archachatina-marginata-ovum-xxl-selezione-di-una-coppia-non-imparentata\/#primaryimage"},"image":{"@id":"https:\/\/megapets.eu\/it\/lumache\/archachatina-marginata-ovum-xxl-selezione-di-una-coppia-non-imparentata\/#primaryimage"},"thumbnailUrl":"https:\/\/megapets.eu\/wp-content\/uploads\/2025\/06\/1107212.jpg","datePublished":"2025-06-16T09:42:27+00:00","breadcrumb":{"@id":"https:\/\/megapets.eu\/it\/lumache\/archachatina-marginata-ovum-xxl-selezione-di-una-coppia-non-imparentata\/#breadcrumb"},"inLanguage":"it-IT","potentialAction":[{"@type":"ReadAction","target":["https:\/\/megapets.eu\/it\/lumache\/archachatina-marginata-ovum-xxl-selezione-di-una-coppia-non-imparentata\/"]}]},{"@type":"ImageObject","inLanguage":"it-IT","@id":"https:\/\/megapets.eu\/it\/lumache\/archachatina-marginata-ovum-xxl-selezione-di-una-coppia-non-imparentata\/#primaryimage","url":"https:\/\/megapets.eu\/wp-content\/uploads\/2025\/06\/1107212.jpg","contentUrl":"https:\/\/megapets.eu\/wp-content\/uploads\/2025\/06\/1107212.jpg","width":1206,"height":800,"caption":"rrem"},{"@type":"BreadcrumbList","@id":"https:\/\/megapets.eu\/it\/lumache\/archachatina-marginata-ovum-xxl-selezione-di-una-coppia-non-imparentata\/#breadcrumb","itemListElement":[{"@type":"ListItem","position":1,"name":"Strona g\u0142\u00f3wna","item":"https:\/\/megapets.eu\/it\/"},{"@type":"ListItem","position":2,"name":"Negozio","item":"https:\/\/megapets.eu\/it\/negozio\/"},{"@type":"ListItem","position":3,"name":"Archachatina marginata ovum XXL Selezione di una coppia non imparentata"}]},{"@type":"WebSite","@id":"https:\/\/megapets.eu\/it\/#website","url":"https:\/\/megapets.eu\/it\/","name":"Mega Pets","description":"Jedna z najwi\u0119kszych hodowli \u015blimak\u00f3w w Europie","publisher":{"@id":"https:\/\/megapets.eu\/it\/#organization"},"alternateName":"Mega Pets","potentialAction":[{"@type":"SearchAction","target":{"@type":"EntryPoint","urlTemplate":"https:\/\/megapets.eu\/it\/?s={search_term_string}"},"query-input":{"@type":"PropertyValueSpecification","valueRequired":true,"valueName":"search_term_string"}}],"inLanguage":"it-IT"},{"@type":"Organization","@id":"https:\/\/megapets.eu\/it\/#organization","name":"Mega Pets","url":"https:\/\/megapets.eu\/it\/","logo":{"@type":"ImageObject","inLanguage":"it-IT","@id":"https:\/\/megapets.eu\/it\/#\/schema\/logo\/image\/","url":"https:\/\/megapets.eu\/wp-content\/uploads\/2025\/04\/megapets_eu-logo.png","contentUrl":"https:\/\/megapets.eu\/wp-content\/uploads\/2025\/04\/megapets_eu-logo.png","width":2362,"height":2362,"caption":"Mega Pets"},"image":{"@id":"https:\/\/megapets.eu\/it\/#\/schema\/logo\/image\/"},"sameAs":["https:\/\/www.facebook.com\/MegaPets.eu\/"]}]}},"_links":{"self":[{"href":"https:\/\/megapets.eu\/it\/wp-json\/wp\/v2\/product\/7020","targetHints":{"allow":["GET"]}}],"collection":[{"href":"https:\/\/megapets.eu\/it\/wp-json\/wp\/v2\/product"}],"about":[{"href":"https:\/\/megapets.eu\/it\/wp-json\/wp\/v2\/types\/product"}],"wp:featuredmedia":[{"embeddable":true,"href":"https:\/\/megapets.eu\/it\/wp-json\/wp\/v2\/media\/7021"}],"wp:attachment":[{"href":"https:\/\/megapets.eu\/it\/wp-json\/wp\/v2\/media?parent=7020"}],"wp:term":[{"taxonomy":"product_cat","embeddable":true,"href":"https:\/\/megapets.eu\/it\/wp-json\/wp\/v2\/product_cat?post=7020"},{"taxonomy":"product_tag","embeddable":true,"href":"https:\/\/megapets.eu\/it\/wp-json\/wp\/v2\/product_tag?post=7020"}],"curies":[{"name":"wp","href":"https:\/\/api.w.org\/{rel}","templated":true}]}}