{"id":7033,"date":"2025-05-31T12:19:17","date_gmt":"2025-05-31T12:19:17","guid":{"rendered":"https:\/\/megapets.eu\/senza-categoria\/atopochetus-sp-nero-tailandese\/"},"modified":"2025-05-31T12:19:17","modified_gmt":"2025-05-31T12:19:17","slug":"atopochetus-sp-nero-tailandese","status":"publish","type":"product","link":"https:\/\/megapets.eu\/it\/wije-it\/atopochetus-sp-nero-tailandese\/","title":{"rendered":"Atopochetus sp. &quot;Nero tailandese&quot;"},"content":{"rendered":"<p class=\"v1v1v1v1MsoNormal\"><span style=\"color: #d94890;\"><strong><em><span style=\"font-size: 15px;\"><span style=\"color: #ff0000;\"><span style=\"color: #424242;\"> Specie: Atopochetus sp. &quot;Nero tailandese&quot; <\/span><\/span><\/span><\/em><\/strong><\/span><\/p>\n<p><span style=\"color: #d94890;\"><strong><em><span style=\"font-size: 15px;\"><span style=\"color: #ff0000;\"><span style=\"color: #424242;\">Sono facili da manutenere e quindi ideali per i principianti. <\/span><\/span><\/span><\/em><\/strong><\/span><span style=\"color: #424242;\"><span style=\"color: #000000;\"><em><span style=\"font-size: 15px;\"> Cerchi qualcosa di interessante da iniziare a coltivare?<\/span><\/em><\/span><span style=\"color: #333333;\"><em><span style=\"font-size: 15px;\"> I millepiedi Atopochetus sp. &quot;Thai Black&quot; sono creature bellissime e facili da allevare, completamente sicure per l&#39;uomo e non mordono. Hanno mascelle deboli, adatte a triturare la materia vegetale. I millepiedi prediligono luoghi umidi, vivono nello strato superiore del substrato e si nutrono di foglie, ortaggi e frutta. Atopochetus sp. &quot;Thai Black&quot; \u00e8 un bellissimo millepiedi, che raggiunge circa 8 cm di lunghezza. Specie facile da allevare e a crescita rapida.<\/span><\/em><\/span><\/span><\/p>\n<p class=\"v1v1v1v1MsoNormal\"><span style=\"color: #424242;\"><strong><em><span style=\"font-size: 15px;\"><span class=\"x1xsqp64 xiy17q3 x1o6pynw x19co3pv xdj266r xcwd3tp xat24cr x39eecv x2b8uid\" data-testid=\"emoji\"><span class=\"xexx8yu xn5pp95 x18d9i69 x2fxd7x x3jgonx x1bhl96m\"> \ud83c\udf3f<\/span><\/span><span style=\"color: #424242;\"> Tutto ci\u00f2 di cui un animale del genere ha bisogno per svilupparsi e vivere con successo in un terrario \u00e8: <\/span><\/span><\/em><\/strong><\/span><\/p>\n<p class=\"v1v1v1v1MsoNormal\"><span style=\"color: #008000;\"><strong><em><span style=\"font-size: 15px;\">* Substrato\/cibo: Substrato per la riproduzione di millepiedi e centopiedi (disponibile nella nostra altra asta); <\/span><\/em><\/strong><\/span><\/p>\n<p class=\"v1v1v1v1MsoNormal\"><span style=\"color: #008000;\"><strong><em><span style=\"font-size: 15px;\">* Cibo: verdura e frutta fresca; <\/span><\/em><\/strong><\/span><\/p>\n<p class=\"v1v1v1v1MsoNormal\"><span style=\"color: #008000;\"><strong><em><span style=\"font-size: 15px;\">* Cibo: il Gammarus macinato \u00e8 gammarus essiccato, ricco di macro e microelementi, una fonte naturale di proteine animali e chitina (disponibile nella nostra altra asta); <\/span><\/em><\/strong><\/span><\/p>\n<p class=\"v1v1v1v1MsoNormal\"><span style=\"color: #008000;\"><strong><em><span style=\"font-size: 15px;\">* Terrario: Faunabox \u00e8 ideale per l&#39;allevamento di centopiedi e millepiedi (disponibile nella nostra altra asta); <\/span><\/em><\/strong><\/span><\/p>\n<p class=\"v1v1v1v1MsoNormal\"><span style=\"color: #008000;\"><strong><em><span style=\"font-size: 15px;\">* Temperatura consigliata 22-26 \u00b0C e umidit\u00e0 intorno al 70% (non lasciare asciugare il substrato, spruzzare il terrario ogni 2-3 giorni).<\/span><\/em><\/strong><\/span><\/p>\n","protected":false},"excerpt":{"rendered":"<ul class=\"product_attributes\">\n<li><span style=\"color: #555555;\">Dimensione del bersaglio:<\/span> circa 8-10 cm<\/li>\n<li><span style=\"color: #555555;\"> Offerto esemplare giovane:<\/span> circa 3-4 cm<\/li>\n<li><span style=\"color: #555555;\"> Il prezzo si applica a:<\/span> 1 pz<\/li>\n<\/ul>\n","protected":false},"featured_media":7034,"template":"","meta":{"_acf_changed":false,"_links_to":"","_links_to_target":""},"product_cat":[185],"product_tag":[],"class_list":{"0":"post-7033","1":"product","2":"type-product","3":"status-publish","4":"has-post-thumbnail","6":"product_cat-wije-it","8":"first","9":"instock","10":"shipping-taxable","11":"purchasable","12":"product-type-simple"},"acf":[],"yoast_head":"<!-- This site is optimized with the Yoast SEO plugin v24.9 - https:\/\/yoast.com\/wordpress\/plugins\/seo\/ -->\n<title>Atopochetus sp. &quot;Nero tailandese&quot; | MegaPets<\/title>\n<meta name=\"robots\" content=\"index, follow, max-snippet:-1, max-image-preview:large, max-video-preview:-1\" \/>\n<link rel=\"canonical\" href=\"https:\/\/megapets.eu\/it\/wije-it\/atopochetus-sp-nero-tailandese\/\" \/>\n<meta property=\"og:locale\" content=\"it_IT\" \/>\n<meta property=\"og:type\" content=\"article\" \/>\n<meta property=\"og:title\" content=\"Atopochetus sp. &quot;Nero tailandese&quot; | MegaPets\" \/>\n<meta property=\"og:description\" content=\"Dimensione del bersaglio: circa 8-10 cm Offerto esemplare giovane: circa 3-4 cm Il prezzo si applica a: 1 pz\" \/>\n<meta property=\"og:url\" content=\"https:\/\/megapets.eu\/it\/wije-it\/atopochetus-sp-nero-tailandese\/\" \/>\n<meta property=\"og:site_name\" content=\"MegaPets\" \/>\n<meta property=\"article:publisher\" content=\"https:\/\/www.facebook.com\/MegaPets.eu\/\" \/>\n<meta property=\"og:image\" content=\"https:\/\/megapets.eu\/wp-content\/uploads\/2025\/05\/Atopochetus-sp-2-exc.png\" \/>\n\t<meta property=\"og:image:width\" content=\"1047\" \/>\n\t<meta property=\"og:image:height\" content=\"692\" \/>\n\t<meta property=\"og:image:type\" content=\"image\/png\" \/>\n<meta name=\"twitter:card\" content=\"summary_large_image\" \/>\n<meta name=\"twitter:label1\" content=\"Tempo di lettura stimato\" \/>\n\t<meta name=\"twitter:data1\" content=\"1 minuto\" \/>\n<script type=\"application\/ld+json\" class=\"yoast-schema-graph\">{\"@context\":\"https:\/\/schema.org\",\"@graph\":[{\"@type\":\"WebPage\",\"@id\":\"https:\/\/megapets.eu\/it\/wije-it\/atopochetus-sp-nero-tailandese\/\",\"url\":\"https:\/\/megapets.eu\/it\/wije-it\/atopochetus-sp-nero-tailandese\/\",\"name\":\"Atopochetus sp. &quot;Nero tailandese&quot; | MegaPets\",\"isPartOf\":{\"@id\":\"https:\/\/megapets.eu\/it\/#website\"},\"primaryImageOfPage\":{\"@id\":\"https:\/\/megapets.eu\/it\/wije-it\/atopochetus-sp-nero-tailandese\/#primaryimage\"},\"image\":{\"@id\":\"https:\/\/megapets.eu\/it\/wije-it\/atopochetus-sp-nero-tailandese\/#primaryimage\"},\"thumbnailUrl\":\"https:\/\/megapets.eu\/wp-content\/uploads\/2025\/05\/Atopochetus-sp-2-exc.png\",\"datePublished\":\"2025-05-31T12:19:17+00:00\",\"breadcrumb\":{\"@id\":\"https:\/\/megapets.eu\/it\/wije-it\/atopochetus-sp-nero-tailandese\/#breadcrumb\"},\"inLanguage\":\"it-IT\",\"potentialAction\":[{\"@type\":\"ReadAction\",\"target\":[\"https:\/\/megapets.eu\/it\/wije-it\/atopochetus-sp-nero-tailandese\/\"]}]},{\"@type\":\"ImageObject\",\"inLanguage\":\"it-IT\",\"@id\":\"https:\/\/megapets.eu\/it\/wije-it\/atopochetus-sp-nero-tailandese\/#primaryimage\",\"url\":\"https:\/\/megapets.eu\/wp-content\/uploads\/2025\/05\/Atopochetus-sp-2-exc.png\",\"contentUrl\":\"https:\/\/megapets.eu\/wp-content\/uploads\/2025\/05\/Atopochetus-sp-2-exc.png\",\"width\":1047,\"height\":692},{\"@type\":\"BreadcrumbList\",\"@id\":\"https:\/\/megapets.eu\/it\/wije-it\/atopochetus-sp-nero-tailandese\/#breadcrumb\",\"itemListElement\":[{\"@type\":\"ListItem\",\"position\":1,\"name\":\"Strona g\u0142\u00f3wna\",\"item\":\"https:\/\/megapets.eu\/it\/\"},{\"@type\":\"ListItem\",\"position\":2,\"name\":\"Negozio\",\"item\":\"https:\/\/megapets.eu\/it\/negozio\/\"},{\"@type\":\"ListItem\",\"position\":3,\"name\":\"Atopochetus sp. &quot;Nero tailandese&quot;\"}]},{\"@type\":\"WebSite\",\"@id\":\"https:\/\/megapets.eu\/it\/#website\",\"url\":\"https:\/\/megapets.eu\/it\/\",\"name\":\"Mega Pets\",\"description\":\"Jedna z najwi\u0119kszych hodowli \u015blimak\u00f3w w Europie\",\"publisher\":{\"@id\":\"https:\/\/megapets.eu\/it\/#organization\"},\"alternateName\":\"Mega Pets\",\"potentialAction\":[{\"@type\":\"SearchAction\",\"target\":{\"@type\":\"EntryPoint\",\"urlTemplate\":\"https:\/\/megapets.eu\/it\/?s={search_term_string}\"},\"query-input\":{\"@type\":\"PropertyValueSpecification\",\"valueRequired\":true,\"valueName\":\"search_term_string\"}}],\"inLanguage\":\"it-IT\"},{\"@type\":\"Organization\",\"@id\":\"https:\/\/megapets.eu\/it\/#organization\",\"name\":\"Mega Pets\",\"url\":\"https:\/\/megapets.eu\/it\/\",\"logo\":{\"@type\":\"ImageObject\",\"inLanguage\":\"it-IT\",\"@id\":\"https:\/\/megapets.eu\/it\/#\/schema\/logo\/image\/\",\"url\":\"https:\/\/megapets.eu\/wp-content\/uploads\/2025\/04\/megapets_eu-logo.png\",\"contentUrl\":\"https:\/\/megapets.eu\/wp-content\/uploads\/2025\/04\/megapets_eu-logo.png\",\"width\":2362,\"height\":2362,\"caption\":\"Mega Pets\"},\"image\":{\"@id\":\"https:\/\/megapets.eu\/it\/#\/schema\/logo\/image\/\"},\"sameAs\":[\"https:\/\/www.facebook.com\/MegaPets.eu\/\"]}]}<\/script>\n<!-- \/ Yoast SEO plugin. -->","yoast_head_json":{"title":"Atopochetus sp. &quot;Nero tailandese&quot; | MegaPets","robots":{"index":"index","follow":"follow","max-snippet":"max-snippet:-1","max-image-preview":"max-image-preview:large","max-video-preview":"max-video-preview:-1"},"canonical":"https:\/\/megapets.eu\/it\/wije-it\/atopochetus-sp-nero-tailandese\/","og_locale":"it_IT","og_type":"article","og_title":"Atopochetus sp. &quot;Nero tailandese&quot; | MegaPets","og_description":"Dimensione del bersaglio: circa 8-10 cm Offerto esemplare giovane: circa 3-4 cm Il prezzo si applica a: 1 pz","og_url":"https:\/\/megapets.eu\/it\/wije-it\/atopochetus-sp-nero-tailandese\/","og_site_name":"MegaPets","article_publisher":"https:\/\/www.facebook.com\/MegaPets.eu\/","og_image":[{"width":1047,"height":692,"url":"https:\/\/megapets.eu\/wp-content\/uploads\/2025\/05\/Atopochetus-sp-2-exc.png","type":"image\/png"}],"twitter_card":"summary_large_image","twitter_misc":{"Tempo di lettura stimato":"1 minuto"},"schema":{"@context":"https:\/\/schema.org","@graph":[{"@type":"WebPage","@id":"https:\/\/megapets.eu\/it\/wije-it\/atopochetus-sp-nero-tailandese\/","url":"https:\/\/megapets.eu\/it\/wije-it\/atopochetus-sp-nero-tailandese\/","name":"Atopochetus sp. &quot;Nero tailandese&quot; | MegaPets","isPartOf":{"@id":"https:\/\/megapets.eu\/it\/#website"},"primaryImageOfPage":{"@id":"https:\/\/megapets.eu\/it\/wije-it\/atopochetus-sp-nero-tailandese\/#primaryimage"},"image":{"@id":"https:\/\/megapets.eu\/it\/wije-it\/atopochetus-sp-nero-tailandese\/#primaryimage"},"thumbnailUrl":"https:\/\/megapets.eu\/wp-content\/uploads\/2025\/05\/Atopochetus-sp-2-exc.png","datePublished":"2025-05-31T12:19:17+00:00","breadcrumb":{"@id":"https:\/\/megapets.eu\/it\/wije-it\/atopochetus-sp-nero-tailandese\/#breadcrumb"},"inLanguage":"it-IT","potentialAction":[{"@type":"ReadAction","target":["https:\/\/megapets.eu\/it\/wije-it\/atopochetus-sp-nero-tailandese\/"]}]},{"@type":"ImageObject","inLanguage":"it-IT","@id":"https:\/\/megapets.eu\/it\/wije-it\/atopochetus-sp-nero-tailandese\/#primaryimage","url":"https:\/\/megapets.eu\/wp-content\/uploads\/2025\/05\/Atopochetus-sp-2-exc.png","contentUrl":"https:\/\/megapets.eu\/wp-content\/uploads\/2025\/05\/Atopochetus-sp-2-exc.png","width":1047,"height":692},{"@type":"BreadcrumbList","@id":"https:\/\/megapets.eu\/it\/wije-it\/atopochetus-sp-nero-tailandese\/#breadcrumb","itemListElement":[{"@type":"ListItem","position":1,"name":"Strona g\u0142\u00f3wna","item":"https:\/\/megapets.eu\/it\/"},{"@type":"ListItem","position":2,"name":"Negozio","item":"https:\/\/megapets.eu\/it\/negozio\/"},{"@type":"ListItem","position":3,"name":"Atopochetus sp. &quot;Nero tailandese&quot;"}]},{"@type":"WebSite","@id":"https:\/\/megapets.eu\/it\/#website","url":"https:\/\/megapets.eu\/it\/","name":"Mega Pets","description":"Jedna z najwi\u0119kszych hodowli \u015blimak\u00f3w w Europie","publisher":{"@id":"https:\/\/megapets.eu\/it\/#organization"},"alternateName":"Mega Pets","potentialAction":[{"@type":"SearchAction","target":{"@type":"EntryPoint","urlTemplate":"https:\/\/megapets.eu\/it\/?s={search_term_string}"},"query-input":{"@type":"PropertyValueSpecification","valueRequired":true,"valueName":"search_term_string"}}],"inLanguage":"it-IT"},{"@type":"Organization","@id":"https:\/\/megapets.eu\/it\/#organization","name":"Mega Pets","url":"https:\/\/megapets.eu\/it\/","logo":{"@type":"ImageObject","inLanguage":"it-IT","@id":"https:\/\/megapets.eu\/it\/#\/schema\/logo\/image\/","url":"https:\/\/megapets.eu\/wp-content\/uploads\/2025\/04\/megapets_eu-logo.png","contentUrl":"https:\/\/megapets.eu\/wp-content\/uploads\/2025\/04\/megapets_eu-logo.png","width":2362,"height":2362,"caption":"Mega Pets"},"image":{"@id":"https:\/\/megapets.eu\/it\/#\/schema\/logo\/image\/"},"sameAs":["https:\/\/www.facebook.com\/MegaPets.eu\/"]}]}},"_links":{"self":[{"href":"https:\/\/megapets.eu\/it\/wp-json\/wp\/v2\/product\/7033","targetHints":{"allow":["GET"]}}],"collection":[{"href":"https:\/\/megapets.eu\/it\/wp-json\/wp\/v2\/product"}],"about":[{"href":"https:\/\/megapets.eu\/it\/wp-json\/wp\/v2\/types\/product"}],"wp:featuredmedia":[{"embeddable":true,"href":"https:\/\/megapets.eu\/it\/wp-json\/wp\/v2\/media\/7034"}],"wp:attachment":[{"href":"https:\/\/megapets.eu\/it\/wp-json\/wp\/v2\/media?parent=7033"}],"wp:term":[{"taxonomy":"product_cat","embeddable":true,"href":"https:\/\/megapets.eu\/it\/wp-json\/wp\/v2\/product_cat?post=7033"},{"taxonomy":"product_tag","embeddable":true,"href":"https:\/\/megapets.eu\/it\/wp-json\/wp\/v2\/product_tag?post=7033"}],"curies":[{"name":"wp","href":"https:\/\/api.w.org\/{rel}","templated":true}]}}