{"id":7046,"date":"2025-06-10T11:59:52","date_gmt":"2025-06-10T11:59:52","guid":{"rendered":"https:\/\/megapets.eu\/senza-categoria\/confezione-gammarus-60-g-per-lumache-esotiche\/"},"modified":"2025-06-10T11:59:52","modified_gmt":"2025-06-10T11:59:52","slug":"confezione-gammarus-60-g-per-lumache-esotiche","status":"publish","type":"product","link":"https:\/\/megapets.eu\/it\/accessori\/confezione-gammarus-60-g-per-lumache-esotiche\/","title":{"rendered":"Confezione &#8220;Gammarus\" 60 g <br \/> per lumache esotiche"},"content":{"rendered":"<p><em><b>&#8220;Gammarus\" <\/b>per lumache esotiche.<\/em><\/p>\n<p><em>Confezione Il &#8220;Gammarus\" macinato \u00e8 un germe essiccato, ricco di macro e microelementi, una fonte naturale di proteine animali e chitina. Il Gammarus \u00e8 ideale per l&#8217;allevamento non solo di lumache esotiche, ma anche di altri animali da terrario, come vermi, coccodrilli, scarafaggi esotici, ecc.<\/em><\/p>\n<p><em><b>Il prezzo riguarda: <\/b>una confezione<b> <\/b> di &#8220;Gammarus\"<b> <\/b>macinato<b> <\/b>pronto all&#8217;uso. Una confezione contiene 60g.<\/em><\/p>\n<p><em>Il gammarus macinato \u00e8 facile da assumere per il tuo animale domestico e ne dosa le porzioni. Dosaggio: come supplemento alla dieta delle lumache esotiche, una volta ogni 1-2 settimane aggiungi una piccola quantit\u00e0 di germe di &#8220;Gammarus\" macinato (1-2 pizzichi, a seconda delle dimensioni della lumaca) alla dieta di base, cospargendo le verdure e la frutta servite quel giorno. Se il tuo pupillo \u00e8 una lumaca esotica, non \u00e8 consigliabile somministrare proteine animali pi\u00f9 di una volta alla settimana.<\/em><\/p>\n<p><em>Si consiglia di alternare gli integratori, offrendo alla lumaca altri tipi di integratori disponibili nella nostra offerta su megapets.eu, in modo che la dieta della lumaca rimanga varia e completa. I nostri integratori sono stati creati con amore per le lumache e si basano su molti anni di esperienza di allevamento, quindi possiamo garantirne la qualit\u00e0 e l&#8217;efficacia!<\/em><\/p>\n<p><em>\u2b50 Consigliamo integratori in grado di soddisfare il fabbisogno di preziosi nutrienti anche delle specie pi\u00f9 esigenti: &#8220;Proteine e vitamine\", &#8220;Miscela di erbe esotiche\", &#8220;Gammarus\" macinato, &#8220;Miscela di fiori\". Si consiglia di utilizzare gli integratori alternativamente, in modo che la dieta del tuo animale rimanga varia e completa.<\/em><\/p>\n<p><em>\u2b50 I mattoni fondamentali per un guscio bello e sano non devono mancare nella dieta quotidiana di una lumaca: &#8220;Calcio\", &#8220;Mix di calcio\".<\/em><\/p>\n","protected":false},"excerpt":{"rendered":"<ul class=\"product_attributes\">\n<li><span style=\"color: #555555;\">Contiene:<\/span> 100% germi naturali<\/li>\n<li><span style=\"color: #555555;\">La confezione contiene:<\/span> 60 g<\/li>\n<li><span style=\"color: #555555;\">Il prezzo si applica a:<\/span> 1 confezione.<\/li>\n<\/ul>\n","protected":false},"featured_media":7047,"template":"","meta":{"_acf_changed":false,"_links_to":"","_links_to_target":""},"product_cat":[177],"product_tag":[180,181,179,178],"class_list":{"0":"post-7046","1":"product","2":"type-product","3":"status-publish","4":"has-post-thumbnail","6":"product_cat-accessori","7":"product_tag-per-gli-isopodi","8":"product_tag-per-gli-scarafaggi","9":"product_tag-per-le-astuzie","10":"product_tag-per-le-lumache","12":"first","13":"instock","14":"shipping-taxable","15":"purchasable","16":"product-type-simple"},"acf":[],"yoast_head":"<!-- This site is optimized with the Yoast SEO plugin v24.9 - https:\/\/yoast.com\/wordpress\/plugins\/seo\/ -->\n<title>Confezione &quot;Gammarus&quot; 60 g  per lumache esotiche | MegaPets<\/title>\n<meta name=\"robots\" content=\"index, follow, max-snippet:-1, max-image-preview:large, max-video-preview:-1\" \/>\n<link rel=\"canonical\" href=\"https:\/\/megapets.eu\/it\/accessori\/confezione-gammarus-60-g-per-lumache-esotiche\/\" \/>\n<meta property=\"og:locale\" content=\"it_IT\" \/>\n<meta property=\"og:type\" content=\"article\" \/>\n<meta property=\"og:title\" content=\"Confezione &quot;Gammarus&quot; 60 g  per lumache esotiche | MegaPets\" \/>\n<meta property=\"og:description\" content=\"Contiene: 100% germi naturali  La confezione contiene: 60 g  Il prezzo si applica a: 1 confezione.\" \/>\n<meta property=\"og:url\" content=\"https:\/\/megapets.eu\/it\/accessori\/confezione-gammarus-60-g-per-lumache-esotiche\/\" \/>\n<meta property=\"og:site_name\" content=\"MegaPets\" \/>\n<meta property=\"article:publisher\" content=\"https:\/\/www.facebook.com\/MegaPets.eu\/\" \/>\n<meta property=\"og:image\" content=\"https:\/\/megapets.eu\/wp-content\/uploads\/2025\/06\/Gammarus-12345.png\" \/>\n\t<meta property=\"og:image:width\" content=\"1053\" \/>\n\t<meta property=\"og:image:height\" content=\"703\" \/>\n\t<meta property=\"og:image:type\" content=\"image\/png\" \/>\n<meta name=\"twitter:card\" content=\"summary_large_image\" \/>\n<meta name=\"twitter:label1\" content=\"Tempo di lettura stimato\" \/>\n\t<meta name=\"twitter:data1\" content=\"1 minuto\" \/>\n<script type=\"application\/ld+json\" class=\"yoast-schema-graph\">{\"@context\":\"https:\/\/schema.org\",\"@graph\":[{\"@type\":\"WebPage\",\"@id\":\"https:\/\/megapets.eu\/it\/accessori\/confezione-gammarus-60-g-per-lumache-esotiche\/\",\"url\":\"https:\/\/megapets.eu\/it\/accessori\/confezione-gammarus-60-g-per-lumache-esotiche\/\",\"name\":\"Confezione \\\"Gammarus\\\" 60 g per lumache esotiche | MegaPets\",\"isPartOf\":{\"@id\":\"https:\/\/megapets.eu\/it\/#website\"},\"primaryImageOfPage\":{\"@id\":\"https:\/\/megapets.eu\/it\/accessori\/confezione-gammarus-60-g-per-lumache-esotiche\/#primaryimage\"},\"image\":{\"@id\":\"https:\/\/megapets.eu\/it\/accessori\/confezione-gammarus-60-g-per-lumache-esotiche\/#primaryimage\"},\"thumbnailUrl\":\"https:\/\/megapets.eu\/wp-content\/uploads\/2025\/06\/Gammarus-12345.png\",\"datePublished\":\"2025-06-10T11:59:52+00:00\",\"breadcrumb\":{\"@id\":\"https:\/\/megapets.eu\/it\/accessori\/confezione-gammarus-60-g-per-lumache-esotiche\/#breadcrumb\"},\"inLanguage\":\"it-IT\",\"potentialAction\":[{\"@type\":\"ReadAction\",\"target\":[\"https:\/\/megapets.eu\/it\/accessori\/confezione-gammarus-60-g-per-lumache-esotiche\/\"]}]},{\"@type\":\"ImageObject\",\"inLanguage\":\"it-IT\",\"@id\":\"https:\/\/megapets.eu\/it\/accessori\/confezione-gammarus-60-g-per-lumache-esotiche\/#primaryimage\",\"url\":\"https:\/\/megapets.eu\/wp-content\/uploads\/2025\/06\/Gammarus-12345.png\",\"contentUrl\":\"https:\/\/megapets.eu\/wp-content\/uploads\/2025\/06\/Gammarus-12345.png\",\"width\":1053,\"height\":703},{\"@type\":\"BreadcrumbList\",\"@id\":\"https:\/\/megapets.eu\/it\/accessori\/confezione-gammarus-60-g-per-lumache-esotiche\/#breadcrumb\",\"itemListElement\":[{\"@type\":\"ListItem\",\"position\":1,\"name\":\"Strona g\u0142\u00f3wna\",\"item\":\"https:\/\/megapets.eu\/it\/\"},{\"@type\":\"ListItem\",\"position\":2,\"name\":\"Negozio\",\"item\":\"https:\/\/megapets.eu\/it\/negozio\/\"},{\"@type\":\"ListItem\",\"position\":3,\"name\":\"Confezione &#8222;Gammarus\\\" 60 g per lumache esotiche\"}]},{\"@type\":\"WebSite\",\"@id\":\"https:\/\/megapets.eu\/it\/#website\",\"url\":\"https:\/\/megapets.eu\/it\/\",\"name\":\"Mega Pets\",\"description\":\"Jedna z najwi\u0119kszych hodowli \u015blimak\u00f3w w Europie\",\"publisher\":{\"@id\":\"https:\/\/megapets.eu\/it\/#organization\"},\"alternateName\":\"Mega Pets\",\"potentialAction\":[{\"@type\":\"SearchAction\",\"target\":{\"@type\":\"EntryPoint\",\"urlTemplate\":\"https:\/\/megapets.eu\/it\/?s={search_term_string}\"},\"query-input\":{\"@type\":\"PropertyValueSpecification\",\"valueRequired\":true,\"valueName\":\"search_term_string\"}}],\"inLanguage\":\"it-IT\"},{\"@type\":\"Organization\",\"@id\":\"https:\/\/megapets.eu\/it\/#organization\",\"name\":\"Mega Pets\",\"url\":\"https:\/\/megapets.eu\/it\/\",\"logo\":{\"@type\":\"ImageObject\",\"inLanguage\":\"it-IT\",\"@id\":\"https:\/\/megapets.eu\/it\/#\/schema\/logo\/image\/\",\"url\":\"https:\/\/megapets.eu\/wp-content\/uploads\/2025\/04\/megapets_eu-logo.png\",\"contentUrl\":\"https:\/\/megapets.eu\/wp-content\/uploads\/2025\/04\/megapets_eu-logo.png\",\"width\":2362,\"height\":2362,\"caption\":\"Mega Pets\"},\"image\":{\"@id\":\"https:\/\/megapets.eu\/it\/#\/schema\/logo\/image\/\"},\"sameAs\":[\"https:\/\/www.facebook.com\/MegaPets.eu\/\"]}]}<\/script>\n<!-- \/ Yoast SEO plugin. -->","yoast_head_json":{"title":"Confezione \"Gammarus\" 60 g  per lumache esotiche | MegaPets","robots":{"index":"index","follow":"follow","max-snippet":"max-snippet:-1","max-image-preview":"max-image-preview:large","max-video-preview":"max-video-preview:-1"},"canonical":"https:\/\/megapets.eu\/it\/accessori\/confezione-gammarus-60-g-per-lumache-esotiche\/","og_locale":"it_IT","og_type":"article","og_title":"Confezione \"Gammarus\" 60 g  per lumache esotiche | MegaPets","og_description":"Contiene: 100% germi naturali  La confezione contiene: 60 g  Il prezzo si applica a: 1 confezione.","og_url":"https:\/\/megapets.eu\/it\/accessori\/confezione-gammarus-60-g-per-lumache-esotiche\/","og_site_name":"MegaPets","article_publisher":"https:\/\/www.facebook.com\/MegaPets.eu\/","og_image":[{"width":1053,"height":703,"url":"https:\/\/megapets.eu\/wp-content\/uploads\/2025\/06\/Gammarus-12345.png","type":"image\/png"}],"twitter_card":"summary_large_image","twitter_misc":{"Tempo di lettura stimato":"1 minuto"},"schema":{"@context":"https:\/\/schema.org","@graph":[{"@type":"WebPage","@id":"https:\/\/megapets.eu\/it\/accessori\/confezione-gammarus-60-g-per-lumache-esotiche\/","url":"https:\/\/megapets.eu\/it\/accessori\/confezione-gammarus-60-g-per-lumache-esotiche\/","name":"Confezione \"Gammarus\" 60 g per lumache esotiche | MegaPets","isPartOf":{"@id":"https:\/\/megapets.eu\/it\/#website"},"primaryImageOfPage":{"@id":"https:\/\/megapets.eu\/it\/accessori\/confezione-gammarus-60-g-per-lumache-esotiche\/#primaryimage"},"image":{"@id":"https:\/\/megapets.eu\/it\/accessori\/confezione-gammarus-60-g-per-lumache-esotiche\/#primaryimage"},"thumbnailUrl":"https:\/\/megapets.eu\/wp-content\/uploads\/2025\/06\/Gammarus-12345.png","datePublished":"2025-06-10T11:59:52+00:00","breadcrumb":{"@id":"https:\/\/megapets.eu\/it\/accessori\/confezione-gammarus-60-g-per-lumache-esotiche\/#breadcrumb"},"inLanguage":"it-IT","potentialAction":[{"@type":"ReadAction","target":["https:\/\/megapets.eu\/it\/accessori\/confezione-gammarus-60-g-per-lumache-esotiche\/"]}]},{"@type":"ImageObject","inLanguage":"it-IT","@id":"https:\/\/megapets.eu\/it\/accessori\/confezione-gammarus-60-g-per-lumache-esotiche\/#primaryimage","url":"https:\/\/megapets.eu\/wp-content\/uploads\/2025\/06\/Gammarus-12345.png","contentUrl":"https:\/\/megapets.eu\/wp-content\/uploads\/2025\/06\/Gammarus-12345.png","width":1053,"height":703},{"@type":"BreadcrumbList","@id":"https:\/\/megapets.eu\/it\/accessori\/confezione-gammarus-60-g-per-lumache-esotiche\/#breadcrumb","itemListElement":[{"@type":"ListItem","position":1,"name":"Strona g\u0142\u00f3wna","item":"https:\/\/megapets.eu\/it\/"},{"@type":"ListItem","position":2,"name":"Negozio","item":"https:\/\/megapets.eu\/it\/negozio\/"},{"@type":"ListItem","position":3,"name":"Confezione &#8222;Gammarus\" 60 g per lumache esotiche"}]},{"@type":"WebSite","@id":"https:\/\/megapets.eu\/it\/#website","url":"https:\/\/megapets.eu\/it\/","name":"Mega Pets","description":"Jedna z najwi\u0119kszych hodowli \u015blimak\u00f3w w Europie","publisher":{"@id":"https:\/\/megapets.eu\/it\/#organization"},"alternateName":"Mega Pets","potentialAction":[{"@type":"SearchAction","target":{"@type":"EntryPoint","urlTemplate":"https:\/\/megapets.eu\/it\/?s={search_term_string}"},"query-input":{"@type":"PropertyValueSpecification","valueRequired":true,"valueName":"search_term_string"}}],"inLanguage":"it-IT"},{"@type":"Organization","@id":"https:\/\/megapets.eu\/it\/#organization","name":"Mega Pets","url":"https:\/\/megapets.eu\/it\/","logo":{"@type":"ImageObject","inLanguage":"it-IT","@id":"https:\/\/megapets.eu\/it\/#\/schema\/logo\/image\/","url":"https:\/\/megapets.eu\/wp-content\/uploads\/2025\/04\/megapets_eu-logo.png","contentUrl":"https:\/\/megapets.eu\/wp-content\/uploads\/2025\/04\/megapets_eu-logo.png","width":2362,"height":2362,"caption":"Mega Pets"},"image":{"@id":"https:\/\/megapets.eu\/it\/#\/schema\/logo\/image\/"},"sameAs":["https:\/\/www.facebook.com\/MegaPets.eu\/"]}]}},"_links":{"self":[{"href":"https:\/\/megapets.eu\/it\/wp-json\/wp\/v2\/product\/7046","targetHints":{"allow":["GET"]}}],"collection":[{"href":"https:\/\/megapets.eu\/it\/wp-json\/wp\/v2\/product"}],"about":[{"href":"https:\/\/megapets.eu\/it\/wp-json\/wp\/v2\/types\/product"}],"wp:featuredmedia":[{"embeddable":true,"href":"https:\/\/megapets.eu\/it\/wp-json\/wp\/v2\/media\/7047"}],"wp:attachment":[{"href":"https:\/\/megapets.eu\/it\/wp-json\/wp\/v2\/media?parent=7046"}],"wp:term":[{"taxonomy":"product_cat","embeddable":true,"href":"https:\/\/megapets.eu\/it\/wp-json\/wp\/v2\/product_cat?post=7046"},{"taxonomy":"product_tag","embeddable":true,"href":"https:\/\/megapets.eu\/it\/wp-json\/wp\/v2\/product_tag?post=7046"}],"curies":[{"name":"wp","href":"https:\/\/api.w.org\/{rel}","templated":true}]}}