{"id":7073,"date":"2025-06-10T10:55:52","date_gmt":"2025-06-10T10:55:52","guid":{"rendered":"https:\/\/megapets.eu\/senza-categoria\/confezione-di-calcio-da-200-g\/"},"modified":"2025-06-10T10:55:52","modified_gmt":"2025-06-10T10:55:52","slug":"confezione-di-calcio-da-200-g","status":"publish","type":"product","link":"https:\/\/megapets.eu\/it\/accessori\/confezione-di-calcio-da-200-g\/","title":{"rendered":"Confezione di &#8220;calcio\" da 200 g"},"content":{"rendered":"<p><em><b>&#8220;Calcium\" <\/b>per gusci di lumache esotiche belli e sani.<\/em><\/p>\n<p><em>La confezione di &#8220;Calcium\" contiene il 100% di gusci d&#8217;uovo in polvere. I gusci d&#8217;uovo vengono lavati, trattati termicamente, essiccati e macinati in una polvere fine.<\/em><\/p>\n<p><em><b>Il prezzo si intende per: <\/b>una confezione<b> <\/b>&#8220;Calcium\"<b> <\/b>pronta all&#8217;uso. Una confezione contiene 200 g.<\/em><\/p>\n<p><em>Nella dieta quotidiana di una lumaca non deve mancare l&#8217;elemento base per un guscio bello e sano. La polvere di guscio d&#8217;uovo \u00e8 una fonte naturale di calcio perfettamente digeribile. Il calcio, sotto forma di carbonato di calcio (CaCO3) al 98%, \u00e8 un componente essenziale del guscio d&#8217;uovo. La polvere di guscio d&#8217;uovo dovrebbe essere somministrata al tuo animale a ogni pasto, semplicemente cospargendola leggermente su una parte del cibo. Attenzione: i gusci d&#8217;uovo possono essere somministrati alle lumache solo sotto forma di polvere finemente macinata. Puoi sempre variare le forme di calcio somministrate e offrire al tuo animale anche l&#8217;osso di seppia.<\/em><\/p>\n<p><em>Dosaggio: <b>a ogni pasto come parte della dieta di base<\/b> lumache esotiche, aggiungi una piccola quantit\u00e0 di polvere di guscio d&#8217;uovo &#8220;Calcium\" macinato (2-5 pizzichi, a seconda delle dimensioni e delle esigenze della lumaca) alla dieta di base, cospargendola sopra le verdure e la frutta servite quel giorno.<\/em><\/p>\n<p><em>Puoi anche variare la forma di calcio somministrata e offrire alla tua lumaca osso di seppia. I nostri integratori sono stati sviluppati con amore per le lumache e si basano su molti anni di esperienza di allevamento, quindi possiamo garantirne la qualit\u00e0 e l&#8217;efficacia!<\/em><\/p>\n<p>Gli integratori che ti consigliamo sono in grado di soddisfare il fabbisogno di preziosi nutrienti anche delle specie pi\u00f9 esigenti: &#8220;Proteine e vitamine\", &#8220;Miscela di erbe esotiche\", terreno &#8220;Gammarus\", &#8220;Miscela di fiori\". Si consiglia di utilizzare gli integratori alternativamente, in modo che la dieta del tuo animale rimanga varia e completa.<\/p>\n","protected":false},"excerpt":{"rendered":"<ul class=\"product_attributes\">\n<li><span style=\"color: #555555;\">Contiene:<\/span> 100% polvere di guscio d&#8217;uovo<\/li>\n<li><span style=\"color: #555555;\">La confezione contiene:<\/span> 200 g<\/li>\n<li><span style=\"color: #555555;\">Il prezzo si applica a:<\/span> 1 confezione.<\/li>\n<\/ul>\n","protected":false},"featured_media":7074,"template":"","meta":{"_acf_changed":false,"_links_to":"","_links_to_target":""},"product_cat":[177],"product_tag":[180,181,179,178],"class_list":{"0":"post-7073","1":"product","2":"type-product","3":"status-publish","4":"has-post-thumbnail","6":"product_cat-accessori","7":"product_tag-per-gli-isopodi","8":"product_tag-per-gli-scarafaggi","9":"product_tag-per-le-astuzie","10":"product_tag-per-le-lumache","12":"first","13":"instock","14":"shipping-taxable","15":"purchasable","16":"product-type-simple"},"acf":[],"yoast_head":"<!-- This site is optimized with the Yoast SEO plugin v24.9 - https:\/\/yoast.com\/wordpress\/plugins\/seo\/ -->\n<title>Confezione di &quot;calcio&quot; da 200 g | MegaPets<\/title>\n<meta name=\"robots\" content=\"index, follow, max-snippet:-1, max-image-preview:large, max-video-preview:-1\" \/>\n<link rel=\"canonical\" href=\"https:\/\/megapets.eu\/it\/accessori\/confezione-di-calcio-da-200-g\/\" \/>\n<meta property=\"og:locale\" content=\"it_IT\" \/>\n<meta property=\"og:type\" content=\"article\" \/>\n<meta property=\"og:title\" content=\"Confezione di &quot;calcio&quot; da 200 g | MegaPets\" \/>\n<meta property=\"og:description\" content=\"Contiene: 100% polvere di guscio d&#039;uovo  La confezione contiene: 200 g  Il prezzo si applica a: 1 confezione.\" \/>\n<meta property=\"og:url\" content=\"https:\/\/megapets.eu\/it\/accessori\/confezione-di-calcio-da-200-g\/\" \/>\n<meta property=\"og:site_name\" content=\"MegaPets\" \/>\n<meta property=\"article:publisher\" content=\"https:\/\/www.facebook.com\/MegaPets.eu\/\" \/>\n<meta property=\"og:image\" content=\"https:\/\/megapets.eu\/wp-content\/uploads\/2025\/06\/Calcium-123.png\" \/>\n\t<meta property=\"og:image:width\" content=\"1054\" \/>\n\t<meta property=\"og:image:height\" content=\"696\" \/>\n\t<meta property=\"og:image:type\" content=\"image\/png\" \/>\n<meta name=\"twitter:card\" content=\"summary_large_image\" \/>\n<meta name=\"twitter:label1\" content=\"Tempo di lettura stimato\" \/>\n\t<meta name=\"twitter:data1\" content=\"1 minuto\" \/>\n<script type=\"application\/ld+json\" class=\"yoast-schema-graph\">{\"@context\":\"https:\/\/schema.org\",\"@graph\":[{\"@type\":\"WebPage\",\"@id\":\"https:\/\/megapets.eu\/it\/accessori\/confezione-di-calcio-da-200-g\/\",\"url\":\"https:\/\/megapets.eu\/it\/accessori\/confezione-di-calcio-da-200-g\/\",\"name\":\"Confezione di \\\"calcio\\\" da 200 g | MegaPets\",\"isPartOf\":{\"@id\":\"https:\/\/megapets.eu\/it\/#website\"},\"primaryImageOfPage\":{\"@id\":\"https:\/\/megapets.eu\/it\/accessori\/confezione-di-calcio-da-200-g\/#primaryimage\"},\"image\":{\"@id\":\"https:\/\/megapets.eu\/it\/accessori\/confezione-di-calcio-da-200-g\/#primaryimage\"},\"thumbnailUrl\":\"https:\/\/megapets.eu\/wp-content\/uploads\/2025\/06\/Calcium-123.png\",\"datePublished\":\"2025-06-10T10:55:52+00:00\",\"breadcrumb\":{\"@id\":\"https:\/\/megapets.eu\/it\/accessori\/confezione-di-calcio-da-200-g\/#breadcrumb\"},\"inLanguage\":\"it-IT\",\"potentialAction\":[{\"@type\":\"ReadAction\",\"target\":[\"https:\/\/megapets.eu\/it\/accessori\/confezione-di-calcio-da-200-g\/\"]}]},{\"@type\":\"ImageObject\",\"inLanguage\":\"it-IT\",\"@id\":\"https:\/\/megapets.eu\/it\/accessori\/confezione-di-calcio-da-200-g\/#primaryimage\",\"url\":\"https:\/\/megapets.eu\/wp-content\/uploads\/2025\/06\/Calcium-123.png\",\"contentUrl\":\"https:\/\/megapets.eu\/wp-content\/uploads\/2025\/06\/Calcium-123.png\",\"width\":1054,\"height\":696},{\"@type\":\"BreadcrumbList\",\"@id\":\"https:\/\/megapets.eu\/it\/accessori\/confezione-di-calcio-da-200-g\/#breadcrumb\",\"itemListElement\":[{\"@type\":\"ListItem\",\"position\":1,\"name\":\"Strona g\u0142\u00f3wna\",\"item\":\"https:\/\/megapets.eu\/it\/\"},{\"@type\":\"ListItem\",\"position\":2,\"name\":\"Negozio\",\"item\":\"https:\/\/megapets.eu\/it\/negozio\/\"},{\"@type\":\"ListItem\",\"position\":3,\"name\":\"Confezione di &#8222;calcio\\\" da 200 g\"}]},{\"@type\":\"WebSite\",\"@id\":\"https:\/\/megapets.eu\/it\/#website\",\"url\":\"https:\/\/megapets.eu\/it\/\",\"name\":\"Mega Pets\",\"description\":\"Jedna z najwi\u0119kszych hodowli \u015blimak\u00f3w w Europie\",\"publisher\":{\"@id\":\"https:\/\/megapets.eu\/it\/#organization\"},\"alternateName\":\"Mega Pets\",\"potentialAction\":[{\"@type\":\"SearchAction\",\"target\":{\"@type\":\"EntryPoint\",\"urlTemplate\":\"https:\/\/megapets.eu\/it\/?s={search_term_string}\"},\"query-input\":{\"@type\":\"PropertyValueSpecification\",\"valueRequired\":true,\"valueName\":\"search_term_string\"}}],\"inLanguage\":\"it-IT\"},{\"@type\":\"Organization\",\"@id\":\"https:\/\/megapets.eu\/it\/#organization\",\"name\":\"Mega Pets\",\"url\":\"https:\/\/megapets.eu\/it\/\",\"logo\":{\"@type\":\"ImageObject\",\"inLanguage\":\"it-IT\",\"@id\":\"https:\/\/megapets.eu\/it\/#\/schema\/logo\/image\/\",\"url\":\"https:\/\/megapets.eu\/wp-content\/uploads\/2025\/04\/megapets_eu-logo.png\",\"contentUrl\":\"https:\/\/megapets.eu\/wp-content\/uploads\/2025\/04\/megapets_eu-logo.png\",\"width\":2362,\"height\":2362,\"caption\":\"Mega Pets\"},\"image\":{\"@id\":\"https:\/\/megapets.eu\/it\/#\/schema\/logo\/image\/\"},\"sameAs\":[\"https:\/\/www.facebook.com\/MegaPets.eu\/\"]}]}<\/script>\n<!-- \/ Yoast SEO plugin. -->","yoast_head_json":{"title":"Confezione di \"calcio\" da 200 g | MegaPets","robots":{"index":"index","follow":"follow","max-snippet":"max-snippet:-1","max-image-preview":"max-image-preview:large","max-video-preview":"max-video-preview:-1"},"canonical":"https:\/\/megapets.eu\/it\/accessori\/confezione-di-calcio-da-200-g\/","og_locale":"it_IT","og_type":"article","og_title":"Confezione di \"calcio\" da 200 g | MegaPets","og_description":"Contiene: 100% polvere di guscio d'uovo  La confezione contiene: 200 g  Il prezzo si applica a: 1 confezione.","og_url":"https:\/\/megapets.eu\/it\/accessori\/confezione-di-calcio-da-200-g\/","og_site_name":"MegaPets","article_publisher":"https:\/\/www.facebook.com\/MegaPets.eu\/","og_image":[{"width":1054,"height":696,"url":"https:\/\/megapets.eu\/wp-content\/uploads\/2025\/06\/Calcium-123.png","type":"image\/png"}],"twitter_card":"summary_large_image","twitter_misc":{"Tempo di lettura stimato":"1 minuto"},"schema":{"@context":"https:\/\/schema.org","@graph":[{"@type":"WebPage","@id":"https:\/\/megapets.eu\/it\/accessori\/confezione-di-calcio-da-200-g\/","url":"https:\/\/megapets.eu\/it\/accessori\/confezione-di-calcio-da-200-g\/","name":"Confezione di \"calcio\" da 200 g | MegaPets","isPartOf":{"@id":"https:\/\/megapets.eu\/it\/#website"},"primaryImageOfPage":{"@id":"https:\/\/megapets.eu\/it\/accessori\/confezione-di-calcio-da-200-g\/#primaryimage"},"image":{"@id":"https:\/\/megapets.eu\/it\/accessori\/confezione-di-calcio-da-200-g\/#primaryimage"},"thumbnailUrl":"https:\/\/megapets.eu\/wp-content\/uploads\/2025\/06\/Calcium-123.png","datePublished":"2025-06-10T10:55:52+00:00","breadcrumb":{"@id":"https:\/\/megapets.eu\/it\/accessori\/confezione-di-calcio-da-200-g\/#breadcrumb"},"inLanguage":"it-IT","potentialAction":[{"@type":"ReadAction","target":["https:\/\/megapets.eu\/it\/accessori\/confezione-di-calcio-da-200-g\/"]}]},{"@type":"ImageObject","inLanguage":"it-IT","@id":"https:\/\/megapets.eu\/it\/accessori\/confezione-di-calcio-da-200-g\/#primaryimage","url":"https:\/\/megapets.eu\/wp-content\/uploads\/2025\/06\/Calcium-123.png","contentUrl":"https:\/\/megapets.eu\/wp-content\/uploads\/2025\/06\/Calcium-123.png","width":1054,"height":696},{"@type":"BreadcrumbList","@id":"https:\/\/megapets.eu\/it\/accessori\/confezione-di-calcio-da-200-g\/#breadcrumb","itemListElement":[{"@type":"ListItem","position":1,"name":"Strona g\u0142\u00f3wna","item":"https:\/\/megapets.eu\/it\/"},{"@type":"ListItem","position":2,"name":"Negozio","item":"https:\/\/megapets.eu\/it\/negozio\/"},{"@type":"ListItem","position":3,"name":"Confezione di &#8222;calcio\" da 200 g"}]},{"@type":"WebSite","@id":"https:\/\/megapets.eu\/it\/#website","url":"https:\/\/megapets.eu\/it\/","name":"Mega Pets","description":"Jedna z najwi\u0119kszych hodowli \u015blimak\u00f3w w Europie","publisher":{"@id":"https:\/\/megapets.eu\/it\/#organization"},"alternateName":"Mega Pets","potentialAction":[{"@type":"SearchAction","target":{"@type":"EntryPoint","urlTemplate":"https:\/\/megapets.eu\/it\/?s={search_term_string}"},"query-input":{"@type":"PropertyValueSpecification","valueRequired":true,"valueName":"search_term_string"}}],"inLanguage":"it-IT"},{"@type":"Organization","@id":"https:\/\/megapets.eu\/it\/#organization","name":"Mega Pets","url":"https:\/\/megapets.eu\/it\/","logo":{"@type":"ImageObject","inLanguage":"it-IT","@id":"https:\/\/megapets.eu\/it\/#\/schema\/logo\/image\/","url":"https:\/\/megapets.eu\/wp-content\/uploads\/2025\/04\/megapets_eu-logo.png","contentUrl":"https:\/\/megapets.eu\/wp-content\/uploads\/2025\/04\/megapets_eu-logo.png","width":2362,"height":2362,"caption":"Mega Pets"},"image":{"@id":"https:\/\/megapets.eu\/it\/#\/schema\/logo\/image\/"},"sameAs":["https:\/\/www.facebook.com\/MegaPets.eu\/"]}]}},"_links":{"self":[{"href":"https:\/\/megapets.eu\/it\/wp-json\/wp\/v2\/product\/7073","targetHints":{"allow":["GET"]}}],"collection":[{"href":"https:\/\/megapets.eu\/it\/wp-json\/wp\/v2\/product"}],"about":[{"href":"https:\/\/megapets.eu\/it\/wp-json\/wp\/v2\/types\/product"}],"wp:featuredmedia":[{"embeddable":true,"href":"https:\/\/megapets.eu\/it\/wp-json\/wp\/v2\/media\/7074"}],"wp:attachment":[{"href":"https:\/\/megapets.eu\/it\/wp-json\/wp\/v2\/media?parent=7073"}],"wp:term":[{"taxonomy":"product_cat","embeddable":true,"href":"https:\/\/megapets.eu\/it\/wp-json\/wp\/v2\/product_cat?post=7073"},{"taxonomy":"product_tag","embeddable":true,"href":"https:\/\/megapets.eu\/it\/wp-json\/wp\/v2\/product_tag?post=7073"}],"curies":[{"name":"wp","href":"https:\/\/api.w.org\/{rel}","templated":true}]}}