{"id":7075,"date":"2025-04-17T10:35:12","date_gmt":"2025-04-17T10:35:12","guid":{"rendered":"https:\/\/megapets.eu\/senza-categoria\/benoitolus-siamensisfluorescenza-sotto-la-luce-uv\/"},"modified":"2025-04-17T10:35:12","modified_gmt":"2025-04-17T10:35:12","slug":"benoitolus-siamensisfluorescenza-sotto-la-luce-uv","status":"publish","type":"product","link":"https:\/\/megapets.eu\/it\/wije-it\/benoitolus-siamensisfluorescenza-sotto-la-luce-uv\/","title":{"rendered":"Benoitolus siamensis<br \/>&#8220;Fluorescenza sotto la luce UV\""},"content":{"rendered":"<p class=\"v1v1v1v1MsoNormal\" style=\"text-align: left;\"><span style=\"color: #d94890;\"><strong><em><span style=\"font-size: 15px;\"><span style=\"color: #424242;\">Specie:<\/span> <span style=\"color: #3366ff;\">coccodrillo <\/span><\/span><\/em><\/strong><\/span>Benoitolus siamensis <span style=\"color: #d94890;\"><strong><em><span style=\"font-size: 15px;\"><span style=\"color: #3366ff;\">&#8220;Fluorescenza sotto luce UV\".<\/span><\/span><\/em><\/strong><\/span><\/p>\n<p class=\"v1v1v1v1MsoNormal\" style=\"text-align: left;\"><span style=\"color: #424242;\"><strong><em><span style=\"font-size: 15px;\">Facile da tenere, quindi ideale per i principianti.<\/span><\/em><\/strong><\/span><\/p>\n<p style=\"text-align: left;\"><span style=\"color: #800000;\"><span style=\"color: #424242;\"><strong><em><span style=\"font-size: 15px;\">\u00c8 possibile<\/span><\/em><\/strong><\/span><strong><em><span style=\"font-size: 15px;\"><span style=\"color: #424242;\">abbinare una coppia:<b> <\/b>maschio e femmina. <span style=\"color: #3366ff;\">Per allevare questa specie ti consigliamo di acquistare almeno 5 esemplari (2 maschi e 3 femmine), ma non \u00e8 necessario, l&#8217;individuo pu\u00f2 vivere da solo.<\/span><\/span><\/span><\/em><\/strong><\/span><\/p>\n<p style=\"text-align: left;\"><span style=\"color: #800000;\"><strong><em><span style=\"font-size: 15px;\"><span style=\"color: #424242;\"><span style=\"color: #3366ff;\"><strong style=\"color: #424242;\">\ud83d\udc99\u2b50\ufe0f\ud83e\ude75 <\/strong>Fluorescenza. Alcune specie di animali da terrario, se esposte alla luce UV, iniziano a brillare di un colore blu-verde \ud83e\ude75\u2b50\ufe0f\ud83d\udc99<\/span><\/span><\/span><\/em><\/strong><\/span><\/p>\n<p style=\"text-align: left;\"><span style=\"color: #424242;\"><strong><em><span style=\"font-size: 15px;\"><strong style=\"color: #424242;\"><span style=\"color: #800000;\"><span style=\"color: #3366ff;\">\ud83e\ude75<\/span><\/span> Cerchi qualcosa di bello da allevare per iniziare? <\/strong><span style=\"color: #3366ff;\">I coccodrilli Benoitolus siamensis sono creature bellissime e facili da allevare, completamente sicure per l&#8217;uomo e che non mordono. Hanno mascelle deboli, adatte a macinare materiale vegetale. I coccodrilli preferiscono i luoghi umidi, vivono nello strato superiore del substrato e si nutrono di foglie, di un substrato multicomponente progettato per l&#8217;allevamento dei coccodrilli, di verdure e di frutta.<\/span><\/span><\/em><\/strong><\/span><\/p>\n","protected":false},"excerpt":{"rendered":"<ul>\n<li>Dimensioni del bersaglio:\n<ul>\n<li>circa 8 cm<\/li>\n<\/ul>\n<\/li>\n<li>Giovinezza offerta:\n<ul>\n<li>ca. 2 cm<\/li>\n<\/ul>\n<\/li>\n<li>Il prezzo \u00e8 per:\n<ul>\n<li>1 pezzo<\/li>\n<\/ul>\n<\/li>\n<\/ul>\n","protected":false},"featured_media":7077,"template":"","meta":{"_acf_changed":false,"_links_to":"","_links_to_target":""},"product_cat":[185],"product_tag":[],"class_list":{"0":"post-7075","1":"product","2":"type-product","3":"status-publish","4":"has-post-thumbnail","6":"product_cat-wije-it","8":"first","9":"outofstock","10":"shipping-taxable","11":"purchasable","12":"product-type-simple"},"acf":[],"yoast_head":"<!-- This site is optimized with the Yoast SEO plugin v24.9 - https:\/\/yoast.com\/wordpress\/plugins\/seo\/ -->\n<title>Benoitolus siamensis&quot;Fluorescenza sotto la luce UV&quot; | MegaPets<\/title>\n<meta name=\"robots\" content=\"index, follow, max-snippet:-1, max-image-preview:large, max-video-preview:-1\" \/>\n<link rel=\"canonical\" href=\"https:\/\/megapets.eu\/it\/wije-it\/benoitolus-siamensisfluorescenza-sotto-la-luce-uv\/\" \/>\n<meta property=\"og:locale\" content=\"it_IT\" \/>\n<meta property=\"og:type\" content=\"article\" \/>\n<meta property=\"og:title\" content=\"Benoitolus siamensis&quot;Fluorescenza sotto la luce UV&quot; | MegaPets\" \/>\n<meta property=\"og:description\" content=\"Dimensioni del bersaglio:  circa 8 cm   Giovinezza offerta:  ca. 2 cm   Il prezzo \u00e8 per:  1 pezzo\" \/>\n<meta property=\"og:url\" content=\"https:\/\/megapets.eu\/it\/wije-it\/benoitolus-siamensisfluorescenza-sotto-la-luce-uv\/\" \/>\n<meta property=\"og:site_name\" content=\"MegaPets\" \/>\n<meta property=\"article:publisher\" content=\"https:\/\/www.facebook.com\/MegaPets.eu\/\" \/>\n<meta property=\"og:image\" content=\"https:\/\/megapets.eu\/wp-content\/uploads\/2025\/04\/12logo.png\" \/>\n\t<meta property=\"og:image:width\" content=\"1046\" \/>\n\t<meta property=\"og:image:height\" content=\"690\" \/>\n\t<meta property=\"og:image:type\" content=\"image\/png\" \/>\n<meta name=\"twitter:card\" content=\"summary_large_image\" \/>\n<meta name=\"twitter:label1\" content=\"Tempo di lettura stimato\" \/>\n\t<meta name=\"twitter:data1\" content=\"1 minuto\" \/>\n<script type=\"application\/ld+json\" class=\"yoast-schema-graph\">{\"@context\":\"https:\/\/schema.org\",\"@graph\":[{\"@type\":\"WebPage\",\"@id\":\"https:\/\/megapets.eu\/it\/wije-it\/benoitolus-siamensisfluorescenza-sotto-la-luce-uv\/\",\"url\":\"https:\/\/megapets.eu\/it\/wije-it\/benoitolus-siamensisfluorescenza-sotto-la-luce-uv\/\",\"name\":\"Benoitolus siamensis \\\"Fluorescenza sotto la luce UV\\\" | MegaPets\",\"isPartOf\":{\"@id\":\"https:\/\/megapets.eu\/it\/#website\"},\"primaryImageOfPage\":{\"@id\":\"https:\/\/megapets.eu\/it\/wije-it\/benoitolus-siamensisfluorescenza-sotto-la-luce-uv\/#primaryimage\"},\"image\":{\"@id\":\"https:\/\/megapets.eu\/it\/wije-it\/benoitolus-siamensisfluorescenza-sotto-la-luce-uv\/#primaryimage\"},\"thumbnailUrl\":\"https:\/\/megapets.eu\/wp-content\/uploads\/2025\/04\/12logo.png\",\"datePublished\":\"2025-04-17T10:35:12+00:00\",\"breadcrumb\":{\"@id\":\"https:\/\/megapets.eu\/it\/wije-it\/benoitolus-siamensisfluorescenza-sotto-la-luce-uv\/#breadcrumb\"},\"inLanguage\":\"it-IT\",\"potentialAction\":[{\"@type\":\"ReadAction\",\"target\":[\"https:\/\/megapets.eu\/it\/wije-it\/benoitolus-siamensisfluorescenza-sotto-la-luce-uv\/\"]}]},{\"@type\":\"ImageObject\",\"inLanguage\":\"it-IT\",\"@id\":\"https:\/\/megapets.eu\/it\/wije-it\/benoitolus-siamensisfluorescenza-sotto-la-luce-uv\/#primaryimage\",\"url\":\"https:\/\/megapets.eu\/wp-content\/uploads\/2025\/04\/12logo.png\",\"contentUrl\":\"https:\/\/megapets.eu\/wp-content\/uploads\/2025\/04\/12logo.png\",\"width\":1046,\"height\":690},{\"@type\":\"BreadcrumbList\",\"@id\":\"https:\/\/megapets.eu\/it\/wije-it\/benoitolus-siamensisfluorescenza-sotto-la-luce-uv\/#breadcrumb\",\"itemListElement\":[{\"@type\":\"ListItem\",\"position\":1,\"name\":\"Strona g\u0142\u00f3wna\",\"item\":\"https:\/\/megapets.eu\/it\/\"},{\"@type\":\"ListItem\",\"position\":2,\"name\":\"Negozio\",\"item\":\"https:\/\/megapets.eu\/it\/negozio\/\"},{\"@type\":\"ListItem\",\"position\":3,\"name\":\"Benoitolus siamensis&#8222;Fluorescenza sotto la luce UV\\\"\"}]},{\"@type\":\"WebSite\",\"@id\":\"https:\/\/megapets.eu\/it\/#website\",\"url\":\"https:\/\/megapets.eu\/it\/\",\"name\":\"Mega Pets\",\"description\":\"Jedna z najwi\u0119kszych hodowli \u015blimak\u00f3w w Europie\",\"publisher\":{\"@id\":\"https:\/\/megapets.eu\/it\/#organization\"},\"alternateName\":\"Mega Pets\",\"potentialAction\":[{\"@type\":\"SearchAction\",\"target\":{\"@type\":\"EntryPoint\",\"urlTemplate\":\"https:\/\/megapets.eu\/it\/?s={search_term_string}\"},\"query-input\":{\"@type\":\"PropertyValueSpecification\",\"valueRequired\":true,\"valueName\":\"search_term_string\"}}],\"inLanguage\":\"it-IT\"},{\"@type\":\"Organization\",\"@id\":\"https:\/\/megapets.eu\/it\/#organization\",\"name\":\"Mega Pets\",\"url\":\"https:\/\/megapets.eu\/it\/\",\"logo\":{\"@type\":\"ImageObject\",\"inLanguage\":\"it-IT\",\"@id\":\"https:\/\/megapets.eu\/it\/#\/schema\/logo\/image\/\",\"url\":\"https:\/\/megapets.eu\/wp-content\/uploads\/2025\/04\/megapets_eu-logo.png\",\"contentUrl\":\"https:\/\/megapets.eu\/wp-content\/uploads\/2025\/04\/megapets_eu-logo.png\",\"width\":2362,\"height\":2362,\"caption\":\"Mega Pets\"},\"image\":{\"@id\":\"https:\/\/megapets.eu\/it\/#\/schema\/logo\/image\/\"},\"sameAs\":[\"https:\/\/www.facebook.com\/MegaPets.eu\/\"]}]}<\/script>\n<!-- \/ Yoast SEO plugin. -->","yoast_head_json":{"title":"Benoitolus siamensis\"Fluorescenza sotto la luce UV\" | MegaPets","robots":{"index":"index","follow":"follow","max-snippet":"max-snippet:-1","max-image-preview":"max-image-preview:large","max-video-preview":"max-video-preview:-1"},"canonical":"https:\/\/megapets.eu\/it\/wije-it\/benoitolus-siamensisfluorescenza-sotto-la-luce-uv\/","og_locale":"it_IT","og_type":"article","og_title":"Benoitolus siamensis\"Fluorescenza sotto la luce UV\" | MegaPets","og_description":"Dimensioni del bersaglio:  circa 8 cm   Giovinezza offerta:  ca. 2 cm   Il prezzo \u00e8 per:  1 pezzo","og_url":"https:\/\/megapets.eu\/it\/wije-it\/benoitolus-siamensisfluorescenza-sotto-la-luce-uv\/","og_site_name":"MegaPets","article_publisher":"https:\/\/www.facebook.com\/MegaPets.eu\/","og_image":[{"width":1046,"height":690,"url":"https:\/\/megapets.eu\/wp-content\/uploads\/2025\/04\/12logo.png","type":"image\/png"}],"twitter_card":"summary_large_image","twitter_misc":{"Tempo di lettura stimato":"1 minuto"},"schema":{"@context":"https:\/\/schema.org","@graph":[{"@type":"WebPage","@id":"https:\/\/megapets.eu\/it\/wije-it\/benoitolus-siamensisfluorescenza-sotto-la-luce-uv\/","url":"https:\/\/megapets.eu\/it\/wije-it\/benoitolus-siamensisfluorescenza-sotto-la-luce-uv\/","name":"Benoitolus siamensis \"Fluorescenza sotto la luce UV\" | MegaPets","isPartOf":{"@id":"https:\/\/megapets.eu\/it\/#website"},"primaryImageOfPage":{"@id":"https:\/\/megapets.eu\/it\/wije-it\/benoitolus-siamensisfluorescenza-sotto-la-luce-uv\/#primaryimage"},"image":{"@id":"https:\/\/megapets.eu\/it\/wije-it\/benoitolus-siamensisfluorescenza-sotto-la-luce-uv\/#primaryimage"},"thumbnailUrl":"https:\/\/megapets.eu\/wp-content\/uploads\/2025\/04\/12logo.png","datePublished":"2025-04-17T10:35:12+00:00","breadcrumb":{"@id":"https:\/\/megapets.eu\/it\/wije-it\/benoitolus-siamensisfluorescenza-sotto-la-luce-uv\/#breadcrumb"},"inLanguage":"it-IT","potentialAction":[{"@type":"ReadAction","target":["https:\/\/megapets.eu\/it\/wije-it\/benoitolus-siamensisfluorescenza-sotto-la-luce-uv\/"]}]},{"@type":"ImageObject","inLanguage":"it-IT","@id":"https:\/\/megapets.eu\/it\/wije-it\/benoitolus-siamensisfluorescenza-sotto-la-luce-uv\/#primaryimage","url":"https:\/\/megapets.eu\/wp-content\/uploads\/2025\/04\/12logo.png","contentUrl":"https:\/\/megapets.eu\/wp-content\/uploads\/2025\/04\/12logo.png","width":1046,"height":690},{"@type":"BreadcrumbList","@id":"https:\/\/megapets.eu\/it\/wije-it\/benoitolus-siamensisfluorescenza-sotto-la-luce-uv\/#breadcrumb","itemListElement":[{"@type":"ListItem","position":1,"name":"Strona g\u0142\u00f3wna","item":"https:\/\/megapets.eu\/it\/"},{"@type":"ListItem","position":2,"name":"Negozio","item":"https:\/\/megapets.eu\/it\/negozio\/"},{"@type":"ListItem","position":3,"name":"Benoitolus siamensis&#8222;Fluorescenza sotto la luce UV\""}]},{"@type":"WebSite","@id":"https:\/\/megapets.eu\/it\/#website","url":"https:\/\/megapets.eu\/it\/","name":"Mega Pets","description":"Jedna z najwi\u0119kszych hodowli \u015blimak\u00f3w w Europie","publisher":{"@id":"https:\/\/megapets.eu\/it\/#organization"},"alternateName":"Mega Pets","potentialAction":[{"@type":"SearchAction","target":{"@type":"EntryPoint","urlTemplate":"https:\/\/megapets.eu\/it\/?s={search_term_string}"},"query-input":{"@type":"PropertyValueSpecification","valueRequired":true,"valueName":"search_term_string"}}],"inLanguage":"it-IT"},{"@type":"Organization","@id":"https:\/\/megapets.eu\/it\/#organization","name":"Mega Pets","url":"https:\/\/megapets.eu\/it\/","logo":{"@type":"ImageObject","inLanguage":"it-IT","@id":"https:\/\/megapets.eu\/it\/#\/schema\/logo\/image\/","url":"https:\/\/megapets.eu\/wp-content\/uploads\/2025\/04\/megapets_eu-logo.png","contentUrl":"https:\/\/megapets.eu\/wp-content\/uploads\/2025\/04\/megapets_eu-logo.png","width":2362,"height":2362,"caption":"Mega Pets"},"image":{"@id":"https:\/\/megapets.eu\/it\/#\/schema\/logo\/image\/"},"sameAs":["https:\/\/www.facebook.com\/MegaPets.eu\/"]}]}},"_links":{"self":[{"href":"https:\/\/megapets.eu\/it\/wp-json\/wp\/v2\/product\/7075","targetHints":{"allow":["GET"]}}],"collection":[{"href":"https:\/\/megapets.eu\/it\/wp-json\/wp\/v2\/product"}],"about":[{"href":"https:\/\/megapets.eu\/it\/wp-json\/wp\/v2\/types\/product"}],"wp:featuredmedia":[{"embeddable":true,"href":"https:\/\/megapets.eu\/it\/wp-json\/wp\/v2\/media\/7077"}],"wp:attachment":[{"href":"https:\/\/megapets.eu\/it\/wp-json\/wp\/v2\/media?parent=7075"}],"wp:term":[{"taxonomy":"product_cat","embeddable":true,"href":"https:\/\/megapets.eu\/it\/wp-json\/wp\/v2\/product_cat?post=7075"},{"taxonomy":"product_tag","embeddable":true,"href":"https:\/\/megapets.eu\/it\/wp-json\/wp\/v2\/product_tag?post=7075"}],"curies":[{"name":"wp","href":"https:\/\/api.w.org\/{rel}","templated":true}]}}