{"id":7087,"date":"2025-04-02T20:57:19","date_gmt":"2025-04-02T20:57:19","guid":{"rendered":"https:\/\/megapets.eu\/senza-categoria\/archachatina-ventricosa-standard-per-p4\/"},"modified":"2025-08-24T19:17:18","modified_gmt":"2025-08-24T19:17:18","slug":"archachatina-ventricosa-standard-per-p4","status":"publish","type":"product","link":"https:\/\/megapets.eu\/it\/lumache\/archachatina-ventricosa-standard-per-p4\/","title":{"rendered":"Archachatina ventricosa<br \/> standard \/ per P4"},"content":{"rendered":"<p style=\"text-align: left;\"><span style=\"font-size: 15px;\"><strong><span style=\"color: #000000;\"><em>Specie:<\/em><\/span><\/strong><span style=\"color: #000000;\"><em> Archachatina ventricosa (A. Gould, 1850)<\/em><\/span><strong><span style=\"color: #000000;\"><em> Variet\u00e0 di colori:<\/em><\/span><\/strong><span style=\"color: #000000;\"><em> standard <\/em><\/span><\/span><\/p>\n<p style=\"text-align: left;\"><span style=\"font-size: 15px;\"><strong><span style=\"color: #000000;\"><em><span style=\"color: #008000;\"><span style=\"color: #424242;\"><img decoding=\"async\" src=\"https:\/\/static.xx.fbcdn.net\/images\/emoji.php\/v9\/tb4\/1\/16\/2b50.png\" alt=\"\u2b50\ufe0f\" \/><\/span><\/span><\/em><\/span><\/strong><span style=\"color: #000000;\"><em> Bellissimi cuccioli di Archachatina ventricosa provenienti da una coppia di genitori non imparentati.<\/em><\/span><\/span><\/p>\n<p style=\"text-align: left;\"><span style=\"font-size: 15px;\"><span style=\"color: #000000;\"><em><span style=\"color: #008000;\"><span style=\"color: #424242;\"><img decoding=\"async\" src=\"https:\/\/static.xx.fbcdn.net\/images\/emoji.php\/v9\/t94\/1\/16\/1f49a.png\" alt=\"\ud83d\udc9a\" \/><span style=\"color: #008000;\">Questa \u00e8 un&#39;altra specie con un bellissimo guscio verde, con esemplari nella variet\u00e0 standard. Al momento della vendita, il guscio del piccolo \u00e8 marrone e inizia a diventare verde a partire da circa 6 cm di lunghezza. <\/span><\/span><\/span><\/em><\/span><\/span><\/p>\n<p style=\"text-align: left;\"><span style=\"color: #000000; font-size: 15px;\"><em><span class=\"x1xsqp64 xiy17q3 x1o6pynw x19co3pv xdj266r xcwd3tp xat24cr x39eecv x2b8uid\" data-testid=\"emoji\"><span class=\"xexx8yu xn5pp95 x18d9i69 x2fxd7x x3jgonx x1bhl96m\"><img loading=\"lazy\" decoding=\"async\" class=\"\" src=\"https:\/\/static.xx.fbcdn.net\/images\/emoji.php\/v9\/t66\/1\/32\/1f4cc.png\" alt=\"\ud83d\udccc\" width=\"18\" height=\"18\" \/> La dimensione massima della conchiglia di un esemplare adulto \u00e8 di circa 10-12 cm. <\/span><\/span><\/em><\/span><\/p>\n<p style=\"text-align: left;\"><span style=\"color: #000000; font-size: 15px;\"><em><img loading=\"lazy\" decoding=\"async\" class=\"xz74otr\" src=\"https:\/\/static.xx.fbcdn.net\/images\/emoji.php\/v9\/t1e\/1\/16\/1f33f.png\" alt=\"\ud83c\udf3f\" width=\"18\" height=\"18\" \/><span style=\"color: #008000;\"> Come la maggior parte delle specie del genere Archachatina, queste lumache non sono particolarmente esigenti e prosperano quando vengono fornite loro condizioni di vita basilari.<\/span><\/em><\/span><\/p>\n","protected":false},"excerpt":{"rendered":"<ul>\n<li>Da una coppia non imparentata:\n<ul>\n<li> P4<\/li>\n<\/ul>\n<\/li>\n<li> Dimensioni del proiettile bersaglio:\n<ul>\n<li> circa 10-12 cm<\/li>\n<\/ul>\n<\/li>\n<li> Offerto esemplare giovane:\n<ul>\n<li> circa 4 cm<\/li>\n<\/ul>\n<\/li>\n<li> Il prezzo si applica a:\n<ul>\n<li> 1 pz<\/li>\n<\/ul>\n<\/li>\n<\/ul>\n","protected":false},"featured_media":7088,"template":"","meta":{"_acf_changed":false,"_links_to":"","_links_to_target":""},"product_cat":[183],"product_tag":[],"class_list":{"0":"post-7087","1":"product","2":"type-product","3":"status-publish","4":"has-post-thumbnail","6":"product_cat-lumache","8":"first","9":"instock","10":"shipping-taxable","11":"purchasable","12":"product-type-simple"},"acf":[],"yoast_head":"<!-- This site is optimized with the Yoast SEO plugin v24.9 - https:\/\/yoast.com\/wordpress\/plugins\/seo\/ -->\n<title>Archachatina ventricosa standard \/ per P4 | MegaPets<\/title>\n<meta name=\"robots\" content=\"index, follow, max-snippet:-1, max-image-preview:large, max-video-preview:-1\" \/>\n<link rel=\"canonical\" href=\"https:\/\/megapets.eu\/it\/lumache\/archachatina-ventricosa-standard-per-p4\/\" \/>\n<meta property=\"og:locale\" content=\"it_IT\" \/>\n<meta property=\"og:type\" content=\"article\" \/>\n<meta property=\"og:title\" content=\"Archachatina ventricosa standard \/ per P4 | MegaPets\" \/>\n<meta property=\"og:description\" content=\"Da una coppia non imparentata: P4 Dimensioni del proiettile bersaglio: circa 10-12 cm Offerto esemplare giovane: circa 4 cm Il prezzo si applica a: 1 pz\" \/>\n<meta property=\"og:url\" content=\"https:\/\/megapets.eu\/it\/lumache\/archachatina-ventricosa-standard-per-p4\/\" \/>\n<meta property=\"og:site_name\" content=\"MegaPets\" \/>\n<meta property=\"article:publisher\" content=\"https:\/\/www.facebook.com\/MegaPets.eu\/\" \/>\n<meta property=\"article:modified_time\" content=\"2025-08-24T19:17:18+00:00\" \/>\n<meta property=\"og:image\" content=\"https:\/\/megapets.eu\/wp-content\/uploads\/2025\/04\/Photo1-\u2014-\u043a\u043e\u043f\u0438\u044f-1024x577.png\" \/>\n\t<meta property=\"og:image:width\" content=\"1024\" \/>\n\t<meta property=\"og:image:height\" content=\"577\" \/>\n\t<meta property=\"og:image:type\" content=\"image\/png\" \/>\n<meta name=\"twitter:card\" content=\"summary_large_image\" \/>\n<script type=\"application\/ld+json\" class=\"yoast-schema-graph\">{\"@context\":\"https:\/\/schema.org\",\"@graph\":[{\"@type\":\"WebPage\",\"@id\":\"https:\/\/megapets.eu\/it\/lumache\/archachatina-ventricosa-standard-per-p4\/\",\"url\":\"https:\/\/megapets.eu\/it\/lumache\/archachatina-ventricosa-standard-per-p4\/\",\"name\":\"Archachatina ventricosa standard \/ per P4 | MegaPets\",\"isPartOf\":{\"@id\":\"https:\/\/megapets.eu\/it\/#website\"},\"primaryImageOfPage\":{\"@id\":\"https:\/\/megapets.eu\/it\/lumache\/archachatina-ventricosa-standard-per-p4\/#primaryimage\"},\"image\":{\"@id\":\"https:\/\/megapets.eu\/it\/lumache\/archachatina-ventricosa-standard-per-p4\/#primaryimage\"},\"thumbnailUrl\":\"https:\/\/megapets.eu\/wp-content\/uploads\/2025\/04\/Photo1-\u2014-\u043a\u043e\u043f\u0438\u044f.png\",\"datePublished\":\"2025-04-02T20:57:19+00:00\",\"dateModified\":\"2025-08-24T19:17:18+00:00\",\"breadcrumb\":{\"@id\":\"https:\/\/megapets.eu\/it\/lumache\/archachatina-ventricosa-standard-per-p4\/#breadcrumb\"},\"inLanguage\":\"it-IT\",\"potentialAction\":[{\"@type\":\"ReadAction\",\"target\":[\"https:\/\/megapets.eu\/it\/lumache\/archachatina-ventricosa-standard-per-p4\/\"]}]},{\"@type\":\"ImageObject\",\"inLanguage\":\"it-IT\",\"@id\":\"https:\/\/megapets.eu\/it\/lumache\/archachatina-ventricosa-standard-per-p4\/#primaryimage\",\"url\":\"https:\/\/megapets.eu\/wp-content\/uploads\/2025\/04\/Photo1-\u2014-\u043a\u043e\u043f\u0438\u044f.png\",\"contentUrl\":\"https:\/\/megapets.eu\/wp-content\/uploads\/2025\/04\/Photo1-\u2014-\u043a\u043e\u043f\u0438\u044f.png\",\"width\":3311,\"height\":1866},{\"@type\":\"BreadcrumbList\",\"@id\":\"https:\/\/megapets.eu\/it\/lumache\/archachatina-ventricosa-standard-per-p4\/#breadcrumb\",\"itemListElement\":[{\"@type\":\"ListItem\",\"position\":1,\"name\":\"Strona g\u0142\u00f3wna\",\"item\":\"https:\/\/megapets.eu\/it\/\"},{\"@type\":\"ListItem\",\"position\":2,\"name\":\"Negozio\",\"item\":\"https:\/\/megapets.eu\/it\/negozio\/\"},{\"@type\":\"ListItem\",\"position\":3,\"name\":\"Archachatina ventricosa standard \/ per P4\"}]},{\"@type\":\"WebSite\",\"@id\":\"https:\/\/megapets.eu\/it\/#website\",\"url\":\"https:\/\/megapets.eu\/it\/\",\"name\":\"Mega Pets\",\"description\":\"Jedna z najwi\u0119kszych hodowli \u015blimak\u00f3w w Europie\",\"publisher\":{\"@id\":\"https:\/\/megapets.eu\/it\/#organization\"},\"alternateName\":\"Mega Pets\",\"potentialAction\":[{\"@type\":\"SearchAction\",\"target\":{\"@type\":\"EntryPoint\",\"urlTemplate\":\"https:\/\/megapets.eu\/it\/?s={search_term_string}\"},\"query-input\":{\"@type\":\"PropertyValueSpecification\",\"valueRequired\":true,\"valueName\":\"search_term_string\"}}],\"inLanguage\":\"it-IT\"},{\"@type\":\"Organization\",\"@id\":\"https:\/\/megapets.eu\/it\/#organization\",\"name\":\"Mega Pets\",\"url\":\"https:\/\/megapets.eu\/it\/\",\"logo\":{\"@type\":\"ImageObject\",\"inLanguage\":\"it-IT\",\"@id\":\"https:\/\/megapets.eu\/it\/#\/schema\/logo\/image\/\",\"url\":\"https:\/\/megapets.eu\/wp-content\/uploads\/2025\/04\/megapets_eu-logo.png\",\"contentUrl\":\"https:\/\/megapets.eu\/wp-content\/uploads\/2025\/04\/megapets_eu-logo.png\",\"width\":2362,\"height\":2362,\"caption\":\"Mega Pets\"},\"image\":{\"@id\":\"https:\/\/megapets.eu\/it\/#\/schema\/logo\/image\/\"},\"sameAs\":[\"https:\/\/www.facebook.com\/MegaPets.eu\/\"]}]}<\/script>\n<!-- \/ Yoast SEO plugin. -->","yoast_head_json":{"title":"Archachatina ventricosa standard \/ per P4 | MegaPets","robots":{"index":"index","follow":"follow","max-snippet":"max-snippet:-1","max-image-preview":"max-image-preview:large","max-video-preview":"max-video-preview:-1"},"canonical":"https:\/\/megapets.eu\/it\/lumache\/archachatina-ventricosa-standard-per-p4\/","og_locale":"it_IT","og_type":"article","og_title":"Archachatina ventricosa standard \/ per P4 | MegaPets","og_description":"Da una coppia non imparentata: P4 Dimensioni del proiettile bersaglio: circa 10-12 cm Offerto esemplare giovane: circa 4 cm Il prezzo si applica a: 1 pz","og_url":"https:\/\/megapets.eu\/it\/lumache\/archachatina-ventricosa-standard-per-p4\/","og_site_name":"MegaPets","article_publisher":"https:\/\/www.facebook.com\/MegaPets.eu\/","article_modified_time":"2025-08-24T19:17:18+00:00","og_image":[{"width":1024,"height":577,"url":"https:\/\/megapets.eu\/wp-content\/uploads\/2025\/04\/Photo1-\u2014-\u043a\u043e\u043f\u0438\u044f-1024x577.png","type":"image\/png"}],"twitter_card":"summary_large_image","schema":{"@context":"https:\/\/schema.org","@graph":[{"@type":"WebPage","@id":"https:\/\/megapets.eu\/it\/lumache\/archachatina-ventricosa-standard-per-p4\/","url":"https:\/\/megapets.eu\/it\/lumache\/archachatina-ventricosa-standard-per-p4\/","name":"Archachatina ventricosa standard \/ per P4 | MegaPets","isPartOf":{"@id":"https:\/\/megapets.eu\/it\/#website"},"primaryImageOfPage":{"@id":"https:\/\/megapets.eu\/it\/lumache\/archachatina-ventricosa-standard-per-p4\/#primaryimage"},"image":{"@id":"https:\/\/megapets.eu\/it\/lumache\/archachatina-ventricosa-standard-per-p4\/#primaryimage"},"thumbnailUrl":"https:\/\/megapets.eu\/wp-content\/uploads\/2025\/04\/Photo1-\u2014-\u043a\u043e\u043f\u0438\u044f.png","datePublished":"2025-04-02T20:57:19+00:00","dateModified":"2025-08-24T19:17:18+00:00","breadcrumb":{"@id":"https:\/\/megapets.eu\/it\/lumache\/archachatina-ventricosa-standard-per-p4\/#breadcrumb"},"inLanguage":"it-IT","potentialAction":[{"@type":"ReadAction","target":["https:\/\/megapets.eu\/it\/lumache\/archachatina-ventricosa-standard-per-p4\/"]}]},{"@type":"ImageObject","inLanguage":"it-IT","@id":"https:\/\/megapets.eu\/it\/lumache\/archachatina-ventricosa-standard-per-p4\/#primaryimage","url":"https:\/\/megapets.eu\/wp-content\/uploads\/2025\/04\/Photo1-\u2014-\u043a\u043e\u043f\u0438\u044f.png","contentUrl":"https:\/\/megapets.eu\/wp-content\/uploads\/2025\/04\/Photo1-\u2014-\u043a\u043e\u043f\u0438\u044f.png","width":3311,"height":1866},{"@type":"BreadcrumbList","@id":"https:\/\/megapets.eu\/it\/lumache\/archachatina-ventricosa-standard-per-p4\/#breadcrumb","itemListElement":[{"@type":"ListItem","position":1,"name":"Strona g\u0142\u00f3wna","item":"https:\/\/megapets.eu\/it\/"},{"@type":"ListItem","position":2,"name":"Negozio","item":"https:\/\/megapets.eu\/it\/negozio\/"},{"@type":"ListItem","position":3,"name":"Archachatina ventricosa standard \/ per P4"}]},{"@type":"WebSite","@id":"https:\/\/megapets.eu\/it\/#website","url":"https:\/\/megapets.eu\/it\/","name":"Mega Pets","description":"Jedna z najwi\u0119kszych hodowli \u015blimak\u00f3w w Europie","publisher":{"@id":"https:\/\/megapets.eu\/it\/#organization"},"alternateName":"Mega Pets","potentialAction":[{"@type":"SearchAction","target":{"@type":"EntryPoint","urlTemplate":"https:\/\/megapets.eu\/it\/?s={search_term_string}"},"query-input":{"@type":"PropertyValueSpecification","valueRequired":true,"valueName":"search_term_string"}}],"inLanguage":"it-IT"},{"@type":"Organization","@id":"https:\/\/megapets.eu\/it\/#organization","name":"Mega Pets","url":"https:\/\/megapets.eu\/it\/","logo":{"@type":"ImageObject","inLanguage":"it-IT","@id":"https:\/\/megapets.eu\/it\/#\/schema\/logo\/image\/","url":"https:\/\/megapets.eu\/wp-content\/uploads\/2025\/04\/megapets_eu-logo.png","contentUrl":"https:\/\/megapets.eu\/wp-content\/uploads\/2025\/04\/megapets_eu-logo.png","width":2362,"height":2362,"caption":"Mega Pets"},"image":{"@id":"https:\/\/megapets.eu\/it\/#\/schema\/logo\/image\/"},"sameAs":["https:\/\/www.facebook.com\/MegaPets.eu\/"]}]}},"_links":{"self":[{"href":"https:\/\/megapets.eu\/it\/wp-json\/wp\/v2\/product\/7087","targetHints":{"allow":["GET"]}}],"collection":[{"href":"https:\/\/megapets.eu\/it\/wp-json\/wp\/v2\/product"}],"about":[{"href":"https:\/\/megapets.eu\/it\/wp-json\/wp\/v2\/types\/product"}],"wp:featuredmedia":[{"embeddable":true,"href":"https:\/\/megapets.eu\/it\/wp-json\/wp\/v2\/media\/7088"}],"wp:attachment":[{"href":"https:\/\/megapets.eu\/it\/wp-json\/wp\/v2\/media?parent=7087"}],"wp:term":[{"taxonomy":"product_cat","embeddable":true,"href":"https:\/\/megapets.eu\/it\/wp-json\/wp\/v2\/product_cat?post=7087"},{"taxonomy":"product_tag","embeddable":true,"href":"https:\/\/megapets.eu\/it\/wp-json\/wp\/v2\/product_tag?post=7087"}],"curies":[{"name":"wp","href":"https:\/\/api.w.org\/{rel}","templated":true}]}}