{"id":7102,"date":"2025-05-29T06:43:19","date_gmt":"2025-05-29T06:43:19","guid":{"rendered":"https:\/\/megapets.eu\/senza-categoria\/salpidobolus-sp-avatar-della-linea\/"},"modified":"2025-05-29T06:43:19","modified_gmt":"2025-05-29T06:43:19","slug":"salpidobolus-sp-avatar-della-linea","status":"publish","type":"product","link":"https:\/\/megapets.eu\/it\/wije-it\/salpidobolus-sp-avatar-della-linea\/","title":{"rendered":"Salpidobolus sp. <br \/> &#8220;Avatar della linea\""},"content":{"rendered":"<p class=\"v1v1v1v1MsoNormal\"><span style=\"color: #d94890;\"><strong><em><span style=\"font-size: 15px;\"><span style=\"color: #ff0000;\"><span style=\"color: #424242;\">Specie: Salpidobolus sp. &#8220;Line Avatar\"<\/span><\/span><\/span><\/em><\/strong><\/span><\/p>\n<p><span style=\"color: #d94890;\"><strong><em><span style=\"font-size: 15px;\"><span style=\"color: #ff0000;\"><span style=\"color: #424242;\">Facile da mantenere, quindi ottimo per i principianti.<\/span><\/span><\/span><\/em><\/strong><\/span><\/p>\n<p><span style=\"color: #424242;\"><span style=\"color: #000000;\"><em><span style=\"font-size: 15px;\">Stai cercando qualcosa di bello da allevare per iniziare? <\/span><\/em><\/span><span style=\"color: #333333;\"><em><span style=\"font-size: 15px;\">I coccodrilli Salpidobolus sp. &#8220;Line Avatar\" sono creature bellissime e facili da allevare, completamente sicure per l&#8217;uomo e che non mordono. Hanno mascelle deboli che si adattano a frantumare la materia vegetale. I coccodrilli preferiscono i luoghi umidi, vivono nello strato superiore del substrato e si nutrono di foglie, di un substrato multicomponente progettato per l&#8217;allevamento dei coccodrilli, di verdure e di frutta. Salpidobolus sp. &#8220;Line Avatar\", un bellissimo coccodrillo che raggiunge circa 12 cm di lunghezza. \u00c8 una specie facile da mantenere e a crescita rapida.<\/span><\/em><\/span><\/span><\/p>\n<p class=\"v1v1v1v1MsoNormal\"><span style=\"color: #424242;\"><strong><em><span style=\"font-size: 15px;\"><span class=\"x1xsqp64 xiy17q3 x1o6pynw x19co3pv xdj266r xcwd3tp xat24cr x39eecv x2b8uid\" data-testid=\"emoji\"><span class=\"xexx8yu xn5pp95 x18d9i69 x2fxd7x x3jgonx x1bhl96m\">\ud83c\udf3f <\/span><\/span><span style=\"color: #424242;\">Tutto ci\u00f2 di cui un animale di questo tipo ha bisogno per crescere e vivere con successo in un terrario \u00e8:<\/span><\/span><\/em><\/strong><\/span><\/p>\n<p class=\"v1v1v1v1MsoNormal\"><span style=\"color: #008000;\"><strong><em><span style=\"font-size: 15px;\">* Substrato \/ cibo: Substrato per coccodrilli e vipere (disponibile in un&#8217;altra asta);<\/span><\/em><\/strong><\/span><\/p>\n<p class=\"v1v1v1v1MsoNormal\"><span style=\"color: #008000;\"><strong><em><span style=\"font-size: 15px;\">* Cibo: Verdura e frutta fresca;<\/span><\/em><\/strong><\/span><\/p>\n<p class=\"v1v1v1v1MsoNormal\"><span style=\"color: #008000;\"><strong><em><span style=\"font-size: 15px;\">* Cibo: Il Gammarus macinato \u00e8 un germe essiccato, ricco di macro e micronutrienti, una fonte naturale di proteine animali e chitina (disponibile nella nostra altra asta);<\/span><\/em><\/strong><\/span><\/p>\n<p class=\"v1v1v1v1MsoNormal\"><span style=\"color: #008000;\"><strong><em><span style=\"font-size: 15px;\">* Terrario: Faunabox \u00e8 ideale per l&#8217;allevamento di vipere e coccodrilli (disponibile su un&#8217;altra asta);<\/span><\/em><\/strong><\/span><\/p>\n<p class=\"v1v1v1v1MsoNormal\"><span style=\"color: #008000;\"><strong><em><span style=\"font-size: 15px;\">* Temperatura consigliata 22-26 \u00b0C e umidit\u00e0 di circa il 70% (non lasciare che il substrato si secchi, spruzza il terrario ogni 2-3 giorni).<\/span><\/em><\/strong><\/span><\/p>\n","protected":false},"excerpt":{"rendered":"<ul class=\"product_attributes\">\n<li><span style=\"color: #555555;\">Dimensioni dell&#8217;obiettivo:<\/span> circa 12 cm<\/li>\n<li><span style=\"color: #555555;\">Giovane offerto:<\/span> circa 2-3 cm<\/li>\n<li><span style=\"color: #555555;\">Il prezzo si intende per 1 pezzo:<\/span> 1 pezzo<\/li>\n<\/ul>\n","protected":false},"featured_media":7103,"template":"","meta":{"_acf_changed":false,"_links_to":"","_links_to_target":""},"product_cat":[185],"product_tag":[],"class_list":{"0":"post-7102","1":"product","2":"type-product","3":"status-publish","4":"has-post-thumbnail","6":"product_cat-wije-it","8":"first","9":"instock","10":"shipping-taxable","11":"purchasable","12":"product-type-simple"},"acf":[],"yoast_head":"<!-- This site is optimized with the Yoast SEO plugin v24.9 - https:\/\/yoast.com\/wordpress\/plugins\/seo\/ -->\n<title>Salpidobolus sp.  &quot;Avatar della linea&quot; | MegaPets<\/title>\n<meta name=\"robots\" content=\"index, follow, max-snippet:-1, max-image-preview:large, max-video-preview:-1\" \/>\n<link rel=\"canonical\" href=\"https:\/\/megapets.eu\/it\/wije-it\/salpidobolus-sp-avatar-della-linea\/\" \/>\n<meta property=\"og:locale\" content=\"it_IT\" \/>\n<meta property=\"og:type\" content=\"article\" \/>\n<meta property=\"og:title\" content=\"Salpidobolus sp.  &quot;Avatar della linea&quot; | MegaPets\" \/>\n<meta property=\"og:description\" content=\"Dimensioni dell&#039;obiettivo: circa 12 cm  Giovane offerto: circa 2-3 cm  Il prezzo si intende per 1 pezzo: 1 pezzo\" \/>\n<meta property=\"og:url\" content=\"https:\/\/megapets.eu\/it\/wije-it\/salpidobolus-sp-avatar-della-linea\/\" \/>\n<meta property=\"og:site_name\" content=\"MegaPets\" \/>\n<meta property=\"article:publisher\" content=\"https:\/\/www.facebook.com\/MegaPets.eu\/\" \/>\n<meta property=\"og:image\" content=\"https:\/\/megapets.eu\/wp-content\/uploads\/2025\/05\/Salpidobollus-sp.-Line-Avatar.png\" \/>\n\t<meta property=\"og:image:width\" content=\"1054\" \/>\n\t<meta property=\"og:image:height\" content=\"691\" \/>\n\t<meta property=\"og:image:type\" content=\"image\/png\" \/>\n<meta name=\"twitter:card\" content=\"summary_large_image\" \/>\n<meta name=\"twitter:label1\" content=\"Tempo di lettura stimato\" \/>\n\t<meta name=\"twitter:data1\" content=\"1 minuto\" \/>\n<script type=\"application\/ld+json\" class=\"yoast-schema-graph\">{\"@context\":\"https:\/\/schema.org\",\"@graph\":[{\"@type\":\"WebPage\",\"@id\":\"https:\/\/megapets.eu\/it\/wije-it\/salpidobolus-sp-avatar-della-linea\/\",\"url\":\"https:\/\/megapets.eu\/it\/wije-it\/salpidobolus-sp-avatar-della-linea\/\",\"name\":\"Salpidobolus sp. \\\"Avatar della linea\\\" | MegaPets\",\"isPartOf\":{\"@id\":\"https:\/\/megapets.eu\/it\/#website\"},\"primaryImageOfPage\":{\"@id\":\"https:\/\/megapets.eu\/it\/wije-it\/salpidobolus-sp-avatar-della-linea\/#primaryimage\"},\"image\":{\"@id\":\"https:\/\/megapets.eu\/it\/wije-it\/salpidobolus-sp-avatar-della-linea\/#primaryimage\"},\"thumbnailUrl\":\"https:\/\/megapets.eu\/wp-content\/uploads\/2025\/05\/Salpidobollus-sp.-Line-Avatar.png\",\"datePublished\":\"2025-05-29T06:43:19+00:00\",\"breadcrumb\":{\"@id\":\"https:\/\/megapets.eu\/it\/wije-it\/salpidobolus-sp-avatar-della-linea\/#breadcrumb\"},\"inLanguage\":\"it-IT\",\"potentialAction\":[{\"@type\":\"ReadAction\",\"target\":[\"https:\/\/megapets.eu\/it\/wije-it\/salpidobolus-sp-avatar-della-linea\/\"]}]},{\"@type\":\"ImageObject\",\"inLanguage\":\"it-IT\",\"@id\":\"https:\/\/megapets.eu\/it\/wije-it\/salpidobolus-sp-avatar-della-linea\/#primaryimage\",\"url\":\"https:\/\/megapets.eu\/wp-content\/uploads\/2025\/05\/Salpidobollus-sp.-Line-Avatar.png\",\"contentUrl\":\"https:\/\/megapets.eu\/wp-content\/uploads\/2025\/05\/Salpidobollus-sp.-Line-Avatar.png\",\"width\":1054,\"height\":691},{\"@type\":\"BreadcrumbList\",\"@id\":\"https:\/\/megapets.eu\/it\/wije-it\/salpidobolus-sp-avatar-della-linea\/#breadcrumb\",\"itemListElement\":[{\"@type\":\"ListItem\",\"position\":1,\"name\":\"Strona g\u0142\u00f3wna\",\"item\":\"https:\/\/megapets.eu\/it\/\"},{\"@type\":\"ListItem\",\"position\":2,\"name\":\"Negozio\",\"item\":\"https:\/\/megapets.eu\/it\/negozio\/\"},{\"@type\":\"ListItem\",\"position\":3,\"name\":\"Salpidobolus sp. &#8222;Avatar della linea\\\"\"}]},{\"@type\":\"WebSite\",\"@id\":\"https:\/\/megapets.eu\/it\/#website\",\"url\":\"https:\/\/megapets.eu\/it\/\",\"name\":\"Mega Pets\",\"description\":\"Jedna z najwi\u0119kszych hodowli \u015blimak\u00f3w w Europie\",\"publisher\":{\"@id\":\"https:\/\/megapets.eu\/it\/#organization\"},\"alternateName\":\"Mega Pets\",\"potentialAction\":[{\"@type\":\"SearchAction\",\"target\":{\"@type\":\"EntryPoint\",\"urlTemplate\":\"https:\/\/megapets.eu\/it\/?s={search_term_string}\"},\"query-input\":{\"@type\":\"PropertyValueSpecification\",\"valueRequired\":true,\"valueName\":\"search_term_string\"}}],\"inLanguage\":\"it-IT\"},{\"@type\":\"Organization\",\"@id\":\"https:\/\/megapets.eu\/it\/#organization\",\"name\":\"Mega Pets\",\"url\":\"https:\/\/megapets.eu\/it\/\",\"logo\":{\"@type\":\"ImageObject\",\"inLanguage\":\"it-IT\",\"@id\":\"https:\/\/megapets.eu\/it\/#\/schema\/logo\/image\/\",\"url\":\"https:\/\/megapets.eu\/wp-content\/uploads\/2025\/04\/megapets_eu-logo.png\",\"contentUrl\":\"https:\/\/megapets.eu\/wp-content\/uploads\/2025\/04\/megapets_eu-logo.png\",\"width\":2362,\"height\":2362,\"caption\":\"Mega Pets\"},\"image\":{\"@id\":\"https:\/\/megapets.eu\/it\/#\/schema\/logo\/image\/\"},\"sameAs\":[\"https:\/\/www.facebook.com\/MegaPets.eu\/\"]}]}<\/script>\n<!-- \/ Yoast SEO plugin. -->","yoast_head_json":{"title":"Salpidobolus sp.  \"Avatar della linea\" | MegaPets","robots":{"index":"index","follow":"follow","max-snippet":"max-snippet:-1","max-image-preview":"max-image-preview:large","max-video-preview":"max-video-preview:-1"},"canonical":"https:\/\/megapets.eu\/it\/wije-it\/salpidobolus-sp-avatar-della-linea\/","og_locale":"it_IT","og_type":"article","og_title":"Salpidobolus sp.  \"Avatar della linea\" | MegaPets","og_description":"Dimensioni dell'obiettivo: circa 12 cm  Giovane offerto: circa 2-3 cm  Il prezzo si intende per 1 pezzo: 1 pezzo","og_url":"https:\/\/megapets.eu\/it\/wije-it\/salpidobolus-sp-avatar-della-linea\/","og_site_name":"MegaPets","article_publisher":"https:\/\/www.facebook.com\/MegaPets.eu\/","og_image":[{"width":1054,"height":691,"url":"https:\/\/megapets.eu\/wp-content\/uploads\/2025\/05\/Salpidobollus-sp.-Line-Avatar.png","type":"image\/png"}],"twitter_card":"summary_large_image","twitter_misc":{"Tempo di lettura stimato":"1 minuto"},"schema":{"@context":"https:\/\/schema.org","@graph":[{"@type":"WebPage","@id":"https:\/\/megapets.eu\/it\/wije-it\/salpidobolus-sp-avatar-della-linea\/","url":"https:\/\/megapets.eu\/it\/wije-it\/salpidobolus-sp-avatar-della-linea\/","name":"Salpidobolus sp. \"Avatar della linea\" | MegaPets","isPartOf":{"@id":"https:\/\/megapets.eu\/it\/#website"},"primaryImageOfPage":{"@id":"https:\/\/megapets.eu\/it\/wije-it\/salpidobolus-sp-avatar-della-linea\/#primaryimage"},"image":{"@id":"https:\/\/megapets.eu\/it\/wije-it\/salpidobolus-sp-avatar-della-linea\/#primaryimage"},"thumbnailUrl":"https:\/\/megapets.eu\/wp-content\/uploads\/2025\/05\/Salpidobollus-sp.-Line-Avatar.png","datePublished":"2025-05-29T06:43:19+00:00","breadcrumb":{"@id":"https:\/\/megapets.eu\/it\/wije-it\/salpidobolus-sp-avatar-della-linea\/#breadcrumb"},"inLanguage":"it-IT","potentialAction":[{"@type":"ReadAction","target":["https:\/\/megapets.eu\/it\/wije-it\/salpidobolus-sp-avatar-della-linea\/"]}]},{"@type":"ImageObject","inLanguage":"it-IT","@id":"https:\/\/megapets.eu\/it\/wije-it\/salpidobolus-sp-avatar-della-linea\/#primaryimage","url":"https:\/\/megapets.eu\/wp-content\/uploads\/2025\/05\/Salpidobollus-sp.-Line-Avatar.png","contentUrl":"https:\/\/megapets.eu\/wp-content\/uploads\/2025\/05\/Salpidobollus-sp.-Line-Avatar.png","width":1054,"height":691},{"@type":"BreadcrumbList","@id":"https:\/\/megapets.eu\/it\/wije-it\/salpidobolus-sp-avatar-della-linea\/#breadcrumb","itemListElement":[{"@type":"ListItem","position":1,"name":"Strona g\u0142\u00f3wna","item":"https:\/\/megapets.eu\/it\/"},{"@type":"ListItem","position":2,"name":"Negozio","item":"https:\/\/megapets.eu\/it\/negozio\/"},{"@type":"ListItem","position":3,"name":"Salpidobolus sp. &#8222;Avatar della linea\""}]},{"@type":"WebSite","@id":"https:\/\/megapets.eu\/it\/#website","url":"https:\/\/megapets.eu\/it\/","name":"Mega Pets","description":"Jedna z najwi\u0119kszych hodowli \u015blimak\u00f3w w Europie","publisher":{"@id":"https:\/\/megapets.eu\/it\/#organization"},"alternateName":"Mega Pets","potentialAction":[{"@type":"SearchAction","target":{"@type":"EntryPoint","urlTemplate":"https:\/\/megapets.eu\/it\/?s={search_term_string}"},"query-input":{"@type":"PropertyValueSpecification","valueRequired":true,"valueName":"search_term_string"}}],"inLanguage":"it-IT"},{"@type":"Organization","@id":"https:\/\/megapets.eu\/it\/#organization","name":"Mega Pets","url":"https:\/\/megapets.eu\/it\/","logo":{"@type":"ImageObject","inLanguage":"it-IT","@id":"https:\/\/megapets.eu\/it\/#\/schema\/logo\/image\/","url":"https:\/\/megapets.eu\/wp-content\/uploads\/2025\/04\/megapets_eu-logo.png","contentUrl":"https:\/\/megapets.eu\/wp-content\/uploads\/2025\/04\/megapets_eu-logo.png","width":2362,"height":2362,"caption":"Mega Pets"},"image":{"@id":"https:\/\/megapets.eu\/it\/#\/schema\/logo\/image\/"},"sameAs":["https:\/\/www.facebook.com\/MegaPets.eu\/"]}]}},"_links":{"self":[{"href":"https:\/\/megapets.eu\/it\/wp-json\/wp\/v2\/product\/7102","targetHints":{"allow":["GET"]}}],"collection":[{"href":"https:\/\/megapets.eu\/it\/wp-json\/wp\/v2\/product"}],"about":[{"href":"https:\/\/megapets.eu\/it\/wp-json\/wp\/v2\/types\/product"}],"wp:featuredmedia":[{"embeddable":true,"href":"https:\/\/megapets.eu\/it\/wp-json\/wp\/v2\/media\/7103"}],"wp:attachment":[{"href":"https:\/\/megapets.eu\/it\/wp-json\/wp\/v2\/media?parent=7102"}],"wp:term":[{"taxonomy":"product_cat","embeddable":true,"href":"https:\/\/megapets.eu\/it\/wp-json\/wp\/v2\/product_cat?post=7102"},{"taxonomy":"product_tag","embeddable":true,"href":"https:\/\/megapets.eu\/it\/wp-json\/wp\/v2\/product_tag?post=7102"}],"curies":[{"name":"wp","href":"https:\/\/api.w.org\/{rel}","templated":true}]}}