{"id":7146,"date":"2024-10-04T15:41:08","date_gmt":"2024-10-04T15:41:08","guid":{"rendered":"https:\/\/megapets.eu\/senza-categoria\/mangime-supplementare-per-isopodi-50-gper-isopodi-e-vipere\/"},"modified":"2024-10-04T15:41:08","modified_gmt":"2024-10-04T15:41:08","slug":"mangime-supplementare-per-isopodi-50-gper-isopodi-e-vipere","status":"publish","type":"product","link":"https:\/\/megapets.eu\/it\/accessori\/mangime-supplementare-per-isopodi-50-gper-isopodi-e-vipere\/","title":{"rendered":"&#8220;Mangime supplementare per isopodi\" 50 g<br \/>per isopodi e vipere"},"content":{"rendered":"<p><strong><span style=\"color: #e87020; font-size: 15px;\"><em>Confezione di cibo supplementare per isopodi e vipere da 50 g<\/em><\/span><\/strong><\/p>\n<p><strong><span style=\"color: #e87020; font-size: 15px;\"><em>Fonte di proteine: vegetali e animali.<\/em><\/span><\/strong><\/p>\n<p><strong><span style=\"color: #e87020; font-size: 15px;\"><em>Il prezzo si intende per 1 confezione.<\/em><\/span><\/strong><\/p>\n<p><em><span style=\"color: #424242;\"><strong><span style=\"font-size: 15px;\">Il &#8220;cibo supplementare per isopodi\" \u00e8 ideale per l&#8217;allevamento di isopodi, vipere, coccodrilli, scarafaggi esotici, ecc.<\/span><\/strong><\/span><\/em><\/p>\n<p><em><span style=\"color: #424242;\"><strong><span style=\"font-size: 15px;\">Dosaggio: cospargere leggermente una porzione di mangime.<\/span><\/strong><\/span><\/em><\/p>\n","protected":false},"excerpt":{"rendered":"<ul class=\"product_attributes\">\n<li><span style=\"color: #555555;\">Fonte di proteine:<\/span> vegetali e animali<\/li>\n<li><span style=\"color: #555555;\">La confezione contiene:<\/span> 50 g<\/li>\n<li><span style=\"color: #555555;\">Il prezzo si applica a:<\/span> 1 confezione.<\/li>\n<\/ul>\n","protected":false},"featured_media":7162,"template":"","meta":{"_acf_changed":false,"_links_to":"","_links_to_target":""},"product_cat":[177],"product_tag":[180,181,179],"class_list":{"0":"post-7146","1":"product","2":"type-product","3":"status-publish","4":"has-post-thumbnail","6":"product_cat-accessori","7":"product_tag-per-gli-isopodi","8":"product_tag-per-gli-scarafaggi","9":"product_tag-per-le-astuzie","11":"first","12":"instock","13":"shipping-taxable","14":"purchasable","15":"product-type-simple"},"acf":[],"yoast_head":"<!-- This site is optimized with the Yoast SEO plugin v24.9 - https:\/\/yoast.com\/wordpress\/plugins\/seo\/ -->\n<title>&quot;Mangime supplementare per isopodi&quot; 50 gper isopodi e vipere | MegaPets<\/title>\n<meta name=\"robots\" content=\"index, follow, max-snippet:-1, max-image-preview:large, max-video-preview:-1\" \/>\n<link rel=\"canonical\" href=\"https:\/\/megapets.eu\/it\/accessori\/mangime-supplementare-per-isopodi-50-gper-isopodi-e-vipere\/\" \/>\n<meta property=\"og:locale\" content=\"it_IT\" \/>\n<meta property=\"og:type\" content=\"article\" \/>\n<meta property=\"og:title\" content=\"&quot;Mangime supplementare per isopodi&quot; 50 gper isopodi e vipere | MegaPets\" \/>\n<meta property=\"og:description\" content=\"Fonte di proteine: vegetali e animali  La confezione contiene: 50 g  Il prezzo si applica a: 1 confezione.\" \/>\n<meta property=\"og:url\" content=\"https:\/\/megapets.eu\/it\/accessori\/mangime-supplementare-per-isopodi-50-gper-isopodi-e-vipere\/\" \/>\n<meta property=\"og:site_name\" content=\"MegaPets\" \/>\n<meta property=\"article:publisher\" content=\"https:\/\/www.facebook.com\/MegaPets.eu\/\" \/>\n<meta property=\"og:image\" content=\"https:\/\/megapets.eu\/wp-content\/uploads\/2024\/10\/3-1.png\" \/>\n\t<meta property=\"og:image:width\" content=\"1021\" \/>\n\t<meta property=\"og:image:height\" content=\"651\" \/>\n\t<meta property=\"og:image:type\" content=\"image\/png\" \/>\n<meta name=\"twitter:card\" content=\"summary_large_image\" \/>\n<script type=\"application\/ld+json\" class=\"yoast-schema-graph\">{\"@context\":\"https:\/\/schema.org\",\"@graph\":[{\"@type\":\"WebPage\",\"@id\":\"https:\/\/megapets.eu\/it\/accessori\/mangime-supplementare-per-isopodi-50-gper-isopodi-e-vipere\/\",\"url\":\"https:\/\/megapets.eu\/it\/accessori\/mangime-supplementare-per-isopodi-50-gper-isopodi-e-vipere\/\",\"name\":\"\\\"Mangime supplementare per isopodi\\\" 50 g per isopodi e vipere | MegaPets\",\"isPartOf\":{\"@id\":\"https:\/\/megapets.eu\/it\/#website\"},\"primaryImageOfPage\":{\"@id\":\"https:\/\/megapets.eu\/it\/accessori\/mangime-supplementare-per-isopodi-50-gper-isopodi-e-vipere\/#primaryimage\"},\"image\":{\"@id\":\"https:\/\/megapets.eu\/it\/accessori\/mangime-supplementare-per-isopodi-50-gper-isopodi-e-vipere\/#primaryimage\"},\"thumbnailUrl\":\"https:\/\/megapets.eu\/wp-content\/uploads\/2024\/10\/3-1.png\",\"datePublished\":\"2024-10-04T15:41:08+00:00\",\"breadcrumb\":{\"@id\":\"https:\/\/megapets.eu\/it\/accessori\/mangime-supplementare-per-isopodi-50-gper-isopodi-e-vipere\/#breadcrumb\"},\"inLanguage\":\"it-IT\",\"potentialAction\":[{\"@type\":\"ReadAction\",\"target\":[\"https:\/\/megapets.eu\/it\/accessori\/mangime-supplementare-per-isopodi-50-gper-isopodi-e-vipere\/\"]}]},{\"@type\":\"ImageObject\",\"inLanguage\":\"it-IT\",\"@id\":\"https:\/\/megapets.eu\/it\/accessori\/mangime-supplementare-per-isopodi-50-gper-isopodi-e-vipere\/#primaryimage\",\"url\":\"https:\/\/megapets.eu\/wp-content\/uploads\/2024\/10\/3-1.png\",\"contentUrl\":\"https:\/\/megapets.eu\/wp-content\/uploads\/2024\/10\/3-1.png\",\"width\":1021,\"height\":651},{\"@type\":\"BreadcrumbList\",\"@id\":\"https:\/\/megapets.eu\/it\/accessori\/mangime-supplementare-per-isopodi-50-gper-isopodi-e-vipere\/#breadcrumb\",\"itemListElement\":[{\"@type\":\"ListItem\",\"position\":1,\"name\":\"Strona g\u0142\u00f3wna\",\"item\":\"https:\/\/megapets.eu\/it\/\"},{\"@type\":\"ListItem\",\"position\":2,\"name\":\"Negozio\",\"item\":\"https:\/\/megapets.eu\/it\/negozio\/\"},{\"@type\":\"ListItem\",\"position\":3,\"name\":\"&#8222;Mangime supplementare per isopodi\\\" 50 gper isopodi e vipere\"}]},{\"@type\":\"WebSite\",\"@id\":\"https:\/\/megapets.eu\/it\/#website\",\"url\":\"https:\/\/megapets.eu\/it\/\",\"name\":\"Mega Pets\",\"description\":\"Jedna z najwi\u0119kszych hodowli \u015blimak\u00f3w w Europie\",\"publisher\":{\"@id\":\"https:\/\/megapets.eu\/it\/#organization\"},\"alternateName\":\"Mega Pets\",\"potentialAction\":[{\"@type\":\"SearchAction\",\"target\":{\"@type\":\"EntryPoint\",\"urlTemplate\":\"https:\/\/megapets.eu\/it\/?s={search_term_string}\"},\"query-input\":{\"@type\":\"PropertyValueSpecification\",\"valueRequired\":true,\"valueName\":\"search_term_string\"}}],\"inLanguage\":\"it-IT\"},{\"@type\":\"Organization\",\"@id\":\"https:\/\/megapets.eu\/it\/#organization\",\"name\":\"Mega Pets\",\"url\":\"https:\/\/megapets.eu\/it\/\",\"logo\":{\"@type\":\"ImageObject\",\"inLanguage\":\"it-IT\",\"@id\":\"https:\/\/megapets.eu\/it\/#\/schema\/logo\/image\/\",\"url\":\"https:\/\/megapets.eu\/wp-content\/uploads\/2025\/04\/megapets_eu-logo.png\",\"contentUrl\":\"https:\/\/megapets.eu\/wp-content\/uploads\/2025\/04\/megapets_eu-logo.png\",\"width\":2362,\"height\":2362,\"caption\":\"Mega Pets\"},\"image\":{\"@id\":\"https:\/\/megapets.eu\/it\/#\/schema\/logo\/image\/\"},\"sameAs\":[\"https:\/\/www.facebook.com\/MegaPets.eu\/\"]}]}<\/script>\n<!-- \/ Yoast SEO plugin. -->","yoast_head_json":{"title":"\"Mangime supplementare per isopodi\" 50 gper isopodi e vipere | MegaPets","robots":{"index":"index","follow":"follow","max-snippet":"max-snippet:-1","max-image-preview":"max-image-preview:large","max-video-preview":"max-video-preview:-1"},"canonical":"https:\/\/megapets.eu\/it\/accessori\/mangime-supplementare-per-isopodi-50-gper-isopodi-e-vipere\/","og_locale":"it_IT","og_type":"article","og_title":"\"Mangime supplementare per isopodi\" 50 gper isopodi e vipere | MegaPets","og_description":"Fonte di proteine: vegetali e animali  La confezione contiene: 50 g  Il prezzo si applica a: 1 confezione.","og_url":"https:\/\/megapets.eu\/it\/accessori\/mangime-supplementare-per-isopodi-50-gper-isopodi-e-vipere\/","og_site_name":"MegaPets","article_publisher":"https:\/\/www.facebook.com\/MegaPets.eu\/","og_image":[{"width":1021,"height":651,"url":"https:\/\/megapets.eu\/wp-content\/uploads\/2024\/10\/3-1.png","type":"image\/png"}],"twitter_card":"summary_large_image","schema":{"@context":"https:\/\/schema.org","@graph":[{"@type":"WebPage","@id":"https:\/\/megapets.eu\/it\/accessori\/mangime-supplementare-per-isopodi-50-gper-isopodi-e-vipere\/","url":"https:\/\/megapets.eu\/it\/accessori\/mangime-supplementare-per-isopodi-50-gper-isopodi-e-vipere\/","name":"\"Mangime supplementare per isopodi\" 50 g per isopodi e vipere | MegaPets","isPartOf":{"@id":"https:\/\/megapets.eu\/it\/#website"},"primaryImageOfPage":{"@id":"https:\/\/megapets.eu\/it\/accessori\/mangime-supplementare-per-isopodi-50-gper-isopodi-e-vipere\/#primaryimage"},"image":{"@id":"https:\/\/megapets.eu\/it\/accessori\/mangime-supplementare-per-isopodi-50-gper-isopodi-e-vipere\/#primaryimage"},"thumbnailUrl":"https:\/\/megapets.eu\/wp-content\/uploads\/2024\/10\/3-1.png","datePublished":"2024-10-04T15:41:08+00:00","breadcrumb":{"@id":"https:\/\/megapets.eu\/it\/accessori\/mangime-supplementare-per-isopodi-50-gper-isopodi-e-vipere\/#breadcrumb"},"inLanguage":"it-IT","potentialAction":[{"@type":"ReadAction","target":["https:\/\/megapets.eu\/it\/accessori\/mangime-supplementare-per-isopodi-50-gper-isopodi-e-vipere\/"]}]},{"@type":"ImageObject","inLanguage":"it-IT","@id":"https:\/\/megapets.eu\/it\/accessori\/mangime-supplementare-per-isopodi-50-gper-isopodi-e-vipere\/#primaryimage","url":"https:\/\/megapets.eu\/wp-content\/uploads\/2024\/10\/3-1.png","contentUrl":"https:\/\/megapets.eu\/wp-content\/uploads\/2024\/10\/3-1.png","width":1021,"height":651},{"@type":"BreadcrumbList","@id":"https:\/\/megapets.eu\/it\/accessori\/mangime-supplementare-per-isopodi-50-gper-isopodi-e-vipere\/#breadcrumb","itemListElement":[{"@type":"ListItem","position":1,"name":"Strona g\u0142\u00f3wna","item":"https:\/\/megapets.eu\/it\/"},{"@type":"ListItem","position":2,"name":"Negozio","item":"https:\/\/megapets.eu\/it\/negozio\/"},{"@type":"ListItem","position":3,"name":"&#8222;Mangime supplementare per isopodi\" 50 gper isopodi e vipere"}]},{"@type":"WebSite","@id":"https:\/\/megapets.eu\/it\/#website","url":"https:\/\/megapets.eu\/it\/","name":"Mega Pets","description":"Jedna z najwi\u0119kszych hodowli \u015blimak\u00f3w w Europie","publisher":{"@id":"https:\/\/megapets.eu\/it\/#organization"},"alternateName":"Mega Pets","potentialAction":[{"@type":"SearchAction","target":{"@type":"EntryPoint","urlTemplate":"https:\/\/megapets.eu\/it\/?s={search_term_string}"},"query-input":{"@type":"PropertyValueSpecification","valueRequired":true,"valueName":"search_term_string"}}],"inLanguage":"it-IT"},{"@type":"Organization","@id":"https:\/\/megapets.eu\/it\/#organization","name":"Mega Pets","url":"https:\/\/megapets.eu\/it\/","logo":{"@type":"ImageObject","inLanguage":"it-IT","@id":"https:\/\/megapets.eu\/it\/#\/schema\/logo\/image\/","url":"https:\/\/megapets.eu\/wp-content\/uploads\/2025\/04\/megapets_eu-logo.png","contentUrl":"https:\/\/megapets.eu\/wp-content\/uploads\/2025\/04\/megapets_eu-logo.png","width":2362,"height":2362,"caption":"Mega Pets"},"image":{"@id":"https:\/\/megapets.eu\/it\/#\/schema\/logo\/image\/"},"sameAs":["https:\/\/www.facebook.com\/MegaPets.eu\/"]}]}},"_links":{"self":[{"href":"https:\/\/megapets.eu\/it\/wp-json\/wp\/v2\/product\/7146","targetHints":{"allow":["GET"]}}],"collection":[{"href":"https:\/\/megapets.eu\/it\/wp-json\/wp\/v2\/product"}],"about":[{"href":"https:\/\/megapets.eu\/it\/wp-json\/wp\/v2\/types\/product"}],"wp:featuredmedia":[{"embeddable":true,"href":"https:\/\/megapets.eu\/it\/wp-json\/wp\/v2\/media\/7162"}],"wp:attachment":[{"href":"https:\/\/megapets.eu\/it\/wp-json\/wp\/v2\/media?parent=7146"}],"wp:term":[{"taxonomy":"product_cat","embeddable":true,"href":"https:\/\/megapets.eu\/it\/wp-json\/wp\/v2\/product_cat?post=7146"},{"taxonomy":"product_tag","embeddable":true,"href":"https:\/\/megapets.eu\/it\/wp-json\/wp\/v2\/product_tag?post=7146"}],"curies":[{"name":"wp","href":"https:\/\/api.w.org\/{rel}","templated":true}]}}