{"id":7163,"date":"2024-10-04T19:54:08","date_gmt":"2024-10-04T19:54:08","guid":{"rendered":"https:\/\/megapets.eu\/senza-categoria\/pacchetto-proteine-e-vitamine-50-g\/"},"modified":"2024-10-04T19:54:08","modified_gmt":"2024-10-04T19:54:08","slug":"pacchetto-proteine-e-vitamine-50-g","status":"publish","type":"product","link":"https:\/\/megapets.eu\/it\/accessori\/pacchetto-proteine-e-vitamine-50-g\/","title":{"rendered":"Pacchetto proteine e vitamine 50 g"},"content":{"rendered":"<p><strong><span style=\"color: #e87020; font-size: 15px;\"><em>Proteine e vitamine\" confezione da 50 g<\/em><\/span><\/strong><\/p>\n<p><strong><span style=\"color: #e87020; font-size: 15px;\"><em>Una confezione contiene 50 g.<\/em><\/span><\/strong><\/p>\n<p><strong><span style=\"color: #e87020; font-size: 15px;\"><em>Il prezzo si intende per 1 confezione.<\/em><\/span><\/strong><\/p>\n<p><em><span style=\"color: #424242;\"><strong><span style=\"font-size: 15px;\">La confezione &#8220;Proteine e Vitamine\" contiene una miscela di grani ricchi di nutrienti preziosi per il corretto sviluppo degli animali domestici ed \u00e8 un&#8217;aggiunta benefica alla dieta di base delle lumache. I grani macinati e setacciati producono una polvere fine, pi\u00f9 gradevole e facile da assumere per le lumache.<\/span><\/strong><\/span><\/em><\/p>\n<p><em><span style=\"color: #424242;\"><strong><span style=\"font-size: 15px;\">Dosaggio: cospargi una piccola quantit\u00e0 di polvere &#8220;Proteine e Vitamine\" su una parte del cibo. Per variare, alla prossima alimentazione \u00e8 meglio fare una breve pausa nella somministrazione della miscela di cereali e offrire al tuo animale altri tipi di integratori, come il mix di erbe esotiche o il gammarus macinato.<\/span><\/strong><\/span><\/em><\/p>\n<p><em><span style=\"color: #424242;\"><strong><span style=\"font-size: 15px;\">Gli integratori che ti consigliamo sono in grado di soddisfare il fabbisogno di preziosi nutrienti anche delle specie pi\u00f9 esigenti: &#8220;Proteine e vitamine\", mix di erbe esotiche e gammarus macinato. Si consiglia di utilizzare gli integratori alternativamente, in modo che la dieta del tuo animale rimanga varia e completa.<\/span><\/strong><\/span><\/em><\/p>\n","protected":false},"excerpt":{"rendered":"<ul class=\"product_attributes\">\n<li><span style=\"color: #555555;\">Contiene:<\/span> miscela di cereali<\/li>\n<li><span style=\"color: #555555;\">La confezione contiene:<\/span> 50 g<\/li>\n<li><span style=\"color: #555555;\">Il prezzo si applica a:<\/span> 1 confezione.<\/li>\n<\/ul>\n","protected":false},"featured_media":12630,"template":"","meta":{"_acf_changed":false,"_links_to":"","_links_to_target":""},"product_cat":[177],"product_tag":[180,181,179,178],"class_list":{"0":"post-7163","1":"product","2":"type-product","3":"status-publish","4":"has-post-thumbnail","6":"product_cat-accessori","7":"product_tag-per-gli-isopodi","8":"product_tag-per-gli-scarafaggi","9":"product_tag-per-le-astuzie","10":"product_tag-per-le-lumache","12":"first","13":"instock","14":"shipping-taxable","15":"purchasable","16":"product-type-simple"},"acf":[],"yoast_head":"<!-- This site is optimized with the Yoast SEO plugin v24.9 - https:\/\/yoast.com\/wordpress\/plugins\/seo\/ -->\n<title>Pacchetto proteine e vitamine 50 g | MegaPets<\/title>\n<meta name=\"robots\" content=\"index, follow, max-snippet:-1, max-image-preview:large, max-video-preview:-1\" \/>\n<link rel=\"canonical\" href=\"https:\/\/megapets.eu\/it\/accessori\/pacchetto-proteine-e-vitamine-50-g\/\" \/>\n<meta property=\"og:locale\" content=\"it_IT\" \/>\n<meta property=\"og:type\" content=\"article\" \/>\n<meta property=\"og:title\" content=\"Pacchetto proteine e vitamine 50 g | MegaPets\" \/>\n<meta property=\"og:description\" content=\"Contiene: miscela di cereali  La confezione contiene: 50 g  Il prezzo si applica a: 1 confezione.\" \/>\n<meta property=\"og:url\" content=\"https:\/\/megapets.eu\/it\/accessori\/pacchetto-proteine-e-vitamine-50-g\/\" \/>\n<meta property=\"og:site_name\" content=\"MegaPets\" \/>\n<meta property=\"article:publisher\" content=\"https:\/\/www.facebook.com\/MegaPets.eu\/\" \/>\n<meta property=\"og:image\" content=\"https:\/\/megapets.eu\/wp-content\/uploads\/2024\/10\/IMG_20200808_204327-1024x771.png\" \/>\n\t<meta property=\"og:image:width\" content=\"1024\" \/>\n\t<meta property=\"og:image:height\" content=\"771\" \/>\n\t<meta property=\"og:image:type\" content=\"image\/png\" \/>\n<meta name=\"twitter:card\" content=\"summary_large_image\" \/>\n<meta name=\"twitter:label1\" content=\"Tempo di lettura stimato\" \/>\n\t<meta name=\"twitter:data1\" content=\"1 minuto\" \/>\n<script type=\"application\/ld+json\" class=\"yoast-schema-graph\">{\"@context\":\"https:\/\/schema.org\",\"@graph\":[{\"@type\":\"WebPage\",\"@id\":\"https:\/\/megapets.eu\/it\/accessori\/pacchetto-proteine-e-vitamine-50-g\/\",\"url\":\"https:\/\/megapets.eu\/it\/accessori\/pacchetto-proteine-e-vitamine-50-g\/\",\"name\":\"Pacchetto proteine e vitamine 50 g | MegaPets\",\"isPartOf\":{\"@id\":\"https:\/\/megapets.eu\/it\/#website\"},\"primaryImageOfPage\":{\"@id\":\"https:\/\/megapets.eu\/it\/accessori\/pacchetto-proteine-e-vitamine-50-g\/#primaryimage\"},\"image\":{\"@id\":\"https:\/\/megapets.eu\/it\/accessori\/pacchetto-proteine-e-vitamine-50-g\/#primaryimage\"},\"thumbnailUrl\":\"https:\/\/megapets.eu\/wp-content\/uploads\/2024\/10\/optimized_ziarna.webp\",\"datePublished\":\"2024-10-04T19:54:08+00:00\",\"breadcrumb\":{\"@id\":\"https:\/\/megapets.eu\/it\/accessori\/pacchetto-proteine-e-vitamine-50-g\/#breadcrumb\"},\"inLanguage\":\"it-IT\",\"potentialAction\":[{\"@type\":\"ReadAction\",\"target\":[\"https:\/\/megapets.eu\/it\/accessori\/pacchetto-proteine-e-vitamine-50-g\/\"]}]},{\"@type\":\"ImageObject\",\"inLanguage\":\"it-IT\",\"@id\":\"https:\/\/megapets.eu\/it\/accessori\/pacchetto-proteine-e-vitamine-50-g\/#primaryimage\",\"url\":\"https:\/\/megapets.eu\/wp-content\/uploads\/2024\/10\/optimized_ziarna.webp\",\"contentUrl\":\"https:\/\/megapets.eu\/wp-content\/uploads\/2024\/10\/optimized_ziarna.webp\",\"width\":1536,\"height\":1024},{\"@type\":\"BreadcrumbList\",\"@id\":\"https:\/\/megapets.eu\/it\/accessori\/pacchetto-proteine-e-vitamine-50-g\/#breadcrumb\",\"itemListElement\":[{\"@type\":\"ListItem\",\"position\":1,\"name\":\"Strona g\u0142\u00f3wna\",\"item\":\"https:\/\/megapets.eu\/it\/\"},{\"@type\":\"ListItem\",\"position\":2,\"name\":\"Negozio\",\"item\":\"https:\/\/megapets.eu\/it\/negozio\/\"},{\"@type\":\"ListItem\",\"position\":3,\"name\":\"Pacchetto proteine e vitamine 50 g\"}]},{\"@type\":\"WebSite\",\"@id\":\"https:\/\/megapets.eu\/it\/#website\",\"url\":\"https:\/\/megapets.eu\/it\/\",\"name\":\"Mega Pets\",\"description\":\"Jedna z najwi\u0119kszych hodowli \u015blimak\u00f3w w Europie\",\"publisher\":{\"@id\":\"https:\/\/megapets.eu\/it\/#organization\"},\"alternateName\":\"Mega Pets\",\"potentialAction\":[{\"@type\":\"SearchAction\",\"target\":{\"@type\":\"EntryPoint\",\"urlTemplate\":\"https:\/\/megapets.eu\/it\/?s={search_term_string}\"},\"query-input\":{\"@type\":\"PropertyValueSpecification\",\"valueRequired\":true,\"valueName\":\"search_term_string\"}}],\"inLanguage\":\"it-IT\"},{\"@type\":\"Organization\",\"@id\":\"https:\/\/megapets.eu\/it\/#organization\",\"name\":\"Mega Pets\",\"url\":\"https:\/\/megapets.eu\/it\/\",\"logo\":{\"@type\":\"ImageObject\",\"inLanguage\":\"it-IT\",\"@id\":\"https:\/\/megapets.eu\/it\/#\/schema\/logo\/image\/\",\"url\":\"https:\/\/megapets.eu\/wp-content\/uploads\/2025\/04\/megapets_eu-logo.png\",\"contentUrl\":\"https:\/\/megapets.eu\/wp-content\/uploads\/2025\/04\/megapets_eu-logo.png\",\"width\":2362,\"height\":2362,\"caption\":\"Mega Pets\"},\"image\":{\"@id\":\"https:\/\/megapets.eu\/it\/#\/schema\/logo\/image\/\"},\"sameAs\":[\"https:\/\/www.facebook.com\/MegaPets.eu\/\"]}]}<\/script>\n<!-- \/ Yoast SEO plugin. -->","yoast_head_json":{"title":"Pacchetto proteine e vitamine 50 g | MegaPets","robots":{"index":"index","follow":"follow","max-snippet":"max-snippet:-1","max-image-preview":"max-image-preview:large","max-video-preview":"max-video-preview:-1"},"canonical":"https:\/\/megapets.eu\/it\/accessori\/pacchetto-proteine-e-vitamine-50-g\/","og_locale":"it_IT","og_type":"article","og_title":"Pacchetto proteine e vitamine 50 g | MegaPets","og_description":"Contiene: miscela di cereali  La confezione contiene: 50 g  Il prezzo si applica a: 1 confezione.","og_url":"https:\/\/megapets.eu\/it\/accessori\/pacchetto-proteine-e-vitamine-50-g\/","og_site_name":"MegaPets","article_publisher":"https:\/\/www.facebook.com\/MegaPets.eu\/","og_image":[{"width":1024,"height":771,"url":"https:\/\/megapets.eu\/wp-content\/uploads\/2024\/10\/IMG_20200808_204327-1024x771.png","type":"image\/png"}],"twitter_card":"summary_large_image","twitter_misc":{"Tempo di lettura stimato":"1 minuto"},"schema":{"@context":"https:\/\/schema.org","@graph":[{"@type":"WebPage","@id":"https:\/\/megapets.eu\/it\/accessori\/pacchetto-proteine-e-vitamine-50-g\/","url":"https:\/\/megapets.eu\/it\/accessori\/pacchetto-proteine-e-vitamine-50-g\/","name":"Pacchetto proteine e vitamine 50 g | MegaPets","isPartOf":{"@id":"https:\/\/megapets.eu\/it\/#website"},"primaryImageOfPage":{"@id":"https:\/\/megapets.eu\/it\/accessori\/pacchetto-proteine-e-vitamine-50-g\/#primaryimage"},"image":{"@id":"https:\/\/megapets.eu\/it\/accessori\/pacchetto-proteine-e-vitamine-50-g\/#primaryimage"},"thumbnailUrl":"https:\/\/megapets.eu\/wp-content\/uploads\/2024\/10\/optimized_ziarna.webp","datePublished":"2024-10-04T19:54:08+00:00","breadcrumb":{"@id":"https:\/\/megapets.eu\/it\/accessori\/pacchetto-proteine-e-vitamine-50-g\/#breadcrumb"},"inLanguage":"it-IT","potentialAction":[{"@type":"ReadAction","target":["https:\/\/megapets.eu\/it\/accessori\/pacchetto-proteine-e-vitamine-50-g\/"]}]},{"@type":"ImageObject","inLanguage":"it-IT","@id":"https:\/\/megapets.eu\/it\/accessori\/pacchetto-proteine-e-vitamine-50-g\/#primaryimage","url":"https:\/\/megapets.eu\/wp-content\/uploads\/2024\/10\/optimized_ziarna.webp","contentUrl":"https:\/\/megapets.eu\/wp-content\/uploads\/2024\/10\/optimized_ziarna.webp","width":1536,"height":1024},{"@type":"BreadcrumbList","@id":"https:\/\/megapets.eu\/it\/accessori\/pacchetto-proteine-e-vitamine-50-g\/#breadcrumb","itemListElement":[{"@type":"ListItem","position":1,"name":"Strona g\u0142\u00f3wna","item":"https:\/\/megapets.eu\/it\/"},{"@type":"ListItem","position":2,"name":"Negozio","item":"https:\/\/megapets.eu\/it\/negozio\/"},{"@type":"ListItem","position":3,"name":"Pacchetto proteine e vitamine 50 g"}]},{"@type":"WebSite","@id":"https:\/\/megapets.eu\/it\/#website","url":"https:\/\/megapets.eu\/it\/","name":"Mega Pets","description":"Jedna z najwi\u0119kszych hodowli \u015blimak\u00f3w w Europie","publisher":{"@id":"https:\/\/megapets.eu\/it\/#organization"},"alternateName":"Mega Pets","potentialAction":[{"@type":"SearchAction","target":{"@type":"EntryPoint","urlTemplate":"https:\/\/megapets.eu\/it\/?s={search_term_string}"},"query-input":{"@type":"PropertyValueSpecification","valueRequired":true,"valueName":"search_term_string"}}],"inLanguage":"it-IT"},{"@type":"Organization","@id":"https:\/\/megapets.eu\/it\/#organization","name":"Mega Pets","url":"https:\/\/megapets.eu\/it\/","logo":{"@type":"ImageObject","inLanguage":"it-IT","@id":"https:\/\/megapets.eu\/it\/#\/schema\/logo\/image\/","url":"https:\/\/megapets.eu\/wp-content\/uploads\/2025\/04\/megapets_eu-logo.png","contentUrl":"https:\/\/megapets.eu\/wp-content\/uploads\/2025\/04\/megapets_eu-logo.png","width":2362,"height":2362,"caption":"Mega Pets"},"image":{"@id":"https:\/\/megapets.eu\/it\/#\/schema\/logo\/image\/"},"sameAs":["https:\/\/www.facebook.com\/MegaPets.eu\/"]}]}},"_links":{"self":[{"href":"https:\/\/megapets.eu\/it\/wp-json\/wp\/v2\/product\/7163","targetHints":{"allow":["GET"]}}],"collection":[{"href":"https:\/\/megapets.eu\/it\/wp-json\/wp\/v2\/product"}],"about":[{"href":"https:\/\/megapets.eu\/it\/wp-json\/wp\/v2\/types\/product"}],"wp:featuredmedia":[{"embeddable":true,"href":"https:\/\/megapets.eu\/it\/wp-json\/wp\/v2\/media\/12630"}],"wp:attachment":[{"href":"https:\/\/megapets.eu\/it\/wp-json\/wp\/v2\/media?parent=7163"}],"wp:term":[{"taxonomy":"product_cat","embeddable":true,"href":"https:\/\/megapets.eu\/it\/wp-json\/wp\/v2\/product_cat?post=7163"},{"taxonomy":"product_tag","embeddable":true,"href":"https:\/\/megapets.eu\/it\/wp-json\/wp\/v2\/product_tag?post=7163"}],"curies":[{"name":"wp","href":"https:\/\/api.w.org\/{rel}","templated":true}]}}