{"id":7173,"date":"2024-10-06T11:35:24","date_gmt":"2024-10-06T11:35:24","guid":{"rendered":"https:\/\/megapets.eu\/senza-categoria\/archachatina-marginata-grevillei\/"},"modified":"2024-10-06T11:35:24","modified_gmt":"2024-10-06T11:35:24","slug":"archachatina-marginata-grevillei","status":"publish","type":"product","link":"https:\/\/megapets.eu\/it\/lumache\/archachatina-marginata-grevillei\/","title":{"rendered":"Archachatina marginata grevillei"},"content":{"rendered":"<p class=\"v1v1v1v1MsoNormal\"><span style=\"color: #424242;\"><strong><em><span style=\"font-size: 15px;\"><b>Specie: Archachatina marginata grevillei<\/b><br \/>\nVariazione di colore: standard<\/span><\/em><\/strong><\/span><\/p>\n<p class=\"v1v1v1v1MsoNormal\"><span style=\"font-size: 15px;\"><strong><em><span style=\"color: #008000;\"><span style=\"color: #424242;\">\u2764\ufe0f\u2600\ufe0f Archachatina marginata grevillei &#8216;classic&#8217; &#8211; apice della conchiglia rosa saturo.<\/span><\/span><\/em><\/strong><\/span><\/p>\n<p class=\"v1v1v1v1MsoNormal\"><span style=\"font-size: 15px;\"><strong><em><span style=\"color: #008000;\"><span style=\"color: #424242;\">\u2600\ufe0f\u2600\ufe0f\u2600\ufe0f Le bellezze solari del nostro allevamento, un sogno per molti amanti delle lumache Archachatina marginata grevillei. Si tratta di una specie di lumaca esotica piccola, bella e raramente vista in coltura. L&#8217;alimentazione e le condizioni di allevamento non differiscono dalle altre specie di Archachatina. Solo i piccoli nati di questa specie hanno l&#8217;aspetto di perle rosa. Il guscio di una lumaca adulta cresce di circa 9-10 cm in un anno.<\/span><\/span><\/em><\/strong><\/span><\/p>\n<p class=\"v1v1v1v1MsoNormal\"><span style=\"font-size: 15px;\"><strong><em><span style=\"color: #008000;\"><img decoding=\"async\" src=\"https:\/\/static.xx.fbcdn.net\/images\/emoji.php\/v9\/tbe\/1\/16\/1f3c6.png\" alt=\"\ud83c\udfc6\" \/><span style=\"color: #e36a19;\"> Tutte le chioccioline provengono dal nostro noto allevatore registrato, quindi stai acquistando da una fonte conosciuta, dove ci prendiamo cura delle chiocciole e osserviamo attentamente lo sviluppo di ciascuna di esse.<\/span><\/span><\/em><\/strong><\/span><\/p>\n<p class=\"v1v1v1v1MsoNormal\"><span style=\"font-size: 15px; color: #424242;\"><strong><em>Come sai, i contenitori di plastica sono i migliori per l&#8217;allevamento delle lumache. I contenitori che abbiamo preparato sono ideali per lo sviluppo di una nuova crescita di gusci di lumaca). Per risparmiare tempo durante il completamento del tuo ordine, ti consigliamo di iniziare con il set iniziale, che include gli accessori di base per un rapido avvio del tuo allevamento e le istruzioni.<\/em><\/strong><\/span><\/p>\n<p><span style=\"font-size: 15px;\"><strong><em><span style=\"color: #008000;\"><img loading=\"lazy\" decoding=\"async\" class=\"xz74otr\" src=\"https:\/\/static.xx.fbcdn.net\/images\/emoji.php\/v9\/t1e\/1\/16\/1f33f.png\" alt=\"\ud83c\udf3f\" width=\"16\" height=\"16\" \/> Tutto ci\u00f2 di cui l&#8217;animale ha bisogno \u00e8 frutta e verdura fresca e matura, un contenitore per la riproduzione e un substrato (non lasciare che il substrato si secchi, spruzza il terrario ogni 2-3 giorni). Nella dieta quotidiana della lumaca non deve mancare l&#8217;elemento base per ottenere un guscio bello e sano; il guscio d&#8217;uovo in polvere e la seppia sono fonti naturali di calcio perfettamente digeribile. Puoi trovare informazioni sulla dieta delle lumache esotiche sul nostro sito web.<\/span><\/em><\/strong><\/span><\/p>\n","protected":false},"excerpt":{"rendered":"<ul class=\"product_attributes\">\n<li><span><br \/>\n\t\tDa una coppia estranea:<br \/>\n\t<\/span><br \/>\n\t\tP6\n\t<\/li>\n<li><span><br \/>\n\t\tDimensioni del guscio di destinazione:<br \/>\n\t<\/span><br \/>\n\t\tca. 9-10 cm\n\t<\/li>\n<li><span><br \/>\n\t\tEsemplare giovane offerto:<br \/>\n\t<\/span><br \/>\n\t\tca. 4 cm\n\t<\/li>\n<li><span><br \/>\n\t\tIl prezzo si applica a:<br \/>\n\t<\/span><br \/>\n\t\t1 pezzo\n\t<\/li>\n<\/ul>\n","protected":false},"featured_media":7174,"template":"","meta":{"_acf_changed":false,"_links_to":"","_links_to_target":""},"product_cat":[183],"product_tag":[],"class_list":{"0":"post-7173","1":"product","2":"type-product","3":"status-publish","4":"has-post-thumbnail","6":"product_cat-lumache","8":"first","9":"outofstock","10":"shipping-taxable","11":"purchasable","12":"product-type-simple"},"acf":[],"yoast_head":"<!-- This site is optimized with the Yoast SEO plugin v24.9 - https:\/\/yoast.com\/wordpress\/plugins\/seo\/ -->\n<title>Archachatina marginata grevillei | MegaPets<\/title>\n<meta name=\"robots\" content=\"index, follow, max-snippet:-1, max-image-preview:large, max-video-preview:-1\" \/>\n<link rel=\"canonical\" href=\"https:\/\/megapets.eu\/it\/lumache\/archachatina-marginata-grevillei\/\" \/>\n<meta property=\"og:locale\" content=\"it_IT\" \/>\n<meta property=\"og:type\" content=\"article\" \/>\n<meta property=\"og:title\" content=\"Archachatina marginata grevillei | MegaPets\" \/>\n<meta property=\"og:description\" content=\"Da una coppia estranea:   P6    Dimensioni del guscio di destinazione:   ca. 9-10 cm    Esemplare giovane offerto:   ca. 4 cm    Il prezzo si applica a:   1 pezzo\" \/>\n<meta property=\"og:url\" content=\"https:\/\/megapets.eu\/it\/lumache\/archachatina-marginata-grevillei\/\" \/>\n<meta property=\"og:site_name\" content=\"MegaPets\" \/>\n<meta property=\"article:publisher\" content=\"https:\/\/www.facebook.com\/MegaPets.eu\/\" \/>\n<meta property=\"og:image\" content=\"https:\/\/megapets.eu\/wp-content\/uploads\/2024\/10\/348724435_3493421000893656_2659019314494022295_n.jpg\" \/>\n\t<meta property=\"og:image:width\" content=\"1191\" \/>\n\t<meta property=\"og:image:height\" content=\"804\" \/>\n\t<meta property=\"og:image:type\" content=\"image\/jpeg\" \/>\n<meta name=\"twitter:card\" content=\"summary_large_image\" \/>\n<meta name=\"twitter:label1\" content=\"Tempo di lettura stimato\" \/>\n\t<meta name=\"twitter:data1\" content=\"1 minuto\" \/>\n<script type=\"application\/ld+json\" class=\"yoast-schema-graph\">{\"@context\":\"https:\/\/schema.org\",\"@graph\":[{\"@type\":\"WebPage\",\"@id\":\"https:\/\/megapets.eu\/it\/lumache\/archachatina-marginata-grevillei\/\",\"url\":\"https:\/\/megapets.eu\/it\/lumache\/archachatina-marginata-grevillei\/\",\"name\":\"Archachatina marginata grevillei | MegaPets\",\"isPartOf\":{\"@id\":\"https:\/\/megapets.eu\/it\/#website\"},\"primaryImageOfPage\":{\"@id\":\"https:\/\/megapets.eu\/it\/lumache\/archachatina-marginata-grevillei\/#primaryimage\"},\"image\":{\"@id\":\"https:\/\/megapets.eu\/it\/lumache\/archachatina-marginata-grevillei\/#primaryimage\"},\"thumbnailUrl\":\"https:\/\/megapets.eu\/wp-content\/uploads\/2024\/10\/348724435_3493421000893656_2659019314494022295_n.jpg\",\"datePublished\":\"2024-10-06T11:35:24+00:00\",\"breadcrumb\":{\"@id\":\"https:\/\/megapets.eu\/it\/lumache\/archachatina-marginata-grevillei\/#breadcrumb\"},\"inLanguage\":\"it-IT\",\"potentialAction\":[{\"@type\":\"ReadAction\",\"target\":[\"https:\/\/megapets.eu\/it\/lumache\/archachatina-marginata-grevillei\/\"]}]},{\"@type\":\"ImageObject\",\"inLanguage\":\"it-IT\",\"@id\":\"https:\/\/megapets.eu\/it\/lumache\/archachatina-marginata-grevillei\/#primaryimage\",\"url\":\"https:\/\/megapets.eu\/wp-content\/uploads\/2024\/10\/348724435_3493421000893656_2659019314494022295_n.jpg\",\"contentUrl\":\"https:\/\/megapets.eu\/wp-content\/uploads\/2024\/10\/348724435_3493421000893656_2659019314494022295_n.jpg\",\"width\":1191,\"height\":804},{\"@type\":\"BreadcrumbList\",\"@id\":\"https:\/\/megapets.eu\/it\/lumache\/archachatina-marginata-grevillei\/#breadcrumb\",\"itemListElement\":[{\"@type\":\"ListItem\",\"position\":1,\"name\":\"Strona g\u0142\u00f3wna\",\"item\":\"https:\/\/megapets.eu\/it\/\"},{\"@type\":\"ListItem\",\"position\":2,\"name\":\"Negozio\",\"item\":\"https:\/\/megapets.eu\/it\/negozio\/\"},{\"@type\":\"ListItem\",\"position\":3,\"name\":\"Archachatina marginata grevillei\"}]},{\"@type\":\"WebSite\",\"@id\":\"https:\/\/megapets.eu\/it\/#website\",\"url\":\"https:\/\/megapets.eu\/it\/\",\"name\":\"Mega Pets\",\"description\":\"Jedna z najwi\u0119kszych hodowli \u015blimak\u00f3w w Europie\",\"publisher\":{\"@id\":\"https:\/\/megapets.eu\/it\/#organization\"},\"alternateName\":\"Mega Pets\",\"potentialAction\":[{\"@type\":\"SearchAction\",\"target\":{\"@type\":\"EntryPoint\",\"urlTemplate\":\"https:\/\/megapets.eu\/it\/?s={search_term_string}\"},\"query-input\":{\"@type\":\"PropertyValueSpecification\",\"valueRequired\":true,\"valueName\":\"search_term_string\"}}],\"inLanguage\":\"it-IT\"},{\"@type\":\"Organization\",\"@id\":\"https:\/\/megapets.eu\/it\/#organization\",\"name\":\"Mega Pets\",\"url\":\"https:\/\/megapets.eu\/it\/\",\"logo\":{\"@type\":\"ImageObject\",\"inLanguage\":\"it-IT\",\"@id\":\"https:\/\/megapets.eu\/it\/#\/schema\/logo\/image\/\",\"url\":\"https:\/\/megapets.eu\/wp-content\/uploads\/2025\/04\/megapets_eu-logo.png\",\"contentUrl\":\"https:\/\/megapets.eu\/wp-content\/uploads\/2025\/04\/megapets_eu-logo.png\",\"width\":2362,\"height\":2362,\"caption\":\"Mega Pets\"},\"image\":{\"@id\":\"https:\/\/megapets.eu\/it\/#\/schema\/logo\/image\/\"},\"sameAs\":[\"https:\/\/www.facebook.com\/MegaPets.eu\/\"]}]}<\/script>\n<!-- \/ Yoast SEO plugin. -->","yoast_head_json":{"title":"Archachatina marginata grevillei | MegaPets","robots":{"index":"index","follow":"follow","max-snippet":"max-snippet:-1","max-image-preview":"max-image-preview:large","max-video-preview":"max-video-preview:-1"},"canonical":"https:\/\/megapets.eu\/it\/lumache\/archachatina-marginata-grevillei\/","og_locale":"it_IT","og_type":"article","og_title":"Archachatina marginata grevillei | MegaPets","og_description":"Da una coppia estranea:   P6    Dimensioni del guscio di destinazione:   ca. 9-10 cm    Esemplare giovane offerto:   ca. 4 cm    Il prezzo si applica a:   1 pezzo","og_url":"https:\/\/megapets.eu\/it\/lumache\/archachatina-marginata-grevillei\/","og_site_name":"MegaPets","article_publisher":"https:\/\/www.facebook.com\/MegaPets.eu\/","og_image":[{"width":1191,"height":804,"url":"https:\/\/megapets.eu\/wp-content\/uploads\/2024\/10\/348724435_3493421000893656_2659019314494022295_n.jpg","type":"image\/jpeg"}],"twitter_card":"summary_large_image","twitter_misc":{"Tempo di lettura stimato":"1 minuto"},"schema":{"@context":"https:\/\/schema.org","@graph":[{"@type":"WebPage","@id":"https:\/\/megapets.eu\/it\/lumache\/archachatina-marginata-grevillei\/","url":"https:\/\/megapets.eu\/it\/lumache\/archachatina-marginata-grevillei\/","name":"Archachatina marginata grevillei | MegaPets","isPartOf":{"@id":"https:\/\/megapets.eu\/it\/#website"},"primaryImageOfPage":{"@id":"https:\/\/megapets.eu\/it\/lumache\/archachatina-marginata-grevillei\/#primaryimage"},"image":{"@id":"https:\/\/megapets.eu\/it\/lumache\/archachatina-marginata-grevillei\/#primaryimage"},"thumbnailUrl":"https:\/\/megapets.eu\/wp-content\/uploads\/2024\/10\/348724435_3493421000893656_2659019314494022295_n.jpg","datePublished":"2024-10-06T11:35:24+00:00","breadcrumb":{"@id":"https:\/\/megapets.eu\/it\/lumache\/archachatina-marginata-grevillei\/#breadcrumb"},"inLanguage":"it-IT","potentialAction":[{"@type":"ReadAction","target":["https:\/\/megapets.eu\/it\/lumache\/archachatina-marginata-grevillei\/"]}]},{"@type":"ImageObject","inLanguage":"it-IT","@id":"https:\/\/megapets.eu\/it\/lumache\/archachatina-marginata-grevillei\/#primaryimage","url":"https:\/\/megapets.eu\/wp-content\/uploads\/2024\/10\/348724435_3493421000893656_2659019314494022295_n.jpg","contentUrl":"https:\/\/megapets.eu\/wp-content\/uploads\/2024\/10\/348724435_3493421000893656_2659019314494022295_n.jpg","width":1191,"height":804},{"@type":"BreadcrumbList","@id":"https:\/\/megapets.eu\/it\/lumache\/archachatina-marginata-grevillei\/#breadcrumb","itemListElement":[{"@type":"ListItem","position":1,"name":"Strona g\u0142\u00f3wna","item":"https:\/\/megapets.eu\/it\/"},{"@type":"ListItem","position":2,"name":"Negozio","item":"https:\/\/megapets.eu\/it\/negozio\/"},{"@type":"ListItem","position":3,"name":"Archachatina marginata grevillei"}]},{"@type":"WebSite","@id":"https:\/\/megapets.eu\/it\/#website","url":"https:\/\/megapets.eu\/it\/","name":"Mega Pets","description":"Jedna z najwi\u0119kszych hodowli \u015blimak\u00f3w w Europie","publisher":{"@id":"https:\/\/megapets.eu\/it\/#organization"},"alternateName":"Mega Pets","potentialAction":[{"@type":"SearchAction","target":{"@type":"EntryPoint","urlTemplate":"https:\/\/megapets.eu\/it\/?s={search_term_string}"},"query-input":{"@type":"PropertyValueSpecification","valueRequired":true,"valueName":"search_term_string"}}],"inLanguage":"it-IT"},{"@type":"Organization","@id":"https:\/\/megapets.eu\/it\/#organization","name":"Mega Pets","url":"https:\/\/megapets.eu\/it\/","logo":{"@type":"ImageObject","inLanguage":"it-IT","@id":"https:\/\/megapets.eu\/it\/#\/schema\/logo\/image\/","url":"https:\/\/megapets.eu\/wp-content\/uploads\/2025\/04\/megapets_eu-logo.png","contentUrl":"https:\/\/megapets.eu\/wp-content\/uploads\/2025\/04\/megapets_eu-logo.png","width":2362,"height":2362,"caption":"Mega Pets"},"image":{"@id":"https:\/\/megapets.eu\/it\/#\/schema\/logo\/image\/"},"sameAs":["https:\/\/www.facebook.com\/MegaPets.eu\/"]}]}},"_links":{"self":[{"href":"https:\/\/megapets.eu\/it\/wp-json\/wp\/v2\/product\/7173","targetHints":{"allow":["GET"]}}],"collection":[{"href":"https:\/\/megapets.eu\/it\/wp-json\/wp\/v2\/product"}],"about":[{"href":"https:\/\/megapets.eu\/it\/wp-json\/wp\/v2\/types\/product"}],"wp:featuredmedia":[{"embeddable":true,"href":"https:\/\/megapets.eu\/it\/wp-json\/wp\/v2\/media\/7174"}],"wp:attachment":[{"href":"https:\/\/megapets.eu\/it\/wp-json\/wp\/v2\/media?parent=7173"}],"wp:term":[{"taxonomy":"product_cat","embeddable":true,"href":"https:\/\/megapets.eu\/it\/wp-json\/wp\/v2\/product_cat?post=7173"},{"taxonomy":"product_tag","embeddable":true,"href":"https:\/\/megapets.eu\/it\/wp-json\/wp\/v2\/product_tag?post=7173"}],"curies":[{"name":"wp","href":"https:\/\/api.w.org\/{rel}","templated":true}]}}