{"id":7176,"date":"2024-10-06T11:19:36","date_gmt":"2024-10-06T11:19:36","guid":{"rendered":"https:\/\/megapets.eu\/senza-categoria\/lissachatina-fulica-rodatzi-standard\/"},"modified":"2025-08-07T12:41:44","modified_gmt":"2025-08-07T12:41:44","slug":"lissachatina-fulica-rodatzi-standard","status":"publish","type":"product","link":"https:\/\/megapets.eu\/it\/lumache\/lissachatina-fulica-rodatzi-standard\/","title":{"rendered":"Lissachatina fulica rodatzi standard"},"content":{"rendered":"<p class=\"v1v1v1v1MsoNormal\"><span style=\"color: #424242;\"><strong><em><span style=\"font-size: 15px;\"><b>Specie: Lissachatina fulica rodatzi (Dunker, 1852).<\/b><br \/>\nVariet\u00e0 di colori: standard<\/span><\/em><\/strong><\/span><\/p>\n<p>&nbsp;<\/p>\n<p class=\"v1v1v1v1MsoNormal\"><span style=\"font-size: 15px;\"><strong><em><span style=\"color: #008000;\">\u2b50\u2b50\u2b50<span style=\"color: #424242;\">  La specie Lissachatina fulica \u00e8 una delle lumache africane pi\u00f9 popolari e conosciute tra i principianti. Questa specie \u00e8 attiva e resistente agli errori di riproduzione. Per questo motivo, \u00e8 spesso consigliata come la prima specie con cui vale la pena iniziare la tua avventura con le lumache. La Lissachatina fulica rodatzi cresce abbastanza rapidamente, la dimensione del guscio di un esemplare adulto di questa specie \u00e8 di circa 12-15 cm.      <\/span><\/span><\/em><\/strong><\/span><\/p>\n<p>&nbsp;<\/p>\n<p class=\"v1v1v1v1MsoNormal\"><span style=\"font-size: 15px;\"><strong><em><span style=\"color: #008000;\"><img decoding=\"async\" src=\"https:\/\/static.xx.fbcdn.net\/images\/emoji.php\/v9\/tbe\/1\/16\/1f3c6.png\" alt=\"\ud83c\udfc6\"><span style=\"color: #e36a19;\">  Tutti i cuccioli provengono dal nostro noto allevamento registrato, quindi acquisti da una fonte nota, dove ci prendiamo cura adeguatamente delle lumache e vigiliamo attentamente sullo sviluppo di ciascuna di esse.<\/span><\/span><\/em><\/strong><\/span><\/p>\n<p>&nbsp;<\/p>\n<p class=\"v1v1v1v1MsoNormal\"><span style=\"font-size: 15px; color: #424242;\"><strong><em>Come sai, i contenitori di plastica funzionano meglio nell&#8217;allevamento delle lumache. I contenitori che abbiamo preparato si adattano perfettamente allo sviluppo di una nuova, bella crescita del guscio di lumaca). Per risparmiare tempo nel completamento dell&#8217;ordine, ti consigliamo di iniziare con lo starter kit, che include accessori di base per un rapido avvio del tuo allevamento e le istruzioni.  <\/em><\/strong><\/span><\/p>\n<p>&nbsp;<\/p>\n<p><span style=\"font-size: 15px;\"><strong><em><span style=\"color: #008000;\"><img loading=\"lazy\" decoding=\"async\" class=\"xz74otr\" src=\"https:\/\/static.xx.fbcdn.net\/images\/emoji.php\/v9\/t1e\/1\/16\/1f33f.png\" alt=\"\ud83c\udf3f\" width=\"16\" height=\"16\">  Tutto ci\u00f2 di cui un animale del genere ha bisogno \u00e8 frutta e verdura fresche e mature, un contenitore per l&#8217;allevamento e un substrato (non lasciare che il substrato si asciughi, spruzzare il terrario ogni 2-3 giorni). Nella dieta quotidiana di una lumaca non pu\u00f2 mancare l&#8217;elemento costitutivo di base di un guscio bello e sano, una fonte naturale di calcio perfettamente digeribile \u00e8 la polvere di guscio d&#8217;uovo e seppia. Puoi conoscere la dieta delle lumache esotiche sul nostro sito web.  <\/span><\/em><\/strong><\/span><\/p>\n<p>&nbsp;<\/p>\n","protected":false},"excerpt":{"rendered":"<ul>\n<li>Da una coppia non imparentata:\n<ul>\n<li>P17<\/li>\n<\/ul>\n<\/li>\n<li>Dimensione del guscio target:\n<ul>\n<li>circa 12-15 cm <\/li>\n<\/ul>\n<\/li>\n<li>Offerto giovanile:\n<ul>\n<li>circa 4 cm <\/li>\n<\/ul>\n<\/li>\n<li>Il prezzo si applica a:\n<ul>\n<li>1 pz<\/li>\n<\/ul>\n<\/li>\n<\/ul>\n","protected":false},"featured_media":7179,"template":"","meta":{"_acf_changed":false,"_links_to":"","_links_to_target":""},"product_cat":[183],"product_tag":[],"class_list":{"0":"post-7176","1":"product","2":"type-product","3":"status-publish","4":"has-post-thumbnail","6":"product_cat-lumache","8":"first","9":"outofstock","10":"shipping-taxable","11":"purchasable","12":"product-type-simple"},"acf":[],"yoast_head":"<!-- This site is optimized with the Yoast SEO plugin v24.9 - https:\/\/yoast.com\/wordpress\/plugins\/seo\/ -->\n<title>Lissachatina fulica rodatzi standard | MegaPets<\/title>\n<meta name=\"robots\" content=\"index, follow, max-snippet:-1, max-image-preview:large, max-video-preview:-1\" \/>\n<link rel=\"canonical\" href=\"https:\/\/megapets.eu\/it\/lumache\/lissachatina-fulica-rodatzi-standard\/\" \/>\n<meta property=\"og:locale\" content=\"it_IT\" \/>\n<meta property=\"og:type\" content=\"article\" \/>\n<meta property=\"og:title\" content=\"Lissachatina fulica rodatzi standard | MegaPets\" \/>\n<meta property=\"og:description\" content=\"Da una coppia non imparentata:  P17   Dimensione del guscio target:  circa 12-15 cm   Offerto giovanile:  circa 4 cm   Il prezzo si applica a:  1 pz\" \/>\n<meta property=\"og:url\" content=\"https:\/\/megapets.eu\/it\/lumache\/lissachatina-fulica-rodatzi-standard\/\" \/>\n<meta property=\"og:site_name\" content=\"MegaPets\" \/>\n<meta property=\"article:publisher\" content=\"https:\/\/www.facebook.com\/MegaPets.eu\/\" \/>\n<meta property=\"article:modified_time\" content=\"2025-08-07T12:41:44+00:00\" \/>\n<meta property=\"og:image\" content=\"https:\/\/megapets.eu\/wp-content\/uploads\/2024\/10\/Lissachatina-fulica-rodatzi-standard-Logo-1.png\" \/>\n\t<meta property=\"og:image:width\" content=\"1051\" \/>\n\t<meta property=\"og:image:height\" content=\"694\" \/>\n\t<meta property=\"og:image:type\" content=\"image\/png\" \/>\n<meta name=\"twitter:card\" content=\"summary_large_image\" \/>\n<meta name=\"twitter:label1\" content=\"Tempo di lettura stimato\" \/>\n\t<meta name=\"twitter:data1\" content=\"1 minuto\" \/>\n<script type=\"application\/ld+json\" class=\"yoast-schema-graph\">{\"@context\":\"https:\/\/schema.org\",\"@graph\":[{\"@type\":\"WebPage\",\"@id\":\"https:\/\/megapets.eu\/it\/lumache\/lissachatina-fulica-rodatzi-standard\/\",\"url\":\"https:\/\/megapets.eu\/it\/lumache\/lissachatina-fulica-rodatzi-standard\/\",\"name\":\"Lissachatina fulica rodatzi standard | MegaPets\",\"isPartOf\":{\"@id\":\"https:\/\/megapets.eu\/it\/#website\"},\"primaryImageOfPage\":{\"@id\":\"https:\/\/megapets.eu\/it\/lumache\/lissachatina-fulica-rodatzi-standard\/#primaryimage\"},\"image\":{\"@id\":\"https:\/\/megapets.eu\/it\/lumache\/lissachatina-fulica-rodatzi-standard\/#primaryimage\"},\"thumbnailUrl\":\"https:\/\/megapets.eu\/wp-content\/uploads\/2024\/10\/Lissachatina-fulica-rodatzi-standard-Logo-1.png\",\"datePublished\":\"2024-10-06T11:19:36+00:00\",\"dateModified\":\"2025-08-07T12:41:44+00:00\",\"breadcrumb\":{\"@id\":\"https:\/\/megapets.eu\/it\/lumache\/lissachatina-fulica-rodatzi-standard\/#breadcrumb\"},\"inLanguage\":\"it-IT\",\"potentialAction\":[{\"@type\":\"ReadAction\",\"target\":[\"https:\/\/megapets.eu\/it\/lumache\/lissachatina-fulica-rodatzi-standard\/\"]}]},{\"@type\":\"ImageObject\",\"inLanguage\":\"it-IT\",\"@id\":\"https:\/\/megapets.eu\/it\/lumache\/lissachatina-fulica-rodatzi-standard\/#primaryimage\",\"url\":\"https:\/\/megapets.eu\/wp-content\/uploads\/2024\/10\/Lissachatina-fulica-rodatzi-standard-Logo-1.png\",\"contentUrl\":\"https:\/\/megapets.eu\/wp-content\/uploads\/2024\/10\/Lissachatina-fulica-rodatzi-standard-Logo-1.png\",\"width\":1051,\"height\":694},{\"@type\":\"BreadcrumbList\",\"@id\":\"https:\/\/megapets.eu\/it\/lumache\/lissachatina-fulica-rodatzi-standard\/#breadcrumb\",\"itemListElement\":[{\"@type\":\"ListItem\",\"position\":1,\"name\":\"Strona g\u0142\u00f3wna\",\"item\":\"https:\/\/megapets.eu\/it\/\"},{\"@type\":\"ListItem\",\"position\":2,\"name\":\"Negozio\",\"item\":\"https:\/\/megapets.eu\/it\/negozio\/\"},{\"@type\":\"ListItem\",\"position\":3,\"name\":\"Lissachatina fulica rodatzi standard\"}]},{\"@type\":\"WebSite\",\"@id\":\"https:\/\/megapets.eu\/it\/#website\",\"url\":\"https:\/\/megapets.eu\/it\/\",\"name\":\"Mega Pets\",\"description\":\"Jedna z najwi\u0119kszych hodowli \u015blimak\u00f3w w Europie\",\"publisher\":{\"@id\":\"https:\/\/megapets.eu\/it\/#organization\"},\"alternateName\":\"Mega Pets\",\"potentialAction\":[{\"@type\":\"SearchAction\",\"target\":{\"@type\":\"EntryPoint\",\"urlTemplate\":\"https:\/\/megapets.eu\/it\/?s={search_term_string}\"},\"query-input\":{\"@type\":\"PropertyValueSpecification\",\"valueRequired\":true,\"valueName\":\"search_term_string\"}}],\"inLanguage\":\"it-IT\"},{\"@type\":\"Organization\",\"@id\":\"https:\/\/megapets.eu\/it\/#organization\",\"name\":\"Mega Pets\",\"url\":\"https:\/\/megapets.eu\/it\/\",\"logo\":{\"@type\":\"ImageObject\",\"inLanguage\":\"it-IT\",\"@id\":\"https:\/\/megapets.eu\/it\/#\/schema\/logo\/image\/\",\"url\":\"https:\/\/megapets.eu\/wp-content\/uploads\/2025\/04\/megapets_eu-logo.png\",\"contentUrl\":\"https:\/\/megapets.eu\/wp-content\/uploads\/2025\/04\/megapets_eu-logo.png\",\"width\":2362,\"height\":2362,\"caption\":\"Mega Pets\"},\"image\":{\"@id\":\"https:\/\/megapets.eu\/it\/#\/schema\/logo\/image\/\"},\"sameAs\":[\"https:\/\/www.facebook.com\/MegaPets.eu\/\"]}]}<\/script>\n<!-- \/ Yoast SEO plugin. -->","yoast_head_json":{"title":"Lissachatina fulica rodatzi standard | MegaPets","robots":{"index":"index","follow":"follow","max-snippet":"max-snippet:-1","max-image-preview":"max-image-preview:large","max-video-preview":"max-video-preview:-1"},"canonical":"https:\/\/megapets.eu\/it\/lumache\/lissachatina-fulica-rodatzi-standard\/","og_locale":"it_IT","og_type":"article","og_title":"Lissachatina fulica rodatzi standard | MegaPets","og_description":"Da una coppia non imparentata:  P17   Dimensione del guscio target:  circa 12-15 cm   Offerto giovanile:  circa 4 cm   Il prezzo si applica a:  1 pz","og_url":"https:\/\/megapets.eu\/it\/lumache\/lissachatina-fulica-rodatzi-standard\/","og_site_name":"MegaPets","article_publisher":"https:\/\/www.facebook.com\/MegaPets.eu\/","article_modified_time":"2025-08-07T12:41:44+00:00","og_image":[{"width":1051,"height":694,"url":"https:\/\/megapets.eu\/wp-content\/uploads\/2024\/10\/Lissachatina-fulica-rodatzi-standard-Logo-1.png","type":"image\/png"}],"twitter_card":"summary_large_image","twitter_misc":{"Tempo di lettura stimato":"1 minuto"},"schema":{"@context":"https:\/\/schema.org","@graph":[{"@type":"WebPage","@id":"https:\/\/megapets.eu\/it\/lumache\/lissachatina-fulica-rodatzi-standard\/","url":"https:\/\/megapets.eu\/it\/lumache\/lissachatina-fulica-rodatzi-standard\/","name":"Lissachatina fulica rodatzi standard | MegaPets","isPartOf":{"@id":"https:\/\/megapets.eu\/it\/#website"},"primaryImageOfPage":{"@id":"https:\/\/megapets.eu\/it\/lumache\/lissachatina-fulica-rodatzi-standard\/#primaryimage"},"image":{"@id":"https:\/\/megapets.eu\/it\/lumache\/lissachatina-fulica-rodatzi-standard\/#primaryimage"},"thumbnailUrl":"https:\/\/megapets.eu\/wp-content\/uploads\/2024\/10\/Lissachatina-fulica-rodatzi-standard-Logo-1.png","datePublished":"2024-10-06T11:19:36+00:00","dateModified":"2025-08-07T12:41:44+00:00","breadcrumb":{"@id":"https:\/\/megapets.eu\/it\/lumache\/lissachatina-fulica-rodatzi-standard\/#breadcrumb"},"inLanguage":"it-IT","potentialAction":[{"@type":"ReadAction","target":["https:\/\/megapets.eu\/it\/lumache\/lissachatina-fulica-rodatzi-standard\/"]}]},{"@type":"ImageObject","inLanguage":"it-IT","@id":"https:\/\/megapets.eu\/it\/lumache\/lissachatina-fulica-rodatzi-standard\/#primaryimage","url":"https:\/\/megapets.eu\/wp-content\/uploads\/2024\/10\/Lissachatina-fulica-rodatzi-standard-Logo-1.png","contentUrl":"https:\/\/megapets.eu\/wp-content\/uploads\/2024\/10\/Lissachatina-fulica-rodatzi-standard-Logo-1.png","width":1051,"height":694},{"@type":"BreadcrumbList","@id":"https:\/\/megapets.eu\/it\/lumache\/lissachatina-fulica-rodatzi-standard\/#breadcrumb","itemListElement":[{"@type":"ListItem","position":1,"name":"Strona g\u0142\u00f3wna","item":"https:\/\/megapets.eu\/it\/"},{"@type":"ListItem","position":2,"name":"Negozio","item":"https:\/\/megapets.eu\/it\/negozio\/"},{"@type":"ListItem","position":3,"name":"Lissachatina fulica rodatzi standard"}]},{"@type":"WebSite","@id":"https:\/\/megapets.eu\/it\/#website","url":"https:\/\/megapets.eu\/it\/","name":"Mega Pets","description":"Jedna z najwi\u0119kszych hodowli \u015blimak\u00f3w w Europie","publisher":{"@id":"https:\/\/megapets.eu\/it\/#organization"},"alternateName":"Mega Pets","potentialAction":[{"@type":"SearchAction","target":{"@type":"EntryPoint","urlTemplate":"https:\/\/megapets.eu\/it\/?s={search_term_string}"},"query-input":{"@type":"PropertyValueSpecification","valueRequired":true,"valueName":"search_term_string"}}],"inLanguage":"it-IT"},{"@type":"Organization","@id":"https:\/\/megapets.eu\/it\/#organization","name":"Mega Pets","url":"https:\/\/megapets.eu\/it\/","logo":{"@type":"ImageObject","inLanguage":"it-IT","@id":"https:\/\/megapets.eu\/it\/#\/schema\/logo\/image\/","url":"https:\/\/megapets.eu\/wp-content\/uploads\/2025\/04\/megapets_eu-logo.png","contentUrl":"https:\/\/megapets.eu\/wp-content\/uploads\/2025\/04\/megapets_eu-logo.png","width":2362,"height":2362,"caption":"Mega Pets"},"image":{"@id":"https:\/\/megapets.eu\/it\/#\/schema\/logo\/image\/"},"sameAs":["https:\/\/www.facebook.com\/MegaPets.eu\/"]}]}},"_links":{"self":[{"href":"https:\/\/megapets.eu\/it\/wp-json\/wp\/v2\/product\/7176","targetHints":{"allow":["GET"]}}],"collection":[{"href":"https:\/\/megapets.eu\/it\/wp-json\/wp\/v2\/product"}],"about":[{"href":"https:\/\/megapets.eu\/it\/wp-json\/wp\/v2\/types\/product"}],"wp:featuredmedia":[{"embeddable":true,"href":"https:\/\/megapets.eu\/it\/wp-json\/wp\/v2\/media\/7179"}],"wp:attachment":[{"href":"https:\/\/megapets.eu\/it\/wp-json\/wp\/v2\/media?parent=7176"}],"wp:term":[{"taxonomy":"product_cat","embeddable":true,"href":"https:\/\/megapets.eu\/it\/wp-json\/wp\/v2\/product_cat?post=7176"},{"taxonomy":"product_tag","embeddable":true,"href":"https:\/\/megapets.eu\/it\/wp-json\/wp\/v2\/product_tag?post=7176"}],"curies":[{"name":"wp","href":"https:\/\/api.w.org\/{rel}","templated":true}]}}