{"id":7180,"date":"2024-10-04T20:06:20","date_gmt":"2024-10-04T20:06:20","guid":{"rendered":"https:\/\/megapets.eu\/senza-categoria\/substrato-di-cocco-15-ltorba-di-cocco-per-lumache\/"},"modified":"2024-10-04T20:06:20","modified_gmt":"2024-10-04T20:06:20","slug":"substrato-di-cocco-15-ltorba-di-cocco-per-lumache","status":"publish","type":"product","link":"https:\/\/megapets.eu\/it\/accessori\/substrato-di-cocco-15-ltorba-di-cocco-per-lumache\/","title":{"rendered":"Substrato di cocco 1,5 L<br \/>Torba di cocco per lumache"},"content":{"rendered":"<p><strong><span style=\"color: #e87020; font-size: 15px;\"><em>Substrato di cocco 1,5 L \/ Torba di cocco per lumache<\/em><\/span><\/strong><\/p>\n<p><strong><span style=\"color: #e87020; font-size: 15px;\"><em>Una confezione contiene 1,5 L.<\/em><\/span><\/strong><\/p>\n<p><strong><span style=\"color: #e87020; font-size: 15px;\"><em>Composizione: 100% torba di cocco naturale.<\/em><\/span><\/strong><\/p>\n<p><strong><span style=\"color: #e87020; font-size: 15px;\"><em>Il prezzo si intende per 1 confezione.<\/em><\/span><\/strong><\/p>\n<p><em><span style=\"color: #424242;\"><strong><span style=\"font-size: 15px;\">Il substrato di cocco \u00e8 un substrato naturale composto da fibra di cocco sminuzzata. \u00c8 il substrato pi\u00f9 consigliato per l&#8217;allevamento di lumache esotiche. Si usa anche nei terrari con ragni, scarafaggi esotici, anfibi, rettili, ecc. <\/span><\/strong><\/span><\/em><\/p>\n<p><em><span style=\"color: #424242;\"><strong><span style=\"font-size: 15px;\">Come utilizzare il substrato di cocco per l&#8217;allevamento delle lumache: <\/span><\/strong><\/span><\/em><\/p>\n<p><em><span style=\"color: #424242;\"><strong><span style=\"font-size: 15px;\">1) Stendi il substrato nel terrario con uno spessore di circa 2 cm e spruzzalo con acqua di sorgente. <\/span><\/strong><\/span><\/em><\/p>\n<p><em><span style=\"color: #424242;\"><strong><span style=\"font-size: 15px;\">2) Usa un tovagliolo di carta al 100% di cellulosa (inodore, non colorato) nella vasca come strato di base, poi ricopri parzialmente il tovagliolo nella vasca con una piccola quantit\u00e0 di substrato di cocco. Spruzza leggermente il tutto con acqua di sorgente. Uno dei vantaggi del substrato di cocco in combinazione con il telo di carta \u00e8 che puoi controllare pi\u00f9 facilmente l&#8217;umidit\u00e0 corretta e mantenere l&#8217;animale pulito. Le lumache tollerano questo tipo di lettiera e mostrano risultati migliori in termini di crescita, salute e bellezza del guscio. La lettiera deve essere sostituita con una nuova ogni 3-4 giorni.<\/span><\/strong><\/span><\/em><\/p>\n","protected":false},"excerpt":{"rendered":"<ul class=\"product_attributes\">\n<li><span style=\"color: #555555;\">Ingredienti:<\/span> 100% torba di cocco naturale<\/li>\n<li><span style=\"color: #555555;\">La confezione contiene:<\/span> 1,5 L<\/li>\n<li><span style=\"color: #555555;\">Il prezzo si applica a:<\/span> 1 confezione.<\/li>\n<\/ul>\n","protected":false},"featured_media":7158,"template":"","meta":{"_acf_changed":false,"_links_to":"","_links_to_target":""},"product_cat":[177],"product_tag":[180,181,178],"class_list":{"0":"post-7180","1":"product","2":"type-product","3":"status-publish","4":"has-post-thumbnail","6":"product_cat-accessori","7":"product_tag-per-gli-isopodi","8":"product_tag-per-gli-scarafaggi","9":"product_tag-per-le-lumache","11":"first","12":"instock","13":"shipping-taxable","14":"purchasable","15":"product-type-simple"},"acf":[],"yoast_head":"<!-- This site is optimized with the Yoast SEO plugin v24.9 - https:\/\/yoast.com\/wordpress\/plugins\/seo\/ -->\n<title>Substrato di cocco 1,5 LTorba di cocco per lumache | MegaPets<\/title>\n<meta name=\"robots\" content=\"index, follow, max-snippet:-1, max-image-preview:large, max-video-preview:-1\" \/>\n<link rel=\"canonical\" href=\"https:\/\/megapets.eu\/it\/accessori\/substrato-di-cocco-15-ltorba-di-cocco-per-lumache\/\" \/>\n<meta property=\"og:locale\" content=\"it_IT\" \/>\n<meta property=\"og:type\" content=\"article\" \/>\n<meta property=\"og:title\" content=\"Substrato di cocco 1,5 LTorba di cocco per lumache | MegaPets\" \/>\n<meta property=\"og:description\" content=\"Ingredienti: 100% torba di cocco naturale  La confezione contiene: 1,5 L  Il prezzo si applica a: 1 confezione.\" \/>\n<meta property=\"og:url\" content=\"https:\/\/megapets.eu\/it\/accessori\/substrato-di-cocco-15-ltorba-di-cocco-per-lumache\/\" \/>\n<meta property=\"og:site_name\" content=\"MegaPets\" \/>\n<meta property=\"article:publisher\" content=\"https:\/\/www.facebook.com\/MegaPets.eu\/\" \/>\n<meta property=\"og:image\" content=\"https:\/\/megapets.eu\/wp-content\/uploads\/2024\/10\/IMG_20220521_131428.jpg\" \/>\n\t<meta property=\"og:image:width\" content=\"982\" \/>\n\t<meta property=\"og:image:height\" content=\"818\" \/>\n\t<meta property=\"og:image:type\" content=\"image\/jpeg\" \/>\n<meta name=\"twitter:card\" content=\"summary_large_image\" \/>\n<meta name=\"twitter:label1\" content=\"Tempo di lettura stimato\" \/>\n\t<meta name=\"twitter:data1\" content=\"1 minuto\" \/>\n<script type=\"application\/ld+json\" class=\"yoast-schema-graph\">{\"@context\":\"https:\/\/schema.org\",\"@graph\":[{\"@type\":\"WebPage\",\"@id\":\"https:\/\/megapets.eu\/it\/accessori\/substrato-di-cocco-15-ltorba-di-cocco-per-lumache\/\",\"url\":\"https:\/\/megapets.eu\/it\/accessori\/substrato-di-cocco-15-ltorba-di-cocco-per-lumache\/\",\"name\":\"Substrato di cocco 1,5 L Torba di cocco per lumache | MegaPets\",\"isPartOf\":{\"@id\":\"https:\/\/megapets.eu\/it\/#website\"},\"primaryImageOfPage\":{\"@id\":\"https:\/\/megapets.eu\/it\/accessori\/substrato-di-cocco-15-ltorba-di-cocco-per-lumache\/#primaryimage\"},\"image\":{\"@id\":\"https:\/\/megapets.eu\/it\/accessori\/substrato-di-cocco-15-ltorba-di-cocco-per-lumache\/#primaryimage\"},\"thumbnailUrl\":\"https:\/\/megapets.eu\/wp-content\/uploads\/2024\/10\/IMG_20220521_131428.jpg\",\"datePublished\":\"2024-10-04T20:06:20+00:00\",\"breadcrumb\":{\"@id\":\"https:\/\/megapets.eu\/it\/accessori\/substrato-di-cocco-15-ltorba-di-cocco-per-lumache\/#breadcrumb\"},\"inLanguage\":\"it-IT\",\"potentialAction\":[{\"@type\":\"ReadAction\",\"target\":[\"https:\/\/megapets.eu\/it\/accessori\/substrato-di-cocco-15-ltorba-di-cocco-per-lumache\/\"]}]},{\"@type\":\"ImageObject\",\"inLanguage\":\"it-IT\",\"@id\":\"https:\/\/megapets.eu\/it\/accessori\/substrato-di-cocco-15-ltorba-di-cocco-per-lumache\/#primaryimage\",\"url\":\"https:\/\/megapets.eu\/wp-content\/uploads\/2024\/10\/IMG_20220521_131428.jpg\",\"contentUrl\":\"https:\/\/megapets.eu\/wp-content\/uploads\/2024\/10\/IMG_20220521_131428.jpg\",\"width\":982,\"height\":818},{\"@type\":\"BreadcrumbList\",\"@id\":\"https:\/\/megapets.eu\/it\/accessori\/substrato-di-cocco-15-ltorba-di-cocco-per-lumache\/#breadcrumb\",\"itemListElement\":[{\"@type\":\"ListItem\",\"position\":1,\"name\":\"Strona g\u0142\u00f3wna\",\"item\":\"https:\/\/megapets.eu\/it\/\"},{\"@type\":\"ListItem\",\"position\":2,\"name\":\"Negozio\",\"item\":\"https:\/\/megapets.eu\/it\/negozio\/\"},{\"@type\":\"ListItem\",\"position\":3,\"name\":\"Substrato di cocco 1,5 LTorba di cocco per lumache\"}]},{\"@type\":\"WebSite\",\"@id\":\"https:\/\/megapets.eu\/it\/#website\",\"url\":\"https:\/\/megapets.eu\/it\/\",\"name\":\"Mega Pets\",\"description\":\"Jedna z najwi\u0119kszych hodowli \u015blimak\u00f3w w Europie\",\"publisher\":{\"@id\":\"https:\/\/megapets.eu\/it\/#organization\"},\"alternateName\":\"Mega Pets\",\"potentialAction\":[{\"@type\":\"SearchAction\",\"target\":{\"@type\":\"EntryPoint\",\"urlTemplate\":\"https:\/\/megapets.eu\/it\/?s={search_term_string}\"},\"query-input\":{\"@type\":\"PropertyValueSpecification\",\"valueRequired\":true,\"valueName\":\"search_term_string\"}}],\"inLanguage\":\"it-IT\"},{\"@type\":\"Organization\",\"@id\":\"https:\/\/megapets.eu\/it\/#organization\",\"name\":\"Mega Pets\",\"url\":\"https:\/\/megapets.eu\/it\/\",\"logo\":{\"@type\":\"ImageObject\",\"inLanguage\":\"it-IT\",\"@id\":\"https:\/\/megapets.eu\/it\/#\/schema\/logo\/image\/\",\"url\":\"https:\/\/megapets.eu\/wp-content\/uploads\/2025\/04\/megapets_eu-logo.png\",\"contentUrl\":\"https:\/\/megapets.eu\/wp-content\/uploads\/2025\/04\/megapets_eu-logo.png\",\"width\":2362,\"height\":2362,\"caption\":\"Mega Pets\"},\"image\":{\"@id\":\"https:\/\/megapets.eu\/it\/#\/schema\/logo\/image\/\"},\"sameAs\":[\"https:\/\/www.facebook.com\/MegaPets.eu\/\"]}]}<\/script>\n<!-- \/ Yoast SEO plugin. -->","yoast_head_json":{"title":"Substrato di cocco 1,5 LTorba di cocco per lumache | MegaPets","robots":{"index":"index","follow":"follow","max-snippet":"max-snippet:-1","max-image-preview":"max-image-preview:large","max-video-preview":"max-video-preview:-1"},"canonical":"https:\/\/megapets.eu\/it\/accessori\/substrato-di-cocco-15-ltorba-di-cocco-per-lumache\/","og_locale":"it_IT","og_type":"article","og_title":"Substrato di cocco 1,5 LTorba di cocco per lumache | MegaPets","og_description":"Ingredienti: 100% torba di cocco naturale  La confezione contiene: 1,5 L  Il prezzo si applica a: 1 confezione.","og_url":"https:\/\/megapets.eu\/it\/accessori\/substrato-di-cocco-15-ltorba-di-cocco-per-lumache\/","og_site_name":"MegaPets","article_publisher":"https:\/\/www.facebook.com\/MegaPets.eu\/","og_image":[{"width":982,"height":818,"url":"https:\/\/megapets.eu\/wp-content\/uploads\/2024\/10\/IMG_20220521_131428.jpg","type":"image\/jpeg"}],"twitter_card":"summary_large_image","twitter_misc":{"Tempo di lettura stimato":"1 minuto"},"schema":{"@context":"https:\/\/schema.org","@graph":[{"@type":"WebPage","@id":"https:\/\/megapets.eu\/it\/accessori\/substrato-di-cocco-15-ltorba-di-cocco-per-lumache\/","url":"https:\/\/megapets.eu\/it\/accessori\/substrato-di-cocco-15-ltorba-di-cocco-per-lumache\/","name":"Substrato di cocco 1,5 L Torba di cocco per lumache | MegaPets","isPartOf":{"@id":"https:\/\/megapets.eu\/it\/#website"},"primaryImageOfPage":{"@id":"https:\/\/megapets.eu\/it\/accessori\/substrato-di-cocco-15-ltorba-di-cocco-per-lumache\/#primaryimage"},"image":{"@id":"https:\/\/megapets.eu\/it\/accessori\/substrato-di-cocco-15-ltorba-di-cocco-per-lumache\/#primaryimage"},"thumbnailUrl":"https:\/\/megapets.eu\/wp-content\/uploads\/2024\/10\/IMG_20220521_131428.jpg","datePublished":"2024-10-04T20:06:20+00:00","breadcrumb":{"@id":"https:\/\/megapets.eu\/it\/accessori\/substrato-di-cocco-15-ltorba-di-cocco-per-lumache\/#breadcrumb"},"inLanguage":"it-IT","potentialAction":[{"@type":"ReadAction","target":["https:\/\/megapets.eu\/it\/accessori\/substrato-di-cocco-15-ltorba-di-cocco-per-lumache\/"]}]},{"@type":"ImageObject","inLanguage":"it-IT","@id":"https:\/\/megapets.eu\/it\/accessori\/substrato-di-cocco-15-ltorba-di-cocco-per-lumache\/#primaryimage","url":"https:\/\/megapets.eu\/wp-content\/uploads\/2024\/10\/IMG_20220521_131428.jpg","contentUrl":"https:\/\/megapets.eu\/wp-content\/uploads\/2024\/10\/IMG_20220521_131428.jpg","width":982,"height":818},{"@type":"BreadcrumbList","@id":"https:\/\/megapets.eu\/it\/accessori\/substrato-di-cocco-15-ltorba-di-cocco-per-lumache\/#breadcrumb","itemListElement":[{"@type":"ListItem","position":1,"name":"Strona g\u0142\u00f3wna","item":"https:\/\/megapets.eu\/it\/"},{"@type":"ListItem","position":2,"name":"Negozio","item":"https:\/\/megapets.eu\/it\/negozio\/"},{"@type":"ListItem","position":3,"name":"Substrato di cocco 1,5 LTorba di cocco per lumache"}]},{"@type":"WebSite","@id":"https:\/\/megapets.eu\/it\/#website","url":"https:\/\/megapets.eu\/it\/","name":"Mega Pets","description":"Jedna z najwi\u0119kszych hodowli \u015blimak\u00f3w w Europie","publisher":{"@id":"https:\/\/megapets.eu\/it\/#organization"},"alternateName":"Mega Pets","potentialAction":[{"@type":"SearchAction","target":{"@type":"EntryPoint","urlTemplate":"https:\/\/megapets.eu\/it\/?s={search_term_string}"},"query-input":{"@type":"PropertyValueSpecification","valueRequired":true,"valueName":"search_term_string"}}],"inLanguage":"it-IT"},{"@type":"Organization","@id":"https:\/\/megapets.eu\/it\/#organization","name":"Mega Pets","url":"https:\/\/megapets.eu\/it\/","logo":{"@type":"ImageObject","inLanguage":"it-IT","@id":"https:\/\/megapets.eu\/it\/#\/schema\/logo\/image\/","url":"https:\/\/megapets.eu\/wp-content\/uploads\/2025\/04\/megapets_eu-logo.png","contentUrl":"https:\/\/megapets.eu\/wp-content\/uploads\/2025\/04\/megapets_eu-logo.png","width":2362,"height":2362,"caption":"Mega Pets"},"image":{"@id":"https:\/\/megapets.eu\/it\/#\/schema\/logo\/image\/"},"sameAs":["https:\/\/www.facebook.com\/MegaPets.eu\/"]}]}},"_links":{"self":[{"href":"https:\/\/megapets.eu\/it\/wp-json\/wp\/v2\/product\/7180","targetHints":{"allow":["GET"]}}],"collection":[{"href":"https:\/\/megapets.eu\/it\/wp-json\/wp\/v2\/product"}],"about":[{"href":"https:\/\/megapets.eu\/it\/wp-json\/wp\/v2\/types\/product"}],"wp:featuredmedia":[{"embeddable":true,"href":"https:\/\/megapets.eu\/it\/wp-json\/wp\/v2\/media\/7158"}],"wp:attachment":[{"href":"https:\/\/megapets.eu\/it\/wp-json\/wp\/v2\/media?parent=7180"}],"wp:term":[{"taxonomy":"product_cat","embeddable":true,"href":"https:\/\/megapets.eu\/it\/wp-json\/wp\/v2\/product_cat?post=7180"},{"taxonomy":"product_tag","embeddable":true,"href":"https:\/\/megapets.eu\/it\/wp-json\/wp\/v2\/product_tag?post=7180"}],"curies":[{"name":"wp","href":"https:\/\/api.w.org\/{rel}","templated":true}]}}