{"id":7292,"date":"2024-10-05T21:57:48","date_gmt":"2024-10-05T21:57:48","guid":{"rendered":"https:\/\/megapets.eu\/senza-categoria\/cubaris-sp-pak-chongsquadra-di-pulizia\/"},"modified":"2024-10-05T21:57:48","modified_gmt":"2024-10-05T21:57:48","slug":"cubaris-sp-pak-chongsquadra-di-pulizia","status":"publish","type":"product","link":"https:\/\/megapets.eu\/it\/isopodia\/cubaris-sp-pak-chongsquadra-di-pulizia\/","title":{"rendered":"Cubaris sp. &#8220;Pak Chong\"<br \/>&#8220;Squadra di pulizia\"."},"content":{"rendered":"<p class=\"v1v1v1v1MsoNormal\"><span style=\"color: #424242;\"><strong><em><span style=\"font-size: 15px;\">Produzioni \/ Kulanki: g<\/span><\/em><\/strong><strong><em><span style=\"font-size: 15px;\">atunek Cubaris sp. &#8220;Pak Chong\".<\/span><\/em><\/strong><\/span><\/p>\n<p><strong style=\"color: #424242;\"><em><span style=\"font-size: 15px;\"><strong><span class=\"x1xsqp64 xiy17q3 x1o6pynw x19co3pv xdj266r xcwd3tp xat24cr x39eecv x2b8uid\" data-testid=\"emoji\"><span class=\"xexx8yu xn5pp95 x18d9i69 x2fxd7x x3jgonx x1bhl96m\">Cubaris sp. &#8220;<span style=\"font-size: 15px; color: #424242;\"><span style=\"color: #424242;\">\ud83e\udde1<span class=\"html-span xexx8yu x4uap5 x18d9i69 xkhd6sd x1hl2dhg x16tdsg8 x1vvkbs x3nfvp2 x1j61x8r x1fcty0u xdj266r xat24cr xgzva0m xhhsvwb xxymvpz xlup9mm x1kky2od\">\ud83d\udda4\ud83e\udd0d<\/span><\/span><\/span>Pak<span style=\"font-size: 15px; color: #424242;\"><span style=\"color: #424242;\">\ud83e\udde1<\/span><\/span><span style=\"font-size: 15px; color: #424242;\"><span style=\"color: #424242;\"><span class=\"html-span xexx8yu x4uap5 x18d9i69 xkhd6sd x1hl2dhg x16tdsg8 x1vvkbs x3nfvp2 x1j61x8r x1fcty0u xdj266r xat24cr xgzva0m xhhsvwb xxymvpz xlup9mm x1kky2od\">\ud83d\udda4\ud83e\udd0d<\/span><\/span><\/span>Chong<span style=\"font-size: 15px; color: #424242;\"><span style=\"color: #424242;\">\ud83e\udde1<\/span><\/span><span style=\"font-size: 15px; color: #424242;\"><span style=\"color: #424242;\"><span class=\"html-span xexx8yu x4uap5 x18d9i69 xkhd6sd x1hl2dhg x16tdsg8 x1vvkbs x3nfvp2 x1j61x8r x1fcty0u xdj266r xat24cr xgzva0m xhhsvwb xxymvpz xlup9mm x1kky2od\">\ud83d\udda4\ud83e\udd0d<\/span><\/span><\/span>&#8220;<\/span><\/span><\/strong><\/span><\/em><\/strong><\/p>\n<p><strong style=\"color: #424242;\"><em><span style=\"font-size: 15px;\"><strong><span class=\"x1xsqp64 xiy17q3 x1o6pynw x19co3pv xdj266r xcwd3tp xat24cr x39eecv x2b8uid\" data-testid=\"emoji\"><span class=\"xexx8yu xn5pp95 x18d9i69 x2fxd7x x3jgonx x1bhl96m\">Facile da mantenere, quindi ottimo per i principianti.<\/span><\/span><\/strong><\/span><\/em><\/strong><\/p>\n<p><strong style=\"color: #424242;\"><strong><em><span style=\"font-size: 15px; color: #424242;\"><strong><span style=\"font-size: 15px;\"><span class=\"x1xsqp64 xiy17q3 x1o6pynw x19co3pv xdj266r xcwd3tp xat24cr x39eecv x2b8uid\" data-testid=\"emoji\"><span class=\"xexx8yu xn5pp95 x18d9i69 x2fxd7x x3jgonx x1bhl96m\"><span style=\"color: #424242;\">\ud83e\udde1<span class=\"html-span xexx8yu x4uap5 x18d9i69 xkhd6sd x1hl2dhg x16tdsg8 x1vvkbs x3nfvp2 x1j61x8r x1fcty0u xdj266r xat24cr xgzva0m xhhsvwb xxymvpz xlup9mm x1kky2od\">\ud83d\udda4\ud83e\udd0d<\/span><\/span><span style=\"color: #424242;\"> <\/span><\/span><\/span><\/span>Cerchi qualcosa di divertente da allevare per iniziare? <\/strong> I procioni e i puma<strong> <\/strong>sono creature bellissime e facili da allevare, completamente sicure per l&#8217;uomo e non mordono. Hanno mascelle deboli che si adattano a sminuzzare la materia vegetale. Gli isopodi preferiscono i luoghi umidi, vivono nello strato superiore del substrato e si nutrono di foglie, di un substrato multicomponente pensato per i coccodrilli, di verdure e di frutta.<\/span><\/em><\/strong><\/strong><\/p>\n<p class=\"v1v1v1v1MsoNormal\"><span style=\"color: #424242;\"><strong><em><span style=\"font-size: 15px;\"><span class=\"x1xsqp64 xiy17q3 x1o6pynw x19co3pv xdj266r xcwd3tp xat24cr x39eecv x2b8uid\" data-testid=\"emoji\"><span class=\"xexx8yu xn5pp95 x18d9i69 x2fxd7x x3jgonx x1bhl96m\">\ud83c\udf3f <\/span><\/span>Tutto ci\u00f2 di cui un animale di questo tipo ha bisogno per svilupparsi e vivere con successo in un terrario \u00e8:<\/span><\/em><\/strong><\/span><\/p>\n<p class=\"v1v1v1v1MsoNormal\"><span style=\"color: #008000;\"><strong><em><span style=\"font-size: 15px;\">* Substrato \/ cibo: Substrato per coccodrilli e vermi o substrato di cocco;<\/span><\/em><\/strong><\/span><\/p>\n<p class=\"v1v1v1v1MsoNormal\"><span style=\"color: #008000;\"><strong><em><span style=\"font-size: 15px;\">* Cibo: Verdura e frutta fresca;<\/span><\/em><\/strong><\/span><\/p>\n<p class=\"v1v1v1v1MsoNormal\"><span style=\"color: #008000;\"><strong><em><span style=\"font-size: 15px;\">* Cibo: Seppia &#8211; l&#8217;osso di seppia \u00e8 una fonte naturale di calcio per gli animali del terrario; <\/span><\/em><\/strong><\/span><\/p>\n<p class=\"v1v1v1v1MsoNormal\"><span style=\"color: #008000;\"><strong><em><span style=\"font-size: 15px;\">* Cibo: Il gammarus macinato \u00e8 un germe essiccato, ricco di macro e micronutrienti, una fonte naturale di proteine animali e chitina (disponibile su un&#8217;altra asta);<\/span><\/em><\/strong><\/span><\/p>\n<p class=\"v1v1v1v1MsoNormal\"><span style=\"color: #008000;\"><strong><em><span style=\"font-size: 15px;\">* Terrario: Faunabox o un contenitore per l&#8217;allevamento \u00e8 ideale per tenere gli isopodi;<\/span><\/em><\/strong><\/span><\/p>\n<p class=\"v1v1v1v1MsoNormal\"><span style=\"color: #008000;\"><strong><em><span style=\"font-size: 15px;\">* Non lasciare che il substrato diventi completamente secco, spruzza il terrario di tanto in tanto.<\/span><\/em><\/strong><\/span><\/p>\n","protected":false},"excerpt":{"rendered":"<ul class=\"product_attributes\">\n<li><strong>Dimensioni dei campioni:<\/strong> <span style=\"color: #000000;\">circa 1,5 cm<\/span><\/li>\n<li>Esemplari offerti: <span style=\"color: #000000;\">confezionati in modo casuale<\/span><\/li>\n<li>Il prezzo si riferisce a un set: <span style=\"color: #000000;\">6 pezzi<\/span><\/li>\n<\/ul>\n","protected":false},"featured_media":7294,"template":"","meta":{"_acf_changed":false,"_links_to":"","_links_to_target":""},"product_cat":[182],"product_tag":[],"class_list":{"0":"post-7292","1":"product","2":"type-product","3":"status-publish","4":"has-post-thumbnail","6":"product_cat-isopodia","8":"first","9":"outofstock","10":"shipping-taxable","11":"purchasable","12":"product-type-simple"},"acf":[],"yoast_head":"<!-- This site is optimized with the Yoast SEO plugin v24.9 - https:\/\/yoast.com\/wordpress\/plugins\/seo\/ -->\n<title>Cubaris sp. &quot;Pak Chong&quot;&quot;Squadra di pulizia&quot;. | MegaPets<\/title>\n<meta name=\"robots\" content=\"index, follow, max-snippet:-1, max-image-preview:large, max-video-preview:-1\" \/>\n<link rel=\"canonical\" href=\"https:\/\/megapets.eu\/it\/isopodia\/cubaris-sp-pak-chongsquadra-di-pulizia\/\" \/>\n<meta property=\"og:locale\" content=\"it_IT\" \/>\n<meta property=\"og:type\" content=\"article\" \/>\n<meta property=\"og:title\" content=\"Cubaris sp. &quot;Pak Chong&quot;&quot;Squadra di pulizia&quot;. | MegaPets\" \/>\n<meta property=\"og:description\" content=\"Dimensioni dei campioni: circa 1,5 cm  Esemplari offerti: confezionati in modo casuale  Il prezzo si riferisce a un set: 6 pezzi\" \/>\n<meta property=\"og:url\" content=\"https:\/\/megapets.eu\/it\/isopodia\/cubaris-sp-pak-chongsquadra-di-pulizia\/\" \/>\n<meta property=\"og:site_name\" content=\"MegaPets\" \/>\n<meta property=\"article:publisher\" content=\"https:\/\/www.facebook.com\/MegaPets.eu\/\" \/>\n<meta property=\"og:image\" content=\"https:\/\/megapets.eu\/wp-content\/uploads\/2024\/10\/2-Cubaris-sp.-Pak-Chong-e1728165646288.png\" \/>\n\t<meta property=\"og:image:width\" content=\"736\" \/>\n\t<meta property=\"og:image:height\" content=\"501\" \/>\n\t<meta property=\"og:image:type\" content=\"image\/png\" \/>\n<meta name=\"twitter:card\" content=\"summary_large_image\" \/>\n<meta name=\"twitter:label1\" content=\"Tempo di lettura stimato\" \/>\n\t<meta name=\"twitter:data1\" content=\"1 minuto\" \/>\n<script type=\"application\/ld+json\" class=\"yoast-schema-graph\">{\"@context\":\"https:\/\/schema.org\",\"@graph\":[{\"@type\":\"WebPage\",\"@id\":\"https:\/\/megapets.eu\/it\/isopodia\/cubaris-sp-pak-chongsquadra-di-pulizia\/\",\"url\":\"https:\/\/megapets.eu\/it\/isopodia\/cubaris-sp-pak-chongsquadra-di-pulizia\/\",\"name\":\"Cubaris sp. \\\"Pak Chong\\\" \\\"Squadra di pulizia\\\". | MegaPets\",\"isPartOf\":{\"@id\":\"https:\/\/megapets.eu\/it\/#website\"},\"primaryImageOfPage\":{\"@id\":\"https:\/\/megapets.eu\/it\/isopodia\/cubaris-sp-pak-chongsquadra-di-pulizia\/#primaryimage\"},\"image\":{\"@id\":\"https:\/\/megapets.eu\/it\/isopodia\/cubaris-sp-pak-chongsquadra-di-pulizia\/#primaryimage\"},\"thumbnailUrl\":\"https:\/\/megapets.eu\/wp-content\/uploads\/2024\/10\/2-Cubaris-sp.-Pak-Chong-e1728165646288.png\",\"datePublished\":\"2024-10-05T21:57:48+00:00\",\"breadcrumb\":{\"@id\":\"https:\/\/megapets.eu\/it\/isopodia\/cubaris-sp-pak-chongsquadra-di-pulizia\/#breadcrumb\"},\"inLanguage\":\"it-IT\",\"potentialAction\":[{\"@type\":\"ReadAction\",\"target\":[\"https:\/\/megapets.eu\/it\/isopodia\/cubaris-sp-pak-chongsquadra-di-pulizia\/\"]}]},{\"@type\":\"ImageObject\",\"inLanguage\":\"it-IT\",\"@id\":\"https:\/\/megapets.eu\/it\/isopodia\/cubaris-sp-pak-chongsquadra-di-pulizia\/#primaryimage\",\"url\":\"https:\/\/megapets.eu\/wp-content\/uploads\/2024\/10\/2-Cubaris-sp.-Pak-Chong-e1728165646288.png\",\"contentUrl\":\"https:\/\/megapets.eu\/wp-content\/uploads\/2024\/10\/2-Cubaris-sp.-Pak-Chong-e1728165646288.png\",\"width\":736,\"height\":501},{\"@type\":\"BreadcrumbList\",\"@id\":\"https:\/\/megapets.eu\/it\/isopodia\/cubaris-sp-pak-chongsquadra-di-pulizia\/#breadcrumb\",\"itemListElement\":[{\"@type\":\"ListItem\",\"position\":1,\"name\":\"Strona g\u0142\u00f3wna\",\"item\":\"https:\/\/megapets.eu\/it\/\"},{\"@type\":\"ListItem\",\"position\":2,\"name\":\"Negozio\",\"item\":\"https:\/\/megapets.eu\/it\/negozio\/\"},{\"@type\":\"ListItem\",\"position\":3,\"name\":\"Cubaris sp. &#8222;Pak Chong\\\"&#8222;Squadra di pulizia\\\".\"}]},{\"@type\":\"WebSite\",\"@id\":\"https:\/\/megapets.eu\/it\/#website\",\"url\":\"https:\/\/megapets.eu\/it\/\",\"name\":\"Mega Pets\",\"description\":\"Jedna z najwi\u0119kszych hodowli \u015blimak\u00f3w w Europie\",\"publisher\":{\"@id\":\"https:\/\/megapets.eu\/it\/#organization\"},\"alternateName\":\"Mega Pets\",\"potentialAction\":[{\"@type\":\"SearchAction\",\"target\":{\"@type\":\"EntryPoint\",\"urlTemplate\":\"https:\/\/megapets.eu\/it\/?s={search_term_string}\"},\"query-input\":{\"@type\":\"PropertyValueSpecification\",\"valueRequired\":true,\"valueName\":\"search_term_string\"}}],\"inLanguage\":\"it-IT\"},{\"@type\":\"Organization\",\"@id\":\"https:\/\/megapets.eu\/it\/#organization\",\"name\":\"Mega Pets\",\"url\":\"https:\/\/megapets.eu\/it\/\",\"logo\":{\"@type\":\"ImageObject\",\"inLanguage\":\"it-IT\",\"@id\":\"https:\/\/megapets.eu\/it\/#\/schema\/logo\/image\/\",\"url\":\"https:\/\/megapets.eu\/wp-content\/uploads\/2025\/04\/megapets_eu-logo.png\",\"contentUrl\":\"https:\/\/megapets.eu\/wp-content\/uploads\/2025\/04\/megapets_eu-logo.png\",\"width\":2362,\"height\":2362,\"caption\":\"Mega Pets\"},\"image\":{\"@id\":\"https:\/\/megapets.eu\/it\/#\/schema\/logo\/image\/\"},\"sameAs\":[\"https:\/\/www.facebook.com\/MegaPets.eu\/\"]}]}<\/script>\n<!-- \/ Yoast SEO plugin. -->","yoast_head_json":{"title":"Cubaris sp. \"Pak Chong\"\"Squadra di pulizia\". | MegaPets","robots":{"index":"index","follow":"follow","max-snippet":"max-snippet:-1","max-image-preview":"max-image-preview:large","max-video-preview":"max-video-preview:-1"},"canonical":"https:\/\/megapets.eu\/it\/isopodia\/cubaris-sp-pak-chongsquadra-di-pulizia\/","og_locale":"it_IT","og_type":"article","og_title":"Cubaris sp. \"Pak Chong\"\"Squadra di pulizia\". | MegaPets","og_description":"Dimensioni dei campioni: circa 1,5 cm  Esemplari offerti: confezionati in modo casuale  Il prezzo si riferisce a un set: 6 pezzi","og_url":"https:\/\/megapets.eu\/it\/isopodia\/cubaris-sp-pak-chongsquadra-di-pulizia\/","og_site_name":"MegaPets","article_publisher":"https:\/\/www.facebook.com\/MegaPets.eu\/","og_image":[{"width":736,"height":501,"url":"https:\/\/megapets.eu\/wp-content\/uploads\/2024\/10\/2-Cubaris-sp.-Pak-Chong-e1728165646288.png","type":"image\/png"}],"twitter_card":"summary_large_image","twitter_misc":{"Tempo di lettura stimato":"1 minuto"},"schema":{"@context":"https:\/\/schema.org","@graph":[{"@type":"WebPage","@id":"https:\/\/megapets.eu\/it\/isopodia\/cubaris-sp-pak-chongsquadra-di-pulizia\/","url":"https:\/\/megapets.eu\/it\/isopodia\/cubaris-sp-pak-chongsquadra-di-pulizia\/","name":"Cubaris sp. \"Pak Chong\" \"Squadra di pulizia\". | MegaPets","isPartOf":{"@id":"https:\/\/megapets.eu\/it\/#website"},"primaryImageOfPage":{"@id":"https:\/\/megapets.eu\/it\/isopodia\/cubaris-sp-pak-chongsquadra-di-pulizia\/#primaryimage"},"image":{"@id":"https:\/\/megapets.eu\/it\/isopodia\/cubaris-sp-pak-chongsquadra-di-pulizia\/#primaryimage"},"thumbnailUrl":"https:\/\/megapets.eu\/wp-content\/uploads\/2024\/10\/2-Cubaris-sp.-Pak-Chong-e1728165646288.png","datePublished":"2024-10-05T21:57:48+00:00","breadcrumb":{"@id":"https:\/\/megapets.eu\/it\/isopodia\/cubaris-sp-pak-chongsquadra-di-pulizia\/#breadcrumb"},"inLanguage":"it-IT","potentialAction":[{"@type":"ReadAction","target":["https:\/\/megapets.eu\/it\/isopodia\/cubaris-sp-pak-chongsquadra-di-pulizia\/"]}]},{"@type":"ImageObject","inLanguage":"it-IT","@id":"https:\/\/megapets.eu\/it\/isopodia\/cubaris-sp-pak-chongsquadra-di-pulizia\/#primaryimage","url":"https:\/\/megapets.eu\/wp-content\/uploads\/2024\/10\/2-Cubaris-sp.-Pak-Chong-e1728165646288.png","contentUrl":"https:\/\/megapets.eu\/wp-content\/uploads\/2024\/10\/2-Cubaris-sp.-Pak-Chong-e1728165646288.png","width":736,"height":501},{"@type":"BreadcrumbList","@id":"https:\/\/megapets.eu\/it\/isopodia\/cubaris-sp-pak-chongsquadra-di-pulizia\/#breadcrumb","itemListElement":[{"@type":"ListItem","position":1,"name":"Strona g\u0142\u00f3wna","item":"https:\/\/megapets.eu\/it\/"},{"@type":"ListItem","position":2,"name":"Negozio","item":"https:\/\/megapets.eu\/it\/negozio\/"},{"@type":"ListItem","position":3,"name":"Cubaris sp. &#8222;Pak Chong\"&#8222;Squadra di pulizia\"."}]},{"@type":"WebSite","@id":"https:\/\/megapets.eu\/it\/#website","url":"https:\/\/megapets.eu\/it\/","name":"Mega Pets","description":"Jedna z najwi\u0119kszych hodowli \u015blimak\u00f3w w Europie","publisher":{"@id":"https:\/\/megapets.eu\/it\/#organization"},"alternateName":"Mega Pets","potentialAction":[{"@type":"SearchAction","target":{"@type":"EntryPoint","urlTemplate":"https:\/\/megapets.eu\/it\/?s={search_term_string}"},"query-input":{"@type":"PropertyValueSpecification","valueRequired":true,"valueName":"search_term_string"}}],"inLanguage":"it-IT"},{"@type":"Organization","@id":"https:\/\/megapets.eu\/it\/#organization","name":"Mega Pets","url":"https:\/\/megapets.eu\/it\/","logo":{"@type":"ImageObject","inLanguage":"it-IT","@id":"https:\/\/megapets.eu\/it\/#\/schema\/logo\/image\/","url":"https:\/\/megapets.eu\/wp-content\/uploads\/2025\/04\/megapets_eu-logo.png","contentUrl":"https:\/\/megapets.eu\/wp-content\/uploads\/2025\/04\/megapets_eu-logo.png","width":2362,"height":2362,"caption":"Mega Pets"},"image":{"@id":"https:\/\/megapets.eu\/it\/#\/schema\/logo\/image\/"},"sameAs":["https:\/\/www.facebook.com\/MegaPets.eu\/"]}]}},"_links":{"self":[{"href":"https:\/\/megapets.eu\/it\/wp-json\/wp\/v2\/product\/7292","targetHints":{"allow":["GET"]}}],"collection":[{"href":"https:\/\/megapets.eu\/it\/wp-json\/wp\/v2\/product"}],"about":[{"href":"https:\/\/megapets.eu\/it\/wp-json\/wp\/v2\/types\/product"}],"wp:featuredmedia":[{"embeddable":true,"href":"https:\/\/megapets.eu\/it\/wp-json\/wp\/v2\/media\/7294"}],"wp:attachment":[{"href":"https:\/\/megapets.eu\/it\/wp-json\/wp\/v2\/media?parent=7292"}],"wp:term":[{"taxonomy":"product_cat","embeddable":true,"href":"https:\/\/megapets.eu\/it\/wp-json\/wp\/v2\/product_cat?post=7292"},{"taxonomy":"product_tag","embeddable":true,"href":"https:\/\/megapets.eu\/it\/wp-json\/wp\/v2\/product_tag?post=7292"}],"curies":[{"name":"wp","href":"https:\/\/api.w.org\/{rel}","templated":true}]}}