{"id":7314,"date":"2024-10-03T19:18:53","date_gmt":"2024-10-03T19:18:53","guid":{"rendered":"https:\/\/megapets.eu\/senza-categoria\/starter-set-da-15-l-per-lallevamento-dilumache-esotiche-africane\/"},"modified":"2024-10-03T19:18:53","modified_gmt":"2024-10-03T19:18:53","slug":"starter-set-da-15-l-per-lallevamento-dilumache-esotiche-africane","status":"publish","type":"product","link":"https:\/\/megapets.eu\/it\/accessori\/starter-set-da-15-l-per-lallevamento-dilumache-esotiche-africane\/","title":{"rendered":"Starter set da 15 L per l&#8217;allevamento di<br \/>lumache esotiche\/africane"},"content":{"rendered":"<p><em><span style=\"color: #424242;\"><strong>Il kit &#8220;15 L starter set per l&#8217;allevamento di lumache esotiche\/africane\" comprende:<\/strong><\/span><\/em><\/p>\n<ul>\n<li><em><strong><span style=\"color: #e87020; font-size: 17px;\">1 pz x Contenitore di plastica con fori di azione wen<span style=\"color: #e87020;\">tyl<\/span>per l&#8217;allevamento di lumache esotiche.<\/span><\/strong><\/em><\/li>\n<\/ul>\n<p><em><span style=\"color: #424242; font-size: 15px;\"><strong>Contenitore con coperchio con una capacit\u00e0 di 15 L. Le aperture interne del contenitore sono lisce, senza spigoli vivi.<\/strong><\/span><\/em><\/p>\n<p><em><span style=\"color: #424242; font-size: 15px;\"><strong>Larghezza: 33 cm &#8211; sopra; 26 cm &#8211; sotto;<\/strong><\/span><\/em><\/p>\n<p><em><span style=\"color: #424242; font-size: 15px;\"><strong>Lunghezza: 42,5 cm &#8211; sopra; 34,5 cm &#8211; sotto;<\/strong><\/span><\/em><\/p>\n<p><em><span style=\"color: #424242; font-size: 15px;\"><strong>Altezza: 21, 3 cm<\/strong><\/span><\/em><\/p>\n<ul>\n<li><em><strong><span style=\"color: #e87020; font-size: 17px;\">1 pz x Sepia &#8211; osso di seppia 12-15 cm.<\/span><\/strong><\/em><\/li>\n<\/ul>\n<p><em><span style=\"color: #424242; font-size: 15px;\"><strong>Osso di seppia 100% naturale, fonte di calcio per lumache esotiche, tartarughe e altri animali da terrario.<\/strong><\/span><\/em><\/p>\n<ul>\n<li><em><strong><span style=\"font-size: 17px;\"><span style=\"color: #e87020;\">2 pezzi x Substrato di cocco 1,5l\/1 confezione. <\/span><\/span><\/strong><\/em><\/li>\n<\/ul>\n<p><em><span style=\"color: #424242; font-size: 15px;\"><strong>Il substrato di cocco \u00e8 un substrato naturale composto da fibra di cocco sminuzzata. \u00c8 il substrato pi\u00f9 consigliato per l&#8217;allevamento di lumache esotiche.<\/strong><\/span><\/em><\/p>\n<ul>\n<li><em><strong><span style=\"font-size: 17px;\"><span style=\"color: #e87020;\">1 confezione di &#8220;Calcio\" 80g. <\/span><\/span><\/strong><\/em><\/li>\n<\/ul>\n<p><em><span style=\"color: #424242; font-size: 15px;\"><strong>La dieta quotidiana di una lumaca deve includere gli elementi fondamentali per ottenere un guscio bello e sano. La confezione &#8220;Calcium\" contiene il 100% di polvere di guscio d&#8217;uovo.<\/strong><\/span><\/em><\/p>\n<ul>\n<li><em><strong><span style=\"font-size: 17px;\"><span style=\"color: #e87020;\">1 x confezione &#8220;Proteine e Vitamine\" 50g.<\/span><\/span><\/strong><\/em><\/li>\n<\/ul>\n<p><em><span style=\"color: #424242; font-size: 15px;\"><strong>La confezione &#8220;Proteine e Vitamine\" contiene una miscela di cereali, ricca di preziosi nutrienti per uno sviluppo sano del tuo animale, ed \u00e8 un&#8217;aggiunta benefica alla dieta base delle lumache.<\/strong><\/span><\/em><\/p>\n<ul>\n<li><em><strong><span style=\"font-size: 17px;\"><span style=\"color: #e87020;\">1 pz x &#8220;Miscela di erbe esotiche\" confezione da 40g.<\/span><\/span><\/strong><\/em><\/li>\n<\/ul>\n<p><em><span style=\"color: #424242; font-size: 15px;\"><strong>La confezione di &#8220;Miscela di erbe esotiche\" contiene erbe accuratamente selezionate, un integratore prezioso e naturale che aiuta ad arricchire la dieta delle lumache esotiche in base al loro fabbisogno di vitamine e minerali, ingredienti essenziali per la salute degli animali domestici.<\/strong><\/span><\/em><\/p>\n<ul>\n<li><em><strong><span style=\"font-size: 17px;\"><span style=\"color: #e87020;\">1 pz x Istruzioni per l&#8217;allevamento.<\/span><\/span><\/strong><\/em><\/li>\n<\/ul>\n<p><em><span style=\"color: #424242; font-size: 15px;\"><strong>Per chiudere la BASIC BOX devi 1. premere le maniglie del coperchio su entrambi i lati. 2. tieni premute le maniglie per 5-10 secondi e poi chiudi il coperchio del contenitore.<\/strong><\/span><\/em><\/p>\n<p><em><span style=\"color: #424242; font-size: 15px;\"><strong>Nota: nell&#8217;allevamento utilizziamo uno speciale dispositivo su misura per punzonare i contenitori in modo uniforme e di qualit\u00e0. Se hai gi\u00e0 un contenitore di plastica e stai cercando di forare le bocchette da solo, rimuovi i bordi taglienti e leviga bene i fori. I giovani hanno una crescita delicata della nuova conchiglia, che possono impigliarsi quando camminano sui bordi taglienti dei fori mal fatti. Questo pu\u00f2 provocare la cicatrizzazione del guscio della lumaca e la perdita di un aspetto esteticamente gradevole e sano.<\/strong><\/span><\/em><\/p>\n<p><em><span style=\"color: #424242; font-size: 15px;\"><strong>Nota: i contenitori di molte aziende NON sono adatti all&#8217;allevamento delle lumache a causa del design interno e del modo in cui si aggancia il coperchio. L&#8217;azienda di contenitori che raccomandiamo \u00e8 Plast Team.<\/strong><\/span><\/em><\/p>\n","protected":false},"excerpt":{"rendered":"<ul class=\"product_attributes\">\n<li><span style=\"color: #555555;\"><strong>Accessori di base ben scelti<\/strong><\/span><\/li>\n<li><span style=\"color: #555555;\"><strong>Bocchette d&#8217;aria lucidate<\/strong><\/span><\/li>\n<li><span style=\"color: #555555;\"><strong>Circolazione dell&#8217;aria corretta<\/strong><\/span><\/li>\n<\/ul>\n","protected":false},"featured_media":7315,"template":"","meta":{"_acf_changed":false,"_links_to":"","_links_to_target":""},"product_cat":[177],"product_tag":[178],"class_list":{"0":"post-7314","1":"product","2":"type-product","3":"status-publish","4":"has-post-thumbnail","6":"product_cat-accessori","7":"product_tag-per-le-lumache","9":"first","10":"outofstock","11":"shipping-taxable","12":"purchasable","13":"product-type-simple"},"acf":[],"yoast_head":"<!-- This site is optimized with the Yoast SEO plugin v24.9 - https:\/\/yoast.com\/wordpress\/plugins\/seo\/ -->\n<title>Starter set da 15 L per l&#039;allevamento dilumache esotiche\/africane | MegaPets<\/title>\n<meta name=\"robots\" content=\"index, follow, max-snippet:-1, max-image-preview:large, max-video-preview:-1\" \/>\n<link rel=\"canonical\" href=\"https:\/\/megapets.eu\/it\/accessori\/starter-set-da-15-l-per-lallevamento-dilumache-esotiche-africane\/\" \/>\n<meta property=\"og:locale\" content=\"it_IT\" \/>\n<meta property=\"og:type\" content=\"article\" \/>\n<meta property=\"og:title\" content=\"Starter set da 15 L per l&#039;allevamento dilumache esotiche\/africane | MegaPets\" \/>\n<meta property=\"og:description\" content=\"Accessori di base ben scelti  Bocchette d&#039;aria lucidate  Circolazione dell&#039;aria corretta\" \/>\n<meta property=\"og:url\" content=\"https:\/\/megapets.eu\/it\/accessori\/starter-set-da-15-l-per-lallevamento-dilumache-esotiche-africane\/\" \/>\n<meta property=\"og:site_name\" content=\"MegaPets\" \/>\n<meta property=\"article:publisher\" content=\"https:\/\/www.facebook.com\/MegaPets.eu\/\" \/>\n<meta property=\"og:image\" content=\"https:\/\/megapets.eu\/wp-content\/uploads\/2024\/10\/Glowne-Basic-15-L.png\" \/>\n\t<meta property=\"og:image:width\" content=\"1053\" \/>\n\t<meta property=\"og:image:height\" content=\"701\" \/>\n\t<meta property=\"og:image:type\" content=\"image\/png\" \/>\n<meta name=\"twitter:card\" content=\"summary_large_image\" \/>\n<meta name=\"twitter:label1\" content=\"Tempo di lettura stimato\" \/>\n\t<meta name=\"twitter:data1\" content=\"2 minuto\" \/>\n<script type=\"application\/ld+json\" class=\"yoast-schema-graph\">{\"@context\":\"https:\/\/schema.org\",\"@graph\":[{\"@type\":\"WebPage\",\"@id\":\"https:\/\/megapets.eu\/it\/accessori\/starter-set-da-15-l-per-lallevamento-dilumache-esotiche-africane\/\",\"url\":\"https:\/\/megapets.eu\/it\/accessori\/starter-set-da-15-l-per-lallevamento-dilumache-esotiche-africane\/\",\"name\":\"Starter set da 15 L per l'allevamento di lumache esotiche\/africane | MegaPets\",\"isPartOf\":{\"@id\":\"https:\/\/megapets.eu\/it\/#website\"},\"primaryImageOfPage\":{\"@id\":\"https:\/\/megapets.eu\/it\/accessori\/starter-set-da-15-l-per-lallevamento-dilumache-esotiche-africane\/#primaryimage\"},\"image\":{\"@id\":\"https:\/\/megapets.eu\/it\/accessori\/starter-set-da-15-l-per-lallevamento-dilumache-esotiche-africane\/#primaryimage\"},\"thumbnailUrl\":\"https:\/\/megapets.eu\/wp-content\/uploads\/2024\/10\/Glowne-Basic-15-L.png\",\"datePublished\":\"2024-10-03T19:18:53+00:00\",\"breadcrumb\":{\"@id\":\"https:\/\/megapets.eu\/it\/accessori\/starter-set-da-15-l-per-lallevamento-dilumache-esotiche-africane\/#breadcrumb\"},\"inLanguage\":\"it-IT\",\"potentialAction\":[{\"@type\":\"ReadAction\",\"target\":[\"https:\/\/megapets.eu\/it\/accessori\/starter-set-da-15-l-per-lallevamento-dilumache-esotiche-africane\/\"]}]},{\"@type\":\"ImageObject\",\"inLanguage\":\"it-IT\",\"@id\":\"https:\/\/megapets.eu\/it\/accessori\/starter-set-da-15-l-per-lallevamento-dilumache-esotiche-africane\/#primaryimage\",\"url\":\"https:\/\/megapets.eu\/wp-content\/uploads\/2024\/10\/Glowne-Basic-15-L.png\",\"contentUrl\":\"https:\/\/megapets.eu\/wp-content\/uploads\/2024\/10\/Glowne-Basic-15-L.png\",\"width\":1053,\"height\":701},{\"@type\":\"BreadcrumbList\",\"@id\":\"https:\/\/megapets.eu\/it\/accessori\/starter-set-da-15-l-per-lallevamento-dilumache-esotiche-africane\/#breadcrumb\",\"itemListElement\":[{\"@type\":\"ListItem\",\"position\":1,\"name\":\"Strona g\u0142\u00f3wna\",\"item\":\"https:\/\/megapets.eu\/it\/\"},{\"@type\":\"ListItem\",\"position\":2,\"name\":\"Negozio\",\"item\":\"https:\/\/megapets.eu\/it\/negozio\/\"},{\"@type\":\"ListItem\",\"position\":3,\"name\":\"Starter set da 15 L per l&#8217;allevamento dilumache esotiche\/africane\"}]},{\"@type\":\"WebSite\",\"@id\":\"https:\/\/megapets.eu\/it\/#website\",\"url\":\"https:\/\/megapets.eu\/it\/\",\"name\":\"Mega Pets\",\"description\":\"Jedna z najwi\u0119kszych hodowli \u015blimak\u00f3w w Europie\",\"publisher\":{\"@id\":\"https:\/\/megapets.eu\/it\/#organization\"},\"alternateName\":\"Mega Pets\",\"potentialAction\":[{\"@type\":\"SearchAction\",\"target\":{\"@type\":\"EntryPoint\",\"urlTemplate\":\"https:\/\/megapets.eu\/it\/?s={search_term_string}\"},\"query-input\":{\"@type\":\"PropertyValueSpecification\",\"valueRequired\":true,\"valueName\":\"search_term_string\"}}],\"inLanguage\":\"it-IT\"},{\"@type\":\"Organization\",\"@id\":\"https:\/\/megapets.eu\/it\/#organization\",\"name\":\"Mega Pets\",\"url\":\"https:\/\/megapets.eu\/it\/\",\"logo\":{\"@type\":\"ImageObject\",\"inLanguage\":\"it-IT\",\"@id\":\"https:\/\/megapets.eu\/it\/#\/schema\/logo\/image\/\",\"url\":\"https:\/\/megapets.eu\/wp-content\/uploads\/2025\/04\/megapets_eu-logo.png\",\"contentUrl\":\"https:\/\/megapets.eu\/wp-content\/uploads\/2025\/04\/megapets_eu-logo.png\",\"width\":2362,\"height\":2362,\"caption\":\"Mega Pets\"},\"image\":{\"@id\":\"https:\/\/megapets.eu\/it\/#\/schema\/logo\/image\/\"},\"sameAs\":[\"https:\/\/www.facebook.com\/MegaPets.eu\/\"]}]}<\/script>\n<!-- \/ Yoast SEO plugin. -->","yoast_head_json":{"title":"Starter set da 15 L per l'allevamento dilumache esotiche\/africane | MegaPets","robots":{"index":"index","follow":"follow","max-snippet":"max-snippet:-1","max-image-preview":"max-image-preview:large","max-video-preview":"max-video-preview:-1"},"canonical":"https:\/\/megapets.eu\/it\/accessori\/starter-set-da-15-l-per-lallevamento-dilumache-esotiche-africane\/","og_locale":"it_IT","og_type":"article","og_title":"Starter set da 15 L per l'allevamento dilumache esotiche\/africane | MegaPets","og_description":"Accessori di base ben scelti  Bocchette d'aria lucidate  Circolazione dell'aria corretta","og_url":"https:\/\/megapets.eu\/it\/accessori\/starter-set-da-15-l-per-lallevamento-dilumache-esotiche-africane\/","og_site_name":"MegaPets","article_publisher":"https:\/\/www.facebook.com\/MegaPets.eu\/","og_image":[{"width":1053,"height":701,"url":"https:\/\/megapets.eu\/wp-content\/uploads\/2024\/10\/Glowne-Basic-15-L.png","type":"image\/png"}],"twitter_card":"summary_large_image","twitter_misc":{"Tempo di lettura stimato":"2 minuto"},"schema":{"@context":"https:\/\/schema.org","@graph":[{"@type":"WebPage","@id":"https:\/\/megapets.eu\/it\/accessori\/starter-set-da-15-l-per-lallevamento-dilumache-esotiche-africane\/","url":"https:\/\/megapets.eu\/it\/accessori\/starter-set-da-15-l-per-lallevamento-dilumache-esotiche-africane\/","name":"Starter set da 15 L per l'allevamento di lumache esotiche\/africane | MegaPets","isPartOf":{"@id":"https:\/\/megapets.eu\/it\/#website"},"primaryImageOfPage":{"@id":"https:\/\/megapets.eu\/it\/accessori\/starter-set-da-15-l-per-lallevamento-dilumache-esotiche-africane\/#primaryimage"},"image":{"@id":"https:\/\/megapets.eu\/it\/accessori\/starter-set-da-15-l-per-lallevamento-dilumache-esotiche-africane\/#primaryimage"},"thumbnailUrl":"https:\/\/megapets.eu\/wp-content\/uploads\/2024\/10\/Glowne-Basic-15-L.png","datePublished":"2024-10-03T19:18:53+00:00","breadcrumb":{"@id":"https:\/\/megapets.eu\/it\/accessori\/starter-set-da-15-l-per-lallevamento-dilumache-esotiche-africane\/#breadcrumb"},"inLanguage":"it-IT","potentialAction":[{"@type":"ReadAction","target":["https:\/\/megapets.eu\/it\/accessori\/starter-set-da-15-l-per-lallevamento-dilumache-esotiche-africane\/"]}]},{"@type":"ImageObject","inLanguage":"it-IT","@id":"https:\/\/megapets.eu\/it\/accessori\/starter-set-da-15-l-per-lallevamento-dilumache-esotiche-africane\/#primaryimage","url":"https:\/\/megapets.eu\/wp-content\/uploads\/2024\/10\/Glowne-Basic-15-L.png","contentUrl":"https:\/\/megapets.eu\/wp-content\/uploads\/2024\/10\/Glowne-Basic-15-L.png","width":1053,"height":701},{"@type":"BreadcrumbList","@id":"https:\/\/megapets.eu\/it\/accessori\/starter-set-da-15-l-per-lallevamento-dilumache-esotiche-africane\/#breadcrumb","itemListElement":[{"@type":"ListItem","position":1,"name":"Strona g\u0142\u00f3wna","item":"https:\/\/megapets.eu\/it\/"},{"@type":"ListItem","position":2,"name":"Negozio","item":"https:\/\/megapets.eu\/it\/negozio\/"},{"@type":"ListItem","position":3,"name":"Starter set da 15 L per l&#8217;allevamento dilumache esotiche\/africane"}]},{"@type":"WebSite","@id":"https:\/\/megapets.eu\/it\/#website","url":"https:\/\/megapets.eu\/it\/","name":"Mega Pets","description":"Jedna z najwi\u0119kszych hodowli \u015blimak\u00f3w w Europie","publisher":{"@id":"https:\/\/megapets.eu\/it\/#organization"},"alternateName":"Mega Pets","potentialAction":[{"@type":"SearchAction","target":{"@type":"EntryPoint","urlTemplate":"https:\/\/megapets.eu\/it\/?s={search_term_string}"},"query-input":{"@type":"PropertyValueSpecification","valueRequired":true,"valueName":"search_term_string"}}],"inLanguage":"it-IT"},{"@type":"Organization","@id":"https:\/\/megapets.eu\/it\/#organization","name":"Mega Pets","url":"https:\/\/megapets.eu\/it\/","logo":{"@type":"ImageObject","inLanguage":"it-IT","@id":"https:\/\/megapets.eu\/it\/#\/schema\/logo\/image\/","url":"https:\/\/megapets.eu\/wp-content\/uploads\/2025\/04\/megapets_eu-logo.png","contentUrl":"https:\/\/megapets.eu\/wp-content\/uploads\/2025\/04\/megapets_eu-logo.png","width":2362,"height":2362,"caption":"Mega Pets"},"image":{"@id":"https:\/\/megapets.eu\/it\/#\/schema\/logo\/image\/"},"sameAs":["https:\/\/www.facebook.com\/MegaPets.eu\/"]}]}},"_links":{"self":[{"href":"https:\/\/megapets.eu\/it\/wp-json\/wp\/v2\/product\/7314","targetHints":{"allow":["GET"]}}],"collection":[{"href":"https:\/\/megapets.eu\/it\/wp-json\/wp\/v2\/product"}],"about":[{"href":"https:\/\/megapets.eu\/it\/wp-json\/wp\/v2\/types\/product"}],"wp:featuredmedia":[{"embeddable":true,"href":"https:\/\/megapets.eu\/it\/wp-json\/wp\/v2\/media\/7315"}],"wp:attachment":[{"href":"https:\/\/megapets.eu\/it\/wp-json\/wp\/v2\/media?parent=7314"}],"wp:term":[{"taxonomy":"product_cat","embeddable":true,"href":"https:\/\/megapets.eu\/it\/wp-json\/wp\/v2\/product_cat?post=7314"},{"taxonomy":"product_tag","embeddable":true,"href":"https:\/\/megapets.eu\/it\/wp-json\/wp\/v2\/product_tag?post=7314"}],"curies":[{"name":"wp","href":"https:\/\/api.w.org\/{rel}","templated":true}]}}