{"id":7319,"date":"2024-10-05T11:03:19","date_gmt":"2024-10-05T11:03:19","guid":{"rendered":"https:\/\/megapets.eu\/senza-categoria\/atopochetus-caudulanuscoccodrillo-rosso-porpora\/"},"modified":"2025-08-13T14:59:04","modified_gmt":"2025-08-13T14:59:04","slug":"atopochetus-caudulanuscoccodrillo-rosso-porpora","status":"publish","type":"product","link":"https:\/\/megapets.eu\/it\/wije-it\/atopochetus-caudulanuscoccodrillo-rosso-porpora\/","title":{"rendered":"Atopochetus caudulanus<br>&#8220;Millepiedi viola e rosso\""},"content":{"rendered":"<p class=\"v1v1v1v1MsoNormal\"><span style=\"color: #d94890;\"><strong><em><span style=\"font-size: 15px;\"><span style=\"color: #424242;\">Specie:<\/span> <span style=\"color: #800080;\">Millepiedi Atopochetus caudulanus &#8220;<span style=\"color: #d91a1a;\">Millepiedi rosso porpora <\/span>&#8220;. <span style=\"color: #424242;\">Di facile manutenzione, sono ottimi per i principianti.<\/span><\/span><\/span><\/em><\/strong><\/span><\/p>\n<p>&nbsp;<\/p>\n<p><span style=\"color: #800000;\"><span style=\"color: #800080;\"><strong><em><span style=\"font-size: 15px;\">E&#8217;<\/span><\/em><\/strong><\/span><strong><em><span style=\"font-size: 15px;\"><span style=\"color: #800080;\">possibile scegliere una coppia \u2764\ufe0f<b> <\/b>di maschio e femmina.<\/span> <span style=\"color: #424242;\">Si prega di indicare nel commento all&#8217;ordine.<\/span><\/span><\/em><\/strong><\/span><\/p>\n<p>&nbsp;<\/p>\n<p><span style=\"color: #424242;\"><strong><em><span style=\"font-size: 15px;\"><strong style=\"color: #424242;\"><span style=\"color: #800000;\"><span style=\"color: #800080;\">\ud83d\udc9c\u2764\ufe0f<b>\ud83d\udc9c<\/b><\/span><\/span> Cerchi qualcosa di divertente da allevare per cominciare?  <\/strong><span style=\"color: #800080;\"><span style=\"color: #d94890;\"><span style=\"color: #800080;\">I millepiedi Atopochetus caudulanus &#8220;Millepiedi rosso<\/span><span style=\"color: #d91a1a;\"> <\/span> porpora<span style=\"color: #800080;\">&#8220;<\/span><\/span> sono creature belle e facili da curare, completamente sicure per l&#8217;uomo, non mordono. Hanno mascelle deboli che si adattano a schiacciare la materia vegetale. I millepiedi preferiscono luoghi umidi, vivono nello strato superiore del substrato e si nutrono di foglie, substrato multicomponente destinato all&#8217;allevamento di millepiedi, nonch\u00e9 frutta e verdura.  <\/span><\/span><\/em><\/strong><\/span><\/p>\n<p>&nbsp;<\/p>\n<p class=\"v1v1v1v1MsoNormal\"><span style=\"color: #424242;\"><strong><em><span style=\"font-size: 15px;\"><span class=\"x1xsqp64 xiy17q3 x1o6pynw x19co3pv xdj266r xcwd3tp xat24cr x39eecv x2b8uid\" data-testid=\"emoji\"><span class=\"xexx8yu xn5pp95 x18d9i69 x2fxd7x x3jgonx x1bhl96m\">\ud83c\udf3f <\/span><\/span><span style=\"color: #424242;\">Tutto ci\u00f2 di cui un animale del genere ha bisogno per svilupparsi e vivere con successo in un terrario \u00e8:<\/span><\/span><\/em><\/strong><\/span><\/p>\n<p class=\"v1v1v1v1MsoNormal\"><span style=\"color: #008000;\"><strong><em><span style=\"font-size: 15px;\">* Substrato \/ cibo: Substrato per l&#8217;allevamento di millepiedi e myriped (disponibile su altre nostre aste);<\/span><\/em><\/strong><\/span><\/p>\n<p class=\"v1v1v1v1MsoNormal\"><span style=\"color: #008000;\"><strong><em><span style=\"font-size: 15px;\">* Superfood: frutta e verdura fresca;<\/span><\/em><\/strong><\/span><\/p>\n<p class=\"v1v1v1v1MsoNormal\"><span style=\"color: #008000;\"><strong><em><span style=\"font-size: 15px;\">* Cibo: il gammarus macinato \u00e8 un gammarus essiccato, ricco di macro e microelementi, una fonte naturale di proteine animali e chitina (disponibile in altre aste);<\/span><\/em><\/strong><\/span><\/p>\n<p class=\"v1v1v1v1MsoNormal\"><span style=\"color: #008000;\"><strong><em><span style=\"font-size: 15px;\">* Terrario: Faunabox \u00e8 ideale per l&#8217;allevamento di millepiedi e millepiedi (disponibile su altre nostre aste);<\/span><\/em><\/strong><\/span><\/p>\n<p class=\"v1v1v1v1MsoNormal\"><span style=\"color: #008000;\"><strong><em><span style=\"font-size: 15px;\">* Temperatura consigliata 22-26 \u00b0C e umidit\u00e0 dell&#8217;aria di circa il 70% (non lasciare asciugare il substrato, spruzzare il terrario ogni 2-3 giorni).<\/span><\/em><\/strong><\/span><\/p>\n","protected":false},"excerpt":{"rendered":"<ul class=\"product_attributes\">\n<li><span style=\"color:#555555\">Dimensione del bersaglio:<\/span> circa 10 cm<\/li>\n<li><span style=\"color:#555555\">Offerta giovanile:<\/span> circa 3 cm <\/li>\n<li><span style=\"color:#555555\">Il prezzo si applica a:<\/span> 1 pz<\/li>\n<\/ul>\n","protected":false},"featured_media":7321,"template":"","meta":{"_acf_changed":false,"_links_to":"","_links_to_target":""},"product_cat":[185],"product_tag":[],"class_list":{"0":"post-7319","1":"product","2":"type-product","3":"status-publish","4":"has-post-thumbnail","6":"product_cat-wije-it","8":"first","9":"instock","10":"shipping-taxable","11":"purchasable","12":"product-type-simple"},"acf":[],"yoast_head":"<!-- This site is optimized with the Yoast SEO plugin v24.9 - https:\/\/yoast.com\/wordpress\/plugins\/seo\/ -->\n<title>Atopochetus caudulanus&quot;Millepiedi viola e rosso&quot; | MegaPets<\/title>\n<meta name=\"robots\" content=\"index, follow, max-snippet:-1, max-image-preview:large, max-video-preview:-1\" \/>\n<link rel=\"canonical\" href=\"https:\/\/megapets.eu\/it\/wije-it\/atopochetus-caudulanuscoccodrillo-rosso-porpora\/\" \/>\n<meta property=\"og:locale\" content=\"it_IT\" \/>\n<meta property=\"og:type\" content=\"article\" \/>\n<meta property=\"og:title\" content=\"Atopochetus caudulanus&quot;Millepiedi viola e rosso&quot; | MegaPets\" \/>\n<meta property=\"og:description\" content=\"Dimensione del bersaglio: circa 10 cm Offerta giovanile: circa 3 cm  Il prezzo si applica a: 1 pz\" \/>\n<meta property=\"og:url\" content=\"https:\/\/megapets.eu\/it\/wije-it\/atopochetus-caudulanuscoccodrillo-rosso-porpora\/\" \/>\n<meta property=\"og:site_name\" content=\"MegaPets\" \/>\n<meta property=\"article:publisher\" content=\"https:\/\/www.facebook.com\/MegaPets.eu\/\" \/>\n<meta property=\"article:modified_time\" content=\"2025-08-13T14:59:04+00:00\" \/>\n<meta property=\"og:image\" content=\"https:\/\/megapets.eu\/wp-content\/uploads\/2024\/10\/56.jpg\" \/>\n\t<meta property=\"og:image:width\" content=\"1200\" \/>\n\t<meta property=\"og:image:height\" content=\"798\" \/>\n\t<meta property=\"og:image:type\" content=\"image\/jpeg\" \/>\n<meta name=\"twitter:card\" content=\"summary_large_image\" \/>\n<meta name=\"twitter:label1\" content=\"Tempo di lettura stimato\" \/>\n\t<meta name=\"twitter:data1\" content=\"1 minuto\" \/>\n<script type=\"application\/ld+json\" class=\"yoast-schema-graph\">{\"@context\":\"https:\/\/schema.org\",\"@graph\":[{\"@type\":\"WebPage\",\"@id\":\"https:\/\/megapets.eu\/it\/wije-it\/atopochetus-caudulanuscoccodrillo-rosso-porpora\/\",\"url\":\"https:\/\/megapets.eu\/it\/wije-it\/atopochetus-caudulanuscoccodrillo-rosso-porpora\/\",\"name\":\"Atopochetus caudulanus \\\"Millepiedi viola e rosso\\\" | MegaPets\",\"isPartOf\":{\"@id\":\"https:\/\/megapets.eu\/it\/#website\"},\"primaryImageOfPage\":{\"@id\":\"https:\/\/megapets.eu\/it\/wije-it\/atopochetus-caudulanuscoccodrillo-rosso-porpora\/#primaryimage\"},\"image\":{\"@id\":\"https:\/\/megapets.eu\/it\/wije-it\/atopochetus-caudulanuscoccodrillo-rosso-porpora\/#primaryimage\"},\"thumbnailUrl\":\"https:\/\/megapets.eu\/wp-content\/uploads\/2024\/10\/56.jpg\",\"datePublished\":\"2024-10-05T11:03:19+00:00\",\"dateModified\":\"2025-08-13T14:59:04+00:00\",\"breadcrumb\":{\"@id\":\"https:\/\/megapets.eu\/it\/wije-it\/atopochetus-caudulanuscoccodrillo-rosso-porpora\/#breadcrumb\"},\"inLanguage\":\"it-IT\",\"potentialAction\":[{\"@type\":\"ReadAction\",\"target\":[\"https:\/\/megapets.eu\/it\/wije-it\/atopochetus-caudulanuscoccodrillo-rosso-porpora\/\"]}]},{\"@type\":\"ImageObject\",\"inLanguage\":\"it-IT\",\"@id\":\"https:\/\/megapets.eu\/it\/wije-it\/atopochetus-caudulanuscoccodrillo-rosso-porpora\/#primaryimage\",\"url\":\"https:\/\/megapets.eu\/wp-content\/uploads\/2024\/10\/56.jpg\",\"contentUrl\":\"https:\/\/megapets.eu\/wp-content\/uploads\/2024\/10\/56.jpg\",\"width\":1200,\"height\":798},{\"@type\":\"BreadcrumbList\",\"@id\":\"https:\/\/megapets.eu\/it\/wije-it\/atopochetus-caudulanuscoccodrillo-rosso-porpora\/#breadcrumb\",\"itemListElement\":[{\"@type\":\"ListItem\",\"position\":1,\"name\":\"Strona g\u0142\u00f3wna\",\"item\":\"https:\/\/megapets.eu\/it\/\"},{\"@type\":\"ListItem\",\"position\":2,\"name\":\"Negozio\",\"item\":\"https:\/\/megapets.eu\/it\/negozio\/\"},{\"@type\":\"ListItem\",\"position\":3,\"name\":\"Atopochetus caudulanus&#8222;Millepiedi viola e rosso\\\"\"}]},{\"@type\":\"WebSite\",\"@id\":\"https:\/\/megapets.eu\/it\/#website\",\"url\":\"https:\/\/megapets.eu\/it\/\",\"name\":\"Mega Pets\",\"description\":\"Jedna z najwi\u0119kszych hodowli \u015blimak\u00f3w w Europie\",\"publisher\":{\"@id\":\"https:\/\/megapets.eu\/it\/#organization\"},\"alternateName\":\"Mega Pets\",\"potentialAction\":[{\"@type\":\"SearchAction\",\"target\":{\"@type\":\"EntryPoint\",\"urlTemplate\":\"https:\/\/megapets.eu\/it\/?s={search_term_string}\"},\"query-input\":{\"@type\":\"PropertyValueSpecification\",\"valueRequired\":true,\"valueName\":\"search_term_string\"}}],\"inLanguage\":\"it-IT\"},{\"@type\":\"Organization\",\"@id\":\"https:\/\/megapets.eu\/it\/#organization\",\"name\":\"Mega Pets\",\"url\":\"https:\/\/megapets.eu\/it\/\",\"logo\":{\"@type\":\"ImageObject\",\"inLanguage\":\"it-IT\",\"@id\":\"https:\/\/megapets.eu\/it\/#\/schema\/logo\/image\/\",\"url\":\"https:\/\/megapets.eu\/wp-content\/uploads\/2025\/04\/megapets_eu-logo.png\",\"contentUrl\":\"https:\/\/megapets.eu\/wp-content\/uploads\/2025\/04\/megapets_eu-logo.png\",\"width\":2362,\"height\":2362,\"caption\":\"Mega Pets\"},\"image\":{\"@id\":\"https:\/\/megapets.eu\/it\/#\/schema\/logo\/image\/\"},\"sameAs\":[\"https:\/\/www.facebook.com\/MegaPets.eu\/\"]}]}<\/script>\n<!-- \/ Yoast SEO plugin. -->","yoast_head_json":{"title":"Atopochetus caudulanus\"Millepiedi viola e rosso\" | MegaPets","robots":{"index":"index","follow":"follow","max-snippet":"max-snippet:-1","max-image-preview":"max-image-preview:large","max-video-preview":"max-video-preview:-1"},"canonical":"https:\/\/megapets.eu\/it\/wije-it\/atopochetus-caudulanuscoccodrillo-rosso-porpora\/","og_locale":"it_IT","og_type":"article","og_title":"Atopochetus caudulanus\"Millepiedi viola e rosso\" | MegaPets","og_description":"Dimensione del bersaglio: circa 10 cm Offerta giovanile: circa 3 cm  Il prezzo si applica a: 1 pz","og_url":"https:\/\/megapets.eu\/it\/wije-it\/atopochetus-caudulanuscoccodrillo-rosso-porpora\/","og_site_name":"MegaPets","article_publisher":"https:\/\/www.facebook.com\/MegaPets.eu\/","article_modified_time":"2025-08-13T14:59:04+00:00","og_image":[{"width":1200,"height":798,"url":"https:\/\/megapets.eu\/wp-content\/uploads\/2024\/10\/56.jpg","type":"image\/jpeg"}],"twitter_card":"summary_large_image","twitter_misc":{"Tempo di lettura stimato":"1 minuto"},"schema":{"@context":"https:\/\/schema.org","@graph":[{"@type":"WebPage","@id":"https:\/\/megapets.eu\/it\/wije-it\/atopochetus-caudulanuscoccodrillo-rosso-porpora\/","url":"https:\/\/megapets.eu\/it\/wije-it\/atopochetus-caudulanuscoccodrillo-rosso-porpora\/","name":"Atopochetus caudulanus \"Millepiedi viola e rosso\" | MegaPets","isPartOf":{"@id":"https:\/\/megapets.eu\/it\/#website"},"primaryImageOfPage":{"@id":"https:\/\/megapets.eu\/it\/wije-it\/atopochetus-caudulanuscoccodrillo-rosso-porpora\/#primaryimage"},"image":{"@id":"https:\/\/megapets.eu\/it\/wije-it\/atopochetus-caudulanuscoccodrillo-rosso-porpora\/#primaryimage"},"thumbnailUrl":"https:\/\/megapets.eu\/wp-content\/uploads\/2024\/10\/56.jpg","datePublished":"2024-10-05T11:03:19+00:00","dateModified":"2025-08-13T14:59:04+00:00","breadcrumb":{"@id":"https:\/\/megapets.eu\/it\/wije-it\/atopochetus-caudulanuscoccodrillo-rosso-porpora\/#breadcrumb"},"inLanguage":"it-IT","potentialAction":[{"@type":"ReadAction","target":["https:\/\/megapets.eu\/it\/wije-it\/atopochetus-caudulanuscoccodrillo-rosso-porpora\/"]}]},{"@type":"ImageObject","inLanguage":"it-IT","@id":"https:\/\/megapets.eu\/it\/wije-it\/atopochetus-caudulanuscoccodrillo-rosso-porpora\/#primaryimage","url":"https:\/\/megapets.eu\/wp-content\/uploads\/2024\/10\/56.jpg","contentUrl":"https:\/\/megapets.eu\/wp-content\/uploads\/2024\/10\/56.jpg","width":1200,"height":798},{"@type":"BreadcrumbList","@id":"https:\/\/megapets.eu\/it\/wije-it\/atopochetus-caudulanuscoccodrillo-rosso-porpora\/#breadcrumb","itemListElement":[{"@type":"ListItem","position":1,"name":"Strona g\u0142\u00f3wna","item":"https:\/\/megapets.eu\/it\/"},{"@type":"ListItem","position":2,"name":"Negozio","item":"https:\/\/megapets.eu\/it\/negozio\/"},{"@type":"ListItem","position":3,"name":"Atopochetus caudulanus&#8222;Millepiedi viola e rosso\""}]},{"@type":"WebSite","@id":"https:\/\/megapets.eu\/it\/#website","url":"https:\/\/megapets.eu\/it\/","name":"Mega Pets","description":"Jedna z najwi\u0119kszych hodowli \u015blimak\u00f3w w Europie","publisher":{"@id":"https:\/\/megapets.eu\/it\/#organization"},"alternateName":"Mega Pets","potentialAction":[{"@type":"SearchAction","target":{"@type":"EntryPoint","urlTemplate":"https:\/\/megapets.eu\/it\/?s={search_term_string}"},"query-input":{"@type":"PropertyValueSpecification","valueRequired":true,"valueName":"search_term_string"}}],"inLanguage":"it-IT"},{"@type":"Organization","@id":"https:\/\/megapets.eu\/it\/#organization","name":"Mega Pets","url":"https:\/\/megapets.eu\/it\/","logo":{"@type":"ImageObject","inLanguage":"it-IT","@id":"https:\/\/megapets.eu\/it\/#\/schema\/logo\/image\/","url":"https:\/\/megapets.eu\/wp-content\/uploads\/2025\/04\/megapets_eu-logo.png","contentUrl":"https:\/\/megapets.eu\/wp-content\/uploads\/2025\/04\/megapets_eu-logo.png","width":2362,"height":2362,"caption":"Mega Pets"},"image":{"@id":"https:\/\/megapets.eu\/it\/#\/schema\/logo\/image\/"},"sameAs":["https:\/\/www.facebook.com\/MegaPets.eu\/"]}]}},"_links":{"self":[{"href":"https:\/\/megapets.eu\/it\/wp-json\/wp\/v2\/product\/7319","targetHints":{"allow":["GET"]}}],"collection":[{"href":"https:\/\/megapets.eu\/it\/wp-json\/wp\/v2\/product"}],"about":[{"href":"https:\/\/megapets.eu\/it\/wp-json\/wp\/v2\/types\/product"}],"wp:featuredmedia":[{"embeddable":true,"href":"https:\/\/megapets.eu\/it\/wp-json\/wp\/v2\/media\/7321"}],"wp:attachment":[{"href":"https:\/\/megapets.eu\/it\/wp-json\/wp\/v2\/media?parent=7319"}],"wp:term":[{"taxonomy":"product_cat","embeddable":true,"href":"https:\/\/megapets.eu\/it\/wp-json\/wp\/v2\/product_cat?post=7319"},{"taxonomy":"product_tag","embeddable":true,"href":"https:\/\/megapets.eu\/it\/wp-json\/wp\/v2\/product_tag?post=7319"}],"curies":[{"name":"wp","href":"https:\/\/api.w.org\/{rel}","templated":true}]}}