{"id":7329,"date":"2024-10-05T14:09:37","date_gmt":"2024-10-05T14:09:37","guid":{"rendered":"https:\/\/megapets.eu\/senza-categoria\/archispirostreptus-gigascoccodrillo-gigante-nero-e-marrone\/"},"modified":"2024-10-05T14:09:37","modified_gmt":"2024-10-05T14:09:37","slug":"archispirostreptus-gigascoccodrillo-gigante-nero-e-marrone","status":"publish","type":"product","link":"https:\/\/megapets.eu\/it\/wije-it\/archispirostreptus-gigascoccodrillo-gigante-nero-e-marrone\/","title":{"rendered":"Archispirostreptus gigas<br \/>&#8220;Coccodrillo gigante nero e marrone\"."},"content":{"rendered":"<p class=\"v1v1v1v1MsoNormal\"><span style=\"color: #d94890;\"><strong><em><span style=\"font-size: 15px;\"><span style=\"color: #424242;\">Specie: <\/span><\/span><\/em><\/strong><\/span><span style=\"color: #000000;\"><strong><em><span style=\"font-size: 15px;\">coccodrillo Archispirostreptus gigas &#8220;Coccodrillo gigante nero<span style=\"color: #000000;\">&#8211; marrone<\/span> &#8220;. <\/span><\/em><\/strong><\/span><span style=\"color: #424242;\"><strong><em><span style=\"font-size: 15px;\">Facile da tenere, quindi ottimo per i principianti.<\/span><\/em><\/strong><\/span><\/p>\n<p><span style=\"font-size: 15px;\"><em><strong>Archispirostreptus gigas gigante <span style=\"color: #000000;\">\ud83d\udda4 nero<\/span> &#8211; <span style=\"color: #000000;\"><span style=\"color: #800000;\">\ud83e\udd0e <\/span><\/span><span style=\"color: #800000;\">marrone<\/span> coccodrillo, taglia adulta target con occhi. 20 cm.<\/strong><\/em><\/span><\/p>\n<p><span style=\"color: #800000;\"><span style=\"color: #000000;\"><strong><em><span style=\"font-size: 15px;\">\u00c8 possibile<\/span><\/em><\/strong><\/span><strong><em><span style=\"font-size: 15px;\"><span style=\"color: #000000;\">abbinare una coppia <b>\u2764\ufe0f<\/b> maschio e una femmina.<\/span> <span style=\"color: #424242;\">Indica nei commenti al tuo ordine.<\/span><\/span><\/em><\/strong><\/span><\/p>\n<p><strong style=\"color: #424242;\"><em><span style=\"font-size: 15px;\"><span style=\"color: #424242;\"><span class=\"x1xsqp64 xiy17q3 x1o6pynw x19co3pv xdj266r xcwd3tp xat24cr x39eecv x2b8uid\" data-testid=\"emoji\"><span class=\"xexx8yu xn5pp95 x18d9i69 x2fxd7x x3jgonx x1bhl96m\">\ud83d\udda4<strong><span style=\"color: #000000;\">\ud83e\udd0e<\/span><\/strong>\ud83d\udda4 <\/span><\/span><\/span><\/span><span style=\"font-size: 15px;\"><span style=\"color: #424242;\"><strong>Cerchi qualcosa di divertente da allevare per iniziare? <\/strong><\/span> <span style=\"color: #000000;\">I coccodrilli Archispirostreptus gigas<strong> <\/strong>sono creature bellissime e facili da allevare, completamente sicure per l&#8217;uomo e che non mordono. Hanno mascelle deboli che sono adattate per rompere la materia vegetale. I coccodrilli preferiscono i luoghi umidi, vivono nello strato superiore del substrato e si nutrono di foglie, di un substrato multicomponente progettato per l&#8217;allevamento dei coccodrilli, di verdure e di frutta. <\/span><\/span><\/em><\/strong><\/p>\n<p class=\"v1v1v1v1MsoNormal\"><span style=\"color: #424242;\"><strong><em><span style=\"font-size: 15px;\"><span class=\"x1xsqp64 xiy17q3 x1o6pynw x19co3pv xdj266r xcwd3tp xat24cr x39eecv x2b8uid\" data-testid=\"emoji\"><span class=\"xexx8yu xn5pp95 x18d9i69 x2fxd7x x3jgonx x1bhl96m\">\ud83c\udf3f <\/span><\/span><span style=\"color: #424242;\">Tutto ci\u00f2 di cui un animale di questo tipo ha bisogno per svilupparsi e vivere con successo in un terrario \u00e8:<\/span><\/span><\/em><\/strong><\/span><\/p>\n<p class=\"v1v1v1v1MsoNormal\"><span style=\"color: #008000;\"><strong><em><span style=\"font-size: 15px;\">* Substrato \/ cibo: Substrato per coccodrilli e vipere (disponibile in un&#8217;altra asta);<\/span><\/em><\/strong><\/span><\/p>\n<p class=\"v1v1v1v1MsoNormal\"><span style=\"color: #008000;\"><strong><em><span style=\"font-size: 15px;\">* Cibo: Verdura e frutta fresca;<\/span><\/em><\/strong><\/span><\/p>\n<p class=\"v1v1v1v1MsoNormal\"><span style=\"color: #008000;\"><strong><em><span style=\"font-size: 15px;\">* Cibo: Ground Gammarus \u00e8 un germe essiccato, ricco di macro e micronutrienti, una fonte naturale di proteine animali e chitina (disponibile nella nostra altra asta);<\/span><\/em><\/strong><\/span><\/p>\n<p class=\"v1v1v1v1MsoNormal\"><span style=\"color: #008000;\"><strong><em><span style=\"font-size: 15px;\">* Terrario: Faunabox \u00e8 ideale per l&#8217;allevamento di vipere e coccodrilli (disponibile su un&#8217;altra asta);<\/span><\/em><\/strong><\/span><\/p>\n<p class=\"v1v1v1v1MsoNormal\"><span style=\"color: #008000;\"><strong><em><span style=\"font-size: 15px;\">* Temperatura consigliata 22-26 \u00b0C e umidit\u00e0 di circa il 70% (non lasciare che il substrato si secchi, spruzza il terrario ogni 2-3 giorni).<\/span><\/em><\/strong><\/span><\/p>\n","protected":false},"excerpt":{"rendered":"<ul class=\"product_attributes\">\n<li><span style=\"color: #555555;\">Dimensioni dell&#8217;obiettivo:<\/span> circa 20 cm<\/li>\n<li><span style=\"color: #555555;\">Esemplare offerto:<\/span> circa 10-15 cm<\/li>\n<li><span style=\"color: #555555;\">Il prezzo si riferisce a 1 pezzo:<\/span> 1 pezzo<\/li>\n<\/ul>\n","protected":false},"featured_media":7241,"template":"","meta":{"_acf_changed":false,"_links_to":"","_links_to_target":""},"product_cat":[185],"product_tag":[],"class_list":{"0":"post-7329","1":"product","2":"type-product","3":"status-publish","4":"has-post-thumbnail","6":"product_cat-wije-it","8":"first","9":"outofstock","10":"shipping-taxable","11":"purchasable","12":"product-type-simple"},"acf":[],"yoast_head":"<!-- This site is optimized with the Yoast SEO plugin v24.9 - https:\/\/yoast.com\/wordpress\/plugins\/seo\/ -->\n<title>Archispirostreptus gigas&quot;Coccodrillo gigante nero e marrone&quot;. | MegaPets<\/title>\n<meta name=\"robots\" content=\"index, follow, max-snippet:-1, max-image-preview:large, max-video-preview:-1\" \/>\n<link rel=\"canonical\" href=\"https:\/\/megapets.eu\/it\/wije-it\/archispirostreptus-gigascoccodrillo-gigante-nero-e-marrone\/\" \/>\n<meta property=\"og:locale\" content=\"it_IT\" \/>\n<meta property=\"og:type\" content=\"article\" \/>\n<meta property=\"og:title\" content=\"Archispirostreptus gigas&quot;Coccodrillo gigante nero e marrone&quot;. | MegaPets\" \/>\n<meta property=\"og:description\" content=\"Dimensioni dell&#039;obiettivo: circa 20 cm  Esemplare offerto: circa 10-15 cm  Il prezzo si riferisce a 1 pezzo: 1 pezzo\" \/>\n<meta property=\"og:url\" content=\"https:\/\/megapets.eu\/it\/wije-it\/archispirostreptus-gigascoccodrillo-gigante-nero-e-marrone\/\" \/>\n<meta property=\"og:site_name\" content=\"MegaPets\" \/>\n<meta property=\"article:publisher\" content=\"https:\/\/www.facebook.com\/MegaPets.eu\/\" \/>\n<meta property=\"og:image\" content=\"https:\/\/megapets.eu\/wp-content\/uploads\/2024\/10\/IMG_20240516_172334.png\" \/>\n\t<meta property=\"og:image:width\" content=\"869\" \/>\n\t<meta property=\"og:image:height\" content=\"572\" \/>\n\t<meta property=\"og:image:type\" content=\"image\/png\" \/>\n<meta name=\"twitter:card\" content=\"summary_large_image\" \/>\n<meta name=\"twitter:label1\" content=\"Tempo di lettura stimato\" \/>\n\t<meta name=\"twitter:data1\" content=\"1 minuto\" \/>\n<script type=\"application\/ld+json\" class=\"yoast-schema-graph\">{\"@context\":\"https:\/\/schema.org\",\"@graph\":[{\"@type\":\"WebPage\",\"@id\":\"https:\/\/megapets.eu\/it\/wije-it\/archispirostreptus-gigascoccodrillo-gigante-nero-e-marrone\/\",\"url\":\"https:\/\/megapets.eu\/it\/wije-it\/archispirostreptus-gigascoccodrillo-gigante-nero-e-marrone\/\",\"name\":\"Archispirostreptus gigas \\\"Coccodrillo gigante nero e marrone\\\". | MegaPets\",\"isPartOf\":{\"@id\":\"https:\/\/megapets.eu\/it\/#website\"},\"primaryImageOfPage\":{\"@id\":\"https:\/\/megapets.eu\/it\/wije-it\/archispirostreptus-gigascoccodrillo-gigante-nero-e-marrone\/#primaryimage\"},\"image\":{\"@id\":\"https:\/\/megapets.eu\/it\/wije-it\/archispirostreptus-gigascoccodrillo-gigante-nero-e-marrone\/#primaryimage\"},\"thumbnailUrl\":\"https:\/\/megapets.eu\/wp-content\/uploads\/2024\/10\/IMG_20240516_172334.png\",\"datePublished\":\"2024-10-05T14:09:37+00:00\",\"breadcrumb\":{\"@id\":\"https:\/\/megapets.eu\/it\/wije-it\/archispirostreptus-gigascoccodrillo-gigante-nero-e-marrone\/#breadcrumb\"},\"inLanguage\":\"it-IT\",\"potentialAction\":[{\"@type\":\"ReadAction\",\"target\":[\"https:\/\/megapets.eu\/it\/wije-it\/archispirostreptus-gigascoccodrillo-gigante-nero-e-marrone\/\"]}]},{\"@type\":\"ImageObject\",\"inLanguage\":\"it-IT\",\"@id\":\"https:\/\/megapets.eu\/it\/wije-it\/archispirostreptus-gigascoccodrillo-gigante-nero-e-marrone\/#primaryimage\",\"url\":\"https:\/\/megapets.eu\/wp-content\/uploads\/2024\/10\/IMG_20240516_172334.png\",\"contentUrl\":\"https:\/\/megapets.eu\/wp-content\/uploads\/2024\/10\/IMG_20240516_172334.png\",\"width\":869,\"height\":572},{\"@type\":\"BreadcrumbList\",\"@id\":\"https:\/\/megapets.eu\/it\/wije-it\/archispirostreptus-gigascoccodrillo-gigante-nero-e-marrone\/#breadcrumb\",\"itemListElement\":[{\"@type\":\"ListItem\",\"position\":1,\"name\":\"Strona g\u0142\u00f3wna\",\"item\":\"https:\/\/megapets.eu\/it\/\"},{\"@type\":\"ListItem\",\"position\":2,\"name\":\"Negozio\",\"item\":\"https:\/\/megapets.eu\/it\/negozio\/\"},{\"@type\":\"ListItem\",\"position\":3,\"name\":\"Archispirostreptus gigas&#8222;Coccodrillo gigante nero e marrone\\\".\"}]},{\"@type\":\"WebSite\",\"@id\":\"https:\/\/megapets.eu\/it\/#website\",\"url\":\"https:\/\/megapets.eu\/it\/\",\"name\":\"Mega Pets\",\"description\":\"Jedna z najwi\u0119kszych hodowli \u015blimak\u00f3w w Europie\",\"publisher\":{\"@id\":\"https:\/\/megapets.eu\/it\/#organization\"},\"alternateName\":\"Mega Pets\",\"potentialAction\":[{\"@type\":\"SearchAction\",\"target\":{\"@type\":\"EntryPoint\",\"urlTemplate\":\"https:\/\/megapets.eu\/it\/?s={search_term_string}\"},\"query-input\":{\"@type\":\"PropertyValueSpecification\",\"valueRequired\":true,\"valueName\":\"search_term_string\"}}],\"inLanguage\":\"it-IT\"},{\"@type\":\"Organization\",\"@id\":\"https:\/\/megapets.eu\/it\/#organization\",\"name\":\"Mega Pets\",\"url\":\"https:\/\/megapets.eu\/it\/\",\"logo\":{\"@type\":\"ImageObject\",\"inLanguage\":\"it-IT\",\"@id\":\"https:\/\/megapets.eu\/it\/#\/schema\/logo\/image\/\",\"url\":\"https:\/\/megapets.eu\/wp-content\/uploads\/2025\/04\/megapets_eu-logo.png\",\"contentUrl\":\"https:\/\/megapets.eu\/wp-content\/uploads\/2025\/04\/megapets_eu-logo.png\",\"width\":2362,\"height\":2362,\"caption\":\"Mega Pets\"},\"image\":{\"@id\":\"https:\/\/megapets.eu\/it\/#\/schema\/logo\/image\/\"},\"sameAs\":[\"https:\/\/www.facebook.com\/MegaPets.eu\/\"]}]}<\/script>\n<!-- \/ Yoast SEO plugin. -->","yoast_head_json":{"title":"Archispirostreptus gigas\"Coccodrillo gigante nero e marrone\". | MegaPets","robots":{"index":"index","follow":"follow","max-snippet":"max-snippet:-1","max-image-preview":"max-image-preview:large","max-video-preview":"max-video-preview:-1"},"canonical":"https:\/\/megapets.eu\/it\/wije-it\/archispirostreptus-gigascoccodrillo-gigante-nero-e-marrone\/","og_locale":"it_IT","og_type":"article","og_title":"Archispirostreptus gigas\"Coccodrillo gigante nero e marrone\". | MegaPets","og_description":"Dimensioni dell'obiettivo: circa 20 cm  Esemplare offerto: circa 10-15 cm  Il prezzo si riferisce a 1 pezzo: 1 pezzo","og_url":"https:\/\/megapets.eu\/it\/wije-it\/archispirostreptus-gigascoccodrillo-gigante-nero-e-marrone\/","og_site_name":"MegaPets","article_publisher":"https:\/\/www.facebook.com\/MegaPets.eu\/","og_image":[{"width":869,"height":572,"url":"https:\/\/megapets.eu\/wp-content\/uploads\/2024\/10\/IMG_20240516_172334.png","type":"image\/png"}],"twitter_card":"summary_large_image","twitter_misc":{"Tempo di lettura stimato":"1 minuto"},"schema":{"@context":"https:\/\/schema.org","@graph":[{"@type":"WebPage","@id":"https:\/\/megapets.eu\/it\/wije-it\/archispirostreptus-gigascoccodrillo-gigante-nero-e-marrone\/","url":"https:\/\/megapets.eu\/it\/wije-it\/archispirostreptus-gigascoccodrillo-gigante-nero-e-marrone\/","name":"Archispirostreptus gigas \"Coccodrillo gigante nero e marrone\". | MegaPets","isPartOf":{"@id":"https:\/\/megapets.eu\/it\/#website"},"primaryImageOfPage":{"@id":"https:\/\/megapets.eu\/it\/wije-it\/archispirostreptus-gigascoccodrillo-gigante-nero-e-marrone\/#primaryimage"},"image":{"@id":"https:\/\/megapets.eu\/it\/wije-it\/archispirostreptus-gigascoccodrillo-gigante-nero-e-marrone\/#primaryimage"},"thumbnailUrl":"https:\/\/megapets.eu\/wp-content\/uploads\/2024\/10\/IMG_20240516_172334.png","datePublished":"2024-10-05T14:09:37+00:00","breadcrumb":{"@id":"https:\/\/megapets.eu\/it\/wije-it\/archispirostreptus-gigascoccodrillo-gigante-nero-e-marrone\/#breadcrumb"},"inLanguage":"it-IT","potentialAction":[{"@type":"ReadAction","target":["https:\/\/megapets.eu\/it\/wije-it\/archispirostreptus-gigascoccodrillo-gigante-nero-e-marrone\/"]}]},{"@type":"ImageObject","inLanguage":"it-IT","@id":"https:\/\/megapets.eu\/it\/wije-it\/archispirostreptus-gigascoccodrillo-gigante-nero-e-marrone\/#primaryimage","url":"https:\/\/megapets.eu\/wp-content\/uploads\/2024\/10\/IMG_20240516_172334.png","contentUrl":"https:\/\/megapets.eu\/wp-content\/uploads\/2024\/10\/IMG_20240516_172334.png","width":869,"height":572},{"@type":"BreadcrumbList","@id":"https:\/\/megapets.eu\/it\/wije-it\/archispirostreptus-gigascoccodrillo-gigante-nero-e-marrone\/#breadcrumb","itemListElement":[{"@type":"ListItem","position":1,"name":"Strona g\u0142\u00f3wna","item":"https:\/\/megapets.eu\/it\/"},{"@type":"ListItem","position":2,"name":"Negozio","item":"https:\/\/megapets.eu\/it\/negozio\/"},{"@type":"ListItem","position":3,"name":"Archispirostreptus gigas&#8222;Coccodrillo gigante nero e marrone\"."}]},{"@type":"WebSite","@id":"https:\/\/megapets.eu\/it\/#website","url":"https:\/\/megapets.eu\/it\/","name":"Mega Pets","description":"Jedna z najwi\u0119kszych hodowli \u015blimak\u00f3w w Europie","publisher":{"@id":"https:\/\/megapets.eu\/it\/#organization"},"alternateName":"Mega Pets","potentialAction":[{"@type":"SearchAction","target":{"@type":"EntryPoint","urlTemplate":"https:\/\/megapets.eu\/it\/?s={search_term_string}"},"query-input":{"@type":"PropertyValueSpecification","valueRequired":true,"valueName":"search_term_string"}}],"inLanguage":"it-IT"},{"@type":"Organization","@id":"https:\/\/megapets.eu\/it\/#organization","name":"Mega Pets","url":"https:\/\/megapets.eu\/it\/","logo":{"@type":"ImageObject","inLanguage":"it-IT","@id":"https:\/\/megapets.eu\/it\/#\/schema\/logo\/image\/","url":"https:\/\/megapets.eu\/wp-content\/uploads\/2025\/04\/megapets_eu-logo.png","contentUrl":"https:\/\/megapets.eu\/wp-content\/uploads\/2025\/04\/megapets_eu-logo.png","width":2362,"height":2362,"caption":"Mega Pets"},"image":{"@id":"https:\/\/megapets.eu\/it\/#\/schema\/logo\/image\/"},"sameAs":["https:\/\/www.facebook.com\/MegaPets.eu\/"]}]}},"_links":{"self":[{"href":"https:\/\/megapets.eu\/it\/wp-json\/wp\/v2\/product\/7329","targetHints":{"allow":["GET"]}}],"collection":[{"href":"https:\/\/megapets.eu\/it\/wp-json\/wp\/v2\/product"}],"about":[{"href":"https:\/\/megapets.eu\/it\/wp-json\/wp\/v2\/types\/product"}],"wp:featuredmedia":[{"embeddable":true,"href":"https:\/\/megapets.eu\/it\/wp-json\/wp\/v2\/media\/7241"}],"wp:attachment":[{"href":"https:\/\/megapets.eu\/it\/wp-json\/wp\/v2\/media?parent=7329"}],"wp:term":[{"taxonomy":"product_cat","embeddable":true,"href":"https:\/\/megapets.eu\/it\/wp-json\/wp\/v2\/product_cat?post=7329"},{"taxonomy":"product_tag","embeddable":true,"href":"https:\/\/megapets.eu\/it\/wp-json\/wp\/v2\/product_tag?post=7329"}],"curies":[{"name":"wp","href":"https:\/\/api.w.org\/{rel}","templated":true}]}}