{"id":7351,"date":"2024-10-06T10:56:45","date_gmt":"2024-10-06T10:56:45","guid":{"rendered":"https:\/\/megapets.eu\/senza-categoria\/archachatina-marginata-ovulo-pseudoleucistico\/"},"modified":"2024-10-06T10:56:45","modified_gmt":"2024-10-06T10:56:45","slug":"archachatina-marginata-ovulo-pseudoleucistico","status":"publish","type":"product","link":"https:\/\/megapets.eu\/it\/lumache\/archachatina-marginata-ovulo-pseudoleucistico\/","title":{"rendered":"Archachatina marginata ovulo pseudoleucistico"},"content":{"rendered":"<p style=\"text-align: left;\"><span style=\"font-size: 15px;\"><strong><span style=\"color: #000000;\"><em>Specie: <\/em><\/span><\/strong><span style=\"color: #000000;\"><em>Archachatina marginata ovum (L. Pfeiffer, 1858).<\/em><\/span><strong><span style=\"color: #000000;\"><em><br \/>\nVariet\u00e0 di colore:<\/em><\/span><\/strong><span style=\"color: #000000;\"><em> pseudoleucistico<\/em><\/span><\/span><\/p>\n<p style=\"text-align: left;\"><span style=\"font-size: 15px;\"><strong><span style=\"color: #000000;\"><em><span style=\"color: #008000;\"><span style=\"color: #424242;\"><img decoding=\"async\" src=\"https:\/\/static.xx.fbcdn.net\/images\/emoji.php\/v9\/tb4\/1\/16\/2b50.png\" alt=\"\u2b50\ufe0f\" \/> <\/span><\/span><\/em><\/span><\/strong><span style=\"color: #000000;\"><em>Offerta di giovani da una coppia di genitori non imparentati. Grazie alla continua selezione di coppie adatte e alla creazione di coppie di generazione in generazione, vengono mantenute con successo linee di allevamento non imparentate e con pedigree di bellissimi giganti.<\/em><\/span><\/span><\/p>\n<p style=\"text-align: left;\"><span style=\"font-size: 15px;\"><span style=\"color: #000000;\"><em><span style=\"color: #008000;\"><span style=\"color: #424242;\"><img decoding=\"async\" src=\"https:\/\/static.xx.fbcdn.net\/images\/emoji.php\/v9\/t18\/1\/16\/1fa76.png\" alt=\"\ud83e\ude76\" \/> <span style=\"color: #333333;\">Le lumache della variet\u00e0 cromatica pseudoleucistica sono caratterizzate da un&#8217;eccezionale eleganza, sottolineata dalle antenne scure contro il colore chiaro del corpo. Il colore predominante del corpo \u00e8 il bianco, il crema o le sfumature dell&#8217;avorio. La colorazione grigio-marrone degli organi sensoriali passa senza problemi al colore chiaro &#8211; l&#8217;effetto ombra \ud83d\udda4\ud83e\ude76\ud83e\udd0d tra due tonalit\u00e0 adiacenti crea un contrasto sorprendente con il resto del corpo, conferendo alle lumache di questa variet\u00e0 un aspetto unico. La distribuzione delle aree scure pu\u00f2 riguardare non solo la sensilla rubiconda, ma anche la testa. I sensilli delle chiocciole appena nate sono piuttosto scuri, ma possono diventare pi\u00f9 chiari con la crescita.<\/span><\/span><\/span><\/em><\/span><\/span><\/p>\n<p style=\"text-align: left;\"><span style=\"color: #000000; font-size: 15px;\"><em><span class=\"x1xsqp64 xiy17q3 x1o6pynw x19co3pv xdj266r xcwd3tp xat24cr x39eecv x2b8uid\" data-testid=\"emoji\"><span class=\"xexx8yu xn5pp95 x18d9i69 x2fxd7x x3jgonx x1bhl96m\"><img loading=\"lazy\" decoding=\"async\" class=\"\" src=\"https:\/\/static.xx.fbcdn.net\/images\/emoji.php\/v9\/t66\/1\/32\/1f4cc.png\" alt=\"\ud83d\udccc\" width=\"18\" height=\"18\" \/> Di solito la conchiglia di questa specie raggiunge dimensioni ragguardevoli, intorno ai 12-15 cm.<\/span><\/span><\/em><\/span><\/p>\n<p style=\"text-align: left;\"><span style=\"color: #000000; font-size: 15px;\"><em><img loading=\"lazy\" decoding=\"async\" class=\"xz74otr\" src=\"https:\/\/static.xx.fbcdn.net\/images\/emoji.php\/v9\/t1e\/1\/16\/1f33f.png\" alt=\"\ud83c\udf3f\" width=\"18\" height=\"18\" \/> <span style=\"color: #008000;\">Come la maggior parte delle specie del genere Archachatina, queste lumache sono poco esigenti e prosperano se vengono loro fornite le condizioni di base per il mantenimento.<\/span><\/em><\/span><\/p>\n","protected":false},"excerpt":{"rendered":"<ul>\n<li>Dimensioni del guscio di destinazione:\n<ul>\n<li>ca. 12-15 cm<\/li>\n<\/ul>\n<\/li>\n<li>Da una coppia non imparentata:\n<ul>\n<li>P16<\/li>\n<\/ul>\n<\/li>\n<li>Giovane offerto:\n<ul>\n<li>ca. 4-5 cm<\/li>\n<\/ul>\n<\/li>\n<li>Il prezzo \u00e8 per:\n<ul>\n<li>1 pezzo<\/li>\n<\/ul>\n<\/li>\n<\/ul>\n","protected":false},"featured_media":7352,"template":"","meta":{"_acf_changed":false,"_links_to":"","_links_to_target":""},"product_cat":[183],"product_tag":[],"class_list":{"0":"post-7351","1":"product","2":"type-product","3":"status-publish","4":"has-post-thumbnail","6":"product_cat-lumache","8":"first","9":"outofstock","10":"shipping-taxable","11":"purchasable","12":"product-type-simple"},"acf":[],"yoast_head":"<!-- This site is optimized with the Yoast SEO plugin v24.9 - https:\/\/yoast.com\/wordpress\/plugins\/seo\/ -->\n<title>Archachatina marginata ovulo pseudoleucistico | MegaPets<\/title>\n<meta name=\"robots\" content=\"index, follow, max-snippet:-1, max-image-preview:large, max-video-preview:-1\" \/>\n<link rel=\"canonical\" href=\"https:\/\/megapets.eu\/it\/lumache\/archachatina-marginata-ovulo-pseudoleucistico\/\" \/>\n<meta property=\"og:locale\" content=\"it_IT\" \/>\n<meta property=\"og:type\" content=\"article\" \/>\n<meta property=\"og:title\" content=\"Archachatina marginata ovulo pseudoleucistico | MegaPets\" \/>\n<meta property=\"og:description\" content=\"Dimensioni del guscio di destinazione:  ca. 12-15 cm   Da una coppia non imparentata:  P16   Giovane offerto:  ca. 4-5 cm   Il prezzo \u00e8 per:  1 pezzo\" \/>\n<meta property=\"og:url\" content=\"https:\/\/megapets.eu\/it\/lumache\/archachatina-marginata-ovulo-pseudoleucistico\/\" \/>\n<meta property=\"og:site_name\" content=\"MegaPets\" \/>\n<meta property=\"article:publisher\" content=\"https:\/\/www.facebook.com\/MegaPets.eu\/\" \/>\n<meta property=\"og:image\" content=\"https:\/\/megapets.eu\/wp-content\/uploads\/2024\/10\/28-White-Honey-P16-Excel.png\" \/>\n\t<meta property=\"og:image:width\" content=\"1048\" \/>\n\t<meta property=\"og:image:height\" content=\"694\" \/>\n\t<meta property=\"og:image:type\" content=\"image\/png\" \/>\n<meta name=\"twitter:card\" content=\"summary_large_image\" \/>\n<meta name=\"twitter:label1\" content=\"Tempo di lettura stimato\" \/>\n\t<meta name=\"twitter:data1\" content=\"1 minuto\" \/>\n<script type=\"application\/ld+json\" class=\"yoast-schema-graph\">{\"@context\":\"https:\/\/schema.org\",\"@graph\":[{\"@type\":\"WebPage\",\"@id\":\"https:\/\/megapets.eu\/it\/lumache\/archachatina-marginata-ovulo-pseudoleucistico\/\",\"url\":\"https:\/\/megapets.eu\/it\/lumache\/archachatina-marginata-ovulo-pseudoleucistico\/\",\"name\":\"Archachatina marginata ovulo pseudoleucistico | MegaPets\",\"isPartOf\":{\"@id\":\"https:\/\/megapets.eu\/it\/#website\"},\"primaryImageOfPage\":{\"@id\":\"https:\/\/megapets.eu\/it\/lumache\/archachatina-marginata-ovulo-pseudoleucistico\/#primaryimage\"},\"image\":{\"@id\":\"https:\/\/megapets.eu\/it\/lumache\/archachatina-marginata-ovulo-pseudoleucistico\/#primaryimage\"},\"thumbnailUrl\":\"https:\/\/megapets.eu\/wp-content\/uploads\/2024\/10\/28-White-Honey-P16-Excel.png\",\"datePublished\":\"2024-10-06T10:56:45+00:00\",\"breadcrumb\":{\"@id\":\"https:\/\/megapets.eu\/it\/lumache\/archachatina-marginata-ovulo-pseudoleucistico\/#breadcrumb\"},\"inLanguage\":\"it-IT\",\"potentialAction\":[{\"@type\":\"ReadAction\",\"target\":[\"https:\/\/megapets.eu\/it\/lumache\/archachatina-marginata-ovulo-pseudoleucistico\/\"]}]},{\"@type\":\"ImageObject\",\"inLanguage\":\"it-IT\",\"@id\":\"https:\/\/megapets.eu\/it\/lumache\/archachatina-marginata-ovulo-pseudoleucistico\/#primaryimage\",\"url\":\"https:\/\/megapets.eu\/wp-content\/uploads\/2024\/10\/28-White-Honey-P16-Excel.png\",\"contentUrl\":\"https:\/\/megapets.eu\/wp-content\/uploads\/2024\/10\/28-White-Honey-P16-Excel.png\",\"width\":1048,\"height\":694},{\"@type\":\"BreadcrumbList\",\"@id\":\"https:\/\/megapets.eu\/it\/lumache\/archachatina-marginata-ovulo-pseudoleucistico\/#breadcrumb\",\"itemListElement\":[{\"@type\":\"ListItem\",\"position\":1,\"name\":\"Strona g\u0142\u00f3wna\",\"item\":\"https:\/\/megapets.eu\/it\/\"},{\"@type\":\"ListItem\",\"position\":2,\"name\":\"Negozio\",\"item\":\"https:\/\/megapets.eu\/it\/negozio\/\"},{\"@type\":\"ListItem\",\"position\":3,\"name\":\"Archachatina marginata ovulo pseudoleucistico\"}]},{\"@type\":\"WebSite\",\"@id\":\"https:\/\/megapets.eu\/it\/#website\",\"url\":\"https:\/\/megapets.eu\/it\/\",\"name\":\"Mega Pets\",\"description\":\"Jedna z najwi\u0119kszych hodowli \u015blimak\u00f3w w Europie\",\"publisher\":{\"@id\":\"https:\/\/megapets.eu\/it\/#organization\"},\"alternateName\":\"Mega Pets\",\"potentialAction\":[{\"@type\":\"SearchAction\",\"target\":{\"@type\":\"EntryPoint\",\"urlTemplate\":\"https:\/\/megapets.eu\/it\/?s={search_term_string}\"},\"query-input\":{\"@type\":\"PropertyValueSpecification\",\"valueRequired\":true,\"valueName\":\"search_term_string\"}}],\"inLanguage\":\"it-IT\"},{\"@type\":\"Organization\",\"@id\":\"https:\/\/megapets.eu\/it\/#organization\",\"name\":\"Mega Pets\",\"url\":\"https:\/\/megapets.eu\/it\/\",\"logo\":{\"@type\":\"ImageObject\",\"inLanguage\":\"it-IT\",\"@id\":\"https:\/\/megapets.eu\/it\/#\/schema\/logo\/image\/\",\"url\":\"https:\/\/megapets.eu\/wp-content\/uploads\/2025\/04\/megapets_eu-logo.png\",\"contentUrl\":\"https:\/\/megapets.eu\/wp-content\/uploads\/2025\/04\/megapets_eu-logo.png\",\"width\":2362,\"height\":2362,\"caption\":\"Mega Pets\"},\"image\":{\"@id\":\"https:\/\/megapets.eu\/it\/#\/schema\/logo\/image\/\"},\"sameAs\":[\"https:\/\/www.facebook.com\/MegaPets.eu\/\"]}]}<\/script>\n<!-- \/ Yoast SEO plugin. -->","yoast_head_json":{"title":"Archachatina marginata ovulo pseudoleucistico | MegaPets","robots":{"index":"index","follow":"follow","max-snippet":"max-snippet:-1","max-image-preview":"max-image-preview:large","max-video-preview":"max-video-preview:-1"},"canonical":"https:\/\/megapets.eu\/it\/lumache\/archachatina-marginata-ovulo-pseudoleucistico\/","og_locale":"it_IT","og_type":"article","og_title":"Archachatina marginata ovulo pseudoleucistico | MegaPets","og_description":"Dimensioni del guscio di destinazione:  ca. 12-15 cm   Da una coppia non imparentata:  P16   Giovane offerto:  ca. 4-5 cm   Il prezzo \u00e8 per:  1 pezzo","og_url":"https:\/\/megapets.eu\/it\/lumache\/archachatina-marginata-ovulo-pseudoleucistico\/","og_site_name":"MegaPets","article_publisher":"https:\/\/www.facebook.com\/MegaPets.eu\/","og_image":[{"width":1048,"height":694,"url":"https:\/\/megapets.eu\/wp-content\/uploads\/2024\/10\/28-White-Honey-P16-Excel.png","type":"image\/png"}],"twitter_card":"summary_large_image","twitter_misc":{"Tempo di lettura stimato":"1 minuto"},"schema":{"@context":"https:\/\/schema.org","@graph":[{"@type":"WebPage","@id":"https:\/\/megapets.eu\/it\/lumache\/archachatina-marginata-ovulo-pseudoleucistico\/","url":"https:\/\/megapets.eu\/it\/lumache\/archachatina-marginata-ovulo-pseudoleucistico\/","name":"Archachatina marginata ovulo pseudoleucistico | MegaPets","isPartOf":{"@id":"https:\/\/megapets.eu\/it\/#website"},"primaryImageOfPage":{"@id":"https:\/\/megapets.eu\/it\/lumache\/archachatina-marginata-ovulo-pseudoleucistico\/#primaryimage"},"image":{"@id":"https:\/\/megapets.eu\/it\/lumache\/archachatina-marginata-ovulo-pseudoleucistico\/#primaryimage"},"thumbnailUrl":"https:\/\/megapets.eu\/wp-content\/uploads\/2024\/10\/28-White-Honey-P16-Excel.png","datePublished":"2024-10-06T10:56:45+00:00","breadcrumb":{"@id":"https:\/\/megapets.eu\/it\/lumache\/archachatina-marginata-ovulo-pseudoleucistico\/#breadcrumb"},"inLanguage":"it-IT","potentialAction":[{"@type":"ReadAction","target":["https:\/\/megapets.eu\/it\/lumache\/archachatina-marginata-ovulo-pseudoleucistico\/"]}]},{"@type":"ImageObject","inLanguage":"it-IT","@id":"https:\/\/megapets.eu\/it\/lumache\/archachatina-marginata-ovulo-pseudoleucistico\/#primaryimage","url":"https:\/\/megapets.eu\/wp-content\/uploads\/2024\/10\/28-White-Honey-P16-Excel.png","contentUrl":"https:\/\/megapets.eu\/wp-content\/uploads\/2024\/10\/28-White-Honey-P16-Excel.png","width":1048,"height":694},{"@type":"BreadcrumbList","@id":"https:\/\/megapets.eu\/it\/lumache\/archachatina-marginata-ovulo-pseudoleucistico\/#breadcrumb","itemListElement":[{"@type":"ListItem","position":1,"name":"Strona g\u0142\u00f3wna","item":"https:\/\/megapets.eu\/it\/"},{"@type":"ListItem","position":2,"name":"Negozio","item":"https:\/\/megapets.eu\/it\/negozio\/"},{"@type":"ListItem","position":3,"name":"Archachatina marginata ovulo pseudoleucistico"}]},{"@type":"WebSite","@id":"https:\/\/megapets.eu\/it\/#website","url":"https:\/\/megapets.eu\/it\/","name":"Mega Pets","description":"Jedna z najwi\u0119kszych hodowli \u015blimak\u00f3w w Europie","publisher":{"@id":"https:\/\/megapets.eu\/it\/#organization"},"alternateName":"Mega Pets","potentialAction":[{"@type":"SearchAction","target":{"@type":"EntryPoint","urlTemplate":"https:\/\/megapets.eu\/it\/?s={search_term_string}"},"query-input":{"@type":"PropertyValueSpecification","valueRequired":true,"valueName":"search_term_string"}}],"inLanguage":"it-IT"},{"@type":"Organization","@id":"https:\/\/megapets.eu\/it\/#organization","name":"Mega Pets","url":"https:\/\/megapets.eu\/it\/","logo":{"@type":"ImageObject","inLanguage":"it-IT","@id":"https:\/\/megapets.eu\/it\/#\/schema\/logo\/image\/","url":"https:\/\/megapets.eu\/wp-content\/uploads\/2025\/04\/megapets_eu-logo.png","contentUrl":"https:\/\/megapets.eu\/wp-content\/uploads\/2025\/04\/megapets_eu-logo.png","width":2362,"height":2362,"caption":"Mega Pets"},"image":{"@id":"https:\/\/megapets.eu\/it\/#\/schema\/logo\/image\/"},"sameAs":["https:\/\/www.facebook.com\/MegaPets.eu\/"]}]}},"_links":{"self":[{"href":"https:\/\/megapets.eu\/it\/wp-json\/wp\/v2\/product\/7351","targetHints":{"allow":["GET"]}}],"collection":[{"href":"https:\/\/megapets.eu\/it\/wp-json\/wp\/v2\/product"}],"about":[{"href":"https:\/\/megapets.eu\/it\/wp-json\/wp\/v2\/types\/product"}],"wp:featuredmedia":[{"embeddable":true,"href":"https:\/\/megapets.eu\/it\/wp-json\/wp\/v2\/media\/7352"}],"wp:attachment":[{"href":"https:\/\/megapets.eu\/it\/wp-json\/wp\/v2\/media?parent=7351"}],"wp:term":[{"taxonomy":"product_cat","embeddable":true,"href":"https:\/\/megapets.eu\/it\/wp-json\/wp\/v2\/product_cat?post=7351"},{"taxonomy":"product_tag","embeddable":true,"href":"https:\/\/megapets.eu\/it\/wp-json\/wp\/v2\/product_tag?post=7351"}],"curies":[{"name":"wp","href":"https:\/\/api.w.org\/{rel}","templated":true}]}}