{"id":7392,"date":"2024-10-06T08:36:06","date_gmt":"2024-10-06T08:36:06","guid":{"rendered":"https:\/\/megapets.eu\/senza-categoria\/euphrynichus-bacilliferaracnide-da-terrario\/"},"modified":"2024-10-06T08:36:06","modified_gmt":"2024-10-06T08:36:06","slug":"euphrynichus-bacilliferaracnide-da-terrario","status":"publish","type":"product","link":"https:\/\/megapets.eu\/it\/altro\/euphrynichus-bacilliferaracnide-da-terrario\/","title":{"rendered":"Euphrynichus bacillifer<br \/>Aracnide da terrario"},"content":{"rendered":"<p class=\"v1v1v1v1MsoNormal\"><span style=\"color: #424242;\"><strong><em><span style=\"font-size: 15px;\">Amblypygi: specie Euphrynichus bacillifer.<\/span><\/em><\/strong><\/span><\/p>\n<p><strong style=\"color: #424242;\"><em><span style=\"font-size: 15px;\"><strong><span class=\"x1xsqp64 xiy17q3 x1o6pynw x19co3pv xdj266r xcwd3tp xat24cr x39eecv x2b8uid\" data-testid=\"emoji\"><span class=\"xexx8yu xn5pp95 x18d9i69 x2fxd7x x3jgonx x1bhl96m\"><br \/>\n<img decoding=\"async\" src=\"https:\/\/static.xx.fbcdn.net\/images\/emoji.php\/v9\/tba\/1\/16\/1f54a.png\" alt=\"\ud83d\udd4a\" \/><img decoding=\"async\" src=\"https:\/\/static.xx.fbcdn.net\/images\/emoji.php\/v9\/t1e\/1\/16\/1f33f.png\" alt=\"\ud83c\udf3f\" \/><img decoding=\"async\" src=\"https:\/\/static.xx.fbcdn.net\/images\/emoji.php\/v9\/tba\/1\/16\/1f54a.png\" alt=\"\ud83d\udd4a\" \/><img decoding=\"async\" src=\"https:\/\/static.xx.fbcdn.net\/images\/emoji.php\/v9\/t1e\/1\/16\/1f33f.png\" alt=\"\ud83c\udf3f\" \/><img decoding=\"async\" src=\"https:\/\/static.xx.fbcdn.net\/images\/emoji.php\/v9\/tba\/1\/16\/1f54a.png\" alt=\"\ud83d\udd4a\" \/>Gli Amblypygi Euphrynichus bacillifer non sono animali velenosi, sono delicati e facili da tenere, consigliati ai principianti. Gli aracnidi \ud83d\udd77\ud83d\udd78 della specie Euphrynichus bacillifer crescono fino alle dimensioni di una mano\ud83d\udda4. <\/span><\/span><\/strong><\/span><\/em><\/strong><\/p>\n<p><strong style=\"color: #424242;\"><em><span style=\"font-size: 15px;\"><strong><span class=\"x1xsqp64 xiy17q3 x1o6pynw x19co3pv xdj266r xcwd3tp xat24cr x39eecv x2b8uid\" data-testid=\"emoji\"><span class=\"xexx8yu xn5pp95 x18d9i69 x2fxd7x x3jgonx x1bhl96m\"><span style=\"font-size: 15px; color: #424242;\"><span style=\"color: #424242;\">\ud83d\udd77\ud83d\udd78\u2764\ufe0f<\/span><\/span><span style=\"font-size: 15px; color: #424242;\"><span style=\"color: #424242;\"> <\/span><\/span>Cerchi qualcosa di bello da allevare per iniziare? Gli Amblypygi (Phrynus) sono animali straordinari che crescono fino a raggiungere dimensioni enormi, fino al palmo della tua mano. L&#8217;Euphrynichus bacillifer si distingue dalle altre specie di amblypyg perch\u00e9 \u00e8 molto facile da allevare ed \u00e8 consigliato ai principianti. Questo tipo di amblypyg si distingue per il suo comportamento molto calmo e armonioso. Raramente adottano un atteggiamento difensivo e non predano la loro stessa specie, preferendo grilli e scarafaggi. Questa specie subisce la muta senza problemi e si riproduce in cattivit\u00e0. Cresce rapidamente e soddisfa i suoi proprietari.<\/span><\/span><\/strong><\/span><\/em><\/strong><\/p>\n<p><strong style=\"color: #424242;\"><em><span style=\"font-size: 15px;\"><strong><span class=\"x1xsqp64 xiy17q3 x1o6pynw x19co3pv xdj266r xcwd3tp xat24cr x39eecv x2b8uid\" data-testid=\"emoji\"><span class=\"xexx8yu xn5pp95 x18d9i69 x2fxd7x x3jgonx x1bhl96m\"><img decoding=\"async\" src=\"https:\/\/static.xx.fbcdn.net\/images\/emoji.php\/v9\/t50\/1\/16\/1f525.png\" alt=\"\ud83d\udd25\" \/><img decoding=\"async\" src=\"https:\/\/static.xx.fbcdn.net\/images\/emoji.php\/v9\/t50\/1\/16\/1f525.png\" alt=\"\ud83d\udd25\" \/><img decoding=\"async\" src=\"https:\/\/static.xx.fbcdn.net\/images\/emoji.php\/v9\/t50\/1\/16\/1f525.png\" alt=\"\ud83d\udd25\" \/> \u00c8 un animale molto popolare, che forse conoscerai grazie alla quarta parte di Harry Potter <img decoding=\"async\" src=\"https:\/\/static.xx.fbcdn.net\/images\/emoji.php\/v9\/t50\/1\/16\/1f525.png\" alt=\"\ud83d\udd25\" \/><img decoding=\"async\" src=\"https:\/\/static.xx.fbcdn.net\/images\/emoji.php\/v9\/t50\/1\/16\/1f525.png\" alt=\"\ud83d\udd25\" \/><img decoding=\"async\" src=\"https:\/\/static.xx.fbcdn.net\/images\/emoji.php\/v9\/t50\/1\/16\/1f525.png\" alt=\"\ud83d\udd25\" \/>.<\/span><\/span><\/strong><\/span><\/em><\/strong><\/p>\n<p><strong style=\"color: #424242;\"><strong><em><span style=\"font-size: 15px; color: #424242;\"><span style=\"font-size: 15px;\"><span class=\"x1xsqp64 xiy17q3 x1o6pynw x19co3pv xdj266r xcwd3tp xat24cr x39eecv x2b8uid\" data-testid=\"emoji\"><span class=\"xexx8yu xn5pp95 x18d9i69 x2fxd7x x3jgonx x1bhl96m\"><span style=\"color: #424242;\">\u2764\ufe0f\ud83e\udde1\u2764\ufe0f <\/span><\/span><\/span><\/span>Cerchi qualcosa di divertente da allevare per iniziare? Le code saltanti sono creature bellissime e facili da tenere, completamente sicure per gli esseri umani e non mordono. Hanno mascelle deboli che si adattano a sminuzzare la materia vegetale. Le code saltanti preferiscono i luoghi umidi, vivono nello strato superiore del substrato e si nutrono di foglie, di un substrato multicomponente progettato per l&#8217;allevamento dei coccodrilli, di verdura e frutta.<\/span><\/em><\/strong><\/strong><\/p>\n<p class=\"v1v1v1v1MsoNormal\"><span style=\"color: #424242;\"><strong><em><span style=\"font-size: 15px;\"><span class=\"x1xsqp64 xiy17q3 x1o6pynw x19co3pv xdj266r xcwd3tp xat24cr x39eecv x2b8uid\" data-testid=\"emoji\"><span class=\"xexx8yu xn5pp95 x18d9i69 x2fxd7x x3jgonx x1bhl96m\"><img decoding=\"async\" src=\"https:\/\/static.xx.fbcdn.net\/images\/emoji.php\/v9\/t1e\/1\/16\/1f33f.png\" alt=\"\ud83c\udf3f\" \/> <\/span><\/span>Tutto ci\u00f2 di cui ha bisogno questo animale per svilupparsi e vivere con successo in un terrario \u00e8:<\/span><\/em><\/strong><\/span><\/p>\n<p class=\"v1v1v1v1MsoNormal\"><span style=\"color: #008000;\"><strong><em><span style=\"font-size: 15px;\">* Corteccia di quercia da sughero. L&#8217;animale trascorre la maggior parte della sua vita sulla corteccia, effettua la muta, si nutre e utilizza un luogo ombreggiato come nascondiglio.<\/span><\/em><\/strong><\/span><\/p>\n<p class=\"v1v1v1v1MsoNormal\"><span style=\"color: #008000;\"><strong><em><span style=\"font-size: 15px;\">* Temperatura ambiente consigliata 22-26 \u00b0C, umidit\u00e0 al 70%. <\/span><\/em><\/strong><\/span><\/p>\n<p class=\"v1v1v1v1MsoNormal\"><span style=\"color: #008000;\"><strong><em><span style=\"font-size: 15px;\">* Grilli e scarafaggi 2-3 volte pi\u00f9 piccoli di un aracnide sono la dieta base di questo animale.<\/span><\/em><\/strong><\/span><\/p>\n<p class=\"v1v1v1v1MsoNormal\"><span style=\"color: #008000;\"><strong><em><span style=\"font-size: 15px;\">* Gli ambliopidi hanno bisogno di una buona ventilazione, non tollerano la muffa e l&#8217;aria stagnante. La rete serve solo per ventilare il terrario;<\/span><\/em><\/strong><\/span><\/p>\n<p class=\"v1v1v1v1MsoNormal\"><span style=\"color: #008000;\"><strong><em><span style=\"font-size: 15px;\">* La vermiculite \u00e8 il substrato ideale per questo tipo di animali. Non cede alla muffa, gli ospiti indesiderati non attecchiscono su di essa ed \u00e8 facile mantenere un&#8217;umidit\u00e0 adeguata.<\/span><\/em><\/strong><\/span><\/p>\n","protected":false},"excerpt":{"rendered":"<ul class=\"product_attributes\">\n<li><strong>Dimensioni target degli individui:<\/strong> <span style=\"color: #000000;\">circa 8 cm<\/span><\/li>\n<li>Giovani offerti: 1-2<span style=\"color: #000000;\"> cm<\/span><\/li>\n<li>Il prezzo \u00e8 per: 1<span style=\"color: #000000;\"> pezzi<\/span><\/li>\n<\/ul>\n","protected":false},"featured_media":7393,"template":"","meta":{"_acf_changed":false,"_links_to":"","_links_to_target":""},"product_cat":[187],"product_tag":[],"class_list":{"0":"post-7392","1":"product","2":"type-product","3":"status-publish","4":"has-post-thumbnail","6":"product_cat-altro","8":"first","9":"instock","10":"shipping-taxable","11":"purchasable","12":"product-type-simple"},"acf":[],"yoast_head":"<!-- This site is optimized with the Yoast SEO plugin v24.9 - https:\/\/yoast.com\/wordpress\/plugins\/seo\/ -->\n<title>Euphrynichus bacilliferAracnide da terrario | MegaPets<\/title>\n<meta name=\"robots\" content=\"index, follow, max-snippet:-1, max-image-preview:large, max-video-preview:-1\" \/>\n<link rel=\"canonical\" href=\"https:\/\/megapets.eu\/it\/altro\/euphrynichus-bacilliferaracnide-da-terrario\/\" \/>\n<meta property=\"og:locale\" content=\"it_IT\" \/>\n<meta property=\"og:type\" content=\"article\" \/>\n<meta property=\"og:title\" content=\"Euphrynichus bacilliferAracnide da terrario | MegaPets\" \/>\n<meta property=\"og:description\" content=\"Dimensioni target degli individui: circa 8 cm  Giovani offerti: 1-2 cm  Il prezzo \u00e8 per: 1 pezzi\" \/>\n<meta property=\"og:url\" content=\"https:\/\/megapets.eu\/it\/altro\/euphrynichus-bacilliferaracnide-da-terrario\/\" \/>\n<meta property=\"og:site_name\" content=\"MegaPets\" \/>\n<meta property=\"article:publisher\" content=\"https:\/\/www.facebook.com\/MegaPets.eu\/\" \/>\n<meta property=\"og:image\" content=\"https:\/\/megapets.eu\/wp-content\/uploads\/2024\/10\/5-3-1024x683.png\" \/>\n\t<meta property=\"og:image:width\" content=\"1024\" \/>\n\t<meta property=\"og:image:height\" content=\"683\" \/>\n\t<meta property=\"og:image:type\" content=\"image\/png\" \/>\n<meta name=\"twitter:card\" content=\"summary_large_image\" \/>\n<meta name=\"twitter:label1\" content=\"Tempo di lettura stimato\" \/>\n\t<meta name=\"twitter:data1\" content=\"2 minuto\" \/>\n<script type=\"application\/ld+json\" class=\"yoast-schema-graph\">{\"@context\":\"https:\/\/schema.org\",\"@graph\":[{\"@type\":\"WebPage\",\"@id\":\"https:\/\/megapets.eu\/it\/altro\/euphrynichus-bacilliferaracnide-da-terrario\/\",\"url\":\"https:\/\/megapets.eu\/it\/altro\/euphrynichus-bacilliferaracnide-da-terrario\/\",\"name\":\"Euphrynichus bacillifer Aracnide da terrario | MegaPets\",\"isPartOf\":{\"@id\":\"https:\/\/megapets.eu\/it\/#website\"},\"primaryImageOfPage\":{\"@id\":\"https:\/\/megapets.eu\/it\/altro\/euphrynichus-bacilliferaracnide-da-terrario\/#primaryimage\"},\"image\":{\"@id\":\"https:\/\/megapets.eu\/it\/altro\/euphrynichus-bacilliferaracnide-da-terrario\/#primaryimage\"},\"thumbnailUrl\":\"https:\/\/megapets.eu\/wp-content\/uploads\/2024\/10\/5-3.png\",\"datePublished\":\"2024-10-06T08:36:06+00:00\",\"breadcrumb\":{\"@id\":\"https:\/\/megapets.eu\/it\/altro\/euphrynichus-bacilliferaracnide-da-terrario\/#breadcrumb\"},\"inLanguage\":\"it-IT\",\"potentialAction\":[{\"@type\":\"ReadAction\",\"target\":[\"https:\/\/megapets.eu\/it\/altro\/euphrynichus-bacilliferaracnide-da-terrario\/\"]}]},{\"@type\":\"ImageObject\",\"inLanguage\":\"it-IT\",\"@id\":\"https:\/\/megapets.eu\/it\/altro\/euphrynichus-bacilliferaracnide-da-terrario\/#primaryimage\",\"url\":\"https:\/\/megapets.eu\/wp-content\/uploads\/2024\/10\/5-3.png\",\"contentUrl\":\"https:\/\/megapets.eu\/wp-content\/uploads\/2024\/10\/5-3.png\",\"width\":3390,\"height\":2260},{\"@type\":\"BreadcrumbList\",\"@id\":\"https:\/\/megapets.eu\/it\/altro\/euphrynichus-bacilliferaracnide-da-terrario\/#breadcrumb\",\"itemListElement\":[{\"@type\":\"ListItem\",\"position\":1,\"name\":\"Strona g\u0142\u00f3wna\",\"item\":\"https:\/\/megapets.eu\/it\/\"},{\"@type\":\"ListItem\",\"position\":2,\"name\":\"Negozio\",\"item\":\"https:\/\/megapets.eu\/it\/negozio\/\"},{\"@type\":\"ListItem\",\"position\":3,\"name\":\"Euphrynichus bacilliferAracnide da terrario\"}]},{\"@type\":\"WebSite\",\"@id\":\"https:\/\/megapets.eu\/it\/#website\",\"url\":\"https:\/\/megapets.eu\/it\/\",\"name\":\"Mega Pets\",\"description\":\"Jedna z najwi\u0119kszych hodowli \u015blimak\u00f3w w Europie\",\"publisher\":{\"@id\":\"https:\/\/megapets.eu\/it\/#organization\"},\"alternateName\":\"Mega Pets\",\"potentialAction\":[{\"@type\":\"SearchAction\",\"target\":{\"@type\":\"EntryPoint\",\"urlTemplate\":\"https:\/\/megapets.eu\/it\/?s={search_term_string}\"},\"query-input\":{\"@type\":\"PropertyValueSpecification\",\"valueRequired\":true,\"valueName\":\"search_term_string\"}}],\"inLanguage\":\"it-IT\"},{\"@type\":\"Organization\",\"@id\":\"https:\/\/megapets.eu\/it\/#organization\",\"name\":\"Mega Pets\",\"url\":\"https:\/\/megapets.eu\/it\/\",\"logo\":{\"@type\":\"ImageObject\",\"inLanguage\":\"it-IT\",\"@id\":\"https:\/\/megapets.eu\/it\/#\/schema\/logo\/image\/\",\"url\":\"https:\/\/megapets.eu\/wp-content\/uploads\/2025\/04\/megapets_eu-logo.png\",\"contentUrl\":\"https:\/\/megapets.eu\/wp-content\/uploads\/2025\/04\/megapets_eu-logo.png\",\"width\":2362,\"height\":2362,\"caption\":\"Mega Pets\"},\"image\":{\"@id\":\"https:\/\/megapets.eu\/it\/#\/schema\/logo\/image\/\"},\"sameAs\":[\"https:\/\/www.facebook.com\/MegaPets.eu\/\"]}]}<\/script>\n<!-- \/ Yoast SEO plugin. -->","yoast_head_json":{"title":"Euphrynichus bacilliferAracnide da terrario | MegaPets","robots":{"index":"index","follow":"follow","max-snippet":"max-snippet:-1","max-image-preview":"max-image-preview:large","max-video-preview":"max-video-preview:-1"},"canonical":"https:\/\/megapets.eu\/it\/altro\/euphrynichus-bacilliferaracnide-da-terrario\/","og_locale":"it_IT","og_type":"article","og_title":"Euphrynichus bacilliferAracnide da terrario | MegaPets","og_description":"Dimensioni target degli individui: circa 8 cm  Giovani offerti: 1-2 cm  Il prezzo \u00e8 per: 1 pezzi","og_url":"https:\/\/megapets.eu\/it\/altro\/euphrynichus-bacilliferaracnide-da-terrario\/","og_site_name":"MegaPets","article_publisher":"https:\/\/www.facebook.com\/MegaPets.eu\/","og_image":[{"width":1024,"height":683,"url":"https:\/\/megapets.eu\/wp-content\/uploads\/2024\/10\/5-3-1024x683.png","type":"image\/png"}],"twitter_card":"summary_large_image","twitter_misc":{"Tempo di lettura stimato":"2 minuto"},"schema":{"@context":"https:\/\/schema.org","@graph":[{"@type":"WebPage","@id":"https:\/\/megapets.eu\/it\/altro\/euphrynichus-bacilliferaracnide-da-terrario\/","url":"https:\/\/megapets.eu\/it\/altro\/euphrynichus-bacilliferaracnide-da-terrario\/","name":"Euphrynichus bacillifer Aracnide da terrario | MegaPets","isPartOf":{"@id":"https:\/\/megapets.eu\/it\/#website"},"primaryImageOfPage":{"@id":"https:\/\/megapets.eu\/it\/altro\/euphrynichus-bacilliferaracnide-da-terrario\/#primaryimage"},"image":{"@id":"https:\/\/megapets.eu\/it\/altro\/euphrynichus-bacilliferaracnide-da-terrario\/#primaryimage"},"thumbnailUrl":"https:\/\/megapets.eu\/wp-content\/uploads\/2024\/10\/5-3.png","datePublished":"2024-10-06T08:36:06+00:00","breadcrumb":{"@id":"https:\/\/megapets.eu\/it\/altro\/euphrynichus-bacilliferaracnide-da-terrario\/#breadcrumb"},"inLanguage":"it-IT","potentialAction":[{"@type":"ReadAction","target":["https:\/\/megapets.eu\/it\/altro\/euphrynichus-bacilliferaracnide-da-terrario\/"]}]},{"@type":"ImageObject","inLanguage":"it-IT","@id":"https:\/\/megapets.eu\/it\/altro\/euphrynichus-bacilliferaracnide-da-terrario\/#primaryimage","url":"https:\/\/megapets.eu\/wp-content\/uploads\/2024\/10\/5-3.png","contentUrl":"https:\/\/megapets.eu\/wp-content\/uploads\/2024\/10\/5-3.png","width":3390,"height":2260},{"@type":"BreadcrumbList","@id":"https:\/\/megapets.eu\/it\/altro\/euphrynichus-bacilliferaracnide-da-terrario\/#breadcrumb","itemListElement":[{"@type":"ListItem","position":1,"name":"Strona g\u0142\u00f3wna","item":"https:\/\/megapets.eu\/it\/"},{"@type":"ListItem","position":2,"name":"Negozio","item":"https:\/\/megapets.eu\/it\/negozio\/"},{"@type":"ListItem","position":3,"name":"Euphrynichus bacilliferAracnide da terrario"}]},{"@type":"WebSite","@id":"https:\/\/megapets.eu\/it\/#website","url":"https:\/\/megapets.eu\/it\/","name":"Mega Pets","description":"Jedna z najwi\u0119kszych hodowli \u015blimak\u00f3w w Europie","publisher":{"@id":"https:\/\/megapets.eu\/it\/#organization"},"alternateName":"Mega Pets","potentialAction":[{"@type":"SearchAction","target":{"@type":"EntryPoint","urlTemplate":"https:\/\/megapets.eu\/it\/?s={search_term_string}"},"query-input":{"@type":"PropertyValueSpecification","valueRequired":true,"valueName":"search_term_string"}}],"inLanguage":"it-IT"},{"@type":"Organization","@id":"https:\/\/megapets.eu\/it\/#organization","name":"Mega Pets","url":"https:\/\/megapets.eu\/it\/","logo":{"@type":"ImageObject","inLanguage":"it-IT","@id":"https:\/\/megapets.eu\/it\/#\/schema\/logo\/image\/","url":"https:\/\/megapets.eu\/wp-content\/uploads\/2025\/04\/megapets_eu-logo.png","contentUrl":"https:\/\/megapets.eu\/wp-content\/uploads\/2025\/04\/megapets_eu-logo.png","width":2362,"height":2362,"caption":"Mega Pets"},"image":{"@id":"https:\/\/megapets.eu\/it\/#\/schema\/logo\/image\/"},"sameAs":["https:\/\/www.facebook.com\/MegaPets.eu\/"]}]}},"_links":{"self":[{"href":"https:\/\/megapets.eu\/it\/wp-json\/wp\/v2\/product\/7392","targetHints":{"allow":["GET"]}}],"collection":[{"href":"https:\/\/megapets.eu\/it\/wp-json\/wp\/v2\/product"}],"about":[{"href":"https:\/\/megapets.eu\/it\/wp-json\/wp\/v2\/types\/product"}],"wp:featuredmedia":[{"embeddable":true,"href":"https:\/\/megapets.eu\/it\/wp-json\/wp\/v2\/media\/7393"}],"wp:attachment":[{"href":"https:\/\/megapets.eu\/it\/wp-json\/wp\/v2\/media?parent=7392"}],"wp:term":[{"taxonomy":"product_cat","embeddable":true,"href":"https:\/\/megapets.eu\/it\/wp-json\/wp\/v2\/product_cat?post=7392"},{"taxonomy":"product_tag","embeddable":true,"href":"https:\/\/megapets.eu\/it\/wp-json\/wp\/v2\/product_tag?post=7392"}],"curies":[{"name":"wp","href":"https:\/\/api.w.org\/{rel}","templated":true}]}}