{"id":7404,"date":"2024-10-03T19:32:52","date_gmt":"2024-10-03T19:32:52","guid":{"rendered":"https:\/\/megapets.eu\/senza-categoria\/faunabox-e-starter-kit-per-lallevamento-divipere-coccodrilli-e-isopodi\/"},"modified":"2024-10-03T19:32:52","modified_gmt":"2024-10-03T19:32:52","slug":"faunabox-e-starter-kit-per-lallevamento-divipere-coccodrilli-e-isopodi","status":"publish","type":"product","link":"https:\/\/megapets.eu\/it\/accessori\/faunabox-e-starter-kit-per-lallevamento-divipere-coccodrilli-e-isopodi\/","title":{"rendered":"Faunabox e starter kit per l&#8217;allevamento di<br \/>vipere, coccodrilli e isopodi"},"content":{"rendered":"<p><em><span style=\"color: #424242;\"><strong>Il kit &#8220;Faunabox e starter kit per l&#8217;allevamento di vipere, coccodrilli e isopodi\" comprende:<\/strong><\/span><\/em><\/p>\n<ul>\n<li><span style=\"font-size: 17px; color: #e87020;\"><em><strong>1 pz x Faunabox con buona ventilazione per l&#8217;allevamento di coccodrilli, vipere, isopodi.<\/strong><\/em><\/span><\/li>\n<\/ul>\n<p><em><span style=\"color: #424242; font-size: 15px;\"><strong>I coperchi sono disponibili in diversi colori. Il colore del coperchio viene inviato a caso.<\/strong><\/span><\/em><\/p>\n<p><em><span style=\"color: #424242; font-size: 15px;\"><strong>Dimensioni: 20 x 30 x 21 cm. Capacit\u00e0: 7 L. <\/strong><\/span><\/em><\/p>\n<ul>\n<li><span style=\"color: #e87020; font-size: 17px;\"><em><strong>1 pz x Forest Substrate 1,5 L.<\/strong><\/em><\/span><\/li>\n<\/ul>\n<p><em><span style=\"color: #424242; font-size: 15px;\"><strong>Il Forest Substrate \u00e8 ideale per l&#8217;allevamento di coccodrilli, vipere, isopodi, proscimmie, culanidi, scarafaggi esotici.<\/strong><\/span><\/em><\/p>\n<p><em><span style=\"color: #424242; font-size: 15px;\"><strong>Il substrato \u00e8 umido, sempre appena preparato, quindi consigliato per l&#8217;uso immediato. <\/strong><\/span><\/em><\/p>\n<p><em><span style=\"color: #424242; font-size: 15px;\"><strong>Composizione del substrato (ingredienti trattati termicamente): foglie di quercia secche; foglie di betulla; legno di quercia e faggio in decomposizione; cubetti di quercia e faggio; torba neutra; substrato di cocco; muschio di torba di sfagno.<\/strong><\/span><\/em><\/p>\n<ul>\n<li><span style=\"color: #e87020; font-size: 17px;\"><em><strong>1 pz x Foglie di betulla e quercia essiccate 500 ml.<\/strong><\/em><\/span><\/li>\n<\/ul>\n<p><em><span style=\"color: #424242; font-size: 15px;\"><strong>Trattato termicamente.<\/strong><\/span><\/em><\/p>\n<ul>\n<li><span style=\"color: #e87020; font-size: 17px;\"><em><strong>1 pz x Gammarus macinato 25 g.<\/strong><\/em><\/span><\/li>\n<\/ul>\n<p><em><span style=\"color: #424242; font-size: 15px;\"><strong>Il Gammarus macinato \u00e8 un germe essiccato, ricco di macro e microelementi, una fonte naturale di proteine animali e chitina. Il Gammarus \u00e8 ideale per l&#8217;allevamento di lumache esotiche, vermi, coccodrilli, scarafaggi esotici e altri animali da terrario.<\/strong><\/span><\/em><\/p>\n<ul>\n<li><span style=\"color: #e87020; font-size: 17px;\"><em><strong>1 pz x pezzi di seppia 250 ml.<\/strong><\/em><\/span><\/li>\n<\/ul>\n<p><em><span style=\"color: #424242; font-size: 15px;\"><strong>Osso di seppia 100% naturale, fonte di calcio per gli animali da terrario.<\/strong><\/span><\/em><\/p>\n<ul>\n<li><span style=\"font-size: 17px; color: #e87020;\"><em><strong>1 pz x Muschio di torba di sfagno essiccato 500 ml.<\/strong><\/em><\/span><\/li>\n<\/ul>\n<p><em><span style=\"color: #424242; font-size: 15px;\"><strong>Trattato termicamente<\/strong><\/span><\/em><\/p>\n<ul>\n<li><span style=\"font-size: 17px; color: #e87020;\"><em><strong>1-2 pezzi x Ornamenti decorativi.<\/strong><\/em><\/span><\/li>\n<\/ul>\n<p><em><span style=\"color: #424242; font-size: 15px;\"><strong>L&#8217;aspetto dell&#8217;ornamento \u00e8 scelto a caso.<\/strong><\/span><\/em><\/p>\n<ul>\n<li><em><strong><span style=\"font-size: 17px;\"><span style=\"color: #e87020;\">1 pz x Istruzioni per l&#8217;allevamento.<\/span><\/span><\/strong><\/em><\/li>\n<\/ul>\n","protected":false},"excerpt":{"rendered":"<ul class=\"product_attributes\">\n<li><span style=\"color: #555555;\"><strong>Accessori di base ben scelti<\/strong><\/span><\/li>\n<li><span style=\"color: #555555;\"><strong>Dimensioni: 20 x 30 x 21 cm<\/strong><\/span><\/li>\n<li><span style=\"color: #555555;\"><strong>Capacit\u00e0: 7 L<\/strong><\/span><\/li>\n<\/ul>\n","protected":false},"featured_media":7409,"template":"","meta":{"_acf_changed":false,"_links_to":"","_links_to_target":""},"product_cat":[177],"product_tag":[180,179],"class_list":{"0":"post-7404","1":"product","2":"type-product","3":"status-publish","4":"has-post-thumbnail","6":"product_cat-accessori","7":"product_tag-per-gli-isopodi","8":"product_tag-per-le-astuzie","10":"first","11":"outofstock","12":"shipping-taxable","13":"purchasable","14":"product-type-simple"},"acf":[],"yoast_head":"<!-- This site is optimized with the Yoast SEO plugin v24.9 - https:\/\/yoast.com\/wordpress\/plugins\/seo\/ -->\n<title>Faunabox e starter kit per l&#039;allevamento divipere, coccodrilli e isopodi | MegaPets<\/title>\n<meta name=\"robots\" content=\"index, follow, max-snippet:-1, max-image-preview:large, max-video-preview:-1\" \/>\n<link rel=\"canonical\" href=\"https:\/\/megapets.eu\/it\/accessori\/faunabox-e-starter-kit-per-lallevamento-divipere-coccodrilli-e-isopodi\/\" \/>\n<meta property=\"og:locale\" content=\"it_IT\" \/>\n<meta property=\"og:type\" content=\"article\" \/>\n<meta property=\"og:title\" content=\"Faunabox e starter kit per l&#039;allevamento divipere, coccodrilli e isopodi | MegaPets\" \/>\n<meta property=\"og:description\" content=\"Accessori di base ben scelti  Dimensioni: 20 x 30 x 21 cm  Capacit\u00e0: 7 L\" \/>\n<meta property=\"og:url\" content=\"https:\/\/megapets.eu\/it\/accessori\/faunabox-e-starter-kit-per-lallevamento-divipere-coccodrilli-e-isopodi\/\" \/>\n<meta property=\"og:site_name\" content=\"MegaPets\" \/>\n<meta property=\"article:publisher\" content=\"https:\/\/www.facebook.com\/MegaPets.eu\/\" \/>\n<meta property=\"og:image\" content=\"https:\/\/megapets.eu\/wp-content\/uploads\/2024\/10\/IMG_2723-e1728316392316.jpg\" \/>\n\t<meta property=\"og:image:width\" content=\"1928\" \/>\n\t<meta property=\"og:image:height\" content=\"1327\" \/>\n\t<meta property=\"og:image:type\" content=\"image\/jpeg\" \/>\n<meta name=\"twitter:card\" content=\"summary_large_image\" \/>\n<meta name=\"twitter:label1\" content=\"Tempo di lettura stimato\" \/>\n\t<meta name=\"twitter:data1\" content=\"1 minuto\" \/>\n<script type=\"application\/ld+json\" class=\"yoast-schema-graph\">{\"@context\":\"https:\/\/schema.org\",\"@graph\":[{\"@type\":\"WebPage\",\"@id\":\"https:\/\/megapets.eu\/it\/accessori\/faunabox-e-starter-kit-per-lallevamento-divipere-coccodrilli-e-isopodi\/\",\"url\":\"https:\/\/megapets.eu\/it\/accessori\/faunabox-e-starter-kit-per-lallevamento-divipere-coccodrilli-e-isopodi\/\",\"name\":\"Faunabox e starter kit per l'allevamento di vipere, coccodrilli e isopodi | MegaPets\",\"isPartOf\":{\"@id\":\"https:\/\/megapets.eu\/it\/#website\"},\"primaryImageOfPage\":{\"@id\":\"https:\/\/megapets.eu\/it\/accessori\/faunabox-e-starter-kit-per-lallevamento-divipere-coccodrilli-e-isopodi\/#primaryimage\"},\"image\":{\"@id\":\"https:\/\/megapets.eu\/it\/accessori\/faunabox-e-starter-kit-per-lallevamento-divipere-coccodrilli-e-isopodi\/#primaryimage\"},\"thumbnailUrl\":\"https:\/\/megapets.eu\/wp-content\/uploads\/2024\/10\/IMG_2723-e1728316392316.jpg\",\"datePublished\":\"2024-10-03T19:32:52+00:00\",\"breadcrumb\":{\"@id\":\"https:\/\/megapets.eu\/it\/accessori\/faunabox-e-starter-kit-per-lallevamento-divipere-coccodrilli-e-isopodi\/#breadcrumb\"},\"inLanguage\":\"it-IT\",\"potentialAction\":[{\"@type\":\"ReadAction\",\"target\":[\"https:\/\/megapets.eu\/it\/accessori\/faunabox-e-starter-kit-per-lallevamento-divipere-coccodrilli-e-isopodi\/\"]}]},{\"@type\":\"ImageObject\",\"inLanguage\":\"it-IT\",\"@id\":\"https:\/\/megapets.eu\/it\/accessori\/faunabox-e-starter-kit-per-lallevamento-divipere-coccodrilli-e-isopodi\/#primaryimage\",\"url\":\"https:\/\/megapets.eu\/wp-content\/uploads\/2024\/10\/IMG_2723-e1728316392316.jpg\",\"contentUrl\":\"https:\/\/megapets.eu\/wp-content\/uploads\/2024\/10\/IMG_2723-e1728316392316.jpg\",\"width\":1928,\"height\":1327},{\"@type\":\"BreadcrumbList\",\"@id\":\"https:\/\/megapets.eu\/it\/accessori\/faunabox-e-starter-kit-per-lallevamento-divipere-coccodrilli-e-isopodi\/#breadcrumb\",\"itemListElement\":[{\"@type\":\"ListItem\",\"position\":1,\"name\":\"Strona g\u0142\u00f3wna\",\"item\":\"https:\/\/megapets.eu\/it\/\"},{\"@type\":\"ListItem\",\"position\":2,\"name\":\"Negozio\",\"item\":\"https:\/\/megapets.eu\/it\/negozio\/\"},{\"@type\":\"ListItem\",\"position\":3,\"name\":\"Faunabox e starter kit per l&#8217;allevamento divipere, coccodrilli e isopodi\"}]},{\"@type\":\"WebSite\",\"@id\":\"https:\/\/megapets.eu\/it\/#website\",\"url\":\"https:\/\/megapets.eu\/it\/\",\"name\":\"Mega Pets\",\"description\":\"Jedna z najwi\u0119kszych hodowli \u015blimak\u00f3w w Europie\",\"publisher\":{\"@id\":\"https:\/\/megapets.eu\/it\/#organization\"},\"alternateName\":\"Mega Pets\",\"potentialAction\":[{\"@type\":\"SearchAction\",\"target\":{\"@type\":\"EntryPoint\",\"urlTemplate\":\"https:\/\/megapets.eu\/it\/?s={search_term_string}\"},\"query-input\":{\"@type\":\"PropertyValueSpecification\",\"valueRequired\":true,\"valueName\":\"search_term_string\"}}],\"inLanguage\":\"it-IT\"},{\"@type\":\"Organization\",\"@id\":\"https:\/\/megapets.eu\/it\/#organization\",\"name\":\"Mega Pets\",\"url\":\"https:\/\/megapets.eu\/it\/\",\"logo\":{\"@type\":\"ImageObject\",\"inLanguage\":\"it-IT\",\"@id\":\"https:\/\/megapets.eu\/it\/#\/schema\/logo\/image\/\",\"url\":\"https:\/\/megapets.eu\/wp-content\/uploads\/2025\/04\/megapets_eu-logo.png\",\"contentUrl\":\"https:\/\/megapets.eu\/wp-content\/uploads\/2025\/04\/megapets_eu-logo.png\",\"width\":2362,\"height\":2362,\"caption\":\"Mega Pets\"},\"image\":{\"@id\":\"https:\/\/megapets.eu\/it\/#\/schema\/logo\/image\/\"},\"sameAs\":[\"https:\/\/www.facebook.com\/MegaPets.eu\/\"]}]}<\/script>\n<!-- \/ Yoast SEO plugin. -->","yoast_head_json":{"title":"Faunabox e starter kit per l'allevamento divipere, coccodrilli e isopodi | MegaPets","robots":{"index":"index","follow":"follow","max-snippet":"max-snippet:-1","max-image-preview":"max-image-preview:large","max-video-preview":"max-video-preview:-1"},"canonical":"https:\/\/megapets.eu\/it\/accessori\/faunabox-e-starter-kit-per-lallevamento-divipere-coccodrilli-e-isopodi\/","og_locale":"it_IT","og_type":"article","og_title":"Faunabox e starter kit per l'allevamento divipere, coccodrilli e isopodi | MegaPets","og_description":"Accessori di base ben scelti  Dimensioni: 20 x 30 x 21 cm  Capacit\u00e0: 7 L","og_url":"https:\/\/megapets.eu\/it\/accessori\/faunabox-e-starter-kit-per-lallevamento-divipere-coccodrilli-e-isopodi\/","og_site_name":"MegaPets","article_publisher":"https:\/\/www.facebook.com\/MegaPets.eu\/","og_image":[{"width":1928,"height":1327,"url":"https:\/\/megapets.eu\/wp-content\/uploads\/2024\/10\/IMG_2723-e1728316392316.jpg","type":"image\/jpeg"}],"twitter_card":"summary_large_image","twitter_misc":{"Tempo di lettura stimato":"1 minuto"},"schema":{"@context":"https:\/\/schema.org","@graph":[{"@type":"WebPage","@id":"https:\/\/megapets.eu\/it\/accessori\/faunabox-e-starter-kit-per-lallevamento-divipere-coccodrilli-e-isopodi\/","url":"https:\/\/megapets.eu\/it\/accessori\/faunabox-e-starter-kit-per-lallevamento-divipere-coccodrilli-e-isopodi\/","name":"Faunabox e starter kit per l'allevamento di vipere, coccodrilli e isopodi | MegaPets","isPartOf":{"@id":"https:\/\/megapets.eu\/it\/#website"},"primaryImageOfPage":{"@id":"https:\/\/megapets.eu\/it\/accessori\/faunabox-e-starter-kit-per-lallevamento-divipere-coccodrilli-e-isopodi\/#primaryimage"},"image":{"@id":"https:\/\/megapets.eu\/it\/accessori\/faunabox-e-starter-kit-per-lallevamento-divipere-coccodrilli-e-isopodi\/#primaryimage"},"thumbnailUrl":"https:\/\/megapets.eu\/wp-content\/uploads\/2024\/10\/IMG_2723-e1728316392316.jpg","datePublished":"2024-10-03T19:32:52+00:00","breadcrumb":{"@id":"https:\/\/megapets.eu\/it\/accessori\/faunabox-e-starter-kit-per-lallevamento-divipere-coccodrilli-e-isopodi\/#breadcrumb"},"inLanguage":"it-IT","potentialAction":[{"@type":"ReadAction","target":["https:\/\/megapets.eu\/it\/accessori\/faunabox-e-starter-kit-per-lallevamento-divipere-coccodrilli-e-isopodi\/"]}]},{"@type":"ImageObject","inLanguage":"it-IT","@id":"https:\/\/megapets.eu\/it\/accessori\/faunabox-e-starter-kit-per-lallevamento-divipere-coccodrilli-e-isopodi\/#primaryimage","url":"https:\/\/megapets.eu\/wp-content\/uploads\/2024\/10\/IMG_2723-e1728316392316.jpg","contentUrl":"https:\/\/megapets.eu\/wp-content\/uploads\/2024\/10\/IMG_2723-e1728316392316.jpg","width":1928,"height":1327},{"@type":"BreadcrumbList","@id":"https:\/\/megapets.eu\/it\/accessori\/faunabox-e-starter-kit-per-lallevamento-divipere-coccodrilli-e-isopodi\/#breadcrumb","itemListElement":[{"@type":"ListItem","position":1,"name":"Strona g\u0142\u00f3wna","item":"https:\/\/megapets.eu\/it\/"},{"@type":"ListItem","position":2,"name":"Negozio","item":"https:\/\/megapets.eu\/it\/negozio\/"},{"@type":"ListItem","position":3,"name":"Faunabox e starter kit per l&#8217;allevamento divipere, coccodrilli e isopodi"}]},{"@type":"WebSite","@id":"https:\/\/megapets.eu\/it\/#website","url":"https:\/\/megapets.eu\/it\/","name":"Mega Pets","description":"Jedna z najwi\u0119kszych hodowli \u015blimak\u00f3w w Europie","publisher":{"@id":"https:\/\/megapets.eu\/it\/#organization"},"alternateName":"Mega Pets","potentialAction":[{"@type":"SearchAction","target":{"@type":"EntryPoint","urlTemplate":"https:\/\/megapets.eu\/it\/?s={search_term_string}"},"query-input":{"@type":"PropertyValueSpecification","valueRequired":true,"valueName":"search_term_string"}}],"inLanguage":"it-IT"},{"@type":"Organization","@id":"https:\/\/megapets.eu\/it\/#organization","name":"Mega Pets","url":"https:\/\/megapets.eu\/it\/","logo":{"@type":"ImageObject","inLanguage":"it-IT","@id":"https:\/\/megapets.eu\/it\/#\/schema\/logo\/image\/","url":"https:\/\/megapets.eu\/wp-content\/uploads\/2025\/04\/megapets_eu-logo.png","contentUrl":"https:\/\/megapets.eu\/wp-content\/uploads\/2025\/04\/megapets_eu-logo.png","width":2362,"height":2362,"caption":"Mega Pets"},"image":{"@id":"https:\/\/megapets.eu\/it\/#\/schema\/logo\/image\/"},"sameAs":["https:\/\/www.facebook.com\/MegaPets.eu\/"]}]}},"_links":{"self":[{"href":"https:\/\/megapets.eu\/it\/wp-json\/wp\/v2\/product\/7404","targetHints":{"allow":["GET"]}}],"collection":[{"href":"https:\/\/megapets.eu\/it\/wp-json\/wp\/v2\/product"}],"about":[{"href":"https:\/\/megapets.eu\/it\/wp-json\/wp\/v2\/types\/product"}],"wp:featuredmedia":[{"embeddable":true,"href":"https:\/\/megapets.eu\/it\/wp-json\/wp\/v2\/media\/7409"}],"wp:attachment":[{"href":"https:\/\/megapets.eu\/it\/wp-json\/wp\/v2\/media?parent=7404"}],"wp:term":[{"taxonomy":"product_cat","embeddable":true,"href":"https:\/\/megapets.eu\/it\/wp-json\/wp\/v2\/product_cat?post=7404"},{"taxonomy":"product_tag","embeddable":true,"href":"https:\/\/megapets.eu\/it\/wp-json\/wp\/v2\/product_tag?post=7404"}],"curies":[{"name":"wp","href":"https:\/\/api.w.org\/{rel}","templated":true}]}}