{"id":7446,"date":"2024-10-04T07:54:58","date_gmt":"2024-10-04T07:54:58","guid":{"rendered":"https:\/\/megapets.eu\/senza-categoria\/confezione-gammarusgermi-essiccati-macinati-25-g\/"},"modified":"2024-10-04T07:54:58","modified_gmt":"2024-10-04T07:54:58","slug":"confezione-gammarusgermi-essiccati-macinati-25-g","status":"publish","type":"product","link":"https:\/\/megapets.eu\/it\/accessori\/confezione-gammarusgermi-essiccati-macinati-25-g\/","title":{"rendered":"Confezione &#8216;Gammarus&#8217;<br \/>germi essiccati macinati 25 g"},"content":{"rendered":"<p><strong><span style=\"color: #e87020; font-size: 15px;\"><em>Confezione &#8220;Gammarus\" germi essiccati macinati 25 g<\/em><\/span><\/strong><\/p>\n<p><strong><span style=\"color: #e87020; font-size: 15px;\"><em>Una confezione contiene 25 g di gammarus macinati.<\/em><\/span><\/strong><\/p>\n<p><strong><span style=\"color: #e87020; font-size: 15px;\"><em>Composizione: Germi essiccati 100% naturali.<\/em><\/span><\/strong><\/p>\n<p><strong><span style=\"color: #e87020; font-size: 15px;\"><em>Il prezzo si intende per 1 confezione.<\/em><\/span><\/strong><\/p>\n<p><em><span style=\"color: #424242;\"><strong><span style=\"font-size: 15px;\">Il gammarus macinato \u00e8 un germe essiccato, ricco di macro e microelementi, una fonte naturale di proteine animali e chitina. Il gammarus \u00e8 ideale per allevare non solo lumache esotiche, ma anche altri animali da terrario, come vermi, coccodrilli, scarafaggi esotici, ecc. <\/span><\/strong><\/span><\/em><em><span style=\"color: #424242;\"><strong><span style=\"font-size: 15px;\">Il gammarus macinato \u00e8 facile da assumere e da dosare in porzioni per l&#8217;animale domestico.<\/span><\/strong><\/span><\/em><\/p>\n<p><em><span style=\"color: #424242;\"><strong><span style=\"font-size: 15px;\">Dosaggio: cospargi leggermente il gammarus macinato su una parte del cibo da somministrare. Se il tuo animale \u00e8 una lumaca esotica, non \u00e8 consigliabile somministrare le proteine animali pi\u00f9 di una volta alla settimana. Alla prossima somministrazione, \u00e8 meglio smettere di somministrare il gammarus e offrire al tuo animale altri tipi di integratori, ad esempio il mix di cereali &#8220;Proteine &amp; Vitamine\" o il &#8220;Mix di erbe esotiche\".<\/span><\/strong><\/span><\/em><\/p>\n<p><em><span style=\"color: #424242;\"><strong><span style=\"font-size: 15px;\">Ti consigliamo integratori in grado di soddisfare il fabbisogno di preziosi nutrienti anche delle specie pi\u00f9 esigenti: &#8220;Proteine &amp; Vitamine\", Miscela di erbe esotiche, gammarus macinato. Si consiglia di utilizzare gli integratori alternativamente, in modo che la dieta del tuo animale rimanga varia e completa.<\/span><\/strong><\/span><\/em><\/p>\n","protected":false},"excerpt":{"rendered":"<ul class=\"product_attributes\">\n<li><span style=\"color: #555555;\">Ingredienti:<\/span> 100% germi naturali<\/li>\n<li><span style=\"color: #555555;\">La confezione include:<\/span> 25 g<\/li>\n<li><span style=\"color: #555555;\">Il prezzo si applica a:<\/span> 1 confezione.<\/li>\n<\/ul>\n","protected":false},"featured_media":7448,"template":"","meta":{"_acf_changed":false,"_links_to":"","_links_to_target":""},"product_cat":[177],"product_tag":[180,181,179,178],"class_list":{"0":"post-7446","1":"product","2":"type-product","3":"status-publish","4":"has-post-thumbnail","6":"product_cat-accessori","7":"product_tag-per-gli-isopodi","8":"product_tag-per-gli-scarafaggi","9":"product_tag-per-le-astuzie","10":"product_tag-per-le-lumache","12":"first","13":"instock","14":"shipping-taxable","15":"purchasable","16":"product-type-simple"},"acf":[],"yoast_head":"<!-- This site is optimized with the Yoast SEO plugin v24.9 - https:\/\/yoast.com\/wordpress\/plugins\/seo\/ -->\n<title>Confezione &#039;Gammarus&#039;germi essiccati macinati 25 g | MegaPets<\/title>\n<meta name=\"robots\" content=\"index, follow, max-snippet:-1, max-image-preview:large, max-video-preview:-1\" \/>\n<link rel=\"canonical\" href=\"https:\/\/megapets.eu\/it\/accessori\/confezione-gammarusgermi-essiccati-macinati-25-g\/\" \/>\n<meta property=\"og:locale\" content=\"it_IT\" \/>\n<meta property=\"og:type\" content=\"article\" \/>\n<meta property=\"og:title\" content=\"Confezione &#039;Gammarus&#039;germi essiccati macinati 25 g | MegaPets\" \/>\n<meta property=\"og:description\" content=\"Ingredienti: 100% germi naturali  La confezione include: 25 g  Il prezzo si applica a: 1 confezione.\" \/>\n<meta property=\"og:url\" content=\"https:\/\/megapets.eu\/it\/accessori\/confezione-gammarusgermi-essiccati-macinati-25-g\/\" \/>\n<meta property=\"og:site_name\" content=\"MegaPets\" \/>\n<meta property=\"article:publisher\" content=\"https:\/\/www.facebook.com\/MegaPets.eu\/\" \/>\n<meta property=\"og:image\" content=\"https:\/\/megapets.eu\/wp-content\/uploads\/2024\/10\/IMG_20200808_194545-1024x812.png\" \/>\n\t<meta property=\"og:image:width\" content=\"1024\" \/>\n\t<meta property=\"og:image:height\" content=\"812\" \/>\n\t<meta property=\"og:image:type\" content=\"image\/png\" \/>\n<meta name=\"twitter:card\" content=\"summary_large_image\" \/>\n<meta name=\"twitter:label1\" content=\"Tempo di lettura stimato\" \/>\n\t<meta name=\"twitter:data1\" content=\"1 minuto\" \/>\n<script type=\"application\/ld+json\" class=\"yoast-schema-graph\">{\"@context\":\"https:\/\/schema.org\",\"@graph\":[{\"@type\":\"WebPage\",\"@id\":\"https:\/\/megapets.eu\/it\/accessori\/confezione-gammarusgermi-essiccati-macinati-25-g\/\",\"url\":\"https:\/\/megapets.eu\/it\/accessori\/confezione-gammarusgermi-essiccati-macinati-25-g\/\",\"name\":\"Confezione 'Gammarus' germi essiccati macinati 25 g | MegaPets\",\"isPartOf\":{\"@id\":\"https:\/\/megapets.eu\/it\/#website\"},\"primaryImageOfPage\":{\"@id\":\"https:\/\/megapets.eu\/it\/accessori\/confezione-gammarusgermi-essiccati-macinati-25-g\/#primaryimage\"},\"image\":{\"@id\":\"https:\/\/megapets.eu\/it\/accessori\/confezione-gammarusgermi-essiccati-macinati-25-g\/#primaryimage\"},\"thumbnailUrl\":\"https:\/\/megapets.eu\/wp-content\/uploads\/2024\/10\/IMG_20200808_194545.png\",\"datePublished\":\"2024-10-04T07:54:58+00:00\",\"breadcrumb\":{\"@id\":\"https:\/\/megapets.eu\/it\/accessori\/confezione-gammarusgermi-essiccati-macinati-25-g\/#breadcrumb\"},\"inLanguage\":\"it-IT\",\"potentialAction\":[{\"@type\":\"ReadAction\",\"target\":[\"https:\/\/megapets.eu\/it\/accessori\/confezione-gammarusgermi-essiccati-macinati-25-g\/\"]}]},{\"@type\":\"ImageObject\",\"inLanguage\":\"it-IT\",\"@id\":\"https:\/\/megapets.eu\/it\/accessori\/confezione-gammarusgermi-essiccati-macinati-25-g\/#primaryimage\",\"url\":\"https:\/\/megapets.eu\/wp-content\/uploads\/2024\/10\/IMG_20200808_194545.png\",\"contentUrl\":\"https:\/\/megapets.eu\/wp-content\/uploads\/2024\/10\/IMG_20200808_194545.png\",\"width\":3068,\"height\":2434},{\"@type\":\"BreadcrumbList\",\"@id\":\"https:\/\/megapets.eu\/it\/accessori\/confezione-gammarusgermi-essiccati-macinati-25-g\/#breadcrumb\",\"itemListElement\":[{\"@type\":\"ListItem\",\"position\":1,\"name\":\"Strona g\u0142\u00f3wna\",\"item\":\"https:\/\/megapets.eu\/it\/\"},{\"@type\":\"ListItem\",\"position\":2,\"name\":\"Negozio\",\"item\":\"https:\/\/megapets.eu\/it\/negozio\/\"},{\"@type\":\"ListItem\",\"position\":3,\"name\":\"Confezione 'Gammarus&#8217;germi essiccati macinati 25 g\"}]},{\"@type\":\"WebSite\",\"@id\":\"https:\/\/megapets.eu\/it\/#website\",\"url\":\"https:\/\/megapets.eu\/it\/\",\"name\":\"Mega Pets\",\"description\":\"Jedna z najwi\u0119kszych hodowli \u015blimak\u00f3w w Europie\",\"publisher\":{\"@id\":\"https:\/\/megapets.eu\/it\/#organization\"},\"alternateName\":\"Mega Pets\",\"potentialAction\":[{\"@type\":\"SearchAction\",\"target\":{\"@type\":\"EntryPoint\",\"urlTemplate\":\"https:\/\/megapets.eu\/it\/?s={search_term_string}\"},\"query-input\":{\"@type\":\"PropertyValueSpecification\",\"valueRequired\":true,\"valueName\":\"search_term_string\"}}],\"inLanguage\":\"it-IT\"},{\"@type\":\"Organization\",\"@id\":\"https:\/\/megapets.eu\/it\/#organization\",\"name\":\"Mega Pets\",\"url\":\"https:\/\/megapets.eu\/it\/\",\"logo\":{\"@type\":\"ImageObject\",\"inLanguage\":\"it-IT\",\"@id\":\"https:\/\/megapets.eu\/it\/#\/schema\/logo\/image\/\",\"url\":\"https:\/\/megapets.eu\/wp-content\/uploads\/2025\/04\/megapets_eu-logo.png\",\"contentUrl\":\"https:\/\/megapets.eu\/wp-content\/uploads\/2025\/04\/megapets_eu-logo.png\",\"width\":2362,\"height\":2362,\"caption\":\"Mega Pets\"},\"image\":{\"@id\":\"https:\/\/megapets.eu\/it\/#\/schema\/logo\/image\/\"},\"sameAs\":[\"https:\/\/www.facebook.com\/MegaPets.eu\/\"]}]}<\/script>\n<!-- \/ Yoast SEO plugin. -->","yoast_head_json":{"title":"Confezione 'Gammarus'germi essiccati macinati 25 g | MegaPets","robots":{"index":"index","follow":"follow","max-snippet":"max-snippet:-1","max-image-preview":"max-image-preview:large","max-video-preview":"max-video-preview:-1"},"canonical":"https:\/\/megapets.eu\/it\/accessori\/confezione-gammarusgermi-essiccati-macinati-25-g\/","og_locale":"it_IT","og_type":"article","og_title":"Confezione 'Gammarus'germi essiccati macinati 25 g | MegaPets","og_description":"Ingredienti: 100% germi naturali  La confezione include: 25 g  Il prezzo si applica a: 1 confezione.","og_url":"https:\/\/megapets.eu\/it\/accessori\/confezione-gammarusgermi-essiccati-macinati-25-g\/","og_site_name":"MegaPets","article_publisher":"https:\/\/www.facebook.com\/MegaPets.eu\/","og_image":[{"width":1024,"height":812,"url":"https:\/\/megapets.eu\/wp-content\/uploads\/2024\/10\/IMG_20200808_194545-1024x812.png","type":"image\/png"}],"twitter_card":"summary_large_image","twitter_misc":{"Tempo di lettura stimato":"1 minuto"},"schema":{"@context":"https:\/\/schema.org","@graph":[{"@type":"WebPage","@id":"https:\/\/megapets.eu\/it\/accessori\/confezione-gammarusgermi-essiccati-macinati-25-g\/","url":"https:\/\/megapets.eu\/it\/accessori\/confezione-gammarusgermi-essiccati-macinati-25-g\/","name":"Confezione 'Gammarus' germi essiccati macinati 25 g | MegaPets","isPartOf":{"@id":"https:\/\/megapets.eu\/it\/#website"},"primaryImageOfPage":{"@id":"https:\/\/megapets.eu\/it\/accessori\/confezione-gammarusgermi-essiccati-macinati-25-g\/#primaryimage"},"image":{"@id":"https:\/\/megapets.eu\/it\/accessori\/confezione-gammarusgermi-essiccati-macinati-25-g\/#primaryimage"},"thumbnailUrl":"https:\/\/megapets.eu\/wp-content\/uploads\/2024\/10\/IMG_20200808_194545.png","datePublished":"2024-10-04T07:54:58+00:00","breadcrumb":{"@id":"https:\/\/megapets.eu\/it\/accessori\/confezione-gammarusgermi-essiccati-macinati-25-g\/#breadcrumb"},"inLanguage":"it-IT","potentialAction":[{"@type":"ReadAction","target":["https:\/\/megapets.eu\/it\/accessori\/confezione-gammarusgermi-essiccati-macinati-25-g\/"]}]},{"@type":"ImageObject","inLanguage":"it-IT","@id":"https:\/\/megapets.eu\/it\/accessori\/confezione-gammarusgermi-essiccati-macinati-25-g\/#primaryimage","url":"https:\/\/megapets.eu\/wp-content\/uploads\/2024\/10\/IMG_20200808_194545.png","contentUrl":"https:\/\/megapets.eu\/wp-content\/uploads\/2024\/10\/IMG_20200808_194545.png","width":3068,"height":2434},{"@type":"BreadcrumbList","@id":"https:\/\/megapets.eu\/it\/accessori\/confezione-gammarusgermi-essiccati-macinati-25-g\/#breadcrumb","itemListElement":[{"@type":"ListItem","position":1,"name":"Strona g\u0142\u00f3wna","item":"https:\/\/megapets.eu\/it\/"},{"@type":"ListItem","position":2,"name":"Negozio","item":"https:\/\/megapets.eu\/it\/negozio\/"},{"@type":"ListItem","position":3,"name":"Confezione 'Gammarus&#8217;germi essiccati macinati 25 g"}]},{"@type":"WebSite","@id":"https:\/\/megapets.eu\/it\/#website","url":"https:\/\/megapets.eu\/it\/","name":"Mega Pets","description":"Jedna z najwi\u0119kszych hodowli \u015blimak\u00f3w w Europie","publisher":{"@id":"https:\/\/megapets.eu\/it\/#organization"},"alternateName":"Mega Pets","potentialAction":[{"@type":"SearchAction","target":{"@type":"EntryPoint","urlTemplate":"https:\/\/megapets.eu\/it\/?s={search_term_string}"},"query-input":{"@type":"PropertyValueSpecification","valueRequired":true,"valueName":"search_term_string"}}],"inLanguage":"it-IT"},{"@type":"Organization","@id":"https:\/\/megapets.eu\/it\/#organization","name":"Mega Pets","url":"https:\/\/megapets.eu\/it\/","logo":{"@type":"ImageObject","inLanguage":"it-IT","@id":"https:\/\/megapets.eu\/it\/#\/schema\/logo\/image\/","url":"https:\/\/megapets.eu\/wp-content\/uploads\/2025\/04\/megapets_eu-logo.png","contentUrl":"https:\/\/megapets.eu\/wp-content\/uploads\/2025\/04\/megapets_eu-logo.png","width":2362,"height":2362,"caption":"Mega Pets"},"image":{"@id":"https:\/\/megapets.eu\/it\/#\/schema\/logo\/image\/"},"sameAs":["https:\/\/www.facebook.com\/MegaPets.eu\/"]}]}},"_links":{"self":[{"href":"https:\/\/megapets.eu\/it\/wp-json\/wp\/v2\/product\/7446","targetHints":{"allow":["GET"]}}],"collection":[{"href":"https:\/\/megapets.eu\/it\/wp-json\/wp\/v2\/product"}],"about":[{"href":"https:\/\/megapets.eu\/it\/wp-json\/wp\/v2\/types\/product"}],"wp:featuredmedia":[{"embeddable":true,"href":"https:\/\/megapets.eu\/it\/wp-json\/wp\/v2\/media\/7448"}],"wp:attachment":[{"href":"https:\/\/megapets.eu\/it\/wp-json\/wp\/v2\/media?parent=7446"}],"wp:term":[{"taxonomy":"product_cat","embeddable":true,"href":"https:\/\/megapets.eu\/it\/wp-json\/wp\/v2\/product_cat?post=7446"},{"taxonomy":"product_tag","embeddable":true,"href":"https:\/\/megapets.eu\/it\/wp-json\/wp\/v2\/product_tag?post=7446"}],"curies":[{"name":"wp","href":"https:\/\/api.w.org\/{rel}","templated":true}]}}